{"id":1108,"date":"2024-09-15T23:03:51","date_gmt":"2024-09-15T20:03:51","guid":{"rendered":"https:\/\/www.onlinemarangoz.com.tr\/Atasehir\/?page_id=1108"},"modified":"2024-09-15T23:03:51","modified_gmt":"2024-09-15T20:03:51","slug":"hakkimizda-marangoz-ustasi","status":"publish","type":"page","link":"https:\/\/www.onlinemarangoz.com.tr\/Atasehir\/hakkimizda-marangoz-ustasi\/","title":{"rendered":"Hakk\u0131m\u0131zda \u2013 Marangoz Ustas\u0131"},"content":{"rendered":"<p><strong><span data-preserver-spaces=\"true\">Hakk\u0131m\u0131zda \u2013 Marangoz Ustas\u0131<\/span><\/strong><\/p>\n<p>Profesyonel yard\u0131ma ihtiya\u00e7 duyan ev sahiplerine birinci s\u0131n\u0131f tamirat hizmetleri sunmaktan gurur duydu\u011fumuz Marangoz Ustas\u0131 &#8216; na ho\u015f geldiniz. Marangoz Ustas\u0131, m\u00fc\u015fteri memnuniyeti, y\u00fcksek kaliteli i\u015f\u00e7ilik ve g\u00fcvenilirli\u011fe odaklanarak mobilya tamiri Mobilya Montaj\u0131, Mobilya Onar\u0131m, sekt\u00f6r\u00fcnde g\u00fcvenilir bir isim haline geldi.<\/p>\n<p><strong>Hikayemiz<\/strong><\/p>\n<p>Marangoz Ustas\u0131, Mobilya Tamiri, Mobilya Onar\u0131m\u0131, yard\u0131m etme konusunda tutkulu, yetenekli ve deneyimli bir tamirci olan Tezcan Usta taraf\u0131ndan kuruldu. Toplulukta g\u00fcvenilir, itibarl\u0131 ve profesyonel tamirci hizmetlerine duyulan ihtiyac\u0131 fark ederek, tam da bunu sa\u011flayabilecek bir hizmet yaratmaya koyuldu. Bug\u00fcn, Tezcan Usta m\u00fc\u015fterilerimize m\u00fcmk\u00fcn olan en iyi hizmeti sunmaya kendini adam\u0131\u015f, kendini i\u015fine adam\u0131\u015f profesyonel bir ekibe d\u00f6n\u00fc\u015ft\u00fc.<\/p>\n<p><strong>Misyonumuz<\/strong><\/p>\n<p>Marangoz Ustas\u0131 misyonumuz, \u00e7ok \u00e7e\u015fitli mobilya tamir bak\u0131m ve onar\u0131m, ihtiya\u00e7lar\u0131n\u0131 kar\u015f\u0131layan e\u015fsiz tamirci hizmetleri sunarak m\u00fc\u015fterilerimizin beklentilerini s\u00fcrekli a\u015fmakt\u0131r. Ayr\u0131ca, istisnai i\u015f\u00e7ilik ve ola\u011fan\u00fcst\u00fc m\u00fc\u015fteri hizmetiyle m\u00fc\u015fterilerimizin memnuniyetini sa\u011flayarak onlarla uzun s\u00fcreli ili\u015fkiler kurmaya \u00e7al\u0131\u015f\u0131yoruz.<\/p>\n<p><strong>De\u011ferlerimiz<\/strong><\/p>\n<p><strong>D\u00fcr\u00fcstl\u00fck <\/strong>:\u00a0\u00a0Marangoz Ustas\u0131 &#8216;da kendimizi en y\u00fcksek etik standartlara ba\u011fl\u0131 tutuyoruz. D\u00fcr\u00fcst ileti\u015fime, \u015feffaf fiyatland\u0131rmaya ve s\u00f6zlerimizi yerine getirmeye inan\u0131yoruz.<\/p>\n<p><strong>Kalite <\/strong>:\u00a0\u00a0\u0130\u015fimizle gurur duyuyoruz ve kaliteden asla \u00f6d\u00fcn vermiyoruz. Ustalar\u0131m\u0131z yetenekli, deneyimli ve zaman\u0131n testinden ge\u00e7en en \u00fcst d\u00fczey hizmetleri sunmaya kararl\u0131d\u0131r.<\/p>\n<p><strong>G\u00fcvenilirlik <\/strong>:\u00a0\u00a0Dakiklik ve g\u00fcvenilirli\u011fin \u00f6nemini anl\u0131yoruz. Ekibimiz zaman\u0131nda gelmeye, verimli \u00e7al\u0131\u015fmaya ve g\u00f6revleri kararla\u015ft\u0131r\u0131lan zaman dilimi i\u00e7inde tamamlamaya kararl\u0131d\u0131r.<\/p>\n<p><strong>M\u00fc\u015fteri Memnuniyeti <\/strong>:\u00a0\u00a0M\u00fc\u015fterilerimizi her \u015feyden \u00f6nce tutuyoruz ve hizmetlerimizden tam memnuniyetlerini sa\u011flamaya kendimizi adad\u0131k. \u0130htiya\u00e7lar\u0131n\u0131 dinliyor, endi\u015felerini ele al\u0131yor ve beklentileri a\u015fmak i\u00e7in \u00f6zenle \u00e7al\u0131\u015f\u0131yoruz.<\/p>\n<p><strong>Ekibimiz<\/strong><\/p>\n<p>Marangoz Ustas\u0131&#8217; n\u0131n ba\u015far\u0131s\u0131 yetenekli ekibimizin s\u0131k\u0131 \u00e7al\u0131\u015fmas\u0131 ve \u00f6zverisi \u00fczerine kuruludur. Her bir tamircimiz deneyimlerine, becerilerine ve profesyonelliklerine g\u00f6re dikkatlice se\u00e7ilir. Ayr\u0131ca, ekip \u00fcyelerimizin sekt\u00f6r\u00fcn en iyi uygulamalar\u0131 ve standartlar\u0131yla g\u00fcncel oldu\u011fundan emin olmak i\u00e7in kapsaml\u0131 ge\u00e7mi\u015f kontrolleri yapar ve s\u00fcrekli e\u011fitim sa\u011flar\u0131z.<\/p>\n<p><strong>Neden Marangoz Ustas\u0131&#8217; n\u0131 Se\u00e7melisiniz?<\/strong><\/p>\n<p>Marangoz Ustas\u0131 &#8216;n\u0131 se\u00e7ti\u011finizde, zaman\u0131n\u0131za, evinize ve memnuniyetinize de\u011fer veren bir zahmetsiz ve keyifli hale getiren ola\u011fan\u00fcst\u00fc hizmetler sunmaya kararl\u0131y\u0131z. Deneyimli ekibimiz, rekabet\u00e7i fiyatland\u0131rmam\u0131z ve m\u00fc\u015fteri memnuniyetine olan ba\u011fl\u0131l\u0131\u011f\u0131m\u0131zla Marangoz Ustas\u0131, t\u00fcm tamirci ihtiya\u00e7lar\u0131n\u0131z i\u00e7in ak\u0131ll\u0131ca bir se\u00e7imdir.<\/p>\n\n\n<div class=\"kk-star-ratings kksr-auto kksr-align-left kksr-valign-bottom\"\n    data-payload='{&quot;align&quot;:&quot;left&quot;,&quot;id&quot;:&quot;1108&quot;,&quot;slug&quot;:&quot;default&quot;,&quot;valign&quot;:&quot;bottom&quot;,&quot;ignore&quot;:&quot;&quot;,&quot;reference&quot;:&quot;auto&quot;,&quot;class&quot;:&quot;&quot;,&quot;count&quot;:&quot;3&quot;,&quot;legendonly&quot;:&quot;&quot;,&quot;readonly&quot;:&quot;&quot;,&quot;score&quot;:&quot;5&quot;,&quot;starsonly&quot;:&quot;&quot;,&quot;best&quot;:&quot;5&quot;,&quot;gap&quot;:&quot;5&quot;,&quot;greet&quot;:&quot;Ata\u015fehir Marangoz Ustas\u0131&quot;,&quot;legend&quot;:&quot;5\\\/5 - 3 Ata\u015fehir Mobilya Tamircisi&quot;,&quot;size&quot;:&quot;24&quot;,&quot;title&quot;:&quot;Hakk\u0131m\u0131zda \u2013 Marangoz Ustas\u0131&quot;,&quot;width&quot;:&quot;142.5&quot;,&quot;_legend&quot;:&quot;{score}\\\/{best} - {count} Ata\u015fehir Mobilya Tamircisi&quot;,&quot;font_factor&quot;:&quot;1.25&quot;}'>\n            \n<div class=\"kksr-stars\">\n    \n<div class=\"kksr-stars-inactive\">\n            <div class=\"kksr-star\" data-star=\"1\" style=\"padding-right: 5px\">\n            \n\n<div class=\"kksr-icon\" style=\"width: 24px; height: 24px;\"><\/div>\n        <\/div>\n            <div class=\"kksr-star\" data-star=\"2\" style=\"padding-right: 5px\">\n            \n\n<div class=\"kksr-icon\" style=\"width: 24px; height: 24px;\"><\/div>\n        <\/div>\n            <div class=\"kksr-star\" data-star=\"3\" style=\"padding-right: 5px\">\n            \n\n<div class=\"kksr-icon\" style=\"width: 24px; height: 24px;\"><\/div>\n        <\/div>\n            <div class=\"kksr-star\" data-star=\"4\" style=\"padding-right: 5px\">\n            \n\n<div class=\"kksr-icon\" style=\"width: 24px; height: 24px;\"><\/div>\n        <\/div>\n            <div class=\"kksr-star\" data-star=\"5\" style=\"padding-right: 5px\">\n            \n\n<div class=\"kksr-icon\" style=\"width: 24px; height: 24px;\"><\/div>\n        <\/div>\n    <\/div>\n    \n<div class=\"kksr-stars-active\" style=\"width: 142.5px;\">\n            <div class=\"kksr-star\" style=\"padding-right: 5px\">\n            \n\n<div class=\"kksr-icon\" style=\"width: 24px; height: 24px;\"><\/div>\n        <\/div>\n            <div class=\"kksr-star\" style=\"padding-right: 5px\">\n            \n\n<div class=\"kksr-icon\" style=\"width: 24px; height: 24px;\"><\/div>\n        <\/div>\n            <div class=\"kksr-star\" style=\"padding-right: 5px\">\n            \n\n<div class=\"kksr-icon\" style=\"width: 24px; height: 24px;\"><\/div>\n        <\/div>\n            <div class=\"kksr-star\" style=\"padding-right: 5px\">\n            \n\n<div class=\"kksr-icon\" style=\"width: 24px; height: 24px;\"><\/div>\n        <\/div>\n            <div class=\"kksr-star\" style=\"padding-right: 5px\">\n            \n\n<div class=\"kksr-icon\" style=\"width: 24px; height: 24px;\"><\/div>\n        <\/div>\n    <\/div>\n<\/div>\n                \n\n<div class=\"kksr-legend\" style=\"font-size: 19.2px;\">\n            5\/5 - 3 Ata\u015fehir Mobilya Tamircisi    <\/div>\n    <\/div>\n","protected":false},"excerpt":{"rendered":"<p>Hakk\u0131m\u0131zda \u2013 Marangoz Ustas\u0131 Profesyonel yard\u0131ma ihtiya\u00e7 duyan ev sahiplerine birinci s\u0131n\u0131f tamirat hizmetleri sunmaktan gurur duydu\u011fumuz Marangoz Ustas\u0131 &#8216; na ho\u015f geldiniz. Marangoz Ustas\u0131, m\u00fc\u015fteri memnuniyeti, y\u00fcksek kaliteli i\u015f\u00e7ilik ve g\u00fcvenilirli\u011fe odaklanarak mobilya tamiri Mobilya Montaj\u0131, Mobilya Onar\u0131m, sekt\u00f6r\u00fcnde g\u00fcvenilir bir isim haline geldi. Hikayemiz Marangoz Ustas\u0131, Mobilya Tamiri, Mobilya Onar\u0131m\u0131, yard\u0131m etme konusunda tutkulu, yetenekli ve deneyimli bir tamirci olan Tezcan Usta taraf\u0131ndan kuruldu. Toplulukta g\u00fcvenilir, itibarl\u0131 ve profesyonel tamirci hizmetlerine duyulan ihtiyac\u0131 fark ederek, tam da bunu sa\u011flayabilecek bir hizmet yaratmaya koyuldu. Bug\u00fcn, Tezcan Usta m\u00fc\u015fterilerimize m\u00fcmk\u00fcn olan en iyi hizmeti sunmaya kendini adam\u0131\u015f, kendini i\u015fine adam\u0131\u015f profesyonel bir ekibe d\u00f6n\u00fc\u015ft\u00fc. Misyonumuz Marangoz Ustas\u0131 misyonumuz, \u00e7ok \u00e7e\u015fitli mobilya tamir bak\u0131m ve onar\u0131m, ihtiya\u00e7lar\u0131n\u0131 kar\u015f\u0131layan e\u015fsiz tamirci hizmetleri sunarak m\u00fc\u015fterilerimizin beklentilerini s\u00fcrekli a\u015fmakt\u0131r. Ayr\u0131ca, istisnai i\u015f\u00e7ilik ve ola\u011fan\u00fcst\u00fc m\u00fc\u015fteri hizmetiyle m\u00fc\u015fterilerimizin memnuniyetini sa\u011flayarak onlarla uzun s\u00fcreli ili\u015fkiler kurmaya \u00e7al\u0131\u015f\u0131yoruz. De\u011ferlerimiz D\u00fcr\u00fcstl\u00fck :\u00a0\u00a0Marangoz Ustas\u0131 &#8216;da kendimizi en y\u00fcksek etik standartlara ba\u011fl\u0131 tutuyoruz. D\u00fcr\u00fcst ileti\u015fime, \u015feffaf fiyatland\u0131rmaya ve s\u00f6zlerimizi yerine&#8230; <a class=\"di-continue-reading\" href=\"https:\/\/www.onlinemarangoz.com.tr\/Atasehir\/hakkimizda-marangoz-ustasi\/\"> Continue Reading&#8230;<\/a><\/p>\n","protected":false},"author":1,"featured_media":0,"parent":0,"menu_order":4,"comment_status":"closed","ping_status":"closed","template":"","meta":{"footnotes":""},"categories":[1],"tags":[836],"class_list":["post-1108","page","type-page","status-publish","hentry","category-atasehir-online-marangoz","tag-hakkimizda-marangoz-ustasi"],"_links":{"self":[{"href":"https:\/\/www.onlinemarangoz.com.tr\/Atasehir\/wp-json\/wp\/v2\/pages\/1108","targetHints":{"allow":["GET"]}}],"collection":[{"href":"https:\/\/www.onlinemarangoz.com.tr\/Atasehir\/wp-json\/wp\/v2\/pages"}],"about":[{"href":"https:\/\/www.onlinemarangoz.com.tr\/Atasehir\/wp-json\/wp\/v2\/types\/page"}],"author":[{"embeddable":true,"href":"https:\/\/www.onlinemarangoz.com.tr\/Atasehir\/wp-json\/wp\/v2\/users\/1"}],"replies":[{"embeddable":true,"href":"https:\/\/www.onlinemarangoz.com.tr\/Atasehir\/wp-json\/wp\/v2\/comments?post=1108"}],"version-history":[{"count":0,"href":"https:\/\/www.onlinemarangoz.com.tr\/Atasehir\/wp-json\/wp\/v2\/pages\/1108\/revisions"}],"wp:attachment":[{"href":"https:\/\/www.onlinemarangoz.com.tr\/Atasehir\/wp-json\/wp\/v2\/media?parent=1108"}],"wp:term":[{"taxonomy":"category","embeddable":true,"href":"https:\/\/www.onlinemarangoz.com.tr\/Atasehir\/wp-json\/wp\/v2\/categories?post=1108"},{"taxonomy":"post_tag","embeddable":true,"href":"https:\/\/www.onlinemarangoz.com.tr\/Atasehir\/wp-json\/wp\/v2\/tags?post=1108"}],"curies":[{"name":"wp","href":"https:\/\/api.w.org\/{rel}","templated":true}]}}