{"id":1386,"date":"2024-09-27T02:07:06","date_gmt":"2024-09-26T23:07:06","guid":{"rendered":"https:\/\/www.onlinemarangoz.com.tr\/Atasehir\/?page_id=1386"},"modified":"2024-11-09T19:10:47","modified_gmt":"2024-11-09T16:10:47","slug":"ic-oda-kapisi-tamir-ettirmeli-misiniz-yoksa-degistirmeli-misiniz","status":"publish","type":"page","link":"https:\/\/www.onlinemarangoz.com.tr\/Atasehir\/ic-oda-kapisi-tamir-ettirmeli-misiniz-yoksa-degistirmeli-misiniz\/","title":{"rendered":"\u0130\u00e7 oda kap\u0131s\u0131 tamir ettirmeli misiniz yoksa de\u011fi\u015ftirmeli misiniz?"},"content":{"rendered":"<p>\u00d6n kap\u0131n\u0131z genellikle en \u00e7ok ilgiyi g\u00f6rse de, kaliteli i\u00e7 kap\u0131lar\u0131n\u00a0de\u011ferini de anlamak \u00f6nemlidir\u00a0. Giri\u015f kap\u0131n\u0131z g\u00fcr\u00fclt\u00fc ve d\u0131\u015f etkenler gibi \u015feylere kar\u015f\u0131 koruma sa\u011flad\u0131\u011f\u0131 gibi, i\u00e7 kap\u0131lar\u0131n\u0131z da her oday\u0131 \u00f6zel ve konforlu hale getirmek i\u00e7in \u00e7al\u0131\u015f\u0131r. T\u00fcm kap\u0131lar g\u00fcnl\u00fck kullan\u0131ma dayan\u0131r, bu da a\u015f\u0131nma ve y\u0131pranman\u0131n ka\u00e7\u0131n\u0131lmaz oldu\u011fu anlam\u0131na gelir. Evcil hayvanlar ve k\u00fc\u00e7\u00fck \u00e7ocuklar da kap\u0131n\u0131n ve kulplar\u0131n g\u00f6r\u00fcn\u00fcm\u00fcn\u00fc bozabilir. Bir\u00e7ok ki\u015finin akl\u0131ndaki soru, i\u00e7 oda kap\u0131y\u0131 tamir ettirmeleri mi yoksa de\u011fi\u015ftirmeleri\u00a0mi gerekti\u011fidir . Bu sorunun do\u011fru veya yanl\u0131\u015f bir cevab\u0131 yoktur. Bu, ki\u015fisel tercihlerinizle ilgilidir.<\/p>\n<h2>\u0130\u00e7 oda kap\u0131s\u0131 tamir ettirmeli misiniz yoksa de\u011fi\u015ftirmeli misiniz?<\/h2>\n<p>\u0130\u00e7 oda kap\u0131 tamiri, Kap\u0131n\u0131zda risk te\u015fkil eden bir \u015fey varsa o zaman m\u00fcmk\u00fcn olan en k\u0131sa s\u00fcrede de\u011fi\u015ftirmek isteyebilirsiniz. Ev tadilat\u0131n\u0131n\u00a0ortas\u0131ndaysan\u0131z\u00a0, biraz daha beklemelisiniz. Evinizdeki di\u011fer i\u015fleri tamamlarken hasarl\u0131 k\u0131sm\u0131 gizlemek i\u00e7in kap\u0131n\u0131zda basit bir yama i\u015fi yap\u0131n. Kap\u0131lar, de\u011fi\u015ftirece\u011finiz son \u015feylerden biri olmal\u0131d\u0131r \u00e7\u00fcnk\u00fc ba\u015fka i\u015fler yap\u0131l\u0131rken hasar g\u00f6rmelerini istemezsiniz. Kap\u0131 ger\u00e7ekten k\u00f6t\u00fc durumdaysa ve d\u00fczg\u00fcn bir \u015fekilde a\u00e7\u0131p kapatam\u0131yorsan\u0131z, \u015fimdilik kald\u0131rabilirsiniz. Tabii ki, biraz mahremiyetinizi kaybetmeyi g\u00f6ze al\u0131yorsan\u0131z. Bu, \u00e7al\u0131\u015fma odalar\u0131 veya ev ofisleri gibi odalar i\u00e7in i\u015fe yarayacakt\u0131r. Ancak banyonuz veya yatak odan\u0131z farkl\u0131 bir hikaye olabilir!<\/p>\n<h3>Kap\u0131 kilit mente\u015fe de\u011fi\u015fimi<\/h3>\n<p>Bazen i\u00e7 oda kap\u0131n\u0131zda bir sorun yoktur, sadece donan\u0131mda sorun vard\u0131r. Bu, yaln\u0131zca etkilenen donan\u0131m\u0131\u00a0de\u011fi\u015ftirmeniz gerekti\u011fi\u00a0ve kap\u0131n\u0131z\u0131n normal haline d\u00f6nece\u011fi anlam\u0131na gelir! Kap\u0131n\u0131z\u0131 incelerken, a\u015f\u0131nm\u0131\u015f ba\u015fka par\u00e7alar olup olmad\u0131\u011f\u0131n\u0131 kontrol edin. \u00d6rne\u011fin, bir mente\u015fe a\u015f\u0131nm\u0131\u015fsa, di\u011ferlerini de kontrol edin.\u00a0Kap\u0131 kolu\u00a0art\u0131k d\u00fczg\u00fcn \u00e7al\u0131\u015fm\u0131yorsa, di\u011fer t\u00fcm \u00e7al\u0131\u015fan par\u00e7alar\u0131 da kontrol edin. T\u0131pk\u0131 kap\u0131lar gibi, donan\u0131mlar\u0131 da \u00e7e\u015fitlilik sunar. Bu nedenle, daha ucuz bir mente\u015fe veya kap\u0131 kolu se\u00e7ebilirsiniz, ancak daha y\u00fcksek kaliteli olanlar kadar uzun \u00f6m\u00fcrl\u00fc olmayacakt\u0131r. Unutmay\u0131n, sorun yaln\u0131zca donan\u0131m\u0131n d\u0131\u015f k\u0131sm\u0131nda kullan\u0131lan malzemelerle ilgili de\u011fil, ayn\u0131 zamanda i\u00e7indekilerle de ilgilidir! D\u00fc\u015f\u00fck kaliteli \u00fcr\u00fcnler daha ucuzdur, ancak kollar\u0131n ve kilitlerin i\u00e7inde daha ucuz malzemeler kullan\u0131rlar. A\u015f\u0131nmaya ve y\u0131pranmaya \u00e7ok daha yatk\u0131nd\u0131rlar, bu da daha s\u0131k de\u011fi\u015ftirilmeleri gerekece\u011fi anlam\u0131na gelir. Daha\u00a0kaliteli donan\u0131ma\u00a0yat\u0131r\u0131m yapt\u0131\u011f\u0131n\u0131zda , zaman testine dayanaca\u011f\u0131ndan emin olabilirsiniz. Dikkat edilmesi gereken bir di\u011fer nokta, farkl\u0131 kap\u0131 kolu ve donan\u0131m t\u00fcrlerinin kap\u0131da farkl\u0131 boyutlarda delikler gerektirmesidir. Bu nedenle, kap\u0131lar\u0131n\u0131za d\u00fczenli olarak delik a\u00e7mak yerine, sizi yar\u0131 yolda b\u0131rakmayacak bir kulpa yat\u0131r\u0131m yapmay\u0131 d\u00fc\u015f\u00fcnebilirsiniz.<\/p>\n<h3>\u0130\u00e7 oda kap\u0131 de\u011fi\u015fimi<\/h3>\n<p>\u0130\u00e7 oda kap\u0131lar\u0131n\u0131z\u0131 tamamen de\u011fi\u015ftirmeniz\u00a0i\u00e7in de bir\u00e7ok neden vard\u0131r\u00a0. En belirgin olan\u0131 hasar veya a\u015f\u0131r\u0131 a\u015f\u0131nmad\u0131r. Kap\u0131lar\u0131n\u0131z eski, y\u0131pranm\u0131\u015fsa ve at\u0131lmas\u0131 gerekiyorsa, o zaman yeni bir \u015fey sat\u0131n alman\u0131n zaman\u0131 geldi! Yeni\u00a0i\u00e7 kap\u0131lara\u00a0yat\u0131r\u0131m yapmak i\u00e7in bir di\u011fer iyi neden de genel tadilatlar yapt\u0131\u011f\u0131n\u0131z ve ortam\u0131n\u0131z\u0131 iyile\u015ftirdi\u011finiz zamand\u0131r. Evinizin zeminlerini yeniden yap\u0131yor, yeniden boyuyor ve \u00e7e\u015fitli armat\u00fcrleri de\u011fi\u015ftiriyorsan\u0131z, kap\u0131lar\u0131n\u0131z\u0131 da de\u011fi\u015ftirmenizde fayda var. Eski kap\u0131lar\u0131n\u0131z odan\u0131n yeni tarz\u0131na veya renk \u015femas\u0131na uymayabilirken, bu yeni g\u00f6r\u00fcn\u00fcme g\u00f6re\u00a0yeni bir kap\u0131\u00a0se\u00e7ilebilir. Hayatlar\u0131na yeni bir bebek kabul edenler i\u00e7in yeni bir yatak odas\u0131 kap\u0131s\u0131 harika bir yat\u0131r\u0131md\u0131r. Mevcut kap\u0131n\u0131z gerekti\u011fi kadar yal\u0131t\u0131m veya ses ge\u00e7irmezlik sa\u011flamayabilir. Bebe\u011finizin huzurlu bir uyku \u00e7ekmesini istiyorsan\u0131z, ona m\u00fcmk\u00fcn oldu\u011funca fazla sessizlik sunman\u0131z en iyisidir.\u00a0Y\u00fcksek kaliteli bir i\u00e7 oda kap\u0131,\u00a0siz her zamanki i\u015flerinizi yaparken sevgili bebe\u011finize \u00e7ok ihtiya\u00e7 duydu\u011fu huzuru ve sessizli\u011fi sa\u011flayacakt\u0131r.<\/p>\n<h3>Kaliteli al\u0131\u015fveri\u015f yap\u0131n<\/h3>\n<p>Giri\u015f kap\u0131n\u0131z gibi, i\u00e7 oda kap\u0131lar da her birka\u00e7 y\u0131lda bir de\u011fi\u015ftirmek isteyece\u011finiz bir \u015fey de\u011fildir. Masraf\u0131n yan\u0131 s\u0131ra, yeni bir kap\u0131 \u00f6l\u00e7meniz, sipari\u015f etmeniz ve takman\u0131z gerekti\u011finde her seferinde son derece elveri\u015fsiz olabilir. En iyi malzemelerden yap\u0131lm\u0131\u015f kaliteli bir i\u00e7 da kap\u0131 , dayan\u0131kl\u0131l\u0131k ve stil a\u00e7\u0131s\u0131ndan zaman testine dayanacakt\u0131r. N\u00f6tr bir renk se\u00e7erseniz, kap\u0131n\u0131z\u0131n odan\u0131n renkleri veya temas\u0131yla \u00e7ak\u0131\u015fmas\u0131 konusunda asla endi\u015felenmenize gerek kalmaz! en iyi i\u00e7 oda kap\u0131 tamiri sunmaktan gurur duyuyoruz. Bug\u00fcn evinizde l\u00fcks tarz\u0131n\u0131n tad\u0131n\u0131 \u00e7\u0131kar\u0131n! Bizimle ileti\u015fime ge\u00e7in \u00dcst\u00fcn kaliteli i\u00e7 oda kap\u0131lar ve i\u00e7 kap\u0131 donan\u0131m tamiri hakk\u0131nda daha fazla bilgi edinmek i\u00e7in bizi aray\u0131n.<\/p>\n\n\n<div class=\"kk-star-ratings kksr-auto kksr-align-left kksr-valign-bottom\"\n    data-payload='{&quot;align&quot;:&quot;left&quot;,&quot;id&quot;:&quot;1386&quot;,&quot;slug&quot;:&quot;default&quot;,&quot;valign&quot;:&quot;bottom&quot;,&quot;ignore&quot;:&quot;&quot;,&quot;reference&quot;:&quot;auto&quot;,&quot;class&quot;:&quot;&quot;,&quot;count&quot;:&quot;0&quot;,&quot;legendonly&quot;:&quot;&quot;,&quot;readonly&quot;:&quot;&quot;,&quot;score&quot;:&quot;0&quot;,&quot;starsonly&quot;:&quot;&quot;,&quot;best&quot;:&quot;5&quot;,&quot;gap&quot;:&quot;5&quot;,&quot;greet&quot;:&quot;Ata\u015fehir Marangoz Ustas\u0131&quot;,&quot;legend&quot;:&quot;0\\\/5 - 0 Ata\u015fehir Mobilya Tamircisi&quot;,&quot;size&quot;:&quot;24&quot;,&quot;title&quot;:&quot;\u0130\u00e7 oda kap\u0131s\u0131 tamir ettirmeli misiniz yoksa de\u011fi\u015ftirmeli misiniz?&quot;,&quot;width&quot;:&quot;0&quot;,&quot;_legend&quot;:&quot;{score}\\\/{best} - {count} Ata\u015fehir Mobilya Tamircisi&quot;,&quot;font_factor&quot;:&quot;1.25&quot;}'>\n            \n<div class=\"kksr-stars\">\n    \n<div class=\"kksr-stars-inactive\">\n            <div class=\"kksr-star\" data-star=\"1\" style=\"padding-right: 5px\">\n            \n\n<div class=\"kksr-icon\" style=\"width: 24px; height: 24px;\"><\/div>\n        <\/div>\n            <div class=\"kksr-star\" data-star=\"2\" style=\"padding-right: 5px\">\n            \n\n<div class=\"kksr-icon\" style=\"width: 24px; height: 24px;\"><\/div>\n        <\/div>\n            <div class=\"kksr-star\" data-star=\"3\" style=\"padding-right: 5px\">\n            \n\n<div class=\"kksr-icon\" style=\"width: 24px; height: 24px;\"><\/div>\n        <\/div>\n            <div class=\"kksr-star\" data-star=\"4\" style=\"padding-right: 5px\">\n            \n\n<div class=\"kksr-icon\" style=\"width: 24px; height: 24px;\"><\/div>\n        <\/div>\n            <div class=\"kksr-star\" data-star=\"5\" style=\"padding-right: 5px\">\n            \n\n<div class=\"kksr-icon\" style=\"width: 24px; height: 24px;\"><\/div>\n        <\/div>\n    <\/div>\n    \n<div class=\"kksr-stars-active\" style=\"width: 0px;\">\n            <div class=\"kksr-star\" style=\"padding-right: 5px\">\n            \n\n<div class=\"kksr-icon\" style=\"width: 24px; height: 24px;\"><\/div>\n        <\/div>\n            <div class=\"kksr-star\" style=\"padding-right: 5px\">\n            \n\n<div class=\"kksr-icon\" style=\"width: 24px; height: 24px;\"><\/div>\n        <\/div>\n            <div class=\"kksr-star\" style=\"padding-right: 5px\">\n            \n\n<div class=\"kksr-icon\" style=\"width: 24px; height: 24px;\"><\/div>\n        <\/div>\n            <div class=\"kksr-star\" style=\"padding-right: 5px\">\n            \n\n<div class=\"kksr-icon\" style=\"width: 24px; height: 24px;\"><\/div>\n        <\/div>\n            <div class=\"kksr-star\" style=\"padding-right: 5px\">\n            \n\n<div class=\"kksr-icon\" style=\"width: 24px; height: 24px;\"><\/div>\n        <\/div>\n    <\/div>\n<\/div>\n                \n\n<div class=\"kksr-legend\" style=\"font-size: 19.2px;\">\n            <span class=\"kksr-muted\">Ata\u015fehir Marangoz Ustas\u0131<\/span>\n    <\/div>\n    <\/div>\n","protected":false},"excerpt":{"rendered":"<p>\u00d6n kap\u0131n\u0131z genellikle en \u00e7ok ilgiyi g\u00f6rse de, kaliteli i\u00e7 kap\u0131lar\u0131n\u00a0de\u011ferini de anlamak \u00f6nemlidir\u00a0. Giri\u015f kap\u0131n\u0131z g\u00fcr\u00fclt\u00fc ve d\u0131\u015f etkenler gibi \u015feylere kar\u015f\u0131 koruma sa\u011flad\u0131\u011f\u0131 gibi, i\u00e7 kap\u0131lar\u0131n\u0131z da her oday\u0131 \u00f6zel ve konforlu hale getirmek i\u00e7in \u00e7al\u0131\u015f\u0131r. T\u00fcm kap\u0131lar g\u00fcnl\u00fck kullan\u0131ma dayan\u0131r, bu da a\u015f\u0131nma ve y\u0131pranman\u0131n ka\u00e7\u0131n\u0131lmaz oldu\u011fu anlam\u0131na gelir. Evcil hayvanlar ve k\u00fc\u00e7\u00fck \u00e7ocuklar da kap\u0131n\u0131n ve kulplar\u0131n g\u00f6r\u00fcn\u00fcm\u00fcn\u00fc bozabilir. Bir\u00e7ok ki\u015finin akl\u0131ndaki soru, i\u00e7 oda kap\u0131y\u0131 tamir ettirmeleri mi yoksa de\u011fi\u015ftirmeleri\u00a0mi gerekti\u011fidir . Bu sorunun do\u011fru veya yanl\u0131\u015f bir cevab\u0131 yoktur. Bu, ki\u015fisel tercihlerinizle ilgilidir. \u0130\u00e7 oda kap\u0131s\u0131 tamir ettirmeli misiniz yoksa de\u011fi\u015ftirmeli misiniz? \u0130\u00e7 oda kap\u0131 tamiri, Kap\u0131n\u0131zda risk te\u015fkil eden bir \u015fey varsa o zaman m\u00fcmk\u00fcn olan en k\u0131sa s\u00fcrede de\u011fi\u015ftirmek isteyebilirsiniz. Ev tadilat\u0131n\u0131n\u00a0ortas\u0131ndaysan\u0131z\u00a0, biraz daha beklemelisiniz. Evinizdeki di\u011fer i\u015fleri tamamlarken hasarl\u0131 k\u0131sm\u0131 gizlemek i\u00e7in kap\u0131n\u0131zda basit bir yama i\u015fi yap\u0131n. Kap\u0131lar, de\u011fi\u015ftirece\u011finiz son \u015feylerden biri olmal\u0131d\u0131r \u00e7\u00fcnk\u00fc ba\u015fka i\u015fler yap\u0131l\u0131rken hasar g\u00f6rmelerini istemezsiniz. Kap\u0131 ger\u00e7ekten k\u00f6t\u00fc durumdaysa ve d\u00fczg\u00fcn bir \u015fekilde a\u00e7\u0131p kapatam\u0131yorsan\u0131z,&#8230; <a class=\"di-continue-reading\" href=\"https:\/\/www.onlinemarangoz.com.tr\/Atasehir\/ic-oda-kapisi-tamir-ettirmeli-misiniz-yoksa-degistirmeli-misiniz\/\"> Continue Reading&#8230;<\/a><\/p>\n","protected":false},"author":1,"featured_media":0,"parent":0,"menu_order":13,"comment_status":"closed","ping_status":"open","template":"","meta":{"footnotes":""},"categories":[1],"tags":[1099],"class_list":["post-1386","page","type-page","status-publish","hentry","category-atasehir-online-marangoz","tag-ic-oda-kapisi-tamir-ettirmeli-misiniz-yoksa-degistirmeli-misiniz"],"_links":{"self":[{"href":"https:\/\/www.onlinemarangoz.com.tr\/Atasehir\/wp-json\/wp\/v2\/pages\/1386","targetHints":{"allow":["GET"]}}],"collection":[{"href":"https:\/\/www.onlinemarangoz.com.tr\/Atasehir\/wp-json\/wp\/v2\/pages"}],"about":[{"href":"https:\/\/www.onlinemarangoz.com.tr\/Atasehir\/wp-json\/wp\/v2\/types\/page"}],"author":[{"embeddable":true,"href":"https:\/\/www.onlinemarangoz.com.tr\/Atasehir\/wp-json\/wp\/v2\/users\/1"}],"replies":[{"embeddable":true,"href":"https:\/\/www.onlinemarangoz.com.tr\/Atasehir\/wp-json\/wp\/v2\/comments?post=1386"}],"version-history":[{"count":0,"href":"https:\/\/www.onlinemarangoz.com.tr\/Atasehir\/wp-json\/wp\/v2\/pages\/1386\/revisions"}],"wp:attachment":[{"href":"https:\/\/www.onlinemarangoz.com.tr\/Atasehir\/wp-json\/wp\/v2\/media?parent=1386"}],"wp:term":[{"taxonomy":"category","embeddable":true,"href":"https:\/\/www.onlinemarangoz.com.tr\/Atasehir\/wp-json\/wp\/v2\/categories?post=1386"},{"taxonomy":"post_tag","embeddable":true,"href":"https:\/\/www.onlinemarangoz.com.tr\/Atasehir\/wp-json\/wp\/v2\/tags?post=1386"}],"curies":[{"name":"wp","href":"https:\/\/api.w.org\/{rel}","templated":true}]}}