{"id":1396,"date":"2024-09-27T02:39:46","date_gmt":"2024-09-26T23:39:46","guid":{"rendered":"https:\/\/www.onlinemarangoz.com.tr\/Atasehir\/?page_id=1396"},"modified":"2024-09-27T02:39:46","modified_gmt":"2024-09-26T23:39:46","slug":"kapi-pervazi-onarim-hizmetleri","status":"publish","type":"page","link":"https:\/\/www.onlinemarangoz.com.tr\/Atasehir\/kapi-pervazi-onarim-hizmetleri\/","title":{"rendered":"Kap\u0131 Pervaz\u0131 Onar\u0131m Hizmetleri"},"content":{"rendered":"<h2>Kap\u0131 Pervaz\u0131 Onar\u0131m Hizmetleri<\/h2>\n<p>Uzman tamirci hizmetleri i\u00e7in geni\u015f yelpazede sad\u0131k orta\u011f\u0131n\u0131z olan Kap\u0131 Pervaz\u0131 Onar\u0131m Hizmetleri, ne ho\u015f geldiniz. Kap\u0131lar\u0131n\u0131z\u0131n i\u015flevselli\u011fini, g\u00fcvenli\u011fini ve estetik \u00e7ekicili\u011fini tehlikeye atabilecek \u00e7e\u015fitli sorunlar\u0131 ele almak i\u00e7in profesyonel kap\u0131 pervaz\u0131 onar\u0131m hizmetleri sa\u011flama konusunda uzmanla\u015ft\u0131k. Kap\u0131 pervazlar\u0131n\u0131z\u0131 hassasiyet ve verimlilikle de\u011ferlendirmek, onarmak ve geli\u015ftirmek i\u00e7in yetenekli uzmanlar\u0131m\u0131za g\u00fcvenin.<\/p>\n<h3>Kap\u0131 Pervazlar\u0131n\u0131 Anlamak: Kap\u0131 \u0130\u015flevselli\u011finin \u00d6nemli Bile\u015feni<\/h3>\n<p>Kap\u0131 pervazlar\u0131, kap\u0131lar\u0131n d\u00fczg\u00fcn \u00e7al\u0131\u015fmas\u0131nda hayati bir rol oynar. Kap\u0131 pervaz\u0131, kap\u0131ya destek ve denge sa\u011flayan kap\u0131 \u00e7er\u00e7evesinin dikey k\u0131sm\u0131d\u0131r. \u0130ki temel bile\u015fenden olu\u015fur: kap\u0131 \u00e7er\u00e7evesi ve kap\u0131 pervaz\u0131n\u0131n kendisi. Zamanla, a\u015f\u0131nma ve y\u0131pranma, hava ko\u015fullar\u0131 veya kazara hasar gibi bir dizi fakt\u00f6r kap\u0131 pervaz\u0131nda sorunlara yol a\u00e7abilir.<\/p>\n<h3>Kap\u0131 Pervazlar\u0131yla \u0130lgili Yayg\u0131n Sorunlar.<\/h3>\n<p>Kap\u0131 Pervaz\u0131 Onar\u0131m Hizmetleri : kap\u0131 pervaz\u0131 sorunlar\u0131n\u0131n \u00e7e\u015fitli nedenlerle ortaya \u00e7\u0131kabilece\u011fini anl\u0131yoruz. \u0130ster dengesiz bir kap\u0131, ister k\u0131r\u0131k bir pervaz veya kap\u0131 \u00e7er\u00e7evesiyle ilgili sorunlarla u\u011fra\u015f\u0131yor olun, yetenekli teknisyenlerimiz bir dizi kap\u0131 pervaz\u0131 onar\u0131m hizmetini ele almak i\u00e7in donan\u0131ml\u0131d\u0131r. Ele ald\u0131\u011f\u0131m\u0131z baz\u0131 yayg\u0131n sorunlar \u015funlard\u0131r:<\/p>\n<p><strong>Hizalama hatas\u0131.<\/strong><\/p>\n<p>Zamanla kap\u0131lar hizas\u0131z hale gelebilir ve bu da onlar\u0131 sorunsuz bir \u015fekilde kapatma veya a\u00e7mada sorun ya\u015fanmas\u0131na neden olabilir. Uzmanlar\u0131m\u0131z kap\u0131 pervaz\u0131n\u0131n hizas\u0131n\u0131 dikkatlice de\u011ferlendirir ve d\u00fczg\u00fcn i\u015flevselli\u011fi sa\u011flamak i\u00e7in gerekli ayarlamalar\u0131 yapar.<\/p>\n<p><strong>Hava Ko\u015fullar\u0131na Ba\u011fl\u0131 Hasar.<\/strong><\/p>\n<p>Hava Ko\u015fullar\u0131na Ba\u011fl\u0131 Hasar: maruz kalmak hava kaynakl\u0131 hasara yol a\u00e7abilir ve kap\u0131 pervaz\u0131n\u0131n \u015fi\u015fmesine, e\u011filmesine veya bozulmas\u0131na neden olabilir. Hava kaynakl\u0131 sorunlar\u0131 gidermek i\u00e7in komple onar\u0131mlar sa\u011flayarak kap\u0131 pervaz\u0131n\u0131n yap\u0131sal b\u00fct\u00fcnl\u00fc\u011f\u00fcn\u00fc geri kazand\u0131r\u0131yoruz.<\/p>\n<p><strong>\u00c7\u00fcr\u00fcme ve Bozulma.<\/strong><\/p>\n<p>Ah\u015fap kap\u0131 pervazlar\u0131, \u00f6zellikle nemli iklimlerde \u00e7\u00fcr\u00fcmeye ve bozulmaya kar\u015f\u0131 hassast\u0131r. ustalar\u0131m\u0131z, kap\u0131 pervaz\u0131n\u0131n hasarl\u0131 k\u0131s\u0131mlar\u0131n\u0131 onarma veya de\u011fi\u015ftirme konusunda yeteneklidir ve uzun \u00f6m\u00fcrl\u00fc bir \u00e7\u00f6z\u00fcm sa\u011flar.<\/p>\n<p><strong>H\u0131rs\u0131zl\u0131k veya Zorla Giri\u015f.<\/strong><\/p>\n<p>H\u0131rs\u0131zl\u0131k veya zorla girme giri\u015fimlerini i\u00e7eren felaket durumlar\u0131nda, kap\u0131 pervaz\u0131 hasar g\u00f6rebilir. G\u00fcvenli\u011fi art\u0131rmak ve gelecekteki kazalar\u0131 \u00f6nlemek i\u00e7in kap\u0131 pervazlar\u0131n\u0131 onarma ve g\u00fc\u00e7lendirme konusunda uzmanla\u015ft\u0131k.<\/p>\n<p><strong>Ya\u015flanma ve A\u015f\u0131nma.<\/strong><\/p>\n<p>Evinizin di\u011fer t\u00fcm bile\u015fenleri gibi kap\u0131 pervazlar\u0131 da zamanla eskiyebilir ve y\u0131pranabilir. Ya\u015flanma sorunlar\u0131n\u0131 gidermek i\u00e7in bak\u0131m ve onar\u0131m hizmetleri sunuyoruz ve kap\u0131 pervaz\u0131n\u0131z\u0131n uzun \u00f6m\u00fcrl\u00fc olmas\u0131n\u0131 sa\u011fl\u0131yoruz.<\/p>\n<h4>Kapsaml\u0131 Kap\u0131 Pervaz\u0131 Onar\u0131m Hizmetlerimiz: \u0130htiya\u00e7lar\u0131n\u0131za \u00d6zel \u00c7\u00f6z\u00fcmler<\/h4>\n<p><strong>Derinlemesine De\u011ferlendirme.<\/strong><\/p>\n<p>Kap\u0131 pervaz\u0131 onar\u0131m s\u00fcrecimiz mevcut ko\u015fullar\u0131n detayl\u0131 bir de\u011ferlendirmesiyle ba\u015flar. Uzman ustalar\u0131m\u0131z, herhangi bir sorunun temel nedenlerini belirlemek ve en etkili onar\u0131m stratejisini belirlemek i\u00e7in kap\u0131y\u0131, \u00e7er\u00e7eveyi ve pervaz\u0131 inceler.<\/p>\n<p><strong>\u00d6zelle\u015ftirilmi\u015f Onar\u0131m \u00c7\u00f6z\u00fcmleri.<\/strong><\/p>\n<p>Hi\u00e7bir kap\u0131 pervaz\u0131 sorunu birbirine benzemez. Kap\u0131 pervaz\u0131n\u0131z\u0131n \u00f6zel ihtiya\u00e7lar\u0131na g\u00f6re uyarlanm\u0131\u015f \u00f6zelle\u015ftirilmi\u015f onar\u0131m \u00e7\u00f6z\u00fcmleri sunuyoruz. \u0130ster kap\u0131y\u0131 yeniden hizalamak, ister hasarl\u0131 b\u00f6l\u00fcmleri de\u011fi\u015ftirmek veya g\u00fcvenli\u011fi g\u00fc\u00e7lendirmek olsun, \u00e7\u00f6z\u00fcmlerimiz en iyi sonu\u00e7lar\u0131 elde etmek i\u00e7in tasarlanm\u0131\u015ft\u0131r.<\/p>\n<p><strong>Hava Ko\u015fullar\u0131na Dayan\u0131kl\u0131l\u0131k ve S\u0131zd\u0131rmazl\u0131k Uygulamas\u0131.<\/strong><\/p>\n<p>Gelecekte hava kaynakl\u0131 hasarlar\u0131 \u00f6nlemek i\u00e7in hava ko\u015fullar\u0131na dayan\u0131kl\u0131l\u0131k teknikleri ve s\u0131zd\u0131rmazl\u0131k maddeleri uyguluyoruz. Bu \u00f6nlemler kap\u0131 pervaz\u0131n\u0131z\u0131n elementlere kar\u015f\u0131 dayan\u0131kl\u0131l\u0131\u011f\u0131n\u0131 art\u0131rarak dayan\u0131kl\u0131l\u0131k ve uzun vadeli koruma sa\u011flar.<\/p>\n<p><strong>G\u00fcvenlik Art\u0131r\u0131m\u0131.<\/strong><\/p>\n<p>G\u00fcvenlik en \u00f6nemli \u00f6nceliktir. Kap\u0131 pervaz\u0131n\u0131z bir h\u0131rs\u0131zl\u0131k giri\u015fimi nedeniyle hasar g\u00f6rd\u00fcyse, g\u00fcvenlik \u00f6nlemlerini g\u00fc\u00e7lendirme ve geli\u015ftirme konusunda uzmanla\u015f\u0131yoruz. \u00c7\u00f6z\u00fcmlerimiz gelecekteki g\u00fcvenlik a\u00e7\u0131klar\u0131n\u0131 \u00f6nlemeyi ve size g\u00f6n\u00fcl rahatl\u0131\u011f\u0131 sa\u011flamay\u0131 hedefliyor.<\/p>\n<p><strong>Hasarl\u0131 B\u00f6l\u00fcmlerin De\u011fi\u015ftirilmesi<\/strong><\/p>\n<p>Kap\u0131 pervaz\u0131n\u0131n b\u00f6l\u00fcmlerinin onar\u0131lamayacak durumda oldu\u011fu durumlarda, de\u011fi\u015ftirme hizmetleri sunuyoruz. Ustalar\u0131m\u0131z hasarl\u0131 k\u0131s\u0131mlar\u0131 sorunsuz bir \u015fekilde de\u011fi\u015ftirerek, yeni bile\u015fenlerin tutarl\u0131 ve estetik a\u00e7\u0131dan ho\u015f bir sonu\u00e7 i\u00e7in mevcut yap\u0131yla uyumlu olmas\u0131n\u0131 sa\u011flar.<\/p>\n<h5>Kap\u0131 Pervaz\u0131 Onar\u0131mlar\u0131 \u0130\u00e7in Neden bizi Se\u00e7melisiniz?<\/h5>\n<p><strong>G\u00fcvenebilece\u011finiz Uzmanl\u0131k.<\/strong><\/p>\n<p>Her kap\u0131 pervaz\u0131 onar\u0131m\u0131 zengin bir deneyim getiren yetenekli ustalar\u0131m\u0131z\u0131n uzmanl\u0131\u011f\u0131ndan yararlan\u0131n . Kap\u0131 pervaz\u0131 sorunlar\u0131n\u0131z\u0131 hassasiyet ve profesyonellikle ele almam\u0131za g\u00fcvenin.<\/p>\n<p><strong>\u00d6zelle\u015ftirilmi\u015f \u00c7\u00f6z\u00fcmler.<\/strong><\/p>\n<p>Her kap\u0131 pervaz\u0131 sorununun benzersiz oldu\u011funu kabul ederek, onar\u0131m \u00e7\u00f6z\u00fcmlerimiz a\u00e7\u0131k ihtiya\u00e7lar\u0131n\u0131za g\u00f6re \u00f6zelle\u015ftirilmi\u015ftir. Onar\u0131m s\u00fcrecinin kap\u0131n\u0131z\u0131n ve evinizin tasar\u0131m\u0131 ve gereksinimleriyle uyumlu olmas\u0131n\u0131 sa\u011flar\u0131z.<\/p>\n<p><strong>\u0130\u015f\u00e7ilik ve Kaliteli Malzemeler.<\/strong><\/p>\n<p>Kap\u0131 pervaz\u0131 onar\u0131mlar\u0131n\u0131z\u0131, i\u015f\u00e7ili\u011fe ve kaliteli malzeme kullan\u0131m\u0131na \u00f6ncelik veren bir ekibe emanet edin. Her onar\u0131m\u0131n, kap\u0131 pervaz\u0131n\u0131z\u0131n dayan\u0131kl\u0131l\u0131\u011f\u0131n\u0131 ve uzun \u00f6m\u00fcrl\u00fcl\u00fc\u011f\u00fcn\u00fc garanti eden malzemeler kullanarak \u00f6zenle yap\u0131lmas\u0131n\u0131 sa\u011fl\u0131yoruz.<\/p>\n<p><strong>Kap\u0131 Pervaz\u0131 Onar\u0131m S\u00fcrecimiz: Restorasyona Giden Kusursuz Yolculuk<\/strong><\/p>\n<p>Kan\u0131tlanm\u0131\u015f kap\u0131 pervaz\u0131 onar\u0131m s\u00fcrecimiz, kap\u0131lar\u0131n\u0131z\u0131n i\u015flevselli\u011fini, g\u00fcvenli\u011fini ve estetik \u00e7ekicili\u011fini geri kazand\u0131rmak i\u00e7in tasarlanm\u0131\u015ft\u0131r. \u0130lk de\u011ferlendirmeden devam eden deste\u011fe kadar, kusursuz ve \u00f6d\u00fcllendirici bir deneyim sunmaya kendini adam\u0131\u015ft\u0131r.<\/p>\n<p><strong>Dikkatli ve G\u00fcvenli Onar\u0131mlar.<\/strong><\/p>\n<p>Ayr\u0131nt\u0131l\u0131 bir de\u011ferlendirme yapt\u0131ktan sonra, yetenekli teknisyenlerimiz onar\u0131m s\u00fcrecine \u00f6zen ve hassasiyetle ba\u015flar. Kap\u0131lar\u0131 yeniden hizalamaktan hasarl\u0131 b\u00f6l\u00fcmleri de\u011fi\u015ftirmeye kadar, onar\u0131m\u0131n g\u00fcvenli\u011fini ve sa\u011flaml\u0131\u011f\u0131n\u0131 \u00f6ncelikle diriyoruz. G\u00fcvenli d\u00fczeltmeler, do\u011fru hizalama ve g\u00fcvenlik standartlar\u0131na uyum, yol g\u00f6sterici ilkelerimizdir.<\/p>\n<p><strong>Onar\u0131m Sonras\u0131 Rehberlik.<\/strong><\/p>\n<p>Size olan ba\u011fl\u0131l\u0131\u011f\u0131m\u0131z onar\u0131m s\u00fcrecinin \u00f6tesine uzan\u0131r. Onar\u0131m sonras\u0131 rehberlik sa\u011flar\u0131z, bak\u0131m, temizlik ve onar\u0131lan kap\u0131 pervaz\u0131n\u0131z\u0131n i\u015flevselli\u011fini en \u00fcst d\u00fczeye \u00e7\u0131karma konusunda ipu\u00e7lar\u0131 sunar\u0131z. \u00d6n\u00fcm\u00fczdeki y\u0131llarda tutarl\u0131 ve g\u00fcvenli bir kap\u0131 pervaz\u0131n\u0131n avantajlar\u0131ndan yararlanman\u0131z\u0131 istiyoruz.<\/p>\n<p><strong>M\u00fc\u015fteri Geri Bildirimi Entegrasyonu.<\/strong><\/p>\n<p>Geri bildirimlerinize de\u011fer veriyoruz. Girdiniz, hizmetlerimizi s\u00fcrekli olarak iyile\u015ftirmemize yard\u0131mc\u0131 olmak i\u00e7in hayati \u00f6nem ta\u015f\u0131yor. M\u00fc\u015fteri geri bildirimlerini s\u00fcre\u00e7lerimize ekleyerek uyum sa\u011flamam\u0131z\u0131 ve iyile\u015ftirmemizi sa\u011fl\u0131yor, her onar\u0131m\u0131n bir \u00f6ncekinden daha iyi olmas\u0131n\u0131 sa\u011fl\u0131yoruz.<\/p>\n<h6>Kap\u0131lar\u0131n\u0131z\u0131 Kap\u0131 Pervaz\u0131 Onar\u0131m Hizmetleri ile Y\u00fckseltin<\/h6>\n<p>Kap\u0131 pervaz\u0131 onar\u0131m\u0131n\u0131z i\u00e7in bizi se\u00e7mek, m\u00fckemmelli\u011fe, \u015feffafl\u0131\u011fa ve m\u00fc\u015fteri memnuniyetine adanm\u0131\u015f bir ortak se\u00e7mek anlam\u0131na gelir. Yetenekli ekibimizle kap\u0131lar\u0131n\u0131z\u0131n i\u015flevselli\u011fini, g\u00fcvenli\u011fini ve estetik \u00e7ekicili\u011fini art\u0131r\u0131n.<\/p>\n<p><strong>\u0130leti\u015fime Ge\u00e7in<\/strong><\/p>\n<p>Kap\u0131 pervazlar\u0131n\u0131z\u0131n b\u00fct\u00fcnl\u00fc\u011f\u00fcn\u00fc profesyonel onar\u0131mlarla geri kazanmaya haz\u0131r m\u0131s\u0131n\u0131z? De\u011ferlendirme planlamak i\u00e7in bug\u00fcn bizim\u00a0ile ileti\u015fime ge\u00e7in . Dost canl\u0131s\u0131 ekibimiz sorular\u0131n\u0131z\u0131 yan\u0131tlamak ve kap\u0131 pervaz\u0131 onar\u0131m ihtiya\u00e7lar\u0131n\u0131za g\u00f6re uyarlanm\u0131\u015f ayr\u0131nt\u0131l\u0131 bir teklif sunmak i\u00e7in burada.<\/p>\n\n\n<div class=\"kk-star-ratings kksr-auto kksr-align-left kksr-valign-bottom\"\n    data-payload='{&quot;align&quot;:&quot;left&quot;,&quot;id&quot;:&quot;1396&quot;,&quot;slug&quot;:&quot;default&quot;,&quot;valign&quot;:&quot;bottom&quot;,&quot;ignore&quot;:&quot;&quot;,&quot;reference&quot;:&quot;auto&quot;,&quot;class&quot;:&quot;&quot;,&quot;count&quot;:&quot;1&quot;,&quot;legendonly&quot;:&quot;&quot;,&quot;readonly&quot;:&quot;&quot;,&quot;score&quot;:&quot;5&quot;,&quot;starsonly&quot;:&quot;&quot;,&quot;best&quot;:&quot;5&quot;,&quot;gap&quot;:&quot;5&quot;,&quot;greet&quot;:&quot;Ata\u015fehir Marangoz Ustas\u0131&quot;,&quot;legend&quot;:&quot;5\\\/5 - 1 Ata\u015fehir Mobilya Tamircisi&quot;,&quot;size&quot;:&quot;24&quot;,&quot;title&quot;:&quot;Kap\u0131 Pervaz\u0131 Onar\u0131m Hizmetleri&quot;,&quot;width&quot;:&quot;142.5&quot;,&quot;_legend&quot;:&quot;{score}\\\/{best} - {count} Ata\u015fehir Mobilya Tamircisi&quot;,&quot;font_factor&quot;:&quot;1.25&quot;}'>\n            \n<div class=\"kksr-stars\">\n    \n<div class=\"kksr-stars-inactive\">\n            <div class=\"kksr-star\" data-star=\"1\" style=\"padding-right: 5px\">\n            \n\n<div class=\"kksr-icon\" style=\"width: 24px; height: 24px;\"><\/div>\n        <\/div>\n            <div class=\"kksr-star\" data-star=\"2\" style=\"padding-right: 5px\">\n            \n\n<div class=\"kksr-icon\" style=\"width: 24px; height: 24px;\"><\/div>\n        <\/div>\n            <div class=\"kksr-star\" data-star=\"3\" style=\"padding-right: 5px\">\n            \n\n<div class=\"kksr-icon\" style=\"width: 24px; height: 24px;\"><\/div>\n        <\/div>\n            <div class=\"kksr-star\" data-star=\"4\" style=\"padding-right: 5px\">\n            \n\n<div class=\"kksr-icon\" style=\"width: 24px; height: 24px;\"><\/div>\n        <\/div>\n            <div class=\"kksr-star\" data-star=\"5\" style=\"padding-right: 5px\">\n            \n\n<div class=\"kksr-icon\" style=\"width: 24px; height: 24px;\"><\/div>\n        <\/div>\n    <\/div>\n    \n<div class=\"kksr-stars-active\" style=\"width: 142.5px;\">\n            <div class=\"kksr-star\" style=\"padding-right: 5px\">\n            \n\n<div class=\"kksr-icon\" style=\"width: 24px; height: 24px;\"><\/div>\n        <\/div>\n            <div class=\"kksr-star\" style=\"padding-right: 5px\">\n            \n\n<div class=\"kksr-icon\" style=\"width: 24px; height: 24px;\"><\/div>\n        <\/div>\n            <div class=\"kksr-star\" style=\"padding-right: 5px\">\n            \n\n<div class=\"kksr-icon\" style=\"width: 24px; height: 24px;\"><\/div>\n        <\/div>\n            <div class=\"kksr-star\" style=\"padding-right: 5px\">\n            \n\n<div class=\"kksr-icon\" style=\"width: 24px; height: 24px;\"><\/div>\n        <\/div>\n            <div class=\"kksr-star\" style=\"padding-right: 5px\">\n            \n\n<div class=\"kksr-icon\" style=\"width: 24px; height: 24px;\"><\/div>\n        <\/div>\n    <\/div>\n<\/div>\n                \n\n<div class=\"kksr-legend\" style=\"font-size: 19.2px;\">\n            5\/5 - 1 Ata\u015fehir Mobilya Tamircisi    <\/div>\n    <\/div>\n","protected":false},"excerpt":{"rendered":"<p>Kap\u0131 Pervaz\u0131 Onar\u0131m Hizmetleri Uzman tamirci hizmetleri i\u00e7in geni\u015f yelpazede sad\u0131k orta\u011f\u0131n\u0131z olan Kap\u0131 Pervaz\u0131 Onar\u0131m Hizmetleri, ne ho\u015f geldiniz. Kap\u0131lar\u0131n\u0131z\u0131n i\u015flevselli\u011fini, g\u00fcvenli\u011fini ve estetik \u00e7ekicili\u011fini tehlikeye atabilecek \u00e7e\u015fitli sorunlar\u0131 ele almak i\u00e7in profesyonel kap\u0131 pervaz\u0131 onar\u0131m hizmetleri sa\u011flama konusunda uzmanla\u015ft\u0131k. Kap\u0131 pervazlar\u0131n\u0131z\u0131 hassasiyet ve verimlilikle de\u011ferlendirmek, onarmak ve geli\u015ftirmek i\u00e7in yetenekli uzmanlar\u0131m\u0131za g\u00fcvenin. Kap\u0131 Pervazlar\u0131n\u0131 Anlamak: Kap\u0131 \u0130\u015flevselli\u011finin \u00d6nemli Bile\u015feni Kap\u0131 pervazlar\u0131, kap\u0131lar\u0131n d\u00fczg\u00fcn \u00e7al\u0131\u015fmas\u0131nda hayati bir rol oynar. Kap\u0131 pervaz\u0131, kap\u0131ya destek ve denge sa\u011flayan kap\u0131 \u00e7er\u00e7evesinin dikey k\u0131sm\u0131d\u0131r. \u0130ki temel bile\u015fenden olu\u015fur: kap\u0131 \u00e7er\u00e7evesi ve kap\u0131 pervaz\u0131n\u0131n kendisi. Zamanla, a\u015f\u0131nma ve y\u0131pranma, hava ko\u015fullar\u0131 veya kazara hasar gibi bir dizi fakt\u00f6r kap\u0131 pervaz\u0131nda sorunlara yol a\u00e7abilir. Kap\u0131 Pervazlar\u0131yla \u0130lgili Yayg\u0131n Sorunlar. Kap\u0131 Pervaz\u0131 Onar\u0131m Hizmetleri : kap\u0131 pervaz\u0131 sorunlar\u0131n\u0131n \u00e7e\u015fitli nedenlerle ortaya \u00e7\u0131kabilece\u011fini anl\u0131yoruz. \u0130ster dengesiz bir kap\u0131, ister k\u0131r\u0131k bir pervaz veya kap\u0131 \u00e7er\u00e7evesiyle ilgili sorunlarla u\u011fra\u015f\u0131yor olun, yetenekli teknisyenlerimiz bir dizi kap\u0131 pervaz\u0131 onar\u0131m hizmetini ele almak i\u00e7in donan\u0131ml\u0131d\u0131r. Ele ald\u0131\u011f\u0131m\u0131z baz\u0131 yayg\u0131n sorunlar \u015funlard\u0131r:&#8230; <a class=\"di-continue-reading\" href=\"https:\/\/www.onlinemarangoz.com.tr\/Atasehir\/kapi-pervazi-onarim-hizmetleri\/\"> Continue Reading&#8230;<\/a><\/p>\n","protected":false},"author":1,"featured_media":0,"parent":0,"menu_order":19,"comment_status":"closed","ping_status":"closed","template":"","meta":{"footnotes":""},"categories":[1],"tags":[1101],"class_list":["post-1396","page","type-page","status-publish","hentry","category-atasehir-online-marangoz","tag-kapi-pervazi-onarim-hizmetleri"],"_links":{"self":[{"href":"https:\/\/www.onlinemarangoz.com.tr\/Atasehir\/wp-json\/wp\/v2\/pages\/1396","targetHints":{"allow":["GET"]}}],"collection":[{"href":"https:\/\/www.onlinemarangoz.com.tr\/Atasehir\/wp-json\/wp\/v2\/pages"}],"about":[{"href":"https:\/\/www.onlinemarangoz.com.tr\/Atasehir\/wp-json\/wp\/v2\/types\/page"}],"author":[{"embeddable":true,"href":"https:\/\/www.onlinemarangoz.com.tr\/Atasehir\/wp-json\/wp\/v2\/users\/1"}],"replies":[{"embeddable":true,"href":"https:\/\/www.onlinemarangoz.com.tr\/Atasehir\/wp-json\/wp\/v2\/comments?post=1396"}],"version-history":[{"count":0,"href":"https:\/\/www.onlinemarangoz.com.tr\/Atasehir\/wp-json\/wp\/v2\/pages\/1396\/revisions"}],"wp:attachment":[{"href":"https:\/\/www.onlinemarangoz.com.tr\/Atasehir\/wp-json\/wp\/v2\/media?parent=1396"}],"wp:term":[{"taxonomy":"category","embeddable":true,"href":"https:\/\/www.onlinemarangoz.com.tr\/Atasehir\/wp-json\/wp\/v2\/categories?post=1396"},{"taxonomy":"post_tag","embeddable":true,"href":"https:\/\/www.onlinemarangoz.com.tr\/Atasehir\/wp-json\/wp\/v2\/tags?post=1396"}],"curies":[{"name":"wp","href":"https:\/\/api.w.org\/{rel}","templated":true}]}}