{"id":1409,"date":"2024-09-27T03:38:44","date_gmt":"2024-09-27T00:38:44","guid":{"rendered":"https:\/\/www.onlinemarangoz.com.tr\/Atasehir\/?page_id=1409"},"modified":"2024-10-07T02:08:34","modified_gmt":"2024-10-06T23:08:34","slug":"atasehir-profesyonel-dolap-kapi-mentesesi-onarim-hizmetleri","status":"publish","type":"page","link":"https:\/\/www.onlinemarangoz.com.tr\/Atasehir\/atasehir-profesyonel-dolap-kapi-mentesesi-onarim-hizmetleri\/","title":{"rendered":"Ata\u015fehir Profesyonel Dolap Kap\u0131 Mente\u015fesi Onar\u0131m Hizmetleri"},"content":{"rendered":"<h2>Ata\u015fehir Profesyonel Dolap Kap\u0131 Mente\u015fesi Onar\u0131m Hizmetleri<\/h2>\n<p>Dolap kapaklar\u0131, mutfa\u011f\u0131n\u0131z\u0131n veya dolapl\u0131 herhangi bir odan\u0131n i\u015flevselli\u011fi ve esteti\u011finde \u00f6nemli bir rol oynar. Ancak zamanla dolap kapa\u011f\u0131 mente\u015feleri y\u0131pranabilir veya sorunlarla kar\u015f\u0131la\u015fabilir ve bu da g\u0131c\u0131rdama, hizas\u0131zl\u0131k veya gev\u015fek kap\u0131lar gibi sorunlara yol a\u00e7abilir. Bu sorunlar yaln\u0131zca kullan\u0131m kolayl\u0131\u011f\u0131n\u0131 de\u011fil, ayn\u0131 zamanda alan\u0131n\u0131z\u0131n genel g\u00f6r\u00fcn\u00fcm\u00fcn\u00fc de etkiler. Profesyonel dolap kapa\u011f\u0131 mente\u015fesi onar\u0131m hizmetlerimizin devreye girdi\u011fi yer buras\u0131d\u0131r.<\/p>\n<h2>Dolap Kap\u0131 Mente\u015feleri Dolap Kap\u0131 Mente\u015fesi \u00c7e\u015fitleri.<\/h2>\n<p>U\u00e7 Mente\u015feler:\u00a0Bu geleneksel mente\u015feler dolab\u0131n d\u0131\u015f taraf\u0131nda g\u00f6r\u00fcn\u00fcr ve dayan\u0131kl\u0131l\u0131klar\u0131 ve sa\u011flaml\u0131klar\u0131yla bilinirler.<\/p>\n<p>Euro veya Fincan Mente\u015feler: Genellikle modern dolaplarda kullan\u0131lan bu mente\u015feler, dolap kapa\u011f\u0131n\u0131n i\u00e7ine gizlenerek \u015f\u0131k bir g\u00f6r\u00fcn\u00fcm yarat\u0131r.<\/p>\n<p>Pivot Mente\u015feler:\u00a0A\u011f\u0131r dolap kapaklar\u0131 i\u00e7in ideal olan pivot mente\u015feler, kap\u0131n\u0131n tek bir noktadan a\u00e7\u0131lmas\u0131n\u0131 sa\u011flayarak benzersiz bir estetik ve i\u015flevsellik sa\u011flar.<\/p>\n<p>Gizli Mente\u015feler:\u00a0Ad\u0131ndan da anla\u015f\u0131laca\u011f\u0131 gibi, bu mente\u015feler dolap kapa\u011f\u0131 kapal\u0131yken g\u00f6r\u00fcnmez hale gelerek temiz ve kusursuz bir g\u00f6r\u00fcn\u00fcm sunar.<\/p>\n<h3>Yayg\u0131n Mente\u015fe Sorunlar\u0131<\/h3>\n<p>G\u0131c\u0131rdayan Mente\u015feler:\u00a0Zamanla, mente\u015fe bile\u015fenlerindeki s\u00fcrt\u00fcnme ve a\u015f\u0131nma nedeniyle rahats\u0131z edici g\u0131c\u0131rt\u0131 sesleri geli\u015febilir.<\/p>\n<p>Gev\u015fek Mente\u015feler:\u00a0Gev\u015fek mente\u015feler, dolap kapaklar\u0131n\u0131n hizas\u0131z olmas\u0131na ve d\u00fczg\u00fcn bir \u015fekilde kapat\u0131lmas\u0131nda zorlu\u011fa yol a\u00e7abilir.<\/p>\n<p>Yanl\u0131\u015f Hizalanm\u0131\u015f Mente\u015feler:\u00a0Dolap kapaklar\u0131 do\u011fru \u015fekilde hizalanmad\u0131\u011f\u0131nda, hem g\u00f6rsel olarak ho\u015f g\u00f6r\u00fcnmeyebilir hem de i\u015flevsel olarak hayal k\u0131r\u0131kl\u0131\u011f\u0131 yaratabilir.<\/p>\n<p>K\u0131r\u0131k Mente\u015feler:\u00a0K\u0131r\u0131k mente\u015feler dolap kapa\u011f\u0131n\u0131 kullan\u0131lamaz hale getirebilir ve acil m\u00fcdahale gerektirebilir.<\/p>\n<h2>Dolap Kap\u0131 Mente\u015fesi Onar\u0131m Hizmetlerimiz<\/h2>\n<p>Deneyimli profesyonellerden olu\u015fan ekibimiz, dolap mente\u015felerinizi en iyi durumlar\u0131na geri d\u00f6nd\u00fcrmeye adanm\u0131\u015ft\u0131r. \u015eunlar\u0131 i\u00e7eren kapsaml\u0131 bir onar\u0131m hizmeti sunuyoruz:<\/p>\n<h2>Mente\u015fe Sorunlar\u0131n\u0131n \u0130ncelenmesi ve Te\u015fhisi<\/h2>\n<p>Kapsaml\u0131 inceleme, dolap kapa\u011f\u0131 mente\u015felerinizi etkileyen belirli sorunlar\u0131 belirlememize yard\u0131mc\u0131 olur. \u0130ster yanl\u0131\u015f hizalama, ister gev\u015fek bir vida veya k\u0131r\u0131k bir mente\u015fe olsun, sorunu tam olarak belirleriz.<\/p>\n<h2>Mente\u015felerin Onar\u0131m\u0131 veya De\u011fi\u015ftirilmesi<\/h2>\n<p>Mente\u015fe sorunlar\u0131n\u0131n ciddiyetine ba\u011fl\u0131 olarak, mevcut mente\u015feleri onarmay\u0131 veya bunlar\u0131 y\u00fcksek kaliteli yedeklerle de\u011fi\u015ftirmeyi i\u00e7erebilen \u00e7\u00f6z\u00fcmler sunuyoruz. Amac\u0131m\u0131z, dolap kapaklar\u0131n\u0131z\u0131n sorunsuz \u00e7al\u0131\u015fmas\u0131n\u0131 ve harika g\u00f6r\u00fcnmesini sa\u011flamakt\u0131r.<\/p>\n<h3>Mente\u015feleri Onarman\u0131n veya De\u011fi\u015ftirmenin Art\u0131lar\u0131 ve Eksileri:<\/h3>\n<h3>Mevcut mente\u015felerin onar\u0131m\u0131:<\/h3>\n<p>Ayn\u0131 delik d\u00fczenini koruyun, yeni delikler a\u00e7maya ve kap\u0131y\u0131 do\u011fru \u015fekilde yerle\u015ftirmeye gerek yok.<\/p>\n<p>Vidalar mevcut deliklere geri yerle\u015ftirilir.<\/p>\n<h3>Yedek mente\u015feler:<\/h3>\n<p>Bazen mevcut delikler e\u015fle\u015febilir, bazen e\u015fle\u015fmeyebilir<\/p>\n<p>De\u011fi\u015ftirilen mente\u015feler mevcut delik d\u00fczenine uyuyorsa g\u00fcncellenmi\u015f bir mente\u015fe \u00f6nerilir.<\/p>\n<p>Aksi takdirde, yeni vida delikleri a\u00e7\u0131labilir. Mente\u015fe kupas\u0131 kap\u0131ya yerle\u015ftirildi\u011finde ve montaj plakas\u0131 kabinin kenar\u0131na sabitlendi\u011finde.<\/p>\n<h2>Dolap Kap\u0131 Mente\u015fesi Onar\u0131m Hizmetlerimizin Faydalar\u0131<\/h2>\n<h3>Geli\u015fmi\u015f \u0130\u015flevsellik<\/h3>\n<p>Dolap kapa\u011f\u0131 mente\u015felerinizi onararak veya de\u011fi\u015ftirerek i\u015flevsellikte \u00f6nemli bir iyile\u015fme ya\u015fayacaks\u0131n\u0131z. G\u0131c\u0131rdayan veya hizas\u0131z kapaklarla u\u011fra\u015fman\u0131za gerek kalmayacak. Dolaplar\u0131n\u0131z sorunsuz ve zahmetsizce \u00e7al\u0131\u015facak.<\/p>\n<h3>Geli\u015ftirilmi\u015f Estetik G\u00f6r\u00fcn\u00fcm<\/h3>\n<p>Dolap kapaklar\u0131 mutfa\u011f\u0131n\u0131zda veya ya\u015fam alan\u0131n\u0131zda \u00f6ne \u00e7\u0131kan bir \u00f6zelliktir. Hizalama bozuklu\u011fu veya k\u0131r\u0131k mente\u015feler gibi estetik sorunlar dolaplar\u0131n\u0131z\u0131n genel g\u00fczelli\u011fini bozabilir. Onar\u0131m hizmetlerimiz dolaplar\u0131n\u0131z\u0131n kusursuz ve \u00e7ekici g\u00f6r\u00fcn\u00fcm\u00fcn\u00fc geri kazand\u0131racakt\u0131r.<\/p>\n<h3>Maliyet Tasarrufu<\/h3>\n<p>Tam dolap de\u011fi\u015fimi yerine mente\u015fe onar\u0131m\u0131n\u0131 tercih etmek maliyet a\u00e7\u0131s\u0131ndan etkili bir tercihtir. Mevcut mente\u015felerinizi onarmak, tamamen yeni dolaplar sat\u0131n alman\u0131n maliyetine k\u0131yasla size \u00f6nemli miktarda tasarruf sa\u011flayabilir.<\/p>\n<h3>Artan Ev De\u011feri<\/h3>\n<p>\u0130yi bak\u0131lm\u0131\u015f dolaplar evinizin genel de\u011ferine katk\u0131da bulunur. Dolap mente\u015fesi onar\u0131m\u0131na yat\u0131r\u0131m yaparak, yaln\u0131zca g\u00fcnl\u00fck ya\u015fam deneyiminizi iyile\u015ftirmekle kalmaz, ayn\u0131 zamanda m\u00fclk\u00fcn\u00fcz\u00fcn yeniden sat\u0131\u015f de\u011ferini de art\u0131r\u0131rs\u0131n\u0131z.<\/p>\n<h3>Daha Fazla Hasar\u0131 \u00d6nlemek<\/h3>\n<p>Mente\u015fe sorunlar\u0131n\u0131 g\u00f6rmezden gelmek zamanla daha kapsaml\u0131 hasarlara yol a\u00e7abilir. Sorunlar\u0131 derhal ele almak gelecekte maliyetli onar\u0131mlar\u0131 veya de\u011fi\u015fimleri \u00f6nlemeye yard\u0131mc\u0131 olur.<\/p>\n<h3>Neden Hizmetlerimizi Se\u00e7melisiniz<\/h3>\n<p>Uzmanl\u0131k: Ekibimiz, dolap mente\u015fesi tamiri konusunda y\u0131llar\u0131n deneyimine sahip, yetenekli profesyonellerden olu\u015fmaktad\u0131r.<\/p>\n<p>Kalite: Uzun \u00f6m\u00fcrl\u00fc sonu\u00e7lar sa\u011flamak i\u00e7in y\u00fcksek kaliteli malzemeler ve yedek mente\u015feler kullan\u0131yoruz.<\/p>\n<p>M\u00fc\u015fteri Memnuniyeti: Amac\u0131m\u0131z sizin memnuniyetinizdir. Ola\u011fan\u00fcst\u00fc sonu\u00e7lar sunmaktan ve beklentilerinizi a\u015fmaktan gurur duyuyoruz.<\/p>\n<h2><\/h2>\n<h2>Bug\u00fcn Bizimle \u0130leti\u015fime Ge\u00e7in<\/h2>\n<p>Ar\u0131zal\u0131 dolap kapa\u011f\u0131 mente\u015felerinin sizi daha fazla rahats\u0131z etmesine izin vermeyin. Profesyonel mente\u015fe onar\u0131m hizmetlerimizle dolaplar\u0131n\u0131z\u0131n i\u015flevselli\u011fini ve g\u00fczelli\u011fini geri kazand\u0131r\u0131n. Bug\u00fcn bizimle ileti\u015fime ge\u00e7erek dan\u0131\u015fmanl\u0131k al\u0131n ve sorunsuz \u00e7al\u0131\u015fan dolap kapaklar\u0131n\u0131n avantajlar\u0131ndan yararlanmaya haz\u0131r olun.<\/p>\n\n\n<div class=\"kk-star-ratings kksr-auto kksr-align-left kksr-valign-bottom\"\n    data-payload='{&quot;align&quot;:&quot;left&quot;,&quot;id&quot;:&quot;1409&quot;,&quot;slug&quot;:&quot;default&quot;,&quot;valign&quot;:&quot;bottom&quot;,&quot;ignore&quot;:&quot;&quot;,&quot;reference&quot;:&quot;auto&quot;,&quot;class&quot;:&quot;&quot;,&quot;count&quot;:&quot;1&quot;,&quot;legendonly&quot;:&quot;&quot;,&quot;readonly&quot;:&quot;&quot;,&quot;score&quot;:&quot;5&quot;,&quot;starsonly&quot;:&quot;&quot;,&quot;best&quot;:&quot;5&quot;,&quot;gap&quot;:&quot;5&quot;,&quot;greet&quot;:&quot;Ata\u015fehir Marangoz Ustas\u0131&quot;,&quot;legend&quot;:&quot;5\\\/5 - 1 Ata\u015fehir Mobilya Tamircisi&quot;,&quot;size&quot;:&quot;24&quot;,&quot;title&quot;:&quot;Ata\u015fehir Profesyonel Dolap Kap\u0131 Mente\u015fesi Onar\u0131m Hizmetleri&quot;,&quot;width&quot;:&quot;142.5&quot;,&quot;_legend&quot;:&quot;{score}\\\/{best} - {count} Ata\u015fehir Mobilya Tamircisi&quot;,&quot;font_factor&quot;:&quot;1.25&quot;}'>\n            \n<div class=\"kksr-stars\">\n    \n<div class=\"kksr-stars-inactive\">\n            <div class=\"kksr-star\" data-star=\"1\" style=\"padding-right: 5px\">\n            \n\n<div class=\"kksr-icon\" style=\"width: 24px; height: 24px;\"><\/div>\n        <\/div>\n            <div class=\"kksr-star\" data-star=\"2\" style=\"padding-right: 5px\">\n            \n\n<div class=\"kksr-icon\" style=\"width: 24px; height: 24px;\"><\/div>\n        <\/div>\n            <div class=\"kksr-star\" data-star=\"3\" style=\"padding-right: 5px\">\n            \n\n<div class=\"kksr-icon\" style=\"width: 24px; height: 24px;\"><\/div>\n        <\/div>\n            <div class=\"kksr-star\" data-star=\"4\" style=\"padding-right: 5px\">\n            \n\n<div class=\"kksr-icon\" style=\"width: 24px; height: 24px;\"><\/div>\n        <\/div>\n            <div class=\"kksr-star\" data-star=\"5\" style=\"padding-right: 5px\">\n            \n\n<div class=\"kksr-icon\" style=\"width: 24px; height: 24px;\"><\/div>\n        <\/div>\n    <\/div>\n    \n<div class=\"kksr-stars-active\" style=\"width: 142.5px;\">\n            <div class=\"kksr-star\" style=\"padding-right: 5px\">\n            \n\n<div class=\"kksr-icon\" style=\"width: 24px; height: 24px;\"><\/div>\n        <\/div>\n            <div class=\"kksr-star\" style=\"padding-right: 5px\">\n            \n\n<div class=\"kksr-icon\" style=\"width: 24px; height: 24px;\"><\/div>\n        <\/div>\n            <div class=\"kksr-star\" style=\"padding-right: 5px\">\n            \n\n<div class=\"kksr-icon\" style=\"width: 24px; height: 24px;\"><\/div>\n        <\/div>\n            <div class=\"kksr-star\" style=\"padding-right: 5px\">\n            \n\n<div class=\"kksr-icon\" style=\"width: 24px; height: 24px;\"><\/div>\n        <\/div>\n            <div class=\"kksr-star\" style=\"padding-right: 5px\">\n            \n\n<div class=\"kksr-icon\" style=\"width: 24px; height: 24px;\"><\/div>\n        <\/div>\n    <\/div>\n<\/div>\n                \n\n<div class=\"kksr-legend\" style=\"font-size: 19.2px;\">\n            5\/5 - 1 Ata\u015fehir Mobilya Tamircisi    <\/div>\n    <\/div>\n","protected":false},"excerpt":{"rendered":"<p>Ata\u015fehir Profesyonel Dolap Kap\u0131 Mente\u015fesi Onar\u0131m Hizmetleri Dolap kapaklar\u0131, mutfa\u011f\u0131n\u0131z\u0131n veya dolapl\u0131 herhangi bir odan\u0131n i\u015flevselli\u011fi ve esteti\u011finde \u00f6nemli bir rol oynar. Ancak zamanla dolap kapa\u011f\u0131 mente\u015feleri y\u0131pranabilir veya sorunlarla kar\u015f\u0131la\u015fabilir ve bu da g\u0131c\u0131rdama, hizas\u0131zl\u0131k veya gev\u015fek kap\u0131lar gibi sorunlara yol a\u00e7abilir. Bu sorunlar yaln\u0131zca kullan\u0131m kolayl\u0131\u011f\u0131n\u0131 de\u011fil, ayn\u0131 zamanda alan\u0131n\u0131z\u0131n genel g\u00f6r\u00fcn\u00fcm\u00fcn\u00fc de etkiler. Profesyonel dolap kapa\u011f\u0131 mente\u015fesi onar\u0131m hizmetlerimizin devreye girdi\u011fi yer buras\u0131d\u0131r. Dolap Kap\u0131 Mente\u015feleri Dolap Kap\u0131 Mente\u015fesi \u00c7e\u015fitleri. U\u00e7 Mente\u015feler:\u00a0Bu geleneksel mente\u015feler dolab\u0131n d\u0131\u015f taraf\u0131nda g\u00f6r\u00fcn\u00fcr ve dayan\u0131kl\u0131l\u0131klar\u0131 ve sa\u011flaml\u0131klar\u0131yla bilinirler. Euro veya Fincan Mente\u015feler: Genellikle modern dolaplarda kullan\u0131lan bu mente\u015feler, dolap kapa\u011f\u0131n\u0131n i\u00e7ine gizlenerek \u015f\u0131k bir g\u00f6r\u00fcn\u00fcm yarat\u0131r. Pivot Mente\u015feler:\u00a0A\u011f\u0131r dolap kapaklar\u0131 i\u00e7in ideal olan pivot mente\u015feler, kap\u0131n\u0131n tek bir noktadan a\u00e7\u0131lmas\u0131n\u0131 sa\u011flayarak benzersiz bir estetik ve i\u015flevsellik sa\u011flar. Gizli Mente\u015feler:\u00a0Ad\u0131ndan da anla\u015f\u0131laca\u011f\u0131 gibi, bu mente\u015feler dolap kapa\u011f\u0131 kapal\u0131yken g\u00f6r\u00fcnmez hale gelerek temiz ve kusursuz bir g\u00f6r\u00fcn\u00fcm sunar. Yayg\u0131n Mente\u015fe Sorunlar\u0131 G\u0131c\u0131rdayan Mente\u015feler:\u00a0Zamanla, mente\u015fe bile\u015fenlerindeki s\u00fcrt\u00fcnme ve a\u015f\u0131nma nedeniyle rahats\u0131z edici g\u0131c\u0131rt\u0131 sesleri geli\u015febilir.&#8230; <a class=\"di-continue-reading\" href=\"https:\/\/www.onlinemarangoz.com.tr\/Atasehir\/atasehir-profesyonel-dolap-kapi-mentesesi-onarim-hizmetleri\/\"> Continue Reading&#8230;<\/a><\/p>\n","protected":false},"author":1,"featured_media":0,"parent":0,"menu_order":22,"comment_status":"closed","ping_status":"closed","template":"","meta":{"footnotes":""},"categories":[1],"tags":[1474],"class_list":["post-1409","page","type-page","status-publish","hentry","category-atasehir-online-marangoz","tag-atasehir-profesyonel-dolap-kapi-mentesesi-onarim-hizmetleri"],"_links":{"self":[{"href":"https:\/\/www.onlinemarangoz.com.tr\/Atasehir\/wp-json\/wp\/v2\/pages\/1409","targetHints":{"allow":["GET"]}}],"collection":[{"href":"https:\/\/www.onlinemarangoz.com.tr\/Atasehir\/wp-json\/wp\/v2\/pages"}],"about":[{"href":"https:\/\/www.onlinemarangoz.com.tr\/Atasehir\/wp-json\/wp\/v2\/types\/page"}],"author":[{"embeddable":true,"href":"https:\/\/www.onlinemarangoz.com.tr\/Atasehir\/wp-json\/wp\/v2\/users\/1"}],"replies":[{"embeddable":true,"href":"https:\/\/www.onlinemarangoz.com.tr\/Atasehir\/wp-json\/wp\/v2\/comments?post=1409"}],"version-history":[{"count":0,"href":"https:\/\/www.onlinemarangoz.com.tr\/Atasehir\/wp-json\/wp\/v2\/pages\/1409\/revisions"}],"wp:attachment":[{"href":"https:\/\/www.onlinemarangoz.com.tr\/Atasehir\/wp-json\/wp\/v2\/media?parent=1409"}],"wp:term":[{"taxonomy":"category","embeddable":true,"href":"https:\/\/www.onlinemarangoz.com.tr\/Atasehir\/wp-json\/wp\/v2\/categories?post=1409"},{"taxonomy":"post_tag","embeddable":true,"href":"https:\/\/www.onlinemarangoz.com.tr\/Atasehir\/wp-json\/wp\/v2\/tags?post=1409"}],"curies":[{"name":"wp","href":"https:\/\/api.w.org\/{rel}","templated":true}]}}