{"id":1728,"date":"2024-10-07T01:08:04","date_gmt":"2024-10-06T22:08:04","guid":{"rendered":"https:\/\/www.onlinemarangoz.com.tr\/Atasehir\/?page_id=1728"},"modified":"2024-10-07T01:38:36","modified_gmt":"2024-10-06T22:38:36","slug":"atasehir-sallanan-sandalye-tamircisi","status":"publish","type":"page","link":"https:\/\/www.onlinemarangoz.com.tr\/Atasehir\/atasehir-sallanan-sandalye-tamircisi\/","title":{"rendered":"Ata\u015fehir Sallanan Sandalye Tamircisi"},"content":{"rendered":"<p>Ata\u015fehir Sallanan Sandalye Tamircisi &#8211; Sallanan Sandalye Tamircisi Telefon 554 858 1312, Anadolu Yakas\u0131 Ata\u015fehir Sallanan Sandalye Tamircisi, Sallanan Sandalye Tamircisi, Sallanan Sandalye Tamiri At\u00f6lyesi, K\u0131r\u0131k Sallanan Sandalye Tamircisi, Ah\u015fap Sallanan Sandalye Tamircisi, G\u0131c\u0131rdayan Sallanan Sandalye Tamircisi, K\u0131r\u0131k Sallanan Sandalye Aya\u011f\u0131 Tamircisi,\u00a0Ata\u015fehir Sallanan Sandalye Tamircisi, g\u00fcvenilir ve uzman bir marangozluk hizmetine ihtiyac\u0131n\u0131z varsa , bug\u00fcn bizimle ileti\u015fime ge\u00e7in. \u0130htiya\u00e7lar\u0131n\u0131z hakk\u0131nda size hi\u00e7bir y\u00fck\u00fcml\u00fcl\u00fck veya maliyet getirmeden hizmetlerimiz i\u00e7in bir teklif sunaca\u011f\u0131z. Sallanan Sandalye Tamircisi Ata\u015fehir, rakipsiz oranlar\u0131m\u0131z ve ayr\u0131nt\u0131lara g\u00f6sterdi\u011fimiz \u00f6zenle gurur duyuyoruz! Projenizin \u00f6zenle ve uzmanl\u0131kla ele al\u0131nd\u0131\u011f\u0131ndan emin olabilirsiniz. Ba\u015flamak i\u00e7in bizi 0554 858 1312, numaral\u0131 telefondan aray\u0131n veya whatsapp bize bir mesaj b\u0131rak\u0131n . Ata\u015fehir Eski Sallanan Sandalye Tamircisi, ola\u011fan\u00fcst\u00fc\u00a0hizmetimizle size yard\u0131mc\u0131 olmaktan heyecan duyuyoruz\u00a0!<\/p>\n<p><img fetchpriority=\"high\" decoding=\"async\" class=\"size-full wp-image-796 alignleft\" style=\"letter-spacing: 0.5px; word-spacing: 0.5px;\" src=\"https:\/\/www.onlinemarangoz.com.tr\/Atasehir\/wp-content\/uploads\/Atasehir-Sandalye-Tamir-Servis.jpg\" alt=\"Ata\u015fehir Sandalye Tamiri\" width=\"500\" height=\"250\" srcset=\"https:\/\/www.onlinemarangoz.com.tr\/Atasehir\/wp-content\/uploads\/Atasehir-Sandalye-Tamir-Servis.jpg 500w, https:\/\/www.onlinemarangoz.com.tr\/Atasehir\/wp-content\/uploads\/Atasehir-Sandalye-Tamir-Servis-300x150.jpg 300w\" sizes=\"(max-width: 500px) 100vw, 500px\" \/><\/p>\n<h2>Ata\u015fehir Sallanan Sandalye Tamircisi.<\/h2>\n<p>Ata\u015fehir Ah\u015fap Sallanan Sandalye Tamircisi, ah\u015fap sallanan sandalye tamiri veya ba\u015fka bir ah\u015fap sandalye tamir hizmetine ihtiyac\u0131n\u0131z varsa, Ata\u015fehir G\u0131c\u0131rdayan Sallanan Sandalye Tamircisi, size yard\u0131mc\u0131 olmak i\u00e7in buraday\u0131z. Bize ula\u015ft\u0131\u011f\u0131n\u0131zda, bilgili ve g\u00fcler y\u00fczl\u00fc personelimiz size yard\u0131mc\u0131 olmaya haz\u0131r olacakt\u0131r. Ata\u015fehir K\u0131r\u0131k Sallanan Sandalye Aya\u011f\u0131 Tamircisi, ihtiya\u00e7lar\u0131n\u0131z\u0131 g\u00f6r\u00fc\u015febilir, \u00fccretsiz dan\u0131\u015fmanl\u0131k sa\u011flayabilir ve onar\u0131m veya restorasyon \u00e7al\u0131\u015fmalar\u0131 i\u00e7in bir tahmin sunabiliriz. Ata\u015fehir Sallanan Sandalye Tamircisi&#8217; ile 0554 858 1312, numaral\u0131 telefondan ileti\u015fime ge\u00e7in ve ah\u015fap sallanan sandalyenize veya ba\u015fka bir mobilya par\u00e7as\u0131na yeni bir hayat verelim. Ata\u015fehir Eski Sallanan Sandalye Tamircisi, Size hizmet etmeyi ve de\u011ferli e\u015fyalar\u0131n\u0131z\u0131 orijinal ihti\u015famlar\u0131na geri d\u00f6nd\u00fcrmeyi d\u00f6rt g\u00f6zle bekliyoruz.<\/p>\n<figure id=\"attachment_1421\" aria-describedby=\"caption-attachment-1421\" style=\"width: 300px\" class=\"wp-caption alignright\"><img decoding=\"async\" class=\"wp-image-1421 size-full\" title=\"Ah\u015fap Sallanan Sandalye Tamircisi\" src=\"https:\/\/www.onlinemarangoz.com.tr\/Atasehir\/wp-content\/uploads\/Atasehir-Sallanan-SandalyeTamircisi.jpg\" alt=\"Ah\u015fap Sallanan Sandalye Tamircisi\" width=\"300\" height=\"300\" srcset=\"https:\/\/www.onlinemarangoz.com.tr\/Atasehir\/wp-content\/uploads\/Atasehir-Sallanan-SandalyeTamircisi.jpg 300w, https:\/\/www.onlinemarangoz.com.tr\/Atasehir\/wp-content\/uploads\/Atasehir-Sallanan-SandalyeTamircisi-150x150.jpg 150w, https:\/\/www.onlinemarangoz.com.tr\/Atasehir\/wp-content\/uploads\/Atasehir-Sallanan-SandalyeTamircisi-90x90.jpg 90w\" sizes=\"(max-width: 300px) 100vw, 300px\" \/><figcaption id=\"caption-attachment-1421\" class=\"wp-caption-text\">Ah\u015fap Sallanan Sandalye Tamircisi<\/figcaption><\/figure>\n<h3>Ata\u015fehir K\u0131r\u0131k Sallanan Sandalye Tamircisi.<\/h3>\n<p>Ata\u015fehir K\u0131r\u0131k Sallanan Sandalye Tamircisi, ihtiya\u00e7lar\u0131n\u0131zda size yard\u0131mc\u0131 olacak uzman bir Marangozluk Hizmeti mi ar\u0131yorsunuz ? Ata\u015fehir Ah\u015fap Sallanan Sandalye Tamircisi, ba\u015fkas\u0131na bakmay\u0131n! Herhangi bir i\u015f i\u00e7in m\u00fckemmel g\u00f6r\u00fcn\u00fcm\u00fc yaratman\u0131za yard\u0131mc\u0131 olabilecek g\u00fcvenilir ve rakipsiz Marangozluk Hizmeti sa\u011fl\u0131yoruz. Ata\u015fehir K\u0131r\u0131k Sallanan Sandalye Tamircisi, en y\u00fcksek kalitede tamamlanmas\u0131n\u0131 sa\u011flayacak beceri ve uzmanl\u0131\u011fa sahiptir. Rekabet\u00e7i fiyatlar\u0131 ve m\u00fckemmel m\u00fc\u015fteri hizmetleriyle, en iyi sandalye tamiri yapt\u0131\u011f\u0131n\u0131zdan emin olabilirsiniz. Ata\u015fehir Sallanan Sandalye Tamiri At\u00f6lyesi, kalitenin bir maliyeti oldu\u011funu anl\u0131yoruz. Ancak, m\u00fc\u015fterilerimizin paralar\u0131n\u0131n kar\u015f\u0131l\u0131\u011f\u0131n\u0131 almay\u0131 hak etti\u011fine de inan\u0131yoruz. Bu nedenle, Ata\u015fehir K\u0131r\u0131k Sallanan Sandalye Aya\u011f\u0131 Tamircisi, hizmetlerimiz i\u00e7in rakipsiz fiyatlar sunuyoruz. Fiyatlar\u0131m\u0131z\u0131n, i\u015fin kalitesinden \u00f6d\u00fcn vermeden rekabet\u00e7i oldu\u011fundan emin olabilirsiniz. G\u00fcvenilirli\u011fimiz, Ata\u015fehir G\u0131c\u0131rdayan Sallanan Sandalye Tamircisi, marangozluk hizmeti i\u00e7in tercih edilen se\u00e7enek olmam\u0131z\u0131n nedenlerinden biridir . Zaman\u0131n \u00f6nemli oldu\u011funu anl\u0131yoruz ve bu nedenle her zaman zaman\u0131nda teslim etmeye \u00e7al\u0131\u015f\u0131yoruz. Dahas\u0131, Sallanan Sandalye Tamircisi Ata\u015fehir, kararla\u015ft\u0131r\u0131lan zaman \u00e7izelgesi i\u00e7inde kaliteli i\u015f sunarak m\u00fc\u015fterilerimizin beklentilerini a\u015fmaya kararl\u0131y\u0131z. Ata\u015fehir Sallanan Sandalye Tamircisi, i\u00e7in randevu almak kolay ve rahatt\u0131r. 0554 858 1312 numaral\u0131 telefondan bize ula\u015fman\u0131z yeterlidir, Ata\u015fehir K\u0131r\u0131k Sallanan Sandalye Tamircisi, sizin i\u00e7in en uygun zaman\u0131 ayarlaman\u0131za yard\u0131mc\u0131 olacakt\u0131r. Program\u0131n\u0131za uyum sa\u011flamak i\u00e7in esnek randevu aral\u0131klar\u0131 sunuyoruz.<\/p>\n<figure id=\"attachment_1735\" aria-describedby=\"caption-attachment-1735\" style=\"width: 250px\" class=\"wp-caption alignleft\"><img decoding=\"async\" class=\"wp-image-1735\" src=\"https:\/\/www.onlinemarangoz.com.tr\/Atasehir\/wp-content\/uploads\/Kirik-Sallanan-Sandalye-Tamircisi.jpg\" alt=\"K\u0131r\u0131k Sallanan Sandalye Tamircisi\" width=\"250\" height=\"250\" srcset=\"https:\/\/www.onlinemarangoz.com.tr\/Atasehir\/wp-content\/uploads\/Kirik-Sallanan-Sandalye-Tamircisi.jpg 300w, https:\/\/www.onlinemarangoz.com.tr\/Atasehir\/wp-content\/uploads\/Kirik-Sallanan-Sandalye-Tamircisi-150x150.jpg 150w, https:\/\/www.onlinemarangoz.com.tr\/Atasehir\/wp-content\/uploads\/Kirik-Sallanan-Sandalye-Tamircisi-90x90.jpg 90w\" sizes=\"(max-width: 250px) 100vw, 250px\" \/><figcaption id=\"caption-attachment-1735\" class=\"wp-caption-text\">K\u0131r\u0131k Sallanan Sandalye Tamircisi<\/figcaption><\/figure>\n<h4>Ata\u015fehir Ah\u015fap Sallanan Sandalye Tamircisi<\/h4>\n<p align=\"CENTER\">Ata\u015fehir Sallanan Sandalye Tamircisi&#8221; konusunda son derece deneyimliyiz ve y\u00fcksek standartta ve Ata\u015fehir K\u0131r\u0131k Sallanan Sandalye Tamircisi, konusunda becerikliyiz. Ata\u015fehir Ah\u015fap Sallanan Sandalye Tamircisi, Size uygun bir zamanda gelebilir ve evinize minimum \u015fekilde her \u015feyin k\u0131sa s\u00fcrede Ray Dolap Tamiri edilmesini sa\u011flayabiliriz. Ata\u015fehir G\u0131c\u0131rdayan Sallanan Sandalye Tamircisi\u00a0&#8211; i\u00e7in bizi Pazartesi&#8217;den Cumartesi&#8217;ye Sabah 09:00 \u2013 Ak\u015fam 20:00 saatleri aras\u0131nda {\u00a0Ata\u015fehir K\u0131r\u0131k Sallanan Sandalye Aya\u011f\u0131 Tamircisi\u00a0} hakk\u0131nda daha fazla bilgi almak i\u00e7in bize 0554 858 1312&#8221; numaral\u0131 telefondan bize ula\u015fabilir WhatsApp arac\u0131l\u0131\u011f\u0131yla do\u011frudan mesaj g\u00f6nderebilirsiniz. ((\u00a0Ata\u015fehir Sallanan Sandalye Tamiri At\u00f6lyesi\u00a0)) i\u00e7in l\u00fctfen bizimle ileti\u015fime ge\u00e7in. ((\u00a0Sallanan Sandalye Tamircisi Ata\u015fehir\u00a0)) size yard\u0131mc\u0131 olmaktan mutluluk duyar\u0131z.<\/p>\n<table style=\"border-collapse: collapse; width: 100%;\">\n<tbody>\n<tr>\n<td>\n<h2>Ata\u015fehir Sallanan Sandalye Tamircisi Whatsapp \u0130leti\u015fim.<\/h2>\n<p><img loading=\"lazy\" decoding=\"async\" class=\"size-full wp-image-1218 aligncenter\" src=\"https:\/\/www.onlinemarangoz.com.tr\/Atasehir\/wp-content\/uploads\/Whatsapp-Tikla-Mesaj-At.jpg\" alt=\"\" width=\"350\" height=\"120\" srcset=\"https:\/\/www.onlinemarangoz.com.tr\/Atasehir\/wp-content\/uploads\/Whatsapp-Tikla-Mesaj-At.jpg 350w, https:\/\/www.onlinemarangoz.com.tr\/Atasehir\/wp-content\/uploads\/Whatsapp-Tikla-Mesaj-At-300x103.jpg 300w\" sizes=\"(max-width: 350px) 100vw, 350px\" \/><\/td>\n<td style=\"width: 50%;\">\n<h2>Ata\u015fehir Sallanan Sandalye Tamircisi Telefon.<\/h2>\n<p><img loading=\"lazy\" decoding=\"async\" class=\"size-full wp-image-1217 aligncenter\" src=\"https:\/\/www.onlinemarangoz.com.tr\/Atasehir\/wp-content\/uploads\/Telefon-Tikla-Mesaj-At.jpg\" alt=\"\" width=\"350\" height=\"120\" srcset=\"https:\/\/www.onlinemarangoz.com.tr\/Atasehir\/wp-content\/uploads\/Telefon-Tikla-Mesaj-At.jpg 350w, https:\/\/www.onlinemarangoz.com.tr\/Atasehir\/wp-content\/uploads\/Telefon-Tikla-Mesaj-At-300x103.jpg 300w\" sizes=\"(max-width: 350px) 100vw, 350px\" \/><\/td>\n<\/tr>\n<\/tbody>\n<\/table>\n\n\n<div class=\"kk-star-ratings kksr-auto kksr-align-left kksr-valign-bottom\"\n    data-payload='{&quot;align&quot;:&quot;left&quot;,&quot;id&quot;:&quot;1728&quot;,&quot;slug&quot;:&quot;default&quot;,&quot;valign&quot;:&quot;bottom&quot;,&quot;ignore&quot;:&quot;&quot;,&quot;reference&quot;:&quot;auto&quot;,&quot;class&quot;:&quot;&quot;,&quot;count&quot;:&quot;5&quot;,&quot;legendonly&quot;:&quot;&quot;,&quot;readonly&quot;:&quot;&quot;,&quot;score&quot;:&quot;5&quot;,&quot;starsonly&quot;:&quot;&quot;,&quot;best&quot;:&quot;5&quot;,&quot;gap&quot;:&quot;5&quot;,&quot;greet&quot;:&quot;Ata\u015fehir Marangoz Ustas\u0131&quot;,&quot;legend&quot;:&quot;5\\\/5 - 5 Ata\u015fehir Mobilya Tamircisi&quot;,&quot;size&quot;:&quot;24&quot;,&quot;title&quot;:&quot;Ata\u015fehir Sallanan Sandalye Tamircisi&quot;,&quot;width&quot;:&quot;142.5&quot;,&quot;_legend&quot;:&quot;{score}\\\/{best} - {count} Ata\u015fehir Mobilya Tamircisi&quot;,&quot;font_factor&quot;:&quot;1.25&quot;}'>\n            \n<div class=\"kksr-stars\">\n    \n<div class=\"kksr-stars-inactive\">\n            <div class=\"kksr-star\" data-star=\"1\" style=\"padding-right: 5px\">\n            \n\n<div class=\"kksr-icon\" style=\"width: 24px; height: 24px;\"><\/div>\n        <\/div>\n            <div class=\"kksr-star\" data-star=\"2\" style=\"padding-right: 5px\">\n            \n\n<div class=\"kksr-icon\" style=\"width: 24px; height: 24px;\"><\/div>\n        <\/div>\n            <div class=\"kksr-star\" data-star=\"3\" style=\"padding-right: 5px\">\n            \n\n<div class=\"kksr-icon\" style=\"width: 24px; height: 24px;\"><\/div>\n        <\/div>\n            <div class=\"kksr-star\" data-star=\"4\" style=\"padding-right: 5px\">\n            \n\n<div class=\"kksr-icon\" style=\"width: 24px; height: 24px;\"><\/div>\n        <\/div>\n            <div class=\"kksr-star\" data-star=\"5\" style=\"padding-right: 5px\">\n            \n\n<div class=\"kksr-icon\" style=\"width: 24px; height: 24px;\"><\/div>\n        <\/div>\n    <\/div>\n    \n<div class=\"kksr-stars-active\" style=\"width: 142.5px;\">\n            <div class=\"kksr-star\" style=\"padding-right: 5px\">\n            \n\n<div class=\"kksr-icon\" style=\"width: 24px; height: 24px;\"><\/div>\n        <\/div>\n            <div class=\"kksr-star\" style=\"padding-right: 5px\">\n            \n\n<div class=\"kksr-icon\" style=\"width: 24px; height: 24px;\"><\/div>\n        <\/div>\n            <div class=\"kksr-star\" style=\"padding-right: 5px\">\n            \n\n<div class=\"kksr-icon\" style=\"width: 24px; height: 24px;\"><\/div>\n        <\/div>\n            <div class=\"kksr-star\" style=\"padding-right: 5px\">\n            \n\n<div class=\"kksr-icon\" style=\"width: 24px; height: 24px;\"><\/div>\n        <\/div>\n            <div class=\"kksr-star\" style=\"padding-right: 5px\">\n            \n\n<div class=\"kksr-icon\" style=\"width: 24px; height: 24px;\"><\/div>\n        <\/div>\n    <\/div>\n<\/div>\n                \n\n<div class=\"kksr-legend\" style=\"font-size: 19.2px;\">\n            5\/5 - 5 Ata\u015fehir Mobilya Tamircisi    <\/div>\n    <\/div>\n","protected":false},"excerpt":{"rendered":"<p>Ata\u015fehir Sallanan Sandalye Tamircisi &#8211; Sallanan Sandalye Tamircisi Telefon 554 858 1312, Anadolu Yakas\u0131 Ata\u015fehir Sallanan Sandalye Tamircisi, Sallanan Sandalye Tamircisi, Sallanan Sandalye Tamiri At\u00f6lyesi, K\u0131r\u0131k Sallanan Sandalye Tamircisi, Ah\u015fap Sallanan Sandalye Tamircisi, G\u0131c\u0131rdayan Sallanan Sandalye Tamircisi, K\u0131r\u0131k Sallanan Sandalye Aya\u011f\u0131 Tamircisi,\u00a0Ata\u015fehir Sallanan Sandalye Tamircisi, g\u00fcvenilir ve uzman bir marangozluk hizmetine ihtiyac\u0131n\u0131z varsa , bug\u00fcn bizimle ileti\u015fime ge\u00e7in. \u0130htiya\u00e7lar\u0131n\u0131z hakk\u0131nda size hi\u00e7bir y\u00fck\u00fcml\u00fcl\u00fck veya maliyet getirmeden hizmetlerimiz i\u00e7in bir teklif sunaca\u011f\u0131z. Sallanan Sandalye Tamircisi Ata\u015fehir, rakipsiz oranlar\u0131m\u0131z ve ayr\u0131nt\u0131lara g\u00f6sterdi\u011fimiz \u00f6zenle gurur duyuyoruz! Projenizin \u00f6zenle ve uzmanl\u0131kla ele al\u0131nd\u0131\u011f\u0131ndan emin olabilirsiniz. Ba\u015flamak i\u00e7in bizi 0554 858 1312, numaral\u0131 telefondan aray\u0131n veya whatsapp bize bir mesaj b\u0131rak\u0131n . Ata\u015fehir Eski Sallanan Sandalye Tamircisi, ola\u011fan\u00fcst\u00fc\u00a0hizmetimizle size yard\u0131mc\u0131 olmaktan heyecan duyuyoruz\u00a0! Ata\u015fehir Sallanan Sandalye Tamircisi. Ata\u015fehir Ah\u015fap Sallanan Sandalye Tamircisi, ah\u015fap sallanan sandalye tamiri veya ba\u015fka bir ah\u015fap sandalye tamir hizmetine ihtiyac\u0131n\u0131z varsa, Ata\u015fehir G\u0131c\u0131rdayan Sallanan Sandalye Tamircisi, size yard\u0131mc\u0131 olmak i\u00e7in buraday\u0131z. Bize ula\u015ft\u0131\u011f\u0131n\u0131zda, bilgili ve g\u00fcler y\u00fczl\u00fc personelimiz size yard\u0131mc\u0131 olmaya&#8230; <a class=\"di-continue-reading\" href=\"https:\/\/www.onlinemarangoz.com.tr\/Atasehir\/atasehir-sallanan-sandalye-tamircisi\/\"> Continue Reading&#8230;<\/a><\/p>\n","protected":false},"author":1,"featured_media":0,"parent":0,"menu_order":900,"comment_status":"closed","ping_status":"closed","template":"","meta":{"footnotes":""},"categories":[1],"tags":[1471,1472,1473,1470,1467,1469,1468],"class_list":["post-1728","page","type-page","status-publish","hentry","category-atasehir-online-marangoz","tag-atasehir-ahsap-sallanan-sandalye-tamircisi","tag-atasehir-gicirdayan-sallanan-sandalye-tamircisi","tag-atasehir-kirik-sallanan-sandalye-ayagi-tamircisi","tag-atasehir-kirik-sallanan-sandalye-tamircisi","tag-atasehir-sallanan-sandalye-tamircisi","tag-atasehir-sallanan-sandalye-tamiri-atolyesi","tag-sallanan-sandalye-tamircisi-atasehir"],"_links":{"self":[{"href":"https:\/\/www.onlinemarangoz.com.tr\/Atasehir\/wp-json\/wp\/v2\/pages\/1728","targetHints":{"allow":["GET"]}}],"collection":[{"href":"https:\/\/www.onlinemarangoz.com.tr\/Atasehir\/wp-json\/wp\/v2\/pages"}],"about":[{"href":"https:\/\/www.onlinemarangoz.com.tr\/Atasehir\/wp-json\/wp\/v2\/types\/page"}],"author":[{"embeddable":true,"href":"https:\/\/www.onlinemarangoz.com.tr\/Atasehir\/wp-json\/wp\/v2\/users\/1"}],"replies":[{"embeddable":true,"href":"https:\/\/www.onlinemarangoz.com.tr\/Atasehir\/wp-json\/wp\/v2\/comments?post=1728"}],"version-history":[{"count":0,"href":"https:\/\/www.onlinemarangoz.com.tr\/Atasehir\/wp-json\/wp\/v2\/pages\/1728\/revisions"}],"wp:attachment":[{"href":"https:\/\/www.onlinemarangoz.com.tr\/Atasehir\/wp-json\/wp\/v2\/media?parent=1728"}],"wp:term":[{"taxonomy":"category","embeddable":true,"href":"https:\/\/www.onlinemarangoz.com.tr\/Atasehir\/wp-json\/wp\/v2\/categories?post=1728"},{"taxonomy":"post_tag","embeddable":true,"href":"https:\/\/www.onlinemarangoz.com.tr\/Atasehir\/wp-json\/wp\/v2\/tags?post=1728"}],"curies":[{"name":"wp","href":"https:\/\/api.w.org\/{rel}","templated":true}]}}