{"id":2152,"date":"2024-10-28T23:44:05","date_gmt":"2024-10-28T20:44:05","guid":{"rendered":"https:\/\/www.onlinemarangoz.com.tr\/Atasehir\/?page_id=2152"},"modified":"2024-10-28T23:46:53","modified_gmt":"2024-10-28T20:46:53","slug":"atasehir-surgulu-kapi-tamir","status":"publish","type":"page","link":"https:\/\/www.onlinemarangoz.com.tr\/Atasehir\/atasehir-surgulu-kapi-tamir\/","title":{"rendered":"Ata\u015fehir S\u00fcrg\u00fcl\u00fc Kap\u0131 Tamir"},"content":{"rendered":"<h2>Ata\u015fehir S\u00fcrg\u00fcl\u00fc Kap\u0131 Tamiri<\/h2>\n<p>Ata\u015fehir S\u00fcrg\u00fcl\u00fc Kap\u0131 Tamiri, ho\u015f geldiniz &#8211; birinci s\u0131n\u0131f Ata\u015fehir S\u00fcrg\u00fcl\u00fc kap\u0131 onar\u0131m hizmetleri i\u00e7in en \u00f6nemli adresiniz. M\u00fclk\u00fcn\u00fcz\u00fcn konforu, g\u00fcvenli\u011fi ve estetik \u00e7ekicili\u011fi i\u00e7in Ata\u015fehir S\u00fcrg\u00fcl\u00fc kap\u0131lar\u0131n sorunsuz \u00e7al\u0131\u015fmas\u0131n\u0131n \u00f6nemini anl\u0131yoruz. Profesyonellerden olu\u015fan \u00f6zverili ekibimiz ve y\u0131llar\u0131n deneyimiyle, Ata\u015fehir S\u00fcrg\u00fcl\u00fc kap\u0131lar\u0131n\u0131z\u0131n kusursuz bir \u015fekilde \u00e7al\u0131\u015fmas\u0131n\u0131 sa\u011flamak i\u00e7in buraday\u0131z.<\/p>\n<h3>Ata\u015fehir S\u00fcrg\u00fcl\u00fc Kap\u0131 Tamiriniz \u0130\u00e7in Neden Bizi Se\u00e7melisiniz?<\/h3>\n<ol>\n<li><b>Uzman Teknisyenler:<\/b>\u00a0Ekibimiz, \u00e7e\u015fitli Ata\u015fehir S\u00fcrg\u00fcl\u00fc kap\u0131 sistemleri hakk\u0131nda derin bir anlay\u0131\u015fa sahip yetenekli teknisyenlerden olu\u015fur. \u0130ster k\u00fc\u00e7\u00fck bir aksakl\u0131k ister karma\u015f\u0131k bir sorun olsun, uzmanlar\u0131m\u0131z bunu do\u011fru bir \u015fekilde te\u015fhis edip onarmak i\u00e7in gereken bilgiye sahiptir.<\/li>\n<li><b>Kapsaml\u0131 Onar\u0131mlar:<\/b>\u00a0Pencere denge onar\u0131mlar\u0131, ray yeniden hizalama, silindir de\u011fi\u015fimi, kulp ve kilit onar\u0131mlar\u0131, hava s\u0131y\u0131rma ve daha fazlas\u0131 dahil olmak \u00fczere kapsaml\u0131 bir Ata\u015fehir S\u00fcrg\u00fcl\u00fc kap\u0131 onar\u0131m hizmetleri yelpazesi sunuyoruz. Sorun ne olursa olsun, \u00e7\u00f6z\u00fcm\u00fcm\u00fcz var.<\/li>\n<li><b>Verimli \u00c7\u00f6z\u00fcmler:<\/b> <i>Ata\u015fehir S\u00fcrg\u00fcl\u00fc Kap\u0131 Tamiri<\/i> verimli ve uzun \u00f6m\u00fcrl\u00fc onar\u0131mlara inan\u0131yoruz. Amac\u0131m\u0131z sorunu sadece ge\u00e7ici olarak \u00e7\u00f6zmek de\u011fil, ayn\u0131 zamanda Ata\u015fehir S\u00fcrg\u00fcl\u00fc kap\u0131lar\u0131n\u0131z\u0131n ve pencerelerinizin \u00f6n\u00fcm\u00fczdeki y\u0131llarda sorunsuz \u00e7al\u0131\u015fmas\u0131n\u0131 sa\u011flamakt\u0131r.<\/li>\n<li><b>Yerel Uzmanl\u0131k:<\/b>\u00a0Yerel bir i\u015fletme olarak, Ata\u015fehir S\u00fcrg\u00fcl\u00fc kap\u0131lar\u0131n kar\u015f\u0131la\u015ft\u0131\u011f\u0131 benzersiz zorluklar\u0131 anl\u0131yoruz.<\/li>\n<\/ol>\n<h3>Ata\u015fehir S\u00fcrg\u00fcl\u00fc Kap\u0131 Onar\u0131m S\u00fcrecimiz<\/h3>\n<ol>\n<li><b>De\u011ferlendirme:<\/b> S\u00fcrg\u00fcl\u00fc kap\u0131lar\u0131n\u0131z\u0131n durumunu ayr\u0131nt\u0131l\u0131 bir \u015fekilde de\u011ferlendirerek, altta yatan sorunlar\u0131 belirleyerek ba\u015fl\u0131yoruz.<\/li>\n<li><b>\u00d6zel \u00c7\u00f6z\u00fcmler:<\/b>\u00a0De\u011ferlendirmeye dayanarak, kap\u0131lar\u0131n\u0131z\u0131n \u00f6zel sorunlar\u0131n\u0131 \u00e7\u00f6zen \u00f6zelle\u015ftirilmi\u015f bir onar\u0131m plan\u0131 olu\u015fturuyoruz.<\/li>\n<li><b>Uzman Onar\u0131mlar:<\/b>\u00a0Deneyimli teknisyenlerimiz, y\u00fcksek kaliteli malzemeler ve hassas teknikler kullanarak gerekli onar\u0131mlar\u0131 ger\u00e7ekle\u015ftirir.<\/li>\n<li><b>Test ve Muayene:<\/b>\u00a0Hizmeti tamamlamadan \u00f6nce, kap\u0131lar\u0131n m\u00fckemmel \u015fekilde \u00e7al\u0131\u015ft\u0131\u011f\u0131ndan ve kalite standartlar\u0131m\u0131z\u0131 kar\u015f\u0131lad\u0131\u011f\u0131ndan emin olmak i\u00e7in onlar\u0131 titizlikle test ediyoruz.<\/li>\n<\/ol>\n<h3>M\u00fc\u015fteri Memnuniyeti \u00d6nceli\u011fimizdir<\/h3>\n<p>Ata\u015fehir S\u00fcrg\u00fcl\u00fc Kap\u0131 Tamiri, m\u00fc\u015fteri memnuniyeti yapt\u0131\u011f\u0131m\u0131z her \u015feyin merkezindedir. S\u00fcrg\u00fcl\u00fc kap\u0131lar\u0131n\u0131z\u0131n i\u015flevselli\u011fini ve g\u00fczelli\u011fini geri kazand\u0131rmaktan gurur duyuyoruz ve her onar\u0131m i\u015finde beklentilerinizi a\u015fmay\u0131 hedefliyoruz.<\/p>\n<p>Ata\u015fehir S\u00fcrg\u00fcl\u00fc kap\u0131lar\u0131n\u0131zda a\u015f\u0131nma ve y\u0131pranma, ar\u0131za veya ba\u015fka sorunlar varsa bizimle ileti\u015fime ge\u00e7mekten \u00e7ekinmeyin. Biz sizin g\u00fcvenilir profesyonel\u00a0Ata\u015fehir S\u00fcrg\u00fcl\u00fc kap\u0131 onar\u0131m. Ata\u015fehir S\u00fcrg\u00fcl\u00fc kap\u0131lar\u0131n\u0131z\u0131n bir kez daha kusursuz rahatl\u0131k ve zarafet d\u00fcnyas\u0131na a\u00e7\u0131lmas\u0131n\u0131 sa\u011flayal\u0131m.<\/p>\n<table style=\"border-collapse: collapse; width: 100%;\">\n<tbody>\n<tr>\n<td style=\"width: 33.3333%;\">\n<h4 style=\"text-align: center;\"><strong>S\u00fcrg\u00fcl\u00fc kap\u0131m a\u00e7\u0131l\u0131p kapanmas\u0131 zor. Sorun ne olabilir?<\/strong><\/h4>\n<p style=\"text-align: center;\">S\u00fcrg\u00fcl\u00fc kap\u0131larda zorluk, raylardaki kir veya d\u00f6k\u00fcnt\u00fc, a\u015f\u0131nm\u0131\u015f silindirler veya yanl\u0131\u015f hizalanm\u0131\u015f raylar gibi \u00e7e\u015fitli sorunlardan kaynaklanabilir. Raylar\u0131 temizlemek ve silindirleri ya\u011flamak genellikle sorunu \u00e7\u00f6zebilir, ancak daha ciddi durumlarda profesyonel inceleme gerekebilir.<\/p>\n<\/td>\n<td style=\"width: 33.3333%;\">\n<h5 style=\"text-align: center;\"><strong>S\u00fcrg\u00fcl\u00fc kap\u0131y\u0131 kayd\u0131rd\u0131\u011f\u0131mda y\u00fcksek bir ses \u00e7\u0131k\u0131yor. Bunun sebebi ne olabilir?<\/strong><\/h5>\n<p style=\"text-align: center;\">Kap\u0131y\u0131 kayd\u0131r\u0131rken y\u00fcksek bir ses \u00e7\u0131kmas\u0131, silindirlerde a\u015f\u0131nm\u0131\u015f veya hasarl\u0131 silindirler veya raylarda s\u0131k\u0131\u015fm\u0131\u015f kal\u0131nt\u0131lar gibi sorunlara i\u015faret ediyor olabilir. Raylar\u0131 ve silindirleri temizlemek ve ya\u011flamak gibi d\u00fczenli bak\u0131m, bu t\u00fcr sorunlar\u0131 \u00f6nlemeye yard\u0131mc\u0131 olabilir.<\/p>\n<\/td>\n<td style=\"width: 33.3333%;\">\n<h6 style=\"text-align: center;\"><strong>S\u00fcrg\u00fcl\u00fc kap\u0131m ray\u0131ndan \u00e7\u0131kt\u0131. Nas\u0131l d\u00fczeltebilirim?<\/strong><\/h6>\n<p style=\"text-align: center;\">S\u00fcrg\u00fcl\u00fc kap\u0131n\u0131z ray\u0131ndan \u00e7\u0131kt\u0131ysa, yeniden hizalanmas\u0131 gerekebilir. \u0130lk olarak, kap\u0131y\u0131 kald\u0131rarak ve i\u00e7eriye do\u011fru e\u011ferek \u00e7\u0131kar\u0131n. Sonra, raylarda kal\u0131nt\u0131 veya engel olup olmad\u0131\u011f\u0131n\u0131 kontrol edin ve iyice temizleyin. Ard\u0131ndan, kap\u0131y\u0131 dikkatlice raylar\u0131n \u00fczerine geri yerle\u015ftirin ve sorunsuz bir \u015fekilde kayd\u0131\u011f\u0131ndan emin olun. Sorun devam ederse, altta yatan ray veya silindir sorunlar\u0131n\u0131 gidermek i\u00e7in profesyonel onar\u0131m gerekebilir.<\/p>\n<\/td>\n<\/tr>\n<\/tbody>\n<\/table>\n\n\n<div class=\"kk-star-ratings kksr-auto kksr-align-left kksr-valign-bottom\"\n    data-payload='{&quot;align&quot;:&quot;left&quot;,&quot;id&quot;:&quot;2152&quot;,&quot;slug&quot;:&quot;default&quot;,&quot;valign&quot;:&quot;bottom&quot;,&quot;ignore&quot;:&quot;&quot;,&quot;reference&quot;:&quot;auto&quot;,&quot;class&quot;:&quot;&quot;,&quot;count&quot;:&quot;5&quot;,&quot;legendonly&quot;:&quot;&quot;,&quot;readonly&quot;:&quot;&quot;,&quot;score&quot;:&quot;5&quot;,&quot;starsonly&quot;:&quot;&quot;,&quot;best&quot;:&quot;5&quot;,&quot;gap&quot;:&quot;5&quot;,&quot;greet&quot;:&quot;Ata\u015fehir Marangoz Ustas\u0131&quot;,&quot;legend&quot;:&quot;5\\\/5 - 5 Ata\u015fehir Mobilya Tamircisi&quot;,&quot;size&quot;:&quot;24&quot;,&quot;title&quot;:&quot;Ata\u015fehir S\u00fcrg\u00fcl\u00fc Kap\u0131 Tamir&quot;,&quot;width&quot;:&quot;142.5&quot;,&quot;_legend&quot;:&quot;{score}\\\/{best} - {count} Ata\u015fehir Mobilya Tamircisi&quot;,&quot;font_factor&quot;:&quot;1.25&quot;}'>\n            \n<div class=\"kksr-stars\">\n    \n<div class=\"kksr-stars-inactive\">\n            <div class=\"kksr-star\" data-star=\"1\" style=\"padding-right: 5px\">\n            \n\n<div class=\"kksr-icon\" style=\"width: 24px; height: 24px;\"><\/div>\n        <\/div>\n            <div class=\"kksr-star\" data-star=\"2\" style=\"padding-right: 5px\">\n            \n\n<div class=\"kksr-icon\" style=\"width: 24px; height: 24px;\"><\/div>\n        <\/div>\n            <div class=\"kksr-star\" data-star=\"3\" style=\"padding-right: 5px\">\n            \n\n<div class=\"kksr-icon\" style=\"width: 24px; height: 24px;\"><\/div>\n        <\/div>\n            <div class=\"kksr-star\" data-star=\"4\" style=\"padding-right: 5px\">\n            \n\n<div class=\"kksr-icon\" style=\"width: 24px; height: 24px;\"><\/div>\n        <\/div>\n            <div class=\"kksr-star\" data-star=\"5\" style=\"padding-right: 5px\">\n            \n\n<div class=\"kksr-icon\" style=\"width: 24px; height: 24px;\"><\/div>\n        <\/div>\n    <\/div>\n    \n<div class=\"kksr-stars-active\" style=\"width: 142.5px;\">\n            <div class=\"kksr-star\" style=\"padding-right: 5px\">\n            \n\n<div class=\"kksr-icon\" style=\"width: 24px; height: 24px;\"><\/div>\n        <\/div>\n            <div class=\"kksr-star\" style=\"padding-right: 5px\">\n            \n\n<div class=\"kksr-icon\" style=\"width: 24px; height: 24px;\"><\/div>\n        <\/div>\n            <div class=\"kksr-star\" style=\"padding-right: 5px\">\n            \n\n<div class=\"kksr-icon\" style=\"width: 24px; height: 24px;\"><\/div>\n        <\/div>\n            <div class=\"kksr-star\" style=\"padding-right: 5px\">\n            \n\n<div class=\"kksr-icon\" style=\"width: 24px; height: 24px;\"><\/div>\n        <\/div>\n            <div class=\"kksr-star\" style=\"padding-right: 5px\">\n            \n\n<div class=\"kksr-icon\" style=\"width: 24px; height: 24px;\"><\/div>\n        <\/div>\n    <\/div>\n<\/div>\n                \n\n<div class=\"kksr-legend\" style=\"font-size: 19.2px;\">\n            5\/5 - 5 Ata\u015fehir Mobilya Tamircisi    <\/div>\n    <\/div>\n","protected":false},"excerpt":{"rendered":"<p>Ata\u015fehir S\u00fcrg\u00fcl\u00fc Kap\u0131 Tamiri Ata\u015fehir S\u00fcrg\u00fcl\u00fc Kap\u0131 Tamiri, ho\u015f geldiniz &#8211; birinci s\u0131n\u0131f Ata\u015fehir S\u00fcrg\u00fcl\u00fc kap\u0131 onar\u0131m hizmetleri i\u00e7in en \u00f6nemli adresiniz. M\u00fclk\u00fcn\u00fcz\u00fcn konforu, g\u00fcvenli\u011fi ve estetik \u00e7ekicili\u011fi i\u00e7in Ata\u015fehir S\u00fcrg\u00fcl\u00fc kap\u0131lar\u0131n sorunsuz \u00e7al\u0131\u015fmas\u0131n\u0131n \u00f6nemini anl\u0131yoruz. Profesyonellerden olu\u015fan \u00f6zverili ekibimiz ve y\u0131llar\u0131n deneyimiyle, Ata\u015fehir S\u00fcrg\u00fcl\u00fc kap\u0131lar\u0131n\u0131z\u0131n kusursuz bir \u015fekilde \u00e7al\u0131\u015fmas\u0131n\u0131 sa\u011flamak i\u00e7in buraday\u0131z. Ata\u015fehir S\u00fcrg\u00fcl\u00fc Kap\u0131 Tamiriniz \u0130\u00e7in Neden Bizi Se\u00e7melisiniz? Uzman Teknisyenler:\u00a0Ekibimiz, \u00e7e\u015fitli Ata\u015fehir S\u00fcrg\u00fcl\u00fc kap\u0131 sistemleri hakk\u0131nda derin bir anlay\u0131\u015fa sahip yetenekli teknisyenlerden olu\u015fur. \u0130ster k\u00fc\u00e7\u00fck bir aksakl\u0131k ister karma\u015f\u0131k bir sorun olsun, uzmanlar\u0131m\u0131z bunu do\u011fru bir \u015fekilde te\u015fhis edip onarmak i\u00e7in gereken bilgiye sahiptir. Kapsaml\u0131 Onar\u0131mlar:\u00a0Pencere denge onar\u0131mlar\u0131, ray yeniden hizalama, silindir de\u011fi\u015fimi, kulp ve kilit onar\u0131mlar\u0131, hava s\u0131y\u0131rma ve daha fazlas\u0131 dahil olmak \u00fczere kapsaml\u0131 bir Ata\u015fehir S\u00fcrg\u00fcl\u00fc kap\u0131 onar\u0131m hizmetleri yelpazesi sunuyoruz. Sorun ne olursa olsun, \u00e7\u00f6z\u00fcm\u00fcm\u00fcz var. Verimli \u00c7\u00f6z\u00fcmler: Ata\u015fehir S\u00fcrg\u00fcl\u00fc Kap\u0131 Tamiri verimli ve uzun \u00f6m\u00fcrl\u00fc onar\u0131mlara inan\u0131yoruz. Amac\u0131m\u0131z sorunu sadece ge\u00e7ici olarak \u00e7\u00f6zmek de\u011fil, ayn\u0131 zamanda Ata\u015fehir S\u00fcrg\u00fcl\u00fc kap\u0131lar\u0131n\u0131z\u0131n ve pencerelerinizin \u00f6n\u00fcm\u00fczdeki&#8230; <a class=\"di-continue-reading\" href=\"https:\/\/www.onlinemarangoz.com.tr\/Atasehir\/atasehir-surgulu-kapi-tamir\/\"> Continue Reading&#8230;<\/a><\/p>\n","protected":false},"author":1,"featured_media":0,"parent":0,"menu_order":22,"comment_status":"closed","ping_status":"closed","template":"","meta":{"footnotes":""},"categories":[1],"tags":[1925],"class_list":["post-2152","page","type-page","status-publish","hentry","category-atasehir-online-marangoz","tag-atasehir-surgulu-kapi-tamir"],"_links":{"self":[{"href":"https:\/\/www.onlinemarangoz.com.tr\/Atasehir\/wp-json\/wp\/v2\/pages\/2152","targetHints":{"allow":["GET"]}}],"collection":[{"href":"https:\/\/www.onlinemarangoz.com.tr\/Atasehir\/wp-json\/wp\/v2\/pages"}],"about":[{"href":"https:\/\/www.onlinemarangoz.com.tr\/Atasehir\/wp-json\/wp\/v2\/types\/page"}],"author":[{"embeddable":true,"href":"https:\/\/www.onlinemarangoz.com.tr\/Atasehir\/wp-json\/wp\/v2\/users\/1"}],"replies":[{"embeddable":true,"href":"https:\/\/www.onlinemarangoz.com.tr\/Atasehir\/wp-json\/wp\/v2\/comments?post=2152"}],"version-history":[{"count":0,"href":"https:\/\/www.onlinemarangoz.com.tr\/Atasehir\/wp-json\/wp\/v2\/pages\/2152\/revisions"}],"wp:attachment":[{"href":"https:\/\/www.onlinemarangoz.com.tr\/Atasehir\/wp-json\/wp\/v2\/media?parent=2152"}],"wp:term":[{"taxonomy":"category","embeddable":true,"href":"https:\/\/www.onlinemarangoz.com.tr\/Atasehir\/wp-json\/wp\/v2\/categories?post=2152"},{"taxonomy":"post_tag","embeddable":true,"href":"https:\/\/www.onlinemarangoz.com.tr\/Atasehir\/wp-json\/wp\/v2\/tags?post=2152"}],"curies":[{"name":"wp","href":"https:\/\/api.w.org\/{rel}","templated":true}]}}