{"id":389,"date":"2023-11-18T09:48:05","date_gmt":"2023-11-18T09:48:05","guid":{"rendered":"https:\/\/www.onlinemarangoz.com.tr\/Atasehir\/?page_id=389"},"modified":"2023-11-18T09:48:05","modified_gmt":"2023-11-18T09:48:05","slug":"mobilya-tamir-hizmetlerimiz","status":"publish","type":"page","link":"https:\/\/www.onlinemarangoz.com.tr\/Atasehir\/mobilya-tamir-hizmetlerimiz\/","title":{"rendered":"Mobilya Tamir Hizmetlerimiz"},"content":{"rendered":"<p>Mobilya Tamir Hizmetlerimiz | Marangoz Ustas\u0131 Telefon &#8216;0554 858 1312&#8242; MARANGOZ&#8217; Mobilya Tamircisi&#8217; Marangoz At\u00f6lyesi&#8217; Mobilyac\u0131 Marangoz Hizmeti&#8217; Marangoz Mobilya Tamir Usta Servisi.<\/p>\n<p>Mobilya Tamir Hizmetlerimiz ;\u00a0deste\u011fi i\u00e7in uzman teknisyenlerimizden birinden randevu al\u0131n. Mobilyan\u0131z\u0131 son derece h\u0131zl\u0131 bir \u015fekilde onararak, tam sa\u011fl\u0131\u011f\u0131na kavu\u015fturaca\u011f\u0131z. Mobilya dolaplar\u0131n\u0131z evdeki en \u00f6nemli e\u015fyalar\u0131n ba\u015f\u0131nda geliyor. Bunu \u00e7ok iyi biliyoruz ve bu nedenle size m\u00fcmk\u00fcn olan en k\u0131sa s\u00fcrede ger\u00e7ekten ola\u011fan\u00fcst\u00fc bir hizmet sunmak i\u00e7in son derece h\u0131zl\u0131 bir \u015fekilde m\u00fcdahale edece\u011fiz. Ata\u015fehir mobilya tamiri&#8221; yard\u0131m hizmetimizin nas\u0131l \u00e7al\u0131\u015ft\u0131\u011f\u0131n\u0131 bilmek ister misiniz? Hizmet, Ata\u015fehir il genelinde h\u0131zl\u0131 m\u00fcdahaleyi garanti edecek \u015fekilde yap\u0131land\u0131r\u0131lm\u0131\u015ft\u0131r. Mobilyalar\u0131n\u0131z ile ilgili sorun ya\u015f\u0131yorsan\u0131z 0554 858 1312&#8221; numaral\u0131 telefondan bize ula\u015fabilirsiniz.<\/p>\n<h2 style=\"text-align: center;\">Mobilya Tamir Hizmetlerimiz<\/h2>\n<table style=\"border-collapse: collapse; width: 100%; height: 1211px;\">\n<tbody>\n<tr style=\"height: 22px;\">\n<td style=\"width: 33.3333%; height: 22px;\">\n<h3 style=\"text-align: center;\">Mobilya Tamiri<\/h3>\n<\/td>\n<td style=\"width: 33.3333%; height: 22px;\">\n<h4 style=\"text-align: center;\">Mobilya Tadialt\u0131<\/h4>\n<\/td>\n<td style=\"width: 33.3333%; height: 22px;\">\n<h5 style=\"text-align: center;\">Mobilya Onar\u0131m\u0131<\/h5>\n<\/td>\n<\/tr>\n<tr style=\"height: 262px;\">\n<td style=\"width: 33.3333%; height: 262px;\"><img fetchpriority=\"high\" decoding=\"async\" class=\"size-full wp-image-130 aligncenter\" src=\"https:\/\/www.onlinemarangoz.com.tr\/Atasehir\/wp-content\/uploads\/Mobilya-Dolap-Tamir-Atasehir.jpg\" alt=\"\" width=\"300\" height=\"300\" srcset=\"https:\/\/www.onlinemarangoz.com.tr\/Atasehir\/wp-content\/uploads\/Mobilya-Dolap-Tamir-Atasehir.jpg 300w, https:\/\/www.onlinemarangoz.com.tr\/Atasehir\/wp-content\/uploads\/Mobilya-Dolap-Tamir-Atasehir-150x150.jpg 150w, https:\/\/www.onlinemarangoz.com.tr\/Atasehir\/wp-content\/uploads\/Mobilya-Dolap-Tamir-Atasehir-90x90.jpg 90w\" sizes=\"(max-width: 300px) 100vw, 300px\" \/><\/td>\n<td style=\"width: 33.3333%; height: 262px;\"><img decoding=\"async\" class=\"size-full wp-image-131 aligncenter\" src=\"https:\/\/www.onlinemarangoz.com.tr\/Atasehir\/wp-content\/uploads\/Mobilya-Tamir-Atasehir.jpg\" alt=\"\" width=\"300\" height=\"300\" srcset=\"https:\/\/www.onlinemarangoz.com.tr\/Atasehir\/wp-content\/uploads\/Mobilya-Tamir-Atasehir.jpg 300w, https:\/\/www.onlinemarangoz.com.tr\/Atasehir\/wp-content\/uploads\/Mobilya-Tamir-Atasehir-150x150.jpg 150w, https:\/\/www.onlinemarangoz.com.tr\/Atasehir\/wp-content\/uploads\/Mobilya-Tamir-Atasehir-90x90.jpg 90w\" sizes=\"(max-width: 300px) 100vw, 300px\" \/><\/td>\n<td style=\"width: 33.3333%; height: 262px;\"><img decoding=\"async\" class=\"size-full wp-image-132 aligncenter\" src=\"https:\/\/www.onlinemarangoz.com.tr\/Atasehir\/wp-content\/uploads\/Mobilya-Tamirci-Atasehir.jpg\" alt=\"\" width=\"300\" height=\"300\" srcset=\"https:\/\/www.onlinemarangoz.com.tr\/Atasehir\/wp-content\/uploads\/Mobilya-Tamirci-Atasehir.jpg 300w, https:\/\/www.onlinemarangoz.com.tr\/Atasehir\/wp-content\/uploads\/Mobilya-Tamirci-Atasehir-150x150.jpg 150w, https:\/\/www.onlinemarangoz.com.tr\/Atasehir\/wp-content\/uploads\/Mobilya-Tamirci-Atasehir-90x90.jpg 90w\" sizes=\"(max-width: 300px) 100vw, 300px\" \/><\/td>\n<\/tr>\n<tr style=\"height: 22px;\">\n<td style=\"width: 33.3333%; height: 22px;\">\n<h3>Ray Dolap Tamiri<\/h3>\n<\/td>\n<td style=\"width: 33.3333%; height: 22px;\">\n<h4 style=\"text-align: center;\">Ray Dolap Sistemleri Tamiri<\/h4>\n<\/td>\n<td style=\"width: 33.3333%; height: 22px;\">\n<h5 style=\"text-align: center;\">Ray Dolap Fren Sistemleri Tamiri<\/h5>\n<\/td>\n<\/tr>\n<tr style=\"height: 269px;\">\n<td style=\"width: 33.3333%; height: 269px;\"><img loading=\"lazy\" decoding=\"async\" class=\"alignnone size-full wp-image-140\" src=\"https:\/\/www.onlinemarangoz.com.tr\/Atasehir\/wp-content\/uploads\/Atasehir-Ray-Dolap-Tamiri.jpg\" alt=\"\" width=\"300\" height=\"300\" srcset=\"https:\/\/www.onlinemarangoz.com.tr\/Atasehir\/wp-content\/uploads\/Atasehir-Ray-Dolap-Tamiri.jpg 300w, https:\/\/www.onlinemarangoz.com.tr\/Atasehir\/wp-content\/uploads\/Atasehir-Ray-Dolap-Tamiri-150x150.jpg 150w, https:\/\/www.onlinemarangoz.com.tr\/Atasehir\/wp-content\/uploads\/Atasehir-Ray-Dolap-Tamiri-90x90.jpg 90w\" sizes=\"(max-width: 300px) 100vw, 300px\" \/><\/td>\n<td style=\"width: 33.3333%; height: 269px;\"><img loading=\"lazy\" decoding=\"async\" class=\"alignnone size-full wp-image-135\" src=\"https:\/\/www.onlinemarangoz.com.tr\/Atasehir\/wp-content\/uploads\/Atasehir-Ray-Dolap-Sistemleri-Tamiri.jpg\" alt=\"\" width=\"300\" height=\"300\" srcset=\"https:\/\/www.onlinemarangoz.com.tr\/Atasehir\/wp-content\/uploads\/Atasehir-Ray-Dolap-Sistemleri-Tamiri.jpg 300w, https:\/\/www.onlinemarangoz.com.tr\/Atasehir\/wp-content\/uploads\/Atasehir-Ray-Dolap-Sistemleri-Tamiri-150x150.jpg 150w, https:\/\/www.onlinemarangoz.com.tr\/Atasehir\/wp-content\/uploads\/Atasehir-Ray-Dolap-Sistemleri-Tamiri-90x90.jpg 90w\" sizes=\"(max-width: 300px) 100vw, 300px\" \/><\/td>\n<td style=\"width: 33.3333%; height: 269px;\"><img loading=\"lazy\" decoding=\"async\" class=\"alignnone size-full wp-image-136\" src=\"https:\/\/www.onlinemarangoz.com.tr\/Atasehir\/wp-content\/uploads\/Atasehir-Rayli-Dolap-Tamir-Fren-Sistemleri-Tamiri.jpg\" alt=\"\" width=\"300\" height=\"300\" srcset=\"https:\/\/www.onlinemarangoz.com.tr\/Atasehir\/wp-content\/uploads\/Atasehir-Rayli-Dolap-Tamir-Fren-Sistemleri-Tamiri.jpg 300w, https:\/\/www.onlinemarangoz.com.tr\/Atasehir\/wp-content\/uploads\/Atasehir-Rayli-Dolap-Tamir-Fren-Sistemleri-Tamiri-150x150.jpg 150w, https:\/\/www.onlinemarangoz.com.tr\/Atasehir\/wp-content\/uploads\/Atasehir-Rayli-Dolap-Tamir-Fren-Sistemleri-Tamiri-90x90.jpg 90w\" sizes=\"(max-width: 300px) 100vw, 300px\" \/><\/td>\n<\/tr>\n<tr style=\"height: 22px;\">\n<td style=\"width: 33.3333%; height: 22px;\">\n<h3 style=\"text-align: center;\">Mobilya Kap\u0131 Tamiri<\/h3>\n<\/td>\n<td style=\"width: 33.3333%; height: 22px;\">\n<h4 style=\"text-align: center;\">Oda Kap\u0131 Kilit Tamiri<\/h4>\n<\/td>\n<td style=\"width: 33.3333%; height: 22px;\">\n<h5 style=\"text-align: center;\">Oda Kap\u0131 Mente\u015fe Tamiri<\/h5>\n<\/td>\n<\/tr>\n<tr style=\"height: 269px;\">\n<td style=\"width: 33.3333%; height: 269px;\"><img loading=\"lazy\" decoding=\"async\" class=\"alignnone size-full wp-image-149\" src=\"https:\/\/www.onlinemarangoz.com.tr\/Atasehir\/wp-content\/uploads\/Atasehir-Mobilya-Kapi-Tamircisi.jpg\" alt=\"\" width=\"300\" height=\"300\" srcset=\"https:\/\/www.onlinemarangoz.com.tr\/Atasehir\/wp-content\/uploads\/Atasehir-Mobilya-Kapi-Tamircisi.jpg 300w, https:\/\/www.onlinemarangoz.com.tr\/Atasehir\/wp-content\/uploads\/Atasehir-Mobilya-Kapi-Tamircisi-150x150.jpg 150w, https:\/\/www.onlinemarangoz.com.tr\/Atasehir\/wp-content\/uploads\/Atasehir-Mobilya-Kapi-Tamircisi-90x90.jpg 90w\" sizes=\"(max-width: 300px) 100vw, 300px\" \/><\/td>\n<td style=\"width: 33.3333%; height: 269px;\"><img loading=\"lazy\" decoding=\"async\" class=\"alignnone size-full wp-image-147\" src=\"https:\/\/www.onlinemarangoz.com.tr\/Atasehir\/wp-content\/uploads\/Atasehir-Mobilya-Kapi-Kilit-Tamiri.jpg\" alt=\"\" width=\"300\" height=\"300\" srcset=\"https:\/\/www.onlinemarangoz.com.tr\/Atasehir\/wp-content\/uploads\/Atasehir-Mobilya-Kapi-Kilit-Tamiri.jpg 300w, https:\/\/www.onlinemarangoz.com.tr\/Atasehir\/wp-content\/uploads\/Atasehir-Mobilya-Kapi-Kilit-Tamiri-150x150.jpg 150w, https:\/\/www.onlinemarangoz.com.tr\/Atasehir\/wp-content\/uploads\/Atasehir-Mobilya-Kapi-Kilit-Tamiri-90x90.jpg 90w\" sizes=\"(max-width: 300px) 100vw, 300px\" \/><\/td>\n<td style=\"width: 33.3333%; height: 269px;\"><img loading=\"lazy\" decoding=\"async\" class=\"alignnone size-full wp-image-148\" src=\"https:\/\/www.onlinemarangoz.com.tr\/Atasehir\/wp-content\/uploads\/Atasehir-Mobilya-Kapi-Mentese-Tamiri.jpg\" alt=\"\" width=\"300\" height=\"300\" srcset=\"https:\/\/www.onlinemarangoz.com.tr\/Atasehir\/wp-content\/uploads\/Atasehir-Mobilya-Kapi-Mentese-Tamiri.jpg 300w, https:\/\/www.onlinemarangoz.com.tr\/Atasehir\/wp-content\/uploads\/Atasehir-Mobilya-Kapi-Mentese-Tamiri-150x150.jpg 150w, https:\/\/www.onlinemarangoz.com.tr\/Atasehir\/wp-content\/uploads\/Atasehir-Mobilya-Kapi-Mentese-Tamiri-90x90.jpg 90w\" sizes=\"(max-width: 300px) 100vw, 300px\" \/><\/td>\n<\/tr>\n<tr style=\"height: 22px;\">\n<td style=\"width: 33.3333%; height: 22px;\">\n<h3 style=\"text-align: center;\">Sandalye Tamiri<\/h3>\n<\/td>\n<td style=\"width: 33.3333%; height: 22px;\">\n<h4 style=\"text-align: center;\">K\u0131r\u0131k Sandalye Tamiri<\/h4>\n<\/td>\n<td style=\"width: 33.3333%; height: 22px;\">\n<h5 style=\"text-align: center;\">Sallanan Sandalye Tamiri<\/h5>\n<\/td>\n<\/tr>\n<tr style=\"height: 269px;\">\n<td style=\"width: 33.3333%; height: 269px;\"><img loading=\"lazy\" decoding=\"async\" class=\"alignnone size-full wp-image-152\" src=\"https:\/\/www.onlinemarangoz.com.tr\/Atasehir\/wp-content\/uploads\/Atasehir-Sandalye-Tamircisi.jpg\" alt=\"\" width=\"300\" height=\"300\" srcset=\"https:\/\/www.onlinemarangoz.com.tr\/Atasehir\/wp-content\/uploads\/Atasehir-Sandalye-Tamircisi.jpg 300w, https:\/\/www.onlinemarangoz.com.tr\/Atasehir\/wp-content\/uploads\/Atasehir-Sandalye-Tamircisi-150x150.jpg 150w, https:\/\/www.onlinemarangoz.com.tr\/Atasehir\/wp-content\/uploads\/Atasehir-Sandalye-Tamircisi-90x90.jpg 90w\" sizes=\"(max-width: 300px) 100vw, 300px\" \/><\/td>\n<td style=\"width: 33.3333%; height: 269px;\"><img loading=\"lazy\" decoding=\"async\" class=\"alignnone size-full wp-image-150\" src=\"https:\/\/www.onlinemarangoz.com.tr\/Atasehir\/wp-content\/uploads\/Atasehir-Kirik-Sandalye-Tamircisi.jpg\" alt=\"\" width=\"300\" height=\"300\" srcset=\"https:\/\/www.onlinemarangoz.com.tr\/Atasehir\/wp-content\/uploads\/Atasehir-Kirik-Sandalye-Tamircisi.jpg 300w, https:\/\/www.onlinemarangoz.com.tr\/Atasehir\/wp-content\/uploads\/Atasehir-Kirik-Sandalye-Tamircisi-150x150.jpg 150w, https:\/\/www.onlinemarangoz.com.tr\/Atasehir\/wp-content\/uploads\/Atasehir-Kirik-Sandalye-Tamircisi-90x90.jpg 90w\" sizes=\"(max-width: 300px) 100vw, 300px\" \/><\/td>\n<td style=\"width: 33.3333%; height: 269px;\"><img loading=\"lazy\" decoding=\"async\" class=\"alignnone size-full wp-image-151\" src=\"https:\/\/www.onlinemarangoz.com.tr\/Atasehir\/wp-content\/uploads\/Atasehir-Sallanan-Sandalye-Tamircisi.jpg\" alt=\"\" width=\"300\" height=\"300\" srcset=\"https:\/\/www.onlinemarangoz.com.tr\/Atasehir\/wp-content\/uploads\/Atasehir-Sallanan-Sandalye-Tamircisi.jpg 300w, https:\/\/www.onlinemarangoz.com.tr\/Atasehir\/wp-content\/uploads\/Atasehir-Sallanan-Sandalye-Tamircisi-150x150.jpg 150w, https:\/\/www.onlinemarangoz.com.tr\/Atasehir\/wp-content\/uploads\/Atasehir-Sallanan-Sandalye-Tamircisi-90x90.jpg 90w\" sizes=\"(max-width: 300px) 100vw, 300px\" \/><\/td>\n<\/tr>\n<tr style=\"height: 32px;\">\n<td style=\"width: 33.3333%; height: 32px;\">\n<h4 style=\"text-align: center;\">Dolap Kapak Mente\u015fe Tamiri<\/h4>\n<\/td>\n<td style=\"width: 33.3333%; height: 32px;\">\n<h5 style=\"text-align: center;\">Dolap Kapak Frenli Mente\u015fe Tamiri<\/h5>\n<\/td>\n<td style=\"width: 33.3333%; height: 32px;\">\n<h6 style=\"text-align: center;\">Dolap Kapak Amortisor\u00fc Tamiri<\/h6>\n<\/td>\n<\/tr>\n<tr style=\"height: 22px;\">\n<td style=\"width: 33.3333%; height: 22px;\"><img loading=\"lazy\" decoding=\"async\" class=\"alignnone size-full wp-image-153\" src=\"https:\/\/www.onlinemarangoz.com.tr\/Atasehir\/wp-content\/uploads\/Atasehir-Dolap-Kapak-Mentese-Tamir-Hizmeti.jpg\" alt=\"\" width=\"300\" height=\"300\" srcset=\"https:\/\/www.onlinemarangoz.com.tr\/Atasehir\/wp-content\/uploads\/Atasehir-Dolap-Kapak-Mentese-Tamir-Hizmeti.jpg 300w, https:\/\/www.onlinemarangoz.com.tr\/Atasehir\/wp-content\/uploads\/Atasehir-Dolap-Kapak-Mentese-Tamir-Hizmeti-150x150.jpg 150w, https:\/\/www.onlinemarangoz.com.tr\/Atasehir\/wp-content\/uploads\/Atasehir-Dolap-Kapak-Mentese-Tamir-Hizmeti-90x90.jpg 90w\" sizes=\"(max-width: 300px) 100vw, 300px\" \/><\/td>\n<td style=\"width: 33.3333%; height: 22px;\"><img loading=\"lazy\" decoding=\"async\" class=\"alignnone size-full wp-image-154\" src=\"https:\/\/www.onlinemarangoz.com.tr\/Atasehir\/wp-content\/uploads\/Atasehir-Dolap-Kapak-Mentese-Tamircisi.jpg\" alt=\"\" width=\"300\" height=\"300\" srcset=\"https:\/\/www.onlinemarangoz.com.tr\/Atasehir\/wp-content\/uploads\/Atasehir-Dolap-Kapak-Mentese-Tamircisi.jpg 300w, https:\/\/www.onlinemarangoz.com.tr\/Atasehir\/wp-content\/uploads\/Atasehir-Dolap-Kapak-Mentese-Tamircisi-150x150.jpg 150w, https:\/\/www.onlinemarangoz.com.tr\/Atasehir\/wp-content\/uploads\/Atasehir-Dolap-Kapak-Mentese-Tamircisi-90x90.jpg 90w\" sizes=\"(max-width: 300px) 100vw, 300px\" \/><\/td>\n<td style=\"width: 33.3333%; height: 22px;\"><img loading=\"lazy\" decoding=\"async\" class=\"alignnone size-full wp-image-155\" src=\"https:\/\/www.onlinemarangoz.com.tr\/Atasehir\/wp-content\/uploads\/Atasehir-Mutfak-Dolap-Kapak-Amortisoru-Tamiri.jpg\" alt=\"\" width=\"300\" height=\"300\" srcset=\"https:\/\/www.onlinemarangoz.com.tr\/Atasehir\/wp-content\/uploads\/Atasehir-Mutfak-Dolap-Kapak-Amortisoru-Tamiri.jpg 300w, https:\/\/www.onlinemarangoz.com.tr\/Atasehir\/wp-content\/uploads\/Atasehir-Mutfak-Dolap-Kapak-Amortisoru-Tamiri-150x150.jpg 150w, https:\/\/www.onlinemarangoz.com.tr\/Atasehir\/wp-content\/uploads\/Atasehir-Mutfak-Dolap-Kapak-Amortisoru-Tamiri-90x90.jpg 90w\" sizes=\"(max-width: 300px) 100vw, 300px\" \/><\/td>\n<\/tr>\n<\/tbody>\n<\/table>\n<table style=\"border-collapse: collapse; width: 100%;\">\n<tbody>\n<tr>\n<td style=\"width: 33.3333%;\">\n<h4 style=\"text-align: center;\">\u00c7ekmece Ray Tamiri<\/h4>\n<\/td>\n<td style=\"width: 33.3333%;\">\n<h5 style=\"text-align: center;\">Dolap Frenli \u00c7ekmece Ray Tamiri<\/h5>\n<\/td>\n<td style=\"width: 33.3333%;\">\n<h6 style=\"text-align: center;\">Dolap \u00c7ekmece Ray Tamiri<\/h6>\n<\/td>\n<\/tr>\n<tr>\n<td style=\"width: 33.3333%;\"><img loading=\"lazy\" decoding=\"async\" class=\"alignnone size-full wp-image-161\" src=\"https:\/\/www.onlinemarangoz.com.tr\/Atasehir\/wp-content\/uploads\/Atasehir-Dolap-Cekmeceleri-Ray-Tamiris.jpg\" alt=\"\" width=\"300\" height=\"300\" srcset=\"https:\/\/www.onlinemarangoz.com.tr\/Atasehir\/wp-content\/uploads\/Atasehir-Dolap-Cekmeceleri-Ray-Tamiris.jpg 300w, https:\/\/www.onlinemarangoz.com.tr\/Atasehir\/wp-content\/uploads\/Atasehir-Dolap-Cekmeceleri-Ray-Tamiris-150x150.jpg 150w, https:\/\/www.onlinemarangoz.com.tr\/Atasehir\/wp-content\/uploads\/Atasehir-Dolap-Cekmeceleri-Ray-Tamiris-90x90.jpg 90w\" sizes=\"(max-width: 300px) 100vw, 300px\" \/><\/td>\n<td style=\"width: 33.3333%;\"><img loading=\"lazy\" decoding=\"async\" class=\"alignnone size-full wp-image-160\" src=\"https:\/\/www.onlinemarangoz.com.tr\/Atasehir\/wp-content\/uploads\/Atasehir-Dolap-Cekmece-Ray-Tamiri.jpg\" alt=\"\" width=\"300\" height=\"300\" srcset=\"https:\/\/www.onlinemarangoz.com.tr\/Atasehir\/wp-content\/uploads\/Atasehir-Dolap-Cekmece-Ray-Tamiri.jpg 300w, https:\/\/www.onlinemarangoz.com.tr\/Atasehir\/wp-content\/uploads\/Atasehir-Dolap-Cekmece-Ray-Tamiri-150x150.jpg 150w, https:\/\/www.onlinemarangoz.com.tr\/Atasehir\/wp-content\/uploads\/Atasehir-Dolap-Cekmece-Ray-Tamiri-90x90.jpg 90w\" sizes=\"(max-width: 300px) 100vw, 300px\" \/><\/td>\n<td style=\"width: 33.3333%;\"><img loading=\"lazy\" decoding=\"async\" class=\"alignnone size-full wp-image-159\" src=\"https:\/\/www.onlinemarangoz.com.tr\/Atasehir\/wp-content\/uploads\/Atasehir-Dolap-Cekmece-Ray-Tamircisi.jpg\" alt=\"\" width=\"300\" height=\"300\" srcset=\"https:\/\/www.onlinemarangoz.com.tr\/Atasehir\/wp-content\/uploads\/Atasehir-Dolap-Cekmece-Ray-Tamircisi.jpg 300w, https:\/\/www.onlinemarangoz.com.tr\/Atasehir\/wp-content\/uploads\/Atasehir-Dolap-Cekmece-Ray-Tamircisi-150x150.jpg 150w, https:\/\/www.onlinemarangoz.com.tr\/Atasehir\/wp-content\/uploads\/Atasehir-Dolap-Cekmece-Ray-Tamircisi-90x90.jpg 90w\" sizes=\"(max-width: 300px) 100vw, 300px\" \/><\/td>\n<\/tr>\n<\/tbody>\n<\/table>\n\n\n<div class=\"kk-star-ratings kksr-auto kksr-align-left kksr-valign-bottom\"\n    data-payload='{&quot;align&quot;:&quot;left&quot;,&quot;id&quot;:&quot;389&quot;,&quot;slug&quot;:&quot;default&quot;,&quot;valign&quot;:&quot;bottom&quot;,&quot;ignore&quot;:&quot;&quot;,&quot;reference&quot;:&quot;auto&quot;,&quot;class&quot;:&quot;&quot;,&quot;count&quot;:&quot;1&quot;,&quot;legendonly&quot;:&quot;&quot;,&quot;readonly&quot;:&quot;&quot;,&quot;score&quot;:&quot;5&quot;,&quot;starsonly&quot;:&quot;&quot;,&quot;best&quot;:&quot;5&quot;,&quot;gap&quot;:&quot;5&quot;,&quot;greet&quot;:&quot;Ata\u015fehir Marangoz Ustas\u0131&quot;,&quot;legend&quot;:&quot;5\\\/5 - 1 Ata\u015fehir Mobilya Tamircisi&quot;,&quot;size&quot;:&quot;24&quot;,&quot;title&quot;:&quot;Mobilya Tamir Hizmetlerimiz&quot;,&quot;width&quot;:&quot;142.5&quot;,&quot;_legend&quot;:&quot;{score}\\\/{best} - {count} Ata\u015fehir Mobilya Tamircisi&quot;,&quot;font_factor&quot;:&quot;1.25&quot;}'>\n            \n<div class=\"kksr-stars\">\n    \n<div class=\"kksr-stars-inactive\">\n            <div class=\"kksr-star\" data-star=\"1\" style=\"padding-right: 5px\">\n            \n\n<div class=\"kksr-icon\" style=\"width: 24px; height: 24px;\"><\/div>\n        <\/div>\n            <div class=\"kksr-star\" data-star=\"2\" style=\"padding-right: 5px\">\n            \n\n<div class=\"kksr-icon\" style=\"width: 24px; height: 24px;\"><\/div>\n        <\/div>\n            <div class=\"kksr-star\" data-star=\"3\" style=\"padding-right: 5px\">\n            \n\n<div class=\"kksr-icon\" style=\"width: 24px; height: 24px;\"><\/div>\n        <\/div>\n            <div class=\"kksr-star\" data-star=\"4\" style=\"padding-right: 5px\">\n            \n\n<div class=\"kksr-icon\" style=\"width: 24px; height: 24px;\"><\/div>\n        <\/div>\n            <div class=\"kksr-star\" data-star=\"5\" style=\"padding-right: 5px\">\n            \n\n<div class=\"kksr-icon\" style=\"width: 24px; height: 24px;\"><\/div>\n        <\/div>\n    <\/div>\n    \n<div class=\"kksr-stars-active\" style=\"width: 142.5px;\">\n            <div class=\"kksr-star\" style=\"padding-right: 5px\">\n            \n\n<div class=\"kksr-icon\" style=\"width: 24px; height: 24px;\"><\/div>\n        <\/div>\n            <div class=\"kksr-star\" style=\"padding-right: 5px\">\n            \n\n<div class=\"kksr-icon\" style=\"width: 24px; height: 24px;\"><\/div>\n        <\/div>\n            <div class=\"kksr-star\" style=\"padding-right: 5px\">\n            \n\n<div class=\"kksr-icon\" style=\"width: 24px; height: 24px;\"><\/div>\n        <\/div>\n            <div class=\"kksr-star\" style=\"padding-right: 5px\">\n            \n\n<div class=\"kksr-icon\" style=\"width: 24px; height: 24px;\"><\/div>\n        <\/div>\n            <div class=\"kksr-star\" style=\"padding-right: 5px\">\n            \n\n<div class=\"kksr-icon\" style=\"width: 24px; height: 24px;\"><\/div>\n        <\/div>\n    <\/div>\n<\/div>\n                \n\n<div class=\"kksr-legend\" style=\"font-size: 19.2px;\">\n            5\/5 - 1 Ata\u015fehir Mobilya Tamircisi    <\/div>\n    <\/div>\n","protected":false},"excerpt":{"rendered":"<p>Mobilya Tamir Hizmetlerimiz | Marangoz Ustas\u0131 Telefon &#8216;0554 858 1312&#8242; MARANGOZ&#8217; Mobilya Tamircisi&#8217; Marangoz At\u00f6lyesi&#8217; Mobilyac\u0131 Marangoz Hizmeti&#8217; Marangoz Mobilya Tamir Usta Servisi. Mobilya Tamir Hizmetlerimiz ;\u00a0deste\u011fi i\u00e7in uzman teknisyenlerimizden birinden randevu al\u0131n. Mobilyan\u0131z\u0131 son derece h\u0131zl\u0131 bir \u015fekilde onararak, tam sa\u011fl\u0131\u011f\u0131na kavu\u015fturaca\u011f\u0131z. Mobilya dolaplar\u0131n\u0131z evdeki en \u00f6nemli e\u015fyalar\u0131n ba\u015f\u0131nda geliyor. Bunu \u00e7ok iyi biliyoruz ve bu nedenle size m\u00fcmk\u00fcn olan en k\u0131sa s\u00fcrede ger\u00e7ekten ola\u011fan\u00fcst\u00fc bir hizmet sunmak i\u00e7in son derece h\u0131zl\u0131 bir \u015fekilde m\u00fcdahale edece\u011fiz. Ata\u015fehir mobilya tamiri&#8221; yard\u0131m hizmetimizin nas\u0131l \u00e7al\u0131\u015ft\u0131\u011f\u0131n\u0131 bilmek ister misiniz? Hizmet, Ata\u015fehir il genelinde h\u0131zl\u0131 m\u00fcdahaleyi garanti edecek \u015fekilde yap\u0131land\u0131r\u0131lm\u0131\u015ft\u0131r. Mobilyalar\u0131n\u0131z ile ilgili sorun ya\u015f\u0131yorsan\u0131z 0554 858 1312&#8221; numaral\u0131 telefondan bize ula\u015fabilirsiniz. Mobilya Tamir Hizmetlerimiz Mobilya Tamiri Mobilya Tadialt\u0131 Mobilya Onar\u0131m\u0131 Ray Dolap Tamiri Ray Dolap Sistemleri Tamiri Ray Dolap Fren Sistemleri Tamiri Mobilya Kap\u0131 Tamiri Oda Kap\u0131 Kilit Tamiri Oda Kap\u0131 Mente\u015fe Tamiri Sandalye Tamiri K\u0131r\u0131k Sandalye Tamiri Sallanan Sandalye Tamiri Dolap Kapak Mente\u015fe Tamiri Dolap Kapak Frenli Mente\u015fe Tamiri Dolap Kapak&#8230; <a class=\"di-continue-reading\" href=\"https:\/\/www.onlinemarangoz.com.tr\/Atasehir\/mobilya-tamir-hizmetlerimiz\/\"> Continue Reading&#8230;<\/a><\/p>\n","protected":false},"author":1,"featured_media":0,"parent":0,"menu_order":10,"comment_status":"closed","ping_status":"closed","template":"","meta":{"footnotes":""},"categories":[120],"tags":[119],"class_list":["post-389","page","type-page","status-publish","hentry","category-hizmetlerimiz","tag-mobilya-tamir-hizmetlerimiz"],"_links":{"self":[{"href":"https:\/\/www.onlinemarangoz.com.tr\/Atasehir\/wp-json\/wp\/v2\/pages\/389","targetHints":{"allow":["GET"]}}],"collection":[{"href":"https:\/\/www.onlinemarangoz.com.tr\/Atasehir\/wp-json\/wp\/v2\/pages"}],"about":[{"href":"https:\/\/www.onlinemarangoz.com.tr\/Atasehir\/wp-json\/wp\/v2\/types\/page"}],"author":[{"embeddable":true,"href":"https:\/\/www.onlinemarangoz.com.tr\/Atasehir\/wp-json\/wp\/v2\/users\/1"}],"replies":[{"embeddable":true,"href":"https:\/\/www.onlinemarangoz.com.tr\/Atasehir\/wp-json\/wp\/v2\/comments?post=389"}],"version-history":[{"count":0,"href":"https:\/\/www.onlinemarangoz.com.tr\/Atasehir\/wp-json\/wp\/v2\/pages\/389\/revisions"}],"wp:attachment":[{"href":"https:\/\/www.onlinemarangoz.com.tr\/Atasehir\/wp-json\/wp\/v2\/media?parent=389"}],"wp:term":[{"taxonomy":"category","embeddable":true,"href":"https:\/\/www.onlinemarangoz.com.tr\/Atasehir\/wp-json\/wp\/v2\/categories?post=389"},{"taxonomy":"post_tag","embeddable":true,"href":"https:\/\/www.onlinemarangoz.com.tr\/Atasehir\/wp-json\/wp\/v2\/tags?post=389"}],"curies":[{"name":"wp","href":"https:\/\/api.w.org\/{rel}","templated":true}]}}