{"id":444,"date":"2023-11-18T16:10:38","date_gmt":"2023-11-18T13:10:38","guid":{"rendered":"https:\/\/www.onlinemarangoz.com.tr\/Atasehir\/?page_id=444"},"modified":"2023-11-18T16:45:07","modified_gmt":"2023-11-18T13:45:07","slug":"icerenkoy-ray-dolap-tamiri","status":"publish","type":"page","link":"https:\/\/www.onlinemarangoz.com.tr\/Atasehir\/icerenkoy-ray-dolap-tamiri\/","title":{"rendered":"i\u00e7erenk\u00f6y Ray Dolap Tamiri"},"content":{"rendered":"<p>i\u00e7erenk\u00f6y Ray Dolap Tamiri &#8211; Ray Dolap Tamircisi Telefon 0554 858 1312, \u0130stanbul Anadolu Yakas\u0131 i\u00e7erenk\u00f6y Ray Dolap Tamiri, Servis ge\u00e7mi\u015fimiz ray dolap gard\u0131rop kap\u0131s\u0131 onar\u0131mlar\u0131 konusunda uzun bir deneyime sahiptir. Eski bir gard\u0131rop kap\u0131s\u0131n\u0131 tamir etmek genellikle tamamen de\u011fi\u015ftirmekten daha iyi bir se\u00e7enektir. Bunun nedeni, son y\u0131llarda piyasadaki gard\u0131rop kap\u0131lar\u0131n\u0131n \u00e7o\u011funun ucuza \u00fcretilmesidir. i\u00e7erenk\u00f6y Ray Dolap Tamir Servisi&#8221; Modern al\u00fcminyum gard\u0131rop kap\u0131lar\u0131 s\u00fcrg\u00fcl\u00fc dolap kap\u0131lar\u0131n\u0131n k\u0131r\u0131k tekerlekleri ve raylar\u0131 yeni gibi kayabilmeleri i\u00e7in de\u011fi\u015ftirilebilir. Kap\u0131n\u0131z\u0131 tekrar yeni gibi kayd\u0131r\u0131lacak \u015fekilde onarabilir ve yeni bir kap\u0131dan binlerce tasarruf etmenizi sa\u011flayabiliriz. Ray dolap kap\u0131 tamiri onar\u0131m\u0131, ayn\u0131 g\u00fcn servis hizmeti de sunmaktay\u0131z.<\/p>\n<h2>i\u00e7erenk\u00f6y Ray Dolap Tamiri<\/h2>\n<p><img fetchpriority=\"high\" decoding=\"async\" class=\"alignright wp-image-445 size-full\" title=\"i\u00e7erenk\u00f6y Ray Dolap Tamiri\" src=\"https:\/\/www.onlinemarangoz.com.tr\/Atasehir\/wp-content\/uploads\/Atasehir-icerenkoy-Mahallesi-Ray-Dolap-Tamir-Servisi.jpg\" alt=\"i\u00e7erenk\u00f6y Ray Dolap Tamiri\" width=\"500\" height=\"200\" srcset=\"https:\/\/www.onlinemarangoz.com.tr\/Atasehir\/wp-content\/uploads\/Atasehir-icerenkoy-Mahallesi-Ray-Dolap-Tamir-Servisi.jpg 500w, https:\/\/www.onlinemarangoz.com.tr\/Atasehir\/wp-content\/uploads\/Atasehir-icerenkoy-Mahallesi-Ray-Dolap-Tamir-Servisi-300x120.jpg 300w\" sizes=\"(max-width: 500px) 100vw, 500px\" \/>i\u00e7erenk\u00f6y Ray Dolap Kapak Tamiri&#8221; hizmetimizde uzun s\u00fcre dayanacak s\u00fcrg\u00fcl\u00fc ray dolap kap\u0131 tamiri i\u00e7in h\u0131zl\u0131 ve kolay \u00fccretsiz fiyat teklifi almak \u00fczere bug\u00fcn &#8221;i\u00e7erenk\u00f6y Ray Dolap Tamiri Telefon&#8221; 0554 858 1312&#8221; numaral\u0131 telefondan bize ula\u015f\u0131n.<\/p>\n<table style=\"border-collapse: collapse; width: 100%;\">\n<tbody>\n<tr>\n<td style=\"width: 33.3333%; text-align: center;\">\n<h4><span style=\"letter-spacing: 0.5px; word-spacing: 0.5px;\">i\u00e7erenk\u00f6y Ray Dolap Kapak Tamiri<\/span><\/h4>\n<p><img decoding=\"async\" class=\"size-full wp-image-424 aligncenter\" src=\"https:\/\/www.onlinemarangoz.com.tr\/Atasehir\/wp-content\/uploads\/Atasehir-Ray-Dolap-Tamir-Hizmeti.jpg\" alt=\"\" width=\"300\" height=\"300\" srcset=\"https:\/\/www.onlinemarangoz.com.tr\/Atasehir\/wp-content\/uploads\/Atasehir-Ray-Dolap-Tamir-Hizmeti.jpg 300w, https:\/\/www.onlinemarangoz.com.tr\/Atasehir\/wp-content\/uploads\/Atasehir-Ray-Dolap-Tamir-Hizmeti-150x150.jpg 150w, https:\/\/www.onlinemarangoz.com.tr\/Atasehir\/wp-content\/uploads\/Atasehir-Ray-Dolap-Tamir-Hizmeti-90x90.jpg 90w\" sizes=\"(max-width: 300px) 100vw, 300px\" \/><\/td>\n<td style=\"width: 33.3333%; text-align: center;\">\n<h5><span style=\"letter-spacing: 0.5px; word-spacing: 0.5px;\">i\u00e7erenk\u00f6y Ray Dolap Kapak Sistemleri Tamiri<\/span><\/h5>\n<p><img decoding=\"async\" class=\"size-full wp-image-425 aligncenter\" src=\"https:\/\/www.onlinemarangoz.com.tr\/Atasehir\/wp-content\/uploads\/Atasehir-Ray-Dolap-Kapak-Sistemleri-Tamir.jpg\" alt=\"Ata\u015fehir Ray Dolap Kapak Sistemleri Tamiri\" width=\"300\" height=\"300\" srcset=\"https:\/\/www.onlinemarangoz.com.tr\/Atasehir\/wp-content\/uploads\/Atasehir-Ray-Dolap-Kapak-Sistemleri-Tamir.jpg 300w, https:\/\/www.onlinemarangoz.com.tr\/Atasehir\/wp-content\/uploads\/Atasehir-Ray-Dolap-Kapak-Sistemleri-Tamir-150x150.jpg 150w, https:\/\/www.onlinemarangoz.com.tr\/Atasehir\/wp-content\/uploads\/Atasehir-Ray-Dolap-Kapak-Sistemleri-Tamir-90x90.jpg 90w\" sizes=\"(max-width: 300px) 100vw, 300px\" \/><\/td>\n<td style=\"width: 33.3333%; text-align: center;\">\n<h6><span style=\"letter-spacing: 0.5px; word-spacing: 0.5px;\">i\u00e7erenk\u00f6y Ray Dolap Kapak Fren Sistemleri Tamiri<\/span><\/h6>\n<p><img loading=\"lazy\" decoding=\"async\" class=\"size-full wp-image-426 aligncenter\" src=\"https:\/\/www.onlinemarangoz.com.tr\/Atasehir\/wp-content\/uploads\/Atasehir-Ray-Dolap-Kapak-Fren-Sistemleri-Tamir.jpg\" alt=\"Ata\u015fehir Ray Dolap Kapak Fren Sistemleri Tamiri\" width=\"300\" height=\"300\" srcset=\"https:\/\/www.onlinemarangoz.com.tr\/Atasehir\/wp-content\/uploads\/Atasehir-Ray-Dolap-Kapak-Fren-Sistemleri-Tamir.jpg 300w, https:\/\/www.onlinemarangoz.com.tr\/Atasehir\/wp-content\/uploads\/Atasehir-Ray-Dolap-Kapak-Fren-Sistemleri-Tamir-150x150.jpg 150w, https:\/\/www.onlinemarangoz.com.tr\/Atasehir\/wp-content\/uploads\/Atasehir-Ray-Dolap-Kapak-Fren-Sistemleri-Tamir-90x90.jpg 90w\" sizes=\"(max-width: 300px) 100vw, 300px\" \/><\/td>\n<\/tr>\n<\/tbody>\n<\/table>\n<h3>i\u00e7erenk\u00f6y Ray Dolap Tamircisi<\/h3>\n<p>i\u00e7erenk\u00f6y Ray Dolap Tamircisi&#8221;\u00a0i\u00e7erenk\u00f6y b\u00f6lgesindeki her t\u00fcrl\u00fc ray dolap kap\u0131 onar\u0131m\u0131nda 40 y\u0131l\u0131 a\u015fk\u0131n tecr\u00fcbemizle, t\u00fcm stil ve ray dolap kap\u0131 mekanizmalar\u0131 tamiri bak\u0131m\u0131 bizim uzmanl\u0131k alan\u0131m\u0131zd\u0131r.i\u00e7erenk\u00f6y Ray Dolap Kapak Mekanizma Tamiri&#8221; Yaln\u0131zca en iyi malzemeleri kulland\u0131\u011f\u0131m\u0131z ray dolap kap\u0131 onar\u0131mlar\u0131m\u0131z benzersizdir, bu da sonu\u00e7lar\u0131m\u0131z\u0131 birinci s\u0131n\u0131f k\u0131lar, b\u00f6ylece kap\u0131lar\u0131n\u0131z yaln\u0131zca parmak u\u00e7lar\u0131n\u0131zda kayar.<\/p>\n<p><strong>i\u00e7erenk\u00f6y Ray Dolap Tamir Ustas\u0131 Arayanlar&#8217;<\/strong>&#8216; zaman\u0131n\u0131z\u0131n de\u011ferli oldu\u011funu biliyoruz ve bu nedenle Ray dolap Kap\u0131 Tamiriniz \u00e7in rezervasyon yapt\u0131rd\u0131\u011f\u0131m\u0131zda size uygun bir zaman\u0131nda geliyoruz. Dakiklik, hizmetimizin ve siz m\u00fc\u015fterilerimize olan ba\u011fl\u0131l\u0131\u011f\u0131m\u0131z\u0131n \u00f6nemli bir par\u00e7as\u0131d\u0131r. Bug\u00fcn &#8221;i\u00e7erenk\u00f6y Ray Dolap Tamiri Telefon&#8221; 0554 858 1312&#8221; numaral\u0131 telefondan bizi aray\u0131n ve zaman ay\u0131r\u0131n ray dolab\u0131n\u0131z\u0131 hemen tamir edelim,<\/p>\n<table style=\"border-collapse: collapse; width: 100%;\">\n<tbody>\n<tr>\n<td style=\"width: 33.3333%;\">\n<ul>\n<li><span style=\"color: #ff0000;\"><strong><a style=\"color: #ff0000;\" href=\"https:\/\/www.onlinemarangoz.com.tr\/Atasehir\/\" target=\"_blank\" rel=\"noopener\"><em>i\u00e7erenk\u00f6y Ray Dolap Tamiri.<\/em><\/a><\/strong><\/span><\/li>\n<li><em><span style=\"color: #0000ff;\"><strong><a style=\"color: #0000ff;\" href=\"http:\/\/www.Atasehirmobilyatamiri.com\/icerenkoy-ray-dolap-tamiri\/\" target=\"_blank\" rel=\"noopener\">i\u00e7erenk\u00f6y Ray Dolap Tamircisi<\/a><\/strong><\/span>.<\/em><\/li>\n<\/ul>\n<\/td>\n<td style=\"width: 33.3333%;\">\n<ul>\n<li><em>i\u00e7erenk\u00f6y Ray Dolap Tamir Servisi<\/em><\/li>\n<li><em>i\u00e7erenk\u00f6y Ray Dolap Kapak Sistemleri Tamiri<\/em><\/li>\n<\/ul>\n<\/td>\n<td style=\"width: 33.3333%;\">\n<ul>\n<li><em>i\u00e7erenk\u00f6y Ray Dolap Kapak Mekanizma Tamiri<\/em><\/li>\n<li><em>i\u00e7erenk\u00f6y Ray Dolap Kapak Fren Sistemleri Tamiri<\/em><\/li>\n<\/ul>\n<\/td>\n<\/tr>\n<\/tbody>\n<\/table>\n<p><marquee onmouseover=\"this.stop()\" onmouseout=\"this.start()\"\nwidth=\"1000\" height=\"30\" direction=\"horizontal\" scrollamount=\"3\"\nscrolldelay=\"60\" loop=\"99999\"> <span style=\"color: #ff0000;\"><strong><span style=\"color: #0000ff;\">Tezcan Usta &amp; <\/span><a style=\"color: #ff0000;\" href=\"https:\/\/www.onlinemarangoz.com.tr\/Atasehir\/icerenkoy-ray-dolap-tamiri\/\" target=\"_blank\" rel=\"noopener\">\u0130\u00e7erenk\u00f6y Ray Dolap Tamiri<\/a><\/strong><\/span> &amp;\u00a0<span style=\"color: #0000ff;\"><strong><a style=\"color: #0000ff;\" href=\"https:\/\/www.onlinemarangoz.com.tr\/Atasehir\/tag\/icerenkoy-ray-dolap-kapak-tamiri\/\" target=\"_blank\" rel=\"noopener\">\u0130\u00e7erenk\u00f6y Ray Dolap Kapak Tamiri<\/a><\/strong><\/span> (( Ray Dolap Tamir Ustas\u0131 )) <span style=\"color: #ff0000;\"><strong><a style=\"color: #ff0000;\" href=\"https:\/\/www.onlinemarangoz.com.tr\/Atasehir\/tag\/icerenkoy-ray-dolap-tamircisi\/\" target=\"_blank\" rel=\"noopener\">\u0130\u00e7erenk\u00f6y Ray Dolap Tamircisi<\/a><\/strong><\/span> &amp; <span style=\"color: #0000ff;\"><strong><a style=\"color: #0000ff;\" href=\"https:\/\/www.onlinemarangoz.com.tr\/Atasehir\/tag\/icerenkoy-ray-dolap-tamiri-telefon\/\" target=\"_blank\" rel=\"noopener\">\u0130\u00e7erenk\u00f6y Ray Dolap Tamiri Telefon<\/a><\/strong><\/span>(( Surg\u00fcl\u00fc Ray Dolap Tamiri )) <span style=\"color: #ff0000;\"><strong><a style=\"color: #ff0000;\" href=\"https:\/\/www.onlinemarangoz.com.tr\/Atasehir\/tag\/icerenkoy-ray-dolap-kapak-fren-sistemleri-tamiri\/\" target=\"_blank\" rel=\"noopener\">\u0130\u00e7erenk\u00f6y Ray Dolap Kapak Fren Sistemleri Tamiri<\/a><\/strong><\/span> &amp; <span style=\"color: #0000ff;\"><strong><a style=\"color: #0000ff;\" href=\"https:\/\/www.onlinemarangoz.com.tr\/Atasehir\/tag\/icerenkoy-ray-dolap-tamir-servisi\/\" target=\"_blank\" rel=\"noopener\">\u0130\u00e7erenk\u00f6y Ray Dolap Tamir Servisi<\/a><\/strong><\/span> (( Ray Dolap Montaj )) <span style=\"color: #ff0000;\"><strong><a style=\"color: #ff0000;\" href=\"https:\/\/www.onlinemarangoz.com.tr\/Atasehir\/tag\/icerenkoy-ray-dolap-kapak-sistemleri-tamiri\/\" target=\"_blank\" rel=\"noopener\">\u0130\u00e7erenk\u00f6y Ray Dolap Kapak Sistemleri Tamiri<\/a><\/strong><\/span> &amp; <span style=\"color: #0000ff;\"><strong><a style=\"color: #0000ff;\" href=\"https:\/\/www.onlinemarangoz.com.tr\/Atasehir\/tag\/icerenkoy-ray-dolap-kapak-mekanizma-tamiri\/\" target=\"_blank\" rel=\"noopener\">\u0130\u00e7erenk\u00f6y Ray Dolap Kapak Mekanizma Tamiri<\/a><\/strong><\/span> (( 0554 858 1312 ))<\/marquee><\/p>\n\n\n<div class=\"kk-star-ratings kksr-auto kksr-align-left kksr-valign-bottom\"\n    data-payload='{&quot;align&quot;:&quot;left&quot;,&quot;id&quot;:&quot;444&quot;,&quot;slug&quot;:&quot;default&quot;,&quot;valign&quot;:&quot;bottom&quot;,&quot;ignore&quot;:&quot;&quot;,&quot;reference&quot;:&quot;auto&quot;,&quot;class&quot;:&quot;&quot;,&quot;count&quot;:&quot;1&quot;,&quot;legendonly&quot;:&quot;&quot;,&quot;readonly&quot;:&quot;&quot;,&quot;score&quot;:&quot;5&quot;,&quot;starsonly&quot;:&quot;&quot;,&quot;best&quot;:&quot;5&quot;,&quot;gap&quot;:&quot;5&quot;,&quot;greet&quot;:&quot;Ata\u015fehir Marangoz Ustas\u0131&quot;,&quot;legend&quot;:&quot;5\\\/5 - 1 Ata\u015fehir Mobilya Tamircisi&quot;,&quot;size&quot;:&quot;24&quot;,&quot;title&quot;:&quot;i\u00e7erenk\u00f6y Ray Dolap Tamiri&quot;,&quot;width&quot;:&quot;142.5&quot;,&quot;_legend&quot;:&quot;{score}\\\/{best} - {count} Ata\u015fehir Mobilya Tamircisi&quot;,&quot;font_factor&quot;:&quot;1.25&quot;}'>\n            \n<div class=\"kksr-stars\">\n    \n<div class=\"kksr-stars-inactive\">\n            <div class=\"kksr-star\" data-star=\"1\" style=\"padding-right: 5px\">\n            \n\n<div class=\"kksr-icon\" style=\"width: 24px; height: 24px;\"><\/div>\n        <\/div>\n            <div class=\"kksr-star\" data-star=\"2\" style=\"padding-right: 5px\">\n            \n\n<div class=\"kksr-icon\" style=\"width: 24px; height: 24px;\"><\/div>\n        <\/div>\n            <div class=\"kksr-star\" data-star=\"3\" style=\"padding-right: 5px\">\n            \n\n<div class=\"kksr-icon\" style=\"width: 24px; height: 24px;\"><\/div>\n        <\/div>\n            <div class=\"kksr-star\" data-star=\"4\" style=\"padding-right: 5px\">\n            \n\n<div class=\"kksr-icon\" style=\"width: 24px; height: 24px;\"><\/div>\n        <\/div>\n            <div class=\"kksr-star\" data-star=\"5\" style=\"padding-right: 5px\">\n            \n\n<div class=\"kksr-icon\" style=\"width: 24px; height: 24px;\"><\/div>\n        <\/div>\n    <\/div>\n    \n<div class=\"kksr-stars-active\" style=\"width: 142.5px;\">\n            <div class=\"kksr-star\" style=\"padding-right: 5px\">\n            \n\n<div class=\"kksr-icon\" style=\"width: 24px; height: 24px;\"><\/div>\n        <\/div>\n            <div class=\"kksr-star\" style=\"padding-right: 5px\">\n            \n\n<div class=\"kksr-icon\" style=\"width: 24px; height: 24px;\"><\/div>\n        <\/div>\n            <div class=\"kksr-star\" style=\"padding-right: 5px\">\n            \n\n<div class=\"kksr-icon\" style=\"width: 24px; height: 24px;\"><\/div>\n        <\/div>\n            <div class=\"kksr-star\" style=\"padding-right: 5px\">\n            \n\n<div class=\"kksr-icon\" style=\"width: 24px; height: 24px;\"><\/div>\n        <\/div>\n            <div class=\"kksr-star\" style=\"padding-right: 5px\">\n            \n\n<div class=\"kksr-icon\" style=\"width: 24px; height: 24px;\"><\/div>\n        <\/div>\n    <\/div>\n<\/div>\n                \n\n<div class=\"kksr-legend\" style=\"font-size: 19.2px;\">\n            5\/5 - 1 Ata\u015fehir Mobilya Tamircisi    <\/div>\n    <\/div>\n","protected":false},"excerpt":{"rendered":"<p>i\u00e7erenk\u00f6y Ray Dolap Tamiri &#8211; Ray Dolap Tamircisi Telefon 0554 858 1312, \u0130stanbul Anadolu Yakas\u0131 i\u00e7erenk\u00f6y Ray Dolap Tamiri, Servis ge\u00e7mi\u015fimiz ray dolap gard\u0131rop kap\u0131s\u0131 onar\u0131mlar\u0131 konusunda uzun bir deneyime sahiptir. Eski bir gard\u0131rop kap\u0131s\u0131n\u0131 tamir etmek genellikle tamamen de\u011fi\u015ftirmekten daha iyi bir se\u00e7enektir. Bunun nedeni, son y\u0131llarda piyasadaki gard\u0131rop kap\u0131lar\u0131n\u0131n \u00e7o\u011funun ucuza \u00fcretilmesidir. i\u00e7erenk\u00f6y Ray Dolap Tamir Servisi&#8221; Modern al\u00fcminyum gard\u0131rop kap\u0131lar\u0131 s\u00fcrg\u00fcl\u00fc dolap kap\u0131lar\u0131n\u0131n k\u0131r\u0131k tekerlekleri ve raylar\u0131 yeni gibi kayabilmeleri i\u00e7in de\u011fi\u015ftirilebilir. Kap\u0131n\u0131z\u0131 tekrar yeni gibi kayd\u0131r\u0131lacak \u015fekilde onarabilir ve yeni bir kap\u0131dan binlerce tasarruf etmenizi sa\u011flayabiliriz. Ray dolap kap\u0131 tamiri onar\u0131m\u0131, ayn\u0131 g\u00fcn servis hizmeti de sunmaktay\u0131z. i\u00e7erenk\u00f6y Ray Dolap Tamiri i\u00e7erenk\u00f6y Ray Dolap Kapak Tamiri&#8221; hizmetimizde uzun s\u00fcre dayanacak s\u00fcrg\u00fcl\u00fc ray dolap kap\u0131 tamiri i\u00e7in h\u0131zl\u0131 ve kolay \u00fccretsiz fiyat teklifi almak \u00fczere bug\u00fcn &#8221;i\u00e7erenk\u00f6y Ray Dolap Tamiri Telefon&#8221; 0554 858 1312&#8221; numaral\u0131 telefondan bize ula\u015f\u0131n. i\u00e7erenk\u00f6y Ray Dolap Kapak Tamiri i\u00e7erenk\u00f6y Ray Dolap Kapak Sistemleri Tamiri i\u00e7erenk\u00f6y Ray Dolap Kapak Fren Sistemleri Tamiri i\u00e7erenk\u00f6y&#8230; <a class=\"di-continue-reading\" href=\"https:\/\/www.onlinemarangoz.com.tr\/Atasehir\/icerenkoy-ray-dolap-tamiri\/\"> Continue Reading&#8230;<\/a><\/p>\n","protected":false},"author":1,"featured_media":0,"parent":0,"menu_order":2002,"comment_status":"closed","ping_status":"closed","template":"","meta":{"footnotes":""},"categories":[20],"tags":[143,146,145,141,144,142,140,147],"class_list":["post-444","page","type-page","status-publish","hentry","category-icerenkoy-mahallesi-marangoz","tag-icerenkoy-ray-dolap-kapak-fren-sistemleri-tamiri","tag-icerenkoy-ray-dolap-kapak-mekanizma-tamiri","tag-icerenkoy-ray-dolap-kapak-sistemleri-tamiri","tag-icerenkoy-ray-dolap-kapak-tamiri","tag-icerenkoy-ray-dolap-tamir-servisi","tag-icerenkoy-ray-dolap-tamircisi","tag-icerenkoy-ray-dolap-tamiri","tag-icerenkoy-ray-dolap-tamiri-telefon"],"_links":{"self":[{"href":"https:\/\/www.onlinemarangoz.com.tr\/Atasehir\/wp-json\/wp\/v2\/pages\/444","targetHints":{"allow":["GET"]}}],"collection":[{"href":"https:\/\/www.onlinemarangoz.com.tr\/Atasehir\/wp-json\/wp\/v2\/pages"}],"about":[{"href":"https:\/\/www.onlinemarangoz.com.tr\/Atasehir\/wp-json\/wp\/v2\/types\/page"}],"author":[{"embeddable":true,"href":"https:\/\/www.onlinemarangoz.com.tr\/Atasehir\/wp-json\/wp\/v2\/users\/1"}],"replies":[{"embeddable":true,"href":"https:\/\/www.onlinemarangoz.com.tr\/Atasehir\/wp-json\/wp\/v2\/comments?post=444"}],"version-history":[{"count":0,"href":"https:\/\/www.onlinemarangoz.com.tr\/Atasehir\/wp-json\/wp\/v2\/pages\/444\/revisions"}],"wp:attachment":[{"href":"https:\/\/www.onlinemarangoz.com.tr\/Atasehir\/wp-json\/wp\/v2\/media?parent=444"}],"wp:term":[{"taxonomy":"category","embeddable":true,"href":"https:\/\/www.onlinemarangoz.com.tr\/Atasehir\/wp-json\/wp\/v2\/categories?post=444"},{"taxonomy":"post_tag","embeddable":true,"href":"https:\/\/www.onlinemarangoz.com.tr\/Atasehir\/wp-json\/wp\/v2\/tags?post=444"}],"curies":[{"name":"wp","href":"https:\/\/api.w.org\/{rel}","templated":true}]}}