{"id":456,"date":"2023-11-18T19:29:39","date_gmt":"2023-11-18T16:29:39","guid":{"rendered":"https:\/\/www.onlinemarangoz.com.tr\/Atasehir\/?page_id=456"},"modified":"2023-11-18T20:20:14","modified_gmt":"2023-11-18T17:20:14","slug":"yenisahra-ray-dolap-tamiri","status":"publish","type":"page","link":"https:\/\/www.onlinemarangoz.com.tr\/Atasehir\/yenisahra-ray-dolap-tamiri\/","title":{"rendered":"Yenisahra Ray Dolap Tamiri"},"content":{"rendered":"<p>Yenisahra Ray Dolap Tamiri &#8211; Ray Dolap Tamircisi Telefon 0554 858 1312, \u0130stanbul Anadolu Yakas\u0131 Yenisahra Ray Dolap Tamiri, Servis ge\u00e7mi\u015fimiz ray dolap gard\u0131rop kap\u0131s\u0131 onar\u0131mlar\u0131 konusunda uzun bir deneyime sahiptir. Eski bir gard\u0131rop kap\u0131s\u0131n\u0131 tamir etmek genellikle tamamen de\u011fi\u015ftirmekten daha iyi bir se\u00e7enektir. Bunun nedeni, son y\u0131llarda piyasadaki gard\u0131rop kap\u0131lar\u0131n\u0131n \u00e7o\u011funun ucuza \u00fcretilmesidir. Yenisahra Ray Dolap Tamir Servisi&#8221; Modern al\u00fcminyum gard\u0131rop kap\u0131lar\u0131 s\u00fcrg\u00fcl\u00fc dolap kap\u0131lar\u0131n\u0131n k\u0131r\u0131k tekerlekleri ve raylar\u0131 yeni gibi kayabilmeleri i\u00e7in de\u011fi\u015ftirilebilir. Kap\u0131n\u0131z\u0131 tekrar yeni gibi kayd\u0131r\u0131lacak \u015fekilde onarabilir ve yeni bir kap\u0131dan binlerce tasarruf etmenizi sa\u011flayabiliriz. Ray dolap kap\u0131 tamiri onar\u0131m\u0131, ayn\u0131 g\u00fcn servis hizmeti de sunmaktay\u0131z.<\/p>\n<h2>Yenisahra Ray Dolap Tamiri<\/h2>\n<p><img fetchpriority=\"high\" decoding=\"async\" class=\"alignright wp-image-458 size-full\" title=\"Yenisahra Ray Dolap Tamiri\" src=\"https:\/\/www.onlinemarangoz.com.tr\/Atasehir\/wp-content\/uploads\/Atasehir-Yenisahra-Mahallesi-Ray-Dolap-Tamir-Servisi-1.jpg\" alt=\"Yenisahra Ray Dolap Tamiri\" width=\"500\" height=\"200\" srcset=\"https:\/\/www.onlinemarangoz.com.tr\/Atasehir\/wp-content\/uploads\/Atasehir-Yenisahra-Mahallesi-Ray-Dolap-Tamir-Servisi-1.jpg 500w, https:\/\/www.onlinemarangoz.com.tr\/Atasehir\/wp-content\/uploads\/Atasehir-Yenisahra-Mahallesi-Ray-Dolap-Tamir-Servisi-1-300x120.jpg 300w\" sizes=\"(max-width: 500px) 100vw, 500px\" \/>Yenisahra Ray Dolap Kapak Tamiri&#8221; hizmetimizde uzun s\u00fcre dayanacak s\u00fcrg\u00fcl\u00fc ray dolap kap\u0131 tamiri i\u00e7in h\u0131zl\u0131 ve kolay \u00fccretsiz fiyat teklifi almak \u00fczere bug\u00fcn &#8221;Yenisahra Ray Dolap Tamiri Telefon&#8221; 0554 858 1312&#8221; numaral\u0131 telefondan bize ula\u015f\u0131n.<\/p>\n<table style=\"border-collapse: collapse; width: 100%;\">\n<tbody>\n<tr>\n<td style=\"width: 33.3333%; text-align: center;\">\n<h4><span style=\"letter-spacing: 0.5px; word-spacing: 0.5px;\">Yenisahra Ray Dolap Kapak Tamiri<\/span><\/h4>\n<p><img decoding=\"async\" class=\"size-full wp-image-424 aligncenter\" src=\"https:\/\/www.onlinemarangoz.com.tr\/Atasehir\/wp-content\/uploads\/Atasehir-Ray-Dolap-Tamir-Hizmeti.jpg\" alt=\"\" width=\"300\" height=\"300\" srcset=\"https:\/\/www.onlinemarangoz.com.tr\/Atasehir\/wp-content\/uploads\/Atasehir-Ray-Dolap-Tamir-Hizmeti.jpg 300w, https:\/\/www.onlinemarangoz.com.tr\/Atasehir\/wp-content\/uploads\/Atasehir-Ray-Dolap-Tamir-Hizmeti-150x150.jpg 150w, https:\/\/www.onlinemarangoz.com.tr\/Atasehir\/wp-content\/uploads\/Atasehir-Ray-Dolap-Tamir-Hizmeti-90x90.jpg 90w\" sizes=\"(max-width: 300px) 100vw, 300px\" \/><\/td>\n<td style=\"width: 33.3333%; text-align: center;\">\n<h5><span style=\"letter-spacing: 0.5px; word-spacing: 0.5px;\">Yenisahra Ray Dolap Kapak Sistemleri Tamiri<\/span><\/h5>\n<p><img decoding=\"async\" class=\"size-full wp-image-425 aligncenter\" src=\"https:\/\/www.onlinemarangoz.com.tr\/Atasehir\/wp-content\/uploads\/Atasehir-Ray-Dolap-Kapak-Sistemleri-Tamir.jpg\" alt=\"Ata\u015fehir Ray Dolap Kapak Sistemleri Tamiri\" width=\"300\" height=\"300\" srcset=\"https:\/\/www.onlinemarangoz.com.tr\/Atasehir\/wp-content\/uploads\/Atasehir-Ray-Dolap-Kapak-Sistemleri-Tamir.jpg 300w, https:\/\/www.onlinemarangoz.com.tr\/Atasehir\/wp-content\/uploads\/Atasehir-Ray-Dolap-Kapak-Sistemleri-Tamir-150x150.jpg 150w, https:\/\/www.onlinemarangoz.com.tr\/Atasehir\/wp-content\/uploads\/Atasehir-Ray-Dolap-Kapak-Sistemleri-Tamir-90x90.jpg 90w\" sizes=\"(max-width: 300px) 100vw, 300px\" \/><\/td>\n<td style=\"width: 33.3333%; text-align: center;\">\n<h6><span style=\"letter-spacing: 0.5px; word-spacing: 0.5px;\">Yenisahra Ray Dolap Kapak Fren Sistemleri Tamiri<\/span><\/h6>\n<p><img loading=\"lazy\" decoding=\"async\" class=\"size-full wp-image-426 aligncenter\" src=\"https:\/\/www.onlinemarangoz.com.tr\/Atasehir\/wp-content\/uploads\/Atasehir-Ray-Dolap-Kapak-Fren-Sistemleri-Tamir.jpg\" alt=\"Ata\u015fehir Ray Dolap Kapak Fren Sistemleri Tamiri\" width=\"300\" height=\"300\" srcset=\"https:\/\/www.onlinemarangoz.com.tr\/Atasehir\/wp-content\/uploads\/Atasehir-Ray-Dolap-Kapak-Fren-Sistemleri-Tamir.jpg 300w, https:\/\/www.onlinemarangoz.com.tr\/Atasehir\/wp-content\/uploads\/Atasehir-Ray-Dolap-Kapak-Fren-Sistemleri-Tamir-150x150.jpg 150w, https:\/\/www.onlinemarangoz.com.tr\/Atasehir\/wp-content\/uploads\/Atasehir-Ray-Dolap-Kapak-Fren-Sistemleri-Tamir-90x90.jpg 90w\" sizes=\"(max-width: 300px) 100vw, 300px\" \/><\/td>\n<\/tr>\n<\/tbody>\n<\/table>\n<h3>Yenisahra Ray Dolap Tamircisi<\/h3>\n<p>Yenisahra Ray Dolap Tamircisi&#8221;\u00a0Yenisahra b\u00f6lgesindeki her t\u00fcrl\u00fc ray dolap kap\u0131 onar\u0131m\u0131nda 40 y\u0131l\u0131 a\u015fk\u0131n tecr\u00fcbemizle, t\u00fcm stil ve ray dolap kap\u0131 mekanizmalar\u0131 tamiri bak\u0131m\u0131 bizim uzmanl\u0131k alan\u0131m\u0131zd\u0131r.Yenisahra Ray Dolap Kapak Mekanizma Tamiri&#8221; Yaln\u0131zca en iyi malzemeleri kulland\u0131\u011f\u0131m\u0131z ray dolap kap\u0131 onar\u0131mlar\u0131m\u0131z benzersizdir, bu da sonu\u00e7lar\u0131m\u0131z\u0131 birinci s\u0131n\u0131f k\u0131lar, b\u00f6ylece kap\u0131lar\u0131n\u0131z yaln\u0131zca parmak u\u00e7lar\u0131n\u0131zda kayar.<\/p>\n<p><strong>Yenisahra Ray Dolap Tamir Ustas\u0131 Arayanlar&#8217;<\/strong>&#8216; zaman\u0131n\u0131z\u0131n de\u011ferli oldu\u011funu biliyoruz ve bu nedenle Ray dolap Kap\u0131 Tamiriniz \u00e7in rezervasyon yapt\u0131rd\u0131\u011f\u0131m\u0131zda size uygun bir zaman\u0131nda geliyoruz. Dakiklik, hizmetimizin ve siz m\u00fc\u015fterilerimize olan ba\u011fl\u0131l\u0131\u011f\u0131m\u0131z\u0131n \u00f6nemli bir par\u00e7as\u0131d\u0131r. Bug\u00fcn &#8221;Yenisahra Ray Dolap Tamiri Telefon&#8221; 0554 858 1312&#8221; numaral\u0131 telefondan bizi aray\u0131n ve zaman ay\u0131r\u0131n ray dolab\u0131n\u0131z\u0131 hemen tamir edelim,<\/p>\n<table style=\"border-collapse: collapse; width: 100%;\">\n<tbody>\n<tr>\n<td style=\"width: 33.3333%;\">\n<ul>\n<li><span style=\"color: #ff0000;\"><strong><a style=\"color: #ff0000;\" href=\"https:\/\/www.onlinemarangoz.com.tr\/Atasehir\/\" target=\"_blank\" rel=\"noopener\"><em>Yenisahra Ray Dolap Tamiri.<\/em><\/a><\/strong><\/span><\/li>\n<li><em><span style=\"color: #0000ff;\"><strong><a style=\"color: #0000ff;\" href=\"http:\/\/www.Atasehirmobilyatamiri.com\/yenisara-ray-dolap-tamiri\/\" target=\"_blank\" rel=\"noopener\">Yenisahra Ray Dolap Tamircisi<\/a><\/strong><\/span>.<\/em><\/li>\n<\/ul>\n<\/td>\n<td style=\"width: 33.3333%;\">\n<ul>\n<li><em>Yenisahra Ray Dolap Tamir Servisi<\/em><\/li>\n<li><em>Yenisahra Ray Dolap Kapak Sistemleri Tamiri<\/em><\/li>\n<\/ul>\n<\/td>\n<td style=\"width: 33.3333%;\">\n<ul>\n<li><em>Yenisahra Ray Dolap Kapak Mekanizma Tamiri<\/em><\/li>\n<li><em>Yenisahra Ray Dolap Kapak Fren Sistemleri Tamiri<\/em><\/li>\n<\/ul>\n<\/td>\n<\/tr>\n<\/tbody>\n<\/table>\n<p><marquee onmouseover=\"this.stop()\" onmouseout=\"this.start()\"\nwidth=\"1000\" height=\"20\" direction=\"horizontal\" scrollamount=\"3\"\nscrolldelay=\"60\" loop=\"99999\"> <span style=\"color: #ff0000;\"><strong><span style=\"color: #0000ff;\">Tezcan Usta &amp; <\/span><a style=\"color: #ff0000;\" href=\"https:\/\/www.onlinemarangoz.com.tr\/Atasehir\/yenisahra-ray-dolap-tamiri\/\" target=\"_blank\" rel=\"noopener\">Yenisahra Ray Dolap Tamiri<\/a><\/strong><\/span> &amp;\u00a0<span style=\"color: #0000ff;\"><strong><a style=\"color: #0000ff;\" href=\"https:\/\/www.onlinemarangoz.com.tr\/Atasehir\/tag\/yenisahra-ray-dolap-kapak-tamiri\/\" target=\"_blank\" rel=\"noopener\">Yenisahra Ray Dolap Kapak Tamiri<\/a><\/strong><\/span> (( Ray Dolap Tamir Ustas\u0131 )) <span style=\"color: #ff0000;\"><strong><a style=\"color: #ff0000;\" href=\"https:\/\/www.onlinemarangoz.com.tr\/Atasehir\/tag\/yenisahra-ray-dolap-tamircisi\/\" target=\"_blank\" rel=\"noopener\">Yenisahra Ray Dolap Tamircisi<\/a><\/strong><\/span> &amp; <span style=\"color: #0000ff;\"><strong><a style=\"color: #0000ff;\" href=\"https:\/\/www.onlinemarangoz.com.tr\/Atasehir\/tag\/yenisahra-ray-dolap-tamiri-telefon\/\" target=\"_blank\" rel=\"noopener\">Yenisahra Ray Dolap Tamiri Telefon<\/a><\/strong><\/span>(( Surg\u00fcl\u00fc Ray Dolap Tamiri )) <span style=\"color: #ff0000;\"><strong><a style=\"color: #ff0000;\" href=\"https:\/\/www.onlinemarangoz.com.tr\/Atasehir\/tag\/yenisahra-ray-dolap-kapak-fren-sistemleri-tamiri\/\" target=\"_blank\" rel=\"noopener\">Yenisahra Ray Dolap Kapak Fren Sistemleri Tamiri<\/a><\/strong><\/span> &amp; <span style=\"color: #0000ff;\"><strong><a style=\"color: #0000ff;\" href=\"https:\/\/www.onlinemarangoz.com.tr\/Atasehir\/tag\/yenisahra-ray-dolap-tamir-servisi\/\" target=\"_blank\" rel=\"noopener\">Yenisahra Ray Dolap Tamir Servisi<\/a><\/strong><\/span> (( Ray Dolap Montaj )) <span style=\"color: #ff0000;\"><strong><a style=\"color: #ff0000;\" href=\"https:\/\/www.onlinemarangoz.com.tr\/Atasehir\/tag\/yenisahra-ray-dolap-kapak-sistemleri-tamiri\/\" target=\"_blank\" rel=\"noopener\">Yenisahra Ray Dolap Kapak Sistemleri Tamiri<\/a><\/strong><\/span> &amp; <span style=\"color: #0000ff;\"><strong><a style=\"color: #0000ff;\" href=\"https:\/\/www.onlinemarangoz.com.tr\/Atasehir\/tag\/yenisahra-ray-dolap-kapak-mekanizma-tamiri\/\" target=\"_blank\" rel=\"noopener\">Yenisahra Ray Dolap Kapak Mekanizma Tamiri<\/a><\/strong><\/span> (( 0554 858 1312 )) S\u00fcrg\u00fcl\u00fc Ray Dolap Kapak Mekanizma Tamiri-<\/marquee><\/p>\n\n\n<div class=\"kk-star-ratings kksr-auto kksr-align-left kksr-valign-bottom\"\n    data-payload='{&quot;align&quot;:&quot;left&quot;,&quot;id&quot;:&quot;456&quot;,&quot;slug&quot;:&quot;default&quot;,&quot;valign&quot;:&quot;bottom&quot;,&quot;ignore&quot;:&quot;&quot;,&quot;reference&quot;:&quot;auto&quot;,&quot;class&quot;:&quot;&quot;,&quot;count&quot;:&quot;2&quot;,&quot;legendonly&quot;:&quot;&quot;,&quot;readonly&quot;:&quot;&quot;,&quot;score&quot;:&quot;5&quot;,&quot;starsonly&quot;:&quot;&quot;,&quot;best&quot;:&quot;5&quot;,&quot;gap&quot;:&quot;5&quot;,&quot;greet&quot;:&quot;Ata\u015fehir Marangoz Ustas\u0131&quot;,&quot;legend&quot;:&quot;5\\\/5 - 2 Ata\u015fehir Mobilya Tamircisi&quot;,&quot;size&quot;:&quot;24&quot;,&quot;title&quot;:&quot;Yenisahra Ray Dolap Tamiri&quot;,&quot;width&quot;:&quot;142.5&quot;,&quot;_legend&quot;:&quot;{score}\\\/{best} - {count} Ata\u015fehir Mobilya Tamircisi&quot;,&quot;font_factor&quot;:&quot;1.25&quot;}'>\n            \n<div class=\"kksr-stars\">\n    \n<div class=\"kksr-stars-inactive\">\n            <div class=\"kksr-star\" data-star=\"1\" style=\"padding-right: 5px\">\n            \n\n<div class=\"kksr-icon\" style=\"width: 24px; height: 24px;\"><\/div>\n        <\/div>\n            <div class=\"kksr-star\" data-star=\"2\" style=\"padding-right: 5px\">\n            \n\n<div class=\"kksr-icon\" style=\"width: 24px; height: 24px;\"><\/div>\n        <\/div>\n            <div class=\"kksr-star\" data-star=\"3\" style=\"padding-right: 5px\">\n            \n\n<div class=\"kksr-icon\" style=\"width: 24px; height: 24px;\"><\/div>\n        <\/div>\n            <div class=\"kksr-star\" data-star=\"4\" style=\"padding-right: 5px\">\n            \n\n<div class=\"kksr-icon\" style=\"width: 24px; height: 24px;\"><\/div>\n        <\/div>\n            <div class=\"kksr-star\" data-star=\"5\" style=\"padding-right: 5px\">\n            \n\n<div class=\"kksr-icon\" style=\"width: 24px; height: 24px;\"><\/div>\n        <\/div>\n    <\/div>\n    \n<div class=\"kksr-stars-active\" style=\"width: 142.5px;\">\n            <div class=\"kksr-star\" style=\"padding-right: 5px\">\n            \n\n<div class=\"kksr-icon\" style=\"width: 24px; height: 24px;\"><\/div>\n        <\/div>\n            <div class=\"kksr-star\" style=\"padding-right: 5px\">\n            \n\n<div class=\"kksr-icon\" style=\"width: 24px; height: 24px;\"><\/div>\n        <\/div>\n            <div class=\"kksr-star\" style=\"padding-right: 5px\">\n            \n\n<div class=\"kksr-icon\" style=\"width: 24px; height: 24px;\"><\/div>\n        <\/div>\n            <div class=\"kksr-star\" style=\"padding-right: 5px\">\n            \n\n<div class=\"kksr-icon\" style=\"width: 24px; height: 24px;\"><\/div>\n        <\/div>\n            <div class=\"kksr-star\" style=\"padding-right: 5px\">\n            \n\n<div class=\"kksr-icon\" style=\"width: 24px; height: 24px;\"><\/div>\n        <\/div>\n    <\/div>\n<\/div>\n                \n\n<div class=\"kksr-legend\" style=\"font-size: 19.2px;\">\n            5\/5 - 2 Ata\u015fehir Mobilya Tamircisi    <\/div>\n    <\/div>\n","protected":false},"excerpt":{"rendered":"<p>Yenisahra Ray Dolap Tamiri &#8211; Ray Dolap Tamircisi Telefon 0554 858 1312, \u0130stanbul Anadolu Yakas\u0131 Yenisahra Ray Dolap Tamiri, Servis ge\u00e7mi\u015fimiz ray dolap gard\u0131rop kap\u0131s\u0131 onar\u0131mlar\u0131 konusunda uzun bir deneyime sahiptir. Eski bir gard\u0131rop kap\u0131s\u0131n\u0131 tamir etmek genellikle tamamen de\u011fi\u015ftirmekten daha iyi bir se\u00e7enektir. Bunun nedeni, son y\u0131llarda piyasadaki gard\u0131rop kap\u0131lar\u0131n\u0131n \u00e7o\u011funun ucuza \u00fcretilmesidir. Yenisahra Ray Dolap Tamir Servisi&#8221; Modern al\u00fcminyum gard\u0131rop kap\u0131lar\u0131 s\u00fcrg\u00fcl\u00fc dolap kap\u0131lar\u0131n\u0131n k\u0131r\u0131k tekerlekleri ve raylar\u0131 yeni gibi kayabilmeleri i\u00e7in de\u011fi\u015ftirilebilir. Kap\u0131n\u0131z\u0131 tekrar yeni gibi kayd\u0131r\u0131lacak \u015fekilde onarabilir ve yeni bir kap\u0131dan binlerce tasarruf etmenizi sa\u011flayabiliriz. Ray dolap kap\u0131 tamiri onar\u0131m\u0131, ayn\u0131 g\u00fcn servis hizmeti de sunmaktay\u0131z. Yenisahra Ray Dolap Tamiri Yenisahra Ray Dolap Kapak Tamiri&#8221; hizmetimizde uzun s\u00fcre dayanacak s\u00fcrg\u00fcl\u00fc ray dolap kap\u0131 tamiri i\u00e7in h\u0131zl\u0131 ve kolay \u00fccretsiz fiyat teklifi almak \u00fczere bug\u00fcn &#8221;Yenisahra Ray Dolap Tamiri Telefon&#8221; 0554 858 1312&#8221; numaral\u0131 telefondan bize ula\u015f\u0131n. Yenisahra Ray Dolap Kapak Tamiri Yenisahra Ray Dolap Kapak Sistemleri Tamiri Yenisahra Ray Dolap Kapak Fren Sistemleri Tamiri Yenisahra&#8230; <a class=\"di-continue-reading\" href=\"https:\/\/www.onlinemarangoz.com.tr\/Atasehir\/yenisahra-ray-dolap-tamiri\/\"> Continue Reading&#8230;<\/a><\/p>\n","protected":false},"author":1,"featured_media":0,"parent":0,"menu_order":2004,"comment_status":"closed","ping_status":"closed","template":"","meta":{"footnotes":""},"categories":[38],"tags":[159,162,161,157,160,158,156,163],"class_list":["post-456","page","type-page","status-publish","hentry","category-yenisahra-mahallesi-marangoz","tag-yenisahra-ray-dolap-kapak-fren-sistemleri-tamiri","tag-yenisahra-ray-dolap-kapak-mekanizma-tamiri","tag-yenisahra-ray-dolap-kapak-sistemleri-tamiri","tag-yenisahra-ray-dolap-kapak-tamiri","tag-yenisahra-ray-dolap-tamir-servisi","tag-yenisahra-ray-dolap-tamircisi","tag-yenisahra-ray-dolap-tamiri","tag-yenisahra-ray-dolap-tamiri-telefon"],"_links":{"self":[{"href":"https:\/\/www.onlinemarangoz.com.tr\/Atasehir\/wp-json\/wp\/v2\/pages\/456","targetHints":{"allow":["GET"]}}],"collection":[{"href":"https:\/\/www.onlinemarangoz.com.tr\/Atasehir\/wp-json\/wp\/v2\/pages"}],"about":[{"href":"https:\/\/www.onlinemarangoz.com.tr\/Atasehir\/wp-json\/wp\/v2\/types\/page"}],"author":[{"embeddable":true,"href":"https:\/\/www.onlinemarangoz.com.tr\/Atasehir\/wp-json\/wp\/v2\/users\/1"}],"replies":[{"embeddable":true,"href":"https:\/\/www.onlinemarangoz.com.tr\/Atasehir\/wp-json\/wp\/v2\/comments?post=456"}],"version-history":[{"count":0,"href":"https:\/\/www.onlinemarangoz.com.tr\/Atasehir\/wp-json\/wp\/v2\/pages\/456\/revisions"}],"wp:attachment":[{"href":"https:\/\/www.onlinemarangoz.com.tr\/Atasehir\/wp-json\/wp\/v2\/media?parent=456"}],"wp:term":[{"taxonomy":"category","embeddable":true,"href":"https:\/\/www.onlinemarangoz.com.tr\/Atasehir\/wp-json\/wp\/v2\/categories?post=456"},{"taxonomy":"post_tag","embeddable":true,"href":"https:\/\/www.onlinemarangoz.com.tr\/Atasehir\/wp-json\/wp\/v2\/tags?post=456"}],"curies":[{"name":"wp","href":"https:\/\/api.w.org\/{rel}","templated":true}]}}