{"id":787,"date":"2023-11-21T00:57:26","date_gmt":"2023-11-20T21:57:26","guid":{"rendered":"https:\/\/www.onlinemarangoz.com.tr\/Atasehir\/?page_id=787"},"modified":"2024-09-24T12:46:15","modified_gmt":"2024-09-24T09:46:15","slug":"rayli-dolap-tamiri","status":"publish","type":"page","link":"https:\/\/www.onlinemarangoz.com.tr\/Atasehir\/rayli-dolap-tamiri\/","title":{"rendered":"Rayl\u0131 Dolap Tamiri"},"content":{"rendered":"<p>Rayl\u0131 Dolap Tamiri\u00a0&#8211; Rayl\u0131 Dolap Tamircisi Telefon 0554 858 1312, \u0130stanbul Anadolu Yakas\u0131 &#8221;Rayl\u0131 Dolap Tamiri, hizmetimiz m\u00fc\u015fterilerimizin evlerindeki her t\u00fcrl\u00fc rayl\u0131 dolap mobilya tamiri onar\u0131m\u0131n\u0131 yaln\u0131zca orijinal yedek par\u00e7alarla ger\u00e7ekle\u015ftirmektedir. Rayl\u0131 Dolap Kapak Tamiri&#8221; onar\u0131m ve yard\u0131m m\u00fcdahalesinin \u00f6zelliklerini ve avantajlar\u0131n\u0131 ayr\u0131nt\u0131l\u0131 olarak tavsiye ederek ve g\u00f6stererek m\u00fc\u015fterilerin ihtiya\u00e7lar\u0131n\u0131 en iyi \u015fekilde nas\u0131l yorumlayaca\u011f\u0131n\u0131 bilir. genelinde &#8221;Rayl\u0131 Dolap Kapak Mekanizma Tamiri&#8221; ger\u00e7ekle\u015ftiriyoruz.<\/p>\n<h2><span style=\"font-size: 20px;\">Rayl\u0131 Dolap Tamiri<\/span><\/h2>\n<p style=\"text-align: center;\"><img fetchpriority=\"high\" decoding=\"async\" class=\"alignright wp-image-624 size-full\" title=\"Ata\u015fehir Rayl\u0131 Dolap Tamiri\" src=\"https:\/\/www.onlinemarangoz.com.tr\/Atasehir\/wp-content\/uploads\/Atasehir-Rayli-Dolap-Tamircisi.jpg\" alt=\"Ata\u015fehir Rayl\u0131 Dolap Tamiri\" width=\"500\" height=\"200\" srcset=\"https:\/\/www.onlinemarangoz.com.tr\/Atasehir\/wp-content\/uploads\/Atasehir-Rayli-Dolap-Tamircisi.jpg 500w, https:\/\/www.onlinemarangoz.com.tr\/Atasehir\/wp-content\/uploads\/Atasehir-Rayli-Dolap-Tamircisi-300x120.jpg 300w\" sizes=\"(max-width: 500px) 100vw, 500px\" \/>\u00a0Rayl\u0131 Dolap Tamircisi&#8221;\u00a0dolab\u0131n\u0131z ile ilgili sorun ne olursa olsun numaram\u0131z\u0131 aray\u0131n 0554 858 1312&#8221; numaral\u0131 telefondan aray\u0131n dolap tamir etmesini talep ederek dolab\u0131n\u0131z\u0131n m\u00fckemmel i\u015flevselli\u011fini garanti edin. Ray dolab\u0131n\u0131z\u0131 tamir etmek onarmak genellikle de\u011fi\u015ftirmekten daha ucuzdur.Rayl\u0131 Dolap Kapak Fren Sistemleri Tamiri&#8221; ger\u00e7ekle\u015ftirilen her onar\u0131m i\u00e7in yaln\u0131zca orijinal ve garantili yedek par\u00e7a ve aksesuarlar\u0131n\u0131 kullan\u0131r. Ray dolab\u0131n\u0131z\u0131 inceledikten sonra size onar\u0131m i\u00e7in bir fiyat teklifi verilecek ve her \u015feyden \u00f6nce uzman ray dolap tamircisi taraf\u0131ndan onar\u0131m\u0131n sizin i\u00e7in en uygun olup olmad\u0131\u011f\u0131 konusunda size bilgi verilecektir.<\/p>\n<p style=\"text-align: center;\">Rayl\u0131 Dolap Kapak Sistemleri Tamiri&#8221; H\u0131zl\u0131, verimli ve kararl\u0131 rayl\u0131 dolap tamiri onar\u0131m\u0131 ar\u0131za veya mekanizma k\u0131r\u0131lma durumlar\u0131nda de an\u0131nda m\u00fcdahale ederek normal i\u015fleyi\u015fine kavu\u015fturuyoruz. Rayl\u0131 Dolap Tamir Servisi&#8221; m\u00fcdahalelerinizi \u00e7ok h\u0131zl\u0131 bir \u015fekilde ger\u00e7ekle\u015ftirmeye kararl\u0131y\u0131z: Pazartesi&#8217;den Cuma&#8217;ya 09:00 &#8211; 20:00 saatleri aras\u0131nda &#8221;<span style=\"color: #ff0000;\"><strong><a style=\"color: #ff0000;\" href=\"https:\/\/www.onlinemarangoz.com.tr\/Atasehir\/\" target=\"_blank\" rel=\"noopener\">Rayl\u0131 Dolap Tamiri Telefon<\/a><\/strong><\/span>\u00a0( 0554 858 1312 ) araman\u0131z yeterli.<\/p>\n<h3 style=\"text-align: center;\"><span style=\"font-size: 20px;\">\u0130stanbul Anadolu Yakas\u0131 Rayl\u0131 Dolap Tamir Servisi<\/span><\/h3>\n<table style=\"border-collapse: collapse; width: 100%;\">\n<tbody>\n<tr>\n<td style=\"width: 50%;\">\n<h4 style=\"text-align: center;\"><span style=\"font-size: 20px;\">Rayl\u0131 Dolap Kapak Sistemleri Tamiri<\/span><\/h4>\n<p><img decoding=\"async\" class=\"aligncenter wp-image-621 size-full\" style=\"letter-spacing: 0.5px; text-align: center; word-spacing: 0.5px;\" src=\"https:\/\/www.onlinemarangoz.com.tr\/Atasehir\/wp-content\/uploads\/Atasehir-Rayli-Dolap-Kapak-Sistemleri-Tamiri.jpg\" alt=\"Atat\u00fcrk Mahallesi Rayl\u0131 Dolap Kapak Sistemleri Tamiri\" width=\"300\" height=\"300\" srcset=\"https:\/\/www.onlinemarangoz.com.tr\/Atasehir\/wp-content\/uploads\/Atasehir-Rayli-Dolap-Kapak-Sistemleri-Tamiri.jpg 300w, https:\/\/www.onlinemarangoz.com.tr\/Atasehir\/wp-content\/uploads\/Atasehir-Rayli-Dolap-Kapak-Sistemleri-Tamiri-150x150.jpg 150w, https:\/\/www.onlinemarangoz.com.tr\/Atasehir\/wp-content\/uploads\/Atasehir-Rayli-Dolap-Kapak-Sistemleri-Tamiri-90x90.jpg 90w\" sizes=\"(max-width: 300px) 100vw, 300px\" \/><\/td>\n<td style=\"width: 50%;\">\n<h5><img decoding=\"async\" class=\"wp-image-622 size-full aligncenter\" style=\"font-size: 16px; font-weight: 400; letter-spacing: 0.5px;\" src=\"https:\/\/www.onlinemarangoz.com.tr\/Atasehir\/wp-content\/uploads\/Atasehir-Rayli-Dolap-Kapak-Fren-Sistemleri-Tamiri.jpg\" alt=\"\" width=\"300\" height=\"300\" srcset=\"https:\/\/www.onlinemarangoz.com.tr\/Atasehir\/wp-content\/uploads\/Atasehir-Rayli-Dolap-Kapak-Fren-Sistemleri-Tamiri.jpg 300w, https:\/\/www.onlinemarangoz.com.tr\/Atasehir\/wp-content\/uploads\/Atasehir-Rayli-Dolap-Kapak-Fren-Sistemleri-Tamiri-150x150.jpg 150w, https:\/\/www.onlinemarangoz.com.tr\/Atasehir\/wp-content\/uploads\/Atasehir-Rayli-Dolap-Kapak-Fren-Sistemleri-Tamiri-90x90.jpg 90w\" sizes=\"(max-width: 300px) 100vw, 300px\" \/><\/h5>\n<h5 style=\"text-align: center;\"><span style=\"font-size: 20px;\">Rayl\u0131 Dolap Kapak Fren Sistemleri Tamiri<\/span><\/h5>\n<\/td>\n<\/tr>\n<\/tbody>\n<\/table>\n<h3><span style=\"font-size: 20px;\">Rayl\u0131 Dolap Tamircisi<\/span><\/h3>\n<p style=\"text-align: center;\"><img loading=\"lazy\" decoding=\"async\" class=\"size-full wp-image-620 alignleft\" style=\"text-align: center;\" src=\"https:\/\/www.onlinemarangoz.com.tr\/Atasehir\/wp-content\/uploads\/Atasehir-Rayli-Dolap-Tamir-Servisi.jpg\" alt=\"\" width=\"300\" height=\"300\" srcset=\"https:\/\/www.onlinemarangoz.com.tr\/Atasehir\/wp-content\/uploads\/Atasehir-Rayli-Dolap-Tamir-Servisi.jpg 300w, https:\/\/www.onlinemarangoz.com.tr\/Atasehir\/wp-content\/uploads\/Atasehir-Rayli-Dolap-Tamir-Servisi-150x150.jpg 150w, https:\/\/www.onlinemarangoz.com.tr\/Atasehir\/wp-content\/uploads\/Atasehir-Rayli-Dolap-Tamir-Servisi-90x90.jpg 90w\" sizes=\"(max-width: 300px) 100vw, 300px\" \/>Rayl\u0131 Dolap Tamircisi, dolap kapak ar\u0131zalar\u0131 ve bunlar\u0131n giderilmesine ili\u015fkin \u00e7al\u0131\u015fma maliyetleri hakk\u0131ndaki t\u00fcm sorular\u0131n\u0131z\u0131 yan\u0131tlayacak t\u00fcm istek ve yorumlar\u0131n\u0131z\u0131 dinleyecektir. Ray Dolap Tamiri, konusunda yard\u0131m\u0131ndan yararlanmak i\u00e7in &#8221;Rayl\u0131 Dolap Tamiri Telefon&#8221; 0554 858 1312 numaram\u0131z\u0131 arayarak hizmetlerimizi kullanmaya karar verirseniz, size uygun bir g\u00fcn ve saat se\u00e7in Rayl\u0131 Dolap Kapak Sistemleri Tamiri&#8221;\u00a0Rayl\u0131 Dolap Kapak Fren Sistemleri&#8221; \u00e7al\u0131\u015ft\u0131r\u0131lmas\u0131 veya bak\u0131m\u0131yla ilgili sorunlar olmas\u0131 durumunda size yard\u0131mc\u0131 olmak i\u00e7in hizmetinizdeyiz<\/p>\n<h4><span style=\"font-size: 20px;\"><strong>Rayl\u0131 Dolap Kapak Mekanizma Tamiri<\/strong><\/span><\/h4>\n<p><span style=\"color: #0000ff;\"><strong><a style=\"color: #0000ff;\" href=\"https:\/\/www.raydolaptamiri.com.tr\/Atasehir-rayli-dolap-tamiri\/\" target=\"_blank\" rel=\"noopener\">Rayl\u0131 Dolap Tamiri<\/a><\/strong>&#8216;<\/span>&#8216; Bize Ula\u015f\u0131n<\/p>\n<p align=\"CENTER\">Herhangi bir \u015f\u00fcpheniz varsa veya deste\u011fe ihtiyac\u0131n\u0131z varsa, rayl\u0131 dolap kapak sistemleri \u00e7al\u0131\u015ft\u0131r\u0131lmas\u0131 veya bak\u0131m\u0131yla ilgili sorunlar olmas\u0131 durumunda size yard\u0131mc\u0131 olmak i\u00e7in hizmetinizdeyiz.<\/p>\n<table style=\"border-collapse: collapse; width: 100%;\">\n<tbody>\n<tr>\n<td style=\"width: 50%; text-align: center;\"><strong style=\"letter-spacing: 0.5px; word-spacing: 0.5px;\">Rayl\u0131 Dolap Kapak Tamiri<\/strong><\/td>\n<td style=\"width: 50%; text-align: center;\"><strong style=\"letter-spacing: 0.5px; word-spacing: 0.5px;\">Rayl\u0131 Dolap Tamir Servisi<\/strong><\/td>\n<\/tr>\n<\/tbody>\n<\/table>\n<p><marquee onmouseover=\"this.stop()\" onmouseout=\"this.start()\"\nwidth=\"1000\" height=\"20\" direction=\"horizontal\" scrollamount=\"3\"\nscrolldelay=\"60\" loop=\"99999\"> Tezcan Usta | <span style=\"color: #ff0000;\"><strong><a style=\"color: #ff0000;\" href=\"https:\/\/www.onlinemarangoz.com.tr\/Atasehir\/-rayli-dolap-tamiri\/\" target=\"_blank\" rel=\"noopener\"> Rayl\u0131 Dolap Tamiri<\/a><\/strong><\/span> |\u00a0<span style=\"color: #0000ff;\"><strong><a style=\"color: #0000ff;\" href=\"https:\/\/www.onlinemarangoz.com.tr\/Atasehir\/tag\/-rayli-dolap-kapak-tamiri\/\" target=\"_blank\" rel=\"noopener\"> Rayl\u0131 Dolap Kapak Tamiri<\/a><\/strong><\/span>\u00a0(( Rayl\u0131 Dolap Tamir Ustas\u0131 ))\u00a0<span style=\"color: #ff0000;\"><strong><a style=\"color: #ff0000;\" href=\"https:\/\/www.onlinemarangoz.com.tr\/Atasehir\/tag\/-rayli-dolap-tamircisi\/\" target=\"_blank\" rel=\"noopener\"> Rayl\u0131 Dolap Tamircisi<\/a><\/strong><\/span> |\u00a0<span style=\"color: #0000ff;\"><strong><a style=\"color: #0000ff;\" href=\"https:\/\/www.onlinemarangoz.com.tr\/Atasehir\/tag\/-rayli-dolap-tamiri-telefon\/\" target=\"_blank\" rel=\"noopener\"> Rayl\u0131 Dolap Tamiri Telefon<\/a><\/strong><\/span>(( Surg\u00fcl\u00fc Rayl\u0131 Dolap Tamiri ))\u00a0<span style=\"color: #ff0000;\"><strong><a style=\"color: #ff0000;\" href=\"https:\/\/www.onlinemarangoz.com.tr\/Atasehir\/tag\/-rayli-dolap-kapak-fren-sistemleri-tamiri\/\" target=\"_blank\" rel=\"noopener\"> Rayl\u0131 Dolap Kapak Fren Sistemleri Tamiri<\/a><\/strong><\/span> |\u00a0<span style=\"color: #0000ff;\"><strong><a style=\"color: #0000ff;\" href=\"https:\/\/www.onlinemarangoz.com.tr\/Atasehir\/tag\/-rayli-dolap-tamir-servisi\/\" target=\"_blank\" rel=\"noopener\"> Rayl\u0131 Dolap Tamir Servisi | (( Rayl\u0131 Dolap Montaj ))\u00a0<\/a><a style=\"color: #ff0000;\" href=\"https:\/\/www.onlinemarangoz.com.tr\/Atasehir\/tag\/-rayli-dolap-kapak-sistemleri-tamiri\/\" target=\"_blank\" rel=\"noopener\"> Rayl\u0131 Dolap Kapak Sistemleri Tamiri<\/a><\/strong><\/span><strong> | <span style=\"color: #0000ff;\"><a style=\"color: #0000ff;\" href=\"https:\/\/www.onlinemarangoz.com.tr\/Atasehir\/tag\/-rayli-dolap-kapak-mekanizma-tamiri\/\" target=\"_blank\" rel=\"noopener\"> Rayl\u0131 Dolap Kapak Mekanizma Tamiri <\/a><\/span><\/strong>(( 0554 858 1312 )) S\u00fcrg\u00fcl\u00fc Rayl\u0131 Dolap Kapak Mekanizma Tamiri | Rayl\u0131 Dolap Kapak Tekerlegi Tamiri | Rayl\u0131 Dolap Fren Sistemi Tamiri | Rayl\u0131 Dolap Tekerlegi Tamiri | Rayl\u0131 Dolap Mekanizmalar\u0131 Tamiri | S\u00fcrg\u00fcl\u00fc Rayl\u0131 Dolap Tekerlek Ayar\u0131 Yap\u0131l\u0131r | S\u00fcrg\u00fcl\u00fc Rayl\u0131 Dolap \u00dcst Tekerle\u011fi Tamiri | S\u00fcrg\u00fcl\u00fc Rayl\u0131 Dolap Kap\u0131s\u0131 Tamiri<\/marquee><\/p>\n\n\n<div class=\"kk-star-ratings kksr-auto kksr-align-left kksr-valign-bottom\"\n    data-payload='{&quot;align&quot;:&quot;left&quot;,&quot;id&quot;:&quot;787&quot;,&quot;slug&quot;:&quot;default&quot;,&quot;valign&quot;:&quot;bottom&quot;,&quot;ignore&quot;:&quot;&quot;,&quot;reference&quot;:&quot;auto&quot;,&quot;class&quot;:&quot;&quot;,&quot;count&quot;:&quot;7&quot;,&quot;legendonly&quot;:&quot;&quot;,&quot;readonly&quot;:&quot;&quot;,&quot;score&quot;:&quot;5&quot;,&quot;starsonly&quot;:&quot;&quot;,&quot;best&quot;:&quot;5&quot;,&quot;gap&quot;:&quot;5&quot;,&quot;greet&quot;:&quot;Ata\u015fehir Marangoz Ustas\u0131&quot;,&quot;legend&quot;:&quot;5\\\/5 - 7 Ata\u015fehir Mobilya Tamircisi&quot;,&quot;size&quot;:&quot;24&quot;,&quot;title&quot;:&quot;Rayl\u0131 Dolap Tamiri&quot;,&quot;width&quot;:&quot;142.5&quot;,&quot;_legend&quot;:&quot;{score}\\\/{best} - {count} Ata\u015fehir Mobilya Tamircisi&quot;,&quot;font_factor&quot;:&quot;1.25&quot;}'>\n            \n<div class=\"kksr-stars\">\n    \n<div class=\"kksr-stars-inactive\">\n            <div class=\"kksr-star\" data-star=\"1\" style=\"padding-right: 5px\">\n            \n\n<div class=\"kksr-icon\" style=\"width: 24px; height: 24px;\"><\/div>\n        <\/div>\n            <div class=\"kksr-star\" data-star=\"2\" style=\"padding-right: 5px\">\n            \n\n<div class=\"kksr-icon\" style=\"width: 24px; height: 24px;\"><\/div>\n        <\/div>\n            <div class=\"kksr-star\" data-star=\"3\" style=\"padding-right: 5px\">\n            \n\n<div class=\"kksr-icon\" style=\"width: 24px; height: 24px;\"><\/div>\n        <\/div>\n            <div class=\"kksr-star\" data-star=\"4\" style=\"padding-right: 5px\">\n            \n\n<div class=\"kksr-icon\" style=\"width: 24px; height: 24px;\"><\/div>\n        <\/div>\n            <div class=\"kksr-star\" data-star=\"5\" style=\"padding-right: 5px\">\n            \n\n<div class=\"kksr-icon\" style=\"width: 24px; height: 24px;\"><\/div>\n        <\/div>\n    <\/div>\n    \n<div class=\"kksr-stars-active\" style=\"width: 142.5px;\">\n            <div class=\"kksr-star\" style=\"padding-right: 5px\">\n            \n\n<div class=\"kksr-icon\" style=\"width: 24px; height: 24px;\"><\/div>\n        <\/div>\n            <div class=\"kksr-star\" style=\"padding-right: 5px\">\n            \n\n<div class=\"kksr-icon\" style=\"width: 24px; height: 24px;\"><\/div>\n        <\/div>\n            <div class=\"kksr-star\" style=\"padding-right: 5px\">\n            \n\n<div class=\"kksr-icon\" style=\"width: 24px; height: 24px;\"><\/div>\n        <\/div>\n            <div class=\"kksr-star\" style=\"padding-right: 5px\">\n            \n\n<div class=\"kksr-icon\" style=\"width: 24px; height: 24px;\"><\/div>\n        <\/div>\n            <div class=\"kksr-star\" style=\"padding-right: 5px\">\n            \n\n<div class=\"kksr-icon\" style=\"width: 24px; height: 24px;\"><\/div>\n        <\/div>\n    <\/div>\n<\/div>\n                \n\n<div class=\"kksr-legend\" style=\"font-size: 19.2px;\">\n            5\/5 - 7 Ata\u015fehir Mobilya Tamircisi    <\/div>\n    <\/div>\n","protected":false},"excerpt":{"rendered":"<p>Rayl\u0131 Dolap Tamiri\u00a0&#8211; Rayl\u0131 Dolap Tamircisi Telefon 0554 858 1312, \u0130stanbul Anadolu Yakas\u0131 &#8221;Rayl\u0131 Dolap Tamiri, hizmetimiz m\u00fc\u015fterilerimizin evlerindeki her t\u00fcrl\u00fc rayl\u0131 dolap mobilya tamiri onar\u0131m\u0131n\u0131 yaln\u0131zca orijinal yedek par\u00e7alarla ger\u00e7ekle\u015ftirmektedir. Rayl\u0131 Dolap Kapak Tamiri&#8221; onar\u0131m ve yard\u0131m m\u00fcdahalesinin \u00f6zelliklerini ve avantajlar\u0131n\u0131 ayr\u0131nt\u0131l\u0131 olarak tavsiye ederek ve g\u00f6stererek m\u00fc\u015fterilerin ihtiya\u00e7lar\u0131n\u0131 en iyi \u015fekilde nas\u0131l yorumlayaca\u011f\u0131n\u0131 bilir. genelinde &#8221;Rayl\u0131 Dolap Kapak Mekanizma Tamiri&#8221; ger\u00e7ekle\u015ftiriyoruz. Rayl\u0131 Dolap Tamiri \u00a0Rayl\u0131 Dolap Tamircisi&#8221;\u00a0dolab\u0131n\u0131z ile ilgili sorun ne olursa olsun numaram\u0131z\u0131 aray\u0131n 0554 858 1312&#8221; numaral\u0131 telefondan aray\u0131n dolap tamir etmesini talep ederek dolab\u0131n\u0131z\u0131n m\u00fckemmel i\u015flevselli\u011fini garanti edin. Ray dolab\u0131n\u0131z\u0131 tamir etmek onarmak genellikle de\u011fi\u015ftirmekten daha ucuzdur.Rayl\u0131 Dolap Kapak Fren Sistemleri Tamiri&#8221; ger\u00e7ekle\u015ftirilen her onar\u0131m i\u00e7in yaln\u0131zca orijinal ve garantili yedek par\u00e7a ve aksesuarlar\u0131n\u0131 kullan\u0131r. Ray dolab\u0131n\u0131z\u0131 inceledikten sonra size onar\u0131m i\u00e7in bir fiyat teklifi verilecek ve her \u015feyden \u00f6nce uzman ray dolap tamircisi taraf\u0131ndan onar\u0131m\u0131n sizin i\u00e7in en uygun olup olmad\u0131\u011f\u0131 konusunda size bilgi verilecektir. Rayl\u0131 Dolap Kapak Sistemleri Tamiri&#8221; H\u0131zl\u0131, verimli ve kararl\u0131&#8230; <a class=\"di-continue-reading\" href=\"https:\/\/www.onlinemarangoz.com.tr\/Atasehir\/rayli-dolap-tamiri\/\"> Continue Reading&#8230;<\/a><\/p>\n","protected":false},"author":1,"featured_media":0,"parent":0,"menu_order":20,"comment_status":"closed","ping_status":"closed","template":"","meta":{"footnotes":""},"categories":[1],"tags":[423,426,425,421,424,422,420,427],"class_list":["post-787","page","type-page","status-publish","hentry","category-atasehir-online-marangoz","tag-rayli-dolap-kapak-fren-sistemleri-tamiri","tag-rayli-dolap-kapak-mekanizma-tamiri","tag-rayli-dolap-kapak-sistemleri-tamiri","tag-rayli-dolap-kapak-tamiri","tag-rayli-dolap-tamir-servisi","tag-rayli-dolap-tamircisi","tag-rayli-dolap-tamiri","tag-rayli-dolap-tamiri-telefon"],"_links":{"self":[{"href":"https:\/\/www.onlinemarangoz.com.tr\/Atasehir\/wp-json\/wp\/v2\/pages\/787","targetHints":{"allow":["GET"]}}],"collection":[{"href":"https:\/\/www.onlinemarangoz.com.tr\/Atasehir\/wp-json\/wp\/v2\/pages"}],"about":[{"href":"https:\/\/www.onlinemarangoz.com.tr\/Atasehir\/wp-json\/wp\/v2\/types\/page"}],"author":[{"embeddable":true,"href":"https:\/\/www.onlinemarangoz.com.tr\/Atasehir\/wp-json\/wp\/v2\/users\/1"}],"replies":[{"embeddable":true,"href":"https:\/\/www.onlinemarangoz.com.tr\/Atasehir\/wp-json\/wp\/v2\/comments?post=787"}],"version-history":[{"count":0,"href":"https:\/\/www.onlinemarangoz.com.tr\/Atasehir\/wp-json\/wp\/v2\/pages\/787\/revisions"}],"wp:attachment":[{"href":"https:\/\/www.onlinemarangoz.com.tr\/Atasehir\/wp-json\/wp\/v2\/media?parent=787"}],"wp:term":[{"taxonomy":"category","embeddable":true,"href":"https:\/\/www.onlinemarangoz.com.tr\/Atasehir\/wp-json\/wp\/v2\/categories?post=787"},{"taxonomy":"post_tag","embeddable":true,"href":"https:\/\/www.onlinemarangoz.com.tr\/Atasehir\/wp-json\/wp\/v2\/tags?post=787"}],"curies":[{"name":"wp","href":"https:\/\/api.w.org\/{rel}","templated":true}]}}