{"id":793,"date":"2023-11-21T17:01:43","date_gmt":"2023-11-21T14:01:43","guid":{"rendered":"https:\/\/www.onlinemarangoz.com.tr\/Atasehir\/?page_id=793"},"modified":"2024-09-24T13:48:19","modified_gmt":"2024-09-24T10:48:19","slug":"atasehir-sandalye-tamiri","status":"publish","type":"page","link":"https:\/\/www.onlinemarangoz.com.tr\/Atasehir\/atasehir-sandalye-tamiri\/","title":{"rendered":"Ata\u015fehir Sandalye Tamiri"},"content":{"rendered":"<p>Ata\u015fehir Sandalye Tamiri | Sandalye Tamircisi Telefon&#8221;&#8217; 0554 858 1312&#8221; \u0130stanbul Anbadolu Yakas\u0131 Ata\u015fehir Sandalye Tamiri&#8221;\u00a0Ah\u015fap i\u015f\u00e7ili\u011fine olan sevgimiz, Sandalye Tamiri onar\u0131m\u0131 ve restorasyonuyla u\u011fra\u015ft\u0131\u011f\u0131m\u0131zda maksimum ifadesini buluyor. \u00c7o\u011fu zaman ince i\u015f\u00e7ili\u011fe sahip olan bu sandalyeler, zaman\u0131n y\u0131pranma ve y\u0131pranmalar\u0131yla test edilmi\u015f ve eski ihti\u015fam\u0131na d\u00f6nebilmesi i\u00e7in \u00f6zel m\u00fcdahale gerektiren mobilyalard\u0131r.<img fetchpriority=\"high\" decoding=\"async\" class=\"alignright wp-image-796 size-full\" title=\"Ata\u015fehir Sandalye Tamiri\" src=\"https:\/\/www.onlinemarangoz.com.tr\/Atasehir\/wp-content\/uploads\/Atasehir-Sandalye-Tamir-Servis.jpg\" alt=\"Ata\u015fehir Sandalye Tamiri\" width=\"500\" height=\"250\" srcset=\"https:\/\/www.onlinemarangoz.com.tr\/Atasehir\/wp-content\/uploads\/Atasehir-Sandalye-Tamir-Servis.jpg 500w, https:\/\/www.onlinemarangoz.com.tr\/Atasehir\/wp-content\/uploads\/Atasehir-Sandalye-Tamir-Servis-300x150.jpg 300w\" sizes=\"(max-width: 500px) 100vw, 500px\" \/> Sandalyelerinizin, b\u00fcy\u00fck de\u011fere sahip mobilyalar\u0131n kaybolan g\u00fczelli\u011fini geri kazand\u0131rmak ve sandalyenizin orijinalli\u011fine azami sayg\u0131 g\u00f6stererek m\u00fcdahale etmek i\u00e7in gerekli deneyime ve profesyonelli\u011fe sahibiz K\u0131r\u0131k Sandalye Aya\u011f\u0131 Tamiri basit onar\u0131mlar\u0131n\u0131 da ger\u00e7ekle\u015ftiriyoruz.<\/p>\n<h2>Ata\u015fehir Sandalye Tamiri<\/h2>\n<p style=\"text-align: center;\">Sandalye Tamiri servisi&#8221; Her g\u00fcn 09:00 &#8211; 20:00 saatleri aras\u0131nda ,Cumartesi g\u00fcnleri de 09:00 &#8211; 18:00 saatleri aras\u0131nda taleplerinize cevap veriyoruz. Size nas\u0131l yard\u0131mc\u0131 olabilece\u011fimizi bize bildirin &#8221;Sandalye Tamiri i\u00e7in Daha fazla beklemeyin ve hemen aray\u0131n. bize whatsapp&#8217;tan yaz\u0131n +0554 858 1312 veya bizi hemen aray\u0131n +0554 858 1312.<\/p>\n<table style=\"border-collapse: collapse; width: 100%;\">\n<tbody>\n<tr>\n<td style=\"width: 33.3333%;\">\n<h4 style=\"text-align: center;\"><span style=\"letter-spacing: 0.5px; word-spacing: 0.5px;\">Ata\u015fehir G\u0131c\u0131rdayan Sandalye Tamiri<\/span><\/h4>\n<p><img decoding=\"async\" class=\"aligncenter wp-image-152 size-full\" title=\"G\u0131c\u0131rdayan Sandalye Tamiri\" src=\"https:\/\/www.onlinemarangoz.com.tr\/Atasehir\/wp-content\/uploads\/Atasehir-Sandalye-Tamircisi.jpg\" alt=\"Ata\u015fehir G\u0131c\u0131rdayan Sandalye Tamiri\" width=\"300\" height=\"300\" srcset=\"https:\/\/www.onlinemarangoz.com.tr\/Atasehir\/wp-content\/uploads\/Atasehir-Sandalye-Tamircisi.jpg 300w, https:\/\/www.onlinemarangoz.com.tr\/Atasehir\/wp-content\/uploads\/Atasehir-Sandalye-Tamircisi-150x150.jpg 150w, https:\/\/www.onlinemarangoz.com.tr\/Atasehir\/wp-content\/uploads\/Atasehir-Sandalye-Tamircisi-90x90.jpg 90w\" sizes=\"(max-width: 300px) 100vw, 300px\" \/><\/td>\n<td style=\"width: 33.3333%;\">\n<h5><img decoding=\"async\" class=\"aligncenter wp-image-150 size-full\" style=\"font-size: 16px; font-weight: 400; letter-spacing: 0.5px;\" title=\"K\u0131r\u0131k Sandalye Aya\u011f\u0131 Tamiri\" src=\"https:\/\/www.onlinemarangoz.com.tr\/Atasehir\/wp-content\/uploads\/Atasehir-Kirik-Sandalye-Tamircisi.jpg\" alt=\"Ata\u015fehir K\u0131r\u0131k Sandalye Aya\u011f\u0131 Tamiri\" width=\"300\" height=\"300\" srcset=\"https:\/\/www.onlinemarangoz.com.tr\/Atasehir\/wp-content\/uploads\/Atasehir-Kirik-Sandalye-Tamircisi.jpg 300w, https:\/\/www.onlinemarangoz.com.tr\/Atasehir\/wp-content\/uploads\/Atasehir-Kirik-Sandalye-Tamircisi-150x150.jpg 150w, https:\/\/www.onlinemarangoz.com.tr\/Atasehir\/wp-content\/uploads\/Atasehir-Kirik-Sandalye-Tamircisi-90x90.jpg 90w\" sizes=\"(max-width: 300px) 100vw, 300px\" \/><\/h5>\n<h5 style=\"text-align: center;\"><span style=\"letter-spacing: 0.5px; word-spacing: 0.5px;\">Ata\u015fehir K\u0131r\u0131k Sandalye Aya\u011f\u0131 Tamiri<\/span><\/h5>\n<\/td>\n<td style=\"width: 33.3333%;\">\n<h6 style=\"text-align: center;\"><span style=\"letter-spacing: 0.5px; word-spacing: 0.5px;\">Ata\u015fehir K\u0131r\u0131k Sandalye Tamir Edilir<\/span><\/h6>\n<p><img loading=\"lazy\" decoding=\"async\" class=\"aligncenter wp-image-798 size-full\" title=\"K\u0131r\u0131k Sandalye Tamir Edilir\" src=\"https:\/\/www.onlinemarangoz.com.tr\/Atasehir\/wp-content\/uploads\/Atasehir-Kirisk-Sandalye-Tamir-Edilir.jpg\" alt=\"Ata\u015fehir K\u0131r\u0131k Sandalye Tamir Edilir\" width=\"300\" height=\"300\" srcset=\"https:\/\/www.onlinemarangoz.com.tr\/Atasehir\/wp-content\/uploads\/Atasehir-Kirisk-Sandalye-Tamir-Edilir.jpg 300w, https:\/\/www.onlinemarangoz.com.tr\/Atasehir\/wp-content\/uploads\/Atasehir-Kirisk-Sandalye-Tamir-Edilir-150x150.jpg 150w, https:\/\/www.onlinemarangoz.com.tr\/Atasehir\/wp-content\/uploads\/Atasehir-Kirisk-Sandalye-Tamir-Edilir-90x90.jpg 90w\" sizes=\"(max-width: 300px) 100vw, 300px\" \/><\/td>\n<\/tr>\n<\/tbody>\n<\/table>\n<h3>Ata\u015fehir Sandalye Tamircisi<\/h3>\n<p>Ata\u015fehir Sandalye Tamircisi&#8221; Sandalye Tamiri ile ilgili en zor kararlardan biri, onu tamir edip etmeyece\u011finiz veya de\u011fi\u015ftirece\u011finizdir. Ekonomik a\u00e7\u0131dan bak\u0131ld\u0131\u011f\u0131nda onar\u0131m\u0131n uygun oldu\u011fu a\u00e7\u0131kt\u0131r, ancak masrafa de\u011fmelidir! Teknisyenlerimiz bu konuyu b\u00fcy\u00fck bir titizlikle ele alarak, olu\u015fan hasar\u0131n t\u00fcr\u00fcn\u00fc tahmini tamir maliyetini g\u00f6z \u00f6n\u00fcnde bulundurarak m\u00fc\u015fteriye tavsiyelerde bulunur.<img loading=\"lazy\" decoding=\"async\" class=\"size-full wp-image-800 alignleft\" src=\"https:\/\/www.onlinemarangoz.com.tr\/Atasehir\/wp-content\/uploads\/Kirik-Sandalye-Tamir-Servisi.jpg\" alt=\"\" width=\"200\" height=\"200\" srcset=\"https:\/\/www.onlinemarangoz.com.tr\/Atasehir\/wp-content\/uploads\/Kirik-Sandalye-Tamir-Servisi.jpg 200w, https:\/\/www.onlinemarangoz.com.tr\/Atasehir\/wp-content\/uploads\/Kirik-Sandalye-Tamir-Servisi-150x150.jpg 150w, https:\/\/www.onlinemarangoz.com.tr\/Atasehir\/wp-content\/uploads\/Kirik-Sandalye-Tamir-Servisi-90x90.jpg 90w\" sizes=\"(max-width: 200px) 100vw, 200px\" \/> Ata\u015fehir G\u0131c\u0131rdayan Sandalye Tamiri&#8221; Ata\u015fehir K\u0131r\u0131k Sandalye Aya\u011f\u0131 Tamiri&#8221; \u0130mkans\u0131z durumlarla kar\u015f\u0131la\u015ft\u0131\u011f\u0131m\u0131zda veya onar\u0131m\u0131n kaderini \u00e7ok az de\u011fi\u015ftirece\u011fi durumlarda, m\u00fc\u015fterinin \u00e7\u0131kar\u0131na olan bir hizmet sunuyoruz, yalan vaatlerde bulunmuyoruz! <span style=\"color: #0000ff;\"><strong><a style=\"color: #0000ff;\" href=\"https:\/\/www.onlinemarangoz.com.tr\/Atasehir\/sandalye-tamiri\/\" target=\"_blank\" rel=\"noopener\">Ata\u015fehir Eski Sandalye Tamiri<\/a><\/strong><\/span>&#8221; Ba\u015far\u0131m\u0131z tam m\u00fc\u015fteri memnuniyetidir, bu y\u00fczden size her zaman m\u00fcmk\u00fcn olan en iyi \u015fekilde, sizin \u00e7\u0131kar\u0131n\u0131z i\u00e7in tavsiyelerde bulunmaya \u00e7al\u0131\u015f\u0131yoruz!<\/p>\n<p>Rekabet\u00e7i fiyatlar uygulayarak G\u0131c\u0131rdayan Sandalye Tamiri&#8221; onar\u0131m\u0131 veya olas\u0131 de\u011fi\u015ftirilmesi konusunda tavsiyelerde bulunarak t\u00fcm m\u00fc\u015fteri ihtiya\u00e7lar\u0131n\u0131 \u015feffaf bir \u015fekilde kar\u015f\u0131l\u0131yoruz. +0554 858 1312 numaral\u0131 telefon ile ileti\u015fime ge\u00e7meniz, Ata\u015fehir b\u00f6lgesinde Sandalye Tamiri&#8221; uzman teknisyenler taraf\u0131ndan desteklenmesine ve onar\u0131lmas\u0131na g\u00fcvenebilmenizi sa\u011flar.<\/p>\n<p>Size nas\u0131l yard\u0131mc\u0131 olabilece\u011fimizi bize bildirin <span style=\"color: #ff0000;\"><strong><a style=\"color: #ff0000;\" href=\"http:\/\/www.Atasehirmobilyatamiri.com\/Atasehir-sandalye-tamiri\/\" target=\"_blank\" rel=\"noopener\">Ata\u015fehir Sandalye Tamiri<\/a><\/strong><\/span>&#8221; i\u00e7in Daha fazla beklemeyin ve hemen aray\u0131n. bize whatsapp&#8217;tan yaz\u0131n +0554 858 1312 veya bizi hemen +0554 858 1312 aray\u0131n.<\/p>\n<table style=\"border-collapse: collapse; width: 100%;\">\n<tbody>\n<tr>\n<td style=\"text-align: center;\">Ata\u015fehir Ah\u015fap Sandalye Tamiri Yap\u0131l\u0131r<\/td>\n<td style=\"text-align: center;\">Ata\u015fehir Sandalye Tamiri At\u00f6lyesi<\/td>\n<\/tr>\n<\/tbody>\n<\/table>\n\n\n<div class=\"kk-star-ratings kksr-auto kksr-align-left kksr-valign-bottom\"\n    data-payload='{&quot;align&quot;:&quot;left&quot;,&quot;id&quot;:&quot;793&quot;,&quot;slug&quot;:&quot;default&quot;,&quot;valign&quot;:&quot;bottom&quot;,&quot;ignore&quot;:&quot;&quot;,&quot;reference&quot;:&quot;auto&quot;,&quot;class&quot;:&quot;&quot;,&quot;count&quot;:&quot;4&quot;,&quot;legendonly&quot;:&quot;&quot;,&quot;readonly&quot;:&quot;&quot;,&quot;score&quot;:&quot;5&quot;,&quot;starsonly&quot;:&quot;&quot;,&quot;best&quot;:&quot;5&quot;,&quot;gap&quot;:&quot;5&quot;,&quot;greet&quot;:&quot;Ata\u015fehir Marangoz Ustas\u0131&quot;,&quot;legend&quot;:&quot;5\\\/5 - 4 Ata\u015fehir Mobilya Tamircisi&quot;,&quot;size&quot;:&quot;24&quot;,&quot;title&quot;:&quot;Ata\u015fehir Sandalye Tamiri&quot;,&quot;width&quot;:&quot;142.5&quot;,&quot;_legend&quot;:&quot;{score}\\\/{best} - {count} Ata\u015fehir Mobilya Tamircisi&quot;,&quot;font_factor&quot;:&quot;1.25&quot;}'>\n            \n<div class=\"kksr-stars\">\n    \n<div class=\"kksr-stars-inactive\">\n            <div class=\"kksr-star\" data-star=\"1\" style=\"padding-right: 5px\">\n            \n\n<div class=\"kksr-icon\" style=\"width: 24px; height: 24px;\"><\/div>\n        <\/div>\n            <div class=\"kksr-star\" data-star=\"2\" style=\"padding-right: 5px\">\n            \n\n<div class=\"kksr-icon\" style=\"width: 24px; height: 24px;\"><\/div>\n        <\/div>\n            <div class=\"kksr-star\" data-star=\"3\" style=\"padding-right: 5px\">\n            \n\n<div class=\"kksr-icon\" style=\"width: 24px; height: 24px;\"><\/div>\n        <\/div>\n            <div class=\"kksr-star\" data-star=\"4\" style=\"padding-right: 5px\">\n            \n\n<div class=\"kksr-icon\" style=\"width: 24px; height: 24px;\"><\/div>\n        <\/div>\n            <div class=\"kksr-star\" data-star=\"5\" style=\"padding-right: 5px\">\n            \n\n<div class=\"kksr-icon\" style=\"width: 24px; height: 24px;\"><\/div>\n        <\/div>\n    <\/div>\n    \n<div class=\"kksr-stars-active\" style=\"width: 142.5px;\">\n            <div class=\"kksr-star\" style=\"padding-right: 5px\">\n            \n\n<div class=\"kksr-icon\" style=\"width: 24px; height: 24px;\"><\/div>\n        <\/div>\n            <div class=\"kksr-star\" style=\"padding-right: 5px\">\n            \n\n<div class=\"kksr-icon\" style=\"width: 24px; height: 24px;\"><\/div>\n        <\/div>\n            <div class=\"kksr-star\" style=\"padding-right: 5px\">\n            \n\n<div class=\"kksr-icon\" style=\"width: 24px; height: 24px;\"><\/div>\n        <\/div>\n            <div class=\"kksr-star\" style=\"padding-right: 5px\">\n            \n\n<div class=\"kksr-icon\" style=\"width: 24px; height: 24px;\"><\/div>\n        <\/div>\n            <div class=\"kksr-star\" style=\"padding-right: 5px\">\n            \n\n<div class=\"kksr-icon\" style=\"width: 24px; height: 24px;\"><\/div>\n        <\/div>\n    <\/div>\n<\/div>\n                \n\n<div class=\"kksr-legend\" style=\"font-size: 19.2px;\">\n            5\/5 - 4 Ata\u015fehir Mobilya Tamircisi    <\/div>\n    <\/div>\n","protected":false},"excerpt":{"rendered":"<p>Ata\u015fehir Sandalye Tamiri | Sandalye Tamircisi Telefon&#8221;&#8217; 0554 858 1312&#8221; \u0130stanbul Anbadolu Yakas\u0131 Ata\u015fehir Sandalye Tamiri&#8221;\u00a0Ah\u015fap i\u015f\u00e7ili\u011fine olan sevgimiz, Sandalye Tamiri onar\u0131m\u0131 ve restorasyonuyla u\u011fra\u015ft\u0131\u011f\u0131m\u0131zda maksimum ifadesini buluyor. \u00c7o\u011fu zaman ince i\u015f\u00e7ili\u011fe sahip olan bu sandalyeler, zaman\u0131n y\u0131pranma ve y\u0131pranmalar\u0131yla test edilmi\u015f ve eski ihti\u015fam\u0131na d\u00f6nebilmesi i\u00e7in \u00f6zel m\u00fcdahale gerektiren mobilyalard\u0131r. Sandalyelerinizin, b\u00fcy\u00fck de\u011fere sahip mobilyalar\u0131n kaybolan g\u00fczelli\u011fini geri kazand\u0131rmak ve sandalyenizin orijinalli\u011fine azami sayg\u0131 g\u00f6stererek m\u00fcdahale etmek i\u00e7in gerekli deneyime ve profesyonelli\u011fe sahibiz K\u0131r\u0131k Sandalye Aya\u011f\u0131 Tamiri basit onar\u0131mlar\u0131n\u0131 da ger\u00e7ekle\u015ftiriyoruz. Ata\u015fehir Sandalye Tamiri Sandalye Tamiri servisi&#8221; Her g\u00fcn 09:00 &#8211; 20:00 saatleri aras\u0131nda ,Cumartesi g\u00fcnleri de 09:00 &#8211; 18:00 saatleri aras\u0131nda taleplerinize cevap veriyoruz. Size nas\u0131l yard\u0131mc\u0131 olabilece\u011fimizi bize bildirin &#8221;Sandalye Tamiri i\u00e7in Daha fazla beklemeyin ve hemen aray\u0131n. bize whatsapp&#8217;tan yaz\u0131n +0554 858 1312 veya bizi hemen aray\u0131n +0554 858 1312. Ata\u015fehir G\u0131c\u0131rdayan Sandalye Tamiri Ata\u015fehir K\u0131r\u0131k Sandalye Aya\u011f\u0131 Tamiri Ata\u015fehir K\u0131r\u0131k Sandalye Tamir Edilir Ata\u015fehir Sandalye Tamircisi Ata\u015fehir Sandalye Tamircisi&#8221; Sandalye Tamiri ile ilgili en zor&#8230; <a class=\"di-continue-reading\" href=\"https:\/\/www.onlinemarangoz.com.tr\/Atasehir\/atasehir-sandalye-tamiri\/\"> Continue Reading&#8230;<\/a><\/p>\n","protected":false},"author":1,"featured_media":0,"parent":0,"menu_order":851,"comment_status":"closed","ping_status":"closed","template":"","meta":{"footnotes":""},"categories":[1],"tags":[431,430,433,435,434,429,428,432],"class_list":["post-793","page","type-page","status-publish","hentry","category-atasehir-online-marangoz","tag-Atasehir-ahsap-sandalye-tamiri-yapilir","tag-Atasehir-eski-sandalye-tamiri","tag-Atasehir-gicirdayan-sandalye-tamiri","tag-Atasehir-kirik-sandalye-ayagi-tamiri","tag-Atasehir-kirik-sandalye-tamir-edilir","tag-Atasehir-sandalye-tamircisi","tag-Atasehir-sandalye-tamiri","tag-Atasehir-sandalye-tamiri-atolyesi"],"_links":{"self":[{"href":"https:\/\/www.onlinemarangoz.com.tr\/Atasehir\/wp-json\/wp\/v2\/pages\/793","targetHints":{"allow":["GET"]}}],"collection":[{"href":"https:\/\/www.onlinemarangoz.com.tr\/Atasehir\/wp-json\/wp\/v2\/pages"}],"about":[{"href":"https:\/\/www.onlinemarangoz.com.tr\/Atasehir\/wp-json\/wp\/v2\/types\/page"}],"author":[{"embeddable":true,"href":"https:\/\/www.onlinemarangoz.com.tr\/Atasehir\/wp-json\/wp\/v2\/users\/1"}],"replies":[{"embeddable":true,"href":"https:\/\/www.onlinemarangoz.com.tr\/Atasehir\/wp-json\/wp\/v2\/comments?post=793"}],"version-history":[{"count":0,"href":"https:\/\/www.onlinemarangoz.com.tr\/Atasehir\/wp-json\/wp\/v2\/pages\/793\/revisions"}],"wp:attachment":[{"href":"https:\/\/www.onlinemarangoz.com.tr\/Atasehir\/wp-json\/wp\/v2\/media?parent=793"}],"wp:term":[{"taxonomy":"category","embeddable":true,"href":"https:\/\/www.onlinemarangoz.com.tr\/Atasehir\/wp-json\/wp\/v2\/categories?post=793"},{"taxonomy":"post_tag","embeddable":true,"href":"https:\/\/www.onlinemarangoz.com.tr\/Atasehir\/wp-json\/wp\/v2\/tags?post=793"}],"curies":[{"name":"wp","href":"https:\/\/api.w.org\/{rel}","templated":true}]}}