{"id":866,"date":"2023-11-22T00:30:17","date_gmt":"2023-11-21T21:30:17","guid":{"rendered":"https:\/\/www.onlinemarangoz.com.tr\/Atasehir\/?page_id=866"},"modified":"2024-09-24T12:44:25","modified_gmt":"2024-09-24T09:44:25","slug":"mobilya-kapi-tamiri","status":"publish","type":"page","link":"https:\/\/www.onlinemarangoz.com.tr\/Atasehir\/mobilya-kapi-tamiri\/","title":{"rendered":"Mobilya Kap\u0131 Tamiri"},"content":{"rendered":"<p>Mobilya Kap\u0131 Tamiri | Mobilya Kap\u0131 Tamiri Telefon 0554 858 1312&#8221; \u0130stanbul Anadolu Yakas\u0131 Mobilya Kap\u0131 Tamiri&#8221; Evinizdeki bir sorunu \u00e7\u00f6zmek i\u00e7in bir Mobilya Kap\u0131 Tamiri ustas\u0131 mi ar\u0131yorsunuz? size yard\u0131mc\u0131 olabiliriz; Bizi g\u00fcn\u00fcn her saatinde 0554 858 1312 numaral\u0131 telefondan arayabilirsiniz : uzman marangoz ustalar\u0131m\u0131z Bu durumlarda acil m\u00fcdahaleye ihtiya\u00e7 oldu\u011funu \u00e7ok iyi biliyoruz. bu y\u00fczden size ekonomik bir maliyet sunmak istiyoruz H\u0131zl\u0131 acil durum m\u00fcdahalemiz sayesinde art\u0131k Oda Kap\u0131 kilit Mente\u015fe Tamiri, de\u011fi\u015fimi i\u00e7in beklemenize gerek kalmayacak.Sizlere en iyi hizmeti ekonomik maliyetle sunuyoruz.<\/p>\n<p><img fetchpriority=\"high\" decoding=\"async\" class=\"alignright wp-image-851 size-full\" style=\"letter-spacing: 0.5px; word-spacing: 0.5px;\" title=\"Ata\u015fehir Mobilya Kap\u0131 Tamiri\" src=\"https:\/\/www.onlinemarangoz.com.tr\/Atasehir\/wp-content\/uploads\/Atasehir-Mobilya-Kapi-Tamir-Servisi.jpg\" alt=\"Ata\u015fehir Mobilya Kap\u0131 Tamiri\" width=\"500\" height=\"250\" srcset=\"https:\/\/www.onlinemarangoz.com.tr\/Atasehir\/wp-content\/uploads\/Atasehir-Mobilya-Kapi-Tamir-Servisi.jpg 500w, https:\/\/www.onlinemarangoz.com.tr\/Atasehir\/wp-content\/uploads\/Atasehir-Mobilya-Kapi-Tamir-Servisi-300x150.jpg 300w\" sizes=\"(max-width: 500px) 100vw, 500px\" \/><\/p>\n<h2>Mobilya Kap\u0131 Tamiri<\/h2>\n<p>Mobilya Kap\u0131 Tamiri Servis&#8217;in ba\u015flang\u0131c\u0131ndan bu yana odak noktas\u0131, m\u00fc\u015fterilerin bu t\u00fcr hizmetlere \u015fiddetle ihtiya\u00e7 duydu\u011fu ancak g\u00fcvenilir tamirciler bulamad\u0131klar\u0131nda son derece rekabet\u00e7i ola\u011fan\u00fcst\u00fc Mobilya Kap\u0131 Tamiri, onar\u0131m hizmetleri sunmak olmu\u015ftur. Bunu akl\u0131m\u0131zda tutarak, Mobilya Kap\u0131 Tamir Servisi, olarak biz her zaman t\u00fcm m\u00fc\u015fterilerimizin evde veya at\u00f6lyemizde m\u00fckemmel hizmet almas\u0131n\u0131 sa\u011flad\u0131k. ister mobilya kap\u0131n\u0131\u0131z\u0131n kilidi, ister k\u0131r\u0131k kap\u0131 mente\u015fesini tamirini yapt\u0131rmak istiyorsan\u0131z, tek yapman\u0131z gereken bizi (0554 858 1312) telefondan araman\u0131z, biz halledelim! Sadece bu de\u011fil, Mobilya Kap\u0131 Tamir Servisi, ayn\u0131 zamanda onar\u0131m hizmetleri de veriyor ve g\u00fcn\u00fcn her saati yan\u0131n\u0131zday\u0131z. Y\u00fcksek vas\u0131fl\u0131, donan\u0131ml\u0131 ustalardan olu\u015fan bir ekibe ihtiya\u00e7 duydu\u011funuzda yan\u0131n\u0131zday\u0131z.<\/p>\n<h6 style=\"text-align: center;\">\u0130stanbul Anadolu Yakas\u0131 Kap\u0131 Tamir Servisi<\/h6>\n<p style=\"text-align: center;\">Oda Kap\u0131 Tamiri&#8221; Acil m\u00fcdahale i\u00e7in Oda Kap\u0131 Kilit Tamiri&#8217; ihtiyac\u0131n\u0131z var ve kiminle ileti\u015fime ge\u00e7ece\u011finizi bilmiyor acil durum telefon numaras\u0131n\u0131 hemen 0554 858 1312&#8221; numaral\u0131 telefondan aray\u0131n; Oda Kap\u0131 Tamiri&#8221; i\u00e7in g\u00fcn\u00fcn her saati, haftan\u0131n her g\u00fcn\u00fc, ya\u015fad\u0131\u011f\u0131n\u0131z her t\u00fcrl\u00fc sorunu \u00e7\u00f6zmeye haz\u0131r\u0131z.<\/p>\n<table style=\"border-collapse: collapse; width: 100%;\">\n<tbody>\n<tr>\n<td style=\"width: 33.3333%;\">\n<h4 style=\"text-align: center;\"><span style=\"letter-spacing: 0.5px; word-spacing: 0.5px;\">K\u0131r\u0131k Kap\u0131 Tamiri<\/span><\/h4>\n<p><img decoding=\"async\" class=\"aligncenter wp-image-149 size-full\" title=\"K\u0131r\u0131k Kap\u0131 Tamiri\" src=\"https:\/\/www.onlinemarangoz.com.tr\/Atasehir\/wp-content\/uploads\/Atasehir-Mobilya-Kapi-Tamircisi.jpg\" alt=\"Ata\u015fehir K\u0131r\u0131k Kap\u0131 Tamiri\" width=\"300\" height=\"300\" srcset=\"https:\/\/www.onlinemarangoz.com.tr\/Atasehir\/wp-content\/uploads\/Atasehir-Mobilya-Kapi-Tamircisi.jpg 300w, https:\/\/www.onlinemarangoz.com.tr\/Atasehir\/wp-content\/uploads\/Atasehir-Mobilya-Kapi-Tamircisi-150x150.jpg 150w, https:\/\/www.onlinemarangoz.com.tr\/Atasehir\/wp-content\/uploads\/Atasehir-Mobilya-Kapi-Tamircisi-90x90.jpg 90w\" sizes=\"(max-width: 300px) 100vw, 300px\" \/><\/td>\n<td style=\"width: 33.3333%;\"><img decoding=\"async\" class=\"aligncenter wp-image-147 size-full\" title=\"Kap\u0131 Kilit Tamiri\" src=\"https:\/\/www.onlinemarangoz.com.tr\/Atasehir\/wp-content\/uploads\/Atasehir-Mobilya-Kapi-Kilit-Tamiri.jpg\" alt=\"Ata\u015fehir Kap\u0131 Kilit Tamiri\" width=\"300\" height=\"300\" srcset=\"https:\/\/www.onlinemarangoz.com.tr\/Atasehir\/wp-content\/uploads\/Atasehir-Mobilya-Kapi-Kilit-Tamiri.jpg 300w, https:\/\/www.onlinemarangoz.com.tr\/Atasehir\/wp-content\/uploads\/Atasehir-Mobilya-Kapi-Kilit-Tamiri-150x150.jpg 150w, https:\/\/www.onlinemarangoz.com.tr\/Atasehir\/wp-content\/uploads\/Atasehir-Mobilya-Kapi-Kilit-Tamiri-90x90.jpg 90w\" sizes=\"(max-width: 300px) 100vw, 300px\" \/><\/p>\n<h5 style=\"text-align: center;\"><span style=\"letter-spacing: 0.5px; word-spacing: 0.5px;\">Kap\u0131 Kilit Tamiri<\/span><\/h5>\n<\/td>\n<td style=\"width: 33.3333%;\">\n<h6 style=\"text-align: center;\"><span style=\"letter-spacing: 0.5px; word-spacing: 0.5px;\">K\u0131r\u0131k Kap\u0131 Mente\u015fe Tamiri<\/span><\/h6>\n<p><img loading=\"lazy\" decoding=\"async\" class=\"aligncenter wp-image-148 size-full\" title=\"K\u0131r\u0131k Kap\u0131 Mente\u015fe Tamiri\" src=\"https:\/\/www.onlinemarangoz.com.tr\/Atasehir\/wp-content\/uploads\/Atasehir-Mobilya-Kapi-Mentese-Tamiri.jpg\" alt=\"K\u0131r\u0131k Kap\u0131 Mente\u015fe Tamiri\" width=\"300\" height=\"300\" srcset=\"https:\/\/www.onlinemarangoz.com.tr\/Atasehir\/wp-content\/uploads\/Atasehir-Mobilya-Kapi-Mentese-Tamiri.jpg 300w, https:\/\/www.onlinemarangoz.com.tr\/Atasehir\/wp-content\/uploads\/Atasehir-Mobilya-Kapi-Mentese-Tamiri-150x150.jpg 150w, https:\/\/www.onlinemarangoz.com.tr\/Atasehir\/wp-content\/uploads\/Atasehir-Mobilya-Kapi-Mentese-Tamiri-90x90.jpg 90w\" sizes=\"(max-width: 300px) 100vw, 300px\" \/><\/td>\n<\/tr>\n<\/tbody>\n<\/table>\n<h3>K\u0131r\u0131k Kap\u0131 Tamircisi<\/h3>\n<p>K\u0131r\u0131k Kap\u0131 Tamircisi&#8221; Pazartesiden cumartesi ye 09.30 \u2013 20.00. Size en kusursuz hizmetleri en uygun fiyatlarla sunmaya olan ba\u011fl\u0131l\u0131\u011f\u0131m\u0131zla, \u00e7al\u0131\u015fma \u015feklimizden memnun kalman\u0131n \u00e7ok daha fazlas\u0131n\u0131 garanti edebiliriz.<\/p>\n<p>Orijinal, Y\u00fcksek Kaliteli Par\u00e7alar Kullan\u0131yoruz<\/p>\n<p>Tamir par\u00e7alar\u0131 taraf\u0131m\u0131zdan temin edilmektedir. M\u00fcmk\u00fcn olan her yerde orijinal \u00fcretici par\u00e7alar\u0131n\u0131 kullan\u0131yoruz. Kilitler mente\u015feler \u00fcretici garantisi ile birlikte gelir. Hemen hemen her marka mobilya kap\u0131n\u0131n tamir montaj ve onar\u0131m\u0131n\u0131 yapmak i\u00e7in evinize gelebiliriz. Randevu almak i\u00e7in 0554 858 1312&#8217;i aray\u0131n.<\/p>\n<table style=\"border-collapse: collapse; width: 100%;\">\n<tbody>\n<tr>\n<td style=\"width: 33.3333%;\">\n<h3><img loading=\"lazy\" decoding=\"async\" class=\"aligncenter wp-image-855 size-medium\" style=\"font-size: 16px; font-weight: 400; letter-spacing: 0.5px;\" title=\"K\u0131r\u0131k Mobilya Kap\u0131 Tamiri\" src=\"https:\/\/www.onlinemarangoz.com.tr\/Atasehir\/wp-content\/uploads\/Atasehir-Kirik-Mobilya-Kapi-Tamir-300x300.jpg\" alt=\"Ata\u015fehir K\u0131r\u0131k Mobilya Kap\u0131 Tamiri\" width=\"300\" height=\"300\" srcset=\"https:\/\/www.onlinemarangoz.com.tr\/Atasehir\/wp-content\/uploads\/Atasehir-Kirik-Mobilya-Kapi-Tamir-300x300.jpg 300w, https:\/\/www.onlinemarangoz.com.tr\/Atasehir\/wp-content\/uploads\/Atasehir-Kirik-Mobilya-Kapi-Tamir-150x150.jpg 150w, https:\/\/www.onlinemarangoz.com.tr\/Atasehir\/wp-content\/uploads\/Atasehir-Kirik-Mobilya-Kapi-Tamir-90x90.jpg 90w, https:\/\/www.onlinemarangoz.com.tr\/Atasehir\/wp-content\/uploads\/Atasehir-Kirik-Mobilya-Kapi-Tamir.jpg 350w\" sizes=\"(max-width: 300px) 100vw, 300px\" \/><\/h3>\n<h3 style=\"text-align: center;\"><span style=\"letter-spacing: 0.5px; word-spacing: 0.5px;\">K\u0131r\u0131k Mobilya Kap\u0131 Tamiri<\/span><\/h3>\n<\/td>\n<td style=\"width: 33.3333%;\">\n<h4 style=\"text-align: center;\"><span style=\"letter-spacing: 0.5px; word-spacing: 0.5px;\">Panel Kap\u0131 Tamiri<\/span><\/h4>\n<p style=\"text-align: center;\"><span style=\"letter-spacing: 0.5px; word-spacing: 0.5px;\">Panel Kap\u0131 Tamiri&#8221;\u00a0<\/span>b\u00f6lgesinde ya\u015f\u0131yorsunuz ve acilen bir mobilya kap\u0131 tamir ustas\u0131na mi ihtiyac\u0131n\u0131z var? Bizi 0554 858 1312 numaral\u0131 telefondan aray\u0131n t\u00fcm sorunlar\u0131n\u0131z\u0131 \u00e7\u00f6zmek i\u00e7in hizmetinizde olacag\u0131z. Bir kap\u0131y\u0131 bir kilidi onarman\u0131z veya kap\u0131lar\u0131n\u0131 tamir etmeniz mi gerekiyor? Merak etmeyin, &#8221;Mobilya Kap\u0131 Tamiri \u00a0Ustas\u0131&#8221; her zaman ihtiya\u00e7lar\u0131n\u0131z\u0131 kar\u015f\u0131lamaya haz\u0131r\u0131z.<\/p>\n<\/td>\n<td style=\"width: 33.3333%;\">\n<h5><img loading=\"lazy\" decoding=\"async\" class=\"aligncenter wp-image-856 size-medium\" style=\"font-size: 16px; font-weight: 400; letter-spacing: 0.5px;\" title=\"Amerikan Panel Kap\u0131 Tamiri\" src=\"https:\/\/www.onlinemarangoz.com.tr\/Atasehir\/wp-content\/uploads\/Atasehir-Amerikan-Panel-Kapi-Tamiri-300x300.jpg\" alt=\"Ata\u015fehir Amerikan Panel Kap\u0131 Tamiri\" width=\"300\" height=\"300\" srcset=\"https:\/\/www.onlinemarangoz.com.tr\/Atasehir\/wp-content\/uploads\/Atasehir-Amerikan-Panel-Kapi-Tamiri-300x300.jpg 300w, https:\/\/www.onlinemarangoz.com.tr\/Atasehir\/wp-content\/uploads\/Atasehir-Amerikan-Panel-Kapi-Tamiri-150x150.jpg 150w, https:\/\/www.onlinemarangoz.com.tr\/Atasehir\/wp-content\/uploads\/Atasehir-Amerikan-Panel-Kapi-Tamiri-90x90.jpg 90w, https:\/\/www.onlinemarangoz.com.tr\/Atasehir\/wp-content\/uploads\/Atasehir-Amerikan-Panel-Kapi-Tamiri.jpg 350w\" sizes=\"(max-width: 300px) 100vw, 300px\" \/><\/h5>\n<h5 style=\"text-align: center;\"><span style=\"letter-spacing: 0.5px; word-spacing: 0.5px;\">Amerikan Panel Kap\u0131 Tamiri<\/span><\/h5>\n<\/td>\n<\/tr>\n<\/tbody>\n<\/table>\n\n\n<div class=\"kk-star-ratings kksr-auto kksr-align-left kksr-valign-bottom\"\n    data-payload='{&quot;align&quot;:&quot;left&quot;,&quot;id&quot;:&quot;866&quot;,&quot;slug&quot;:&quot;default&quot;,&quot;valign&quot;:&quot;bottom&quot;,&quot;ignore&quot;:&quot;&quot;,&quot;reference&quot;:&quot;auto&quot;,&quot;class&quot;:&quot;&quot;,&quot;count&quot;:&quot;2&quot;,&quot;legendonly&quot;:&quot;&quot;,&quot;readonly&quot;:&quot;&quot;,&quot;score&quot;:&quot;5&quot;,&quot;starsonly&quot;:&quot;&quot;,&quot;best&quot;:&quot;5&quot;,&quot;gap&quot;:&quot;5&quot;,&quot;greet&quot;:&quot;Ata\u015fehir Marangoz Ustas\u0131&quot;,&quot;legend&quot;:&quot;5\\\/5 - 2 Ata\u015fehir Mobilya Tamircisi&quot;,&quot;size&quot;:&quot;24&quot;,&quot;title&quot;:&quot;Mobilya Kap\u0131 Tamiri&quot;,&quot;width&quot;:&quot;142.5&quot;,&quot;_legend&quot;:&quot;{score}\\\/{best} - {count} Ata\u015fehir Mobilya Tamircisi&quot;,&quot;font_factor&quot;:&quot;1.25&quot;}'>\n            \n<div class=\"kksr-stars\">\n    \n<div class=\"kksr-stars-inactive\">\n            <div class=\"kksr-star\" data-star=\"1\" style=\"padding-right: 5px\">\n            \n\n<div class=\"kksr-icon\" style=\"width: 24px; height: 24px;\"><\/div>\n        <\/div>\n            <div class=\"kksr-star\" data-star=\"2\" style=\"padding-right: 5px\">\n            \n\n<div class=\"kksr-icon\" style=\"width: 24px; height: 24px;\"><\/div>\n        <\/div>\n            <div class=\"kksr-star\" data-star=\"3\" style=\"padding-right: 5px\">\n            \n\n<div class=\"kksr-icon\" style=\"width: 24px; height: 24px;\"><\/div>\n        <\/div>\n            <div class=\"kksr-star\" data-star=\"4\" style=\"padding-right: 5px\">\n            \n\n<div class=\"kksr-icon\" style=\"width: 24px; height: 24px;\"><\/div>\n        <\/div>\n            <div class=\"kksr-star\" data-star=\"5\" style=\"padding-right: 5px\">\n            \n\n<div class=\"kksr-icon\" style=\"width: 24px; height: 24px;\"><\/div>\n        <\/div>\n    <\/div>\n    \n<div class=\"kksr-stars-active\" style=\"width: 142.5px;\">\n            <div class=\"kksr-star\" style=\"padding-right: 5px\">\n            \n\n<div class=\"kksr-icon\" style=\"width: 24px; height: 24px;\"><\/div>\n        <\/div>\n            <div class=\"kksr-star\" style=\"padding-right: 5px\">\n            \n\n<div class=\"kksr-icon\" style=\"width: 24px; height: 24px;\"><\/div>\n        <\/div>\n            <div class=\"kksr-star\" style=\"padding-right: 5px\">\n            \n\n<div class=\"kksr-icon\" style=\"width: 24px; height: 24px;\"><\/div>\n        <\/div>\n            <div class=\"kksr-star\" style=\"padding-right: 5px\">\n            \n\n<div class=\"kksr-icon\" style=\"width: 24px; height: 24px;\"><\/div>\n        <\/div>\n            <div class=\"kksr-star\" style=\"padding-right: 5px\">\n            \n\n<div class=\"kksr-icon\" style=\"width: 24px; height: 24px;\"><\/div>\n        <\/div>\n    <\/div>\n<\/div>\n                \n\n<div class=\"kksr-legend\" style=\"font-size: 19.2px;\">\n            5\/5 - 2 Ata\u015fehir Mobilya Tamircisi    <\/div>\n    <\/div>\n","protected":false},"excerpt":{"rendered":"<p>Mobilya Kap\u0131 Tamiri | Mobilya Kap\u0131 Tamiri Telefon 0554 858 1312&#8221; \u0130stanbul Anadolu Yakas\u0131 Mobilya Kap\u0131 Tamiri&#8221; Evinizdeki bir sorunu \u00e7\u00f6zmek i\u00e7in bir Mobilya Kap\u0131 Tamiri ustas\u0131 mi ar\u0131yorsunuz? size yard\u0131mc\u0131 olabiliriz; Bizi g\u00fcn\u00fcn her saatinde 0554 858 1312 numaral\u0131 telefondan arayabilirsiniz : uzman marangoz ustalar\u0131m\u0131z Bu durumlarda acil m\u00fcdahaleye ihtiya\u00e7 oldu\u011funu \u00e7ok iyi biliyoruz. bu y\u00fczden size ekonomik bir maliyet sunmak istiyoruz H\u0131zl\u0131 acil durum m\u00fcdahalemiz sayesinde art\u0131k Oda Kap\u0131 kilit Mente\u015fe Tamiri, de\u011fi\u015fimi i\u00e7in beklemenize gerek kalmayacak.Sizlere en iyi hizmeti ekonomik maliyetle sunuyoruz. Mobilya Kap\u0131 Tamiri Mobilya Kap\u0131 Tamiri Servis&#8217;in ba\u015flang\u0131c\u0131ndan bu yana odak noktas\u0131, m\u00fc\u015fterilerin bu t\u00fcr hizmetlere \u015fiddetle ihtiya\u00e7 duydu\u011fu ancak g\u00fcvenilir tamirciler bulamad\u0131klar\u0131nda son derece rekabet\u00e7i ola\u011fan\u00fcst\u00fc Mobilya Kap\u0131 Tamiri, onar\u0131m hizmetleri sunmak olmu\u015ftur. Bunu akl\u0131m\u0131zda tutarak, Mobilya Kap\u0131 Tamir Servisi, olarak biz her zaman t\u00fcm m\u00fc\u015fterilerimizin evde veya at\u00f6lyemizde m\u00fckemmel hizmet almas\u0131n\u0131 sa\u011flad\u0131k. ister mobilya kap\u0131n\u0131\u0131z\u0131n kilidi, ister k\u0131r\u0131k kap\u0131 mente\u015fesini tamirini yapt\u0131rmak istiyorsan\u0131z, tek yapman\u0131z gereken bizi (0554 858 1312) telefondan araman\u0131z, biz&#8230; <a class=\"di-continue-reading\" href=\"https:\/\/www.onlinemarangoz.com.tr\/Atasehir\/mobilya-kapi-tamiri\/\"> Continue Reading&#8230;<\/a><\/p>\n","protected":false},"author":1,"featured_media":0,"parent":0,"menu_order":700,"comment_status":"closed","ping_status":"closed","template":"","meta":{"footnotes":""},"categories":[1],"tags":[556,557,554,553,551,555,550,552],"class_list":["post-866","page","type-page","status-publish","hentry","category-atasehir-online-marangoz","tag-amerikan-panel-kapi-tamiri","tag-kapi-kilit-tamiri","tag-kirik-kapi-mentese-tamiri","tag-kirik-kapi-tamircisi","tag-kirik-kapi-tamiri","tag-kirik-mobilya-kapi-tamiri","tag-mobilya-kapi-tamiri","tag-panel-kapi-tamiri"],"_links":{"self":[{"href":"https:\/\/www.onlinemarangoz.com.tr\/Atasehir\/wp-json\/wp\/v2\/pages\/866","targetHints":{"allow":["GET"]}}],"collection":[{"href":"https:\/\/www.onlinemarangoz.com.tr\/Atasehir\/wp-json\/wp\/v2\/pages"}],"about":[{"href":"https:\/\/www.onlinemarangoz.com.tr\/Atasehir\/wp-json\/wp\/v2\/types\/page"}],"author":[{"embeddable":true,"href":"https:\/\/www.onlinemarangoz.com.tr\/Atasehir\/wp-json\/wp\/v2\/users\/1"}],"replies":[{"embeddable":true,"href":"https:\/\/www.onlinemarangoz.com.tr\/Atasehir\/wp-json\/wp\/v2\/comments?post=866"}],"version-history":[{"count":0,"href":"https:\/\/www.onlinemarangoz.com.tr\/Atasehir\/wp-json\/wp\/v2\/pages\/866\/revisions"}],"wp:attachment":[{"href":"https:\/\/www.onlinemarangoz.com.tr\/Atasehir\/wp-json\/wp\/v2\/media?parent=866"}],"wp:term":[{"taxonomy":"category","embeddable":true,"href":"https:\/\/www.onlinemarangoz.com.tr\/Atasehir\/wp-json\/wp\/v2\/categories?post=866"},{"taxonomy":"post_tag","embeddable":true,"href":"https:\/\/www.onlinemarangoz.com.tr\/Atasehir\/wp-json\/wp\/v2\/tags?post=866"}],"curies":[{"name":"wp","href":"https:\/\/api.w.org\/{rel}","templated":true}]}}