{"id":325,"date":"2024-01-20T00:07:21","date_gmt":"2024-01-19T21:07:21","guid":{"rendered":"https:\/\/www.onlinemarangoz.com.tr\/Beykoz\/?page_id=325"},"modified":"2024-11-08T00:12:34","modified_gmt":"2024-11-07T21:12:34","slug":"beykoz-mobilya-kapi-tamiri","status":"publish","type":"page","link":"https:\/\/www.onlinemarangoz.com.tr\/Beykoz\/beykoz-mobilya-kapi-tamiri\/","title":{"rendered":"Beykoz Mobilya Kap\u0131 Tamiri"},"content":{"rendered":"<p>Beykoz Mobilya Kap\u0131 Tamiri &#8211; Mobilya Kap\u0131 Tamiri Telefon 0554 858 1312&#8221; \u0130stanbul Anadolu Yakas\u0131 Beykoz Mobilya Kap\u0131 Tamiri&#8221; Kap\u0131lar\u0131n\u0131z evinizde en s\u0131k kulland\u0131\u011f\u0131n\u0131z e\u015fyalardan baz\u0131lar\u0131d\u0131r, bu y\u00fczden hasar g\u00f6rmeye kar\u015f\u0131 hassast\u0131rlar. Baz\u0131 hasar t\u00fcrlerini kendi ba\u015f\u0131n\u0131za d\u00fczeltebilirsiniz, ancak di\u011fer t\u00fcrler yetenekli bir profesyonelin yard\u0131m\u0131na ihtiya\u00e7 duyar.<\/p>\n<p><img fetchpriority=\"high\" decoding=\"async\" class=\"size-full wp-image-424 alignright\" src=\"https:\/\/www.onlinemarangoz.com.tr\/Beykoz\/wp-content\/uploads\/Beykoz-Mobilya-Kapi-Tamir-Montaj-Servis.jpg\" alt=\"\" width=\"500\" height=\"250\" srcset=\"https:\/\/www.onlinemarangoz.com.tr\/Beykoz\/wp-content\/uploads\/Beykoz-Mobilya-Kapi-Tamir-Montaj-Servis.jpg 500w, https:\/\/www.onlinemarangoz.com.tr\/Beykoz\/wp-content\/uploads\/Beykoz-Mobilya-Kapi-Tamir-Montaj-Servis-300x150.jpg 300w\" sizes=\"(max-width: 500px) 100vw, 500px\" \/><\/p>\n<h2>Beykoz Mobilya Kap\u0131 Tamiri<\/h2>\n<p>D\u00f6rt tip kap\u0131 hasar\u0131 \u015funlar\u0131 i\u00e7erir<\/p>\n<p><strong>Kap\u0131 \u00e7er\u00e7evesi \u00e7\u00fcr\u00fcmesi<\/strong>: Bu t\u00fcr hasarlar banyolarda ve wc kap\u0131lar\u0131nda yayg\u0131nd\u0131r ve genellikle uzun s\u00fcre neme maruz kalan eski evlerde bulunur. Kap\u0131 \u00e7er\u00e7evesi \u00e7\u00fcr\u00fcmesi genellikle pervazda, kaplamada veya \u00e7er\u00e7evede bulunur. Kap\u0131 yeterince kapat\u0131lmazsa yo\u011fu\u015fma olu\u015fabilir ve daha fazla \u00e7\u00fcr\u00fcmeye neden olabilir.<\/p>\n<p><strong>Kap\u0131 pervaz\u0131 hasar\u0131<\/strong> : Genellikle s\u0131k s\u0131k \u00e7arp\u0131lan kap\u0131larda g\u00f6r\u00fclen, kap\u0131 pervaz\u0131n\u0131 \u00e7evreleyen panellerin \u00e7atlay\u0131p ayr\u0131lmaya ba\u015flamas\u0131yla olu\u015fur.<\/p>\n<p><strong>Kap\u0131 pervaz\u0131 hasar\u0131<\/strong> : Pervaz\u0131 destekleyen tahtalar b\u00f6l\u00fcnd\u00fc\u011f\u00fcnde veya bozuldu\u011funda veya \u00e7i\u011fnendi\u011finde kap\u0131 pervaz\u0131nda hasar meydana gelir. Bu t\u00fcr hasarlar s\u0131kl\u0131kla mobilyalar\u0131n ta\u015f\u0131nmas\u0131 veya evcil hayvan\u0131n kap\u0131y\u0131 \u00e7i\u011fnemesi sonucu g\u00f6r\u00fcl\u00fcr.<\/p>\n<p><strong>Kap\u0131 kasas\u0131 hasar\u0131<\/strong> : Kap\u0131 kaplamas\u0131 hasar\u0131na benzer \u015fekilde, s\u0131k s\u0131k \u00e7arpma sonucu kap\u0131 kasas\u0131 k\u00f6\u015fesi hasar\u0131 meydana gelebilir. Ancak bu ayn\u0131 zamanda k\u00f6t\u00fc kurulum ve vidalar\u0131n yanl\u0131\u015f yerle\u015ftirilmesi nedeniyle de meydana gelebilir. Bu nedenle onar\u0131m veya kurulumlarla u\u011fra\u015f\u0131rken kendi ba\u015f\u0131n\u0131za halletmeye \u00e7al\u0131\u015fmak yerine Beykoz Mobilya Kap\u0131 Tamiri&#8221; yard\u0131m\u0131na ba\u015fvurmak \u00e7ok \u00f6nemlidir.<\/p>\n<p><strong>Beykoz K\u0131r\u0131k Kap\u0131 Tamiri&#8221;<\/strong> Beykoz K\u0131r\u0131k Kap\u0131 Tamircisi&#8221; Beykoz Mobilya Kap\u0131 Mente\u015fe Tamiri&#8221; Beykoz Mobilya Kap\u0131 Kilit Tamiri&#8221; Beykoz Mobilya Kap\u0131 Pervaz Tamiri&#8221; Beykoz K\u0131r\u0131k Mobilya Kap\u0131 Tamiri&#8221; Beykoz Amerikan Panel Kap\u0131 Tamiri&#8221; \u00c7al\u0131\u015fma saatlerimiz Pazartesi \u2013 Cumartesi, Sabah 09:00 \u2013 Ak\u015fam 20:00, Pazar, randevuya g\u00f6redir. (( Beykoz Mobilya Kap\u0131 Tamiri )) i\u00e7 k\u0131r\u0131k ah\u015fap oda kap\u0131lar\u0131n\u0131zla ilgili her t\u00fcrl\u00fc sorunu sizin i\u00e7in \u00e7\u00f6zece\u011fiz &#8221;Beykoz Mobilya Kap\u0131 Tamiri Telefon&#8221; 0554 858 1312 numaral\u0131 telefondan bize ula\u015fabilir WhatsApp arac\u0131l\u0131\u011f\u0131yla do\u011frudan mesaj g\u00f6nderebilirsiniz size kaliteli bir hizmet sunarak, i\u00e7 oda mobilya kap\u0131n\u0131z yeniymi\u015f gibi onar\u0131lmas\u0131n\u0131 garanti ediyoruz.<img decoding=\"async\" class=\"size-full wp-image-53 alignleft\" src=\"https:\/\/www.onlinemarangoz.com.tr\/Beykoz\/wp-content\/uploads\/Beykoz-Mobilya-Kapi-Tamircisi.jpg\" alt=\"\" width=\"300\" height=\"300\" srcset=\"https:\/\/www.onlinemarangoz.com.tr\/Beykoz\/wp-content\/uploads\/Beykoz-Mobilya-Kapi-Tamircisi.jpg 300w, https:\/\/www.onlinemarangoz.com.tr\/Beykoz\/wp-content\/uploads\/Beykoz-Mobilya-Kapi-Tamircisi-150x150.jpg 150w, https:\/\/www.onlinemarangoz.com.tr\/Beykoz\/wp-content\/uploads\/Beykoz-Mobilya-Kapi-Tamircisi-90x90.jpg 90w\" sizes=\"(max-width: 300px) 100vw, 300px\" \/><\/p>\n<h3>Beykoz K\u0131r\u0131k Kap\u0131 Tamircisi<\/h3>\n<p>Beykoz K\u0131r\u0131k Kap\u0131 Tamircisi&#8221; Ayr\u0131ca oda kap\u0131n\u0131z\u0131n d\u00fczg\u00fcn kapanmad\u0131\u011f\u0131n\u0131 da g\u00f6rebilirsiniz. Bu genellikle de\u011fi\u015fen hava ko\u015fullar\u0131na ba\u011fl\u0131 olarak meydana gelebilecek m\u00fclk\u00fcn\u00fcz\u00fcn temelinin de\u011fi\u015fmesinden kaynaklan\u0131r. Standart kap\u0131n\u0131n yaln\u0131zca yakla\u015f\u0131k 0,6 milimetrelik bir bo\u015flu\u011fu oldu\u011fundan, 5 milimetrelik bir kayman\u0131n temelde nas\u0131l \u00f6nemli bir fark yaratabilece\u011fini g\u00f6rebilirsiniz. Bu endi\u015fe verici g\u00f6r\u00fcnse de \u00e7o\u011fu m\u00fclk\u00fcn temeli birka\u00e7 milimetre kayar ve profesyonel bir marangozla g\u00f6r\u00fc\u015ferek kolayca d\u00fczeltilebilir. Beykoz K\u0131r\u0131k Kap\u0131 Tamircisi Onar\u0131m, hizmetleriyle ileti\u015fime ge\u00e7me evinizde k\u0131r\u0131k bir kap\u0131 \u00e7er\u00e7evesi varsa sorununuzu \u00e7\u00f6zme i\u015fini profesyonellere b\u0131rak\u0131n. Sorunu kendi ba\u015f\u0131n\u0131za \u00e7\u00f6zebilseniz de, profesyonel bir marangozla \u00e7al\u0131\u015fmak evinizin de\u011ferini art\u0131rabilir, zamandan ve ba\u015f a\u011fr\u0131s\u0131ndan tasarruf etmenizi sa\u011flayabilir. Beykoz K\u0131r\u0131k Kap\u0131 Tamircisi&#8221; ile ileti\u015fime ge\u00e7mek ayn\u0131 zamanda K\u0131r\u0131k Kap\u0131 emin ellerde oldu\u011funa dair size g\u00fcven verebilir.<\/p>\n<p><strong>Beykoz Mobilya Kap\u0131 Mente\u015fe Tamiri<\/strong>&#8221; Beykoz Mobilya Oda Kap\u0131 Mente\u015fe Tamiri&#8221; Beykoz Mobilya Panel Kap\u0131 Mente\u015fe Tamiri&#8221; Beykoz Amerikan Kap\u0131 Mente\u015fe Tamiri&#8221; Beykoz Ah\u015fap Kap\u0131 Mente\u015fe Tamiri&#8221; Beykoz K\u0131r\u0131k Kap\u0131 Tamiri&#8221; \u00c7al\u0131\u015fma saatlerimiz Pazartesi \u2013 Cumartesi, Sabah 09:00 \u2013 Ak\u015fam 20:00, Pazar, randevuya g\u00f6redir. (( Beykoz K\u0131r\u0131k Kap\u0131 Tamircisi )) araman\u0131z yeterli her t\u00fcrl\u00fc &#8221;K\u0131r\u0131k Kap\u0131 Tamiri Onar\u0131m\u0131&#8221; \u00e7ok k\u0131sa s\u00fcrede ger\u00e7ekle\u015ftirmek i\u00e7in size uzun \u00f6m\u00fcrl\u00fc ve g\u00fcvenilir \u00e7\u00f6z\u00fcmler sunarak \u00fcst\u00fcn kaliteli sonu\u00e7lar\u0131 garanti etmemizi sa\u011flayaca\u011f\u0131z. (( Beykoz K\u0131r\u0131k Kap\u0131 Tamircisi Telefon )) 0554 858 1312 numaral\u0131 telefonu arayarak ula\u015fabilirsiniz k<span lang=\"en\">aliteli, h\u0131zl\u0131 ve ekonomik bir Mobilya Tamir K\u0131r\u0131k Kap\u0131 Tamir onar\u0131m yapman\u0131z gerekiyorsa yard\u0131m\u0131m\u0131z ideal \u00e7\u00f6z\u00fcmd\u00fcr.<img decoding=\"async\" class=\"alignright wp-image-330 size-full\" src=\"https:\/\/www.onlinemarangoz.com.tr\/Beykoz\/wp-content\/uploads\/Beykoz-Mobilya-Oda-Kapi-Tamir.jpg\" alt=\"\" width=\"300\" height=\"300\" srcset=\"https:\/\/www.onlinemarangoz.com.tr\/Beykoz\/wp-content\/uploads\/Beykoz-Mobilya-Oda-Kapi-Tamir.jpg 300w, https:\/\/www.onlinemarangoz.com.tr\/Beykoz\/wp-content\/uploads\/Beykoz-Mobilya-Oda-Kapi-Tamir-150x150.jpg 150w, https:\/\/www.onlinemarangoz.com.tr\/Beykoz\/wp-content\/uploads\/Beykoz-Mobilya-Oda-Kapi-Tamir-90x90.jpg 90w\" sizes=\"(max-width: 300px) 100vw, 300px\" \/><\/span><\/p>\n<h4>Beykoz K\u0131r\u0131k Mobilya Kap\u0131 Tamiri<\/h4>\n<p>Beykoz K\u0131r\u0131k Mobilya Kap\u0131 Tamiri&#8221; K\u0131r\u0131k bir kap\u0131 \u00e7er\u00e7evesine dair kan\u0131t bulursan\u0131z, bir marangoz hasar\u0131n boyutunu tespit etmek ve onar\u0131ma m\u0131 yoksa de\u011fi\u015ftirmeye mi ihtiyac\u0131n\u0131z oldu\u011funu belirlemek i\u00e7in kapsaml\u0131 bir ara\u015ft\u0131rma yapabilir. Beklenenden daha pahal\u0131 ya da daha uzun s\u00fcrebilecek K\u0131r\u0131k Mobilya Kap\u0131 Tamir tek ba\u015f\u0131n\u0131za yapmak yerine &#8221;Beykoz K\u0131r\u0131k Mobilya Kap\u0131 Tamiri&#8221; ustas\u0131 ile \u00e7al\u0131\u015fmak, verimli ve \u00fcst\u00fcn sonu\u00e7lar sa\u011flayarak hayat\u0131n\u0131z\u0131 kolayla\u015ft\u0131rabilir. Marangozluk hizmetlerimiz hakk\u0131nda daha fazla bilgi edinmek i\u00e7in bug\u00fcn &#8221;Beykoz K\u0131r\u0131k Mobilya Kap\u0131 Tamiri&#8221; Beykoz K\u0131r\u0131k Ah\u015fap Mobilya Kap\u0131 Tamiri&#8221; Beykoz K\u0131r\u0131k Oda Kap\u0131 Tamiri&#8221; Beykoz K\u0131r\u0131k Mobilya Kap\u0131 Kasa Tamiri&#8221; Beykoz K\u0131r\u0131k Mobilya Kap\u0131 Pervaz Tamiri&#8221; \u00c7al\u0131\u015fma saatlerimiz Pazartesi \u2013 Cumartesi, Sabah 09:00 \u2013 Ak\u015fam 20:00, Pazar, randevuya g\u00f6redir. (( Beykoz K\u0131r\u0131k Mobilya Kap\u0131 Tamiri )) i\u00e7 ah\u015fap oda k\u0131r\u0131k kap\u0131lar\u0131n\u0131zla ilgili her t\u00fcrl\u00fc sorunu sizin i\u00e7in \u00e7\u00f6zece\u011fiz ((&#8221;Beykoz K\u0131r\u0131k Mobilya Kap\u0131 Tamiri Telefon&#8221;)) 0554 858 1312 numaradan ihtiyac\u0131n\u0131z olursa bana ula\u015fabilir WhatsApp arac\u0131l\u0131\u011f\u0131yla do\u011frudan mesaj g\u00f6nderebilirsiniz &#8221;K\u0131r\u0131k Mobilya Kap\u0131 Tamiri Onar\u0131m\u0131&#8221; i\u00e7in paran\u0131z\u0131n kar\u015f\u0131l\u0131\u011f\u0131n\u0131 en iyi \u015fekilde veren hizmeti sunuyoruz.<img loading=\"lazy\" decoding=\"async\" class=\"size-full wp-image-51 alignleft\" src=\"https:\/\/www.onlinemarangoz.com.tr\/Beykoz\/wp-content\/uploads\/Beykoz-Mobilya-Kapi-Kilit-Tamiri.jpg\" alt=\"\" width=\"300\" height=\"300\" srcset=\"https:\/\/www.onlinemarangoz.com.tr\/Beykoz\/wp-content\/uploads\/Beykoz-Mobilya-Kapi-Kilit-Tamiri.jpg 300w, https:\/\/www.onlinemarangoz.com.tr\/Beykoz\/wp-content\/uploads\/Beykoz-Mobilya-Kapi-Kilit-Tamiri-150x150.jpg 150w, https:\/\/www.onlinemarangoz.com.tr\/Beykoz\/wp-content\/uploads\/Beykoz-Mobilya-Kapi-Kilit-Tamiri-90x90.jpg 90w\" sizes=\"(max-width: 300px) 100vw, 300px\" \/><\/p>\n<h5>Beykoz Amerikan Panel Kap\u0131 Tamiri<\/h5>\n<p>Beykoz Amerikan Panel Kap\u0131 Tamiri&#8221; Kap\u0131n\u0131zda bir kusur varsa her zaman bir mobilya tamir ustas\u0131na ihtiyac\u0131n\u0131z vard\u0131r. Asl\u0131nda panel kap\u0131 tamir hizmetlerimiz \u00e7o\u011funlukla kilitte bir sorun olmas\u0131 veya anahtar\u0131 kilit i\u00e7inde do\u011fru \u00e7evirdi\u011finiz halde kilitlenmesi durumunda talep edilmektedir. Bir kap\u0131n\u0131n yol a\u00e7abilece\u011fi di\u011fer t\u00fcm sorunlar\u0131 isterseniz \u00e7\u00f6zebiliriz. Farkl\u0131 senaryolara ve her birinde panel kap\u0131y\u0131 nas\u0131l onarabilece\u011finize bakal\u0131m. Beykoz Amerikan Panel Kap\u0131 Tamiri&#8221; Beykoz K\u0131r\u0131k Amerikan Panel Kap\u0131 Tamiri&#8221; Beykoz Amerikan Panel Kap\u0131 Kilit Tamiri&#8221; Beykoz Amerikan Panel Kap\u0131 Mente\u015fe Tamiri&#8221; Beykoz Amerikan Panel Kap\u0131 Kasa Tamiri&#8221; Beykoz Amerikan Panel Kap\u0131 Pervaz Tamiri&#8221; \u00c7al\u0131\u015fma saatlerimiz Pazartesi \u2013 Cumartesi, Sabah 09:00 \u2013 Ak\u015fam 20:00, Pazar, randevuya g\u00f6redir. (( Beykoz Amerikan Panel Kap\u0131 Tamiri )) i\u00e7 ah\u015fap Amerikan panel kap\u0131lar\u0131n\u0131zla ilgili her t\u00fcrl\u00fc sorunu sizin i\u00e7in \u00e7\u00f6zece\u011fiz ((&#8221;Beykoz Amerikan Panel Kap\u0131 Tamiri Telefon&#8221;)) 0554 858 1312 numaral\u0131 telefondan bize ula\u015fabilir WhatsApp arac\u0131l\u0131\u011f\u0131yla do\u011frudan mesaj g\u00f6nderebilirsiniz &#8221;Amerikan Panel Kap\u0131 Tamiri&#8221; bana ihtiya\u00e7 duydu\u011funuz her an size yan\u0131t vermeye haz\u0131r olaca\u011f\u0131m.<img loading=\"lazy\" decoding=\"async\" class=\"size-full wp-image-52 alignright\" src=\"https:\/\/www.onlinemarangoz.com.tr\/Beykoz\/wp-content\/uploads\/Beykoz-Mobilya-Kapi-Mentese-Tamiri.jpg\" alt=\"\" width=\"350\" height=\"350\" srcset=\"https:\/\/www.onlinemarangoz.com.tr\/Beykoz\/wp-content\/uploads\/Beykoz-Mobilya-Kapi-Mentese-Tamiri.jpg 350w, https:\/\/www.onlinemarangoz.com.tr\/Beykoz\/wp-content\/uploads\/Beykoz-Mobilya-Kapi-Mentese-Tamiri-300x300.jpg 300w, https:\/\/www.onlinemarangoz.com.tr\/Beykoz\/wp-content\/uploads\/Beykoz-Mobilya-Kapi-Mentese-Tamiri-150x150.jpg 150w, https:\/\/www.onlinemarangoz.com.tr\/Beykoz\/wp-content\/uploads\/Beykoz-Mobilya-Kapi-Mentese-Tamiri-90x90.jpg 90w\" sizes=\"(max-width: 350px) 100vw, 350px\" \/><\/p>\n<h6>Beykoz Mobilya Kap\u0131 Mente\u015fe Tamiri<\/h6>\n<p>Beykoz Mobilya Kap\u0131 Mente\u015fe Tamiri&#8221; pas, korozyon ve a\u015f\u0131nma olu\u015fumuna yol a\u00e7abilece\u011fi i\u00e7in zaman\u0131n kap\u0131lar \u00fczerinde kesinlikle bir etkisi oldu\u011fu konusunda hemfikirdir. Ve e\u011fer kap\u0131 uzun s\u00fcre ayn\u0131 mente\u015feler \u00fczerinde kalm\u0131\u015fsa, a\u015f\u0131r\u0131 \u00e7eki\u015f bile (bir \u00e7ocu\u011fun onunla oynarken yaratabilece\u011fi gibi) onu mente\u015felerden koparabilir.<\/p>\n<p>Peki \u00e7\u00f6z\u00fcm nedir? Bekleyip kap\u0131n\u0131n oldu\u011fu gibi kalmas\u0131n\u0131 m\u0131 umacaks\u0131n\u0131z yoksa k\u0131r\u0131k mente\u015fe nas\u0131l onaraca\u011f\u0131n\u0131z\u0131 \u00f6\u011frenerek proaktif \u00f6nlemler mi alacaks\u0131n\u0131z?<\/p>\n<p>Ben ikincisini s\u00f6yleyebilirim! Gev\u015fek ah\u015fap mente\u015feleri onarmak i\u00e7in genellikle bir profesyonele ba\u015fvurmak. Bir kap\u0131y\u0131 a\u00e7arken veya kapat\u0131rken o sinir bozucu g\u0131c\u0131rt\u0131yla bizi \u00e7\u0131ld\u0131rtmamal\u0131. Evet, g\u0131c\u0131rdayan bir kap\u0131 mente\u015fesi kesinlikle insanlar\u0131 \u00e7\u0131lg\u0131na \u00e7evirmek i\u00e7in yeterlidir, ancak sorun genellikle ah\u015fab\u0131n ah\u015faba s\u00fcrt\u00fcnmesinden kaynaklanmaktad\u0131r. Ama endi\u015felenmeyin; Sessizli\u011fin ne kadar alt\u0131n olabilece\u011fini unuttuysan\u0131z, size bu sinir bozucu g\u0131c\u0131rt\u0131ya son vermenin bir de\u011fil, iki de\u011fil, BE\u015e farkl\u0131 yolunu &#8221;Beykoz Mobilya Kap\u0131 K\u0131r\u0131k Mente\u015fe Tamiri&#8221; Beykoz Ah\u015fap Kap\u0131 Mente\u015fe Tamiri&#8221; Beykoz Oda Kap\u0131 Mente\u015fe Tamiri&#8221; Beykoz Amerikan Kap\u0131 Mente\u015fe Tamiri&#8221; Beykoz Panel Kap\u0131 Mente\u015fe Tamiri&#8221; Beykoz Mutfak Kap\u0131 Mente\u015fe Tamiri&#8221; \u00c7al\u0131\u015fma saatlerimiz Pazartesi \u2013 Cumartesi, Sabah 09:00 \u2013 Ak\u015fam 20:00, Pazar, randevuya g\u00f6redir. (( Beykoz Mobilya Kap\u0131 Mente\u015fe Tamiri )) i\u00e7 oda ah\u015fap kap\u0131 mente\u015felerinizle ilgili her t\u00fcrl\u00fc sorunu sizin i\u00e7in \u00e7\u00f6zece\u011fiz ((&#8221;Beykoz Mobilya Kap\u0131 Mente\u015fe Tamiri Telefon&#8221;)) 0554 858 1312 numaradan size nas\u0131l yard\u0131mc\u0131 olabilece\u011fimizi bize bildirin sizin i\u00e7in mobilya kap\u0131lar\u0131 onar\u0131yor, k\u0131r\u0131k oda kap\u0131 mente\u015felerini, de\u011fi\u015ftiriyor ve yeniliyoruz<\/p>\n<h6 style=\"text-align: center;\"><strong><span style=\"font-size: 18pt;\">\u0130stanbul Anadolu Yakas\u0131 Mobilya Kap\u0131 Tamir Montaj Servisi<\/span><\/strong><\/h6>\n\n\n<div class=\"kk-star-ratings kksr-auto kksr-align-left kksr-valign-bottom\"\n    data-payload='{&quot;align&quot;:&quot;left&quot;,&quot;id&quot;:&quot;325&quot;,&quot;slug&quot;:&quot;default&quot;,&quot;valign&quot;:&quot;bottom&quot;,&quot;ignore&quot;:&quot;&quot;,&quot;reference&quot;:&quot;auto&quot;,&quot;class&quot;:&quot;&quot;,&quot;count&quot;:&quot;3&quot;,&quot;legendonly&quot;:&quot;&quot;,&quot;readonly&quot;:&quot;&quot;,&quot;score&quot;:&quot;5&quot;,&quot;starsonly&quot;:&quot;&quot;,&quot;best&quot;:&quot;5&quot;,&quot;gap&quot;:&quot;5&quot;,&quot;greet&quot;:&quot;Beykoz Marangoz\u2b50&quot;,&quot;legend&quot;:&quot;Beykoz Marangoz Ustas\u0131 \u2b50 3&quot;,&quot;size&quot;:&quot;24&quot;,&quot;title&quot;:&quot;Beykoz Mobilya Kap\u0131 Tamiri&quot;,&quot;width&quot;:&quot;142.5&quot;,&quot;_legend&quot;:&quot;Beykoz Marangoz Ustas\u0131 \u2b50 {count}&quot;,&quot;font_factor&quot;:&quot;1.25&quot;}'>\n            \n<div class=\"kksr-stars\">\n    \n<div class=\"kksr-stars-inactive\">\n            <div class=\"kksr-star\" data-star=\"1\" style=\"padding-right: 5px\">\n            \n\n<div class=\"kksr-icon\" style=\"width: 24px; height: 24px;\"><\/div>\n        <\/div>\n            <div class=\"kksr-star\" data-star=\"2\" style=\"padding-right: 5px\">\n            \n\n<div class=\"kksr-icon\" style=\"width: 24px; height: 24px;\"><\/div>\n        <\/div>\n            <div class=\"kksr-star\" data-star=\"3\" style=\"padding-right: 5px\">\n            \n\n<div class=\"kksr-icon\" style=\"width: 24px; height: 24px;\"><\/div>\n        <\/div>\n            <div class=\"kksr-star\" data-star=\"4\" style=\"padding-right: 5px\">\n            \n\n<div class=\"kksr-icon\" style=\"width: 24px; height: 24px;\"><\/div>\n        <\/div>\n            <div class=\"kksr-star\" data-star=\"5\" style=\"padding-right: 5px\">\n            \n\n<div class=\"kksr-icon\" style=\"width: 24px; height: 24px;\"><\/div>\n        <\/div>\n    <\/div>\n    \n<div class=\"kksr-stars-active\" style=\"width: 142.5px;\">\n            <div class=\"kksr-star\" style=\"padding-right: 5px\">\n            \n\n<div class=\"kksr-icon\" style=\"width: 24px; height: 24px;\"><\/div>\n        <\/div>\n            <div class=\"kksr-star\" style=\"padding-right: 5px\">\n            \n\n<div class=\"kksr-icon\" style=\"width: 24px; height: 24px;\"><\/div>\n        <\/div>\n            <div class=\"kksr-star\" style=\"padding-right: 5px\">\n            \n\n<div class=\"kksr-icon\" style=\"width: 24px; height: 24px;\"><\/div>\n        <\/div>\n            <div class=\"kksr-star\" style=\"padding-right: 5px\">\n            \n\n<div class=\"kksr-icon\" style=\"width: 24px; height: 24px;\"><\/div>\n        <\/div>\n            <div class=\"kksr-star\" style=\"padding-right: 5px\">\n            \n\n<div class=\"kksr-icon\" style=\"width: 24px; height: 24px;\"><\/div>\n        <\/div>\n    <\/div>\n<\/div>\n                \n\n<div class=\"kksr-legend\" style=\"font-size: 19.2px;\">\n            Beykoz Marangoz Ustas\u0131 \u2b50 3    <\/div>\n    <\/div>\n","protected":false},"excerpt":{"rendered":"<p>Beykoz Mobilya Kap\u0131 Tamiri &#8211; Mobilya Kap\u0131 Tamiri Telefon 0554 858 1312&#8221; \u0130stanbul Anadolu Yakas\u0131 Beykoz Mobilya Kap\u0131 Tamiri&#8221; Kap\u0131lar\u0131n\u0131z evinizde en s\u0131k kulland\u0131\u011f\u0131n\u0131z e\u015fyalardan baz\u0131lar\u0131d\u0131r, bu y\u00fczden hasar g\u00f6rmeye kar\u015f\u0131 hassast\u0131rlar. Baz\u0131 hasar t\u00fcrlerini kendi ba\u015f\u0131n\u0131za d\u00fczeltebilirsiniz, ancak di\u011fer t\u00fcrler yetenekli bir profesyonelin yard\u0131m\u0131na ihtiya\u00e7 duyar. Beykoz Mobilya Kap\u0131 Tamiri D\u00f6rt tip kap\u0131 hasar\u0131 \u015funlar\u0131 i\u00e7erir Kap\u0131 \u00e7er\u00e7evesi \u00e7\u00fcr\u00fcmesi: Bu t\u00fcr hasarlar banyolarda ve wc kap\u0131lar\u0131nda yayg\u0131nd\u0131r ve genellikle uzun s\u00fcre neme maruz kalan eski evlerde bulunur. Kap\u0131 \u00e7er\u00e7evesi \u00e7\u00fcr\u00fcmesi genellikle pervazda, kaplamada veya \u00e7er\u00e7evede bulunur. Kap\u0131 yeterince kapat\u0131lmazsa yo\u011fu\u015fma olu\u015fabilir ve daha fazla \u00e7\u00fcr\u00fcmeye neden olabilir. Kap\u0131 pervaz\u0131 hasar\u0131 : Genellikle s\u0131k s\u0131k \u00e7arp\u0131lan kap\u0131larda g\u00f6r\u00fclen, kap\u0131 pervaz\u0131n\u0131 \u00e7evreleyen panellerin \u00e7atlay\u0131p ayr\u0131lmaya ba\u015flamas\u0131yla olu\u015fur. Kap\u0131 pervaz\u0131 hasar\u0131 : Pervaz\u0131 destekleyen tahtalar b\u00f6l\u00fcnd\u00fc\u011f\u00fcnde veya bozuldu\u011funda veya \u00e7i\u011fnendi\u011finde kap\u0131 pervaz\u0131nda hasar meydana gelir. Bu t\u00fcr hasarlar s\u0131kl\u0131kla mobilyalar\u0131n ta\u015f\u0131nmas\u0131 veya evcil hayvan\u0131n kap\u0131y\u0131 \u00e7i\u011fnemesi sonucu g\u00f6r\u00fcl\u00fcr. Kap\u0131 kasas\u0131 hasar\u0131 : Kap\u0131 kaplamas\u0131 hasar\u0131na benzer \u015fekilde, s\u0131k s\u0131k \u00e7arpma sonucu kap\u0131 kasas\u0131 k\u00f6\u015fesi hasar\u0131 meydana gelebilir. Ancak bu ayn\u0131 zamanda k\u00f6t\u00fc kurulum ve vidalar\u0131n yanl\u0131\u015f yerle\u015ftirilmesi nedeniyle de meydana gelebilir. Bu nedenle onar\u0131m veya kurulumlarla u\u011fra\u015f\u0131rken kendi ba\u015f\u0131n\u0131za halletmeye \u00e7al\u0131\u015fmak yerine Beykoz Mobilya Kap\u0131 Tamiri&#8221; yard\u0131m\u0131na ba\u015fvurmak \u00e7ok \u00f6nemlidir. Beykoz K\u0131r\u0131k Kap\u0131 Tamiri&#8221; Beykoz K\u0131r\u0131k Kap\u0131 Tamircisi&#8221; Beykoz Mobilya Kap\u0131 Mente\u015fe Tamiri&#8221; Beykoz Mobilya Kap\u0131 Kilit Tamiri&#8221; Beykoz Mobilya Kap\u0131 Pervaz Tamiri&#8221; Beykoz K\u0131r\u0131k Mobilya Kap\u0131 Tamiri&#8221; Beykoz Amerikan Panel Kap\u0131 Tamiri&#8221; \u00c7al\u0131\u015fma saatlerimiz Pazartesi \u2013 Cumartesi, Sabah 09:00 \u2013 Ak\u015fam 20:00, Pazar, randevuya g\u00f6redir. (( Beykoz Mobilya Kap\u0131 Tamiri )) i\u00e7 k\u0131r\u0131k ah\u015fap oda kap\u0131lar\u0131n\u0131zla ilgili her t\u00fcrl\u00fc sorunu sizin i\u00e7in \u00e7\u00f6zece\u011fiz &#8221;Beykoz Mobilya Kap\u0131 Tamiri Telefon&#8221; 0554 858 1312 numaral\u0131 telefondan bize ula\u015fabilir WhatsApp arac\u0131l\u0131\u011f\u0131yla do\u011frudan mesaj g\u00f6nderebilirsiniz size kaliteli bir hizmet sunarak, i\u00e7 oda mobilya kap\u0131n\u0131z yeniymi\u015f gibi onar\u0131lmas\u0131n\u0131 garanti ediyoruz. Beykoz K\u0131r\u0131k Kap\u0131 Tamircisi Beykoz K\u0131r\u0131k Kap\u0131 Tamircisi&#8221; Ayr\u0131ca oda kap\u0131n\u0131z\u0131n d\u00fczg\u00fcn kapanmad\u0131\u011f\u0131n\u0131 da g\u00f6rebilirsiniz. Bu genellikle de\u011fi\u015fen hava ko\u015fullar\u0131na ba\u011fl\u0131 olarak meydana gelebilecek m\u00fclk\u00fcn\u00fcz\u00fcn temelinin de\u011fi\u015fmesinden kaynaklan\u0131r. Standart kap\u0131n\u0131n yaln\u0131zca yakla\u015f\u0131k 0,6 milimetrelik bir bo\u015flu\u011fu oldu\u011fundan, 5 milimetrelik bir kayman\u0131n temelde nas\u0131l \u00f6nemli bir fark yaratabilece\u011fini g\u00f6rebilirsiniz. Bu endi\u015fe verici g\u00f6r\u00fcnse de \u00e7o\u011fu m\u00fclk\u00fcn temeli birka\u00e7 milimetre kayar&#8230; <a class=\"di-continue-reading\" href=\"https:\/\/www.onlinemarangoz.com.tr\/Beykoz\/beykoz-mobilya-kapi-tamiri\/\"> Continue Reading&#8230;<\/a><\/p>\n","protected":false},"author":1,"featured_media":0,"parent":0,"menu_order":3000,"comment_status":"closed","ping_status":"open","template":"","meta":{"footnotes":""},"categories":[1],"tags":[327,323,324,322,326,325,321],"class_list":["post-325","page","type-page","status-publish","hentry","category-beykoz-mobilya-tamir-bakim-montaj-servisi","tag-beykoz-amerikan-panel-kapi-tamiri","tag-beykoz-kapi-tamiri-telefon","tag-beykoz-kirik-kapi-tamircisi","tag-beykoz-kirik-kapi-tamiri","tag-beykoz-kirik-mobilya-kapi-tamiri","tag-beykoz-mobilya-kapi-mentese-tamiri","tag-beykoz-mobilya-kapi-tamiri"],"_links":{"self":[{"href":"https:\/\/www.onlinemarangoz.com.tr\/Beykoz\/wp-json\/wp\/v2\/pages\/325","targetHints":{"allow":["GET"]}}],"collection":[{"href":"https:\/\/www.onlinemarangoz.com.tr\/Beykoz\/wp-json\/wp\/v2\/pages"}],"about":[{"href":"https:\/\/www.onlinemarangoz.com.tr\/Beykoz\/wp-json\/wp\/v2\/types\/page"}],"author":[{"embeddable":true,"href":"https:\/\/www.onlinemarangoz.com.tr\/Beykoz\/wp-json\/wp\/v2\/users\/1"}],"replies":[{"embeddable":true,"href":"https:\/\/www.onlinemarangoz.com.tr\/Beykoz\/wp-json\/wp\/v2\/comments?post=325"}],"version-history":[{"count":0,"href":"https:\/\/www.onlinemarangoz.com.tr\/Beykoz\/wp-json\/wp\/v2\/pages\/325\/revisions"}],"wp:attachment":[{"href":"https:\/\/www.onlinemarangoz.com.tr\/Beykoz\/wp-json\/wp\/v2\/media?parent=325"}],"wp:term":[{"taxonomy":"category","embeddable":true,"href":"https:\/\/www.onlinemarangoz.com.tr\/Beykoz\/wp-json\/wp\/v2\/categories?post=325"},{"taxonomy":"post_tag","embeddable":true,"href":"https:\/\/www.onlinemarangoz.com.tr\/Beykoz\/wp-json\/wp\/v2\/tags?post=325"}],"curies":[{"name":"wp","href":"https:\/\/api.w.org\/{rel}","templated":true}]}}