{"id":378,"date":"2024-01-20T02:12:34","date_gmt":"2024-01-19T23:12:34","guid":{"rendered":"https:\/\/www.onlinemarangoz.com.tr\/Beykoz\/?page_id=378"},"modified":"2024-02-09T02:07:16","modified_gmt":"2024-02-08T23:07:16","slug":"kapi-mentesesi-delikleri-nasil-duzeltilir","status":"publish","type":"page","link":"https:\/\/www.onlinemarangoz.com.tr\/Beykoz\/kapi-mentesesi-delikleri-nasil-duzeltilir\/","title":{"rendered":"Kap\u0131 mente\u015fesi delikleri nas\u0131l d\u00fczeltilir?"},"content":{"rendered":"<p>Ev sahipleri genellikle a\u015f\u0131nma ve y\u0131pranma nedeniyle kap\u0131 mente\u015felerinde sorun ya\u015farlar.Kap\u0131 mente\u015fesi deliklerinin \u00e7ok b\u00fcy\u00fck veya k\u00fc\u00e7\u00fck olmas\u0131 kap\u0131n\u0131n gev\u015femesine, kapanmada zorluk ya\u015famas\u0131na veya ba\u015fka ar\u0131zalara neden olabilir. Neyse ki bu t\u00fcr sorunlar\u0131 \u00e7\u00f6zmenin y\u00f6ntemleri var. Bu makale, kap\u0131n\u0131n do\u011fru \u00e7al\u0131\u015fmas\u0131n\u0131 sa\u011flamak amac\u0131yla kap\u0131 mente\u015fesi delikleri sorununu \u00e7\u00f6zmeye y\u00f6nelik baz\u0131 basit \u00e7\u00f6z\u00fcmleri g\u00f6stermektedir.<\/p>\n<h2><strong class=\"pp-breadcrumbs-crumb pp-breadcrumbs-crumb-current pp-breadcrumbs-crumb-14199\" title=\"Kap\u0131 mente\u015fesi delikleri nas\u0131l d\u00fczeltilir?\"><span>Kap\u0131 mente\u015fesi delikleri nas\u0131l d\u00fczeltilir?<\/span><\/strong><\/h2>\n<p>\u0130lk ad\u0131m, altta yatan sorunu tan\u0131mlamakt\u0131r; B\u00fcy\u00fck deliklerin doldurulmas\u0131 gerekebilir, k\u00fc\u00e7\u00fck deliklerin ise b\u00fcy\u00fct\u00fclmesi gerekebilir.Deli\u011fin b\u00fcy\u00fckl\u00fc\u011f\u00fcne ve onar\u0131m i\u00e7in kullan\u0131lan malzemeye ba\u011fl\u0131 olarak farkl\u0131 teknikler gerekli olabilir. Daha b\u00fcy\u00fck deliklerle u\u011fra\u015f\u0131rken ah\u015fap dolgusu, dolgular\u0131 tamir tak\u0131mlar\u0131 gibi tamir bile\u015fikleri kullan\u0131labilir. Daha k\u00fc\u00e7\u00fck deliklerde, mente\u015feyi g\u00fcvenli bir \u015fekilde yerinde tutmak i\u00e7in d\u00fcbel veya ah\u015fap vidalar\u0131n kullan\u0131lmas\u0131 gerekebilir.<\/p>\n<p>Baz\u0131 durumlarda, tamir edilemeyecek \u015fekilde hasar g\u00f6rm\u00fc\u015fse mente\u015fe setinin tamam\u0131n\u0131 de\u011fi\u015ftirmek de yararl\u0131 olabilir.Bu, daha yeni bile\u015fenlerin performans\u0131n\u0131 art\u0131rarak mevcut donan\u0131m\u0131 y\u00fckseltme f\u0131rsat\u0131 sa\u011flar. Sonu\u00e7 olarak bu makale, her \u00f6zel duruma en uygun olana ba\u011fl\u0131 olarak kap\u0131 mente\u015fesi deliklerini macun uygulamalar\u0131 veya de\u011fi\u015ftirme se\u00e7enekleri yoluyla onarmak i\u00e7in \u00e7e\u015fitli stratejiler sunmaktad\u0131r.<\/p>\n<h2 class=\"wp-block-heading\"><span>Hasar Tespiti<\/span><\/h2>\n<p>Kap\u0131 mente\u015fesi deli\u011fi hasar\u0131n\u0131 de\u011ferlendirmek g\u00f6z korkutucu bir i\u015f olabilir. Ancak do\u011fru ara\u00e7lar ve talimatlarla bunlar\u0131 do\u011fru \u015fekilde onarabilirsiniz. Ba\u015flang\u0131\u00e7 \u200b\u200bolarak, ne yap\u0131lmas\u0131 gerekti\u011fini belirlemek i\u00e7in mevcut durumu dikkatlice de\u011ferlendirmeniz gerekir. \u00d6ncelikle mente\u015feleri takmak i\u00e7in kullan\u0131lan vidalar\u0131 incelemeniz gerekiyor; a\u015f\u0131nm\u0131\u015f veya paslanm\u0131\u015f g\u00f6r\u00fcn\u00fcyorlarsa muhtemelen de\u011fi\u015ftirilmeleri gerekir. Ayr\u0131ca deli\u011fin kendisini de incelemeniz gerekir: \u00e7atlak m\u0131 yoksa gev\u015fek mi oldu\u011funu belirlemek i\u00e7in bir tornavidayla \u00e7evresine hafif\u00e7e vurun.Hareket \u00f6nemliyse, onar\u0131m \u00e7al\u0131\u015fmalar\u0131n\u0131n gerekli oldu\u011fu anlam\u0131na gelir. Herhangi bir onar\u0131m yapmadan \u00f6nce dikkat edilmesi gereken alanlar\u0131n tam olarak belirlenmesi i\u00e7in, kap\u0131 mente\u015fesi deliklerinin de\u011ferlendirilmesinin, hem donan\u0131m hem de \u00e7er\u00e7eve dikkate al\u0131narak kapsaml\u0131 bir inceleme gerektirdi\u011fi a\u00e7\u0131kt\u0131r. Bu ayr\u0131nt\u0131lar\u0131 bilerek mente\u015feleri de\u011fi\u015ftirmeye g\u00fcvenle devam edebilirsiniz.<\/p>\n<h2 class=\"wp-block-heading\"><span>Mente\u015fenin De\u011fi\u015ftirilmesi<\/span><\/h2>\n<p>Mente\u015felerin do\u011fru \u015fekilde de\u011fi\u015ftirilmesi \u00f6nemlidir. Mente\u015fenin bulundu\u011fu delikleri \u00f6l\u00e7erek ba\u015flay\u0131n ve ard\u0131ndan yedek mente\u015feye uyan yeni bir \u00f6l\u00e7\u00fcn. Vidalar\u0131n boyutuna uygun bir par\u00e7a kulland\u0131\u011f\u0131n\u0131zdan emin olun, b\u00f6ylece vidalar\u0131 g\u00fcvenli bir \u015fekilde yerine s\u0131kabilirsiniz. Daha fazla g\u00fcvenlik i\u00e7in ek delikler a\u00e7madan \u00f6nce, do\u011fru \u015fekilde hizaland\u0131\u011f\u0131ndan emin olmak i\u00e7in bir seviye kullan\u0131n.\u0130\u015finiz bitti\u011finde, a\u00e7\u0131kl\u0131\u011f\u0131n etraf\u0131ndaki kal\u0131nt\u0131lar\u0131 temizleyin ve kap\u0131 \u00e7er\u00e7evesinin her iki yan\u0131ndan yeni vidalar tak\u0131n. Vidalar\u0131 bir tornavida veya elektrikli aletle yerine oturuncaya kadar s\u0131k\u0131n.<\/p>\n<p>Bir sonraki ad\u0131m, eski donan\u0131m\u0131 \u00e7\u0131kard\u0131ktan sonra kalan delikleri doldurmakt\u0131r. Mente\u015feleri de\u011fi\u015ftirirken olu\u015fan deliklerin her iki taraf\u0131ndaki bo\u015fluklar\u0131, \u00e7atlaklar\u0131 veya tala\u015flar\u0131 doldurmak i\u00e7in ah\u015fap dolguyla ba\u015flay\u0131n. Kurumas\u0131 ve sertle\u015fmesi i\u00e7in bir s\u00fcre beklendikten sonra z\u0131mpara ka\u011f\u0131d\u0131 ile z\u0131mparalanabilir ve daha sonra d\u00fczg\u00fcn bir y\u00fczey elde etmek i\u00e7in istenildi\u011fi gibi boyanabilir veya renklendirilebilir.<\/p>\n<p>&nbsp;<\/p>\n\n\n<div class=\"kk-star-ratings kksr-auto kksr-align-left kksr-valign-bottom\"\n    data-payload='{&quot;align&quot;:&quot;left&quot;,&quot;id&quot;:&quot;378&quot;,&quot;slug&quot;:&quot;default&quot;,&quot;valign&quot;:&quot;bottom&quot;,&quot;ignore&quot;:&quot;&quot;,&quot;reference&quot;:&quot;auto&quot;,&quot;class&quot;:&quot;&quot;,&quot;count&quot;:&quot;0&quot;,&quot;legendonly&quot;:&quot;&quot;,&quot;readonly&quot;:&quot;&quot;,&quot;score&quot;:&quot;0&quot;,&quot;starsonly&quot;:&quot;&quot;,&quot;best&quot;:&quot;5&quot;,&quot;gap&quot;:&quot;5&quot;,&quot;greet&quot;:&quot;Beykoz Marangoz\u2b50&quot;,&quot;legend&quot;:&quot;Beykoz Marangoz Ustas\u0131 \u2b50 0&quot;,&quot;size&quot;:&quot;24&quot;,&quot;title&quot;:&quot;Kap\u0131 mente\u015fesi delikleri nas\u0131l d\u00fczeltilir?&quot;,&quot;width&quot;:&quot;0&quot;,&quot;_legend&quot;:&quot;Beykoz Marangoz Ustas\u0131 \u2b50 {count}&quot;,&quot;font_factor&quot;:&quot;1.25&quot;}'>\n            \n<div class=\"kksr-stars\">\n    \n<div class=\"kksr-stars-inactive\">\n            <div class=\"kksr-star\" data-star=\"1\" style=\"padding-right: 5px\">\n            \n\n<div class=\"kksr-icon\" style=\"width: 24px; height: 24px;\"><\/div>\n        <\/div>\n            <div class=\"kksr-star\" data-star=\"2\" style=\"padding-right: 5px\">\n            \n\n<div class=\"kksr-icon\" style=\"width: 24px; height: 24px;\"><\/div>\n        <\/div>\n            <div class=\"kksr-star\" data-star=\"3\" style=\"padding-right: 5px\">\n            \n\n<div class=\"kksr-icon\" style=\"width: 24px; height: 24px;\"><\/div>\n        <\/div>\n            <div class=\"kksr-star\" data-star=\"4\" style=\"padding-right: 5px\">\n            \n\n<div class=\"kksr-icon\" style=\"width: 24px; height: 24px;\"><\/div>\n        <\/div>\n            <div class=\"kksr-star\" data-star=\"5\" style=\"padding-right: 5px\">\n            \n\n<div class=\"kksr-icon\" style=\"width: 24px; height: 24px;\"><\/div>\n        <\/div>\n    <\/div>\n    \n<div class=\"kksr-stars-active\" style=\"width: 0px;\">\n            <div class=\"kksr-star\" style=\"padding-right: 5px\">\n            \n\n<div class=\"kksr-icon\" style=\"width: 24px; height: 24px;\"><\/div>\n        <\/div>\n            <div class=\"kksr-star\" style=\"padding-right: 5px\">\n            \n\n<div class=\"kksr-icon\" style=\"width: 24px; height: 24px;\"><\/div>\n        <\/div>\n            <div class=\"kksr-star\" style=\"padding-right: 5px\">\n            \n\n<div class=\"kksr-icon\" style=\"width: 24px; height: 24px;\"><\/div>\n        <\/div>\n            <div class=\"kksr-star\" style=\"padding-right: 5px\">\n            \n\n<div class=\"kksr-icon\" style=\"width: 24px; height: 24px;\"><\/div>\n        <\/div>\n            <div class=\"kksr-star\" style=\"padding-right: 5px\">\n            \n\n<div class=\"kksr-icon\" style=\"width: 24px; height: 24px;\"><\/div>\n        <\/div>\n    <\/div>\n<\/div>\n                \n\n<div class=\"kksr-legend\" style=\"font-size: 19.2px;\">\n            <span class=\"kksr-muted\">Beykoz Marangoz\u2b50<\/span>\n    <\/div>\n    <\/div>\n","protected":false},"excerpt":{"rendered":"<p>Ev sahipleri genellikle a\u015f\u0131nma ve y\u0131pranma nedeniyle kap\u0131 mente\u015felerinde sorun ya\u015farlar.Kap\u0131 mente\u015fesi deliklerinin \u00e7ok b\u00fcy\u00fck veya k\u00fc\u00e7\u00fck olmas\u0131 kap\u0131n\u0131n gev\u015femesine, kapanmada zorluk ya\u015famas\u0131na veya ba\u015fka ar\u0131zalara neden olabilir. Neyse ki bu t\u00fcr sorunlar\u0131 \u00e7\u00f6zmenin y\u00f6ntemleri var. Bu makale, kap\u0131n\u0131n do\u011fru \u00e7al\u0131\u015fmas\u0131n\u0131 sa\u011flamak amac\u0131yla kap\u0131 mente\u015fesi delikleri sorununu \u00e7\u00f6zmeye y\u00f6nelik baz\u0131 basit \u00e7\u00f6z\u00fcmleri g\u00f6stermektedir. Kap\u0131 mente\u015fesi delikleri nas\u0131l d\u00fczeltilir? \u0130lk ad\u0131m, altta yatan sorunu tan\u0131mlamakt\u0131r; B\u00fcy\u00fck deliklerin doldurulmas\u0131 gerekebilir, k\u00fc\u00e7\u00fck deliklerin ise b\u00fcy\u00fct\u00fclmesi gerekebilir.Deli\u011fin b\u00fcy\u00fckl\u00fc\u011f\u00fcne ve onar\u0131m i\u00e7in kullan\u0131lan malzemeye ba\u011fl\u0131 olarak farkl\u0131 teknikler gerekli olabilir. Daha b\u00fcy\u00fck deliklerle u\u011fra\u015f\u0131rken ah\u015fap dolgusu, dolgular\u0131 tamir tak\u0131mlar\u0131 gibi tamir bile\u015fikleri kullan\u0131labilir. Daha k\u00fc\u00e7\u00fck deliklerde, mente\u015feyi g\u00fcvenli bir \u015fekilde yerinde tutmak i\u00e7in d\u00fcbel veya ah\u015fap vidalar\u0131n kullan\u0131lmas\u0131 gerekebilir. Baz\u0131 durumlarda, tamir edilemeyecek \u015fekilde hasar g\u00f6rm\u00fc\u015fse mente\u015fe setinin tamam\u0131n\u0131 de\u011fi\u015ftirmek de yararl\u0131 olabilir.Bu, daha yeni bile\u015fenlerin performans\u0131n\u0131 art\u0131rarak mevcut donan\u0131m\u0131 y\u00fckseltme f\u0131rsat\u0131 sa\u011flar. Sonu\u00e7 olarak bu makale, her \u00f6zel duruma en uygun olana ba\u011fl\u0131 olarak kap\u0131 mente\u015fesi deliklerini macun uygulamalar\u0131 veya de\u011fi\u015ftirme se\u00e7enekleri yoluyla onarmak i\u00e7in \u00e7e\u015fitli stratejiler sunmaktad\u0131r. Hasar Tespiti Kap\u0131 mente\u015fesi deli\u011fi hasar\u0131n\u0131 de\u011ferlendirmek g\u00f6z korkutucu bir i\u015f olabilir. Ancak do\u011fru ara\u00e7lar ve talimatlarla bunlar\u0131 do\u011fru \u015fekilde onarabilirsiniz. Ba\u015flang\u0131\u00e7 \u200b\u200bolarak, ne yap\u0131lmas\u0131 gerekti\u011fini belirlemek i\u00e7in mevcut durumu dikkatlice de\u011ferlendirmeniz gerekir. \u00d6ncelikle mente\u015feleri takmak i\u00e7in kullan\u0131lan vidalar\u0131 incelemeniz gerekiyor; a\u015f\u0131nm\u0131\u015f veya paslanm\u0131\u015f g\u00f6r\u00fcn\u00fcyorlarsa muhtemelen de\u011fi\u015ftirilmeleri gerekir. Ayr\u0131ca deli\u011fin kendisini de incelemeniz gerekir: \u00e7atlak m\u0131 yoksa gev\u015fek mi oldu\u011funu belirlemek i\u00e7in bir tornavidayla \u00e7evresine hafif\u00e7e vurun.Hareket \u00f6nemliyse, onar\u0131m \u00e7al\u0131\u015fmalar\u0131n\u0131n gerekli oldu\u011fu anlam\u0131na gelir. Herhangi bir onar\u0131m yapmadan \u00f6nce dikkat edilmesi gereken alanlar\u0131n tam olarak belirlenmesi i\u00e7in, kap\u0131 mente\u015fesi deliklerinin de\u011ferlendirilmesinin, hem donan\u0131m hem de \u00e7er\u00e7eve dikkate al\u0131narak kapsaml\u0131 bir inceleme gerektirdi\u011fi a\u00e7\u0131kt\u0131r. Bu ayr\u0131nt\u0131lar\u0131 bilerek mente\u015feleri de\u011fi\u015ftirmeye g\u00fcvenle devam edebilirsiniz. Mente\u015fenin De\u011fi\u015ftirilmesi Mente\u015felerin do\u011fru \u015fekilde de\u011fi\u015ftirilmesi \u00f6nemlidir. Mente\u015fenin bulundu\u011fu delikleri \u00f6l\u00e7erek ba\u015flay\u0131n ve ard\u0131ndan yedek mente\u015feye uyan yeni bir \u00f6l\u00e7\u00fcn. Vidalar\u0131n boyutuna uygun bir par\u00e7a kulland\u0131\u011f\u0131n\u0131zdan emin olun, b\u00f6ylece vidalar\u0131 g\u00fcvenli bir \u015fekilde yerine s\u0131kabilirsiniz. Daha fazla g\u00fcvenlik i\u00e7in ek delikler a\u00e7madan \u00f6nce, do\u011fru \u015fekilde hizaland\u0131\u011f\u0131ndan emin olmak i\u00e7in bir seviye kullan\u0131n.\u0130\u015finiz bitti\u011finde, a\u00e7\u0131kl\u0131\u011f\u0131n etraf\u0131ndaki kal\u0131nt\u0131lar\u0131 temizleyin ve kap\u0131 \u00e7er\u00e7evesinin her iki yan\u0131ndan yeni vidalar tak\u0131n. Vidalar\u0131 bir tornavida veya elektrikli aletle yerine oturuncaya kadar s\u0131k\u0131n. Bir&#8230; <a class=\"di-continue-reading\" href=\"https:\/\/www.onlinemarangoz.com.tr\/Beykoz\/kapi-mentesesi-delikleri-nasil-duzeltilir\/\"> Continue Reading&#8230;<\/a><\/p>\n","protected":false},"author":1,"featured_media":0,"parent":0,"menu_order":21,"comment_status":"closed","ping_status":"open","template":"","meta":{"footnotes":""},"categories":[1],"tags":[412],"class_list":["post-378","page","type-page","status-publish","hentry","category-beykoz-mobilya-tamir-bakim-montaj-servisi","tag-kapi-mentesesi-delikleri-nasil-duzeltilir"],"_links":{"self":[{"href":"https:\/\/www.onlinemarangoz.com.tr\/Beykoz\/wp-json\/wp\/v2\/pages\/378","targetHints":{"allow":["GET"]}}],"collection":[{"href":"https:\/\/www.onlinemarangoz.com.tr\/Beykoz\/wp-json\/wp\/v2\/pages"}],"about":[{"href":"https:\/\/www.onlinemarangoz.com.tr\/Beykoz\/wp-json\/wp\/v2\/types\/page"}],"author":[{"embeddable":true,"href":"https:\/\/www.onlinemarangoz.com.tr\/Beykoz\/wp-json\/wp\/v2\/users\/1"}],"replies":[{"embeddable":true,"href":"https:\/\/www.onlinemarangoz.com.tr\/Beykoz\/wp-json\/wp\/v2\/comments?post=378"}],"version-history":[{"count":0,"href":"https:\/\/www.onlinemarangoz.com.tr\/Beykoz\/wp-json\/wp\/v2\/pages\/378\/revisions"}],"wp:attachment":[{"href":"https:\/\/www.onlinemarangoz.com.tr\/Beykoz\/wp-json\/wp\/v2\/media?parent=378"}],"wp:term":[{"taxonomy":"category","embeddable":true,"href":"https:\/\/www.onlinemarangoz.com.tr\/Beykoz\/wp-json\/wp\/v2\/categories?post=378"},{"taxonomy":"post_tag","embeddable":true,"href":"https:\/\/www.onlinemarangoz.com.tr\/Beykoz\/wp-json\/wp\/v2\/tags?post=378"}],"curies":[{"name":"wp","href":"https:\/\/api.w.org\/{rel}","templated":true}]}}