{"id":428,"date":"2024-01-23T01:07:09","date_gmt":"2024-01-22T22:07:09","guid":{"rendered":"https:\/\/www.onlinemarangoz.com.tr\/Beykoz\/?page_id=428"},"modified":"2024-01-23T01:11:23","modified_gmt":"2024-01-22T22:11:23","slug":"surgulu-dolap-kapilarinda-sorunlara-ne-sebep-olur","status":"publish","type":"page","link":"https:\/\/www.onlinemarangoz.com.tr\/Beykoz\/surgulu-dolap-kapilarinda-sorunlara-ne-sebep-olur\/","title":{"rendered":"S\u00fcrg\u00fcl\u00fc Dolap Kap\u0131lar\u0131nda Sorunlara Ne Sebep Olur?"},"content":{"rendered":"<p>S\u00fcrg\u00fcl\u00fc dolap kap\u0131lar\u0131n\u0131z\u0131 tamir etmeden \u00f6nce soruna neyin sebep oldu\u011funu bulman\u0131z gerekir.\u00a0Raylardan f\u0131rlayan tekerleklerin yan\u0131 s\u0131ra, kayar kap\u0131lar\u0131 a\u00e7arken sorun ya\u015faman\u0131z\u0131n bir numaral\u0131 nedeni kir birikmesidir.\u00a0Ancak gev\u015fek vidalar ve hasarlar dolab\u0131n\u0131z\u0131n a\u00e7\u0131l\u0131p kapanmas\u0131n\u0131 da zorla\u015ft\u0131racakt\u0131r. S\u00fcrg\u00fcl\u00fc kap\u0131lar\u0131n\u0131z\u0131n tak\u0131l\u0131p a\u00e7\u0131lmad\u0131\u011f\u0131n\u0131 kontrol etmeniz gerekenler a\u015fa\u011f\u0131da a\u00e7\u0131klanm\u0131\u015ft\u0131r.<\/p>\n<h2 style=\"text-align: center;\">S\u00fcrg\u00fcl\u00fc Dolap Kap\u0131lar\u0131nda Sorunlara Ne Sebep Olur?<\/h2>\n<p><strong>Tekerlekler Ray\u0131n D\u0131\u015f\u0131ndam\u0131<\/strong> &#8211; En yayg\u0131n sorunlardan biri, makaral\u0131 tekerleklerin raydan d\u0131\u015far\u0131 f\u0131rlamas\u0131d\u0131r. Tekerlekler d\u0131\u015far\u0131 f\u0131rlad\u0131\u011f\u0131nda genellikle kap\u0131n\u0131n sert bir \u015fekilde yap\u0131\u015fmas\u0131na veya kaymas\u0131na neden olurlar.<\/p>\n<p><strong>Kir ve Pas Birikimi<\/strong> \u2013 Zamanla s\u00fcrg\u00fcl\u00fc kap\u0131lar\u0131n\u0131zdaki dolap kap\u0131s\u0131 ray\u0131nda kir ve pas birikebilir.\u00a0Par\u00e7alar raydaki ya\u011flama ya\u011f\u0131yla kar\u0131\u015ft\u0131r\u0131ld\u0131\u011f\u0131nda kap\u0131n\u0131n yap\u0131\u015fmas\u0131na neden olan bir macun olu\u015fturacakt\u0131r.<\/p>\n<p><strong>Gev\u015fek Vidalar<\/strong> \u2013 Gev\u015fek vidalar ayr\u0131ca kap\u0131n\u0131n sallanmas\u0131na veya duvara, tavana veya zemine s\u00fcrt\u00fcnmesine neden olabilir.<\/p>\n<p><strong>A\u015f\u0131nm\u0131\u015f Tekerlekler veya K\u0131lavuzlar<\/strong> \u2013 Pek olas\u0131 olmasa da tekerlekler \u00e7atlayabilir ve k\u0131lavuzlar a\u015f\u0131nabilir. Bu genellikle, a\u00e7maya \u00e7al\u0131\u015ft\u0131\u011f\u0131n\u0131zda kap\u0131n\u0131z\u0131n s\u00fcr\u00fcklenmesi, s\u00fcrtmesi veya atlamas\u0131 durumunda ortaya \u00e7\u0131kan sorundur.<\/p>\n<p><strong>Hasarl\u0131 Raylar veya Kap\u0131lar<\/strong> \u2013 B\u00fck\u00fclm\u00fc\u015f veya \u00e7arp\u0131k raylar kap\u0131lar\u0131n d\u00fczg\u00fcn \u015fekilde kaymas\u0131n\u0131 engelleyecektir. Hasarl\u0131 raylar kap\u0131lar yap\u0131\u015fabilir veya kilitlenebilir.<\/p>\n<h2>Sorunsuz Bir \u015eekilde D\u00f6nmeyen veya A\u00e7\u0131lmayan S\u00fcrg\u00fcl\u00fc Dolap Kap\u0131lar\u0131 Nas\u0131l Onar\u0131l\u0131r<\/h2>\n<p>Sorununuza neyin sebep oldu\u011funu \u00f6\u011frendikten sonra sorunu kendiniz \u00e7\u00f6zmeye ba\u015flayabilirsiniz.<\/p>\n<h2>Tekerlekleri Tekrar Raylara Yerle\u015ftirmek<\/h2>\n<p>S\u00fcrg\u00fcl\u00fc kap\u0131n\u0131z\u0131n tekerlekleri bazen d\u0131\u015far\u0131 f\u0131rlayacak ve kap\u0131n\u0131n a\u00e7\u0131lmas\u0131n\u0131 veya kapanmas\u0131n\u0131 zorla\u015ft\u0131racakt\u0131r.\u00a0Bu en \u00e7ok \u00e7ift rayl\u0131 dolaplarda yayg\u0131nd\u0131r, ancak sadece \u00fcst rayl\u0131 dolaplarda da olabilir.<\/p>\n<p>Tek paletli sistemlerde tekerlekleri tekrar raylara yerle\u015ftirmek son derece kolayd\u0131r.\u00a0Dolaba girin, ard\u0131ndan kap\u0131y\u0131 kald\u0131r\u0131n.<\/p>\n<p>Daha sonra makaral\u0131 tekerlekler \u00fcst rayda oluncaya kadar yava\u015f\u00e7a ileri do\u011fru itin.\u00a0Yava\u015f\u00e7a a\u015fa\u011f\u0131 indirin ve d\u00fczg\u00fcn bir \u015fekilde kayd\u0131\u011f\u0131n\u0131 test edin.<\/p>\n<p>\u00c7ift rayl\u0131 dolap kap\u0131lar\u0131 i\u00e7in d\u0131\u015far\u0131 f\u0131rlayan tekerle\u011fe bak\u0131n.\u00a0\u00c7o\u011fu, tekerle\u011fi yolda tutmak i\u00e7in yay y\u00fckl\u00fcd\u00fcr.<\/p>\n<p>Ancak yay patlayabilir veya tekerlek mekanizmaya s\u0131k\u0131\u015fabilir.\u00a0Yay\u0131 serbest b\u0131rakmak i\u00e7in tekerle\u011fi yuvaya do\u011fru yukar\u0131 do\u011fru itin.<\/p>\n<p>Serbest kal\u0131rsa, tekrar ray\u0131n i\u00e7ine yerle\u015ftirin ve do\u011fru \u015fekilde kayd\u0131\u011f\u0131ndan emin olun.\u00a0Tekerlek d\u0131\u015far\u0131 \u00e7\u0131kmazsa t\u00fcm aksam\u0131 de\u011fi\u015ftirmeniz gerekebilir.<\/p>\n<h3>Raylardaki Kir ve Pas\u0131n Temizlenmesi<\/h3>\n<p>Raylarda kir veya pas varsa s\u00fcrg\u00fcl\u00fc kap\u0131lar\u0131n\u0131z\u0131 d\u00fczeltmek i\u00e7in \u015fu ad\u0131mlar\u0131 izleyin:<\/p>\n<ul>\n<li>S\u00fcrg\u00fcl\u00fc kap\u0131lar\u0131 \u00e7\u0131kar\u0131n ve bir kenara koyun.<\/li>\n<li>Bir sprey \u015fi\u015fesine iki damla s\u0131v\u0131 bula\u015f\u0131k sabunu ekleyin, ard\u0131ndan e\u015fit miktarda \u0131l\u0131k su ve beyaz sirkeyle doldurun.\u00a0Birle\u015ftirmek i\u00e7in \u015fi\u015feyi yava\u015f\u00e7a \u00e7evirin.<\/li>\n<li>Raylara temizleme sol\u00fcsyonunu p\u00fcsk\u00fcrt\u00fcn ve be\u015f dakika bekleyin.<\/li>\n<li>Eski bir di\u015f f\u0131r\u00e7as\u0131 veya k\u00fc\u00e7\u00fck bir sert f\u0131r\u00e7a ile raydaki kiri ve pas\u0131 temizleyin.<\/li>\n<li>\u0130nat\u00e7\u0131 kir ve kal\u0131nt\u0131lar i\u00e7in, daha fazla temizleyici p\u00fcsk\u00fcrt\u00fcn ve tekrar f\u0131r\u00e7alamadan \u00f6nce be\u015f dakika daha bekleyin.<\/li>\n<li>Kalan kiri, pas\u0131 ve temizleme sol\u00fcsyonunu temizlemek i\u00e7in mikrofiber bir bez veya pamuklu \u00e7ubuk kullan\u0131n.<\/li>\n<li>Tekerleklere temizleyici p\u00fcsk\u00fcrt\u00fcn ve ard\u0131ndan mikrofiber bir bezle silin.<\/li>\n<li>Gev\u015fek vidalar\u0131 ve kap\u0131larla ilgili di\u011fer sorunlar\u0131 kontrol edin.\u00a0Gerekti\u011finde onar\u0131m yap\u0131n.<\/li>\n<li>Ray\u0131n tamamen kurumas\u0131n\u0131 bekleyin, ard\u0131ndan kalan kal\u0131nt\u0131lar\u0131 gidermek i\u00e7in bir at\u00f6lye s\u00fcp\u00fcrgesi veya elektrikli s\u00fcp\u00fcrgenizdeki hortum aparat\u0131n\u0131 kullan\u0131n.<\/li>\n<li>Kap\u0131lar\u0131n d\u00fczg\u00fcn bir \u015fekilde d\u00f6nmesini sa\u011flamak i\u00e7in raya az miktarda ya\u011flay\u0131c\u0131 p\u00fcsk\u00fcrt\u00fcn.\u00a0\u0130htiyac\u0131n\u0131z oldu\u011funu d\u00fc\u015f\u00fcnd\u00fc\u011f\u00fcn\u00fczden daha az ya\u011flay\u0131c\u0131 kullan\u0131n.<\/li>\n<li>Kap\u0131lar\u0131 yeniden as\u0131n ve ya\u011flay\u0131c\u0131n\u0131n yay\u0131lmas\u0131 i\u00e7in yava\u015f\u00e7a ileri geri hareket ettirin.<\/li>\n<\/ul>\n<h3>Gev\u015fek Vidalar\u0131n S\u0131k\u0131lmas\u0131<\/h3>\n<p>S\u00fcrg\u00fcl\u00fc dolap kap\u0131s\u0131n\u0131 sabitlemenin a\u00e7\u0131k ara en kolay yolu, gev\u015fek vidalar\u0131 s\u0131kmak i\u00e7in yaln\u0131zca bir tornavida setine ihtiyac\u0131n\u0131z olmas\u0131d\u0131r.\u00a0Ancak vidalar\u0131n tipi ve yeri s\u00fcrg\u00fcl\u00fc kap\u0131n\u0131n tarz\u0131na ba\u011fl\u0131d\u0131r.<\/p>\n<p>Tek kanall\u0131 s\u00fcrg\u00fcl\u00fc kap\u0131lar tavan\u0131n\u0131za ba\u011fl\u0131 bir rayda as\u0131l\u0131 kal\u0131r.\u00a0Kap\u0131lar\u0131n sallanmas\u0131n\u0131 \u00f6nlemek i\u00e7in yerde k\u0131lavuzlar bulunmaktad\u0131r.\u00a0\u00c7ift rayl\u0131 kap\u0131lar\u0131n zeminde ve tavanda raylar\u0131 vard\u0131r.\u00a0Kap\u0131lar bu raylar\u0131n i\u00e7inde kay\u0131yor.\u00a0\u00c7o\u011fu \u00e7ift hatl\u0131 sistem, akordeonla a\u00e7\u0131lan ikiye katlan\u0131r kap\u0131lar kullan\u0131r.<\/p>\n<p>Raylar, kap\u0131 stilinize bak\u0131lmaks\u0131z\u0131n tavana veya d\u00f6\u015femeye vidalan\u0131r.\u00a0Genellikle kap\u0131lara vidalanan tekerlek d\u00fczenekleri.\u00a0Tek rayl\u0131 sistemlerde k\u0131lavuzlar da zemine vidalan\u0131r.<\/p>\n<p>Gev\u015fek vidalar\u0131 s\u0131kmak i\u00e7in \u015fu ad\u0131mlar\u0131 izleyin:<\/p>\n<ul>\n<li>Kap\u0131lar\u0131 \u00e7\u0131kar\u0131n ve \u015fimdilik bir kenara koyun.<\/li>\n<li>\u00d6nce ray\u0131n i\u00e7indeki vidalar\u0131 s\u0131k\u0131n.\u00a0Hem tavan hem de zemin raylar\u0131ndaki t\u00fcm vidalar\u0131 kontrol edin.<\/li>\n<li>Tek rayl\u0131 kap\u0131lar i\u00e7in zemin k\u0131lavuzlar\u0131ndaki vidalar\u0131 s\u0131k\u0131n.<\/li>\n<li>Ard\u0131ndan tekerlekleri kap\u0131lara ba\u011flayan vidalar\u0131 s\u0131k\u0131n.\u00a0\u00c7ift hatl\u0131 sistemler i\u00e7in hem \u00fcst hem de alt tekerlek d\u00fczeneklerini kontrol etmeyi unutmay\u0131n.<\/li>\n<li>Sorun gev\u015fek vidalar olsa bile, kap\u0131lar\u0131 yeniden takmadan \u00f6nce raylar\u0131 temizlemek isteyebilirsiniz.<\/li>\n<\/ul>\n<h3>K\u0131r\u0131k Tekerleklerin veya Hasarl\u0131 Kap\u0131lar\u0131n Onar\u0131lmas\u0131<\/h3>\n<p>Hasar\u0131n durumuna g\u00f6re k\u0131r\u0131k bir s\u00fcrg\u00fcl\u00fc dolap kap\u0131s\u0131n\u0131 kendi ba\u015f\u0131n\u0131za kolayca onarabilirsiniz.\u00a0Yedek tekerlek aksamlar\u0131n\u0131 ve di\u011fer par\u00e7alar\u0131 \u00e7o\u011fu ev h\u0131rdavat ma\u011fazas\u0131nda bulabilirsiniz.\u00a0Ancak baz\u0131 durumlarda kap\u0131n\u0131n tamam\u0131n\u0131n de\u011fi\u015ftirilmesi tek se\u00e7enektir.<\/p>\n<p>A\u015fa\u011f\u0131daki ad\u0131mlar \u00e7o\u011fu temel kap\u0131 onar\u0131m\u0131n\u0131 kapsar:<\/p>\n<ul>\n<li>Kap\u0131y\u0131 s\u00f6kerek ve tekerlek aksamlar\u0131n\u0131 inceleyerek ba\u015flay\u0131n.\u00a0Tekerleklerin d\u00fczg\u00fcn bir \u015fekilde d\u00f6nd\u00fc\u011f\u00fcnden ve \u00e7atlak olmad\u0131\u011f\u0131ndan emin olun.\u00a0Baz\u0131 modeller k\u0131r\u0131k tekerlekleri \u00e7\u0131karman\u0131za ve de\u011fi\u015ftirmenize olanak sa\u011flar.\u00a0Ancak tekerlek mekanizmas\u0131n\u0131n tamam\u0131n\u0131 de\u011fi\u015ftirmeniz gerekebilir.<\/li>\n<li>Daha sonra, kap\u0131y\u0131 yuvarlan\u0131rken yap\u0131\u015fmas\u0131na veya \u00f6\u011f\u00fct\u00fclmesine neden olabilecek b\u00fck\u00fclmeler, \u00e7arp\u0131kl\u0131klar ve k\u0131r\u0131\u015f\u0131kl\u0131klar dahil olmak \u00fczere hasar a\u00e7\u0131s\u0131ndan inceleyin.\u00a0E\u011frilmi\u015f ah\u015fap kap\u0131lar\u0131 hafif\u00e7e z\u0131mparalayabilir veya metal kap\u0131lar\u0131 lastik tokmakla b\u00fckebilirsiniz.\u00a0Ancak kap\u0131 tamiri her zaman m\u00fcmk\u00fcn olmamaktad\u0131r.\u00a0Kap\u0131lar \u00e7atlam\u0131\u015f veya ciddi \u015fekilde b\u00fck\u00fclm\u00fc\u015fse de\u011fi\u015ftirmeniz gerekebilir.<\/li>\n<li>Daha sonra dolap raylar\u0131n\u0131n d\u00fcz oldu\u011fundan emin olmak i\u00e7in uzun bir seviye kullan\u0131n.\u00a0K\u00fc\u00e7\u00fck b\u00fck\u00fclmeleri vidalar\u0131 s\u0131karak veya elle hafif\u00e7e b\u00fckerek d\u00fczeltebilirsiniz.\u00a0Ancak ciddi b\u00fck\u00fclmeler, b\u00fck\u00fclmeler veya ba\u015fka t\u00fcrde hasarlar varsa paleti de\u011fi\u015ftirmeniz gerekecektir.<\/li>\n<li>Zemin k\u0131lavuzlar\u0131n\u0131z varsa bunlar\u0131n kare ve d\u00fcz oldu\u011fundan emin olun.\u00a0Hizalar\u0131n\u0131n bozulmas\u0131 kap\u0131lar\u0131n \u00e7izilmesine veya s\u00fcrt\u00fcnmesine neden olur.\u00a0Vidalar\u0131 gev\u015fetin ve tekrar s\u0131kmadan \u00f6nce d\u00fczg\u00fcn \u015fekilde hizalay\u0131n.<\/li>\n<li>Son olarak kap\u0131lar\u0131 yeniden tak\u0131n ve sorunsuz hareket ettiklerinden emin olun.\u00a0Kesinlikle gerekli olmasa da raylar\u0131 temizlemeyi de d\u00fc\u015f\u00fcn\u00fcn.<\/li>\n<\/ul>\n<p>S\u00fcrg\u00fcl\u00fc dolap kap\u0131s\u0131n\u0131 onarmak veya de\u011fi\u015ftirmek i\u00e7in yard\u0131ma m\u0131 ihtiyac\u0131n\u0131z var?<\/p>\n<p>K\u0131r\u0131k dolap kap\u0131lar\u0131n\u0131 onarmak veya de\u011fi\u015ftirmek i\u00e7in istanbul anadolu yakas\u0131nda uzmanlar\u0131m\u0131z var. \u015eimdi\u00a0tamircinizi bulun!\u00a0En iyi ara\u015ft\u0131rmay\u0131, en iyi tavsiyeleri ve En \u0130yi Se\u00e7im Garantisini\u00ae al\u0131rs\u0131n\u0131z.<\/p>\n\n\n<div class=\"kk-star-ratings kksr-auto kksr-align-left kksr-valign-bottom\"\n    data-payload='{&quot;align&quot;:&quot;left&quot;,&quot;id&quot;:&quot;428&quot;,&quot;slug&quot;:&quot;default&quot;,&quot;valign&quot;:&quot;bottom&quot;,&quot;ignore&quot;:&quot;&quot;,&quot;reference&quot;:&quot;auto&quot;,&quot;class&quot;:&quot;&quot;,&quot;count&quot;:&quot;0&quot;,&quot;legendonly&quot;:&quot;&quot;,&quot;readonly&quot;:&quot;&quot;,&quot;score&quot;:&quot;0&quot;,&quot;starsonly&quot;:&quot;&quot;,&quot;best&quot;:&quot;5&quot;,&quot;gap&quot;:&quot;5&quot;,&quot;greet&quot;:&quot;Beykoz Marangoz\u2b50&quot;,&quot;legend&quot;:&quot;Beykoz Marangoz Ustas\u0131 \u2b50 0&quot;,&quot;size&quot;:&quot;24&quot;,&quot;title&quot;:&quot;S\u00fcrg\u00fcl\u00fc Dolap Kap\u0131lar\u0131nda Sorunlara Ne Sebep Olur?&quot;,&quot;width&quot;:&quot;0&quot;,&quot;_legend&quot;:&quot;Beykoz Marangoz Ustas\u0131 \u2b50 {count}&quot;,&quot;font_factor&quot;:&quot;1.25&quot;}'>\n            \n<div class=\"kksr-stars\">\n    \n<div class=\"kksr-stars-inactive\">\n            <div class=\"kksr-star\" data-star=\"1\" style=\"padding-right: 5px\">\n            \n\n<div class=\"kksr-icon\" style=\"width: 24px; height: 24px;\"><\/div>\n        <\/div>\n            <div class=\"kksr-star\" data-star=\"2\" style=\"padding-right: 5px\">\n            \n\n<div class=\"kksr-icon\" style=\"width: 24px; height: 24px;\"><\/div>\n        <\/div>\n            <div class=\"kksr-star\" data-star=\"3\" style=\"padding-right: 5px\">\n            \n\n<div class=\"kksr-icon\" style=\"width: 24px; height: 24px;\"><\/div>\n        <\/div>\n            <div class=\"kksr-star\" data-star=\"4\" style=\"padding-right: 5px\">\n            \n\n<div class=\"kksr-icon\" style=\"width: 24px; height: 24px;\"><\/div>\n        <\/div>\n            <div class=\"kksr-star\" data-star=\"5\" style=\"padding-right: 5px\">\n            \n\n<div class=\"kksr-icon\" style=\"width: 24px; height: 24px;\"><\/div>\n        <\/div>\n    <\/div>\n    \n<div class=\"kksr-stars-active\" style=\"width: 0px;\">\n            <div class=\"kksr-star\" style=\"padding-right: 5px\">\n            \n\n<div class=\"kksr-icon\" style=\"width: 24px; height: 24px;\"><\/div>\n        <\/div>\n            <div class=\"kksr-star\" style=\"padding-right: 5px\">\n            \n\n<div class=\"kksr-icon\" style=\"width: 24px; height: 24px;\"><\/div>\n        <\/div>\n            <div class=\"kksr-star\" style=\"padding-right: 5px\">\n            \n\n<div class=\"kksr-icon\" style=\"width: 24px; height: 24px;\"><\/div>\n        <\/div>\n            <div class=\"kksr-star\" style=\"padding-right: 5px\">\n            \n\n<div class=\"kksr-icon\" style=\"width: 24px; height: 24px;\"><\/div>\n        <\/div>\n            <div class=\"kksr-star\" style=\"padding-right: 5px\">\n            \n\n<div class=\"kksr-icon\" style=\"width: 24px; height: 24px;\"><\/div>\n        <\/div>\n    <\/div>\n<\/div>\n                \n\n<div class=\"kksr-legend\" style=\"font-size: 19.2px;\">\n            <span class=\"kksr-muted\">Beykoz Marangoz\u2b50<\/span>\n    <\/div>\n    <\/div>\n","protected":false},"excerpt":{"rendered":"<p>S\u00fcrg\u00fcl\u00fc dolap kap\u0131lar\u0131n\u0131z\u0131 tamir etmeden \u00f6nce soruna neyin sebep oldu\u011funu bulman\u0131z gerekir.\u00a0Raylardan f\u0131rlayan tekerleklerin yan\u0131 s\u0131ra, kayar kap\u0131lar\u0131 a\u00e7arken sorun ya\u015faman\u0131z\u0131n bir numaral\u0131 nedeni kir birikmesidir.\u00a0Ancak gev\u015fek vidalar ve hasarlar dolab\u0131n\u0131z\u0131n a\u00e7\u0131l\u0131p kapanmas\u0131n\u0131 da zorla\u015ft\u0131racakt\u0131r. S\u00fcrg\u00fcl\u00fc kap\u0131lar\u0131n\u0131z\u0131n tak\u0131l\u0131p a\u00e7\u0131lmad\u0131\u011f\u0131n\u0131 kontrol etmeniz gerekenler a\u015fa\u011f\u0131da a\u00e7\u0131klanm\u0131\u015ft\u0131r. S\u00fcrg\u00fcl\u00fc Dolap Kap\u0131lar\u0131nda Sorunlara Ne Sebep Olur? Tekerlekler Ray\u0131n D\u0131\u015f\u0131ndam\u0131 &#8211; En yayg\u0131n sorunlardan biri, makaral\u0131 tekerleklerin raydan d\u0131\u015far\u0131 f\u0131rlamas\u0131d\u0131r. Tekerlekler d\u0131\u015far\u0131 f\u0131rlad\u0131\u011f\u0131nda genellikle kap\u0131n\u0131n sert bir \u015fekilde yap\u0131\u015fmas\u0131na veya kaymas\u0131na neden olurlar. Kir ve Pas Birikimi \u2013 Zamanla s\u00fcrg\u00fcl\u00fc kap\u0131lar\u0131n\u0131zdaki dolap kap\u0131s\u0131 ray\u0131nda kir ve pas birikebilir.\u00a0Par\u00e7alar raydaki ya\u011flama ya\u011f\u0131yla kar\u0131\u015ft\u0131r\u0131ld\u0131\u011f\u0131nda kap\u0131n\u0131n yap\u0131\u015fmas\u0131na neden olan bir macun olu\u015fturacakt\u0131r. Gev\u015fek Vidalar \u2013 Gev\u015fek vidalar ayr\u0131ca kap\u0131n\u0131n sallanmas\u0131na veya duvara, tavana veya zemine s\u00fcrt\u00fcnmesine neden olabilir. A\u015f\u0131nm\u0131\u015f Tekerlekler veya K\u0131lavuzlar \u2013 Pek olas\u0131 olmasa da tekerlekler \u00e7atlayabilir ve k\u0131lavuzlar a\u015f\u0131nabilir. Bu genellikle, a\u00e7maya \u00e7al\u0131\u015ft\u0131\u011f\u0131n\u0131zda kap\u0131n\u0131z\u0131n s\u00fcr\u00fcklenmesi, s\u00fcrtmesi veya atlamas\u0131 durumunda ortaya \u00e7\u0131kan sorundur. Hasarl\u0131 Raylar veya Kap\u0131lar \u2013 B\u00fck\u00fclm\u00fc\u015f veya \u00e7arp\u0131k raylar kap\u0131lar\u0131n d\u00fczg\u00fcn \u015fekilde kaymas\u0131n\u0131 engelleyecektir. Hasarl\u0131 raylar kap\u0131lar yap\u0131\u015fabilir veya kilitlenebilir. Sorunsuz Bir \u015eekilde D\u00f6nmeyen veya A\u00e7\u0131lmayan S\u00fcrg\u00fcl\u00fc Dolap Kap\u0131lar\u0131 Nas\u0131l Onar\u0131l\u0131r Sorununuza neyin sebep oldu\u011funu \u00f6\u011frendikten sonra sorunu kendiniz \u00e7\u00f6zmeye ba\u015flayabilirsiniz. Tekerlekleri Tekrar Raylara Yerle\u015ftirmek S\u00fcrg\u00fcl\u00fc kap\u0131n\u0131z\u0131n tekerlekleri bazen d\u0131\u015far\u0131 f\u0131rlayacak ve kap\u0131n\u0131n a\u00e7\u0131lmas\u0131n\u0131 veya kapanmas\u0131n\u0131 zorla\u015ft\u0131racakt\u0131r.\u00a0Bu en \u00e7ok \u00e7ift rayl\u0131 dolaplarda yayg\u0131nd\u0131r, ancak sadece \u00fcst rayl\u0131 dolaplarda da olabilir. Tek paletli sistemlerde tekerlekleri tekrar raylara yerle\u015ftirmek son derece kolayd\u0131r.\u00a0Dolaba girin, ard\u0131ndan kap\u0131y\u0131 kald\u0131r\u0131n. Daha sonra makaral\u0131 tekerlekler \u00fcst rayda oluncaya kadar yava\u015f\u00e7a ileri do\u011fru itin.\u00a0Yava\u015f\u00e7a a\u015fa\u011f\u0131 indirin ve d\u00fczg\u00fcn bir \u015fekilde kayd\u0131\u011f\u0131n\u0131 test edin. \u00c7ift rayl\u0131 dolap kap\u0131lar\u0131 i\u00e7in d\u0131\u015far\u0131 f\u0131rlayan tekerle\u011fe bak\u0131n.\u00a0\u00c7o\u011fu, tekerle\u011fi yolda tutmak i\u00e7in yay y\u00fckl\u00fcd\u00fcr. Ancak yay patlayabilir veya tekerlek mekanizmaya s\u0131k\u0131\u015fabilir.\u00a0Yay\u0131 serbest b\u0131rakmak i\u00e7in tekerle\u011fi yuvaya do\u011fru yukar\u0131 do\u011fru itin. Serbest kal\u0131rsa, tekrar ray\u0131n i\u00e7ine yerle\u015ftirin ve do\u011fru \u015fekilde kayd\u0131\u011f\u0131ndan emin olun.\u00a0Tekerlek d\u0131\u015far\u0131 \u00e7\u0131kmazsa t\u00fcm aksam\u0131 de\u011fi\u015ftirmeniz gerekebilir. Raylardaki Kir ve Pas\u0131n Temizlenmesi Raylarda kir veya pas varsa s\u00fcrg\u00fcl\u00fc kap\u0131lar\u0131n\u0131z\u0131 d\u00fczeltmek i\u00e7in \u015fu ad\u0131mlar\u0131 izleyin: S\u00fcrg\u00fcl\u00fc kap\u0131lar\u0131 \u00e7\u0131kar\u0131n ve bir kenara koyun. Bir sprey \u015fi\u015fesine iki damla s\u0131v\u0131 bula\u015f\u0131k sabunu ekleyin, ard\u0131ndan e\u015fit miktarda \u0131l\u0131k su ve beyaz sirkeyle doldurun.\u00a0Birle\u015ftirmek i\u00e7in \u015fi\u015feyi yava\u015f\u00e7a \u00e7evirin. Raylara temizleme sol\u00fcsyonunu p\u00fcsk\u00fcrt\u00fcn ve be\u015f&#8230; <a class=\"di-continue-reading\" href=\"https:\/\/www.onlinemarangoz.com.tr\/Beykoz\/surgulu-dolap-kapilarinda-sorunlara-ne-sebep-olur\/\"> Continue Reading&#8230;<\/a><\/p>\n","protected":false},"author":1,"featured_media":0,"parent":0,"menu_order":15,"comment_status":"closed","ping_status":"open","template":"","meta":{"footnotes":""},"categories":[1],"tags":[509],"class_list":["post-428","page","type-page","status-publish","hentry","category-beykoz-mobilya-tamir-bakim-montaj-servisi","tag-surgulu-dolap-kapilarinda-sorunlara-ne-sebep-olur"],"_links":{"self":[{"href":"https:\/\/www.onlinemarangoz.com.tr\/Beykoz\/wp-json\/wp\/v2\/pages\/428","targetHints":{"allow":["GET"]}}],"collection":[{"href":"https:\/\/www.onlinemarangoz.com.tr\/Beykoz\/wp-json\/wp\/v2\/pages"}],"about":[{"href":"https:\/\/www.onlinemarangoz.com.tr\/Beykoz\/wp-json\/wp\/v2\/types\/page"}],"author":[{"embeddable":true,"href":"https:\/\/www.onlinemarangoz.com.tr\/Beykoz\/wp-json\/wp\/v2\/users\/1"}],"replies":[{"embeddable":true,"href":"https:\/\/www.onlinemarangoz.com.tr\/Beykoz\/wp-json\/wp\/v2\/comments?post=428"}],"version-history":[{"count":0,"href":"https:\/\/www.onlinemarangoz.com.tr\/Beykoz\/wp-json\/wp\/v2\/pages\/428\/revisions"}],"wp:attachment":[{"href":"https:\/\/www.onlinemarangoz.com.tr\/Beykoz\/wp-json\/wp\/v2\/media?parent=428"}],"wp:term":[{"taxonomy":"category","embeddable":true,"href":"https:\/\/www.onlinemarangoz.com.tr\/Beykoz\/wp-json\/wp\/v2\/categories?post=428"},{"taxonomy":"post_tag","embeddable":true,"href":"https:\/\/www.onlinemarangoz.com.tr\/Beykoz\/wp-json\/wp\/v2\/tags?post=428"}],"curies":[{"name":"wp","href":"https:\/\/api.w.org\/{rel}","templated":true}]}}