{"id":432,"date":"2024-01-23T01:18:02","date_gmt":"2024-01-22T22:18:02","guid":{"rendered":"https:\/\/www.onlinemarangoz.com.tr\/Beykoz\/?page_id=432"},"modified":"2024-01-23T01:18:02","modified_gmt":"2024-01-22T22:18:02","slug":"kapi-kolu-nasil-cikarilir","status":"publish","type":"page","link":"https:\/\/www.onlinemarangoz.com.tr\/Beykoz\/kapi-kolu-nasil-cikarilir\/","title":{"rendered":"Kap\u0131 Kolu Nas\u0131l \u00c7\u0131kar\u0131l\u0131r"},"content":{"rendered":"<p><strong>Kap\u0131 Kolu Nas\u0131l \u00c7\u0131kar\u0131l\u0131r<\/strong><\/p>\n<p>O eski, k\u0131r\u0131k d\u00fc\u011fmeden s\u0131k\u0131ld\u0131n\u0131z m\u0131?\u00a0Baz\u0131 estetik iyile\u015ftirmeler yapmaya haz\u0131r m\u0131s\u0131n\u0131z?\u00a0Bir kap\u0131 kolunun \u00e7\u0131kar\u0131lmas\u0131, \u00e7o\u011fu ev sahibinin yaln\u0131zca birka\u00e7 aletle bir saatten daha k\u0131sa s\u00fcrede yapabilece\u011fi basit bir Kendin Yap i\u015fidir.\u00a0Basit, ad\u0131m ad\u0131m k\u0131lavuzumuz, g\u00f6r\u00fcn\u00fcr vidalarla ve vidalar olmadan bir kap\u0131 kolunun nas\u0131l \u00e7\u0131kar\u0131laca\u011f\u0131n\u0131 a\u00e7\u0131klamaktad\u0131r.<\/p>\n<h2 aria-level=\"2\">Vidalar\u0131 G\u00f6r\u00fcyorsan\u0131z Kap\u0131 Kolunuzu Nas\u0131l \u00c7\u0131kar\u0131rs\u0131n\u0131z?<\/h2>\n<p>Yaln\u0131zca iki aletle, g\u00f6r\u00fcn\u00fcr vidalar\u0131 olan bir kap\u0131 kolunu birka\u00e7 basit ad\u0131mda kolayca \u00e7\u0131karabilirsiniz.\u00a0Ancak iste\u011fe ba\u011fl\u0131 bir matkap veya elektrikli tornavida i\u015flemi h\u0131zland\u0131racakt\u0131r.<\/p>\n<p>Ara\u00e7lar ve Malzemeler:<\/p>\n<ul>\n<li>D\u00fcz Ba\u015fl\u0131 Tornavida (D\u00fcz veya Oluklu Olarak da Adland\u0131r\u0131l\u0131r)<\/li>\n<li>Y\u0131ld\u0131z Ba\u015fl\u0131 Tornavida (x Veya + \u015eeklinde)<\/li>\n<li>Matkap veya Elektrikli Tornavida (Opsiyonel)<\/li>\n<\/ul>\n<h3>1. Vidalar\u0131 \u00c7\u0131kar\u0131n<\/h3>\n<p>Kap\u0131 kolunun i\u00e7 k\u0131sm\u0131ndaki vidalar\u0131 s\u00f6kerek ba\u015flay\u0131n.\u00a0\u00c7o\u011fu d\u00fc\u011fmenin silindirin her iki yan\u0131nda birer tane olmak \u00fczere iki vidas\u0131 vard\u0131r.\u00a0Ancak baz\u0131 modellerde \u00fc\u00e7e kadar, bire kadar da az say\u0131da olabilir.\u00a0Kap\u0131 tokma\u011f\u0131n\u0131n kap\u0131dan d\u00fc\u015fmemesi i\u00e7in son viday\u0131 dikkatlice \u00e7\u0131kar\u0131n.<\/p>\n<h3>2. Kap\u0131 Kolunu \u00c7ekin<\/h3>\n<p>Vidalar \u00e7\u0131kar\u0131ld\u0131ktan sonra t\u00fcm d\u00fc\u011fmeyi kolayca \u00e7ekip ay\u0131rabilirsiniz.\u00a0Her iki elinizde birer d\u00fc\u011fme tutarak birbirlerinden uzakla\u015ft\u0131r\u0131n.\u00a0\u00c7o\u011fu durumda kolayca ayr\u0131l\u0131rlar.\u00a0Ancak d\u0131\u015f taraftaki d\u00fc\u011fme mandala s\u0131k\u0131\u015fabilir.\u00a0Kap\u0131dan d\u0131\u015far\u0131 \u00e7ekerken d\u00fc\u011fmeyi ileri geri \u00e7evirin.\u00a0B\u00fckme hareketi genellikle onu mandaldan kurtarmak i\u00e7in yeterlidir.<\/p>\n<h3>3. Mandal\u0131 \u00c7\u0131kar\u0131n<\/h3>\n<p>Daha sonra mandal aksam\u0131n\u0131 \u00e7\u0131kar\u0131n.\u00a0\u0130ki viday\u0131 s\u00f6k\u00fcn ve ard\u0131ndan mekanizmay\u0131 kap\u0131dan d\u0131\u015far\u0131 \u00e7ekin.\u00a0Mandal yap\u0131\u015f\u0131rsa, tornavidayla mandal mekanizmas\u0131na hafif\u00e7e vurarak gev\u015fetin.\u00a0\u0130nat\u00e7\u0131 mandallar i\u00e7in, tornaviday\u0131 mandaldaki silindir deli\u011fine kayd\u0131r\u0131n ve serbest kalana kadar kendinize do\u011fru \u00e7ekin.\u00a0Ard\u0131ndan tornaviday\u0131 \u00e7\u0131kar\u0131n ve kap\u0131dan d\u0131\u015far\u0131 \u00e7ekin.<\/p>\n<h3>4. Kar\u015f\u0131l\u0131k Plakas\u0131n\u0131 s\u00f6k\u00fcn<\/h3>\n<p>Son olarak, kilit kar\u015f\u0131l\u0131\u011f\u0131n\u0131 kap\u0131 pervaz\u0131ndan s\u00f6k\u00fcn.\u00a0Mandal plakas\u0131 olarak da adland\u0131r\u0131lan bu plakay\u0131 bir tornavidayla kald\u0131rman\u0131z da gerekebilir.\u00a0Plakan\u0131n \u00e7izilmesini veya kap\u0131 pervaz\u0131n\u0131n hasar g\u00f6rmesini \u00f6nlemek i\u00e7in tornavidan\u0131z\u0131 plakadaki mandal deli\u011fine sokun ve d\u0131\u015far\u0131 do\u011fru kald\u0131r\u0131n.<\/p>\n<h2 aria-level=\"2\">Vidas\u0131 Olmayan Kap\u0131 Kolu Nas\u0131l \u00c7\u0131kar\u0131l\u0131r<\/h2>\n<p>Kap\u0131 tokma\u011f\u0131n\u0131z\u0131n d\u0131\u015f\u0131nda vidalar\u0131 g\u00f6remiyorsan\u0131z sorun de\u011fil.\u00a0Yine de kald\u0131rabilirsiniz ancak biraz daha zaman alabilir.\u00a0Atletizm i\u00e7in dekoratif bir plaka ile kaplanm\u0131\u015f olan topuzun i\u00e7inde asl\u0131nda gizli vida ba\u015flar\u0131 bulunmaktad\u0131r.<\/p>\n<p>Ara\u00e7lar ve Malzemeler:<\/p>\n<ul>\n<li>D\u00fcz Ba\u015fl\u0131 Tornavida (D\u00fcz veya Oluklu Olarak da Adland\u0131r\u0131l\u0131r)<\/li>\n<li>Y\u0131ld\u0131z Ba\u015fl\u0131 Tornavida (x Veya + \u015eeklinde)<\/li>\n<li>Dar Tornavida veya Ata\u015f<\/li>\n<li>Matkap veya Elektrikli Tornavida (Opsiyonel)<\/li>\n<\/ul>\n<h3>1. \u0130\u00e7 D\u00fc\u011fmeyi \u00c7\u0131kar\u0131n<\/h3>\n<p>Kap\u0131 kolunuzda g\u00f6r\u00fcn\u00fcr vidalar yoksa silindirdeki k\u00fc\u00e7\u00fck deli\u011fi bularak ba\u015flay\u0131n.\u00a0Serbest b\u0131rakma pimini deli\u011fin i\u00e7ine bast\u0131rmak i\u00e7in dar bir tornavida veya bir ata\u015f kullan\u0131n.\u00a0Bir elinizle pimi i\u00e7eri bast\u0131r\u0131rken di\u011fer elinizle kap\u0131 kolunu \u00e7ekin.\u00a0Hemen \u00e7\u0131kmazsa, \u00f6nce d\u00fc\u011fmeye basmay\u0131 veya \u00e7ekerken \u00e7evirmeyi deneyin.<\/p>\n<h3>2. Kapak Plakas\u0131n\u0131 \u00c7\u0131kar\u0131n<\/h3>\n<p>Daha sonra kapak plakas\u0131n\u0131 \u00e7\u0131karman\u0131z gerekir.\u00a0G\u00fcl olarak da adland\u0131r\u0131lan bu, vidalar\u0131 ve i\u00e7 kap\u0131 mekanizmas\u0131n\u0131 gizleyen dekoratif kapak plakas\u0131d\u0131r.\u00a0Plakadaki serbest b\u0131rakma t\u0131rna\u011f\u0131n\u0131 aray\u0131n ve d\u00fcz u\u00e7lu bir tornavida kullanarak kap\u0131 kolundan \u00e7\u0131kar\u0131n.<\/p>\n<h3>3. Vidalar\u0131 \u00c7\u0131kar\u0131n<\/h3>\n<p>Kapak plakas\u0131 \u00e7\u0131kar\u0131ld\u0131\u011f\u0131nda kap\u0131 kolu vidalar\u0131n\u0131 montaj plakas\u0131ndan \u00e7\u0131karmak kolayd\u0131r.\u00a0\u00c7o\u011fu montaj d\u00fczene\u011finde iki vida bulunur, ancak baz\u0131 modellerde daha fazla veya daha az vida bulunabilir.\u00a0Kap\u0131 kolunun kap\u0131dan d\u00fc\u015fmemesi i\u00e7in vidalar\u0131 dikkatlice \u00e7\u0131kar\u0131n.<\/p>\n<h3>4. Kap\u0131 Kolunu Par\u00e7alay\u0131n<\/h3>\n<p>Daha sonra kap\u0131 tokma\u011f\u0131n\u0131 ay\u0131r\u0131n.\u00a0Montaj plakas\u0131n\u0131 bir elinizle tutun ve di\u011fer elinizle d\u0131\u015f d\u00fc\u011fmeyi kap\u0131dan d\u0131\u015far\u0131 \u00e7ekin.\u00a0D\u00fc\u011fme yap\u0131\u015f\u0131rsa, mandal d\u00fczene\u011fini gev\u015fetmek i\u00e7in d\u00fc\u011fmeyi \u00e7evirin; serbest kalacakt\u0131r.<\/p>\n<h3>5. Mandal\u0131 s\u00f6k\u00fcn<\/h3>\n<p>Mandal grubunu s\u00f6k\u00fcn ve mandal\u0131 kap\u0131dan d\u0131\u015far\u0131 \u00e7ekin.\u00a0\u00c7o\u011fu d\u00fc\u011fme mandal\u0131nda iki vida bulunur.\u00a0Mandal plakas\u0131 kap\u0131ya yap\u0131\u015f\u0131rsa, bunu bir tornavidayla kald\u0131rabilirsiniz.\u00a0Tornaviday\u0131 mandal mekanizmas\u0131ndaki silindir deli\u011fine sokun ve d\u0131\u015far\u0131 \u00e7\u0131kana kadar kendinize do\u011fru \u00e7ekin.<\/p>\n<h3>6. Kar\u015f\u0131l\u0131k Plakas\u0131n\u0131 \u00c7\u0131kar\u0131n<\/h3>\n<p>Son olarak kap\u0131 pervaz\u0131ndaki kar\u015f\u0131l\u0131k plakas\u0131n\u0131 \u00e7\u0131kar\u0131n.\u00a0Vidalar\u0131 s\u00f6k\u00fcn ve plakay\u0131 kap\u0131dan d\u0131\u015far\u0131 \u00e7ekin.\u00a0Genellikle kolayca \u00e7\u0131ksa da, s\u0131k\u0131\u015fm\u0131\u015fsa \u00e7\u0131karmak i\u00e7in bir tornavida kullan\u0131n.<\/p>\n<h2 aria-level=\"2\">Kap\u0131 Kolunuzun G\u00f6r\u00fcn\u00fcr Vidalar\u0131 Olup Olmad\u0131\u011f\u0131n\u0131 Nas\u0131l Kontrol Edebilirsiniz?<\/h2>\n<p>G\u00f6r\u00fcn\u00fcr vidalar\u0131n\u0131z\u0131n olup olmamas\u0131na ba\u011fl\u0131 olarak kap\u0131 kolunu \u00e7\u0131karman\u0131n iki yolu vard\u0131r.\u00a0Vidalar\u0131 hemen g\u00f6remeseniz de kap\u0131 tokma\u011f\u0131n\u0131z\u0131 de\u011fi\u015ftirebilirsiniz.\u00a0\u00c7o\u011fu durumda, hangi t\u00fcr d\u00fc\u011fmeye sahip oldu\u011funuzu belirlemek yaln\u0131zca h\u0131zl\u0131 bir kontrol gerektirir.<\/p>\n<p>\u00d6ncelikle i\u00e7 kap\u0131 kolunu bulman\u0131z gerekiyor.\u00a0\u00c7o\u011fu durumda bu, kap\u0131n\u0131n kapat\u0131ld\u0131\u011f\u0131 odan\u0131n i\u00e7indedir.\u00a0Kap\u0131 tokmaklar\u0131n\u0131 kilitlerken bu daima anahtar\u0131 koydu\u011funuz yerin tersidir.\u00a0Daha sonra g\u00fcldeki vidalar\u0131 aray\u0131n.\u00a0G\u00fcl, kap\u0131ya ba\u011flanan topuzun arkas\u0131ndaki \u00f6n paneldir.<\/p>\n<p>G\u00fclde vida g\u00f6rm\u00fcyorsan\u0131z kap\u0131 kolu ile g\u00fcl aras\u0131ndaki silindirde k\u00fc\u00e7\u00fck bir delik aray\u0131n.\u00a0Tumbler olarak da adland\u0131r\u0131lan silindir, kap\u0131 kolundan ge\u00e7er.\u00a0Delik, vidas\u0131z kap\u0131 tokma\u011f\u0131 stilleri i\u00e7in serbest b\u0131rakman\u0131zd\u0131r.<\/p>\n<p>Her ikisini de kap\u0131 a\u00e7\u0131kken kontrol etmek en kolay yoldur.\u00a0Yere oturun ve kap\u0131y\u0131 sabit tutmak i\u00e7in bacaklar\u0131n\u0131z\u0131 kullan\u0131n.\u00a0Bu genellikle kap\u0131 tokma\u011f\u0131n\u0131 de\u011fi\u015ftirmek i\u00e7in diz \u00e7\u00f6kmek veya ayakta durmaktan daha rahat bir pozisyondur.<\/p>\n<p>Vidal\u0131 kap\u0131 kollar\u0131 bug\u00fcn hala sat\u0131lmaktad\u0131r, ancak g\u00f6r\u00fcn\u00fcr vidalar\u0131 olmayan modeller son birka\u00e7 on y\u0131lda giderek daha pop\u00fcler hale gelmi\u015ftir.\u00a0Gizli ayar vidal\u0131 kap\u0131 kollar\u0131 daha \u015f\u0131k kabul edilir ve genellikle i\u00e7 kap\u0131larda kullan\u0131l\u0131r.<\/p>\n<div>Kap\u0131 Kolunun De\u011fi\u015ftirilmesiyle \u0130lgili Yard\u0131ma m\u0131 \u0130htiyac\u0131n\u0131z Var?<\/div>\n<p>Kap\u0131 tokma\u011f\u0131n\u0131z\u0131 de\u011fi\u015ftirmek i\u00e7in zaman\u0131n\u0131z veya aletleriniz yoksa, istanbul anadolu yakas\u0131nda yard\u0131mc\u0131 olabilecek uzmanlar\u0131m\u0131z var.<\/p>\n\n\n<div class=\"kk-star-ratings kksr-auto kksr-align-left kksr-valign-bottom\"\n    data-payload='{&quot;align&quot;:&quot;left&quot;,&quot;id&quot;:&quot;432&quot;,&quot;slug&quot;:&quot;default&quot;,&quot;valign&quot;:&quot;bottom&quot;,&quot;ignore&quot;:&quot;&quot;,&quot;reference&quot;:&quot;auto&quot;,&quot;class&quot;:&quot;&quot;,&quot;count&quot;:&quot;0&quot;,&quot;legendonly&quot;:&quot;&quot;,&quot;readonly&quot;:&quot;&quot;,&quot;score&quot;:&quot;0&quot;,&quot;starsonly&quot;:&quot;&quot;,&quot;best&quot;:&quot;5&quot;,&quot;gap&quot;:&quot;5&quot;,&quot;greet&quot;:&quot;Beykoz Marangoz\u2b50&quot;,&quot;legend&quot;:&quot;Beykoz Marangoz Ustas\u0131 \u2b50 0&quot;,&quot;size&quot;:&quot;24&quot;,&quot;title&quot;:&quot;Kap\u0131 Kolu Nas\u0131l \u00c7\u0131kar\u0131l\u0131r&quot;,&quot;width&quot;:&quot;0&quot;,&quot;_legend&quot;:&quot;Beykoz Marangoz Ustas\u0131 \u2b50 {count}&quot;,&quot;font_factor&quot;:&quot;1.25&quot;}'>\n            \n<div class=\"kksr-stars\">\n    \n<div class=\"kksr-stars-inactive\">\n            <div class=\"kksr-star\" data-star=\"1\" style=\"padding-right: 5px\">\n            \n\n<div class=\"kksr-icon\" style=\"width: 24px; height: 24px;\"><\/div>\n        <\/div>\n            <div class=\"kksr-star\" data-star=\"2\" style=\"padding-right: 5px\">\n            \n\n<div class=\"kksr-icon\" style=\"width: 24px; height: 24px;\"><\/div>\n        <\/div>\n            <div class=\"kksr-star\" data-star=\"3\" style=\"padding-right: 5px\">\n            \n\n<div class=\"kksr-icon\" style=\"width: 24px; height: 24px;\"><\/div>\n        <\/div>\n            <div class=\"kksr-star\" data-star=\"4\" style=\"padding-right: 5px\">\n            \n\n<div class=\"kksr-icon\" style=\"width: 24px; height: 24px;\"><\/div>\n        <\/div>\n            <div class=\"kksr-star\" data-star=\"5\" style=\"padding-right: 5px\">\n            \n\n<div class=\"kksr-icon\" style=\"width: 24px; height: 24px;\"><\/div>\n        <\/div>\n    <\/div>\n    \n<div class=\"kksr-stars-active\" style=\"width: 0px;\">\n            <div class=\"kksr-star\" style=\"padding-right: 5px\">\n            \n\n<div class=\"kksr-icon\" style=\"width: 24px; height: 24px;\"><\/div>\n        <\/div>\n            <div class=\"kksr-star\" style=\"padding-right: 5px\">\n            \n\n<div class=\"kksr-icon\" style=\"width: 24px; height: 24px;\"><\/div>\n        <\/div>\n            <div class=\"kksr-star\" style=\"padding-right: 5px\">\n            \n\n<div class=\"kksr-icon\" style=\"width: 24px; height: 24px;\"><\/div>\n        <\/div>\n            <div class=\"kksr-star\" style=\"padding-right: 5px\">\n            \n\n<div class=\"kksr-icon\" style=\"width: 24px; height: 24px;\"><\/div>\n        <\/div>\n            <div class=\"kksr-star\" style=\"padding-right: 5px\">\n            \n\n<div class=\"kksr-icon\" style=\"width: 24px; height: 24px;\"><\/div>\n        <\/div>\n    <\/div>\n<\/div>\n                \n\n<div class=\"kksr-legend\" style=\"font-size: 19.2px;\">\n            <span class=\"kksr-muted\">Beykoz Marangoz\u2b50<\/span>\n    <\/div>\n    <\/div>\n","protected":false},"excerpt":{"rendered":"<p>Kap\u0131 Kolu Nas\u0131l \u00c7\u0131kar\u0131l\u0131r O eski, k\u0131r\u0131k d\u00fc\u011fmeden s\u0131k\u0131ld\u0131n\u0131z m\u0131?\u00a0Baz\u0131 estetik iyile\u015ftirmeler yapmaya haz\u0131r m\u0131s\u0131n\u0131z?\u00a0Bir kap\u0131 kolunun \u00e7\u0131kar\u0131lmas\u0131, \u00e7o\u011fu ev sahibinin yaln\u0131zca birka\u00e7 aletle bir saatten daha k\u0131sa s\u00fcrede yapabilece\u011fi basit bir Kendin Yap i\u015fidir.\u00a0Basit, ad\u0131m ad\u0131m k\u0131lavuzumuz, g\u00f6r\u00fcn\u00fcr vidalarla ve vidalar olmadan bir kap\u0131 kolunun nas\u0131l \u00e7\u0131kar\u0131laca\u011f\u0131n\u0131 a\u00e7\u0131klamaktad\u0131r. Vidalar\u0131 G\u00f6r\u00fcyorsan\u0131z Kap\u0131 Kolunuzu Nas\u0131l \u00c7\u0131kar\u0131rs\u0131n\u0131z? Yaln\u0131zca iki aletle, g\u00f6r\u00fcn\u00fcr vidalar\u0131 olan bir kap\u0131 kolunu birka\u00e7 basit ad\u0131mda kolayca \u00e7\u0131karabilirsiniz.\u00a0Ancak iste\u011fe ba\u011fl\u0131 bir matkap veya elektrikli tornavida i\u015flemi h\u0131zland\u0131racakt\u0131r. Ara\u00e7lar ve Malzemeler: D\u00fcz Ba\u015fl\u0131 Tornavida (D\u00fcz veya Oluklu Olarak da Adland\u0131r\u0131l\u0131r) Y\u0131ld\u0131z Ba\u015fl\u0131 Tornavida (x Veya + \u015eeklinde) Matkap veya Elektrikli Tornavida (Opsiyonel) 1. Vidalar\u0131 \u00c7\u0131kar\u0131n Kap\u0131 kolunun i\u00e7 k\u0131sm\u0131ndaki vidalar\u0131 s\u00f6kerek ba\u015flay\u0131n.\u00a0\u00c7o\u011fu d\u00fc\u011fmenin silindirin her iki yan\u0131nda birer tane olmak \u00fczere iki vidas\u0131 vard\u0131r.\u00a0Ancak baz\u0131 modellerde \u00fc\u00e7e kadar, bire kadar da az say\u0131da olabilir.\u00a0Kap\u0131 tokma\u011f\u0131n\u0131n kap\u0131dan d\u00fc\u015fmemesi i\u00e7in son viday\u0131 dikkatlice \u00e7\u0131kar\u0131n. 2. Kap\u0131 Kolunu \u00c7ekin Vidalar \u00e7\u0131kar\u0131ld\u0131ktan sonra t\u00fcm d\u00fc\u011fmeyi kolayca \u00e7ekip ay\u0131rabilirsiniz.\u00a0Her iki elinizde birer d\u00fc\u011fme tutarak birbirlerinden uzakla\u015ft\u0131r\u0131n.\u00a0\u00c7o\u011fu durumda kolayca ayr\u0131l\u0131rlar.\u00a0Ancak d\u0131\u015f taraftaki d\u00fc\u011fme mandala s\u0131k\u0131\u015fabilir.\u00a0Kap\u0131dan d\u0131\u015far\u0131 \u00e7ekerken d\u00fc\u011fmeyi ileri geri \u00e7evirin.\u00a0B\u00fckme hareketi genellikle onu mandaldan kurtarmak i\u00e7in yeterlidir. 3. Mandal\u0131 \u00c7\u0131kar\u0131n Daha sonra mandal aksam\u0131n\u0131 \u00e7\u0131kar\u0131n.\u00a0\u0130ki viday\u0131 s\u00f6k\u00fcn ve ard\u0131ndan mekanizmay\u0131 kap\u0131dan d\u0131\u015far\u0131 \u00e7ekin.\u00a0Mandal yap\u0131\u015f\u0131rsa, tornavidayla mandal mekanizmas\u0131na hafif\u00e7e vurarak gev\u015fetin.\u00a0\u0130nat\u00e7\u0131 mandallar i\u00e7in, tornaviday\u0131 mandaldaki silindir deli\u011fine kayd\u0131r\u0131n ve serbest kalana kadar kendinize do\u011fru \u00e7ekin.\u00a0Ard\u0131ndan tornaviday\u0131 \u00e7\u0131kar\u0131n ve kap\u0131dan d\u0131\u015far\u0131 \u00e7ekin. 4. Kar\u015f\u0131l\u0131k Plakas\u0131n\u0131 s\u00f6k\u00fcn Son olarak, kilit kar\u015f\u0131l\u0131\u011f\u0131n\u0131 kap\u0131 pervaz\u0131ndan s\u00f6k\u00fcn.\u00a0Mandal plakas\u0131 olarak da adland\u0131r\u0131lan bu plakay\u0131 bir tornavidayla kald\u0131rman\u0131z da gerekebilir.\u00a0Plakan\u0131n \u00e7izilmesini veya kap\u0131 pervaz\u0131n\u0131n hasar g\u00f6rmesini \u00f6nlemek i\u00e7in tornavidan\u0131z\u0131 plakadaki mandal deli\u011fine sokun ve d\u0131\u015far\u0131 do\u011fru kald\u0131r\u0131n. Vidas\u0131 Olmayan Kap\u0131 Kolu Nas\u0131l \u00c7\u0131kar\u0131l\u0131r Kap\u0131 tokma\u011f\u0131n\u0131z\u0131n d\u0131\u015f\u0131nda vidalar\u0131 g\u00f6remiyorsan\u0131z sorun de\u011fil.\u00a0Yine de kald\u0131rabilirsiniz ancak biraz daha zaman alabilir.\u00a0Atletizm i\u00e7in dekoratif bir plaka ile kaplanm\u0131\u015f olan topuzun i\u00e7inde asl\u0131nda gizli vida ba\u015flar\u0131 bulunmaktad\u0131r. Ara\u00e7lar ve Malzemeler: D\u00fcz Ba\u015fl\u0131 Tornavida (D\u00fcz veya Oluklu Olarak da Adland\u0131r\u0131l\u0131r) Y\u0131ld\u0131z Ba\u015fl\u0131 Tornavida (x Veya + \u015eeklinde) Dar Tornavida veya Ata\u015f Matkap veya Elektrikli Tornavida (Opsiyonel) 1. \u0130\u00e7 D\u00fc\u011fmeyi \u00c7\u0131kar\u0131n Kap\u0131 kolunuzda g\u00f6r\u00fcn\u00fcr vidalar yoksa silindirdeki k\u00fc\u00e7\u00fck deli\u011fi bularak ba\u015flay\u0131n.\u00a0Serbest b\u0131rakma pimini deli\u011fin i\u00e7ine bast\u0131rmak i\u00e7in dar bir tornavida veya bir ata\u015f&#8230; <a class=\"di-continue-reading\" href=\"https:\/\/www.onlinemarangoz.com.tr\/Beykoz\/kapi-kolu-nasil-cikarilir\/\"> Continue Reading&#8230;<\/a><\/p>\n","protected":false},"author":1,"featured_media":0,"parent":0,"menu_order":20,"comment_status":"closed","ping_status":"open","template":"","meta":{"footnotes":""},"categories":[1],"tags":[510],"class_list":["post-432","page","type-page","status-publish","hentry","category-beykoz-mobilya-tamir-bakim-montaj-servisi","tag-kapi-kolu-nasil-cikarilir"],"_links":{"self":[{"href":"https:\/\/www.onlinemarangoz.com.tr\/Beykoz\/wp-json\/wp\/v2\/pages\/432","targetHints":{"allow":["GET"]}}],"collection":[{"href":"https:\/\/www.onlinemarangoz.com.tr\/Beykoz\/wp-json\/wp\/v2\/pages"}],"about":[{"href":"https:\/\/www.onlinemarangoz.com.tr\/Beykoz\/wp-json\/wp\/v2\/types\/page"}],"author":[{"embeddable":true,"href":"https:\/\/www.onlinemarangoz.com.tr\/Beykoz\/wp-json\/wp\/v2\/users\/1"}],"replies":[{"embeddable":true,"href":"https:\/\/www.onlinemarangoz.com.tr\/Beykoz\/wp-json\/wp\/v2\/comments?post=432"}],"version-history":[{"count":0,"href":"https:\/\/www.onlinemarangoz.com.tr\/Beykoz\/wp-json\/wp\/v2\/pages\/432\/revisions"}],"wp:attachment":[{"href":"https:\/\/www.onlinemarangoz.com.tr\/Beykoz\/wp-json\/wp\/v2\/media?parent=432"}],"wp:term":[{"taxonomy":"category","embeddable":true,"href":"https:\/\/www.onlinemarangoz.com.tr\/Beykoz\/wp-json\/wp\/v2\/categories?post=432"},{"taxonomy":"post_tag","embeddable":true,"href":"https:\/\/www.onlinemarangoz.com.tr\/Beykoz\/wp-json\/wp\/v2\/tags?post=432"}],"curies":[{"name":"wp","href":"https:\/\/api.w.org\/{rel}","templated":true}]}}