{"id":481,"date":"2024-02-09T02:26:22","date_gmt":"2024-02-08T23:26:22","guid":{"rendered":"https:\/\/www.onlinemarangoz.com.tr\/Beykoz\/?page_id=481"},"modified":"2024-02-09T02:31:06","modified_gmt":"2024-02-08T23:31:06","slug":"beykoz-mobilya-montaj","status":"publish","type":"page","link":"https:\/\/www.onlinemarangoz.com.tr\/Beykoz\/beykoz-mobilya-montaj\/","title":{"rendered":"Beykoz Mobilya Montaj"},"content":{"rendered":"<p>Beykoz Mobilya Montaj (( Mobilya Montaj Telefon 0554 858 1312 )) \u0130stanbul Anadolu Yakas\u0131 Beykoz Mobilya Montaj&#8221; mekan\u0131n\u0131z\u0131 g\u00fczelle\u015ftirecek mobilya montaj hizmetleri i\u00e7in ba\u015fvuraca\u011f\u0131n\u0131z merkezdir. Sorunsuz bir \u015fekilde yeni bir yere ta\u015f\u0131nman\u0131za yard\u0131mc\u0131 olacak \u00fcst\u00fcn hizmetlere sahibiz. Beykoz Mobilya Montaj, ile ilgili say\u0131s\u0131z di\u011fer unsurlar\u0131 bir arada y\u00fcr\u00fct\u00fcrken, mobilya montaj\u0131 ve demontaj\u0131 konusunda profesyonel bir ele mi ihtiyac\u0131n\u0131z var? Araman\u0131z sonu\u00e7land\u0131. Beykoz Mobilya Montaj, hizmeti size rahatl\u0131k sa\u011flar ve mekan\u0131n ev hissi vermesini sa\u011flar. Mobilya, bireyselli\u011fi ifade etmemize olanak tan\u0131yan uyku, rahatlama ve depolama i\u00e7in hayati \u00f6neme sahiptir. Beykoz Mobilya Montaj Servisi, olarak, mobilyalar\u0131n\u0131z\u0131 sa\u011flam tutman\u0131n \u00f6nemini vurguluyor ve do\u011fru \u015fekilde s\u00f6k\u00fcl\u00fcp monte edilmesini sa\u011flayarak azami \u00e7aba g\u00f6steriyoruz.<img fetchpriority=\"high\" decoding=\"async\" class=\"size-full wp-image-482 alignright\" src=\"https:\/\/www.onlinemarangoz.com.tr\/Beykoz\/wp-content\/uploads\/Beykoz-Mobilya-Montaj-Servisi.jpg\" alt=\"\" width=\"500\" height=\"250\" srcset=\"https:\/\/www.onlinemarangoz.com.tr\/Beykoz\/wp-content\/uploads\/Beykoz-Mobilya-Montaj-Servisi.jpg 500w, https:\/\/www.onlinemarangoz.com.tr\/Beykoz\/wp-content\/uploads\/Beykoz-Mobilya-Montaj-Servisi-300x150.jpg 300w\" sizes=\"(max-width: 500px) 100vw, 500px\" \/> Mobilyalar\u0131n\u0131z\u0131n tek ba\u015f\u0131n\u0131za hareket edemeyecek kadar b\u00fcy\u00fck oldu\u011funu fark etmek i\u00e7in son saniyeye kadar beklemeyin ya da b\u00fcy\u00fck yatak ba\u015fl\u0131\u011f\u0131n\u0131zla kendinizi y\u0131prat\u0131c\u0131 bir y\u00fczle\u015fmeye sokma riskini almay\u0131n. Beykoz Mobilya Montaj, b\u00f6ylece ta\u015f\u0131nman\u0131z\u0131n m\u00fcmk\u00fcn oldu\u011funca sorunsuz ve stressiz ilerleyece\u011finden emin olabilirsiniz. Ta\u015f\u0131ma s\u0131ras\u0131nda a\u011f\u0131r mobilyalar\u0131n kald\u0131r\u0131lmas\u0131 veya e\u015fyalar\u0131n\u0131z\u0131n g\u00fcvenli\u011fi konusunda endi\u015felenmenize gerek kalmayacak. Profesyonel mobilya montaj ve demontaj hizmetlerimizle tek yapman\u0131z gereken arkan\u0131za yaslan\u0131p rahatlamak b\u0131rak\u0131n t\u00fcm zorlu i\u015fleri sizin i\u00e7in biz halledelim.<\/p>\n<h2>Beykoz Mobilya Montaj<\/h2>\n<p><strong>Beykoz Mobilya Montaj<\/strong>&#8221; Beykoz Mobilya Dolap Montaj&#8221; Beykoz Mobilya Gard\u0131rop Montaj&#8221; Beykoz Yatak Odas\u0131 Mobilya Dolap Montaj&#8221; Pazartesi&#8217;den \u00c7umartesi&#8217; ne&#8217; Sabah 09:00 \u2013 Ak\u015fam 20:00 ve Cumartesi sabah 09:00 &#8211; 19:00 saatleri aras\u0131nda&#8221; Mobilya Montaj&#8221; Mobilya Dolap Montaj&#8221; Mobilya Gard\u0131rop Montaj&#8221; Beykoz Mobilya Montaj Telefon&#8221; 0554 858 1312&#8221; numaral\u0131 telefondan bize ula\u015fabilir WhatsApp arac\u0131l\u0131\u011f\u0131yla do\u011frudan mesaj g\u00f6nderebilirsiniz. her a\u015famada m\u00fc\u015fterilere e\u015flik ederek maksimum memnuniyeti garanti eden benzersiz bir Mobilya Montaj&#8221; hizmetleri sunmaktay\u0131z.<img decoding=\"async\" class=\"size-full wp-image-59 alignleft\" src=\"https:\/\/www.onlinemarangoz.com.tr\/Beykoz\/wp-content\/uploads\/Beykoz-Ray-Dolap-Tamiri.jpg\" alt=\"\" width=\"300\" height=\"300\" srcset=\"https:\/\/www.onlinemarangoz.com.tr\/Beykoz\/wp-content\/uploads\/Beykoz-Ray-Dolap-Tamiri.jpg 300w, https:\/\/www.onlinemarangoz.com.tr\/Beykoz\/wp-content\/uploads\/Beykoz-Ray-Dolap-Tamiri-150x150.jpg 150w, https:\/\/www.onlinemarangoz.com.tr\/Beykoz\/wp-content\/uploads\/Beykoz-Ray-Dolap-Tamiri-90x90.jpg 90w\" sizes=\"(max-width: 300px) 100vw, 300px\" \/><\/p>\n<h3>Beykoz Mobilya Dolap Montaj<\/h3>\n<p>Beykoz Mobilya Dolap Montaj&#8217; Diledi\u011finiz zaman hizmetlerimize g\u00fcvenebilirsiniz. Yard\u0131m\u0131m\u0131za g\u00fcn\u00fcn hangi saatinde ihtiyac\u0131n\u0131z olursa olsun, ihtiyac\u0131n\u0131z olan hizmetleri mutlaka sa\u011flayaca\u011f\u0131z. \u0130htiya\u00e7lar\u0131n\u0131z\u0131 birbiri ard\u0131na kar\u015f\u0131lad\u0131\u011f\u0131m\u0131z i\u00e7in Mobilya Dolap Montaj, stres hissetmeyece\u011finizi garanti ediyoruz. Sizlere b\u00fcy\u00fck bir memnuniyet ve rahatl\u0131k sunmay\u0131 hedefliyoruz, bu nedenle her projemizde elimizden gelenin en iyisini yap\u0131yoruz.<\/p>\n<p><strong>Beykoz Mobilya Dolap Montaj<\/strong>&#8221; M\u00fc\u015fterilerimize m\u00fckemmel m\u00fc\u015fteri hizmetlerimizi, deneyimli ekibimizin yard\u0131m\u0131yla sevimli bir \u015fekilde sunmaktan mutluluk duyuyoruz. Beykoz Dolap Montaj\u0131&#8221; Beykoz Mobilya Dolap Montaj&#8221; Beykoz Mobilya Dolap Gard\u0131rop Montaj&#8221; Beykoz Yatak Odas\u0131 Dolap Montaj\u0131&#8221; Pazartesi&#8217;den \u00c7umartesi&#8217; ne&#8217; Sabah 09:00 \u2013 Ak\u015fam 20:00 ve Cumartesi sabah 09:00 &#8211; 19:00 saatleri aras\u0131nda&#8221; Mobilya Montaj&#8221; Mobilya Dolap Montaj&#8221; Mobilya Gard\u0131rop Montaj&#8221; Beykoz Mobilya Montaj Telefon&#8221; 0554 858 1312&#8221; numaral\u0131 telefondan bize ula\u015fabilir WhatsApp arac\u0131l\u0131\u011f\u0131yla do\u011frudan mesaj g\u00f6nderebilirsiniz.<img decoding=\"async\" class=\"size-full wp-image-485 alignright\" src=\"https:\/\/www.onlinemarangoz.com.tr\/Beykoz\/wp-content\/uploads\/Beykoz-Mobilya-Dolap-Montaj.jpg\" alt=\"Beykoz Mobilya Dolap Montaj\" width=\"300\" height=\"300\" srcset=\"https:\/\/www.onlinemarangoz.com.tr\/Beykoz\/wp-content\/uploads\/Beykoz-Mobilya-Dolap-Montaj.jpg 300w, https:\/\/www.onlinemarangoz.com.tr\/Beykoz\/wp-content\/uploads\/Beykoz-Mobilya-Dolap-Montaj-150x150.jpg 150w, https:\/\/www.onlinemarangoz.com.tr\/Beykoz\/wp-content\/uploads\/Beykoz-Mobilya-Dolap-Montaj-90x90.jpg 90w\" sizes=\"(max-width: 300px) 100vw, 300px\" \/><\/p>\n<h4>Beykoz Mobilya Gard\u0131rop Montaj<\/h4>\n<p>Beykoz Mobilya Gard\u0131rop Montaj&#8221; ve s\u00f6kme hizmetlerimiz, kolay ta\u015f\u0131ma i\u00e7in mobilyalar\u0131 h\u0131zl\u0131 bir \u015fekilde par\u00e7alamalar\u0131na olanak tan\u0131yan do\u011fru ara\u00e7larla gelen e\u011fitimli profesyonelleri i\u00e7erir. Ayr\u0131ca yeni evinize vard\u0131\u011f\u0131n\u0131zda yeniden monte edebiliriz. Bu, \u00f6zellikle b\u00fcy\u00fck bir yemek masas\u0131, pahal\u0131 bir kanepe veya di\u011fer b\u00fcy\u00fck e\u015fyalar gibi ta\u015f\u0131nma s\u0131ras\u0131nda \u00f6zel bak\u0131m gerektiren mobilya par\u00e7alar\u0131n\u0131z oldu\u011funda faydal\u0131d\u0131r. Profesyonel Beykoz Mobilya Gard\u0131rop Montaj, s\u00f6kme i\u015flemi s\u0131ras\u0131nda hasar g\u00f6rmemeleri i\u00e7in bu k\u0131r\u0131lgan nesnelerin nas\u0131l ta\u015f\u0131nmas\u0131 gerekti\u011fini ve bunlar\u0131n bir yerden di\u011ferine nas\u0131l nakledilmesi gerekti\u011fini biliyor. Ayr\u0131ca bu e\u015fyalar\u0131n ta\u015f\u0131nmas\u0131n\u0131n hava ko\u015fullar\u0131ndan nas\u0131l etkilenebilece\u011fini de biliyoruz;<img loading=\"lazy\" decoding=\"async\" class=\"size-full wp-image-490 alignleft\" src=\"https:\/\/www.onlinemarangoz.com.tr\/Beykoz\/wp-content\/uploads\/Mobilya-Gardirop-Montaj.jpg\" alt=\"\" width=\"300\" height=\"300\" srcset=\"https:\/\/www.onlinemarangoz.com.tr\/Beykoz\/wp-content\/uploads\/Mobilya-Gardirop-Montaj.jpg 300w, https:\/\/www.onlinemarangoz.com.tr\/Beykoz\/wp-content\/uploads\/Mobilya-Gardirop-Montaj-150x150.jpg 150w, https:\/\/www.onlinemarangoz.com.tr\/Beykoz\/wp-content\/uploads\/Mobilya-Gardirop-Montaj-90x90.jpg 90w\" sizes=\"(max-width: 300px) 100vw, 300px\" \/><\/p>\n<p><strong>Beykoz Mobilya Gard\u0131rop Montaj<\/strong>&#8221; Sizlere en uygun fiyata y\u00fcksek kalitede Mobilya Gard\u0131rop Montaj hizmeti veriyoruz. Ekibimiz, ceplerinizi fazla yormadan Mobilya Gard\u0131rop Montaj, s\u00f6kme ihtiya\u00e7lar\u0131n\u0131z i\u00e7in en iyi \u00e7\u00f6z\u00fcm\u00fc alman\u0131z\u0131 sa\u011flar. Elbette, harika hizmetlerimiz sayesinde, sizi b\u00fct\u00e7eniz konusunda strese sokmadan gard\u0131roplar\u0131n\u0131z\u0131 Mobilya Gard\u0131rop Montaj, i\u00e7in en iyi orta\u011fa sahip olursunuz. Pazartesi&#8217;den \u00c7umartesi&#8217; ne&#8217; Sabah 09:00 \u2013 Ak\u015fam 20:00 ve Cumartesi sabah 09:00 &#8211; 19:00 saatleri aras\u0131nda&#8221; Mobilya Montaj&#8221; Mobilya Dolap Montaj&#8221; Mobilya Gard\u0131rop Montaj&#8221; Beykoz Mobilya Montaj Telefon&#8221; 0554 858 1312&#8221; numaral\u0131 telefondan bize ula\u015fabilir WhatsApp arac\u0131l\u0131\u011f\u0131yla do\u011frudan mesaj g\u00f6nderebilirsiniz. Asl\u0131nda ihtiya\u00e7lar\u0131n\u0131z do\u011frultusunda her \u015feyle ilgileniyoruz: Dilerseniz mobilya montaj\u0131 hizmetini sunuyoruz,<\/p>\n<p>Mobilyalar\u0131n demontaj\u0131 ve montaj\u0131 ile ilgili hizmet ve m\u00fcdahalelerin listesi a\u015fa\u011f\u0131dad\u0131r.<\/p>\n<table style=\"border-collapse: collapse; width: 100%;\">\n<tbody>\n<tr>\n<td style=\"width: 50%;\">\n<ul>\n<li><em>Mutfak Dolaplar\u0131 Montaj\u0131.<\/em><\/li>\n<li><em>Duvar \u00dcnitelerinin Montaj\u0131.<\/em><\/li>\n<li><em>S\u00fcrg\u00fcl\u00fc Dolaplar\u0131n Montaj\u0131.<\/em><\/li>\n<li><em>Gard\u0131rop Mobilyalar\u0131n\u0131n Montaj\u0131<\/em><\/li>\n<li><em>Oturma Odas\u0131 Dolaplar\u0131 Montaj\u0131.<\/em><\/li>\n<li><em>Gard\u0131rop ve Kitapl\u0131klar\u0131n Montaj\u0131.<\/em><\/li>\n<\/ul>\n<\/td>\n<td style=\"width: 50%;\">\n<ul>\n<li><em>Mobilya Dolaplar\u0131n\u0131n Montaj\u0131.<\/em><\/li>\n<li><em>Laminat Dolaplar\u0131n\u0131n Montaj\u0131.<\/em><\/li>\n<li><em>Gard\u0131rop Yataklar\u0131n\u0131n Montaj\u0131.<\/em><\/li>\n<li><em>Gard\u0131rop ve Raflar\u0131n\u0131n Montaj\u0131.<\/em><\/li>\n<li><em>Mente\u015feli Kap\u0131l\u0131 Gard\u0131rop Montaj\u0131.<\/em><\/li>\n<li><em>Yatak Odas\u0131 Gard\u0131roplar\u0131n\u0131n Montaj\u0131<\/em><\/li>\n<li><em>Ah\u015fap Evler i\u00e7in Gard\u0131rop Montaj\u0131.<\/em><\/li>\n<\/ul>\n<\/td>\n<\/tr>\n<\/tbody>\n<\/table>\n<p style=\"text-align: center;\">MONTAJ H\u0130ZMETLER\u0130 VE DAHA FAZLASI \u0130\u00c7\u0130N EK\u0130B\u0130M\u0130ZLE \u0130LET\u0130\u015e\u0130ME GE\u00c7\u0130N<\/p>\n<p style=\"text-align: center;\">Neden Bizi Se\u00e7melisiniz. Geni\u015f Hizmet Yelpazesi.<\/p>\n<p style=\"text-align: center;\">\u0130htiya\u00e7lar\u0131n\u0131z\u0131 kar\u015f\u0131layabilmemiz i\u00e7in Beykoz Mobilya Montaj kurulum tamamlayan geni\u015f bir hizmet yelpazesi sunuyoruz.<\/p>\n<table style=\"border-collapse: collapse; width: 100%;\">\n<tbody>\n<tr>\n<td style=\"width: 50%;\"><a href=\"https:\/\/wa.me\/+905548581312\" target=\"_blank\" rel=\"noopener\"><img loading=\"lazy\" decoding=\"async\" class=\"alignleft wp-image-338\" title=\"Whatsapp Hemen T\u0131kla Mesaj At\" src=\"https:\/\/www.onlinemarangoz.com.tr\/Beykoz\/wp-content\/uploads\/Tezcan-Usta-150x150.png\" alt=\"Whatsapp Hemen T\u0131kla Mesaj At\" width=\"120\" height=\"120\" srcset=\"https:\/\/www.onlinemarangoz.com.tr\/Beykoz\/wp-content\/uploads\/Tezcan-Usta-150x150.png 150w, https:\/\/www.onlinemarangoz.com.tr\/Beykoz\/wp-content\/uploads\/Tezcan-Usta-300x300.png 300w, https:\/\/www.onlinemarangoz.com.tr\/Beykoz\/wp-content\/uploads\/Tezcan-Usta-90x90.png 90w, https:\/\/www.onlinemarangoz.com.tr\/Beykoz\/wp-content\/uploads\/Tezcan-Usta.png 512w\" sizes=\"(max-width: 120px) 100vw, 120px\" \/><\/a><\/p>\n<p style=\"text-align: center;\"><a href=\"https:\/\/wa.me\/+905548581312\" target=\"_blank\" rel=\"noopener\"><span style=\"color: #ff0000;\"><strong><span style=\"font-size: 18pt;\">0554 858 1312<\/span><\/strong><\/span><\/a><\/p>\n<p style=\"text-align: center;\"><a href=\"https:\/\/wa.me\/+905548581312\" target=\"_blank\" rel=\"noopener\"><span style=\"color: #ff0000;\"><strong><span style=\"font-size: 18pt;\">Whatsapp Hemen T\u0131kla Mesaj At<\/span><\/strong><\/span><\/a><\/p>\n<\/td>\n<td style=\"width: 50%;\">\n<p style=\"text-align: center;\"><a href=\"tel:\/\/+905548581312\" target=\"_blank\" rel=\"noopener\"><img loading=\"lazy\" decoding=\"async\" class=\"alignleft wp-image-483 size-full\" title=\"Tezcan Usta Telefon Hemen T\u0131kla Ara\" src=\"https:\/\/www.onlinemarangoz.com.tr\/Beykoz\/wp-content\/uploads\/Beykoz-Mobilya-Montaj-Telefon.jpg\" alt=\"Tezcan Usta Telefon Hemen T\u0131kla Ara\" width=\"120\" height=\"120\" srcset=\"https:\/\/www.onlinemarangoz.com.tr\/Beykoz\/wp-content\/uploads\/Beykoz-Mobilya-Montaj-Telefon.jpg 120w, https:\/\/www.onlinemarangoz.com.tr\/Beykoz\/wp-content\/uploads\/Beykoz-Mobilya-Montaj-Telefon-90x90.jpg 90w\" sizes=\"(max-width: 120px) 100vw, 120px\" \/><\/a><a href=\"tel:\/\/+905548581312\" target=\"_blank\" rel=\"noopener\"><span style=\"color: #0000ff;\"><strong><span style=\"font-size: 18pt;\">0554 858 1312<\/span><\/strong><\/span><\/a><\/p>\n<p style=\"text-align: center;\"><a href=\"tel:\/\/+905548581312\" target=\"_blank\" rel=\"noopener\"><span style=\"color: #0000ff;\"><strong><span style=\"font-size: 18pt;\">Telefon Hemen T\u0131kla Ara<\/span><\/strong><\/span><\/a><\/p>\n<\/td>\n<\/tr>\n<\/tbody>\n<\/table>\n\n\n<div class=\"kk-star-ratings kksr-auto kksr-align-left kksr-valign-bottom\"\n    data-payload='{&quot;align&quot;:&quot;left&quot;,&quot;id&quot;:&quot;481&quot;,&quot;slug&quot;:&quot;default&quot;,&quot;valign&quot;:&quot;bottom&quot;,&quot;ignore&quot;:&quot;&quot;,&quot;reference&quot;:&quot;auto&quot;,&quot;class&quot;:&quot;&quot;,&quot;count&quot;:&quot;4&quot;,&quot;legendonly&quot;:&quot;&quot;,&quot;readonly&quot;:&quot;&quot;,&quot;score&quot;:&quot;5&quot;,&quot;starsonly&quot;:&quot;&quot;,&quot;best&quot;:&quot;5&quot;,&quot;gap&quot;:&quot;5&quot;,&quot;greet&quot;:&quot;Beykoz Marangoz\u2b50&quot;,&quot;legend&quot;:&quot;Beykoz Marangoz Ustas\u0131 \u2b50 4&quot;,&quot;size&quot;:&quot;24&quot;,&quot;title&quot;:&quot;Beykoz Mobilya Montaj&quot;,&quot;width&quot;:&quot;142.5&quot;,&quot;_legend&quot;:&quot;Beykoz Marangoz Ustas\u0131 \u2b50 {count}&quot;,&quot;font_factor&quot;:&quot;1.25&quot;}'>\n            \n<div class=\"kksr-stars\">\n    \n<div class=\"kksr-stars-inactive\">\n            <div class=\"kksr-star\" data-star=\"1\" style=\"padding-right: 5px\">\n            \n\n<div class=\"kksr-icon\" style=\"width: 24px; height: 24px;\"><\/div>\n        <\/div>\n            <div class=\"kksr-star\" data-star=\"2\" style=\"padding-right: 5px\">\n            \n\n<div class=\"kksr-icon\" style=\"width: 24px; height: 24px;\"><\/div>\n        <\/div>\n            <div class=\"kksr-star\" data-star=\"3\" style=\"padding-right: 5px\">\n            \n\n<div class=\"kksr-icon\" style=\"width: 24px; height: 24px;\"><\/div>\n        <\/div>\n            <div class=\"kksr-star\" data-star=\"4\" style=\"padding-right: 5px\">\n            \n\n<div class=\"kksr-icon\" style=\"width: 24px; height: 24px;\"><\/div>\n        <\/div>\n            <div class=\"kksr-star\" data-star=\"5\" style=\"padding-right: 5px\">\n            \n\n<div class=\"kksr-icon\" style=\"width: 24px; height: 24px;\"><\/div>\n        <\/div>\n    <\/div>\n    \n<div class=\"kksr-stars-active\" style=\"width: 142.5px;\">\n            <div class=\"kksr-star\" style=\"padding-right: 5px\">\n            \n\n<div class=\"kksr-icon\" style=\"width: 24px; height: 24px;\"><\/div>\n        <\/div>\n            <div class=\"kksr-star\" style=\"padding-right: 5px\">\n            \n\n<div class=\"kksr-icon\" style=\"width: 24px; height: 24px;\"><\/div>\n        <\/div>\n            <div class=\"kksr-star\" style=\"padding-right: 5px\">\n            \n\n<div class=\"kksr-icon\" style=\"width: 24px; height: 24px;\"><\/div>\n        <\/div>\n            <div class=\"kksr-star\" style=\"padding-right: 5px\">\n            \n\n<div class=\"kksr-icon\" style=\"width: 24px; height: 24px;\"><\/div>\n        <\/div>\n            <div class=\"kksr-star\" style=\"padding-right: 5px\">\n            \n\n<div class=\"kksr-icon\" style=\"width: 24px; height: 24px;\"><\/div>\n        <\/div>\n    <\/div>\n<\/div>\n                \n\n<div class=\"kksr-legend\" style=\"font-size: 19.2px;\">\n            Beykoz Marangoz Ustas\u0131 \u2b50 4    <\/div>\n    <\/div>\n","protected":false},"excerpt":{"rendered":"<p>Beykoz Mobilya Montaj (( Mobilya Montaj Telefon 0554 858 1312 )) \u0130stanbul Anadolu Yakas\u0131 Beykoz Mobilya Montaj&#8221; mekan\u0131n\u0131z\u0131 g\u00fczelle\u015ftirecek mobilya montaj hizmetleri i\u00e7in ba\u015fvuraca\u011f\u0131n\u0131z merkezdir. Sorunsuz bir \u015fekilde yeni bir yere ta\u015f\u0131nman\u0131za yard\u0131mc\u0131 olacak \u00fcst\u00fcn hizmetlere sahibiz. Beykoz Mobilya Montaj, ile ilgili say\u0131s\u0131z di\u011fer unsurlar\u0131 bir arada y\u00fcr\u00fct\u00fcrken, mobilya montaj\u0131 ve demontaj\u0131 konusunda profesyonel bir ele mi ihtiyac\u0131n\u0131z var? Araman\u0131z sonu\u00e7land\u0131. Beykoz Mobilya Montaj, hizmeti size rahatl\u0131k sa\u011flar ve mekan\u0131n ev hissi vermesini sa\u011flar. Mobilya, bireyselli\u011fi ifade etmemize olanak tan\u0131yan uyku, rahatlama ve depolama i\u00e7in hayati \u00f6neme sahiptir. Beykoz Mobilya Montaj Servisi, olarak, mobilyalar\u0131n\u0131z\u0131 sa\u011flam tutman\u0131n \u00f6nemini vurguluyor ve do\u011fru \u015fekilde s\u00f6k\u00fcl\u00fcp monte edilmesini sa\u011flayarak azami \u00e7aba g\u00f6steriyoruz. Mobilyalar\u0131n\u0131z\u0131n tek ba\u015f\u0131n\u0131za hareket edemeyecek kadar b\u00fcy\u00fck oldu\u011funu fark etmek i\u00e7in son saniyeye kadar beklemeyin ya da b\u00fcy\u00fck yatak ba\u015fl\u0131\u011f\u0131n\u0131zla kendinizi y\u0131prat\u0131c\u0131 bir y\u00fczle\u015fmeye sokma riskini almay\u0131n. Beykoz Mobilya Montaj, b\u00f6ylece ta\u015f\u0131nman\u0131z\u0131n m\u00fcmk\u00fcn oldu\u011funca sorunsuz ve stressiz ilerleyece\u011finden emin olabilirsiniz. Ta\u015f\u0131ma s\u0131ras\u0131nda a\u011f\u0131r mobilyalar\u0131n kald\u0131r\u0131lmas\u0131 veya e\u015fyalar\u0131n\u0131z\u0131n g\u00fcvenli\u011fi konusunda endi\u015felenmenize gerek kalmayacak. Profesyonel mobilya montaj ve demontaj hizmetlerimizle tek yapman\u0131z gereken arkan\u0131za yaslan\u0131p rahatlamak b\u0131rak\u0131n t\u00fcm zorlu i\u015fleri sizin i\u00e7in biz halledelim. Beykoz Mobilya Montaj Beykoz Mobilya Montaj&#8221; Beykoz Mobilya Dolap Montaj&#8221; Beykoz Mobilya Gard\u0131rop Montaj&#8221; Beykoz Yatak Odas\u0131 Mobilya Dolap Montaj&#8221; Pazartesi&#8217;den \u00c7umartesi&#8217; ne&#8217; Sabah 09:00 \u2013 Ak\u015fam 20:00 ve Cumartesi sabah 09:00 &#8211; 19:00 saatleri aras\u0131nda&#8221; Mobilya Montaj&#8221; Mobilya Dolap Montaj&#8221; Mobilya Gard\u0131rop Montaj&#8221; Beykoz Mobilya Montaj Telefon&#8221; 0554 858 1312&#8221; numaral\u0131 telefondan bize ula\u015fabilir WhatsApp arac\u0131l\u0131\u011f\u0131yla do\u011frudan mesaj g\u00f6nderebilirsiniz. her a\u015famada m\u00fc\u015fterilere e\u015flik ederek maksimum memnuniyeti garanti eden benzersiz bir Mobilya Montaj&#8221; hizmetleri sunmaktay\u0131z. Beykoz Mobilya Dolap Montaj Beykoz Mobilya Dolap Montaj&#8217; Diledi\u011finiz zaman hizmetlerimize g\u00fcvenebilirsiniz. Yard\u0131m\u0131m\u0131za g\u00fcn\u00fcn hangi saatinde ihtiyac\u0131n\u0131z olursa olsun, ihtiyac\u0131n\u0131z olan hizmetleri mutlaka sa\u011flayaca\u011f\u0131z. \u0130htiya\u00e7lar\u0131n\u0131z\u0131 birbiri ard\u0131na kar\u015f\u0131lad\u0131\u011f\u0131m\u0131z i\u00e7in Mobilya Dolap Montaj, stres hissetmeyece\u011finizi garanti ediyoruz. Sizlere b\u00fcy\u00fck bir memnuniyet ve rahatl\u0131k sunmay\u0131 hedefliyoruz, bu nedenle her projemizde elimizden gelenin en iyisini yap\u0131yoruz. Beykoz Mobilya Dolap Montaj&#8221; M\u00fc\u015fterilerimize m\u00fckemmel m\u00fc\u015fteri hizmetlerimizi, deneyimli ekibimizin yard\u0131m\u0131yla sevimli bir \u015fekilde sunmaktan mutluluk duyuyoruz. Beykoz Dolap Montaj\u0131&#8221; Beykoz Mobilya Dolap Montaj&#8221; Beykoz Mobilya Dolap Gard\u0131rop Montaj&#8221; Beykoz Yatak Odas\u0131 Dolap Montaj\u0131&#8221; Pazartesi&#8217;den \u00c7umartesi&#8217; ne&#8217; Sabah 09:00 \u2013 Ak\u015fam 20:00 ve Cumartesi&#8230; <a class=\"di-continue-reading\" href=\"https:\/\/www.onlinemarangoz.com.tr\/Beykoz\/beykoz-mobilya-montaj\/\"> Continue Reading&#8230;<\/a><\/p>\n","protected":false},"author":1,"featured_media":0,"parent":0,"menu_order":4000,"comment_status":"closed","ping_status":"open","template":"","meta":{"footnotes":""},"categories":[1],"tags":[603,604,602,606,605,607],"class_list":["post-481","page","type-page","status-publish","hentry","category-beykoz-mobilya-tamir-bakim-montaj-servisi","tag-beykoz-mobilya-dolap-montaj","tag-beykoz-mobilya-gardirop-montaj","tag-beykoz-mobilya-montaj","tag-beykoz-mobilya-montaj-iletisim","tag-beykoz-mobilya-montaj-telefon","tag-beykoz-yatak-odasi-mobilya-dolap-montaj"],"_links":{"self":[{"href":"https:\/\/www.onlinemarangoz.com.tr\/Beykoz\/wp-json\/wp\/v2\/pages\/481","targetHints":{"allow":["GET"]}}],"collection":[{"href":"https:\/\/www.onlinemarangoz.com.tr\/Beykoz\/wp-json\/wp\/v2\/pages"}],"about":[{"href":"https:\/\/www.onlinemarangoz.com.tr\/Beykoz\/wp-json\/wp\/v2\/types\/page"}],"author":[{"embeddable":true,"href":"https:\/\/www.onlinemarangoz.com.tr\/Beykoz\/wp-json\/wp\/v2\/users\/1"}],"replies":[{"embeddable":true,"href":"https:\/\/www.onlinemarangoz.com.tr\/Beykoz\/wp-json\/wp\/v2\/comments?post=481"}],"version-history":[{"count":0,"href":"https:\/\/www.onlinemarangoz.com.tr\/Beykoz\/wp-json\/wp\/v2\/pages\/481\/revisions"}],"wp:attachment":[{"href":"https:\/\/www.onlinemarangoz.com.tr\/Beykoz\/wp-json\/wp\/v2\/media?parent=481"}],"wp:term":[{"taxonomy":"category","embeddable":true,"href":"https:\/\/www.onlinemarangoz.com.tr\/Beykoz\/wp-json\/wp\/v2\/categories?post=481"},{"taxonomy":"post_tag","embeddable":true,"href":"https:\/\/www.onlinemarangoz.com.tr\/Beykoz\/wp-json\/wp\/v2\/tags?post=481"}],"curies":[{"name":"wp","href":"https:\/\/api.w.org\/{rel}","templated":true}]}}