{"id":617,"date":"2024-04-25T23:28:26","date_gmt":"2024-04-25T20:28:26","guid":{"rendered":"https:\/\/www.onlinemarangoz.com.tr\/Beykoz\/?page_id=617"},"modified":"2024-04-25T23:45:41","modified_gmt":"2024-04-25T20:45:41","slug":"beykoz-sandalye-tamiri","status":"publish","type":"page","link":"https:\/\/www.onlinemarangoz.com.tr\/Beykoz\/beykoz-sandalye-tamiri\/","title":{"rendered":"Beykoz Sandalye Tamiri"},"content":{"rendered":"<p>Beykoz Sandalye Tamiri ; Sandalye Tamircisi Telefon : 0554 858 13 12 \u0130stanbul Anadolu Yakas\u0131 Beykoz Sandalye Tamiri, Sandalye Tamir Servisi&#8221; G\u0131c\u0131rdayan Sandalye Tamiri&#8221; K\u0131r\u0131k Sandalye Tamir Edilir&#8221; K\u0131r\u0131k Sandalye Aya\u011f\u0131 Tamiri&#8221; Ah\u015fap Sandalye Tamiri Yap\u0131l\u0131r.<\/p>\n<figure id=\"attachment_618\" aria-describedby=\"caption-attachment-618\" style=\"width: 500px\" class=\"wp-caption alignright\"><img fetchpriority=\"high\" decoding=\"async\" class=\"size-full wp-image-618\" src=\"https:\/\/www.onlinemarangoz.com.tr\/Beykoz\/wp-content\/uploads\/Beykoz-Sandalye-Tamir-Servisi.jpg\" alt=\"Beykoz Sandalye Tamiri\" width=\"500\" height=\"250\" srcset=\"https:\/\/www.onlinemarangoz.com.tr\/Beykoz\/wp-content\/uploads\/Beykoz-Sandalye-Tamir-Servisi.jpg 500w, https:\/\/www.onlinemarangoz.com.tr\/Beykoz\/wp-content\/uploads\/Beykoz-Sandalye-Tamir-Servisi-300x150.jpg 300w\" sizes=\"(max-width: 500px) 100vw, 500px\" \/><figcaption id=\"caption-attachment-618\" class=\"wp-caption-text\">Beykoz Sandalye Tamiri<\/figcaption><\/figure>\n<h2>Beykoz Sandalye Tamiri<\/h2>\n<p style=\"text-align: center;\">Beykoz Sandalye Tamiri ; T\u00fcm ah\u015fap mobilyalar gibi, ah\u015fap sandalyeler de, \u00f6zellikle g\u00fcnl\u00fck olarak kullan\u0131lan sandalyelerde, genel a\u015f\u0131nmaya kar\u015f\u0131 hassast\u0131r. Sandalyedeki a\u015f\u0131nma ve y\u0131pranma, ah\u015fap sandalyelerin kot\u00fc g\u00f6r\u00fcnmesine neden olabilir. Beykoz Sandalye Tamiri&#8221; profesyonelleri, ah\u015fap sandalye restorasyonu hizmetlerimizle y\u0131pranm\u0131\u015f sandalyelerinize yeniden hayat verebilir. Sandalyenin orijinal eski haline getirebiliriz. Ah\u015fap sandalyelerinizde ufak y\u00fczey hasar\u0131 veya belirli k\u0131s\u0131mlar\u0131nda hasar varsa de\u011fi\u015ftirmeye gerek yoktur. Beykoz Sandalye Tamiri&#8221; ustalar k\u00fc\u00e7\u00fck y\u00fczey hasarlar\u0131n\u0131 ve k\u0131r\u0131k par\u00e7alar\u0131 onarabilir, b\u00f6ylece en sevdi\u011finiz yemek odas\u0131 tak\u0131m\u0131n\u0131 veya sallanan sandalyeyi kullanmaya devam edebilirsiniz. <span style=\"color: #ff0000; font-size: 14pt;\"><strong><a style=\"color: #ff0000;\" href=\"https:\/\/www.onlinemarangoz.com.tr\/sandalye-tamiri\/\" target=\"_blank\" rel=\"noopener\">Beykoz Sandalye Tamiri<\/a><\/strong><\/span> &#8221; Pazartesi&#8217;den Cumartesi&#8217;ye 09 : 00 \u2013 20 : 00 saatleri aras\u0131nda Yard\u0131ma ihtiyac\u0131n\u0131z olursa herhangi bir sorunuz varsa bize Whatsapp 0554 858 1312 arac\u0131l\u0131\u011f\u0131yla veya 0554 858 1312 numaral\u0131 telefondan {{ Beykoz Sandalye Tamiri }} ihtiya\u00e7lar\u0131n\u0131z i\u00e7in bizi aray\u0131n.<img decoding=\"async\" class=\"alignleft wp-image-48\" src=\"https:\/\/www.onlinemarangoz.com.tr\/Beykoz\/wp-content\/uploads\/Beykoz-Kirik-Sandalye-Tamircisi.jpg\" alt=\"\" width=\"200\" height=\"200\" srcset=\"https:\/\/www.onlinemarangoz.com.tr\/Beykoz\/wp-content\/uploads\/Beykoz-Kirik-Sandalye-Tamircisi.jpg 300w, https:\/\/www.onlinemarangoz.com.tr\/Beykoz\/wp-content\/uploads\/Beykoz-Kirik-Sandalye-Tamircisi-150x150.jpg 150w, https:\/\/www.onlinemarangoz.com.tr\/Beykoz\/wp-content\/uploads\/Beykoz-Kirik-Sandalye-Tamircisi-90x90.jpg 90w\" sizes=\"(max-width: 200px) 100vw, 200px\" \/><\/p>\n<h3>Beykoz Sandalye Tamir Servisi<\/h3>\n<p style=\"text-align: center;\">Beykoz Sandalye Tamir Servisi ; Sandalyeler, \u00e7ok a\u015f\u0131nma ve y\u0131pranmaya maruz kalan ve g\u00fc\u00e7l\u00fc strese maruz kalan mobilyalar maras\u0131nda yer almaktad\u0131r. Onar\u0131m hizmetlerimiz, profesyonel \u00fcr\u00fcn performans kontrolleri ve orijinal ve sertifikal\u0131 yedek par\u00e7alarla sandalye, ilk g\u00fcnk\u00fc durumuna getirilmesini kapsamaktad\u0131r. her t\u00fcrl\u00fc ah\u015fap k\u0131rk sandalyeyi yeniliyoruz ayr\u0131\u00e7a geri kazan\u0131lmas\u0131n\u0131 sa\u011fl\u0131yoruz. Ancak sandalyeyi orijinal durumuna d\u00f6nd\u00fcrmeye \u00e7al\u0131\u015fman\u0131n yan\u0131 s\u0131ra i\u015flevselli\u011fini de geli\u015ftirmeye \u00e7al\u0131\u015f\u0131yoruz. Ar\u0131zal\u0131 veya k\u0131r\u0131k par\u00e7alar\u0131 daha iyi performans g\u00f6steren yedek par\u00e7alarla de\u011fi\u015ftiriyoruz Beykoz Sandalye Tamir Servisi &#8221; Pazartesi&#8217;den Cumartesi&#8217;ye 09 : 00 \u2013 20 : 00 saatleri aras\u0131nda Yard\u0131ma ihtiyac\u0131n\u0131z olursa herhangi bir sorunuz varsa bize Whatsapp 0554 858 1312 arac\u0131l\u0131\u011f\u0131yla veya 0554 858 1312 numaral\u0131 telefondan {{ <span style=\"color: #3366ff;\"><strong><span style=\"font-size: 14pt;\"><a style=\"color: #3366ff;\" href=\"https:\/\/www.onlinemarangoz.com.tr\/Beykoz\/beykoz-sandalye-tamiri\/\" target=\"_blank\" rel=\"noopener\">Beykoz Sandalye Tamir Servisi<\/a><\/span><\/strong><\/span> }} ihtiya\u00e7lar\u0131n\u0131z i\u00e7in bizi aray\u0131n size m\u00fcmk\u00fcn olan en iyi \u00e7\u00f6z\u00fcm\u00fc sunmaya haz\u0131r\u0131z.<\/p>\n<h4>Beykoz K\u0131r\u0131k Sandalye Aya\u011f\u0131 Tamiri<\/h4>\n<p style=\"text-align: center;\">Beykoz K\u0131r\u0131k Sandalye Aya\u011f\u0131 Tamiri &#8221; Pazartesi&#8217;den Cumartesi&#8217;ye 09 : 00 \u2013 20 : 00 saatleri aras\u0131nda Yard\u0131ma ihtiyac\u0131n\u0131z olursa herhangi bir sorunuz varsa bize Whatsapp 0554 858 1312 arac\u0131l\u0131\u011f\u0131yla veya 0554 858 1312 numaral\u0131 telefondan (( Beykoz K\u0131r\u0131k Sandalye Aya\u011f\u0131 Tamiri )) ihtiya\u00e7lar\u0131n\u0131z i\u00e7in bizi aray\u0131n.<\/p>\n<table style=\"border-collapse: collapse; width: 100%;\">\n<tbody>\n<tr>\n<td>\n<h5>Beykoz K\u0131r\u0131k Sandalye Aya\u011f\u0131 Tamiri<\/h5>\n<p style=\"text-align: center;\">Beykoz K\u0131r\u0131k Sandalye Aya\u011f\u0131 Tamiri &#8221; Pazartesi&#8217;den Cumartesi&#8217;ye 09 : 00 \u2013 20 : 00 saatleri aras\u0131nda Yard\u0131ma ihtiyac\u0131n\u0131z olursa herhangi bir sorunuz varsa bize Whatsapp 0554 858 1312 arac\u0131l\u0131\u011f\u0131yla veya 0554 858 1312 numaral\u0131 telefondan (( <span style=\"font-size: 12pt; color: #008000;\"><a style=\"color: #008000;\" href=\"https:\/\/www.onlinemarangoz.com.tr\/Beykoz\/\" target=\"_blank\" rel=\"noopener\"><strong>Beykoz K\u0131r\u0131k Sandalye Aya\u011f\u0131 Tamiri<\/strong><\/a><\/span> )) ihtiya\u00e7lar\u0131n\u0131z i\u00e7in bizi aray\u0131n.<\/p>\n<\/td>\n<td style=\"width: 50%;\">\n<h6>Beykoz Ah\u015fap Sandalye Tamiri Yap\u0131l\u0131r<\/h6>\n<p style=\"text-align: center;\">Beykoz Ah\u015fap Sandalye Tamiri Yap\u0131l\u0131r ; &#8221; Pazartesi&#8217;den Cumartesi&#8217;ye 09 : 00 \u2013 20 : 00 saatleri aras\u0131nda Yard\u0131ma ihtiyac\u0131n\u0131z olursa herhangi bir sorunuz varsa bize Whatsapp 0554 858 1312 arac\u0131l\u0131\u011f\u0131yla veya 0554 858 1312 numaral\u0131 telefondan {{ Beykoz Ah\u015fap Sandalye Tamiri Yap\u0131l\u0131r }} size en iyi \u00e7\u00f6z\u00fcm\u00fc sunmaya haz\u0131r\u0131z. Beykoz K\u0131r\u0131k Sandalye Tamir Edilir, Bizi Aray\u0131n.<\/p>\n<\/td>\n<\/tr>\n<\/tbody>\n<\/table>\n<h3>Beykoz G\u0131c\u0131rdayan Sandalye Tamiri<\/h3>\n<p style=\"text-align: center;\"><img decoding=\"async\" class=\"alignright wp-image-49\" src=\"https:\/\/www.onlinemarangoz.com.tr\/Beykoz\/wp-content\/uploads\/Beykoz-Sallanan-Sandalye-Tamircisi.jpg\" alt=\"\" width=\"250\" height=\"250\" srcset=\"https:\/\/www.onlinemarangoz.com.tr\/Beykoz\/wp-content\/uploads\/Beykoz-Sallanan-Sandalye-Tamircisi.jpg 300w, https:\/\/www.onlinemarangoz.com.tr\/Beykoz\/wp-content\/uploads\/Beykoz-Sallanan-Sandalye-Tamircisi-150x150.jpg 150w, https:\/\/www.onlinemarangoz.com.tr\/Beykoz\/wp-content\/uploads\/Beykoz-Sallanan-Sandalye-Tamircisi-90x90.jpg 90w\" sizes=\"(max-width: 250px) 100vw, 250px\" \/>\u00a0Beykoz G\u0131c\u0131rdayan Sandalye Tamiri ; bak\u0131mlar\u0131 iyi yap\u0131lm\u0131\u015f olsa bile \u00f6m\u00fcrlerinin bir noktas\u0131nda sorun \u00e7\u0131karabilir. Bu durum \u00fcr\u00fcn garantisinin s\u00fcresi doldu\u011funda meydana gelirse, olas\u0131 bir de\u011fi\u015ftirmeyi d\u00fc\u015f\u00fcnmeden \u00f6nce, G\u0131c\u0131rdayan Sandalye Tamiri onar\u0131m\u0131n oldu\u011funu g\u00f6z \u00f6n\u00fcnde bulundurun! \u0130yi yap\u0131lm\u0131\u015f bir G\u0131c\u0131rdayan Sandalye Tamiri onar\u0131m, Sandalye uzun s\u00fcre kullanman\u0131za, paradan tasarruf etmenize ve iyi bildi\u011fimiz bir Sandalye kullanmaya devam etmenize olanak tan\u0131r. Beykoz G\u0131c\u0131rdayan Sandalye Tamiri ; &#8221; Pazartesi&#8217;den Cumartesi&#8217;ye 09 : 00 \u2013 20 : 00 saatleri aras\u0131nda Yard\u0131ma ihtiyac\u0131n\u0131z olursa herhangi bir sorunuz varsa bize Whatsapp 0554 858 1312 arac\u0131l\u0131\u011f\u0131yla veya 0554 858 1312 numaral\u0131 telefondan {{ Beykoz G\u0131c\u0131rdayan Sandalye Tamiri }} ihtiya\u00e7lar\u0131n\u0131z i\u00e7in sizlere en iyi hizmeti ekonomik maliyetle sunuyoruz. Beykoz G\u0131c\u0131rdayan Sandalye Tamiri, i\u00e7in bizi aray\u0131n.<\/p>\n<table style=\"border-collapse: collapse; width: 100%;\">\n<tbody>\n<tr>\n<td style=\"width: 50%;\">\n<h3 class=\"western\" align=\"CENTER\"><strong><span style=\"font-size: large;\"><b>Beykoz Sandalye Tamiri Hakk\u0131m\u0131zda WHATSAPP \u00dczerinden Bize Ula\u015f\u0131n.<\/strong><\/h3>\n<p align=\"CENTER\">Bizimle Whatsapp arac\u0131l\u0131\u011f\u0131yla ileti\u015fime ge\u00e7meyi tercih ederseniz a\u015fa\u011f\u0131daki<\/p>\n<p align=\"CENTER\"><strong><span style=\"font-size: x-large;\"><a href=\"https:\/\/wa.me\/+905548581312\" target=\"_blank\" rel=\"noopener\">554 858 1312<\/a> <\/span><\/strong> t\u0131klay\u0131n mesaj at\u0131n;<\/p>\n<\/td>\n<td style=\"width: 50%;\">\n<h4 class=\"western\" align=\"CENTER\"><strong><span style=\"font-size: large;\"><b>Beykoz Sandalye Tamiri Telefon \u00dczerinden Bize Ula\u015f\u0131n.<\/strong><\/h4>\n<p align=\"CENTER\">Bizimle Telefon arac\u0131l\u0131\u011f\u0131yla ileti\u015fime ge\u00e7meyi tercih ederseniz a\u015fa\u011f\u0131daki<\/p>\n<p align=\"CENTER\"><strong><span style=\"font-size: x-large;\"><a href=\"tel:\/\/+905548581312\" target=\"_blank\" rel=\"noopener\">0554 858 1312<\/a> <\/span><\/strong> t\u0131klay\u0131n aray\u0131n;<\/p>\n<\/td>\n<\/tr>\n<\/tbody>\n<\/table>\n<p style=\"text-align: center;\">\u0130stanbul Anadfolu Yakas\u0131 Beykoz semtinde ve ayr\u0131ca \u00e7evre b\u00f6lgelerde eksiksiz Sandalye tamir montaj hizmeti yard\u0131m\u0131 sunuyoruz. 0554 858 1312. numaram\u0131zdan bize ula\u015f\u0131n.<\/p>\n<p><strong><em><marquee onmouseover=\"this.stop()\" onmouseout=\"this.start()\"width=\"1000\" height=\"30\" direction=\"horizontal\" scrollamount=\"3\"scrolldelay=\"40\" loop=\"99999\">\u25c4 Tezcan Usta Beykoz Sandalye Tamircisi 0554 858 1312 \u25b7 Beykoz Sandalye Tamiri \u25b7 Beykoz Sandalye Tamir Servisi \u25b7 Beykoz G\u0131c\u0131rdayan Sandalye Tamiri \u25b7 Beykoz K\u0131r\u0131k Sandalye Tamir Edilir \u25b7 Beykoz K\u0131r\u0131k Sandalye Aya\u011f\u0131 Tamiri \u25b7 Beykoz Ah\u015fap Sandalye Tamiri Yap\u0131l\u0131r \u25b7 Beykoz Sandalye Tamiri \u25b7 Beykoz K\u0131r\u0131k Sandalye Tamiri \u25b7 Beykoz Ah\u015fap Sandalye Tamiri \u25b7 Beykoz Tahta Sandalye Tamiri \u25b7 Beykoz Sandalye Tamir Servisi \u25b7 Beykoz K\u0131r\u0131k Sandalye Ayag\u0131 Tamiri \u25b7 Beykoz Sandalye Tamircisi \u25b7 Beykoz Sallanan Sandalye Tamiri \u25b7 Beykoz Sallanan K\u0131r\u0131k Sandalye Tamiri \u25b7 Beykoz Oturma odas\u0131 sandalyelerinin onar\u0131m\u0131 \u25b7 Beykoz Sallanan Sandalye Tamircisi \u25b7 Beykoz Sandalye Tamir Servisi \u25b7 Sallanan K\u0131r\u0131k Sandalye Tamiri\u25c4 Ah\u015fap Sandalye Tamiri \u25b7 Ah\u015fap K\u0131r\u0131k Sandalye Tamiri \u25b7 K\u0131r\u0131k Sandalye Tamircisi \u25b7 Beykoz K\u0131r\u0131k Sandalye Aya\u011f\u0131 Tamiri \u25b7 Beykoz Sallanan K\u0131r\u0131k Sandalye Tamiri \u25b7 Sallanan Ah\u015fap K\u0131r\u0131k Sandalye Tamiri \u25b7 Masif Sandalye Tamiri \u25b7<\/marquee><\/em><\/strong><\/p>\n\n\n<div class=\"kk-star-ratings kksr-auto kksr-align-left kksr-valign-bottom\"\n    data-payload='{&quot;align&quot;:&quot;left&quot;,&quot;id&quot;:&quot;617&quot;,&quot;slug&quot;:&quot;default&quot;,&quot;valign&quot;:&quot;bottom&quot;,&quot;ignore&quot;:&quot;&quot;,&quot;reference&quot;:&quot;auto&quot;,&quot;class&quot;:&quot;&quot;,&quot;count&quot;:&quot;1&quot;,&quot;legendonly&quot;:&quot;&quot;,&quot;readonly&quot;:&quot;&quot;,&quot;score&quot;:&quot;5&quot;,&quot;starsonly&quot;:&quot;&quot;,&quot;best&quot;:&quot;5&quot;,&quot;gap&quot;:&quot;5&quot;,&quot;greet&quot;:&quot;Beykoz Marangoz\u2b50&quot;,&quot;legend&quot;:&quot;Beykoz Marangoz Ustas\u0131 \u2b50 1&quot;,&quot;size&quot;:&quot;24&quot;,&quot;title&quot;:&quot;Beykoz Sandalye Tamiri&quot;,&quot;width&quot;:&quot;142.5&quot;,&quot;_legend&quot;:&quot;Beykoz Marangoz Ustas\u0131 \u2b50 {count}&quot;,&quot;font_factor&quot;:&quot;1.25&quot;}'>\n            \n<div class=\"kksr-stars\">\n    \n<div class=\"kksr-stars-inactive\">\n            <div class=\"kksr-star\" data-star=\"1\" style=\"padding-right: 5px\">\n            \n\n<div class=\"kksr-icon\" style=\"width: 24px; height: 24px;\"><\/div>\n        <\/div>\n            <div class=\"kksr-star\" data-star=\"2\" style=\"padding-right: 5px\">\n            \n\n<div class=\"kksr-icon\" style=\"width: 24px; height: 24px;\"><\/div>\n        <\/div>\n            <div class=\"kksr-star\" data-star=\"3\" style=\"padding-right: 5px\">\n            \n\n<div class=\"kksr-icon\" style=\"width: 24px; height: 24px;\"><\/div>\n        <\/div>\n            <div class=\"kksr-star\" data-star=\"4\" style=\"padding-right: 5px\">\n            \n\n<div class=\"kksr-icon\" style=\"width: 24px; height: 24px;\"><\/div>\n        <\/div>\n            <div class=\"kksr-star\" data-star=\"5\" style=\"padding-right: 5px\">\n            \n\n<div class=\"kksr-icon\" style=\"width: 24px; height: 24px;\"><\/div>\n        <\/div>\n    <\/div>\n    \n<div class=\"kksr-stars-active\" style=\"width: 142.5px;\">\n            <div class=\"kksr-star\" style=\"padding-right: 5px\">\n            \n\n<div class=\"kksr-icon\" style=\"width: 24px; height: 24px;\"><\/div>\n        <\/div>\n            <div class=\"kksr-star\" style=\"padding-right: 5px\">\n            \n\n<div class=\"kksr-icon\" style=\"width: 24px; height: 24px;\"><\/div>\n        <\/div>\n            <div class=\"kksr-star\" style=\"padding-right: 5px\">\n            \n\n<div class=\"kksr-icon\" style=\"width: 24px; height: 24px;\"><\/div>\n        <\/div>\n            <div class=\"kksr-star\" style=\"padding-right: 5px\">\n            \n\n<div class=\"kksr-icon\" style=\"width: 24px; height: 24px;\"><\/div>\n        <\/div>\n            <div class=\"kksr-star\" style=\"padding-right: 5px\">\n            \n\n<div class=\"kksr-icon\" style=\"width: 24px; height: 24px;\"><\/div>\n        <\/div>\n    <\/div>\n<\/div>\n                \n\n<div class=\"kksr-legend\" style=\"font-size: 19.2px;\">\n            Beykoz Marangoz Ustas\u0131 \u2b50 1    <\/div>\n    <\/div>\n","protected":false},"excerpt":{"rendered":"<p>Beykoz Sandalye Tamiri ; Sandalye Tamircisi Telefon : 0554 858 13 12 \u0130stanbul Anadolu Yakas\u0131 Beykoz Sandalye Tamiri, Sandalye Tamir Servisi&#8221; G\u0131c\u0131rdayan Sandalye Tamiri&#8221; K\u0131r\u0131k Sandalye Tamir Edilir&#8221; K\u0131r\u0131k Sandalye Aya\u011f\u0131 Tamiri&#8221; Ah\u015fap Sandalye Tamiri Yap\u0131l\u0131r. Beykoz Sandalye Tamiri Beykoz Sandalye Tamiri ; T\u00fcm ah\u015fap mobilyalar gibi, ah\u015fap sandalyeler de, \u00f6zellikle g\u00fcnl\u00fck olarak kullan\u0131lan sandalyelerde, genel a\u015f\u0131nmaya kar\u015f\u0131 hassast\u0131r. Sandalyedeki a\u015f\u0131nma ve y\u0131pranma, ah\u015fap sandalyelerin kot\u00fc g\u00f6r\u00fcnmesine neden olabilir. Beykoz Sandalye Tamiri&#8221; profesyonelleri, ah\u015fap sandalye restorasyonu hizmetlerimizle y\u0131pranm\u0131\u015f sandalyelerinize yeniden hayat verebilir. Sandalyenin orijinal eski haline getirebiliriz. Ah\u015fap sandalyelerinizde ufak y\u00fczey hasar\u0131 veya belirli k\u0131s\u0131mlar\u0131nda hasar varsa de\u011fi\u015ftirmeye gerek yoktur. Beykoz Sandalye Tamiri&#8221; ustalar k\u00fc\u00e7\u00fck y\u00fczey hasarlar\u0131n\u0131 ve k\u0131r\u0131k par\u00e7alar\u0131 onarabilir, b\u00f6ylece en sevdi\u011finiz yemek odas\u0131 tak\u0131m\u0131n\u0131 veya sallanan sandalyeyi kullanmaya devam edebilirsiniz. Beykoz Sandalye Tamiri &#8221; Pazartesi&#8217;den Cumartesi&#8217;ye 09 : 00 \u2013 20 : 00 saatleri aras\u0131nda Yard\u0131ma ihtiyac\u0131n\u0131z olursa herhangi bir sorunuz varsa bize Whatsapp 0554 858 1312 arac\u0131l\u0131\u011f\u0131yla veya 0554 858 1312 numaral\u0131 telefondan {{ Beykoz Sandalye Tamiri }} ihtiya\u00e7lar\u0131n\u0131z i\u00e7in bizi aray\u0131n. Beykoz Sandalye Tamir Servisi Beykoz Sandalye Tamir Servisi ; Sandalyeler, \u00e7ok a\u015f\u0131nma ve y\u0131pranmaya maruz kalan ve g\u00fc\u00e7l\u00fc strese maruz kalan mobilyalar maras\u0131nda yer almaktad\u0131r. Onar\u0131m hizmetlerimiz, profesyonel \u00fcr\u00fcn performans kontrolleri ve orijinal ve sertifikal\u0131 yedek par\u00e7alarla sandalye, ilk g\u00fcnk\u00fc durumuna getirilmesini kapsamaktad\u0131r. her t\u00fcrl\u00fc ah\u015fap k\u0131rk sandalyeyi yeniliyoruz ayr\u0131\u00e7a geri kazan\u0131lmas\u0131n\u0131 sa\u011fl\u0131yoruz. Ancak sandalyeyi orijinal durumuna d\u00f6nd\u00fcrmeye \u00e7al\u0131\u015fman\u0131n yan\u0131 s\u0131ra i\u015flevselli\u011fini de geli\u015ftirmeye \u00e7al\u0131\u015f\u0131yoruz. Ar\u0131zal\u0131 veya k\u0131r\u0131k par\u00e7alar\u0131 daha iyi performans g\u00f6steren yedek par\u00e7alarla de\u011fi\u015ftiriyoruz Beykoz Sandalye Tamir Servisi &#8221; Pazartesi&#8217;den Cumartesi&#8217;ye 09 : 00 \u2013 20 : 00 saatleri aras\u0131nda Yard\u0131ma ihtiyac\u0131n\u0131z olursa herhangi bir sorunuz varsa bize Whatsapp 0554 858 1312 arac\u0131l\u0131\u011f\u0131yla veya 0554 858 1312 numaral\u0131 telefondan {{ Beykoz Sandalye Tamir Servisi }} ihtiya\u00e7lar\u0131n\u0131z i\u00e7in bizi aray\u0131n size m\u00fcmk\u00fcn olan en iyi \u00e7\u00f6z\u00fcm\u00fc sunmaya haz\u0131r\u0131z. Beykoz K\u0131r\u0131k Sandalye Aya\u011f\u0131 Tamiri Beykoz K\u0131r\u0131k Sandalye Aya\u011f\u0131 Tamiri &#8221; Pazartesi&#8217;den Cumartesi&#8217;ye 09 : 00 \u2013 20 : 00 saatleri aras\u0131nda Yard\u0131ma ihtiyac\u0131n\u0131z olursa herhangi bir sorunuz varsa bize Whatsapp 0554 858 1312 arac\u0131l\u0131\u011f\u0131yla veya 0554 858 1312 numaral\u0131 telefondan (( Beykoz K\u0131r\u0131k Sandalye Aya\u011f\u0131 Tamiri )) ihtiya\u00e7lar\u0131n\u0131z i\u00e7in bizi aray\u0131n. Beykoz K\u0131r\u0131k Sandalye Aya\u011f\u0131 Tamiri&#8230; <a class=\"di-continue-reading\" href=\"https:\/\/www.onlinemarangoz.com.tr\/Beykoz\/beykoz-sandalye-tamiri\/\"> Continue Reading&#8230;<\/a><\/p>\n","protected":false},"author":1,"featured_media":0,"parent":0,"menu_order":5000,"comment_status":"closed","ping_status":"open","template":"","meta":{"footnotes":""},"categories":[1],"tags":[780,777,779,778,776,775],"class_list":["post-617","page","type-page","status-publish","hentry","category-beykoz-mobilya-tamir-bakim-montaj-servisi","tag-beykoz-ahsap-sandalye-tamiri-yapilir","tag-beykoz-gicirdayan-sandalye-tamiri","tag-beykoz-kirik-sandalye-ayagi-tamiri","tag-beykoz-kirik-sandalye-tamir-edilir","tag-beykoz-sandalye-tamir-servisi","tag-beykoz-sandalye-tamiri"],"_links":{"self":[{"href":"https:\/\/www.onlinemarangoz.com.tr\/Beykoz\/wp-json\/wp\/v2\/pages\/617","targetHints":{"allow":["GET"]}}],"collection":[{"href":"https:\/\/www.onlinemarangoz.com.tr\/Beykoz\/wp-json\/wp\/v2\/pages"}],"about":[{"href":"https:\/\/www.onlinemarangoz.com.tr\/Beykoz\/wp-json\/wp\/v2\/types\/page"}],"author":[{"embeddable":true,"href":"https:\/\/www.onlinemarangoz.com.tr\/Beykoz\/wp-json\/wp\/v2\/users\/1"}],"replies":[{"embeddable":true,"href":"https:\/\/www.onlinemarangoz.com.tr\/Beykoz\/wp-json\/wp\/v2\/comments?post=617"}],"version-history":[{"count":0,"href":"https:\/\/www.onlinemarangoz.com.tr\/Beykoz\/wp-json\/wp\/v2\/pages\/617\/revisions"}],"wp:attachment":[{"href":"https:\/\/www.onlinemarangoz.com.tr\/Beykoz\/wp-json\/wp\/v2\/media?parent=617"}],"wp:term":[{"taxonomy":"category","embeddable":true,"href":"https:\/\/www.onlinemarangoz.com.tr\/Beykoz\/wp-json\/wp\/v2\/categories?post=617"},{"taxonomy":"post_tag","embeddable":true,"href":"https:\/\/www.onlinemarangoz.com.tr\/Beykoz\/wp-json\/wp\/v2\/tags?post=617"}],"curies":[{"name":"wp","href":"https:\/\/api.w.org\/{rel}","templated":true}]}}