{"id":316,"date":"2024-01-18T16:05:09","date_gmt":"2024-01-18T16:05:09","guid":{"rendered":"https:\/\/www.onlinemarangoz.com.tr\/Cekmekoy\/?page_id=316"},"modified":"2024-01-18T16:49:21","modified_gmt":"2024-01-18T16:49:21","slug":"cekmekoy-mobilya-kapi-tamiri","status":"publish","type":"page","link":"https:\/\/www.onlinemarangoz.com.tr\/Cekmekoy\/cekmekoy-mobilya-kapi-tamiri\/","title":{"rendered":"\u00c7ekmek\u00f6y Mobilya Kap\u0131 Tamiri"},"content":{"rendered":"<p>\u00c7ekmek\u00f6y Mobilya Kap\u0131 Tamiri &#8211; Mobilya Tamiri Telefon (( 0554 858 1312 )) \u0130stanbul Anadolu Yakas\u0131 \u00c7ekmek\u00f6y Kap\u0131 Tamiri&#8221; Kap\u0131 \u00e7er\u00e7evenizin hasar g\u00f6rmesi, \u00f6zellikle oda kap\u0131n\u0131z s\u00f6z konusu oldu\u011funda kap\u0131n\u0131z\u0131n i\u015flevini ve evinizin esteti\u011fini olumsuz etkileyebilir. Oda kap\u0131lar\u0131, insanlar\u0131n evinize bakt\u0131klar\u0131nda g\u00f6rd\u00fckleri ilk \u015feylerden biridir, bu nedenle iyi bir izlenim b\u0131rakt\u0131\u011f\u0131n\u0131zdan emin olmak istersiniz. \u0130\u015fte birka\u00e7 yayg\u0131n kap\u0131 \u00e7er\u00e7evesi hasar\u0131 t\u00fcr\u00fc ve k\u0131r\u0131k kap\u0131 \u00e7er\u00e7evenizi onarmak i\u00e7in veya bak\u0131m\u0131yla ilgili sorunlar\u0131n\u0131z\u0131 giderirken, hem m\u00fc\u015fteri hizmetleri hem de teknisyenlerimiz sorular\u0131n\u0131z\u0131 yan\u0131tlama konusunda bilgilidir. Konuyla ilgili bize mesaj g\u00f6ndermekten \u00e7ekinmeyin.<\/p>\n<p><img fetchpriority=\"high\" decoding=\"async\" class=\"size-full wp-image-319 alignright\" src=\"https:\/\/www.onlinemarangoz.com.tr\/Cekmekoy\/wp-content\/uploads\/Cekmekoy-Mobilya-Kapi-Tamir-Montaj-Servisi.jpg\" alt=\"\" width=\"500\" height=\"250\" srcset=\"https:\/\/www.onlinemarangoz.com.tr\/Cekmekoy\/wp-content\/uploads\/Cekmekoy-Mobilya-Kapi-Tamir-Montaj-Servisi.jpg 500w, https:\/\/www.onlinemarangoz.com.tr\/Cekmekoy\/wp-content\/uploads\/Cekmekoy-Mobilya-Kapi-Tamir-Montaj-Servisi-300x150.jpg 300w\" sizes=\"(max-width: 500px) 100vw, 500px\" \/><\/p>\n<h2><b style=\"font-size: large; text-align: -webkit-center;\">\u00c7ekmek\u00f6y Mobilya Kap\u0131 Tamiri<\/b><\/h2>\n<p>&#8221;\u00c7ekmek\u00f6y Mobilya Kap\u0131 Tamiri&#8221; Kap\u0131 Tamiri Telefon&#8221; K\u0131r\u0131k Kap\u0131 Tamircisi&#8221; Mobilya Kap\u0131 Mente\u015fe Tamiri&#8221; K\u0131r\u0131k Mobilya Kap\u0131 Tamiri&#8221; Amerikan Panel Kap\u0131 Tamiri&#8221; \u00c7ekmek\u00f6y Mobilya Kap\u0131 Tamiri&#8221; ihtiya\u00e7lar\u0131n\u0131zda bizi Pazartesi&#8217;den Cumartesi&#8217;ye Sabah &#8211; 09:00 \u2013 Ak\u015fam &#8211; 20:00 saatleri aras\u0131nda &#8221;\u00c7ekmek\u00f6y Kap\u0131 Tamiri Telefon&#8221; 0554 858 1312&#8221; numaral\u0131 telefondan bize ula\u015fabilir WhatsApp arac\u0131l\u0131\u011f\u0131yla do\u011frudan mesaj g\u00f6nderebilirsiniz.<\/p>\n<h3>\u00c7ekmek\u00f6y K\u0131r\u0131k Kap\u0131 Tamiri<\/h3>\n<p>\u00c7ekmek\u00f6y K\u0131r\u0131k Kap\u0131 Tamiri&#8221; S\u0131k\u0131\u015fan veya d\u00fczg\u00fcn kapanmayan bir kap\u0131n\u0131z m\u0131 var? Veya kap\u0131n\u0131z s\u00fcrt\u00fcn\u00fcyor, g\u0131c\u0131rd\u0131yor olabilir. Sorun ne olursa olsun, size en yayg\u0131n kap\u0131 sorunlar\u0131n\u0131z\u0131 nas\u0131l \u00e7\u00f6zebilece\u011fimizi g\u00f6sterece\u011fim! \u00c7ekmek\u00f6y K\u0131r\u0131k Kap\u0131 Tamiri&#8221; kap\u0131 sorunlar\u0131n\u0131z varsa yaln\u0131z de\u011filsiniz. Pek \u00e7ok fakt\u00f6r bunlara katk\u0131da bulunabilir: evin hareketi, nem, kuru hava, yanl\u0131\u015f kurulum, \u00e7arp\u0131lan kap\u0131lar veya \u00e7ocuklar\u0131n \u00fczerlerinde sallanmas\u0131. Bu fakt\u00f6rlerin \u00e7o\u011funu kontrol edemeden, kap\u0131 sorunlar\u0131n\u0131z\u0131 nas\u0131l \u00e7\u00f6zece\u011finizi bilmek \u00f6nemlidir; \u00e7\u00fcnk\u00fc kap\u0131n\u0131z genellikle odan\u0131n ve\/veya giri\u015f yolunun ana odak noktas\u0131d\u0131r. Size kolayl\u0131k sa\u011flamak i\u00e7in daha fazla bilgiyi burada bulabilirsiniz.<img decoding=\"async\" class=\"wp-image-33 alignleft\" src=\"https:\/\/www.onlinemarangoz.com.tr\/Cekmekoy\/wp-content\/uploads\/Cekmekoy-Mobilya-Kapi-Tamircisi.jpg\" alt=\"\" width=\"250\" height=\"250\" srcset=\"https:\/\/www.onlinemarangoz.com.tr\/Cekmekoy\/wp-content\/uploads\/Cekmekoy-Mobilya-Kapi-Tamircisi.jpg 300w, https:\/\/www.onlinemarangoz.com.tr\/Cekmekoy\/wp-content\/uploads\/Cekmekoy-Mobilya-Kapi-Tamircisi-150x150.jpg 150w, https:\/\/www.onlinemarangoz.com.tr\/Cekmekoy\/wp-content\/uploads\/Cekmekoy-Mobilya-Kapi-Tamircisi-90x90.jpg 90w\" sizes=\"(max-width: 250px) 100vw, 250px\" \/> \u00c7ekmek\u00f6y K\u0131r\u0131k Kap\u0131 Tamiri&#8221; K\u0131r\u0131k Mobilya Kap\u0131 Tamiri, K\u0131r\u0131k Kap\u0131 Kilit Tamiri, K\u0131r\u0131k Kap\u0131 Mente\u015fe Tamiri, K\u0131r\u0131k Kap\u0131 Kasa Tamiri, K\u0131r\u0131k Kap\u0131 Pervaz Tamiri, \u00c7ekmek\u00f6y K\u0131r\u0131k Kap\u0131 Tamiri&#8221; ekibine Pazartesi&#8217;den Cumartesi&#8217;ye Sabah 09.00 &#8211; Ak\u015fam 20.00 saatleri aras\u0131nda &#8221;\u00c7ekmek\u00f6y Kap\u0131 Tamiri Telefon +0554 858 1312 numaral\u0131 telefondan yoluyla ula\u015f\u0131labilirsiniz.<img decoding=\"async\" class=\"alignright wp-image-32 size-medium\" src=\"https:\/\/www.onlinemarangoz.com.tr\/Cekmekoy\/wp-content\/uploads\/Cekmekoy-Mobilya-Kapi-Mentese-Tamiri-300x300.jpg\" alt=\"\" width=\"300\" height=\"300\" srcset=\"https:\/\/www.onlinemarangoz.com.tr\/Cekmekoy\/wp-content\/uploads\/Cekmekoy-Mobilya-Kapi-Mentese-Tamiri-300x300.jpg 300w, https:\/\/www.onlinemarangoz.com.tr\/Cekmekoy\/wp-content\/uploads\/Cekmekoy-Mobilya-Kapi-Mentese-Tamiri-150x150.jpg 150w, https:\/\/www.onlinemarangoz.com.tr\/Cekmekoy\/wp-content\/uploads\/Cekmekoy-Mobilya-Kapi-Mentese-Tamiri-90x90.jpg 90w, https:\/\/www.onlinemarangoz.com.tr\/Cekmekoy\/wp-content\/uploads\/Cekmekoy-Mobilya-Kapi-Mentese-Tamiri.jpg 350w\" sizes=\"(max-width: 300px) 100vw, 300px\" \/><\/p>\n<h4 align=\"CENTER\">\u00c7ekmek\u00f6y K\u0131r\u0131k Kap\u0131 Tamircisi<\/h4>\n<p align=\"CENTER\">\u00c7ekmek\u00f6y K\u0131r\u0131k Kap\u0131 Tamircisi&#8221; Evinizdeki bir kap\u0131n\u0131n veya birden fazla kap\u0131n\u0131n tamiri konusunda h\u0131zl\u0131 bir \u015fekilde, h\u0131zl\u0131 bir m\u00fcdahale ile, tek bir g\u00fcnde veya her hal\u00fckarda belirli saatlerde sorunun \u00e7\u00f6z\u00fcm\u00fc i\u00e7in size yard\u0131mc\u0131 olacak birine ihtiyac\u0131n\u0131z varsa bize &#8221;\u00c7ekmek\u00f6y K\u0131r\u0131k Kap\u0131 Tamircisi&#8221; Pazartesi \u2013 Cumartesiye, Sabah 09:00 \u2013 Ak\u015fam 20:00, Cumartesi, Sabah 09:00 \u2013 Ak\u015fam 18:00 ve Pazar, randevuya g\u00f6redir Herhangi bir sorunuz varsa l\u00fctfen bizimle (( 0554 858 1312 )) Telefonu Ar\u0131yarak ileti\u015fime ge\u00e7mekten \u00e7ekinmeyin ihtiyac\u0131n\u0131z ne olursa olsun sorunlar\u0131 \u00e7\u00f6zebilecek ve g\u00f6n\u00fcl rahatl\u0131\u011f\u0131 sa\u011flayabilecek hizmetler sunuyoruz.<img loading=\"lazy\" decoding=\"async\" class=\"alignleft wp-image-31\" src=\"https:\/\/www.onlinemarangoz.com.tr\/Cekmekoy\/wp-content\/uploads\/Cekmekoy-Mobilya-Kapi-Kilit-Tamiri.jpg\" alt=\"\" width=\"250\" height=\"250\" srcset=\"https:\/\/www.onlinemarangoz.com.tr\/Cekmekoy\/wp-content\/uploads\/Cekmekoy-Mobilya-Kapi-Kilit-Tamiri.jpg 300w, https:\/\/www.onlinemarangoz.com.tr\/Cekmekoy\/wp-content\/uploads\/Cekmekoy-Mobilya-Kapi-Kilit-Tamiri-150x150.jpg 150w, https:\/\/www.onlinemarangoz.com.tr\/Cekmekoy\/wp-content\/uploads\/Cekmekoy-Mobilya-Kapi-Kilit-Tamiri-90x90.jpg 90w\" sizes=\"(max-width: 250px) 100vw, 250px\" \/><\/p>\n<h5 align=\"CENTER\">\u00c7ekmek\u00f6y Mobilya Kap\u0131 Mente\u015fe Tamiri<\/h5>\n<p>\u00c7ekmek\u00f6y Mobilya Kap\u0131 Mente\u015fe Tamiri&#8221; Kap\u0131 kilitleri, mente\u015feler, kulplar zamanla a\u015f\u0131nma ve y\u0131pranmaya maruz kalabilir ve muhtemelen onar\u0131lmalar\u0131 gerekebilir. \u00c7o\u011fu \u00e7ilingir servisi mente\u015fe veya kap\u0131 kolu onar\u0131m\u0131 yapmayabilece\u011finden, t\u00fcm kap\u0131 onar\u0131m hizmetleri i\u00e7in aranacak en iyi ki\u015fi bir tamircidir. Bu nedenle kap\u0131lar\u0131n onar\u0131lmas\u0131 zorunlu hale gelir. K\u0131r\u0131k Kap\u0131 kolu durumunda ar\u0131zal\u0131 kolun de\u011fi\u015ftirilmesi veya onar\u0131lmas\u0131 m\u00fcmk\u00fcnd\u00fcr. M\u00fcdahale olduk\u00e7a basittir ve h\u0131zl\u0131 bir \u015fekilde kap\u0131n\u0131z\u0131 tekrar kullanman\u0131z\u0131 sa\u011flayacakt\u0131r. Oda Kap\u0131 Mente\u015fe Tamiri&#8221; Mobilya Oda Kap\u0131 K\u0131r\u0131k Mente\u015fe Tamiri || Mobilya Oda Kap\u0131 Ar\u0131zal\u0131 Mente\u015fe Tamiri || \u00c7ekmek\u00f6y Mobilya Kap\u0131 Mente\u015fe Tamiri&#8221; hakk\u0131nda ba\u015fka sorular\u0131n\u0131z varsa veya genel yard\u0131ma ihtiyac\u0131n\u0131z varsa l\u00fctfen bizimle (( 0554 858 1312 )) Telefonu Ar\u0131yarak bize ula\u015fabilir WhatsApp arac\u0131l\u0131\u011f\u0131yla do\u011frudan mesaj g\u00f6nderebilirsiniz ileti\u015fime ge\u00e7mekten \u00e7ekinmeyin gerekirse ek bilgi vermekten memnuniyet duyar\u0131m.<\/p>\n<table style=\"border-collapse: collapse; width: 100%;\">\n<tbody>\n<tr>\n<td>\n<h4>Tek Noktadan Kolayl\u0131k<\/h4>\n<p align=\"CENTER\">Hizmetlerimiz sizin i\u00e7in sorunsuz bir deneyim olacak \u015fekilde tasarlanm\u0131\u015ft\u0131r. \u0130htiyac\u0131n\u0131z olan hizmetleri se\u00e7in, gerisini bize b\u0131rak\u0131n.<\/p>\n<\/td>\n<td style=\"width: 50%;\">\n<h4 style=\"text-align: center;\">G\u00fc\u00e7l\u00fc M\u00fc\u015fteri Deste\u011fi<\/h4>\n<p style=\"text-align: center;\" align=\"CENTER\">Ekibimiz a\u00e7\u0131k ve \u015feffaf ileti\u015fimle ihtiya\u00e7lar\u0131n\u0131z\u0131 takip edecektir. T\u00fcm ihtiya\u00e7lar\u0131n\u0131z i\u00e7in en iyi \u00e7\u00f6z\u00fcm\u00fc \u00f6nermeden \u00f6nce sorunu te\u015fhis edece\u011fiz.<\/p>\n<\/td>\n<\/tr>\n<\/tbody>\n<\/table>\n\n\n<div class=\"kk-star-ratings kksr-auto kksr-align-left kksr-valign-bottom\"\n    data-payload='{&quot;align&quot;:&quot;left&quot;,&quot;id&quot;:&quot;316&quot;,&quot;slug&quot;:&quot;default&quot;,&quot;valign&quot;:&quot;bottom&quot;,&quot;ignore&quot;:&quot;&quot;,&quot;reference&quot;:&quot;auto&quot;,&quot;class&quot;:&quot;&quot;,&quot;count&quot;:&quot;11&quot;,&quot;legendonly&quot;:&quot;&quot;,&quot;readonly&quot;:&quot;&quot;,&quot;score&quot;:&quot;5&quot;,&quot;starsonly&quot;:&quot;&quot;,&quot;best&quot;:&quot;5&quot;,&quot;gap&quot;:&quot;5&quot;,&quot;greet&quot;:&quot;\u00c7ekmek\u00f6y Marangoz \u2692\ufe0f\u00a0&quot;,&quot;legend&quot;:&quot;\u00c7ekmek\u00f6y Marangoz Ustas\u0131 \u2692\ufe0f\u00a011&quot;,&quot;size&quot;:&quot;24&quot;,&quot;title&quot;:&quot;\u00c7ekmek\u00f6y Mobilya Kap\u0131 Tamiri&quot;,&quot;width&quot;:&quot;142.5&quot;,&quot;_legend&quot;:&quot;\u00c7ekmek\u00f6y Marangoz Ustas\u0131 \u2692\ufe0f\u00a0{count}&quot;,&quot;font_factor&quot;:&quot;1.25&quot;}'>\n            \n<div class=\"kksr-stars\">\n    \n<div class=\"kksr-stars-inactive\">\n            <div class=\"kksr-star\" data-star=\"1\" style=\"padding-right: 5px\">\n            \n\n<div class=\"kksr-icon\" style=\"width: 24px; height: 24px;\"><\/div>\n        <\/div>\n            <div class=\"kksr-star\" data-star=\"2\" style=\"padding-right: 5px\">\n            \n\n<div class=\"kksr-icon\" style=\"width: 24px; height: 24px;\"><\/div>\n        <\/div>\n            <div class=\"kksr-star\" data-star=\"3\" style=\"padding-right: 5px\">\n            \n\n<div class=\"kksr-icon\" style=\"width: 24px; height: 24px;\"><\/div>\n        <\/div>\n            <div class=\"kksr-star\" data-star=\"4\" style=\"padding-right: 5px\">\n            \n\n<div class=\"kksr-icon\" style=\"width: 24px; height: 24px;\"><\/div>\n        <\/div>\n            <div class=\"kksr-star\" data-star=\"5\" style=\"padding-right: 5px\">\n            \n\n<div class=\"kksr-icon\" style=\"width: 24px; height: 24px;\"><\/div>\n        <\/div>\n    <\/div>\n    \n<div class=\"kksr-stars-active\" style=\"width: 142.5px;\">\n            <div class=\"kksr-star\" style=\"padding-right: 5px\">\n            \n\n<div class=\"kksr-icon\" style=\"width: 24px; height: 24px;\"><\/div>\n        <\/div>\n            <div class=\"kksr-star\" style=\"padding-right: 5px\">\n            \n\n<div class=\"kksr-icon\" style=\"width: 24px; height: 24px;\"><\/div>\n        <\/div>\n            <div class=\"kksr-star\" style=\"padding-right: 5px\">\n            \n\n<div class=\"kksr-icon\" style=\"width: 24px; height: 24px;\"><\/div>\n        <\/div>\n            <div class=\"kksr-star\" style=\"padding-right: 5px\">\n            \n\n<div class=\"kksr-icon\" style=\"width: 24px; height: 24px;\"><\/div>\n        <\/div>\n            <div class=\"kksr-star\" style=\"padding-right: 5px\">\n            \n\n<div class=\"kksr-icon\" style=\"width: 24px; height: 24px;\"><\/div>\n        <\/div>\n    <\/div>\n<\/div>\n                \n\n<div class=\"kksr-legend\" style=\"font-size: 19.2px;\">\n            \u00c7ekmek\u00f6y Marangoz Ustas\u0131 \u2692\ufe0f\u00a011    <\/div>\n    <\/div>\n","protected":false},"excerpt":{"rendered":"<p>\u00c7ekmek\u00f6y Mobilya Kap\u0131 Tamiri &#8211; Mobilya Tamiri Telefon (( 0554 858 1312 )) \u0130stanbul Anadolu Yakas\u0131 \u00c7ekmek\u00f6y Kap\u0131 Tamiri&#8221; Kap\u0131 \u00e7er\u00e7evenizin hasar g\u00f6rmesi, \u00f6zellikle oda kap\u0131n\u0131z s\u00f6z konusu oldu\u011funda kap\u0131n\u0131z\u0131n i\u015flevini ve evinizin esteti\u011fini olumsuz etkileyebilir. Oda kap\u0131lar\u0131, insanlar\u0131n evinize&#8230; <a class=\"di-continue-reading\" href=\"https:\/\/www.onlinemarangoz.com.tr\/Cekmekoy\/cekmekoy-mobilya-kapi-tamiri\/\"> Continue Reading&#8230;<\/a><\/p>\n","protected":false},"author":1,"featured_media":0,"parent":0,"menu_order":3000,"comment_status":"closed","ping_status":"closed","template":"","meta":{"footnotes":""},"categories":[1],"tags":[269,265,266,264,268,267,263],"class_list":["post-316","page","type-page","status-publish","hentry","category-cekmekoy-mobilya-tamir-montaj-servisi","tag-cekmekoy-amerikan-panel-kapi-tamiri","tag-cekmekoy-kapi-tamiri-telefon","tag-cekmekoy-kirik-kapi-tamircisi","tag-cekmekoy-kirik-kapi-tamiri","tag-cekmekoy-kirik-mobilya-kapi-tamiri","tag-cekmekoy-mobilya-kapi-mentese-tamiri","tag-cekmekoy-mobilya-kapi-tamiri"],"_links":{"self":[{"href":"https:\/\/www.onlinemarangoz.com.tr\/Cekmekoy\/wp-json\/wp\/v2\/pages\/316","targetHints":{"allow":["GET"]}}],"collection":[{"href":"https:\/\/www.onlinemarangoz.com.tr\/Cekmekoy\/wp-json\/wp\/v2\/pages"}],"about":[{"href":"https:\/\/www.onlinemarangoz.com.tr\/Cekmekoy\/wp-json\/wp\/v2\/types\/page"}],"author":[{"embeddable":true,"href":"https:\/\/www.onlinemarangoz.com.tr\/Cekmekoy\/wp-json\/wp\/v2\/users\/1"}],"replies":[{"embeddable":true,"href":"https:\/\/www.onlinemarangoz.com.tr\/Cekmekoy\/wp-json\/wp\/v2\/comments?post=316"}],"version-history":[{"count":0,"href":"https:\/\/www.onlinemarangoz.com.tr\/Cekmekoy\/wp-json\/wp\/v2\/pages\/316\/revisions"}],"wp:attachment":[{"href":"https:\/\/www.onlinemarangoz.com.tr\/Cekmekoy\/wp-json\/wp\/v2\/media?parent=316"}],"wp:term":[{"taxonomy":"category","embeddable":true,"href":"https:\/\/www.onlinemarangoz.com.tr\/Cekmekoy\/wp-json\/wp\/v2\/categories?post=316"},{"taxonomy":"post_tag","embeddable":true,"href":"https:\/\/www.onlinemarangoz.com.tr\/Cekmekoy\/wp-json\/wp\/v2\/tags?post=316"}],"curies":[{"name":"wp","href":"https:\/\/api.w.org\/{rel}","templated":true}]}}