{"id":48,"date":"2023-11-29T19:22:03","date_gmt":"2023-11-29T19:22:03","guid":{"rendered":"https:\/\/www.onlinemarangoz.com.tr\/Cekmekoy\/?page_id=48"},"modified":"2023-12-02T08:08:08","modified_gmt":"2023-12-02T08:08:08","slug":"mobilya-tamiri-iletisim","status":"publish","type":"page","link":"https:\/\/www.onlinemarangoz.com.tr\/Cekmekoy\/mobilya-tamiri-iletisim\/","title":{"rendered":"Mobilya Tamiri \u0130leti\u015fim"},"content":{"rendered":"\t\t<div data-elementor-type=\"wp-page\" data-elementor-id=\"48\" class=\"elementor elementor-48\">\n\t\t\t\t<div class=\"elementor-element elementor-element-480dbd9 e-flex e-con-boxed e-con e-parent\" data-id=\"480dbd9\" data-element_type=\"container\" data-e-type=\"container\">\n\t\t\t\t\t<div class=\"e-con-inner\">\n\t\t\t\t<div class=\"elementor-element elementor-element-a603968 elementor-widget elementor-widget-text-editor\" data-id=\"a603968\" data-element_type=\"widget\" data-e-type=\"widget\" data-widget_type=\"text-editor.default\">\n\t\t\t\t<div class=\"elementor-widget-container\">\n\t\t\t\t\t\t\t\t\t<p>\u00c7ekmek\u00f6y Mobilya Tamir \u0130leti\u015fim&#8221; servisi yard\u0131m\u0131m\u0131z\u0131 istemek i\u00e7in 0554 858 1312 numaray\u0131 araman\u0131z yeterli deste\u011fimiz her t\u00fcrl\u00fc mobilya tamiri, mobilya dolap kapak sistemini ilgilendiriyor: En eski modellerden en yeni nesil modellere kadar, \u00f6n\u00fcm\u00fczde bulunan \u00fcr\u00fcn tipini de dikkate alarak uygun \u015fekilde tamir ediyoruz. Ayr\u0131ca, piyasadaki t\u00fcm mobilya markalar\u0131n\u0131nda ilgili \u00f6zelliklerinin fark\u0131nda olup, ona uygun \u015fekilde m\u00fcdahale ediyoruz. \u00c7ekmek\u00f6y Mobilya Tamir&#8221; hizmetimizde Bu y\u00fczden bizimle ileti\u015fime ge\u00e7erek marka ve model ne olursa olsun mobilyan\u0131z i\u00e7in yard\u0131m alabilirsiniz. Sorununuzu k\u0131sa s\u00fcrede \u00e7\u00f6zece\u011finizden ve evinizin ortam\u0131n\u0131 ferah ve konforlu hale getirece\u011finizden emin olabilirsiniz.<\/p><h2>\u00c7ekmek\u00f6y Mobilya Tamir \u0130leti\u015fim<\/h2><p>Art\u0131k teredd\u00fct etmeyin ve etkili ve kararl\u0131 bir mobilya tamir, \u00c7ekmek\u00f6y Marangoz&#8221; hizmeti i\u00e7in bizi 0554 858 1312&#8221; numaral\u0131 telefondan Mobilya Tamiri, yapt\u0131rmak ve en k\u0131sa s\u00fcrede tekrar kullanabilmek i\u00e7in bizi aray\u0131n.<\/p>\t\t\t\t\t\t\t\t<\/div>\n\t\t\t\t<\/div>\n\t\t\t\t\t<\/div>\n\t\t\t\t<\/div>\n\t\t<div class=\"elementor-element elementor-element-271ef0b e-flex e-con-boxed e-con e-parent\" data-id=\"271ef0b\" data-element_type=\"container\" data-e-type=\"container\">\n\t\t\t\t\t<div class=\"e-con-inner\">\n\t\t<div class=\"elementor-element elementor-element-1768b3d e-con-full e-flex e-con e-child\" data-id=\"1768b3d\" data-element_type=\"container\" data-e-type=\"container\">\n\t\t\t\t<div class=\"elementor-element elementor-element-57ad931 elementor-invisible elementor-widget elementor-widget-text-editor\" data-id=\"57ad931\" data-element_type=\"widget\" data-e-type=\"widget\" data-settings=\"{&quot;_animation&quot;:&quot;zoomIn&quot;}\" data-widget_type=\"text-editor.default\">\n\t\t\t\t<div class=\"elementor-widget-container\">\n\t\t\t\t\t\t\t\t\t<p>\u00c7ekmek\u00f6y b\u00f6lgesinde yard\u0131m\u0131na m\u0131 ihtiyac\u0131n\u0131z var? Mobilya Tamiri, Mobilya Montaj, Sorununuzu \u00e7\u00f6zebilecek profesyonelleri buldunuz!<\/p><p>\u00c7ekmek\u00f6y Mobilya Tamiri&#8221; yard\u0131m ister misiniz? Bize a\u015fa\u011f\u0131daki saatlerde 0554 858 1312&#8221; numaral\u0131 telefondan ula\u015fabilirsiniz:<\/p><p>Pazartesiden cumaya 9:00 &#8211; 20:00 aras\u0131.<br \/>Cumartesi g\u00fcnleri 9:00 &#8211; 18:00 aras\u0131.<\/p>\t\t\t\t\t\t\t\t<\/div>\n\t\t\t\t<\/div>\n\t\t\t\t<\/div>\n\t\t<div class=\"elementor-element elementor-element-a677b92 e-con-full e-flex e-con e-child\" data-id=\"a677b92\" data-element_type=\"container\" data-e-type=\"container\">\n\t\t<div class=\"elementor-element elementor-element-e98d9ab e-flex e-con-boxed e-con e-child\" data-id=\"e98d9ab\" data-element_type=\"container\" data-e-type=\"container\">\n\t\t\t\t\t<div class=\"e-con-inner\">\n\t\t\t\t<div class=\"elementor-element elementor-element-1d32c46 elementor-widget elementor-widget-e_image_hover_effects\" data-id=\"1d32c46\" data-element_type=\"widget\" data-e-type=\"widget\" data-widget_type=\"e_image_hover_effects.default\">\n\t\t\t\t<div class=\"elementor-widget-container\">\n\t\t\t\t\t\t\t\t<a href=\"https:\/\/wa.me\/+905548581312\">\n\t\t\t\t\t<div class=\"eihe-box eihe-reveal-down eihe_center\">\n\t\t\t\t<img fetchpriority=\"high\" decoding=\"async\" width=\"500\" height=\"250\" src=\"https:\/\/www.onlinemarangoz.com.tr\/Cekmekoy\/wp-content\/uploads\/Cekmekoy-Mobilya-Tamiri-Whatsapp-Tikla-Mesaj-At.jpg\" class=\"attachment-full size-full wp-image-54\" alt=\"\" srcset=\"https:\/\/www.onlinemarangoz.com.tr\/Cekmekoy\/wp-content\/uploads\/Cekmekoy-Mobilya-Tamiri-Whatsapp-Tikla-Mesaj-At.jpg 500w, https:\/\/www.onlinemarangoz.com.tr\/Cekmekoy\/wp-content\/uploads\/Cekmekoy-Mobilya-Tamiri-Whatsapp-Tikla-Mesaj-At-300x150.jpg 300w\" sizes=\"(max-width: 500px) 100vw, 500px\" \/>\t\t\t\t<div class=\"eihe-caption\">\n\t\t\t\t\t<div class=\"eihe-title-cover\">\n\t\t\t\t\t\t\t\t\t\t\t\t<h4 class=\"eihe-title\">Tezcan Usta Whatsapp Hemen T\u0131kla Mesaj At<\/h4>\n\t\t\t\t\t\t\t\t\t\t\t<\/div>\n\t\t\t\t\t<p>Tezcan Usta Whatsapp Hemen T\u0131kla Mesaj At<\/p>\n\t\t\t\t<\/div>\n\t\t\t<\/div>\n\t\t\t\t\t<\/a>\n\t\t\t\t\t\t<\/div>\n\t\t\t\t<\/div>\n\t\t\t\t\t<\/div>\n\t\t\t\t<\/div>\n\t\t<div class=\"elementor-element elementor-element-cc08cb0 e-flex e-con-boxed e-con e-child\" data-id=\"cc08cb0\" data-element_type=\"container\" data-e-type=\"container\">\n\t\t\t\t\t<div class=\"e-con-inner\">\n\t\t\t\t<div class=\"elementor-element elementor-element-d43e57a elementor-widget elementor-widget-e_image_hover_effects\" data-id=\"d43e57a\" data-element_type=\"widget\" data-e-type=\"widget\" data-widget_type=\"e_image_hover_effects.default\">\n\t\t\t\t<div class=\"elementor-widget-container\">\n\t\t\t\t\t\t\t\t<a href=\"tel:\/\/+905548581312\">\n\t\t\t\t\t<div class=\"eihe-box eihe-reveal-up eihe_center\">\n\t\t\t\t<img decoding=\"async\" width=\"500\" height=\"250\" src=\"https:\/\/www.onlinemarangoz.com.tr\/Cekmekoy\/wp-content\/uploads\/Cekmekoy-Mobilya-Tamiri-Montaj-Servisi-Telefon-Tikla-Ara.jpg\" class=\"attachment-full size-full wp-image-56\" alt=\"\" srcset=\"https:\/\/www.onlinemarangoz.com.tr\/Cekmekoy\/wp-content\/uploads\/Cekmekoy-Mobilya-Tamiri-Montaj-Servisi-Telefon-Tikla-Ara.jpg 500w, https:\/\/www.onlinemarangoz.com.tr\/Cekmekoy\/wp-content\/uploads\/Cekmekoy-Mobilya-Tamiri-Montaj-Servisi-Telefon-Tikla-Ara-300x150.jpg 300w\" sizes=\"(max-width: 500px) 100vw, 500px\" \/>\t\t\t\t<div class=\"eihe-caption\">\n\t\t\t\t\t<div class=\"eihe-title-cover\">\n\t\t\t\t\t\t\t\t\t\t\t\t<h4 class=\"eihe-title\">Tezcan Usta Telefon Hemen T\u0131kla Ara<\/h4>\n\t\t\t\t\t\t\t\t\t\t\t<\/div>\n\t\t\t\t\t<p>Tezcan Usta Telefon Hemen T\u0131kla Ara<\/p>\n\t\t\t\t<\/div>\n\t\t\t<\/div>\n\t\t\t\t\t<\/a>\n\t\t\t\t\t\t<\/div>\n\t\t\t\t<\/div>\n\t\t\t\t\t<\/div>\n\t\t\t\t<\/div>\n\t\t\t\t<\/div>\n\t\t\t\t\t<\/div>\n\t\t\t\t<\/div>\n\t\t<div class=\"elementor-element elementor-element-7e77a94 e-flex e-con-boxed e-con e-parent\" data-id=\"7e77a94\" data-element_type=\"container\" data-e-type=\"container\">\n\t\t\t\t\t<div class=\"e-con-inner\">\n\t\t<div class=\"elementor-element elementor-element-fdff781 e-con-full e-flex e-con e-child\" data-id=\"fdff781\" data-element_type=\"container\" data-e-type=\"container\">\n\t\t\t\t<div class=\"elementor-element elementor-element-c62ed90 elementor-widget elementor-widget-text-editor\" data-id=\"c62ed90\" data-element_type=\"widget\" data-e-type=\"widget\" data-widget_type=\"text-editor.default\">\n\t\t\t\t<div class=\"elementor-widget-container\">\n\t\t\t\t\t\t\t\t\t<p>\u00c7\u00d6Z\u00dcMLER<\/p><p>T\u00fcm mobilyalar\u0131n\u0131z i\u00e7in uygun \u00e7\u00f6z\u00fcm.<\/p>\t\t\t\t\t\t\t\t<\/div>\n\t\t\t\t<\/div>\n\t\t\t\t<\/div>\n\t\t<div class=\"elementor-element elementor-element-d2c698a e-con-full e-flex e-con e-child\" data-id=\"d2c698a\" data-element_type=\"container\" data-e-type=\"container\">\n\t\t\t\t<div class=\"elementor-element elementor-element-5d2aae5 elementor-widget elementor-widget-text-editor\" data-id=\"5d2aae5\" data-element_type=\"widget\" data-e-type=\"widget\" data-widget_type=\"text-editor.default\">\n\t\t\t\t<div class=\"elementor-widget-container\">\n\t\t\t\t\t\t\t\t\t<p>DENEY\u0130M<\/p><p>Hizmetinizde uzun ve tatmin edici bir aktivite.<\/p>\t\t\t\t\t\t\t\t<\/div>\n\t\t\t\t<\/div>\n\t\t\t\t<\/div>\n\t\t<div class=\"elementor-element elementor-element-1d29b26 e-con-full e-flex e-con e-child\" data-id=\"1d29b26\" data-element_type=\"container\" data-e-type=\"container\">\n\t\t\t\t<div class=\"elementor-element elementor-element-9565f72 elementor-widget elementor-widget-text-editor\" data-id=\"9565f72\" data-element_type=\"widget\" data-e-type=\"widget\" data-widget_type=\"text-editor.default\">\n\t\t\t\t<div class=\"elementor-widget-container\">\n\t\t\t\t\t\t\t\t\t<p>KOLAYLIK<\/p><p>Sizin i\u00e7in her zaman en avantajl\u0131 se\u00e7im!<\/p>\t\t\t\t\t\t\t\t<\/div>\n\t\t\t\t<\/div>\n\t\t\t\t<\/div>\n\t\t<div class=\"elementor-element elementor-element-05543b9 e-con-full e-flex e-con e-child\" data-id=\"05543b9\" data-element_type=\"container\" data-e-type=\"container\">\n\t\t\t\t<div class=\"elementor-element elementor-element-a3bf37c elementor-widget elementor-widget-text-editor\" data-id=\"a3bf37c\" data-element_type=\"widget\" data-e-type=\"widget\" data-widget_type=\"text-editor.default\">\n\t\t\t\t<div class=\"elementor-widget-container\">\n\t\t\t\t\t\t\t\t\t<p>HIZ<\/p><p>Acil durumlarda bile do\u011fru zamanda m\u00fcdahale ediyoruz.<\/p>\t\t\t\t\t\t\t\t<\/div>\n\t\t\t\t<\/div>\n\t\t\t\t<\/div>\n\t\t\t\t\t<\/div>\n\t\t\t\t<\/div>\n\t\t\t\t<\/div>\n\t\t\n\n<div class=\"kk-star-ratings kksr-auto kksr-align-left kksr-valign-bottom\"\n    data-payload='{&quot;align&quot;:&quot;left&quot;,&quot;id&quot;:&quot;48&quot;,&quot;slug&quot;:&quot;default&quot;,&quot;valign&quot;:&quot;bottom&quot;,&quot;ignore&quot;:&quot;&quot;,&quot;reference&quot;:&quot;auto&quot;,&quot;class&quot;:&quot;&quot;,&quot;count&quot;:&quot;6&quot;,&quot;legendonly&quot;:&quot;&quot;,&quot;readonly&quot;:&quot;&quot;,&quot;score&quot;:&quot;5&quot;,&quot;starsonly&quot;:&quot;&quot;,&quot;best&quot;:&quot;5&quot;,&quot;gap&quot;:&quot;5&quot;,&quot;greet&quot;:&quot;\u00c7ekmek\u00f6y Marangoz \u2692\ufe0f\u00a0&quot;,&quot;legend&quot;:&quot;\u00c7ekmek\u00f6y Marangoz Ustas\u0131 \u2692\ufe0f\u00a06&quot;,&quot;size&quot;:&quot;24&quot;,&quot;title&quot;:&quot;Mobilya Tamiri \u0130leti\u015fim&quot;,&quot;width&quot;:&quot;142.5&quot;,&quot;_legend&quot;:&quot;\u00c7ekmek\u00f6y Marangoz Ustas\u0131 \u2692\ufe0f\u00a0{count}&quot;,&quot;font_factor&quot;:&quot;1.25&quot;}'>\n            \n<div class=\"kksr-stars\">\n    \n<div class=\"kksr-stars-inactive\">\n            <div class=\"kksr-star\" data-star=\"1\" style=\"padding-right: 5px\">\n            \n\n<div class=\"kksr-icon\" style=\"width: 24px; height: 24px;\"><\/div>\n        <\/div>\n            <div class=\"kksr-star\" data-star=\"2\" style=\"padding-right: 5px\">\n            \n\n<div class=\"kksr-icon\" style=\"width: 24px; height: 24px;\"><\/div>\n        <\/div>\n            <div class=\"kksr-star\" data-star=\"3\" style=\"padding-right: 5px\">\n            \n\n<div class=\"kksr-icon\" style=\"width: 24px; height: 24px;\"><\/div>\n        <\/div>\n            <div class=\"kksr-star\" data-star=\"4\" style=\"padding-right: 5px\">\n            \n\n<div class=\"kksr-icon\" style=\"width: 24px; height: 24px;\"><\/div>\n        <\/div>\n            <div class=\"kksr-star\" data-star=\"5\" style=\"padding-right: 5px\">\n            \n\n<div class=\"kksr-icon\" style=\"width: 24px; height: 24px;\"><\/div>\n        <\/div>\n    <\/div>\n    \n<div class=\"kksr-stars-active\" style=\"width: 142.5px;\">\n            <div class=\"kksr-star\" style=\"padding-right: 5px\">\n            \n\n<div class=\"kksr-icon\" style=\"width: 24px; height: 24px;\"><\/div>\n        <\/div>\n            <div class=\"kksr-star\" style=\"padding-right: 5px\">\n            \n\n<div class=\"kksr-icon\" style=\"width: 24px; height: 24px;\"><\/div>\n        <\/div>\n            <div class=\"kksr-star\" style=\"padding-right: 5px\">\n            \n\n<div class=\"kksr-icon\" style=\"width: 24px; height: 24px;\"><\/div>\n        <\/div>\n            <div class=\"kksr-star\" style=\"padding-right: 5px\">\n            \n\n<div class=\"kksr-icon\" style=\"width: 24px; height: 24px;\"><\/div>\n        <\/div>\n            <div class=\"kksr-star\" style=\"padding-right: 5px\">\n            \n\n<div class=\"kksr-icon\" style=\"width: 24px; height: 24px;\"><\/div>\n        <\/div>\n    <\/div>\n<\/div>\n                \n\n<div class=\"kksr-legend\" style=\"font-size: 19.2px;\">\n            \u00c7ekmek\u00f6y Marangoz Ustas\u0131 \u2692\ufe0f\u00a06    <\/div>\n    <\/div>\n","protected":false},"excerpt":{"rendered":"<p>\u00c7ekmek\u00f6y Mobilya Tamir \u0130leti\u015fim&#8221; servisi yard\u0131m\u0131m\u0131z\u0131 istemek i\u00e7in 0554 858 1312 numaray\u0131 araman\u0131z yeterli deste\u011fimiz her t\u00fcrl\u00fc mobilya tamiri, mobilya dolap kapak sistemini ilgilendiriyor: En eski modellerden en yeni nesil modellere kadar, \u00f6n\u00fcm\u00fczde bulunan \u00fcr\u00fcn tipini de dikkate alarak uygun&#8230; <a class=\"di-continue-reading\" href=\"https:\/\/www.onlinemarangoz.com.tr\/Cekmekoy\/mobilya-tamiri-iletisim\/\"> Continue Reading&#8230;<\/a><\/p>\n","protected":false},"author":1,"featured_media":0,"parent":0,"menu_order":11,"comment_status":"closed","ping_status":"closed","template":"","meta":{"footnotes":""},"categories":[1],"tags":[177,178,13,15,14,18,19,16],"class_list":["post-48","page","type-page","status-publish","hentry","category-cekmekoy-mobilya-tamir-montaj-servisi","tag-cekmekoy-marangoz-iletisim","tag-cekmekoy-mobilya-tamircisi-iletisim","tag-iletisim","tag-iletisim-mobilya-tamiri","tag-iletisim-telefon","tag-marangoz-ustasi-iletisim","tag-mobilya-montaj-ustasi-iletisim","tag-mobilya-tamircisi-iletisim"],"_links":{"self":[{"href":"https:\/\/www.onlinemarangoz.com.tr\/Cekmekoy\/wp-json\/wp\/v2\/pages\/48","targetHints":{"allow":["GET"]}}],"collection":[{"href":"https:\/\/www.onlinemarangoz.com.tr\/Cekmekoy\/wp-json\/wp\/v2\/pages"}],"about":[{"href":"https:\/\/www.onlinemarangoz.com.tr\/Cekmekoy\/wp-json\/wp\/v2\/types\/page"}],"author":[{"embeddable":true,"href":"https:\/\/www.onlinemarangoz.com.tr\/Cekmekoy\/wp-json\/wp\/v2\/users\/1"}],"replies":[{"embeddable":true,"href":"https:\/\/www.onlinemarangoz.com.tr\/Cekmekoy\/wp-json\/wp\/v2\/comments?post=48"}],"version-history":[{"count":0,"href":"https:\/\/www.onlinemarangoz.com.tr\/Cekmekoy\/wp-json\/wp\/v2\/pages\/48\/revisions"}],"wp:attachment":[{"href":"https:\/\/www.onlinemarangoz.com.tr\/Cekmekoy\/wp-json\/wp\/v2\/media?parent=48"}],"wp:term":[{"taxonomy":"category","embeddable":true,"href":"https:\/\/www.onlinemarangoz.com.tr\/Cekmekoy\/wp-json\/wp\/v2\/categories?post=48"},{"taxonomy":"post_tag","embeddable":true,"href":"https:\/\/www.onlinemarangoz.com.tr\/Cekmekoy\/wp-json\/wp\/v2\/tags?post=48"}],"curies":[{"name":"wp","href":"https:\/\/api.w.org\/{rel}","templated":true}]}}