{"id":577,"date":"2024-03-22T15:38:14","date_gmt":"2024-03-22T15:38:14","guid":{"rendered":"https:\/\/www.onlinemarangoz.com.tr\/Cekmekoy\/?page_id=577"},"modified":"2024-03-22T15:40:30","modified_gmt":"2024-03-22T15:40:30","slug":"cekmekoy-mobilya-montaj-ustasi-iletisim","status":"publish","type":"page","link":"https:\/\/www.onlinemarangoz.com.tr\/Cekmekoy\/cekmekoy-mobilya-montaj-ustasi-iletisim\/","title":{"rendered":"\u00c7ekmek\u00f6y Mobilya Montaj Ustas\u0131 \u0130leti\u015fim"},"content":{"rendered":"<p>\u00c7ekmek\u00f6y Mobilya Montaj Ustas\u0131 \u0130leti\u015fim 0554 858 1312&#8221; numaral\u0131 telefondan bizi arayabilirsiniz. \u0130stanbul Anadolu Yakas\u0131 \u00c7ekmek\u00f6y&#8217;de Pazartesi&#8217;den \u00c7umartesi&#8217; ne&#8217; Sabah 09 : 00 \u2013 Ak\u015fam 20 : 00 ve Cumartesi sabah 09:00 \u2013 19 : 00 saatleri aras\u0131nda Mobilya Montaj Ustas\u0131 \u2013 Mobilya Demontaj Montaj \u2013 Profesyonel Montaj &amp; Mobilya Kurulum Hizmeti,<span lang=\"en\"> beklentilerin \u00f6tesine ge\u00e7en eksiksiz \u015feffaf ve \u00fccretsiz tahminlerle size esnek ve ki\u015fiselle\u015ftirilmi\u015f \u00e7\u00f6z\u00fcmler sunmak i\u00e7in hizmetinizdeyiz.<\/span><\/p>\n<h2 align=\"CENTER\">\u00c7ekmek\u00f6y Mobilya Montaj Ustas\u0131 \u0130leti\u015fim<\/h2>\n<p>\u00c7ekmek\u00f6y Mobilya Montaj Ustas\u0131 \u0130leti\u015fim, hizmeti her t\u00fcrl\u00fc endi\u015feden kurtulman\u0131n g\u00fcvenilir ve emniyetli bir cevab\u0131d\u0131r. Sekt\u00f6rdeki sa\u011flam tecr\u00fcbemiz ile her t\u00fcrl\u00fc mobilyaya y\u00f6nelik verimli ve dakik Mobilya Demontaj\u0131 ve Montaj\u0131, hizmetini sunmak i\u00e7in yan\u0131n\u0131zday\u0131z. \u0130nternet \u00fczerinden veya ma\u011fazalar\u0131ndan mobilya sat\u0131n al\u0131rken , mobilyalar\u0131n Mobilya Demontaj\u0131 ve Montaj\u0131, ve yeniden uyarlanmas\u0131 konusunda uzmanla\u015fm\u0131\u015f bir usta bulmak \u00f6nemlidir. \u00c7ekmek\u00f6y Mobilya Montaj Ustas\u0131 \u0130leti\u015fim, servisi m\u00fc\u015fterinin sat\u0131n ald\u0131\u011f\u0131 mobilyay\u0131 g\u00fcvenli ve i\u015flevsel bir \u015fekilde monte edemedi\u011fi veya yapamad\u0131\u011f\u0131 t\u00fcm durumlar\u0131 \u00e7\u00f6zmek i\u00e7in profesyonel hizmetler sunmaktay\u0131z. Pazartesi&#8217;den \u00c7umartesi&#8217; ne&#8217; Sabah 09 : 00 \u2013 20 : 00 ve Cumartesi sabah 09 : 00 \u2013 19 : 00 saatleri aras\u0131nda &#8221;\u00c7ekmek\u00f6y Mobilya Montaj Ustas\u0131 \u0130leti\u015fim, i\u00e7in bize &#8221;<span style=\"font-size: 12pt;\"><strong><a href=\"tel:\/\/+905548581312\" target=\"_blank\" rel=\"noopener\">0554 858 1312<\/a><\/strong><\/span>&#8221; numaral\u0131 telefondan ula\u015fabilir WhatsApp arac\u0131l\u0131\u011f\u0131yla do\u011frudan mesaj g\u00f6nderebilirsiniz.<\/p>\n<table style=\"border-collapse: collapse; width: 100%;\">\n<tbody>\n<tr>\n<td>\n<h4 align=\"CENTER\">\u00c7ekmek\u00f6y Mobilya Montaj Servisi \u0130leti\u015fim<\/h4>\n<p align=\"CENTER\">Deneyim.<\/p>\n<p align=\"CENTER\">Personelimiz g\u00fcnl\u00fck olarak \u015fah\u0131slara y\u00f6nelik mutfak, gard\u0131rop, masa, \u00e7al\u0131\u015fma masas\u0131, kitapl\u0131k ve di\u011fer mobilyalar\u0131n montaj ve demontaj\u0131 ile ilgilenmektedir. Edinilen teknik yeterlilik ve de\u011ferli mobilyalara bile a\u015final\u0131k, size dikkatli ve d\u00fczenli \u00e7al\u0131\u015fman\u0131n g\u00fcvenli\u011fini garanti eder.<\/p>\n<\/td>\n<td>\n<h5 align=\"CENTER\">\u00c7ekmek\u00f6y Mobilya Montaj Hizmeti \u0130leti\u015fim<\/h5>\n<p align=\"CENTER\">Profesyonellik.<\/p>\n<p align=\"CENTER\">T\u00fcm hizmetlerimizde dakikli\u011fi ve temizli\u011fi garanti ediyoruz. M\u00fc\u015fteriye sayg\u0131n\u0131n tam olarak dikkatten detaylara kadar ba\u015flad\u0131\u011f\u0131na inan\u0131yoruz. Bu nedenle taleplerinizi \u015feffafl\u0131k ve zaman\u0131nda kar\u015f\u0131lamak i\u00e7in t\u00fcm \u00e7abam\u0131z\u0131 g\u00f6steriyoruz.<\/p>\n<\/td>\n<td style=\"width: 33.3333%;\">\n<h6 align=\"CENTER\">\u00c7ekmek\u00f6y Mobilya Montaj Kurulum Ustas\u0131 \u0130leti\u015fim<\/h6>\n<p align=\"CENTER\">Esneklik.<\/p>\n<p align=\"CENTER\">\u0130ster 6 kap\u0131l\u0131 bir gard\u0131robu s\u00f6kmeniz, ister basit bir masay\u0131 yeniden monte etmeniz gerekiyorsa, biz sizin i\u00e7in hallederiz. Bize neye ihtiyac\u0131n\u0131z oldu\u011funu s\u00f6yleyin, size yard\u0131mc\u0131 olmak i\u00e7in elimizden geleni yapaca\u011f\u0131z.<\/p>\n<\/td>\n<\/tr>\n<\/tbody>\n<\/table>\n<table style=\"border-collapse: collapse; width: 100%;\">\n<tbody>\n<tr>\n<td>\n<h3 align=\"CENTER\"><em><strong>\u00c7ekmek\u00f6y Mobilya Montaj Ustas\u0131 \u0130leti\u015fim WHATSAPP \u00dczerinden Bize Ula\u015f\u0131n<\/strong><\/em><\/h3>\n<p align=\"CENTER\">Bizimle Whatsapp arac\u0131l\u0131\u011f\u0131yla ileti\u015fime ge\u00e7meyi tercih ederseniz a\u015fa\u011f\u0131daki\u00a0<span style=\"font-size: 18pt;\"><strong><a href=\"https:\/\/wa.me\/+905548581312\" target=\"_blank\" rel=\"noopener\">0554 858 1312<\/a><\/strong><\/span>\u00a0t\u0131klay\u0131n;<\/p>\n<p align=\"CENTER\"><a href=\"https:\/\/wa.me\/+905548581312\" target=\"_blank\" rel=\"noopener\"><img fetchpriority=\"high\" decoding=\"async\" class=\"aligncenter wp-image-275 size-full\" title=\"Tezcan Usta Whatsapp Hemen T\u0131kla Mesaj At\" src=\"https:\/\/www.onlinemarangoz.com.tr\/Cekmekoy\/wp-content\/uploads\/Whatsapp-Tikla-Hemen-Ara.jpg\" alt=\"Tezcan Usta Whatsapp Hemen T\u0131kla Mesaj At\" width=\"500\" height=\"120\" srcset=\"https:\/\/www.onlinemarangoz.com.tr\/Cekmekoy\/wp-content\/uploads\/Whatsapp-Tikla-Hemen-Ara.jpg 500w, https:\/\/www.onlinemarangoz.com.tr\/Cekmekoy\/wp-content\/uploads\/Whatsapp-Tikla-Hemen-Ara-300x72.jpg 300w\" sizes=\"(max-width: 500px) 100vw, 500px\" \/><\/a><\/p>\n<\/td>\n<td>\n<h4 align=\"CENTER\"><em><strong>\u00c7ekmek\u00f6y Mobilya Montaj Ustas\u0131 \u0130leti\u015fim Telefon \u00dczerinden Bize Ula\u015f\u0131n.<\/strong><\/em><\/h4>\n<p align=\"CENTER\">Bizimle Telefon arac\u0131l\u0131\u011f\u0131yla ileti\u015fime ge\u00e7meyi tercih ederseniz a\u015fa\u011f\u0131daki\u00a0<span style=\"font-size: 18pt;\"><strong><a href=\"tel:\/\/+905548581312\" target=\"_blank\" rel=\"noopener\">0554 858 1312<\/a><\/strong><\/span>\u00a0t\u0131klay\u0131n;<\/p>\n<p align=\"CENTER\"><a href=\"tel:\/\/+905548581312\" target=\"_blank\" rel=\"noopener\"><img decoding=\"async\" class=\"aligncenter wp-image-276 size-full\" title=\"Tezcan Usta Telefon Hemen T\u0131kla Ara\" src=\"https:\/\/www.onlinemarangoz.com.tr\/Cekmekoy\/wp-content\/uploads\/Telefon-Hemen-Ara.jpg\" alt=\"Tezcan Usta Telefon Hemen T\u0131kla Ara\" width=\"500\" height=\"120\" srcset=\"https:\/\/www.onlinemarangoz.com.tr\/Cekmekoy\/wp-content\/uploads\/Telefon-Hemen-Ara.jpg 500w, https:\/\/www.onlinemarangoz.com.tr\/Cekmekoy\/wp-content\/uploads\/Telefon-Hemen-Ara-300x72.jpg 300w\" sizes=\"(max-width: 500px) 100vw, 500px\" \/><\/a><\/p>\n<\/td>\n<\/tr>\n<\/tbody>\n<\/table>\n\n\n<div class=\"kk-star-ratings kksr-auto kksr-align-left kksr-valign-bottom\"\n    data-payload='{&quot;align&quot;:&quot;left&quot;,&quot;id&quot;:&quot;577&quot;,&quot;slug&quot;:&quot;default&quot;,&quot;valign&quot;:&quot;bottom&quot;,&quot;ignore&quot;:&quot;&quot;,&quot;reference&quot;:&quot;auto&quot;,&quot;class&quot;:&quot;&quot;,&quot;count&quot;:&quot;10&quot;,&quot;legendonly&quot;:&quot;&quot;,&quot;readonly&quot;:&quot;&quot;,&quot;score&quot;:&quot;5&quot;,&quot;starsonly&quot;:&quot;&quot;,&quot;best&quot;:&quot;5&quot;,&quot;gap&quot;:&quot;5&quot;,&quot;greet&quot;:&quot;\u00c7ekmek\u00f6y Marangoz \u2692\ufe0f\u00a0&quot;,&quot;legend&quot;:&quot;\u00c7ekmek\u00f6y Marangoz Ustas\u0131 \u2692\ufe0f\u00a010&quot;,&quot;size&quot;:&quot;24&quot;,&quot;title&quot;:&quot;\u00c7ekmek\u00f6y Mobilya Montaj Ustas\u0131 \u0130leti\u015fim&quot;,&quot;width&quot;:&quot;142.5&quot;,&quot;_legend&quot;:&quot;\u00c7ekmek\u00f6y Marangoz Ustas\u0131 \u2692\ufe0f\u00a0{count}&quot;,&quot;font_factor&quot;:&quot;1.25&quot;}'>\n            \n<div class=\"kksr-stars\">\n    \n<div class=\"kksr-stars-inactive\">\n            <div class=\"kksr-star\" data-star=\"1\" style=\"padding-right: 5px\">\n            \n\n<div class=\"kksr-icon\" style=\"width: 24px; height: 24px;\"><\/div>\n        <\/div>\n            <div class=\"kksr-star\" data-star=\"2\" style=\"padding-right: 5px\">\n            \n\n<div class=\"kksr-icon\" style=\"width: 24px; height: 24px;\"><\/div>\n        <\/div>\n            <div class=\"kksr-star\" data-star=\"3\" style=\"padding-right: 5px\">\n            \n\n<div class=\"kksr-icon\" style=\"width: 24px; height: 24px;\"><\/div>\n        <\/div>\n            <div class=\"kksr-star\" data-star=\"4\" style=\"padding-right: 5px\">\n            \n\n<div class=\"kksr-icon\" style=\"width: 24px; height: 24px;\"><\/div>\n        <\/div>\n            <div class=\"kksr-star\" data-star=\"5\" style=\"padding-right: 5px\">\n            \n\n<div class=\"kksr-icon\" style=\"width: 24px; height: 24px;\"><\/div>\n        <\/div>\n    <\/div>\n    \n<div class=\"kksr-stars-active\" style=\"width: 142.5px;\">\n            <div class=\"kksr-star\" style=\"padding-right: 5px\">\n            \n\n<div class=\"kksr-icon\" style=\"width: 24px; height: 24px;\"><\/div>\n        <\/div>\n            <div class=\"kksr-star\" style=\"padding-right: 5px\">\n            \n\n<div class=\"kksr-icon\" style=\"width: 24px; height: 24px;\"><\/div>\n        <\/div>\n            <div class=\"kksr-star\" style=\"padding-right: 5px\">\n            \n\n<div class=\"kksr-icon\" style=\"width: 24px; height: 24px;\"><\/div>\n        <\/div>\n            <div class=\"kksr-star\" style=\"padding-right: 5px\">\n            \n\n<div class=\"kksr-icon\" style=\"width: 24px; height: 24px;\"><\/div>\n        <\/div>\n            <div class=\"kksr-star\" style=\"padding-right: 5px\">\n            \n\n<div class=\"kksr-icon\" style=\"width: 24px; height: 24px;\"><\/div>\n        <\/div>\n    <\/div>\n<\/div>\n                \n\n<div class=\"kksr-legend\" style=\"font-size: 19.2px;\">\n            \u00c7ekmek\u00f6y Marangoz Ustas\u0131 \u2692\ufe0f\u00a010    <\/div>\n    <\/div>\n","protected":false},"excerpt":{"rendered":"<p>\u00c7ekmek\u00f6y Mobilya Montaj Ustas\u0131 \u0130leti\u015fim 0554 858 1312&#8221; numaral\u0131 telefondan bizi arayabilirsiniz. \u0130stanbul Anadolu Yakas\u0131 \u00c7ekmek\u00f6y&#8217;de Pazartesi&#8217;den \u00c7umartesi&#8217; ne&#8217; Sabah 09 : 00 \u2013 Ak\u015fam 20 : 00 ve Cumartesi sabah 09:00 \u2013 19 : 00 saatleri aras\u0131nda Mobilya Montaj&#8230; <a class=\"di-continue-reading\" href=\"https:\/\/www.onlinemarangoz.com.tr\/Cekmekoy\/cekmekoy-mobilya-montaj-ustasi-iletisim\/\"> Continue Reading&#8230;<\/a><\/p>\n","protected":false},"author":1,"featured_media":0,"parent":0,"menu_order":4060,"comment_status":"closed","ping_status":"closed","template":"","meta":{"footnotes":""},"categories":[1],"tags":[688,689,687,686],"class_list":["post-577","page","type-page","status-publish","hentry","category-cekmekoy-mobilya-tamir-montaj-servisi","tag-cekmekoy-mobilya-montaj-hizmeti-iletisim","tag-cekmekoy-mobilya-montaj-kurulum-ustasi-iletisim","tag-cekmekoy-mobilya-montaj-servisi-iletisim","tag-cekmekoy-mobilya-montaj-ustasi-iletisim"],"_links":{"self":[{"href":"https:\/\/www.onlinemarangoz.com.tr\/Cekmekoy\/wp-json\/wp\/v2\/pages\/577","targetHints":{"allow":["GET"]}}],"collection":[{"href":"https:\/\/www.onlinemarangoz.com.tr\/Cekmekoy\/wp-json\/wp\/v2\/pages"}],"about":[{"href":"https:\/\/www.onlinemarangoz.com.tr\/Cekmekoy\/wp-json\/wp\/v2\/types\/page"}],"author":[{"embeddable":true,"href":"https:\/\/www.onlinemarangoz.com.tr\/Cekmekoy\/wp-json\/wp\/v2\/users\/1"}],"replies":[{"embeddable":true,"href":"https:\/\/www.onlinemarangoz.com.tr\/Cekmekoy\/wp-json\/wp\/v2\/comments?post=577"}],"version-history":[{"count":0,"href":"https:\/\/www.onlinemarangoz.com.tr\/Cekmekoy\/wp-json\/wp\/v2\/pages\/577\/revisions"}],"wp:attachment":[{"href":"https:\/\/www.onlinemarangoz.com.tr\/Cekmekoy\/wp-json\/wp\/v2\/media?parent=577"}],"wp:term":[{"taxonomy":"category","embeddable":true,"href":"https:\/\/www.onlinemarangoz.com.tr\/Cekmekoy\/wp-json\/wp\/v2\/categories?post=577"},{"taxonomy":"post_tag","embeddable":true,"href":"https:\/\/www.onlinemarangoz.com.tr\/Cekmekoy\/wp-json\/wp\/v2\/tags?post=577"}],"curies":[{"name":"wp","href":"https:\/\/api.w.org\/{rel}","templated":true}]}}