{"id":582,"date":"2024-03-22T15:48:14","date_gmt":"2024-03-22T15:48:14","guid":{"rendered":"https:\/\/www.onlinemarangoz.com.tr\/Cekmekoy\/?page_id=582"},"modified":"2024-03-22T15:48:14","modified_gmt":"2024-03-22T15:48:14","slug":"cekmekoy-mobilya-montaj-ustasi-hakkimizda","status":"publish","type":"page","link":"https:\/\/www.onlinemarangoz.com.tr\/Cekmekoy\/cekmekoy-mobilya-montaj-ustasi-hakkimizda\/","title":{"rendered":"\u00c7ekmek\u00f6y Mobilya Montaj Ustas\u0131 Hakk\u0131m\u0131zda"},"content":{"rendered":"<p>\u00c7ekmek\u00f6y Mobilya Montaj Ustas\u0131 Hakk\u0131m\u0131zda 0554 858 1312&#8221; numaral\u0131 telefondan bizi arayabilirsiniz. \u0130stanbul Anadolu Yakas\u0131 \u00c7ekmek\u00f6y&#8217;de Pazartesi&#8217;den \u00c7umartesi&#8217; ne&#8217; Sabah 09 : 00 \u2013 Ak\u015fam 20 : 00 ve Cumartesi sabah 09:00 \u2013 19 : 00 saatleri aras\u0131nda Mobilya Montaj Ustas\u0131 \u2013 Mobilya Demontaj Montaj \u2013 Profesyonel Montaj &amp; Mobilya Kurulum Hizmeti, <span lang=\"en\">sizlere h\u0131zl\u0131 ve etkili \u00e7\u00f6z\u00fcmler sunmak i\u00e7in buraday\u0131z.<\/span><\/p>\n<figure id=\"attachment_464\" aria-describedby=\"caption-attachment-464\" style=\"width: 500px\" class=\"wp-caption alignright\"><img fetchpriority=\"high\" decoding=\"async\" class=\"size-full wp-image-464\" src=\"https:\/\/www.onlinemarangoz.com.tr\/Cekmekoy\/wp-content\/uploads\/Cekmekoy-Mobilya-Montaj-Kurulum-Servisi.jpg\" alt=\"\u00c7ekmek\u00f6y Mobilya Montaj\" width=\"500\" height=\"250\" srcset=\"https:\/\/www.onlinemarangoz.com.tr\/Cekmekoy\/wp-content\/uploads\/Cekmekoy-Mobilya-Montaj-Kurulum-Servisi.jpg 500w, https:\/\/www.onlinemarangoz.com.tr\/Cekmekoy\/wp-content\/uploads\/Cekmekoy-Mobilya-Montaj-Kurulum-Servisi-300x150.jpg 300w\" sizes=\"(max-width: 500px) 100vw, 500px\" \/><figcaption id=\"caption-attachment-464\" class=\"wp-caption-text\">\u00c7ekmek\u00f6y Mobilya Montaj<\/figcaption><\/figure>\n<h2 align=\"CENTER\">\u00c7ekmek\u00f6y Mobilya Montaj Ustas\u0131 Hakk\u0131m\u0131zda<\/h2>\n<p align=\"CENTER\">\u00c7ekmek\u00f6y Mobilya Montaj Ustas\u0131 Hakk\u0131m\u0131zda, Hizmetimiz, ev mobilyalar\u0131n\u0131n montaj\u0131 veya demontaj\u0131 konusunda deste\u011fe ihtiya\u00e7 duyan \u00f6zel ki\u015fi veya \u015firketlere y\u00f6neliktir. Mobilyalar\u0131n\u0131z\u0131n bak\u0131m\u0131n\u0131n sizin i\u00e7in \u00f6nemli oldu\u011funun bilincindeyiz, bu nedenle her ayr\u0131nt\u0131ya son derece dikkat ederek \u00e7al\u0131\u015f\u0131yoruz. Memnuniyetiniz bizim \u00f6nceli\u011fimizdir. Bug\u00fcn bizimle ileti\u015fime ge\u00e7in ve mobilyalar\u0131n\u0131z\u0131n montaj\u0131n\u0131 ve s\u00f6k\u00fclmesini nas\u0131l stressiz bir deneyime d\u00f6n\u00fc\u015ft\u00fcrebilece\u011fini \u00f6\u011frenin. Size g\u00fcvenebilece\u011finiz profesyonel bir hizmet sunmak i\u00e7in buraday\u0131z! \u00c7ekmek\u00f6y Mobilya Montaj Ustas\u0131 Hakk\u0131m\u0131zda&#8221; Deste\u011fimiz Pazartesi&#8217;den \u00c7umartesi&#8217; ne&#8217; Sabah 09 : 00 \u2013 20 : 00 ve Cumartesi sabah 09 : 00 \u2013 19 : 00 saatleri aras\u0131nda \u00c7ekmek\u00f6y Mobilya Montaj Ustas\u0131 Hakk\u0131m\u0131zda, daha fazla bilgi almak i\u00e7in bize &#8221;<span style=\"font-size: 14pt;\"><strong><a href=\"tel:\/\/+905548581312\" target=\"_blank\" rel=\"noopener\">0554 858 1312<\/a><\/strong><\/span>&#8221; numaral\u0131 telefondan bize ula\u015fabilir WhatsApp arac\u0131l\u0131\u011f\u0131yla do\u011frudan mesaj g\u00f6nderebilirsiniz.<\/p>\n<table style=\"border-collapse: collapse; width: 100%;\">\n<tbody>\n<tr>\n<td style=\"width: 33.3333%;\">\n<h3 style=\"text-align: center;\">\u00c7ekmek\u00f6y Mobilya Montaj Servisi Hakk\u0131m\u0131zda<\/h3>\n<\/td>\n<td style=\"width: 33.3333%;\">\n<h4><span style=\"font-size: 15px; letter-spacing: 0.5px; word-spacing: 0.5px;\">\u00c7ekmek\u00f6y Mobilya Montaj Hizmeti Hakk\u0131m\u0131zda<\/span><\/h4>\n<\/td>\n<td style=\"width: 33.3333%;\">\n<h5 style=\"text-align: center;\"><span style=\"font-size: 15px; letter-spacing: 0.5px; word-spacing: 0.5px;\">\u00c7ekmek\u00f6y Mobilya Montaj Kurulumu Hakk\u0131m\u0131zda<\/span><\/h5>\n<\/td>\n<\/tr>\n<\/tbody>\n<\/table>\n<table style=\"border-collapse: collapse; width: 100%;\">\n<tbody>\n<tr>\n<td>\n<h3 align=\"CENTER\"><em><strong>\u00c7ekmek\u00f6y Mobilya Montaj Ustas\u0131 Hakk\u0131m\u0131zda WHATSAPP \u00dczerinden Bize Ula\u015f\u0131n<\/strong><\/em><\/h3>\n<p align=\"CENTER\">Bizimle Whatsapp arac\u0131l\u0131\u011f\u0131yla ileti\u015fime ge\u00e7meyi tercih ederseniz a\u015fa\u011f\u0131daki\u00a0<span style=\"font-size: 18pt;\"><strong><a href=\"https:\/\/wa.me\/+905548581312\" target=\"_blank\" rel=\"noopener\">0554 858 1312<\/a><\/strong><\/span>\u00a0t\u0131klay\u0131n;<\/p>\n<p align=\"CENTER\"><a href=\"https:\/\/wa.me\/+905548581312\" target=\"_blank\" rel=\"noopener\"><img decoding=\"async\" class=\"aligncenter wp-image-275 size-full\" title=\"Tezcan Usta Whatsapp Hemen T\u0131kla Mesaj At\" src=\"https:\/\/www.onlinemarangoz.com.tr\/Cekmekoy\/wp-content\/uploads\/Whatsapp-Tikla-Hemen-Ara.jpg\" alt=\"Tezcan Usta Whatsapp Hemen T\u0131kla Mesaj At\" width=\"500\" height=\"120\" srcset=\"https:\/\/www.onlinemarangoz.com.tr\/Cekmekoy\/wp-content\/uploads\/Whatsapp-Tikla-Hemen-Ara.jpg 500w, https:\/\/www.onlinemarangoz.com.tr\/Cekmekoy\/wp-content\/uploads\/Whatsapp-Tikla-Hemen-Ara-300x72.jpg 300w\" sizes=\"(max-width: 500px) 100vw, 500px\" \/><\/a><\/p>\n<\/td>\n<td>\n<h4 align=\"CENTER\"><em><strong>\u00c7ekmek\u00f6y Mobilya Montaj Ustas\u0131 Hakk\u0131m\u0131zda Telefon \u00dczerinden Bize Ula\u015f\u0131n.<\/strong><\/em><\/h4>\n<p align=\"CENTER\">Bizimle Telefon arac\u0131l\u0131\u011f\u0131yla ileti\u015fime ge\u00e7meyi tercih ederseniz a\u015fa\u011f\u0131daki\u00a0<span style=\"font-size: 18pt;\"><strong><a href=\"tel:\/\/+905548581312\" target=\"_blank\" rel=\"noopener\">0554 858 1312<\/a><\/strong><\/span>\u00a0t\u0131klay\u0131n;<\/p>\n<p align=\"CENTER\"><a href=\"tel:\/\/+905548581312\" target=\"_blank\" rel=\"noopener\"><img decoding=\"async\" class=\"aligncenter wp-image-276 size-full\" title=\"Tezcan Usta Telefon Hemen T\u0131kla Ara\" src=\"https:\/\/www.onlinemarangoz.com.tr\/Cekmekoy\/wp-content\/uploads\/Telefon-Hemen-Ara.jpg\" alt=\"Tezcan Usta Telefon Hemen T\u0131kla Ara\" width=\"500\" height=\"120\" srcset=\"https:\/\/www.onlinemarangoz.com.tr\/Cekmekoy\/wp-content\/uploads\/Telefon-Hemen-Ara.jpg 500w, https:\/\/www.onlinemarangoz.com.tr\/Cekmekoy\/wp-content\/uploads\/Telefon-Hemen-Ara-300x72.jpg 300w\" sizes=\"(max-width: 500px) 100vw, 500px\" \/><\/a><\/p>\n<\/td>\n<\/tr>\n<\/tbody>\n<\/table>\n\n\n<div class=\"kk-star-ratings kksr-auto kksr-align-left kksr-valign-bottom\"\n    data-payload='{&quot;align&quot;:&quot;left&quot;,&quot;id&quot;:&quot;582&quot;,&quot;slug&quot;:&quot;default&quot;,&quot;valign&quot;:&quot;bottom&quot;,&quot;ignore&quot;:&quot;&quot;,&quot;reference&quot;:&quot;auto&quot;,&quot;class&quot;:&quot;&quot;,&quot;count&quot;:&quot;10&quot;,&quot;legendonly&quot;:&quot;&quot;,&quot;readonly&quot;:&quot;&quot;,&quot;score&quot;:&quot;5&quot;,&quot;starsonly&quot;:&quot;&quot;,&quot;best&quot;:&quot;5&quot;,&quot;gap&quot;:&quot;5&quot;,&quot;greet&quot;:&quot;\u00c7ekmek\u00f6y Marangoz \u2692\ufe0f\u00a0&quot;,&quot;legend&quot;:&quot;\u00c7ekmek\u00f6y Marangoz Ustas\u0131 \u2692\ufe0f\u00a010&quot;,&quot;size&quot;:&quot;24&quot;,&quot;title&quot;:&quot;\u00c7ekmek\u00f6y Mobilya Montaj Ustas\u0131 Hakk\u0131m\u0131zda&quot;,&quot;width&quot;:&quot;142.5&quot;,&quot;_legend&quot;:&quot;\u00c7ekmek\u00f6y Marangoz Ustas\u0131 \u2692\ufe0f\u00a0{count}&quot;,&quot;font_factor&quot;:&quot;1.25&quot;}'>\n            \n<div class=\"kksr-stars\">\n    \n<div class=\"kksr-stars-inactive\">\n            <div class=\"kksr-star\" data-star=\"1\" style=\"padding-right: 5px\">\n            \n\n<div class=\"kksr-icon\" style=\"width: 24px; height: 24px;\"><\/div>\n        <\/div>\n            <div class=\"kksr-star\" data-star=\"2\" style=\"padding-right: 5px\">\n            \n\n<div class=\"kksr-icon\" style=\"width: 24px; height: 24px;\"><\/div>\n        <\/div>\n            <div class=\"kksr-star\" data-star=\"3\" style=\"padding-right: 5px\">\n            \n\n<div class=\"kksr-icon\" style=\"width: 24px; height: 24px;\"><\/div>\n        <\/div>\n            <div class=\"kksr-star\" data-star=\"4\" style=\"padding-right: 5px\">\n            \n\n<div class=\"kksr-icon\" style=\"width: 24px; height: 24px;\"><\/div>\n        <\/div>\n            <div class=\"kksr-star\" data-star=\"5\" style=\"padding-right: 5px\">\n            \n\n<div class=\"kksr-icon\" style=\"width: 24px; height: 24px;\"><\/div>\n        <\/div>\n    <\/div>\n    \n<div class=\"kksr-stars-active\" style=\"width: 142.5px;\">\n            <div class=\"kksr-star\" style=\"padding-right: 5px\">\n            \n\n<div class=\"kksr-icon\" style=\"width: 24px; height: 24px;\"><\/div>\n        <\/div>\n            <div class=\"kksr-star\" style=\"padding-right: 5px\">\n            \n\n<div class=\"kksr-icon\" style=\"width: 24px; height: 24px;\"><\/div>\n        <\/div>\n            <div class=\"kksr-star\" style=\"padding-right: 5px\">\n            \n\n<div class=\"kksr-icon\" style=\"width: 24px; height: 24px;\"><\/div>\n        <\/div>\n            <div class=\"kksr-star\" style=\"padding-right: 5px\">\n            \n\n<div class=\"kksr-icon\" style=\"width: 24px; height: 24px;\"><\/div>\n        <\/div>\n            <div class=\"kksr-star\" style=\"padding-right: 5px\">\n            \n\n<div class=\"kksr-icon\" style=\"width: 24px; height: 24px;\"><\/div>\n        <\/div>\n    <\/div>\n<\/div>\n                \n\n<div class=\"kksr-legend\" style=\"font-size: 19.2px;\">\n            \u00c7ekmek\u00f6y Marangoz Ustas\u0131 \u2692\ufe0f\u00a010    <\/div>\n    <\/div>\n","protected":false},"excerpt":{"rendered":"<p>\u00c7ekmek\u00f6y Mobilya Montaj Ustas\u0131 Hakk\u0131m\u0131zda 0554 858 1312&#8221; numaral\u0131 telefondan bizi arayabilirsiniz. \u0130stanbul Anadolu Yakas\u0131 \u00c7ekmek\u00f6y&#8217;de Pazartesi&#8217;den \u00c7umartesi&#8217; ne&#8217; Sabah 09 : 00 \u2013 Ak\u015fam 20 : 00 ve Cumartesi sabah 09:00 \u2013 19 : 00 saatleri aras\u0131nda Mobilya Montaj&#8230; <a class=\"di-continue-reading\" href=\"https:\/\/www.onlinemarangoz.com.tr\/Cekmekoy\/cekmekoy-mobilya-montaj-ustasi-hakkimizda\/\"> Continue Reading&#8230;<\/a><\/p>\n","protected":false},"author":1,"featured_media":0,"parent":0,"menu_order":4080,"comment_status":"closed","ping_status":"closed","template":"","meta":{"footnotes":""},"categories":[1],"tags":[692,693,691,690],"class_list":["post-582","page","type-page","status-publish","hentry","category-cekmekoy-mobilya-tamir-montaj-servisi","tag-cekmekoy-mobilya-montaj-hizmeti-hakkimizda","tag-cekmekoy-mobilya-montaj-kurulumu-hakkimizda","tag-cekmekoy-mobilya-montaj-servisi-hakkimizda","tag-cekmekoy-mobilya-montaj-ustasi-hakkimizda"],"_links":{"self":[{"href":"https:\/\/www.onlinemarangoz.com.tr\/Cekmekoy\/wp-json\/wp\/v2\/pages\/582","targetHints":{"allow":["GET"]}}],"collection":[{"href":"https:\/\/www.onlinemarangoz.com.tr\/Cekmekoy\/wp-json\/wp\/v2\/pages"}],"about":[{"href":"https:\/\/www.onlinemarangoz.com.tr\/Cekmekoy\/wp-json\/wp\/v2\/types\/page"}],"author":[{"embeddable":true,"href":"https:\/\/www.onlinemarangoz.com.tr\/Cekmekoy\/wp-json\/wp\/v2\/users\/1"}],"replies":[{"embeddable":true,"href":"https:\/\/www.onlinemarangoz.com.tr\/Cekmekoy\/wp-json\/wp\/v2\/comments?post=582"}],"version-history":[{"count":0,"href":"https:\/\/www.onlinemarangoz.com.tr\/Cekmekoy\/wp-json\/wp\/v2\/pages\/582\/revisions"}],"wp:attachment":[{"href":"https:\/\/www.onlinemarangoz.com.tr\/Cekmekoy\/wp-json\/wp\/v2\/media?parent=582"}],"wp:term":[{"taxonomy":"category","embeddable":true,"href":"https:\/\/www.onlinemarangoz.com.tr\/Cekmekoy\/wp-json\/wp\/v2\/categories?post=582"},{"taxonomy":"post_tag","embeddable":true,"href":"https:\/\/www.onlinemarangoz.com.tr\/Cekmekoy\/wp-json\/wp\/v2\/tags?post=582"}],"curies":[{"name":"wp","href":"https:\/\/api.w.org\/{rel}","templated":true}]}}