{"id":637,"date":"2024-04-04T04:10:42","date_gmt":"2024-04-04T04:10:42","guid":{"rendered":"https:\/\/www.onlinemarangoz.com.tr\/Cekmekoy\/?page_id=637"},"modified":"2024-04-04T04:18:15","modified_gmt":"2024-04-04T04:18:15","slug":"cekmekoy-sandalye-tamiri-telefon","status":"publish","type":"page","link":"https:\/\/www.onlinemarangoz.com.tr\/Cekmekoy\/cekmekoy-sandalye-tamiri-telefon\/","title":{"rendered":"\u00c7ekmek\u00f6y Sandalye Tamiri Telefon"},"content":{"rendered":"<p>\u00c7ekmek\u00f6y Sandalye Tamiri Telefon, m\u00fc\u015fterilerimizin evlerindeki her t\u00fcrl\u00fc Ah\u015fap K\u0131r\u0131k G\u0131c\u0131rdayan Sandalye Tamiri onar\u0131m\u0131n\u0131 yaln\u0131zca orijinal yedek par\u00e7alarla ger\u00e7ekle\u015ftirmektedir. Ah\u015fap K\u0131r\u0131k G\u0131c\u0131rdayan Sandalye Tamiri onar\u0131m m\u00fc\u015fterilerin ihtiya\u00e7lar\u0131n\u0131 en iyi \u015fekilde nas\u0131l yorumlayaca\u011f\u0131n\u0131 bilir. Sandalye Tamiri yard\u0131m hizmeti y\u0131l\u0131n her g\u00fcn\u00fc sabah 09 . 00&#8217;dan ak\u015fam 8&#8217;e kadar mevcuttur! \u00c7ekmek\u00f6y genelinde Ah\u015fap K\u0131r\u0131k G\u0131c\u0131rdayan Sandalye Tamiri ger\u00e7ekle\u015ftiriyoruz.<\/p>\n<h2 style=\"text-align: left;\" align=\"CENTER\">\u00c7ekmek\u00f6y Sandalye Tamiri Telefon<\/h2>\n<table style=\"border-collapse: collapse; width: 100%;\">\n<tbody>\n<tr>\n<td style=\"width: 50%;\">\n<p align=\"CENTER\"><strong>\u00c7ekmek\u00f6y Sandalye Tamir Servisi Telefon<\/strong><em>&#8221; Pazartesi&#8217;den Cumartesi&#8217;ye 09 : 00 \u2013 20 : 00 saatleri aras\u0131nda Yard\u0131ma ihtiyac\u0131n\u0131z olursa herhangi bir sorunuz varsa bize Whatsapp 0554 858 1312 arac\u0131l\u0131\u011f\u0131yla veya <\/em><strong><a href=\"tel:\/\/+905548581312\" target=\"_blank\" rel=\"noopener\"><span style=\"font-size: large;\">0554 858 1312<\/span><\/a><\/strong> <em>numaral\u0131 telefondan kaliteli hizmetimiz ile hayat\u0131n\u0131z\u0131 daha kolay ve konforlu hale getirmenize yard\u0131mc\u0131 olmak i\u00e7in bizi aray\u0131n. <\/em><\/p>\n<\/td>\n<td style=\"width: 50%;\"><img fetchpriority=\"high\" decoding=\"async\" class=\"aligncenter wp-image-620\" style=\"font-size: 15px; letter-spacing: 0.5px; word-spacing: 0.5px;\" src=\"https:\/\/www.onlinemarangoz.com.tr\/Cekmekoy\/wp-content\/uploads\/Cekmekoy-Sandalye-Tamir-sERVIS.jpg\" alt=\"\u00c7ekmek\u00f6y Sandalye Tamiri\" width=\"400\" height=\"200\" srcset=\"https:\/\/www.onlinemarangoz.com.tr\/Cekmekoy\/wp-content\/uploads\/Cekmekoy-Sandalye-Tamir-sERVIS.jpg 500w, https:\/\/www.onlinemarangoz.com.tr\/Cekmekoy\/wp-content\/uploads\/Cekmekoy-Sandalye-Tamir-sERVIS-300x150.jpg 300w\" sizes=\"(max-width: 400px) 100vw, 400px\" \/><\/td>\n<\/tr>\n<\/tbody>\n<\/table>\n<p style=\"text-align: center;\"><strong>\u00c7ekmek\u00f6y Sandalye Tamiri Telefon<\/strong>&#8221; onar\u0131m\u0131 yeni durumuna d\u00f6nd\u00fcrmek i\u00e7in yard\u0131m hizmeti, evdeki onar\u0131mlar i\u00e7in 12 saat hizmetinizdedir. Minib\u00fcs\u00fcm\u00fczde s\u0131kl\u0131kla yedek par\u00e7a bulunur. \u00c7ekmek\u00f6y Sandalye Tamiri Telefon&#8221; \u00c7ekmek\u00f6y ve \u00e7evre b\u00f6lgelerde ayn\u0131 g\u00fcn veya ertesi g\u00fcn Sandalye tamir ve bak\u0131m hizmetleri vermekteyiz. Sandalye Tamir Servisi&#8221; Deneyimli ve profesyonel kadromuz her marka ve model Sandalye tamirinde size yard\u0131mc\u0131 olmaya her zaman haz\u0131r\u0131z.<\/p>\n\n\n<div class=\"kk-star-ratings kksr-auto kksr-align-left kksr-valign-bottom\"\n    data-payload='{&quot;align&quot;:&quot;left&quot;,&quot;id&quot;:&quot;637&quot;,&quot;slug&quot;:&quot;default&quot;,&quot;valign&quot;:&quot;bottom&quot;,&quot;ignore&quot;:&quot;&quot;,&quot;reference&quot;:&quot;auto&quot;,&quot;class&quot;:&quot;&quot;,&quot;count&quot;:&quot;10&quot;,&quot;legendonly&quot;:&quot;&quot;,&quot;readonly&quot;:&quot;&quot;,&quot;score&quot;:&quot;5&quot;,&quot;starsonly&quot;:&quot;&quot;,&quot;best&quot;:&quot;5&quot;,&quot;gap&quot;:&quot;5&quot;,&quot;greet&quot;:&quot;\u00c7ekmek\u00f6y Marangoz \u2692\ufe0f\u00a0&quot;,&quot;legend&quot;:&quot;\u00c7ekmek\u00f6y Marangoz Ustas\u0131 \u2692\ufe0f\u00a010&quot;,&quot;size&quot;:&quot;24&quot;,&quot;title&quot;:&quot;\u00c7ekmek\u00f6y Sandalye Tamiri Telefon&quot;,&quot;width&quot;:&quot;142.5&quot;,&quot;_legend&quot;:&quot;\u00c7ekmek\u00f6y Marangoz Ustas\u0131 \u2692\ufe0f\u00a0{count}&quot;,&quot;font_factor&quot;:&quot;1.25&quot;}'>\n            \n<div class=\"kksr-stars\">\n    \n<div class=\"kksr-stars-inactive\">\n            <div class=\"kksr-star\" data-star=\"1\" style=\"padding-right: 5px\">\n            \n\n<div class=\"kksr-icon\" style=\"width: 24px; height: 24px;\"><\/div>\n        <\/div>\n            <div class=\"kksr-star\" data-star=\"2\" style=\"padding-right: 5px\">\n            \n\n<div class=\"kksr-icon\" style=\"width: 24px; height: 24px;\"><\/div>\n        <\/div>\n            <div class=\"kksr-star\" data-star=\"3\" style=\"padding-right: 5px\">\n            \n\n<div class=\"kksr-icon\" style=\"width: 24px; height: 24px;\"><\/div>\n        <\/div>\n            <div class=\"kksr-star\" data-star=\"4\" style=\"padding-right: 5px\">\n            \n\n<div class=\"kksr-icon\" style=\"width: 24px; height: 24px;\"><\/div>\n        <\/div>\n            <div class=\"kksr-star\" data-star=\"5\" style=\"padding-right: 5px\">\n            \n\n<div class=\"kksr-icon\" style=\"width: 24px; height: 24px;\"><\/div>\n        <\/div>\n    <\/div>\n    \n<div class=\"kksr-stars-active\" style=\"width: 142.5px;\">\n            <div class=\"kksr-star\" style=\"padding-right: 5px\">\n            \n\n<div class=\"kksr-icon\" style=\"width: 24px; height: 24px;\"><\/div>\n        <\/div>\n            <div class=\"kksr-star\" style=\"padding-right: 5px\">\n            \n\n<div class=\"kksr-icon\" style=\"width: 24px; height: 24px;\"><\/div>\n        <\/div>\n            <div class=\"kksr-star\" style=\"padding-right: 5px\">\n            \n\n<div class=\"kksr-icon\" style=\"width: 24px; height: 24px;\"><\/div>\n        <\/div>\n            <div class=\"kksr-star\" style=\"padding-right: 5px\">\n            \n\n<div class=\"kksr-icon\" style=\"width: 24px; height: 24px;\"><\/div>\n        <\/div>\n            <div class=\"kksr-star\" style=\"padding-right: 5px\">\n            \n\n<div class=\"kksr-icon\" style=\"width: 24px; height: 24px;\"><\/div>\n        <\/div>\n    <\/div>\n<\/div>\n                \n\n<div class=\"kksr-legend\" style=\"font-size: 19.2px;\">\n            \u00c7ekmek\u00f6y Marangoz Ustas\u0131 \u2692\ufe0f\u00a010    <\/div>\n    <\/div>\n","protected":false},"excerpt":{"rendered":"<p>\u00c7ekmek\u00f6y Sandalye Tamiri Telefon, m\u00fc\u015fterilerimizin evlerindeki her t\u00fcrl\u00fc Ah\u015fap K\u0131r\u0131k G\u0131c\u0131rdayan Sandalye Tamiri onar\u0131m\u0131n\u0131 yaln\u0131zca orijinal yedek par\u00e7alarla ger\u00e7ekle\u015ftirmektedir. Ah\u015fap K\u0131r\u0131k G\u0131c\u0131rdayan Sandalye Tamiri onar\u0131m m\u00fc\u015fterilerin ihtiya\u00e7lar\u0131n\u0131 en iyi \u015fekilde nas\u0131l yorumlayaca\u011f\u0131n\u0131 bilir. Sandalye Tamiri yard\u0131m hizmeti y\u0131l\u0131n her g\u00fcn\u00fc&#8230; <a class=\"di-continue-reading\" href=\"https:\/\/www.onlinemarangoz.com.tr\/Cekmekoy\/cekmekoy-sandalye-tamiri-telefon\/\"> Continue Reading&#8230;<\/a><\/p>\n","protected":false},"author":1,"featured_media":0,"parent":0,"menu_order":5013,"comment_status":"closed","ping_status":"closed","template":"","meta":{"footnotes":""},"categories":[1],"tags":[763,765,764],"class_list":["post-637","page","type-page","status-publish","hentry","category-cekmekoy-mobilya-tamir-montaj-servisi","tag-cekmekoy-ahsap-sandalye-tamiri-telefon","tag-cekmekoy-sandalye-tamir-servis-telefonu","tag-cekmekoy-sandalye-tamiri-telefon"],"_links":{"self":[{"href":"https:\/\/www.onlinemarangoz.com.tr\/Cekmekoy\/wp-json\/wp\/v2\/pages\/637","targetHints":{"allow":["GET"]}}],"collection":[{"href":"https:\/\/www.onlinemarangoz.com.tr\/Cekmekoy\/wp-json\/wp\/v2\/pages"}],"about":[{"href":"https:\/\/www.onlinemarangoz.com.tr\/Cekmekoy\/wp-json\/wp\/v2\/types\/page"}],"author":[{"embeddable":true,"href":"https:\/\/www.onlinemarangoz.com.tr\/Cekmekoy\/wp-json\/wp\/v2\/users\/1"}],"replies":[{"embeddable":true,"href":"https:\/\/www.onlinemarangoz.com.tr\/Cekmekoy\/wp-json\/wp\/v2\/comments?post=637"}],"version-history":[{"count":0,"href":"https:\/\/www.onlinemarangoz.com.tr\/Cekmekoy\/wp-json\/wp\/v2\/pages\/637\/revisions"}],"wp:attachment":[{"href":"https:\/\/www.onlinemarangoz.com.tr\/Cekmekoy\/wp-json\/wp\/v2\/media?parent=637"}],"wp:term":[{"taxonomy":"category","embeddable":true,"href":"https:\/\/www.onlinemarangoz.com.tr\/Cekmekoy\/wp-json\/wp\/v2\/categories?post=637"},{"taxonomy":"post_tag","embeddable":true,"href":"https:\/\/www.onlinemarangoz.com.tr\/Cekmekoy\/wp-json\/wp\/v2\/tags?post=637"}],"curies":[{"name":"wp","href":"https:\/\/api.w.org\/{rel}","templated":true}]}}