{"id":1000,"date":"2024-05-11T23:46:11","date_gmt":"2024-05-11T23:46:11","guid":{"rendered":"https:\/\/www.onlinemarangoz.com.tr\/Kadikoy\/?page_id=1000"},"modified":"2024-05-11T23:46:11","modified_gmt":"2024-05-11T23:46:11","slug":"kadikoy-sallanan-sandalye-tamir-servisi","status":"publish","type":"page","link":"https:\/\/www.onlinemarangoz.com.tr\/Kadikoy\/kadikoy-sallanan-sandalye-tamir-servisi\/","title":{"rendered":"Kad\u0131k\u00f6y Sallanan Sandalye Tamir Servisi"},"content":{"rendered":"<p>Kad\u0131k\u00f6y Sallanan Sandalye Tamir Servisi || Sallanan Sandalye Tamir Servisi Telefon 0554 858 1312&#8221; \u0130stanbul Anadolu Yakas\u0131 Kad\u0131k\u00f6y Sallanan Sandalye Tamir Servisi&#8221; sallanan sandalyeye oturan herkes bunun ne kadar rahat olabilece\u011fini bilir. Bu e\u015fsiz sandalyeler oturma odas\u0131 i\u00e7in \u00e7ok pop\u00fclerdir ancak zamanla normal a\u015f\u0131nma ve y\u0131pranma nedeniyle hasar g\u00f6r\u00fcrler. Hasar\u0131n \u00e7o\u011funu ta\u015f\u0131ma e\u011filiminde olan alanlardan biri ah\u015faplar\u0131d\u0131r. Ama endi\u015felenmeyin. Yeni bir sallanan sandalyeye alman\u0131za gerek yok. Sizin i\u00e7in m\u00fckemmel \u015fekilde \u00e7al\u0131\u015facak sallanan sandalyeye tamirimiz mevcut.<\/p>\n<figure id=\"attachment_782\" aria-describedby=\"caption-attachment-782\" style=\"width: 500px\" class=\"wp-caption alignright\"><img fetchpriority=\"high\" decoding=\"async\" class=\"size-full wp-image-782\" src=\"https:\/\/www.onlinemarangoz.com.tr\/Kadikoy\/wp-content\/uploads\/Kadikoy-Sandalye-Tamir.jpg\" alt=\"Kad\u0131k\u00f6y Sandalye Tamiri\" width=\"500\" height=\"250\" srcset=\"https:\/\/www.onlinemarangoz.com.tr\/Kadikoy\/wp-content\/uploads\/Kadikoy-Sandalye-Tamir.jpg 500w, https:\/\/www.onlinemarangoz.com.tr\/Kadikoy\/wp-content\/uploads\/Kadikoy-Sandalye-Tamir-300x150.jpg 300w\" sizes=\"(max-width: 500px) 100vw, 500px\" \/><figcaption id=\"caption-attachment-782\" class=\"wp-caption-text\">Kad\u0131k\u00f6y Sandalye Tamiri<\/figcaption><\/figure>\n<h2>Kad\u0131k\u00f6y Sallanan Sandalye Tamir Servisi<\/h2>\n<p>Kad\u0131k\u00f6y Sallanan Ah\u015fap Sandalye Tamiri&#8221; en iyi Ah\u015fap Sallanan Sandalye Tamir ve restorasyon servisi sekt\u00f6rde e\u015fi benzeri olmayan m\u00fckemmellik konusunda k\u00f6kl\u00fc bir \u00fcne sahibiz. Kad\u0131k\u00f6y Sallanan K\u0131r\u0131k Sandalye Tamiri&#8221; Ba\u015far\u0131m\u0131z, ah\u015fap sallanan sandalye tamiri restorasyonu ve onar\u0131m\u0131nda m\u00fc\u015fterilerimize tek ba\u015f\u0131na i\u015f\u00e7ilik ve kaliteli hizmet sunma konusundaki kararl\u0131l\u0131\u011f\u0131m\u0131za s\u0131k\u0131 s\u0131k\u0131ya ba\u011fl\u0131d\u0131r. Kad\u0131k\u00f6y Sallanan Sandalye Tamiri&#8221; Her konut ve i\u015f ortam\u0131nda, Sallanan K\u0131r\u0131k Sandalye de\u011fi\u015ftirilmesinde ucuz bir fark sunuyoruz. ah\u015fap Sallanan Sandalye Tamircisi&#8221; Sallanan K\u0131r\u0131k Sandalye Tamiri&#8221; Sallanan Ah\u015fap Sandalye Tamiri&#8221; Sallanan Sandalye Tamir Servisi&#8221; Sallanan G\u0131c\u0131rdayan Sandalye Tamiri&#8221; onar\u0131m\u0131na odaklanma e\u011filimindeyiz. Kad\u0131k\u00f6y Sallanan G\u0131c\u0131rdayan Sandalye Tamiri&#8221; Onar\u0131m\u0131 hakk\u0131nda daha fazla bilgi edinmek i\u00e7in, herhangi bir sorunuz varsa veya \u00fccretsiz, hi\u00e7bir y\u00fck\u00fcml\u00fcl\u00fck alt\u0131na girmeyen bir fiyat teklifi istiyorsan\u0131z l\u00fctfen bizimle ileti\u015fime ge\u00e7mekten \u00e7ekinmeyin. Whatsapp 0535 820 3147 resim g\u00f6nderin veya 0554 858 1312&#8221; numaral\u0131 telefondan &#8221;Kad\u0131k\u00f6y Sallanan Sandalye Tamir Servisi&#8221; ula\u015fabilirsiniz.<img decoding=\"async\" class=\"size-full wp-image-50 alignleft\" src=\"https:\/\/www.onlinemarangoz.com.tr\/Kadikoy\/wp-content\/uploads\/Kadikoy-Sallanan-Sandalye-Tamircisi.jpg\" alt=\"\" width=\"300\" height=\"300\" srcset=\"https:\/\/www.onlinemarangoz.com.tr\/Kadikoy\/wp-content\/uploads\/Kadikoy-Sallanan-Sandalye-Tamircisi.jpg 300w, https:\/\/www.onlinemarangoz.com.tr\/Kadikoy\/wp-content\/uploads\/Kadikoy-Sallanan-Sandalye-Tamircisi-150x150.jpg 150w, https:\/\/www.onlinemarangoz.com.tr\/Kadikoy\/wp-content\/uploads\/Kadikoy-Sallanan-Sandalye-Tamircisi-90x90.jpg 90w\" sizes=\"(max-width: 300px) 100vw, 300px\" \/><\/p>\n<h3 style=\"text-align: center;\">Kad\u0131k\u00f6y Sallanan Sandalye Tamircisi<\/h3>\n<p style=\"text-align: center;\">Kad\u0131k\u00f6y Sallanan Sandalye Tamircisi&#8221; Randevu ayarlamak kolayd\u0131r. Program\u0131n\u0131za g\u00f6re \u00e7al\u0131\u015f\u0131yoruz ve size kolayl\u0131k sa\u011flamak i\u00e7in mesai sonras\u0131 hizmetler sunuyoruz. Kad\u0131k\u00f6y b\u00f6lgesinde ya\u015f\u0131yorsan\u0131z ve kaliteli sallanan sandalye onar\u0131m hizmetleri ar\u0131yorsan\u0131z bizi &#8221;0554 858 13 12&#8221; numaral\u0131 telefondan aray\u0131n. Eskiyen veya k\u0131r\u0131lan sallanan sandalyenizi k\u0131sa s\u00fcrede yeni g\u00f6r\u00fcn\u00fcme kavu\u015fturuyoruz.<\/p>\n<table style=\"border-collapse: collapse; width: 100%;\">\n<tbody>\n<tr>\n<td><a href=\"tel:\/\/+905548581312\" target=\"_blank\" rel=\"noopener\"><img decoding=\"async\" class=\"aligncenter wp-image-505 size-full\" title=\"Tezcan Usta Telefon Hemen T\u0131kla Ara\" src=\"https:\/\/www.onlinemarangoz.com.tr\/Kadikoy\/wp-content\/uploads\/Telefon-Hemen-Ara.jpg\" alt=\"Tezcan Usta Telefon Hemen T\u0131kla Ara\" width=\"500\" height=\"120\" srcset=\"https:\/\/www.onlinemarangoz.com.tr\/Kadikoy\/wp-content\/uploads\/Telefon-Hemen-Ara.jpg 500w, https:\/\/www.onlinemarangoz.com.tr\/Kadikoy\/wp-content\/uploads\/Telefon-Hemen-Ara-300x72.jpg 300w\" sizes=\"(max-width: 500px) 100vw, 500px\" \/><\/a><\/p>\n<h4 style=\"text-align: center;\"><span style=\"color: #0000ff;\"><span style=\"font-size: 14pt;\"><a style=\"color: #0000ff;\" href=\"tel:\/\/+905548581312\" target=\"_blank\" rel=\"noopener\">Kad\u0131k\u00f6y Sallanan Sandalye Tamir Servisi Telefon \u00dczerinden Bize Ula\u015f\u0131n<\/a><\/span>.<\/span><\/h4>\n<p style=\"text-align: center;\">Bizimle Telefon arac\u0131l\u0131\u011f\u0131yla ileti\u015fime ge\u00e7meyi tercih ederseniz a\u015fa\u011f\u0131daki<\/p>\n<p style=\"text-align: center;\"><span style=\"color: #0000ff;\"><strong><span style=\"font-size: 14pt;\"><a style=\"color: #0000ff;\" href=\"tel:\/\/+905548581312\" target=\"_blank\" rel=\"noopener\">0554 858 1312<\/a><\/span><\/strong><\/span>\u00a0Telefon t\u0131klay\u0131n aray\u0131n.<\/p>\n<\/td>\n<td style=\"width: 50%;\">\n<h5 style=\"text-align: center;\"><span style=\"color: #339966;\"><a style=\"color: #339966;\" href=\"https:\/\/wa.me\/+905548581312\" target=\"_blank\" rel=\"noopener\">Kad\u0131k\u00f6y Sallanan Sandalye Tamiri WHATSAPP \u00dczerinden Bize Ula\u015f\u0131n<\/a><\/span>.<\/h5>\n<p style=\"text-align: center;\">Bizimle Whatsapp arac\u0131l\u0131\u011f\u0131yla ileti\u015fime ge\u00e7meyi tercih ederseniz a\u015fa\u011f\u0131daki<\/p>\n<p style=\"text-align: center;\"><span style=\"color: #339966;\"><strong><span style=\"font-size: 14pt;\"><a style=\"color: #339966;\" href=\"https:\/\/wa.me\/+905548581312\" target=\"_blank\" rel=\"noopener\">0554 858 1312<\/a><\/span><\/strong><\/span>\u00a0t\u0131klay\u0131n mesaj g\u00f6nderin.<\/p>\n<p><a href=\"https:\/\/wa.me\/+905548581312\" target=\"_blank\" rel=\"noopener\"><img loading=\"lazy\" decoding=\"async\" class=\"aligncenter wp-image-506 size-full\" title=\"Tezcan Usta Whatsapp Hemen T\u0131kla Mesaj At\" src=\"https:\/\/www.onlinemarangoz.com.tr\/Kadikoy\/wp-content\/uploads\/Whatsapp-Tikla-Hemen-Ara.jpg\" alt=\"Tezcan Usta Whatsapp Hemen T\u0131kla Mesaj At\" width=\"500\" height=\"120\" srcset=\"https:\/\/www.onlinemarangoz.com.tr\/Kadikoy\/wp-content\/uploads\/Whatsapp-Tikla-Hemen-Ara.jpg 500w, https:\/\/www.onlinemarangoz.com.tr\/Kadikoy\/wp-content\/uploads\/Whatsapp-Tikla-Hemen-Ara-300x72.jpg 300w\" sizes=\"(max-width: 500px) 100vw, 500px\" \/><\/a><\/td>\n<\/tr>\n<\/tbody>\n<\/table>\n<h3 align=\"CENTER\">Kad\u0131k\u00f6y Sallanan Sandalye Tamiri<\/h3>\n<p align=\"CENTER\">Kad\u0131k\u00f6y Sallanan Sandalye Tamiri&#8221; Pazartesi&#8217;den Cumartesi&#8217;ye 09 : 00 \u2013 20 : 00 saatleri aras\u0131nda Yard\u0131ma ihtiyac\u0131n\u0131z olursa bize Whatsapp 0554 858 1312 arac\u0131l\u0131\u011f\u0131yla veya 0554 858 1312 numaral\u0131 telefondan {{ Kad\u0131k\u00f6y Sallanan G\u0131c\u0131rdayan Sandalye Tamiri }} size en iyi \u00e7\u00f6z\u00fcm\u00fc sunmaya haz\u0131r\u0131z. Kad\u0131k\u00f6y Sallanan Ah\u015fap Sandalye Tamiri&#8221; i\u00e7in bizi aray\u0131n.<\/p>\n<table style=\"border-collapse: collapse; width: 100%;\">\n<tbody>\n<tr>\n<td style=\"width: 33.3333%;\">\n<h4 align=\"CENTER\">Kad\u0131k\u00f6y Sallanan K\u0131r\u0131k Sandalye Tamiri<\/h4>\n<\/td>\n<td style=\"width: 33.3333%;\">\n<h5 style=\"text-align: center;\"><span style=\"font-size: 15px; letter-spacing: 0.5px; text-align: -webkit-center; word-spacing: 0.5px;\">Kad\u0131k\u00f6y Sallanan Ah\u015fap Sandalye Tamiri<\/span><\/h5>\n<\/td>\n<td style=\"width: 33.3333%; text-align: center;\">\n<h6><span style=\"font-size: 20px; font-weight: bold; letter-spacing: 1px; text-align: center; word-spacing: 0.5px;\">Kad\u0131k\u00f6y Sallanan G\u0131c\u0131rdayan Sandalye Tamiri<\/span><\/h6>\n<\/td>\n<\/tr>\n<\/tbody>\n<\/table>\n\n\n<div class=\"kk-star-ratings kksr-auto kksr-align-left kksr-valign-bottom\"\n    data-payload='{&quot;align&quot;:&quot;left&quot;,&quot;id&quot;:&quot;1000&quot;,&quot;slug&quot;:&quot;default&quot;,&quot;valign&quot;:&quot;bottom&quot;,&quot;ignore&quot;:&quot;&quot;,&quot;reference&quot;:&quot;auto&quot;,&quot;class&quot;:&quot;&quot;,&quot;count&quot;:&quot;7&quot;,&quot;legendonly&quot;:&quot;&quot;,&quot;readonly&quot;:&quot;&quot;,&quot;score&quot;:&quot;5&quot;,&quot;starsonly&quot;:&quot;&quot;,&quot;best&quot;:&quot;5&quot;,&quot;gap&quot;:&quot;5&quot;,&quot;greet&quot;:&quot;Kad\u0131k\u00f6y Marangoz \u2705&quot;,&quot;legend&quot;:&quot;Kad\u0131k\u00f6y Marangoz Ustas\u0131 \u2b50 7 \u2b50&quot;,&quot;size&quot;:&quot;24&quot;,&quot;title&quot;:&quot;Kad\u0131k\u00f6y Sallanan Sandalye Tamir Servisi&quot;,&quot;width&quot;:&quot;142.5&quot;,&quot;_legend&quot;:&quot;Kad\u0131k\u00f6y Marangoz Ustas\u0131 \u2b50 {count} \u2b50&quot;,&quot;font_factor&quot;:&quot;1.25&quot;}'>\n            \n<div class=\"kksr-stars\">\n    \n<div class=\"kksr-stars-inactive\">\n            <div class=\"kksr-star\" data-star=\"1\" style=\"padding-right: 5px\">\n            \n\n<div class=\"kksr-icon\" style=\"width: 24px; height: 24px;\"><\/div>\n        <\/div>\n            <div class=\"kksr-star\" data-star=\"2\" style=\"padding-right: 5px\">\n            \n\n<div class=\"kksr-icon\" style=\"width: 24px; height: 24px;\"><\/div>\n        <\/div>\n            <div class=\"kksr-star\" data-star=\"3\" style=\"padding-right: 5px\">\n            \n\n<div class=\"kksr-icon\" style=\"width: 24px; height: 24px;\"><\/div>\n        <\/div>\n            <div class=\"kksr-star\" data-star=\"4\" style=\"padding-right: 5px\">\n            \n\n<div class=\"kksr-icon\" style=\"width: 24px; height: 24px;\"><\/div>\n        <\/div>\n            <div class=\"kksr-star\" data-star=\"5\" style=\"padding-right: 5px\">\n            \n\n<div class=\"kksr-icon\" style=\"width: 24px; height: 24px;\"><\/div>\n        <\/div>\n    <\/div>\n    \n<div class=\"kksr-stars-active\" style=\"width: 142.5px;\">\n            <div class=\"kksr-star\" style=\"padding-right: 5px\">\n            \n\n<div class=\"kksr-icon\" style=\"width: 24px; height: 24px;\"><\/div>\n        <\/div>\n            <div class=\"kksr-star\" style=\"padding-right: 5px\">\n            \n\n<div class=\"kksr-icon\" style=\"width: 24px; height: 24px;\"><\/div>\n        <\/div>\n            <div class=\"kksr-star\" style=\"padding-right: 5px\">\n            \n\n<div class=\"kksr-icon\" style=\"width: 24px; height: 24px;\"><\/div>\n        <\/div>\n            <div class=\"kksr-star\" style=\"padding-right: 5px\">\n            \n\n<div class=\"kksr-icon\" style=\"width: 24px; height: 24px;\"><\/div>\n        <\/div>\n            <div class=\"kksr-star\" style=\"padding-right: 5px\">\n            \n\n<div class=\"kksr-icon\" style=\"width: 24px; height: 24px;\"><\/div>\n        <\/div>\n    <\/div>\n<\/div>\n                \n\n<div class=\"kksr-legend\" style=\"font-size: 19.2px;\">\n            Kad\u0131k\u00f6y Marangoz Ustas\u0131 \u2b50 7 \u2b50    <\/div>\n    <\/div>\n","protected":false},"excerpt":{"rendered":"<p>Kad\u0131k\u00f6y Sallanan Sandalye Tamir Servisi || Sallanan Sandalye Tamir Servisi Telefon 0554 858 1312&#8221; \u0130stanbul Anadolu Yakas\u0131 Kad\u0131k\u00f6y Sallanan Sandalye Tamir Servisi&#8221; sallanan sandalyeye oturan herkes bunun ne kadar rahat olabilece\u011fini bilir. Bu e\u015fsiz sandalyeler oturma odas\u0131 i\u00e7in \u00e7ok pop\u00fclerdir ancak zamanla normal a\u015f\u0131nma ve y\u0131pranma nedeniyle hasar g\u00f6r\u00fcrler. Hasar\u0131n \u00e7o\u011funu ta\u015f\u0131ma e\u011filiminde olan alanlardan biri ah\u015faplar\u0131d\u0131r. Ama endi\u015felenmeyin. Yeni bir sallanan sandalyeye alman\u0131za gerek yok. Sizin i\u00e7in m\u00fckemmel \u015fekilde \u00e7al\u0131\u015facak sallanan sandalyeye tamirimiz mevcut. Kad\u0131k\u00f6y Sallanan Sandalye Tamir Servisi Kad\u0131k\u00f6y Sallanan Ah\u015fap Sandalye Tamiri&#8221; en iyi Ah\u015fap Sallanan Sandalye Tamir ve restorasyon servisi sekt\u00f6rde e\u015fi benzeri olmayan m\u00fckemmellik konusunda k\u00f6kl\u00fc bir \u00fcne sahibiz. Kad\u0131k\u00f6y Sallanan K\u0131r\u0131k Sandalye Tamiri&#8221; Ba\u015far\u0131m\u0131z, ah\u015fap sallanan sandalye tamiri restorasyonu ve onar\u0131m\u0131nda m\u00fc\u015fterilerimize tek ba\u015f\u0131na i\u015f\u00e7ilik ve kaliteli hizmet sunma konusundaki kararl\u0131l\u0131\u011f\u0131m\u0131za s\u0131k\u0131 s\u0131k\u0131ya ba\u011fl\u0131d\u0131r. Kad\u0131k\u00f6y Sallanan Sandalye Tamiri&#8221; Her konut ve i\u015f ortam\u0131nda, Sallanan K\u0131r\u0131k Sandalye de\u011fi\u015ftirilmesinde ucuz bir fark sunuyoruz. ah\u015fap Sallanan Sandalye Tamircisi&#8221; Sallanan K\u0131r\u0131k Sandalye Tamiri&#8221; Sallanan Ah\u015fap Sandalye Tamiri&#8221; Sallanan&#8230; <a class=\"di-continue-reading\" href=\"https:\/\/www.onlinemarangoz.com.tr\/Kadikoy\/kadikoy-sallanan-sandalye-tamir-servisi\/\"> Continue Reading&#8230;<\/a><\/p>\n","protected":false},"author":1,"featured_media":0,"parent":0,"menu_order":5030,"comment_status":"closed","ping_status":"open","template":"","meta":{"_sitemap_exclude":false,"_sitemap_priority":"","_sitemap_frequency":"","footnotes":""},"categories":[1],"tags":[1397,1399,1396,1398,1395,1394],"class_list":["post-1000","page","type-page","status-publish","hentry","category-kadikoy-mobilya-tamir-montaj-servisi","tag-kadikoy-sallanan-ahsap-sandalye-tamiri","tag-kadikoy-sallanan-gicirdayan-sandalye-tamiri","tag-kadikoy-sallanan-kirik-sandalye-tamiri","tag-kadikoy-sallanan-sandalye-tamir-servisi","tag-kadikoy-sallanan-sandalye-tamircisi","tag-kadikoy-sallanan-sandalye-tamiri"],"_links":{"self":[{"href":"https:\/\/www.onlinemarangoz.com.tr\/Kadikoy\/wp-json\/wp\/v2\/pages\/1000","targetHints":{"allow":["GET"]}}],"collection":[{"href":"https:\/\/www.onlinemarangoz.com.tr\/Kadikoy\/wp-json\/wp\/v2\/pages"}],"about":[{"href":"https:\/\/www.onlinemarangoz.com.tr\/Kadikoy\/wp-json\/wp\/v2\/types\/page"}],"author":[{"embeddable":true,"href":"https:\/\/www.onlinemarangoz.com.tr\/Kadikoy\/wp-json\/wp\/v2\/users\/1"}],"replies":[{"embeddable":true,"href":"https:\/\/www.onlinemarangoz.com.tr\/Kadikoy\/wp-json\/wp\/v2\/comments?post=1000"}],"version-history":[{"count":0,"href":"https:\/\/www.onlinemarangoz.com.tr\/Kadikoy\/wp-json\/wp\/v2\/pages\/1000\/revisions"}],"wp:attachment":[{"href":"https:\/\/www.onlinemarangoz.com.tr\/Kadikoy\/wp-json\/wp\/v2\/media?parent=1000"}],"wp:term":[{"taxonomy":"category","embeddable":true,"href":"https:\/\/www.onlinemarangoz.com.tr\/Kadikoy\/wp-json\/wp\/v2\/categories?post=1000"},{"taxonomy":"post_tag","embeddable":true,"href":"https:\/\/www.onlinemarangoz.com.tr\/Kadikoy\/wp-json\/wp\/v2\/tags?post=1000"}],"curies":[{"name":"wp","href":"https:\/\/api.w.org\/{rel}","templated":true}]}}