{"id":1145,"date":"2024-11-14T19:46:56","date_gmt":"2024-11-14T19:46:56","guid":{"rendered":"https:\/\/www.onlinemarangoz.com.tr\/Kadikoy\/?page_id=1145"},"modified":"2024-11-14T21:33:37","modified_gmt":"2024-11-14T21:33:37","slug":"kadikoy-mobilya-tamiri","status":"publish","type":"page","link":"https:\/\/www.onlinemarangoz.com.tr\/Kadikoy\/kadikoy-mobilya-tamiri\/","title":{"rendered":"Kad\u0131k\u00f6y Mobilya Tamiri\u00a0"},"content":{"rendered":"<p>Kad\u0131k\u00f6y Mobilya Tamiri : se\u00e7ti\u011finizde, hasarl\u0131 mobilyalar\u0131n\u0131z\u0131, do\u011framalar\u0131n\u0131z\u0131 veya dolaplar\u0131n\u0131z\u0131 de\u011ferlendirmek ve bir tahmin sa\u011flamak i\u00e7in deneyimli, e\u011fitimli ustalar\u0131m\u0131z ile \u00e7al\u0131\u015facaks\u0131n\u0131z. Ard\u0131ndan, program\u0131n\u0131za g\u00f6re teknisyeniniz mobilyan\u0131z\u0131n tamiri onar\u0131m\u0131n\u0131 ve restorasyonunu sizin uygun oldu\u011fu bir zamanda koordine edilecektir. Kad\u0131k\u00f6y Mobilya Dolap Tamiri : Karma\u015f\u0131k detaylar\u0131 ve zamans\u0131z \u00e7ekicili\u011fiyle ah\u015fap mobilyalar zamanla a\u015f\u0131nmaya kar\u015f\u0131 hassas hale gelebilir. Yanl\u0131\u015f hizalanm\u0131\u015f mente\u015feler ve zay\u0131flam\u0131\u015f eklemler gibi yap\u0131sal hasarlar veya ezikler ve \u00e7izikler gibi sorunlar olsun, \u00f6zverili ekibimiz par\u00e7an\u0131z\u0131n hassasiyet ve \u00f6zenle tamir edilmesini sa\u011flar.<\/p>\n<figure id=\"attachment_1175\" aria-describedby=\"caption-attachment-1175\" style=\"width: 500px\" class=\"wp-caption alignright\"><img fetchpriority=\"high\" decoding=\"async\" class=\"size-full wp-image-1175\" src=\"https:\/\/www.onlinemarangoz.com.tr\/Kadikoy\/wp-content\/uploads\/Kadikoy-Mobilya-Tamir-Montaj-Servis.jpg\" alt=\"Kad\u0131k\u00f6y Mobilya Tamiri - Mobilya Tamircisi\" width=\"500\" height=\"280\" srcset=\"https:\/\/www.onlinemarangoz.com.tr\/Kadikoy\/wp-content\/uploads\/Kadikoy-Mobilya-Tamir-Montaj-Servis.jpg 500w, https:\/\/www.onlinemarangoz.com.tr\/Kadikoy\/wp-content\/uploads\/Kadikoy-Mobilya-Tamir-Montaj-Servis-300x168.jpg 300w\" sizes=\"(max-width: 500px) 100vw, 500px\" \/><figcaption id=\"caption-attachment-1175\" class=\"wp-caption-text\">Kad\u0131k\u00f6y Mobilya Tamiri &#8211; Mobilya Tamircisi<\/figcaption><\/figure>\n<p><span style=\"color: #ff0000;\"><strong><a style=\"color: #ff0000;\" href=\"https:\/\/www.onlinemarangoz.com.tr\/mobilya-tamiri\/\" target=\"_blank\" rel=\"noopener\">Kad\u0131k\u00f6y Mobilya Dolap ve Gard\u0131rop Tamiri<\/a><\/strong><\/span> : hizmetlerimiz kolayl\u0131k sa\u011flamak i\u00e7in tasarlanm\u0131\u015ft\u0131r ve hasar\u0131n daha kapsaml\u0131 bir onar\u0131m gerektirdi\u011fi nadir durumlarda, daha b\u00fcy\u00fck restorasyonlar\u0131 idare edebilecek \u015fekilde donat\u0131lm\u0131\u015f merkezi bir at\u00f6lyemiz bulunmaktad\u0131r. Kad\u0131k\u00f6y Ah\u015fap Mobilya Tamiri, En sevdi\u011fimiz yadigarlar sonsuza dek dayanamaz. Sonunda eski ihti\u015famlar\u0131na geri d\u00f6nmeleri veya zaten m\u00fckemmel olan tasar\u0131mlar\u0131n\u0131 geli\u015ftirmeleri i\u00e7in yetenekli bir elin dikkatli dokunu\u015funa ihtiya\u00e7 duyacaklard\u0131r. Restorasyon projelerinin \u00f6z\u00fcnde mobilya onar\u0131m hizmeti vard\u0131r;<\/p>\n<p align=\"CENTER\">Kad\u0131k\u00f6y t\u00fcm mahallelerine hizmet veriyoruz.\u00a0Kad\u0131k\u00f6y Mobilya Tamiri, Hizmetlerimiz haftada 6 g\u00fcn sabah 09 : 00 \u2013 Ak\u015fam 20 : 00 saatleri aras\u0131nda mevcuttur. Kad\u0131k\u00f6y Ah\u015fap Mobilya Tamiri ( hafta sonu rezervasyonlar\u0131 i\u00e7in ek \u00fccret al\u0131nmaz) Rakipsiz bir teklif ve harika bir hizmet istiyorsan\u0131z l\u00fctfen sizin i\u00e7in uygun oldu\u011funda WhatsApp&#8217; tan mesaj atmaktan veya bizi, Kad\u0131k\u00f6y Mobilya Tamiri Telefon,\u00a0\u21d4 0554 858 1312 \u21d4 Telefonla daha fazla bilgi i\u00e7in bizimle ileti\u015fime ge\u00e7mekten \u00e7ekinmeyin.\u00a0Kad\u0131k\u00f6y Yerinde Mobilya Dolap Tamiri Onar\u0131m\u0131, Bug\u00fcn sizin i\u00e7in yapabilece\u011fim ba\u015fka bir \u015fey varsa l\u00fctfen bana bildirin.\u00a0Kad\u0131k\u00f6y Mobilya Dolap ve Gard\u0131rop Tamiri, Yard\u0131m etmek i\u00e7in buraday\u0131m.<\/p>\n<figure id=\"attachment_1180\" aria-describedby=\"caption-attachment-1180\" style=\"width: 300px\" class=\"wp-caption alignleft\"><img decoding=\"async\" class=\"size-full wp-image-1180\" src=\"https:\/\/www.onlinemarangoz.com.tr\/Kadikoy\/wp-content\/uploads\/Kadikoy-Mobilya-Dolap-Tamir-Usta-Servisi.jpg\" alt=\"Kadikoy Mobilya Dolap Tamir Usta Servisi\" width=\"300\" height=\"300\" srcset=\"https:\/\/www.onlinemarangoz.com.tr\/Kadikoy\/wp-content\/uploads\/Kadikoy-Mobilya-Dolap-Tamir-Usta-Servisi.jpg 300w, https:\/\/www.onlinemarangoz.com.tr\/Kadikoy\/wp-content\/uploads\/Kadikoy-Mobilya-Dolap-Tamir-Usta-Servisi-150x150.jpg 150w, https:\/\/www.onlinemarangoz.com.tr\/Kadikoy\/wp-content\/uploads\/Kadikoy-Mobilya-Dolap-Tamir-Usta-Servisi-90x90.jpg 90w\" sizes=\"(max-width: 300px) 100vw, 300px\" \/><figcaption id=\"caption-attachment-1180\" class=\"wp-caption-text\">Kadikoy Mobilya Dolap Tamir Usta Servisi<\/figcaption><\/figure>\n<h2>Kad\u0131k\u00f6y Mobilya Tamiri<\/h2>\n<p>Kad\u0131k\u00f6y Mobilya Tamiri :\u00a0Zamanla Olu\u015fan K\u00fc\u00e7\u00fck Hasarlar: \u00c7entikler, kesikler, \u00e7izikler ve ezikler mobilyalar\u0131n\u0131zda sadece kozmetik hasarlar b\u0131rakmaz; mobilyan\u0131z\u0131n yap\u0131ld\u0131\u011f\u0131 malzemelerin b\u00fct\u00fcnl\u00fc\u011f\u00fcn\u00fc yava\u015f yava\u015f tehlikeye atarlar. K\u00fc\u00e7\u00fck yaralanmalar ah\u015fap mobilyan\u0131n y\u00fczeyine daha da derinle\u015ftik\u00e7e, par\u00e7an\u0131n yap\u0131s\u0131 i\u00e7in onar\u0131m gerekli hale gelir.\u00a0Kad\u0131k\u00f6y\u00a0Mobilya Tamiri,\u00a0\u00c7o\u011fu mobilya uzun \u00f6m\u00fcrl\u00fc olacak \u015fekilde \u00fcretilir ve \u00e7o\u011fu mobilya \u00fcreticisi hayat\u0131n kaymalar, d\u00fc\u015fmeler, d\u00fc\u015fmeler, d\u00f6k\u00fclmeler ve ara s\u0131ra b\u00fcy\u00fck kazalarla dolu oldu\u011funu anlar. Ancak en iyi mobilyalar bile hayat\u0131n zorluklar\u0131na uzun s\u00fcre dayanamaz. \u0130\u015fte mobilya onar\u0131m\u0131 ihtiyac\u0131n\u0131n ortaya \u00e7\u0131kmas\u0131n\u0131n en yayg\u0131n nedenlerinden baz\u0131lar\u0131: <span style=\"color: #0000ff;\"><strong><a style=\"color: #0000ff;\" href=\"https:\/\/www.onlinemarangoz.com.tr\/Kadikoy\/kadikoy-mobilya-tamiri\/\" target=\"_blank\" rel=\"noopener\">Kad\u0131k\u00f6y Yerinde Mobilya Dolap Tamiri Onar\u0131m\u0131<\/a><\/strong><\/span>, uzmanlar\u0131, g\u00fc\u00e7lerini ve i\u015flevlerini yeniden canland\u0131rmak i\u00e7in kaliteli, eski mobilya onar\u0131r. Kad\u0131k\u00f6y Ah\u015fap Mobilya Tamiri, Eski mobilyalar genellikle \u00fcst\u00fcn kaliteli bir yap\u0131ya sahiptir, ancak s\u0131cakl\u0131k de\u011fi\u015fimi, nem, kuruluk, kullan\u0131m ve do\u011fal bozulma en prestijli antika mobilyalar\u0131 bile ele ge\u00e7irecektir. Mobilya Tamiri Onar\u0131m, ince yap\u0131dan al\u0131nan y\u0131llar\u0131 geri kazand\u0131rabilir ve harika par\u00e7alar\u0131 bir arada tutan yap\u0131y\u0131 ve eklemleri canland\u0131rabilir.<\/p>\n<p align=\"CENTER\">Kad\u0131k\u00f6y Ah\u015fap Mobilya Tamiri, hizmet veriyoruz. Hizmetlerimiz haftada 6 g\u00fcn sabah 09:00 \u2013 Ak\u015fam 20:00 saatleri aras\u0131nda mevcuttur.\u00a0Kad\u0131k\u00f6y Mobilya Dolap Tamiri, ( hafta sonu rezervasyonlar\u0131 i\u00e7in ek \u00fccret al\u0131nmaz)\u00a0Kad\u0131k\u00f6y Yerinde Mobilya Dolap Tamiri Onar\u0131m\u0131, Rakipsiz bir teklif ve harika bir hizmet istiyorsan\u0131z l\u00fctfen sizin i\u00e7in uygun oldu\u011funda WhatsApp&#8217; tan mesaj atmaktan veya bizi, Kad\u0131k\u00f6y Mobilya Tamiri Telefon \u21d4 0554 858 1312 \u21d4 Herhangi bir sorunuz varsa bizimle ileti\u015fime ge\u00e7mekten \u00e7ekinmeyin.\u00a0Kad\u0131k\u00f6y Mobilya Dolap ve Gard\u0131rop Tamiri Size yard\u0131mc\u0131 olmaktan mutluluk duyar\u0131m.<img decoding=\"async\" class=\"size-full wp-image-1183 alignright\" src=\"https:\/\/www.onlinemarangoz.com.tr\/Kadikoy\/wp-content\/uploads\/Kadikoy-Mobilya-Dolap-Tamir-Servis.jpg\" alt=\"\" width=\"300\" height=\"300\" srcset=\"https:\/\/www.onlinemarangoz.com.tr\/Kadikoy\/wp-content\/uploads\/Kadikoy-Mobilya-Dolap-Tamir-Servis.jpg 300w, https:\/\/www.onlinemarangoz.com.tr\/Kadikoy\/wp-content\/uploads\/Kadikoy-Mobilya-Dolap-Tamir-Servis-150x150.jpg 150w, https:\/\/www.onlinemarangoz.com.tr\/Kadikoy\/wp-content\/uploads\/Kadikoy-Mobilya-Dolap-Tamir-Servis-90x90.jpg 90w\" sizes=\"(max-width: 300px) 100vw, 300px\" \/><\/p>\n<h3>Kad\u0131k\u00f6y Ah\u015fap Mobilya Tamiri<\/h3>\n<p>Kad\u0131k\u00f6y Ah\u015fap Mobilya Tamiri, profesyonel mobilya onar\u0131m teknisyenleri i\u00e7in tercihidir. \u0130ster evden \u00e7al\u0131\u015f\u0131n ister hafta sonlar\u0131 dinlenerek ge\u00e7irdi\u011finiz zaman\u0131n tad\u0131n\u0131 \u00e7\u0131kar\u0131n, mobilyalar\u0131n\u0131z\u0131n hem g\u00fczellik hem de konfor sa\u011flamas\u0131 \u00f6nemlidir. Kad\u0131k\u00f6y Mobilya Dolap ve Gard\u0131rop Tamiri, Ekibimiz, size daha uzun y\u0131llar keyif verecek \u00e7ok \u00e7e\u015fitli mobilyalar\u0131 onarabilir dolab\u0131n\u0131z veya sandalyeleriniz daha iyi g\u00fcnler g\u00f6rd\u00fcyse, mobilya ve tamiri onar\u0131m hizmetleri planlamak i\u00e7in bizim ile ileti\u015fime ge\u00e7ti\u011finizden emin olun. Kad\u0131k\u00f6y Yerinde Mobilya Dolap Tamiri Onar\u0131m\u0131, m\u00fc\u015fterilerimize mobilya tamir onar\u0131m hizmetleri sunmaktad\u0131r. mobilyalar\u0131n\u0131z\u0131n bile d\u00fczenli temizli\u011fe ihtiya\u00e7 duydu\u011fu anlam\u0131na gelir. Profesyonel teknisyenlerimizden olu\u015fan ekibimiz mobilyalar\u0131n\u0131z\u0131 yeni gibi geri kazand\u0131racakt\u0131r.\u00a0 Kad\u0131k\u00f6y Yerinde Mobilya Dolap Tamiri Onar\u0131m\u0131, ve ah\u015fap mobilya onar\u0131m\u0131 g\u00fcnl\u00fck bir mobilya onar\u0131m\u0131 de\u011fildir. Sevdi\u011finiz mobilyalar\u0131 g\u00fcvenebilece\u011finiz ellere teslim edin. Bizi aray\u0131n veya en sevdi\u011finiz mobilyalar\u0131n\u0131z\u0131n b\u00fct\u00fcnl\u00fc\u011f\u00fcn\u00fc ve g\u00fczelli\u011fini bug\u00fcn nas\u0131l geri kazand\u0131rabilece\u011fimiz hakk\u0131nda daha fazla bilgi edinmek i\u00e7in bize biraz bilgi g\u00f6nderin! <img loading=\"lazy\" decoding=\"async\" class=\"size-full wp-image-1185 alignleft\" src=\"https:\/\/www.onlinemarangoz.com.tr\/Kadikoy\/wp-content\/uploads\/Kadikoy-Mobilya-Dolap-Gardirop-Tamir-Servisi.jpg\" alt=\"\" width=\"300\" height=\"300\" srcset=\"https:\/\/www.onlinemarangoz.com.tr\/Kadikoy\/wp-content\/uploads\/Kadikoy-Mobilya-Dolap-Gardirop-Tamir-Servisi.jpg 300w, https:\/\/www.onlinemarangoz.com.tr\/Kadikoy\/wp-content\/uploads\/Kadikoy-Mobilya-Dolap-Gardirop-Tamir-Servisi-150x150.jpg 150w, https:\/\/www.onlinemarangoz.com.tr\/Kadikoy\/wp-content\/uploads\/Kadikoy-Mobilya-Dolap-Gardirop-Tamir-Servisi-90x90.jpg 90w\" sizes=\"(max-width: 300px) 100vw, 300px\" \/><\/p>\n<h4>Kad\u0131k\u00f6y Mobilya Dolap ve Gard\u0131rop Tamiri<\/h4>\n<p>Kad\u0131k\u00f6y Mobilya Dolap ve Gard\u0131rop Tamiri, G\u00fcn\u00fcm\u00fcz d\u00fcnyas\u0131nda, \u00f6nemli olan rahatl\u0131k ve m\u00fc\u015fteri hizmetidir. Kad\u0131k\u00f6y Mobilya Tamir Hizmeti, eviniz veya i\u015fyerinize bir mobilya tamir teknisyeni gelip mobilyalar\u0131n\u0131z\u0131 profesyonel bir \u015fekilde tamir edip mobilyalar\u0131n\u0131z\u0131 yeni gibi b\u0131rakabilseydiniz, bu ger\u00e7ekle\u015fen bir r\u00fcya olurdu. Neyse ki, Kad\u0131k\u00f6y Mobilya Tamir Usta Hizmeti, hizmeti sunarak mobilyalar\u0131n\u0131z\u0131n yeni gibi g\u00f6r\u00fcnmesini ve hissettirmesini sa\u011fl\u0131yoruz. En fazla rahatl\u0131\u011f\u0131 ve en iyi m\u00fc\u015fteri hizmetini sunanlar genellikle en ba\u015far\u0131l\u0131 olanlard\u0131r. Bu t\u00fcm tarih boyunca b\u00f6yle olmu\u015ftur. Kad\u0131k\u00f6y Mobilya Tamir Onar\u0131m Hizmetleri, \u015fu iki temel ilkeyi ak\u0131lda tutarak kuruldu: yerinde ve evlerde en iyi mobilya onar\u0131m\u0131n\u0131 ve en iyi m\u00fc\u015fteri hizmeti deneyimini yaratmak. Ve ba\u015far\u0131l\u0131 oldu\u011fumuza inan\u0131yoruz, Kad\u0131k\u00f6y Ah\u015fap Onar\u0131m ve Tamir Hizmeti, en iyi mobilya onar\u0131m servisi aras\u0131nda s\u00fcrekli olarak yer al\u0131yoruz, \u00e7ok k\u0131sa s\u00fcrede kap\u0131n\u0131za bir mobilya tamir teknisyeni g\u00f6nderebilir, sevdi\u011finiz mobilyalar\u0131n\u0131z\u0131, masan\u0131z\u0131 veya yatak \u00e7er\u00e7evenizi onarabilir ve\/veya tamir edebiliriz.\u00a0Kad\u0131k\u00f6y Mobilya Dolap ve Gard\u0131rop Tamiri, M\u00fcmk\u00fcn oldu\u011funca az rahats\u0131zl\u0131k yaratmak i\u00e7in evinize veya i\u015f yerinize girip \u00e7\u0131kmak i\u00e7in h\u0131zl\u0131 \u00e7al\u0131\u015f\u0131r\u0131z. Randevular i\u00e7in program\u0131n\u0131za g\u00f6re \u00e7al\u0131\u015fabiliriz.<\/p>\n<p style=\"text-align: center;\">Kad\u0131k\u00f6y Mobilya Dolap ve Gard\u0131rop Tamiri, hizmet veriyoruz. Hizmetlerimiz haftada 6 g\u00fcn sabah 09 : 00 \u2013 Ak\u015fam 20 : 00 saatleri aras\u0131nda. Kad\u0131k\u00f6y Yerinde Mobilya Dolap Tamiri Onar\u0131m\u0131\u00a0( hafta sonu rezervasyonlar\u0131 i\u00e7in ek \u00fccret al\u0131nmaz)\u00a0Kad\u0131k\u00f6y Ah\u015fap Mobilya Tamiri, Rakipsiz bir teklif ve harika bir hizmet istiyorsan\u0131z l\u00fctfen sizin i\u00e7in uygun oldu\u011funda WhatsApp&#8217; tan mesaj atmaktan veya bizi, Kad\u0131k\u00f6y Mobilya Tamiri Telefon \u21d4 0554 858 1312 \u21d4 Telefonla bizimle ileti\u015fime ge\u00e7menizden memnuniyet duyar\u0131z.<\/p>\n<table style=\"border-collapse: collapse; width: 100%;\">\n<tbody>\n<tr>\n<td style=\"width: 33.3333%;\">\n<p style=\"text-align: center;\"><strong>Kad\u0131k\u00f6y Mobilya Tamiri.<\/strong><\/p>\n<p style=\"text-align: center;\">De\u011ferin Korunmas\u0131:<br \/>\nDe\u011ferli ah\u015fap mobilya par\u00e7alar\u0131n\u0131z\u0131n de\u011ferini geri kazand\u0131r\u0131n ve koruyun.<\/p>\n<\/td>\n<td style=\"width: 33.3333%;\">\n<p style=\"text-align: center;\"><strong>Kad\u0131k\u00f6y Mobilya Dolap Tamiri.<\/strong><\/p>\n<p style=\"text-align: center;\">Maliyet Etkinli\u011fi:<br \/>\nMobilyalar\u0131n\u0131z\u0131 de\u011fi\u015ftirmek yerine onarmak, orijinal \u00f6zelliklerini korurken \u00f6nemli miktarda tasarruf etmenizi sa\u011flayabilir.<\/p>\n<\/td>\n<td style=\"width: 33.3333%;\">\n<p style=\"text-align: center;\"><strong>Kad\u0131k\u00f6y Ah\u015fap Mobilya Tamiri<\/strong><\/p>\n<p style=\"text-align: center;\">H\u0131zl\u0131 Servis:<br \/>\nEv i\u00e7i restorasyonumuz ve son teknoloji ekipmanlar\u0131m\u0131z, zaman\u0131nda ve etkili onar\u0131m s\u00fcre\u00e7lerini garanti eder.<\/p>\n<\/td>\n<\/tr>\n<tr>\n<td style=\"width: 33.3333%;\">\n<p style=\"text-align: center;\"><strong>Kad\u0131k\u00f6y Mobilya\u00a0Dolap ve Gard\u0131rop Tamiri.<\/strong><\/p>\n<p style=\"text-align: center;\">\u00c7evre Dostu Se\u00e7im:<br \/>\nDe\u011fi\u015ftirme yerine onar\u0131m\u0131 tercih ederek at\u0131klar\u0131n azalt\u0131lmas\u0131na ve s\u00fcrd\u00fcr\u00fclebilirli\u011fin te\u015fvik edilmesine katk\u0131da bulunursunuz.<\/p>\n<\/td>\n<td style=\"width: 33.3333%; text-align: center;\"><span style=\"text-align: center;\">\u00c7evre i\u00e7in \u00fczerimize d\u00fc\u015feni yapt\u0131\u011f\u0131m\u0131z\u0131 ve daha ye\u015fil bir yar\u0131n yaratmaya yard\u0131mc\u0131 oldu\u011fumuzu bilmek daha rahat uyumam\u0131za yard\u0131mc\u0131 olur. Yapt\u0131\u011f\u0131m\u0131z her onar\u0131m daha s\u00fcrd\u00fcr\u00fclebilir bir gelece\u011fe do\u011fru at\u0131lan bir ad\u0131md\u0131r. \u00c7evreye duyarl\u0131 se\u00e7imler yapmak i\u00e7in bize kat\u0131l\u0131n.<\/span><\/td>\n<td style=\"width: 33.3333%;\"><b style=\"font-family: Arial, sans-serif;\">Kad\u0131k\u00f6y Yerinde Mobilya\u00a0Dolap\u00a0Tamiri Onar\u0131m\u0131<\/b><\/p>\n<p style=\"text-align: center;\">Uzmanl\u0131k Garantisi:<br \/>\n15 y\u0131l\u0131 a\u015fk\u0131n deneyimimizle, en y\u00fcksek kalite ve i\u015f\u00e7ilik standartlar\u0131n\u0131 kar\u015f\u0131layan hizmetler sunaca\u011f\u0131m\u0131za g\u00fcvenebilirsiniz.<\/p>\n<\/td>\n<\/tr>\n<\/tbody>\n<\/table>\n<table style=\"border-collapse: collapse; width: 100%;\">\n<tbody>\n<tr>\n<td style=\"width: 50%;\"><b style=\"font-family: Arial, sans-serif; letter-spacing: 0.5px; word-spacing: 0.5px;\">Kad\u0131k\u00f6y Mobilya Tamiri \u0130leti\u015fim<\/b><\/p>\n<p><a href=\"https:\/\/wa.me\/+905548581312\" target=\"_blank\" rel=\"At Hemen Mesaj T\u0131kla Whatsapp noopener\"><img loading=\"lazy\" decoding=\"async\" class=\"Whatsapp Hemen T\u0131kla Mesaj At wp-image-1187 size-full\" title=\"Whatsapp Hemen T\u0131kla Mesaj At\" src=\"https:\/\/www.onlinemarangoz.com.tr\/Kadikoy\/wp-content\/uploads\/Kadikoy-Mobilya-Tamiri-Iletisim.jpg\" alt=\"Whatsapp Hemen T\u0131kla Mesaj At\" width=\"500\" height=\"200\" srcset=\"https:\/\/www.onlinemarangoz.com.tr\/Kadikoy\/wp-content\/uploads\/Kadikoy-Mobilya-Tamiri-Iletisim.jpg 500w, https:\/\/www.onlinemarangoz.com.tr\/Kadikoy\/wp-content\/uploads\/Kadikoy-Mobilya-Tamiri-Iletisim-300x120.jpg 300w\" sizes=\"(max-width: 500px) 100vw, 500px\" \/><\/a><\/td>\n<td style=\"width: 50%;\"><b style=\"font-family: Arial, sans-serif; letter-spacing: 0.5px; word-spacing: 0.5px;\">Kad\u0131k\u00f6y\u00a0Mobilya Tamiri Telefon<\/b><\/p>\n<p><a href=\"tel:\/\/+905548581312\" target=\"_blank\" rel=\"Ara Hemen Telefon Tezcan T\u0131kla Usta noopener\"><img loading=\"lazy\" decoding=\"async\" class=\"Tezcan Usta Telefon Hemen T\u0131kla Ara wp-image-1188 size-full\" title=\"Tezcan Usta Telefon Hemen T\u0131kla Ara\" src=\"https:\/\/www.onlinemarangoz.com.tr\/Kadikoy\/wp-content\/uploads\/Kadikoy-Mobilya-Tamiri-Telefon.jpg\" alt=\"Tezcan Usta Telefon Hemen T\u0131kla Ara\" width=\"500\" height=\"200\" srcset=\"https:\/\/www.onlinemarangoz.com.tr\/Kadikoy\/wp-content\/uploads\/Kadikoy-Mobilya-Tamiri-Telefon.jpg 500w, https:\/\/www.onlinemarangoz.com.tr\/Kadikoy\/wp-content\/uploads\/Kadikoy-Mobilya-Tamiri-Telefon-300x120.jpg 300w\" sizes=\"(max-width: 500px) 100vw, 500px\" \/><\/a><\/td>\n<\/tr>\n<\/tbody>\n<\/table>\n<p><marquee onmouseover=\"this.stop()\" onmouseout=\"this.start()\"width=\"1000\" height=\"25\" direction=\"horizontal\" scrollamount=\"3\"scrolldelay=\"60\" loop=\"99999\">\u2705 Tezcan Usta 0554 858 1312 \u2705 K\u0131r\u0131k sandalye tamiri \u21db Yemek Masas\u0131 Sandalyeleri Tamiri \u21db Sehpa Tamiri \u21db K\u0131r\u0131k Masalar \u21db K\u0131r\u0131k Amerikan Panel Kap\u0131 Tamiri \u21db Oda Kap\u0131 Kilit Mente\u015fe Tamiri \u21db D\u00fc\u015fen \u00c7ekmece Ray Tamiri \u21db Dolap Kapak Mente\u015fe Tamiri \u21db Dolap Kapak Amortis\u00f6r\u00fc Tamiri \u21db Sallanan Sandalye Tamiri \u21db Mutfak Dolap Kapak Mente\u015fe Tamiri \u21db Mutfak Dolap Kiler Ray\u0131 Tamiri \u21db Mutfak Dolap \u00c7ekmece Ray Tamiri \u21db Mutfak Dolap Kapak Mente\u015fe Tamiri \u21db S\u00fcrg\u00fc Kap\u0131 Tamiri \u21db  S\u00fcrg\u00fcl\u00fc Dolap Tamiri \u21db Ray Dolap Tamiri \u21db Ray Dolap Kapak Tamiri \u21db Ray Dolap Kapak Sistemleri Tamiri \u21db Rayl\u0131 Dolap Tamiri \u21db Suadiye Mahallesi Mobilya Tamiri \u21db Suadiye Mahallesi Mobilya Dolap Tamiri \u21db Suadiye Mahallesi Mobilya Tamiri \u21db Suadiye Mahallesi Ah\u015fap Mobilya Tamiri \u21db Suadiye Mahallesi Mobilya Dolap ve Gard\u0131rop Tamiri \u21db Suadiye Mahallesi Yerinde Mobilya Dolap Tamiri Onar\u0131m\u0131 \u21db Suadiye Mahallesi Mobilya Tamiri \u0130leti\u015fim \u21db Suadiye Mahallesi Mobilya Tamiri Telefon \u21db Profesyonel Mobilya Tamiri<\/marquee><\/p>\n\n\n<div class=\"kk-star-ratings kksr-auto kksr-align-left kksr-valign-bottom\"\n    data-payload='{&quot;align&quot;:&quot;left&quot;,&quot;id&quot;:&quot;1145&quot;,&quot;slug&quot;:&quot;default&quot;,&quot;valign&quot;:&quot;bottom&quot;,&quot;ignore&quot;:&quot;&quot;,&quot;reference&quot;:&quot;auto&quot;,&quot;class&quot;:&quot;&quot;,&quot;count&quot;:&quot;16&quot;,&quot;legendonly&quot;:&quot;&quot;,&quot;readonly&quot;:&quot;&quot;,&quot;score&quot;:&quot;5&quot;,&quot;starsonly&quot;:&quot;&quot;,&quot;best&quot;:&quot;5&quot;,&quot;gap&quot;:&quot;5&quot;,&quot;greet&quot;:&quot;Kad\u0131k\u00f6y Marangoz \u2705&quot;,&quot;legend&quot;:&quot;Kad\u0131k\u00f6y Marangoz Ustas\u0131 \u2b50 16 \u2b50&quot;,&quot;size&quot;:&quot;24&quot;,&quot;title&quot;:&quot;Kad\u0131k\u00f6y Mobilya Tamiri\u00a0&quot;,&quot;width&quot;:&quot;142.5&quot;,&quot;_legend&quot;:&quot;Kad\u0131k\u00f6y Marangoz Ustas\u0131 \u2b50 {count} \u2b50&quot;,&quot;font_factor&quot;:&quot;1.25&quot;}'>\n            \n<div class=\"kksr-stars\">\n    \n<div class=\"kksr-stars-inactive\">\n            <div class=\"kksr-star\" data-star=\"1\" style=\"padding-right: 5px\">\n            \n\n<div class=\"kksr-icon\" style=\"width: 24px; height: 24px;\"><\/div>\n        <\/div>\n            <div class=\"kksr-star\" data-star=\"2\" style=\"padding-right: 5px\">\n            \n\n<div class=\"kksr-icon\" style=\"width: 24px; height: 24px;\"><\/div>\n        <\/div>\n            <div class=\"kksr-star\" data-star=\"3\" style=\"padding-right: 5px\">\n            \n\n<div class=\"kksr-icon\" style=\"width: 24px; height: 24px;\"><\/div>\n        <\/div>\n            <div class=\"kksr-star\" data-star=\"4\" style=\"padding-right: 5px\">\n            \n\n<div class=\"kksr-icon\" style=\"width: 24px; height: 24px;\"><\/div>\n        <\/div>\n            <div class=\"kksr-star\" data-star=\"5\" style=\"padding-right: 5px\">\n            \n\n<div class=\"kksr-icon\" style=\"width: 24px; height: 24px;\"><\/div>\n        <\/div>\n    <\/div>\n    \n<div class=\"kksr-stars-active\" style=\"width: 142.5px;\">\n            <div class=\"kksr-star\" style=\"padding-right: 5px\">\n            \n\n<div class=\"kksr-icon\" style=\"width: 24px; height: 24px;\"><\/div>\n        <\/div>\n            <div class=\"kksr-star\" style=\"padding-right: 5px\">\n            \n\n<div class=\"kksr-icon\" style=\"width: 24px; height: 24px;\"><\/div>\n        <\/div>\n            <div class=\"kksr-star\" style=\"padding-right: 5px\">\n            \n\n<div class=\"kksr-icon\" style=\"width: 24px; height: 24px;\"><\/div>\n        <\/div>\n            <div class=\"kksr-star\" style=\"padding-right: 5px\">\n            \n\n<div class=\"kksr-icon\" style=\"width: 24px; height: 24px;\"><\/div>\n        <\/div>\n            <div class=\"kksr-star\" style=\"padding-right: 5px\">\n            \n\n<div class=\"kksr-icon\" style=\"width: 24px; height: 24px;\"><\/div>\n        <\/div>\n    <\/div>\n<\/div>\n                \n\n<div class=\"kksr-legend\" style=\"font-size: 19.2px;\">\n            Kad\u0131k\u00f6y Marangoz Ustas\u0131 \u2b50 16 \u2b50    <\/div>\n    <\/div>\n","protected":false},"excerpt":{"rendered":"<p>Kad\u0131k\u00f6y Mobilya Tamiri : se\u00e7ti\u011finizde, hasarl\u0131 mobilyalar\u0131n\u0131z\u0131, do\u011framalar\u0131n\u0131z\u0131 veya dolaplar\u0131n\u0131z\u0131 de\u011ferlendirmek ve bir tahmin sa\u011flamak i\u00e7in deneyimli, e\u011fitimli ustalar\u0131m\u0131z ile \u00e7al\u0131\u015facaks\u0131n\u0131z. Ard\u0131ndan, program\u0131n\u0131za g\u00f6re teknisyeniniz mobilyan\u0131z\u0131n tamiri onar\u0131m\u0131n\u0131 ve restorasyonunu sizin uygun oldu\u011fu bir zamanda koordine edilecektir. Kad\u0131k\u00f6y Mobilya Dolap Tamiri : Karma\u015f\u0131k detaylar\u0131 ve zamans\u0131z \u00e7ekicili\u011fiyle ah\u015fap mobilyalar zamanla a\u015f\u0131nmaya kar\u015f\u0131 hassas hale gelebilir. Yanl\u0131\u015f hizalanm\u0131\u015f mente\u015feler ve zay\u0131flam\u0131\u015f eklemler gibi yap\u0131sal hasarlar veya ezikler ve \u00e7izikler gibi sorunlar olsun, \u00f6zverili ekibimiz par\u00e7an\u0131z\u0131n hassasiyet ve \u00f6zenle tamir edilmesini sa\u011flar. Kad\u0131k\u00f6y Mobilya Dolap ve Gard\u0131rop Tamiri : hizmetlerimiz kolayl\u0131k sa\u011flamak i\u00e7in tasarlanm\u0131\u015ft\u0131r ve hasar\u0131n daha kapsaml\u0131 bir onar\u0131m gerektirdi\u011fi nadir durumlarda, daha b\u00fcy\u00fck restorasyonlar\u0131 idare edebilecek \u015fekilde donat\u0131lm\u0131\u015f merkezi bir at\u00f6lyemiz bulunmaktad\u0131r. Kad\u0131k\u00f6y Ah\u015fap Mobilya Tamiri, En sevdi\u011fimiz yadigarlar sonsuza dek dayanamaz. Sonunda eski ihti\u015famlar\u0131na geri d\u00f6nmeleri veya zaten m\u00fckemmel olan tasar\u0131mlar\u0131n\u0131 geli\u015ftirmeleri i\u00e7in yetenekli bir elin dikkatli dokunu\u015funa ihtiya\u00e7 duyacaklard\u0131r. Restorasyon projelerinin \u00f6z\u00fcnde mobilya onar\u0131m hizmeti vard\u0131r; Kad\u0131k\u00f6y t\u00fcm mahallelerine hizmet veriyoruz.\u00a0Kad\u0131k\u00f6y Mobilya Tamiri, Hizmetlerimiz haftada 6 g\u00fcn sabah&#8230; <a class=\"di-continue-reading\" href=\"https:\/\/www.onlinemarangoz.com.tr\/Kadikoy\/kadikoy-mobilya-tamiri\/\"> Continue Reading&#8230;<\/a><\/p>\n","protected":false},"author":1,"featured_media":0,"parent":0,"menu_order":200,"comment_status":"closed","ping_status":"open","template":"","meta":{"_sitemap_exclude":false,"_sitemap_priority":"","_sitemap_frequency":"","footnotes":""},"categories":[1],"tags":[1521,1520,1522,1519,1524,1525,1523],"class_list":["post-1145","page","type-page","status-publish","hentry","category-kadikoy-mobilya-tamir-montaj-servisi","tag-kadikoy-ahsap-mobilya-tamiri","tag-kadikoy-mobilya-dolap-tamiri","tag-kadikoy-mobilya-dolap-ve-gardirop-tamiri","tag-kadikoy-mobilya-tamiri","tag-kadikoy-mobilya-tamiri-iletisim","tag-kadikoy-mobilya-tamiri-telefon","tag-kadikoy-yerinde-mobilya-dolap-tamiri-onarimi"],"_links":{"self":[{"href":"https:\/\/www.onlinemarangoz.com.tr\/Kadikoy\/wp-json\/wp\/v2\/pages\/1145","targetHints":{"allow":["GET"]}}],"collection":[{"href":"https:\/\/www.onlinemarangoz.com.tr\/Kadikoy\/wp-json\/wp\/v2\/pages"}],"about":[{"href":"https:\/\/www.onlinemarangoz.com.tr\/Kadikoy\/wp-json\/wp\/v2\/types\/page"}],"author":[{"embeddable":true,"href":"https:\/\/www.onlinemarangoz.com.tr\/Kadikoy\/wp-json\/wp\/v2\/users\/1"}],"replies":[{"embeddable":true,"href":"https:\/\/www.onlinemarangoz.com.tr\/Kadikoy\/wp-json\/wp\/v2\/comments?post=1145"}],"version-history":[{"count":0,"href":"https:\/\/www.onlinemarangoz.com.tr\/Kadikoy\/wp-json\/wp\/v2\/pages\/1145\/revisions"}],"wp:attachment":[{"href":"https:\/\/www.onlinemarangoz.com.tr\/Kadikoy\/wp-json\/wp\/v2\/media?parent=1145"}],"wp:term":[{"taxonomy":"category","embeddable":true,"href":"https:\/\/www.onlinemarangoz.com.tr\/Kadikoy\/wp-json\/wp\/v2\/categories?post=1145"},{"taxonomy":"post_tag","embeddable":true,"href":"https:\/\/www.onlinemarangoz.com.tr\/Kadikoy\/wp-json\/wp\/v2\/tags?post=1145"}],"curies":[{"name":"wp","href":"https:\/\/api.w.org\/{rel}","templated":true}]}}