{"id":1151,"date":"2024-11-17T19:53:34","date_gmt":"2024-11-17T19:53:34","guid":{"rendered":"https:\/\/www.onlinemarangoz.com.tr\/Kadikoy\/?page_id=1151"},"modified":"2024-11-17T22:24:12","modified_gmt":"2024-11-17T22:24:12","slug":"kadikoy-mobilya-tamir-servisi","status":"publish","type":"page","link":"https:\/\/www.onlinemarangoz.com.tr\/Kadikoy\/kadikoy-mobilya-tamir-servisi\/","title":{"rendered":"Kad\u0131k\u00f6y Mobilya Tamir Servisi"},"content":{"rendered":"<p>Kad\u0131k\u00f6y Mobilya Tamir Servisi : Mobilyalar\u0131n\u0131z\u0131 bir ma\u011fazaya g\u00f6t\u00fcrmek zahmetli oldu\u011fu i\u00e7in mobilya tamiri veya restorasyonunu ertelediyseniz, m\u00fckemmel bir \u00e7\u00f6z\u00fcm\u00fcm\u00fcz var: Size gelebiliriz. Kad\u0131k\u00f6y Ah\u015fap Mobilya Tamiri Onar\u0131m Servisi : Mobilyalar\u0131n\u0131z\u0131n onar\u0131lmas\u0131, tamir edilmesi gerekip gerekmedi\u011fine bak\u0131lmaks\u0131z\u0131n, evinizden hi\u00e7 \u00e7\u0131kmadan g\u00f6r\u00fcn\u00fcm\u00fcn\u00fc ve hissini de\u011fi\u015ftirebilir. Kad\u0131k\u00f6y Mobilya Tamir Usta Servisi, i\u015fini yapmak i\u00e7in ihtiya\u00e7 duyduklar\u0131 t\u00fcm ara\u00e7 ve malzemeleri yan\u0131nda getirecekler. Mobilyalar\u0131n\u0131z\u0131 ta\u015f\u0131mak zorunda kalmayarak zamandan tasarruf edebilir ve nihai sonu\u00e7lar\u0131 \u00e7ok seveceksiniz! Kad\u0131k\u00f6y Dolap ve Gard\u0131rop Tamir Servisi, L\u00fctfen unutmay\u0131n, t\u00fcm i\u015fleri evinizde tamamlayamay\u0131z. \u0130\u015fin kapsam\u0131na ba\u011fl\u0131 olarak baz\u0131 par\u00e7alar at\u00f6lyemizde tamamlanmal\u0131d\u0131r.<\/p>\n<figure id=\"attachment_1321\" aria-describedby=\"caption-attachment-1321\" style=\"width: 500px\" class=\"wp-caption alignright\"><img fetchpriority=\"high\" decoding=\"async\" class=\"size-full wp-image-1321\" src=\"https:\/\/www.onlinemarangoz.com.tr\/Kadikoy\/wp-content\/uploads\/Kadikoy-Ahsap-Mobilya-Tamir-Servisi.jpg\" alt=\"Kad\u0131k\u00f6y Mobilya Tamir Servisi\" width=\"500\" height=\"280\" srcset=\"https:\/\/www.onlinemarangoz.com.tr\/Kadikoy\/wp-content\/uploads\/Kadikoy-Ahsap-Mobilya-Tamir-Servisi.jpg 500w, https:\/\/www.onlinemarangoz.com.tr\/Kadikoy\/wp-content\/uploads\/Kadikoy-Ahsap-Mobilya-Tamir-Servisi-300x168.jpg 300w\" sizes=\"(max-width: 500px) 100vw, 500px\" \/><figcaption id=\"caption-attachment-1321\" class=\"wp-caption-text\">Kad\u0131k\u00f6y Mobilya Tamir Servisi<\/figcaption><\/figure>\n<p align=\"CENTER\">Kad\u0131k\u00f6y t\u00fcm mahallelerine hizmet veriyoruz.\u00a0Kad\u0131k\u00f6y Mobilya Tamir Usta Servisi, Hizmetlerimiz haftada 6 g\u00fcn sabah 09:00 \u2013 Ak\u015fam 20:00 saatleri aras\u0131nda mevcuttur ( hafta sonu rezervasyonlar\u0131 i\u00e7in ek \u00fccret al\u0131nmaz)\u00a0Kad\u0131k\u00f6y Yerinde Mobilya Dolap Tamir Servisi, Rakipsiz bir teklif ve harika bir hizmet istiyorsan\u0131z l\u00fctfen sizin i\u00e7in uygun oldu\u011funda WhatsApp&#8217; tan mesaj atmaktan veya bizi, Kad\u0131k\u00f6y Mobilya Tamir Servisi Telefon\u00a0\u21d4 0554 858 1312 \u21d4 Telefonla yard\u0131ma ihtiyac\u0131n\u0131z varsa l\u00fctfen bizimle ileti\u015fime ge\u00e7in.\u00a0Kad\u0131k\u00f6y Ah\u015fap Mobilya Tamiri Onar\u0131m Servisi, Amac\u0131m\u0131z size m\u00fcmk\u00fcn olan en iyi hizmeti sunmakt\u0131r.<\/p>\n<h2>Kad\u0131k\u00f6y Mobilya Tamir Servisi<\/h2>\n<p>Kad\u0131k\u00f6y Mobilya Tamir Servisi, Mobilyalar\u0131n\u0131z eviniz hakk\u0131nda bir ifade olu\u015fturur. Geleneksel ve modernden rahat olana kadar, aralar\u0131ndan se\u00e7im yapabilece\u011finiz \u00e7ok say\u0131da farkl\u0131 mobilya stili vard\u0131r. Do\u011fru par\u00e7alar\u0131 se\u00e7mek i\u00e7in ne kadar zaman ve emek harcarsan\u0131z harcay\u0131n, sonunda a\u015f\u0131nma ve y\u0131pranma belirtileri g\u00f6stereceklerdir. Mobilyalar\u0131n\u0131z\u0131n, <span style=\"color: #ff0000;\"><em><strong><a style=\"color: #ff0000;\" href=\"https:\/\/www.onlinemarangoz.com.tr\/mobilya-tamir-servisi\/\" target=\"_blank\" rel=\"noopener\">Kad\u0131k\u00f6y Ah\u015fap Mobilya Tamiri Onar\u0131m Servisi<\/a><\/strong><\/em><\/span>, mobilya onar\u0131m hizmetleriyle yeni gibi g\u00f6r\u00fcnmesini sa\u011flay\u0131n.\u00a0Kad\u0131k\u00f6y Dolap ve Gard\u0131rop Tamir Servisi, mobilyalar\u0131n\u0131z\u0131n yeni gibi g\u00f6r\u00fcnmesini sa\u011flamak i\u00e7in ihtiya\u00e7 duydu\u011funuz mobilya onar\u0131m hizmetlerini gururla sunar. Mobilyalar\u0131n\u0131zda a\u015f\u0131nma ve y\u0131pranma belirtileri g\u00f6sterdi\u011finde onlar\u0131 de\u011fi\u015ftirebilirsiniz ancak bunun maliyetli bir se\u00e7enek oldu\u011funu biliyorsunuz.<\/p>\n<p align=\"CENTER\">Kad\u0131k\u00f6y t\u00fcm mahallelerine hizmet veriyoruz. Kad\u0131k\u00f6y Ah\u015fap Mobilya Tamiri Onar\u0131m Servisi, Hizmetlerimiz haftada 6 g\u00fcn sabah 09:00 \u2013 Ak\u015fam 20:00 saatleri aras\u0131nda mevcuttur ( hafta sonu rezervasyonlar\u0131 i\u00e7in ek \u00fccret al\u0131nmaz) Kad\u0131k\u00f6y Yerinde Mobilya Dolap Tamir Servisi, Rakipsiz bir teklif ve harika bir hizmet istiyorsan\u0131z l\u00fctfen sizin i\u00e7in uygun oldu\u011funda WhatsApp&#8217; tan mesaj atmaktan veya bizi Kad\u0131k\u00f6y Mobilya Tamir Servisi Telefon \u21d4 0554 858 1312 \u21d4 Telefonla herhangi bir geri bildiriminiz varsa l\u00fctfen bana bildirmekten \u00e7ekinmeyin. Kad\u0131k\u00f6y Ah\u015fap Mobilya Tamir Servisi, sorunlar\u0131n\u0131z i\u00e7in size m\u00fcmk\u00fcn olan en iyi sonucu sa\u011flayaca\u011f\u0131z. <img decoding=\"async\" class=\"alignleft wp-image-1256\" src=\"https:\/\/www.onlinemarangoz.com.tr\/Kadikoy\/wp-content\/uploads\/Kadikoy-Mobilya-Tamir.jpg\" alt=\"\" width=\"250\" height=\"250\" srcset=\"https:\/\/www.onlinemarangoz.com.tr\/Kadikoy\/wp-content\/uploads\/Kadikoy-Mobilya-Tamir.jpg 300w, https:\/\/www.onlinemarangoz.com.tr\/Kadikoy\/wp-content\/uploads\/Kadikoy-Mobilya-Tamir-150x150.jpg 150w, https:\/\/www.onlinemarangoz.com.tr\/Kadikoy\/wp-content\/uploads\/Kadikoy-Mobilya-Tamir-90x90.jpg 90w\" sizes=\"(max-width: 250px) 100vw, 250px\" \/><\/p>\n<h3>Kad\u0131k\u00f6y Ah\u015fap Mobilya Tamir Servisi<\/h3>\n<p>Kad\u0131k\u00f6y Ah\u015fap Mobilya Tamir Servisi, Eviniz veya i\u015finiz hakk\u0131nda bir a\u00e7\u0131klama yapmak i\u00e7in mobilyalar\u0131n\u0131z\u0131 se\u00e7tiniz. Geleneksel ve modernden rahat olana kadar, aralar\u0131ndan se\u00e7im yapabilece\u011finiz \u00e7ok say\u0131da farkl\u0131 mobilya stili vard\u0131r. Mobilyalar\u0131n\u0131zda a\u015f\u0131nma ve y\u0131pranma belirtileri g\u00f6sterdi\u011finde, hepsini at\u0131p yepyeni mobilyalar sat\u0131n almaktan ba\u015fka se\u00e7ene\u011finiz olmad\u0131\u011f\u0131n\u0131 d\u00fc\u015f\u00fcnebilirsiniz. Bunu yapmadan, Kad\u0131k\u00f6y Mobilya Tamir Usta Servisi, \u00f6nce, sundu\u011fumuz \u00e7e\u015fitli mobilya onar\u0131m hizmetleri hakk\u0131nda daha fazla bilgi edinmek i\u00e7in bizim ile ileti\u015fime ge\u00e7in. En \u0130yi Dereceli mobilya onar\u0131m hizmetlerimizi kulland\u0131\u011f\u0131n\u0131zda zamandan ve paradan tasarruf edebilir ve en sevdi\u011finiz mobilyalar\u0131n keyfini \u00e7\u0131karmaya devam edebilirsiniz. Kad\u0131k\u00f6y\u00a0Ah\u015fap\u00a0Mobilya Tamiri\u00a0Onar\u0131m Servisi, mobilyalar\u0131n\u0131z\u0131n en iyi \u015fekilde g\u00f6r\u00fcnmesini sa\u011flamak i\u00e7in ihtiya\u00e7 duydu\u011funuz onar\u0131m hizmetlerini sa\u011flamak \u00fczere evinize veya i\u015f yerinize gelebilir. Profesyonel\u00a0<em><span style=\"color: #0000ff;\"><strong><a style=\"color: #0000ff;\" href=\"https:\/\/www.onlinemarangoz.com.tr\/Kadikoy\/kadikoy-mobilya-tamir-servisi\/\" target=\"_blank\" rel=\"noopener\">Kad\u0131k\u00f6y Dolap ve Gard\u0131rop Tamir Servisi<\/a><\/strong><\/span><\/em>, mobilya onar\u0131m hizmetlerimizle en sevdi\u011finiz mobilya par\u00e7alar\u0131n\u0131zla daha uzun y\u0131llar ge\u00e7irin. Tamamen yeni mobilyalar sat\u0131n almak yerine, ihtiyac\u0131n\u0131z olan mobilya onar\u0131m hizmetlerine eri\u015fmek i\u00e7in uzman ekibimizle\u00a0Kad\u0131k\u00f6y Mobilya Tamir Servisi \u0130leti\u015fim,\u00a0ge\u00e7meniz yeterlidir.<img decoding=\"async\" class=\"alignright wp-image-1257\" src=\"https:\/\/www.onlinemarangoz.com.tr\/Kadikoy\/wp-content\/uploads\/Kadikoy-Mobilya-Dolap-Tamir.jpg\" alt=\"\" width=\"250\" height=\"250\" srcset=\"https:\/\/www.onlinemarangoz.com.tr\/Kadikoy\/wp-content\/uploads\/Kadikoy-Mobilya-Dolap-Tamir.jpg 300w, https:\/\/www.onlinemarangoz.com.tr\/Kadikoy\/wp-content\/uploads\/Kadikoy-Mobilya-Dolap-Tamir-150x150.jpg 150w, https:\/\/www.onlinemarangoz.com.tr\/Kadikoy\/wp-content\/uploads\/Kadikoy-Mobilya-Dolap-Tamir-90x90.jpg 90w\" sizes=\"(max-width: 250px) 100vw, 250px\" \/><\/p>\n<h4>Kad\u0131k\u00f6y\u00a0Dolap ve Gard\u0131rop Tamir\u00a0Servisi<\/h4>\n<p>Kad\u0131k\u00f6y\u00a0Dolap ve Gard\u0131rop Tamir\u00a0Servisi, e\u011fitimli teknisyenlerimiz, mobilyalar\u0131n\u0131z\u0131n en iyi \u015fekilde g\u00f6r\u00fcnmesini sa\u011flamak i\u00e7in ihtiya\u00e7 duydu\u011funuz onar\u0131m\u0131na veya temizli\u011fini sa\u011flamak \u00fczere evinize gelebilir. En sevdi\u011finiz mobilya par\u00e7alar\u0131n\u0131zla daha uzun y\u0131llar ge\u00e7irin ve profesyonel mobilya onar\u0131m hizmetleriyle zamandan ve paradan tasarruf edin. Kad\u0131k\u00f6y\u00a0Ah\u015fap\u00a0Mobilya Tamiri\u00a0Onar\u0131m Servisi, kusursuz bir mobilya par\u00e7as\u0131, sadece bir anda yeni gibi olmaktan tamamen lekelenmi\u015f hale gelebilir. Kazalar hayat\u0131n bir ger\u00e7e\u011fidir mobilyalar\u0131n\u0131z bir noktada hasar g\u00f6recektir. Bu nedenle g\u00fcvenilir, En \u0130yi Dereceli Yerel mobilya tamir onar\u0131m hizmetlerine ba\u015fvurman\u0131z \u00f6nemlidir. Bu nedenle, Kad\u0131k\u00f6y Mobilya Tamir Usta Servisi, size yard\u0131mc\u0131 olmak i\u00e7in burada.\u00a0Kad\u0131k\u00f6y Ah\u015fap Mobilya Tamir Servisi, M\u00fc\u015fterilerimize kar\u015f\u0131 e\u015fsiz bir ba\u011fl\u0131l\u0131kla, mobilyalar\u0131n\u0131z\u0131n kazadan \u00f6nce oldu\u011fu kadar iyi, hatta daha iyi g\u00f6r\u00fcnmesini sa\u011flamak i\u00e7in h\u0131zl\u0131 ama dikkatli bir \u015fekilde \u00e7al\u0131\u015faca\u011f\u0131z. \u0130ster komple onar\u0131ma ihtiyac\u0131n\u0131z olsun, g\u00fcler y\u00fczl\u00fc ekibimize g\u00fcvenebilece\u011finizi bilin! Kad\u0131k\u00f6y Mobilya Tamir Servisi<\/p>\n<p align=\"CENTER\">Kad\u0131k\u00f6y Mobilya Tamir Servisi, t\u00fcm mahallelerine hizmet veriyoruz.\u00a0<span style=\"color: #008000;\"><em><strong><a style=\"color: #008000;\" href=\"https:\/\/www.onlinemarangoz.com.tr\/Kadikoy\/\" target=\"_blank\" rel=\"noopener\">Kad\u0131k\u00f6y Yerinde Mobilya Dolap Tamir Servisi<\/a><\/strong><\/em><\/span>, Hizmetlerimiz haftada 6 g\u00fcn sabah 09:00 \u2013 Ak\u015fam 20:00 saatleri aras\u0131nda mevcuttur ( hafta sonu rezervasyonlar\u0131 i\u00e7in ek \u00fccret al\u0131nmaz)\u00a0Kad\u0131k\u00f6y Ah\u015fap Mobilya Tamiri Onar\u0131m Servisi, Rakipsiz bir teklif ve harika bir hizmet istiyorsan\u0131z l\u00fctfen sizin i\u00e7in uygun oldu\u011funda WhatsApp&#8217; tan mesaj atmaktan veya bizi, Kad\u0131k\u00f6y Mobilya Tamir Servisi Telefon \u21d4 0554 858 1312 \u21d4 Telefonla herhangi bir yard\u0131ma ihtiyac\u0131n\u0131z olursa bana bildirmekten \u00e7ekinmeyin. &#8220;memnuniyetiniz en b\u00fcy\u00fck \u00f6nceli\u011fimizdir.\u00a0Kad\u0131k\u00f6y Ah\u015fap Mobilya Tamir Servisi, Deneyiminizden memnun kalman\u0131z\u0131 sa\u011flamak i\u00e7in elimizden gelenin fazlas\u0131n\u0131 yapaca\u011f\u0131z.<\/p>\n<table style=\"border-collapse: collapse; width: 100%;\">\n<tbody>\n<tr>\n<td>\n<p style=\"text-align: center;\"><b style=\"font-family: Arial, sans-serif; letter-spacing: 0.5px; word-spacing: 0.5px;\">Kad\u0131k\u00f6y Mobilya Tamir Servisi \u0130leti\u015fim<\/b><\/p>\n<p><a href=\"https:\/\/wa.me\/+905548581312\" target=\"_blank\" rel=\"At Hemen Mesaj T\u0131kla Whatsapp noopener\"><img loading=\"lazy\" decoding=\"async\" class=\"Whatsapp Hemen T\u0131kla Mesaj At aligncenter wp-image-1187 size-full\" title=\"Whatsapp Hemen T\u0131kla Mesaj At\" src=\"https:\/\/www.onlinemarangoz.com.tr\/Kadikoy\/wp-content\/uploads\/Kadikoy-Mobilya-Tamiri-Iletisim.jpg\" alt=\"Whatsapp Hemen T\u0131kla Mesaj At\" width=\"500\" height=\"200\" srcset=\"https:\/\/www.onlinemarangoz.com.tr\/Kadikoy\/wp-content\/uploads\/Kadikoy-Mobilya-Tamiri-Iletisim.jpg 500w, https:\/\/www.onlinemarangoz.com.tr\/Kadikoy\/wp-content\/uploads\/Kadikoy-Mobilya-Tamiri-Iletisim-300x120.jpg 300w\" sizes=\"(max-width: 500px) 100vw, 500px\" \/><\/a><\/td>\n<td style=\"width: 33.3333%;\">\n<h3 style=\"text-align: center;\">Kad\u0131k\u00f6y Ah\u015fap Mobilya Tamir Servisi B\u0130ZE ULA\u015eIN!<\/h3>\n<p style=\"text-align: center;\">Sizinle ba\u011flant\u0131 kurmak istiyoruz! Restorasyon Dan\u0131\u015fmanlar\u0131m\u0131z\u00a0her zaman\u00a0telefonla,\u00a0Pazartesi-Cuma, 08:00-17:00 saatleri aras\u0131nda hizmetinizdedir.\u00a0Tercih ederseniz a\u015fa\u011f\u0131da ba\u015fka ba\u011flant\u0131 yollar\u0131 da bulunmaktad\u0131r. L\u00fctfen size ve ailenize nas\u0131l hizmet edebilece\u011fimizi bize bildirin!<\/p>\n<\/td>\n<td style=\"width: 33.3333%;\">\n<p style=\"text-align: center;\"><b style=\"font-family: Arial, sans-serif; letter-spacing: 0.5px; word-spacing: 0.5px;\">Kad\u0131k\u00f6y Mobilya Tamir Servisi Telefon<\/b><\/p>\n<p><a class=\"Telefon Hemen T\u0131kla Ara\" href=\"tel:\/\/+905548581312\" target=\"_blank\" rel=\"Ara Hemen Telefon T\u0131kla noopener\"><img loading=\"lazy\" decoding=\"async\" class=\"Telefon Hemen T\u0131kla Ara aligncenter wp-image-1188 size-full\" title=\"Telefon Hemen T\u0131kla Ara\" src=\"https:\/\/www.onlinemarangoz.com.tr\/Kadikoy\/wp-content\/uploads\/Kadikoy-Mobilya-Tamiri-Telefon.jpg\" alt=\"Telefon Hemen T\u0131kla Ara\" width=\"500\" height=\"200\" srcset=\"https:\/\/www.onlinemarangoz.com.tr\/Kadikoy\/wp-content\/uploads\/Kadikoy-Mobilya-Tamiri-Telefon.jpg 500w, https:\/\/www.onlinemarangoz.com.tr\/Kadikoy\/wp-content\/uploads\/Kadikoy-Mobilya-Tamiri-Telefon-300x120.jpg 300w\" sizes=\"(max-width: 500px) 100vw, 500px\" \/><\/a><\/td>\n<\/tr>\n<\/tbody>\n<\/table>\n<p><marquee onmouseover=\"this.stop()\" onmouseout=\"this.start()\"width=\"1000\" height=\"25\" direction=\"horizontal\" scrollamount=\"3\"scrolldelay=\"60\" loop=\"99999\">Tezcan Usta \u25e20554 858 1312\u25e3 Online Mobilya Dolap Tamircisi \u25ac Online Mobilya Ray Dolap Tamircisi \u25ac Online Mobilya S\u00fcrg\u00fcl\u00fc Ray Dolap Tamircisi \u25ac Online Ah\u015fap Sandalye Tamircisi \u25ac Online Ah\u015fap Masa Tamircisi \u25ac Online Sallanan Sandalye Tamircisi \u25ac Online Kiler Dolap Tamircisi \u25ac Online Mutfak Dolap Kapak Tamircisi \u25ac Online Mobilya Dolap \u00c7ekmece Ray Tamircisi \u25ac Online D\u00fc\u015fen \u00c7ekmece Ray Tamircisi \u25ac Online Mobilya Gard\u0131rop Tamircisi \u25ac Online Mobilya Dolap Kapak Mente\u015fe Tamircisi \u25ac Online Mobilya Dolap Kapak Tamircisi \u25ac Online Ah\u015fap Mobilya Tamircisi \u25ac Online Mobilya Tamircisi \u0130leti\u015fim \u25ac Online Mobilya Tamircisi Bize Ula\u015f\u0131n \u25ac Kitapl\u0131k Tamiri \u25ac Sallanan Sandalye Tamiri \u25ac Masa Tamiri \u25ac Online Yemek Sandalyesi Tamiri \u25ac Online Mutfak Sandalyeleri Tamiri \u25ac Online Ah\u015fap Mobilya Onar\u0131mlar\u0131 \u25ac Ah\u015fap Mobilya Tamircisi \u25ac Mobilya Dolap Tamircisi \u25ac Mobilya Ray Dolap Tamircisi \u25ac Mobilya Rayl\u0131 Dolap Tamircisi \u25ac Mobilya S\u00fcrg\u00fcl\u00fc Ray Dolap Tamircisi \u25ac Mobilya Ray Dolap Kapak Tamircisi \u25ac Mobilya Ray Dolap Kapak Mekanizma Tamircisi \u25ac Mobilya Ray Dolap Kapak Sistemleri Tamircisi \u25ac Mobilya Ray Dolap Kapak Fren Sistemleri Tamircisi \u25ac Ah\u015fap Mobilya Dolap Kapak Tamircisi \u25ac Mobilya Dolap Kapak Mente\u015fe Tamircisi \u25ac Mutfak Dolap Kapak Mente\u015fe Tamircisi \u25ac Online Mutfak Dolap Amortis\u00f6rl\u00fc Kapak Tamircisi \u25ac Online Mobilya Dolap \u00c7ekmece Ray Tamircisi \u25ac Mobilya Dolap D\u00fc\u015fen \u00c7ekmece Ray Tamircisi \u25ac Ah\u015fap Sandalye Tamircisi \u25ac Ah\u015fap Sallanan Sandalye Tamircisi \u25ac Ah\u015fap K\u0131r\u0131k Sandalye Tamircisi \u25ac Ah\u015fap K\u0131r\u0131k Sandalye Aya\u011f\u0131 Sandalye Tamircisi \u25ac \u015eifonyer Dolap \u00c7ekmece Ray Tamircisi \u25ac Komidin Dolap \u00c7ekmece Ray Tamircisi \u25ac  Yatak Odas\u0131 Dolap \u00c7ekmece Ray Tamircisi \u25ac  Gard\u0131rop \u00c7ekmece Ray Tamircisi \u25ac Amortis\u00f6rl\u00fc Yatak Tamiri \u25ac Amortis\u00f6rl\u00fc G\u0131c\u0131rdayan Yatak Tamiri \u25e2 Online Baza Amortis\u00f6r\u00fc Tamiri \u25e3<\/marquee><\/p>\n\n\n<div class=\"kk-star-ratings kksr-auto kksr-align-left kksr-valign-bottom\"\n    data-payload='{&quot;align&quot;:&quot;left&quot;,&quot;id&quot;:&quot;1151&quot;,&quot;slug&quot;:&quot;default&quot;,&quot;valign&quot;:&quot;bottom&quot;,&quot;ignore&quot;:&quot;&quot;,&quot;reference&quot;:&quot;auto&quot;,&quot;class&quot;:&quot;&quot;,&quot;count&quot;:&quot;16&quot;,&quot;legendonly&quot;:&quot;&quot;,&quot;readonly&quot;:&quot;&quot;,&quot;score&quot;:&quot;5&quot;,&quot;starsonly&quot;:&quot;&quot;,&quot;best&quot;:&quot;5&quot;,&quot;gap&quot;:&quot;5&quot;,&quot;greet&quot;:&quot;Kad\u0131k\u00f6y Marangoz \u2705&quot;,&quot;legend&quot;:&quot;Kad\u0131k\u00f6y Marangoz Ustas\u0131 \u2b50 16 \u2b50&quot;,&quot;size&quot;:&quot;24&quot;,&quot;title&quot;:&quot;Kad\u0131k\u00f6y Mobilya Tamir Servisi&quot;,&quot;width&quot;:&quot;142.5&quot;,&quot;_legend&quot;:&quot;Kad\u0131k\u00f6y Marangoz Ustas\u0131 \u2b50 {count} \u2b50&quot;,&quot;font_factor&quot;:&quot;1.25&quot;}'>\n            \n<div class=\"kksr-stars\">\n    \n<div class=\"kksr-stars-inactive\">\n            <div class=\"kksr-star\" data-star=\"1\" style=\"padding-right: 5px\">\n            \n\n<div class=\"kksr-icon\" style=\"width: 24px; height: 24px;\"><\/div>\n        <\/div>\n            <div class=\"kksr-star\" data-star=\"2\" style=\"padding-right: 5px\">\n            \n\n<div class=\"kksr-icon\" style=\"width: 24px; height: 24px;\"><\/div>\n        <\/div>\n            <div class=\"kksr-star\" data-star=\"3\" style=\"padding-right: 5px\">\n            \n\n<div class=\"kksr-icon\" style=\"width: 24px; height: 24px;\"><\/div>\n        <\/div>\n            <div class=\"kksr-star\" data-star=\"4\" style=\"padding-right: 5px\">\n            \n\n<div class=\"kksr-icon\" style=\"width: 24px; height: 24px;\"><\/div>\n        <\/div>\n            <div class=\"kksr-star\" data-star=\"5\" style=\"padding-right: 5px\">\n            \n\n<div class=\"kksr-icon\" style=\"width: 24px; height: 24px;\"><\/div>\n        <\/div>\n    <\/div>\n    \n<div class=\"kksr-stars-active\" style=\"width: 142.5px;\">\n            <div class=\"kksr-star\" style=\"padding-right: 5px\">\n            \n\n<div class=\"kksr-icon\" style=\"width: 24px; height: 24px;\"><\/div>\n        <\/div>\n            <div class=\"kksr-star\" style=\"padding-right: 5px\">\n            \n\n<div class=\"kksr-icon\" style=\"width: 24px; height: 24px;\"><\/div>\n        <\/div>\n            <div class=\"kksr-star\" style=\"padding-right: 5px\">\n            \n\n<div class=\"kksr-icon\" style=\"width: 24px; height: 24px;\"><\/div>\n        <\/div>\n            <div class=\"kksr-star\" style=\"padding-right: 5px\">\n            \n\n<div class=\"kksr-icon\" style=\"width: 24px; height: 24px;\"><\/div>\n        <\/div>\n            <div class=\"kksr-star\" style=\"padding-right: 5px\">\n            \n\n<div class=\"kksr-icon\" style=\"width: 24px; height: 24px;\"><\/div>\n        <\/div>\n    <\/div>\n<\/div>\n                \n\n<div class=\"kksr-legend\" style=\"font-size: 19.2px;\">\n            Kad\u0131k\u00f6y Marangoz Ustas\u0131 \u2b50 16 \u2b50    <\/div>\n    <\/div>\n","protected":false},"excerpt":{"rendered":"<p>Kad\u0131k\u00f6y Mobilya Tamir Servisi : Mobilyalar\u0131n\u0131z\u0131 bir ma\u011fazaya g\u00f6t\u00fcrmek zahmetli oldu\u011fu i\u00e7in mobilya tamiri veya restorasyonunu ertelediyseniz, m\u00fckemmel bir \u00e7\u00f6z\u00fcm\u00fcm\u00fcz var: Size gelebiliriz. Kad\u0131k\u00f6y Ah\u015fap Mobilya Tamiri Onar\u0131m Servisi : Mobilyalar\u0131n\u0131z\u0131n onar\u0131lmas\u0131, tamir edilmesi gerekip gerekmedi\u011fine bak\u0131lmaks\u0131z\u0131n, evinizden hi\u00e7 \u00e7\u0131kmadan g\u00f6r\u00fcn\u00fcm\u00fcn\u00fc ve hissini de\u011fi\u015ftirebilir. Kad\u0131k\u00f6y Mobilya Tamir Usta Servisi, i\u015fini yapmak i\u00e7in ihtiya\u00e7 duyduklar\u0131 t\u00fcm ara\u00e7 ve malzemeleri yan\u0131nda getirecekler. Mobilyalar\u0131n\u0131z\u0131 ta\u015f\u0131mak zorunda kalmayarak zamandan tasarruf edebilir ve nihai sonu\u00e7lar\u0131 \u00e7ok seveceksiniz! Kad\u0131k\u00f6y Dolap ve Gard\u0131rop Tamir Servisi, L\u00fctfen unutmay\u0131n, t\u00fcm i\u015fleri evinizde tamamlayamay\u0131z. \u0130\u015fin kapsam\u0131na ba\u011fl\u0131 olarak baz\u0131 par\u00e7alar at\u00f6lyemizde tamamlanmal\u0131d\u0131r. Kad\u0131k\u00f6y t\u00fcm mahallelerine hizmet veriyoruz.\u00a0Kad\u0131k\u00f6y Mobilya Tamir Usta Servisi, Hizmetlerimiz haftada 6 g\u00fcn sabah 09:00 \u2013 Ak\u015fam 20:00 saatleri aras\u0131nda mevcuttur ( hafta sonu rezervasyonlar\u0131 i\u00e7in ek \u00fccret al\u0131nmaz)\u00a0Kad\u0131k\u00f6y Yerinde Mobilya Dolap Tamir Servisi, Rakipsiz bir teklif ve harika bir hizmet istiyorsan\u0131z l\u00fctfen sizin i\u00e7in uygun oldu\u011funda WhatsApp&#8217; tan mesaj atmaktan veya bizi, Kad\u0131k\u00f6y Mobilya Tamir Servisi Telefon\u00a0\u21d4 0554 858 1312 \u21d4 Telefonla yard\u0131ma ihtiyac\u0131n\u0131z varsa l\u00fctfen bizimle&#8230; <a class=\"di-continue-reading\" href=\"https:\/\/www.onlinemarangoz.com.tr\/Kadikoy\/kadikoy-mobilya-tamir-servisi\/\"> Continue Reading&#8230;<\/a><\/p>\n","protected":false},"author":1,"featured_media":0,"parent":0,"menu_order":220,"comment_status":"closed","ping_status":"open","template":"","meta":{"_sitemap_exclude":false,"_sitemap_priority":"","_sitemap_frequency":"","footnotes":""},"categories":[1],"tags":[1843,1842,1840,1845,1846,1841,1844],"class_list":["post-1151","page","type-page","status-publish","hentry","category-kadikoy-mobilya-tamir-montaj-servisi","tag-kadikoy-ahsap-mobilya-tamir-servisi","tag-kadikoy-ahsap-mobilya-tamiri-onarim-servisi","tag-kadikoy-mobilya-tamir-servisi","tag-kadikoy-mobilya-tamir-servisi-iletisim","tag-kadikoy-mobilya-tamir-servisi-telefon","tag-kadikoy-mobilya-tamir-usta-servisi","tag-kadikoy-yerinde-mobilya-dolap-tamir-servisi"],"_links":{"self":[{"href":"https:\/\/www.onlinemarangoz.com.tr\/Kadikoy\/wp-json\/wp\/v2\/pages\/1151","targetHints":{"allow":["GET"]}}],"collection":[{"href":"https:\/\/www.onlinemarangoz.com.tr\/Kadikoy\/wp-json\/wp\/v2\/pages"}],"about":[{"href":"https:\/\/www.onlinemarangoz.com.tr\/Kadikoy\/wp-json\/wp\/v2\/types\/page"}],"author":[{"embeddable":true,"href":"https:\/\/www.onlinemarangoz.com.tr\/Kadikoy\/wp-json\/wp\/v2\/users\/1"}],"replies":[{"embeddable":true,"href":"https:\/\/www.onlinemarangoz.com.tr\/Kadikoy\/wp-json\/wp\/v2\/comments?post=1151"}],"version-history":[{"count":0,"href":"https:\/\/www.onlinemarangoz.com.tr\/Kadikoy\/wp-json\/wp\/v2\/pages\/1151\/revisions"}],"wp:attachment":[{"href":"https:\/\/www.onlinemarangoz.com.tr\/Kadikoy\/wp-json\/wp\/v2\/media?parent=1151"}],"wp:term":[{"taxonomy":"category","embeddable":true,"href":"https:\/\/www.onlinemarangoz.com.tr\/Kadikoy\/wp-json\/wp\/v2\/categories?post=1151"},{"taxonomy":"post_tag","embeddable":true,"href":"https:\/\/www.onlinemarangoz.com.tr\/Kadikoy\/wp-json\/wp\/v2\/tags?post=1151"}],"curies":[{"name":"wp","href":"https:\/\/api.w.org\/{rel}","templated":true}]}}