{"id":1488,"date":"2024-11-26T20:20:27","date_gmt":"2024-11-26T20:20:27","guid":{"rendered":"https:\/\/www.onlinemarangoz.com.tr\/Kadikoy\/?page_id=1488"},"modified":"2024-11-26T20:35:59","modified_gmt":"2024-11-26T20:35:59","slug":"kadikoy-dolap-kapak-mentese-tamiri","status":"publish","type":"page","link":"https:\/\/www.onlinemarangoz.com.tr\/Kadikoy\/kadikoy-dolap-kapak-mentese-tamiri\/","title":{"rendered":"Kadik\u00f6y Dolap Kapak Mente\u015fe Tamiri"},"content":{"rendered":"<p>Kad\u0131k\u00f6y Dolap Kapak Mente\u015fe Tamiri &#8211; Dolap Kapak Mente\u015fe Tamircisi 0554 858 1312* \u0130stanbul Anadolu Yakas\u0131 Kad\u0131k\u00f6y Dolap Kapak Mente\u015fe Tamiri, Dolap kapak mente\u015feleriniz a\u015f\u0131nm\u0131\u015fsa, d\u00fczg\u00fcn tak\u0131lmam\u0131\u015fsa veya tamamen k\u0131r\u0131lm\u0131\u015fsa, d\u00fcnya standartlar\u0131ndaki \u00fcr\u00fcnlerimiz ve profesyonel kurulumumuz sorunu \u00e7\u00f6zecektir. \u0130ster \u00e7ift kanatl\u0131, ister k\u00f6r k\u00f6\u015fe, 90 derece k\u00f6\u015fe dolap, normal veya yava\u015f kapanan mente\u015feler olsun, donan\u0131m\u0131m\u0131z stoklar\u0131m\u0131zda mevcuttur ve sorunlu mente\u015felerinizi Yeni mente\u015feleriyle h\u0131zla de\u011fi\u015ftirebiliriz. Yava\u015f kapanan mente\u015felerine ge\u00e7mek de dolap kapaklar\u0131n\u0131n neredeyse sessiz ve zahmetsizce kapanmas\u0131n\u0131n keyfini \u00e7\u0131karman\u0131z i\u00e7in bir se\u00e7enektir. Kad\u0131k\u00f6y Dolap Kapak Mente\u015fe Tamir Ustas\u0131* Kap\u0131lar\u0131n\u0131z\u0131n mente\u015feleri koptu mu? Bize foto\u011fraflar\u0131n\u0131z\u0131 g\u00f6nderin! h\u0131zl\u0131 ve s\u00fcrd\u00fcr\u00fclebilir bir \u00e7\u00f6z\u00fcm sunabiliriz.<\/p>\n<figure id=\"attachment_1641\" aria-describedby=\"caption-attachment-1641\" style=\"width: 450px\" class=\"wp-caption alignright\"><img fetchpriority=\"high\" decoding=\"async\" class=\"size-full wp-image-1641\" src=\"https:\/\/www.onlinemarangoz.com.tr\/Kadikoy\/wp-content\/uploads\/Kadikoy-Dolap-Kapak-Mentese-Tamir.jpg\" alt=\"Kadik\u00f6y Dolap Kapak Mente\u015fe Tamiri\" width=\"450\" height=\"250\" srcset=\"https:\/\/www.onlinemarangoz.com.tr\/Kadikoy\/wp-content\/uploads\/Kadikoy-Dolap-Kapak-Mentese-Tamir.jpg 450w, https:\/\/www.onlinemarangoz.com.tr\/Kadikoy\/wp-content\/uploads\/Kadikoy-Dolap-Kapak-Mentese-Tamir-300x167.jpg 300w\" sizes=\"(max-width: 450px) 100vw, 450px\" \/><figcaption id=\"caption-attachment-1641\" class=\"wp-caption-text\">Kadik\u00f6y Dolap Kapak Mente\u015fe Tamiri<\/figcaption><\/figure>\n<h2>Kad\u0131k\u00f6y Dolap Kapak Mente\u015fe Tamiri.<\/h2>\n<p>Kad\u0131k\u00f6y Dolap Kap\u0131 Mente\u015fesi Onar\u0131m\u0131, A\u015f\u0131nm\u0131\u015f veya k\u0131r\u0131lm\u0131\u015f dolap kapak mente\u015felerinizi tamir ediyoruz. Bunlara genellikle gizli mente\u015fe, yumu\u015fak kapanan mente\u015fede\u00a0 denir. Art\u0131k d\u00fcnyan\u0131n bir\u00e7ok yerinde standart olan bu \u00fc\u00e7 y\u00f6nl\u00fc ayarlanabilir gizli mente\u015feler, dolaplar\u0131n ve kap\u0131lar\u0131n\u0131n s\u00fcrd\u00fcr\u00fclebilir \u015fekilde yeniden kullan\u0131lmas\u0131na ve onar\u0131lmas\u0131na olanak tan\u0131r.\u00a0Kad\u0131k\u00f6y Dolap Kapak Mente\u015fe Tamir Servisi, mente\u015feleri, \u00e7ekmece raflar\u0131, \u00e7ekmece kutular\u0131 Mente\u015felerinizin a\u015f\u0131nd\u0131\u011f\u0131n\u0131 ve de\u011fi\u015ftirilmesi gerekti\u011fini g\u00f6steren i\u015faretler:<\/p>\n<ul>\n<li>Dolap kapaklar\u0131 mente\u015felerinden sark\u0131yor veya tamamen \u00e7\u0131km\u0131\u015f<\/li>\n<li>Dolap Kapak Mente\u015fe b\u00f6lgesinin etraf\u0131nda siyah toz<\/li>\n<li>Dolap mente\u015fe taraf\u0131na yak\u0131n metal veya plastik par\u00e7alar\u0131<\/li>\n<\/ul>\n<p><span style=\"color: #ff0000;\"><em><strong><a style=\"color: #ff0000;\" href=\"https:\/\/www.onlinemarangoz.com.tr\/\" target=\"_blank\" rel=\"noopener\">Kad\u0131k\u00f6y Dolap Kapak K\u0131r\u0131k Mente\u015fe Tamiri<\/a><\/strong><\/em><\/span>, Bir kap\u0131n\u0131n t\u00fcm mente\u015felerini ve kap\u0131 mente\u015fesini, de\u011fi\u015ftirmeden \u00f6nce sorunu belirlemek i\u00e7in iyice kontrol ediyoruz. K\u0131r\u0131lma nedeniyle de\u011fi\u015ftirme, kap\u0131y\u0131 a\u00e7mak i\u00e7in yeni bir dokunu\u015fa y\u00fckseltme veya yumu\u015fak kapanma ekleme yard\u0131mc\u0131 olmak i\u00e7in burada. her t\u00fcrl\u00fc dolap kapak i\u00e7in mente\u015felerini stoklar\u0131nda bulundurmaktad\u0131r. Kad\u0131k\u00f6y\u00a0A\u015f\u0131nm\u0131\u015f K\u0131r\u0131lm\u0131\u015f Mente\u015fe De\u011fi\u015fimi, her iki mente\u015femiz de Standard ve yumu\u015fak kapan\u0131\u015f \u00e7\u00fcnk\u00fc do\u011fru kurulumumuzla sa\u011flarlar. Her uygulama i\u00e7in mente\u015feleri stoklar\u0131z. Ayr\u0131ca \u015fu ve daha fazlas\u0131ndan k\u0131r\u0131k a\u015f\u0131nm\u0131\u015f mente\u015feleri de\u011fi\u015ftiririz.<\/p>\n<p style=\"text-align: center;\">Kad\u0131k\u00f6y Dolap Kapak Mente\u015fe Tamiri, hizmet veriyoruz. Hizmetlerimiz haftada 6 g\u00fcn sabah 09:00 \u2013 Ak\u015fam 20:00 saatleri aras\u0131nda mevcuttur. Kad\u0131k\u00f6y Dolap Kapak Mente\u015fe Tamir Ustas\u0131 ( hafta sonu rezervasyonlar\u0131 i\u00e7in ek \u00fccret al\u0131nmaz) Kad\u0131k\u00f6y Dolap Kapak K\u0131r\u0131k Mente\u015fe Tamiri, Rakipsiz bir teklif ve harika bir hizmet istiyorsan\u0131z l\u00fctfen sizin i\u00e7in uygun oldu\u011funda WhatsApp&#8217;tan mesaj atmaktan veya bizi, Kad\u0131k\u00f6y A\u015f\u0131nm\u0131\u015f K\u0131r\u0131lm\u0131\u015f Dolap Kapak Mente\u015fe Tamiri \u21d4 0554 858 1312 \u21d4 Telefonla herhangi bir yard\u0131ma ihtiyac\u0131n\u0131z olursa bana bildirmekten \u00e7ekinmeyin. Kad\u0131k\u00f6y Dolap Kapak Mente\u015fe Tamir Servisi, memnuniyetiniz en b\u00fcy\u00fck \u00f6nceli\u011fimizdir. Deneyiminizden memnun kalman\u0131z\u0131 sa\u011flamak i\u00e7in elimizden gelenin fazlas\u0131n\u0131 yapaca\u011f\u0131z. Kad\u0131k\u00f6y Dolap Kap\u0131 Mente\u015fesi Onar\u0131m\u0131.<\/p>\n<p><img decoding=\"async\" class=\"alignleft wp-image-1636\" style=\"letter-spacing: 0.5px; word-spacing: 0.5px;\" src=\"https:\/\/www.onlinemarangoz.com.tr\/Kadikoy\/wp-content\/uploads\/Kadikoy-Dolap-Kapak-Mentese-Tamir-Servisi.jpg\" alt=\"\" width=\"250\" height=\"250\" srcset=\"https:\/\/www.onlinemarangoz.com.tr\/Kadikoy\/wp-content\/uploads\/Kadikoy-Dolap-Kapak-Mentese-Tamir-Servisi.jpg 300w, https:\/\/www.onlinemarangoz.com.tr\/Kadikoy\/wp-content\/uploads\/Kadikoy-Dolap-Kapak-Mentese-Tamir-Servisi-150x150.jpg 150w, https:\/\/www.onlinemarangoz.com.tr\/Kadikoy\/wp-content\/uploads\/Kadikoy-Dolap-Kapak-Mentese-Tamir-Servisi-90x90.jpg 90w\" sizes=\"(max-width: 250px) 100vw, 250px\" \/><\/p>\n<h3>Kad\u0131k\u00f6y Dolap Kap\u0131 Mente\u015fesi Onar\u0131m\u0131.<\/h3>\n<p>Kad\u0131k\u00f6y Dolap Kap\u0131 Mente\u015fesi Onar\u0131m\u0131, Evinizde sarkan ve bunun sonucunda d\u00fczg\u00fcn \u00e7al\u0131\u015fmayan bir dolap kapa\u011f\u0131 kadar can s\u0131k\u0131c\u0131 \u00e7ok fazla \u015fey yoktur. Bu nedenle, sorunla kar\u015f\u0131la\u015fman\u0131z\u0131n bir\u00e7ok nedeni olabilir, ancak endi\u015felenmeyin, \u00e7\u00fcnk\u00fc bunlar genellikle kolayca d\u00fczeltilebiliriz. Kad\u0131k\u00f6y Dolap Kapak Mente\u015fe Tamir Ustas\u0131, Ar\u0131zal\u0131 k\u0131r\u0131k dolap mente\u015felerinden veya s\u0131yr\u0131lm\u0131\u015f bir vida deli\u011finden kaynaklans\u0131n, ne arad\u0131\u011f\u0131n\u0131z\u0131 bildi\u011finizde dolap kapaklar\u0131n\u0131n sarkmas\u0131n\u0131n nedenlerini h\u0131zla tamir edebiliriz. Kad\u0131k\u00f6y Dolap Kapak K\u0131r\u0131k Mente\u015fe Tamiri, Sarkan bir dolap kapa\u011f\u0131n\u0131n en yayg\u0131n nedenlerinden biri ar\u0131zal\u0131 dolap kapa\u011f\u0131 mente\u015feleridir. Dolap mente\u015feleri , \u00f6zellikle mutfakta, s\u0131kl\u0131kla a\u015f\u0131nma ve y\u0131pranma ya\u015far. Bu nedenle, dolap kapa\u011f\u0131 kulplar\u0131 ve \u00e7ekmece \u00f6n panellerinizdeki kulplar\u0131n bile zaman zaman de\u011fi\u015ftirilmesi gerekir.<\/p>\n<p style=\"text-align: center;\"><em><span style=\"color: #ff0000;\"><strong><a style=\"color: #ff0000;\" href=\"https:\/\/www.onlinemarangoz.com.tr\/dolap-kapak-mentese-tamiri\/\" target=\"_blank\" rel=\"noopener\">Kad\u0131k\u00f6y A\u015f\u0131nm\u0131\u015f K\u0131r\u0131lm\u0131\u015f Dolap Kapak Mente\u015fe Tamiri<\/a><\/strong><\/span><\/em>, hizmet veriyoruz. Hizmetlerimiz haftada 6 g\u00fcn sabah 09:00 \u2013 Ak\u015fam 20:00 saatleri aras\u0131nda mevcuttur. Kad\u0131k\u00f6y Dolap Kapak Mente\u015fe Tamir Servisi, ( hafta sonu rezervasyonlar\u0131 i\u00e7in ek \u00fccret al\u0131nmaz) Kad\u0131k\u00f6y Dolap Kapak Mente\u015fe Tamir Ustas\u0131, Rakipsiz bir teklif ve harika bir hizmet istiyorsan\u0131z l\u00fctfen sizin i\u00e7in uygun oldu\u011funda WhatsApp&#8217;tan mesaj atmaktan veya bizi \u21d4 0554 858 1312 \u21d4 Telefonla konuyla ilgili d\u00fc\u015f\u00fcncelerinizi bana iletmekten \u00e7ekinmeyin.\u00a0Kad\u0131k\u00f6y Dolap Kap\u0131 Mente\u015fesi Onar\u0131m\u0131, Bug\u00fcn size yard\u0131mc\u0131 olabilece\u011fim ba\u015fka bir \u015fey var m\u0131? Ba\u015fka sorular\u0131n\u0131z veya endi\u015feleriniz varsa l\u00fctfen bize bildirmekten \u00e7ekinmeyin.&#8221; Kad\u0131k\u00f6y Dolap Kapak K\u0131r\u0131k Mente\u015fe Tamiri.<\/p>\n<p><img decoding=\"async\" class=\"wp-image-1635 alignright\" style=\"letter-spacing: 0.5px; word-spacing: 0.5px;\" src=\"https:\/\/www.onlinemarangoz.com.tr\/Kadikoy\/wp-content\/uploads\/Kadikoy-Dolap-Kapak-Mentese-Tamir-Ustasi.jpg\" alt=\"\" width=\"250\" height=\"250\" srcset=\"https:\/\/www.onlinemarangoz.com.tr\/Kadikoy\/wp-content\/uploads\/Kadikoy-Dolap-Kapak-Mentese-Tamir-Ustasi.jpg 300w, https:\/\/www.onlinemarangoz.com.tr\/Kadikoy\/wp-content\/uploads\/Kadikoy-Dolap-Kapak-Mentese-Tamir-Ustasi-150x150.jpg 150w, https:\/\/www.onlinemarangoz.com.tr\/Kadikoy\/wp-content\/uploads\/Kadikoy-Dolap-Kapak-Mentese-Tamir-Ustasi-90x90.jpg 90w\" sizes=\"(max-width: 250px) 100vw, 250px\" \/><\/p>\n<ul>\n<li>Mente\u015feleri iyi bir garantiye sahiptir,<\/li>\n<li>Temel kald\u0131rma s\u00fcresi: en az 50000 kez..<\/li>\n<li>Yumu\u015fak kapanan paslanmaz \u00e7elik mente\u015fe, g\u00f6mme dolap mente\u015feleri.<\/li>\n<li>M\u00fc\u015fterinin farkl\u0131 ihtiya\u00e7lar\u0131na g\u00f6re farkl\u0131 seviyeleri kar\u015f\u0131layabilen tam bir mente\u015fe yelpazesi tedarik ederiz.<\/li>\n<li>Ayr\u0131ca k\u00fc\u00e7\u00fck a\u00e7\u0131l\u0131 mente\u015fe, k\u00f6\u015fe mente\u015fesi, al\u00fcminyum \u00e7er\u00e7eve mente\u015fesi, kal\u0131n kap\u0131 mente\u015fesi ve ayna mente\u015fesi gibi farkl\u0131 uygulamalar\u0131 kar\u015f\u0131lamak i\u00e7in mente\u015feler tedarik eder.<\/li>\n<\/ul>\n<h4>Kad\u0131k\u00f6y A\u015f\u0131nm\u0131\u015f K\u0131r\u0131lm\u0131\u015f Dolap Kapak Mente\u015fe Tamiri.<\/h4>\n<p>Kad\u0131k\u00f6y A\u015f\u0131nm\u0131\u015f K\u0131r\u0131lm\u0131\u015f Dolap Kapak Mente\u015fe Tamiri, Dolap mente\u015feleri \u00f6nemsiz bir ayr\u0131nt\u0131 gibi g\u00f6r\u00fcnebilir, ancak sorun \u00e7\u0131karmaya ba\u015flad\u0131klar\u0131nda, evinizin t\u00fcm ak\u0131\u015f\u0131n\u0131 bozabilirler. D\u00fczg\u00fcn kapanmayan, gev\u015feyen bir mente\u015fe veya can s\u0131k\u0131c\u0131 bir g\u0131c\u0131rt\u0131 olsun, bu k\u00fc\u00e7\u00fck sorunlar b\u00fcy\u00fck s\u0131k\u0131nt\u0131lara d\u00f6n\u00fc\u015febilir. Kad\u0131k\u00f6y Dolap Kap\u0131 Mente\u015fesi Onar\u0131m\u0131, Neyse ki, mente\u015feyle ilgili sorunlar\u0131n \u00e7o\u011fu biraz bilgi birikimiyle kolayca \u00e7\u00f6z\u00fclebilir.\u00a0Kad\u0131k\u00f6y Dolap Kapak Mente\u015fe Tamiri, Do\u011fru dolap mente\u015fesi markas\u0131n\u0131 se\u00e7mek , dayan\u0131kl\u0131l\u0131k ve performansta da \u00f6nemli bir fark yaratabilir, gelecekteki sorunlar\u0131 \u00f6nlemeye ve \u00f6n\u00fcm\u00fczdeki y\u0131llarda sorunsuz \u00e7al\u0131\u015fmas\u0131n\u0131 sa\u011flamaya yard\u0131mc\u0131 olabilir. Kad\u0131k\u00f6y Dolap Kapak Mente\u015fe Tamir Servisi, arac\u0131l\u0131\u011f\u0131yla, yayg\u0131n dolap mente\u015fe sorunlar\u0131na odaklan\u0131yoruz ve dolaplar\u0131n\u0131z\u0131n sorunsuz \u00e7al\u0131\u015fmas\u0131n\u0131 ve harika g\u00f6r\u00fcnmesini sa\u011flamak i\u00e7in basit, etkili \u00e7\u00f6z\u00fcmler sunuyoruz.<img loading=\"lazy\" decoding=\"async\" class=\"size-full wp-image-1638 alignleft\" src=\"https:\/\/www.onlinemarangoz.com.tr\/Kadikoy\/wp-content\/uploads\/Kadikoy-Asinmis-Dolap-Kapak-Mentese-Tamir-Ustasi.jpg\" alt=\"\" width=\"300\" height=\"300\" srcset=\"https:\/\/www.onlinemarangoz.com.tr\/Kadikoy\/wp-content\/uploads\/Kadikoy-Asinmis-Dolap-Kapak-Mentese-Tamir-Ustasi.jpg 300w, https:\/\/www.onlinemarangoz.com.tr\/Kadikoy\/wp-content\/uploads\/Kadikoy-Asinmis-Dolap-Kapak-Mentese-Tamir-Ustasi-150x150.jpg 150w, https:\/\/www.onlinemarangoz.com.tr\/Kadikoy\/wp-content\/uploads\/Kadikoy-Asinmis-Dolap-Kapak-Mentese-Tamir-Ustasi-90x90.jpg 90w\" sizes=\"(max-width: 300px) 100vw, 300px\" \/><\/p>\n<p style=\"text-align: center;\"><em><strong><span style=\"color: #0000ff;\"><a style=\"color: #0000ff;\" href=\"https:\/\/www.onlinemarangoz.com.tr\/Kadikoy\/kadikoy-dolap-kapak-mentese-tamiri\/\" target=\"_blank\" rel=\"noopener\">Kad\u0131k\u00f6y A\u015f\u0131nm\u0131\u015f K\u0131r\u0131lm\u0131\u015f Dolap Kapak Mente\u015fe Tamiri<\/a><\/span><\/strong><\/em>, hizmet veriyoruz. Hizmetlerimiz haftada 6 g\u00fcn sabah 09:00 \u2013 Ak\u015fam 20:00 saatleri aras\u0131nda mevcuttur. Kad\u0131k\u00f6y Dolap Kapak Mente\u015fe Tamir Ustas\u0131, ( hafta sonu rezervasyonlar\u0131 i\u00e7in ek \u00fccret al\u0131nmaz) Kad\u0131k\u00f6y Dolap Kapak K\u0131r\u0131k Mente\u015fe Tamiri, Rakipsiz bir teklif ve harika bir hizmet istiyorsan\u0131z l\u00fctfen sizin i\u00e7in uygun oldu\u011funda WhatsApp&#8217;tan mesaj atmaktan veya bizi \u21d4 0554 858 1312 \u21d4 Telefonla herhangi bir de\u011fi\u015fiklik olursa l\u00fctfen bize bildirmekten \u00e7ekinmeyin. Kad\u0131k\u00f6y Dolap Kapak Mente\u015fe Tamir Servisi, Deneyiminizin olumlu olmas\u0131n\u0131 sa\u011flamak i\u00e7in buraday\u0131m. <em><strong><span style=\"color: #0000ff;\"><a style=\"color: #0000ff;\" href=\"https:\/\/www.onlinemarangoz.com.tr\/Kadikoy\/\" target=\"_blank\" rel=\"noopener\">Kad\u0131k\u00f6y Dolap Kap\u0131 Mente\u015fesi Onar\u0131m\u0131<\/a><\/span><\/strong><\/em>, Size yard\u0131mc\u0131 olabilece\u011fim ba\u015fka bir \u015fey varsa l\u00fctfen bizi aray\u0131n.&#8221;<\/p>\n<h3>\u0130stanbul Anadolu Yakas\u0131\u00a0Kad\u0131k\u00f6y A\u015f\u0131nm\u0131\u015f K\u0131r\u0131lm\u0131\u015f Dolap Kapak Mente\u015fe Tamiri.<\/h3>\n<table style=\"border-collapse: collapse; width: 100%;\">\n<tbody>\n<tr>\n<td style=\"width: 33.3333%;\">\n<h4 style=\"text-align: center;\">Kad\u0131k\u00f6y Dolap Kapak Mente\u015fe Tamiri\u00a0\u0130leti\u015fim.<\/h4>\n<figure id=\"attachment_1187\" aria-describedby=\"caption-attachment-1187\" style=\"width: 400px\" class=\"wp-caption aligncenter\"><a class=\"Whatsapp Hemen T\u0131kla Mesaj At\" href=\"https:\/\/wa.me\/+905548581312\" target=\"_blank\" rel=\"Whatsapp Hemen T\u0131kla Mesaj At noopener\"><img loading=\"lazy\" decoding=\"async\" class=\"Whatsapp Hemen T\u0131kla Mesaj At wp-image-1187\" title=\"Whatsapp Hemen T\u0131kla Mesaj At\" src=\"https:\/\/www.onlinemarangoz.com.tr\/Kadikoy\/wp-content\/uploads\/Kadikoy-Mobilya-Tamiri-Iletisim.jpg\" alt=\"Whatsapp Hemen T\u0131kla Mesaj At\" width=\"400\" height=\"160\" srcset=\"https:\/\/www.onlinemarangoz.com.tr\/Kadikoy\/wp-content\/uploads\/Kadikoy-Mobilya-Tamiri-Iletisim.jpg 500w, https:\/\/www.onlinemarangoz.com.tr\/Kadikoy\/wp-content\/uploads\/Kadikoy-Mobilya-Tamiri-Iletisim-300x120.jpg 300w\" sizes=\"(max-width: 400px) 100vw, 400px\" \/><\/a><figcaption id=\"caption-attachment-1187\" class=\"wp-caption-text\">Whatsapp Hemen T\u0131kla Mesaj At<\/figcaption><\/figure>\n<p style=\"text-align: center;\"><span style=\"font-family: inherit; font-size: inherit;\">Kad\u0131k\u00f6y Dolap Kap\u0131 Mente\u015fesi Onar\u0131m\u0131, <\/span>Size nas\u0131l yard\u0131mc\u0131 olabiliriz?<\/p>\n<p style=\"text-align: center;\">\u00dccretsiz fiyat teklifi i\u00e7in bize mesaj at\u0131n:<\/p>\n<p style=\"text-align: center;\">\u00c7ekmece ray\u0131n\u0131n foto\u011fraf\u0131n\u0131 \u00e7ekin, k\u0131sa bir a\u00e7\u0131klama ve sorunun ne oldu\u011funu belirtin ve bu numaraya mesaj at\u0131n.<\/p>\n<\/td>\n<td style=\"width: 33.3333%;\">\n<h5 style=\"text-align: center;\">Kad\u0131k\u00f6y Dolap Kapak Mente\u015fe Tamir Servisi \u00c7al\u0131\u015fma Saatleri.<\/h5>\n<ul>\n<li>Pazartesi : \u00a009:00 &#8211; 20:00<\/li>\n<li>Sal\u0131 : \u00a009:00 &#8211; 20:00<\/li>\n<li>\u00c7ar\u015famba : \u00a009:00 &#8211; 20:00<\/li>\n<li>Per\u015fembe : \u00a009:00 &#8211; 20:00<\/li>\n<li>Cuma : \u00a009:00 &#8211; 20:00<\/li>\n<li>Cumartesi: \u00a009:00 &#8211; 20:00<\/li>\n<li>Pazar :\u00a0Kapal\u0131<\/li>\n<\/ul>\n<\/td>\n<td style=\"width: 33.3333%;\">\n<h6 style=\"text-align: center;\">Kad\u0131k\u00f6y Dolap Kapak Mente\u015fe Tamir Ustas\u0131\u00a0Telefon.<\/h6>\n<figure id=\"attachment_1188\" aria-describedby=\"caption-attachment-1188\" style=\"width: 400px\" class=\"wp-caption aligncenter\"><a class=\"Whatsapp Hemen T\u0131kla Mesaj At\" href=\"tel:\/\/+905548581312\" target=\"_blank\" rel=\"Telefon Hemen T\u0131kla Ara noopener\"><img loading=\"lazy\" decoding=\"async\" class=\"Telefon Hemen T\u0131kla Ara wp-image-1188\" title=\"Telefon Hemen T\u0131kla Ara\" src=\"https:\/\/www.onlinemarangoz.com.tr\/Kadikoy\/wp-content\/uploads\/Kadikoy-Mobilya-Tamiri-Telefon.jpg\" alt=\"Telefon Hemen T\u0131kla Ara\" width=\"400\" height=\"160\" srcset=\"https:\/\/www.onlinemarangoz.com.tr\/Kadikoy\/wp-content\/uploads\/Kadikoy-Mobilya-Tamiri-Telefon.jpg 500w, https:\/\/www.onlinemarangoz.com.tr\/Kadikoy\/wp-content\/uploads\/Kadikoy-Mobilya-Tamiri-Telefon-300x120.jpg 300w\" sizes=\"(max-width: 400px) 100vw, 400px\" \/><\/a><figcaption id=\"caption-attachment-1188\" class=\"wp-caption-text\">Telefon Hemen T\u0131kla Ara<\/figcaption><\/figure>\n<p style=\"text-align: center;\"><span style=\"font-family: inherit; font-size: inherit;\">Kad\u0131k\u00f6y Dolap Kapak K\u0131r\u0131k Mente\u015fe Tamiri, <\/span>Size nas\u0131l yard\u0131mc\u0131 olabiliriz?<\/p>\n<p style=\"text-align: center;\">\u00dccretsiz fiyat teklifi i\u00e7in bizi aray\u0131n:<\/p>\n<\/td>\n<\/tr>\n<\/tbody>\n<\/table>\n\n\n<div class=\"kk-star-ratings kksr-auto kksr-align-left kksr-valign-bottom\"\n    data-payload='{&quot;align&quot;:&quot;left&quot;,&quot;id&quot;:&quot;1488&quot;,&quot;slug&quot;:&quot;default&quot;,&quot;valign&quot;:&quot;bottom&quot;,&quot;ignore&quot;:&quot;&quot;,&quot;reference&quot;:&quot;auto&quot;,&quot;class&quot;:&quot;&quot;,&quot;count&quot;:&quot;8&quot;,&quot;legendonly&quot;:&quot;&quot;,&quot;readonly&quot;:&quot;&quot;,&quot;score&quot;:&quot;5&quot;,&quot;starsonly&quot;:&quot;&quot;,&quot;best&quot;:&quot;5&quot;,&quot;gap&quot;:&quot;5&quot;,&quot;greet&quot;:&quot;Kad\u0131k\u00f6y Marangoz \u2705&quot;,&quot;legend&quot;:&quot;Kad\u0131k\u00f6y Marangoz Ustas\u0131 \u2b50 8 \u2b50&quot;,&quot;size&quot;:&quot;24&quot;,&quot;title&quot;:&quot;Kadik\u00f6y Dolap Kapak Mente\u015fe Tamiri&quot;,&quot;width&quot;:&quot;142.5&quot;,&quot;_legend&quot;:&quot;Kad\u0131k\u00f6y Marangoz Ustas\u0131 \u2b50 {count} \u2b50&quot;,&quot;font_factor&quot;:&quot;1.25&quot;}'>\n            \n<div class=\"kksr-stars\">\n    \n<div class=\"kksr-stars-inactive\">\n            <div class=\"kksr-star\" data-star=\"1\" style=\"padding-right: 5px\">\n            \n\n<div class=\"kksr-icon\" style=\"width: 24px; height: 24px;\"><\/div>\n        <\/div>\n            <div class=\"kksr-star\" data-star=\"2\" style=\"padding-right: 5px\">\n            \n\n<div class=\"kksr-icon\" style=\"width: 24px; height: 24px;\"><\/div>\n        <\/div>\n            <div class=\"kksr-star\" data-star=\"3\" style=\"padding-right: 5px\">\n            \n\n<div class=\"kksr-icon\" style=\"width: 24px; height: 24px;\"><\/div>\n        <\/div>\n            <div class=\"kksr-star\" data-star=\"4\" style=\"padding-right: 5px\">\n            \n\n<div class=\"kksr-icon\" style=\"width: 24px; height: 24px;\"><\/div>\n        <\/div>\n            <div class=\"kksr-star\" data-star=\"5\" style=\"padding-right: 5px\">\n            \n\n<div class=\"kksr-icon\" style=\"width: 24px; height: 24px;\"><\/div>\n        <\/div>\n    <\/div>\n    \n<div class=\"kksr-stars-active\" style=\"width: 142.5px;\">\n            <div class=\"kksr-star\" style=\"padding-right: 5px\">\n            \n\n<div class=\"kksr-icon\" style=\"width: 24px; height: 24px;\"><\/div>\n        <\/div>\n            <div class=\"kksr-star\" style=\"padding-right: 5px\">\n            \n\n<div class=\"kksr-icon\" style=\"width: 24px; height: 24px;\"><\/div>\n        <\/div>\n            <div class=\"kksr-star\" style=\"padding-right: 5px\">\n            \n\n<div class=\"kksr-icon\" style=\"width: 24px; height: 24px;\"><\/div>\n        <\/div>\n            <div class=\"kksr-star\" style=\"padding-right: 5px\">\n            \n\n<div class=\"kksr-icon\" style=\"width: 24px; height: 24px;\"><\/div>\n        <\/div>\n            <div class=\"kksr-star\" style=\"padding-right: 5px\">\n            \n\n<div class=\"kksr-icon\" style=\"width: 24px; height: 24px;\"><\/div>\n        <\/div>\n    <\/div>\n<\/div>\n                \n\n<div class=\"kksr-legend\" style=\"font-size: 19.2px;\">\n            Kad\u0131k\u00f6y Marangoz Ustas\u0131 \u2b50 8 \u2b50    <\/div>\n    <\/div>\n","protected":false},"excerpt":{"rendered":"<p>Kad\u0131k\u00f6y Dolap Kapak Mente\u015fe Tamiri &#8211; Dolap Kapak Mente\u015fe Tamircisi 0554 858 1312* \u0130stanbul Anadolu Yakas\u0131 Kad\u0131k\u00f6y Dolap Kapak Mente\u015fe Tamiri, Dolap kapak mente\u015feleriniz a\u015f\u0131nm\u0131\u015fsa, d\u00fczg\u00fcn tak\u0131lmam\u0131\u015fsa veya tamamen k\u0131r\u0131lm\u0131\u015fsa, d\u00fcnya standartlar\u0131ndaki \u00fcr\u00fcnlerimiz ve profesyonel kurulumumuz sorunu \u00e7\u00f6zecektir. \u0130ster \u00e7ift kanatl\u0131, ister k\u00f6r k\u00f6\u015fe, 90 derece k\u00f6\u015fe dolap, normal veya yava\u015f kapanan mente\u015feler olsun, donan\u0131m\u0131m\u0131z stoklar\u0131m\u0131zda mevcuttur ve sorunlu mente\u015felerinizi Yeni mente\u015feleriyle h\u0131zla de\u011fi\u015ftirebiliriz. Yava\u015f kapanan mente\u015felerine ge\u00e7mek de dolap kapaklar\u0131n\u0131n neredeyse sessiz ve zahmetsizce kapanmas\u0131n\u0131n keyfini \u00e7\u0131karman\u0131z i\u00e7in bir se\u00e7enektir. Kad\u0131k\u00f6y Dolap Kapak Mente\u015fe Tamir Ustas\u0131* Kap\u0131lar\u0131n\u0131z\u0131n mente\u015feleri koptu mu? Bize foto\u011fraflar\u0131n\u0131z\u0131 g\u00f6nderin! h\u0131zl\u0131 ve s\u00fcrd\u00fcr\u00fclebilir bir \u00e7\u00f6z\u00fcm sunabiliriz. Kad\u0131k\u00f6y Dolap Kapak Mente\u015fe Tamiri. Kad\u0131k\u00f6y Dolap Kap\u0131 Mente\u015fesi Onar\u0131m\u0131, A\u015f\u0131nm\u0131\u015f veya k\u0131r\u0131lm\u0131\u015f dolap kapak mente\u015felerinizi tamir ediyoruz. Bunlara genellikle gizli mente\u015fe, yumu\u015fak kapanan mente\u015fede\u00a0 denir. Art\u0131k d\u00fcnyan\u0131n bir\u00e7ok yerinde standart olan bu \u00fc\u00e7 y\u00f6nl\u00fc ayarlanabilir gizli mente\u015feler, dolaplar\u0131n ve kap\u0131lar\u0131n\u0131n s\u00fcrd\u00fcr\u00fclebilir \u015fekilde yeniden kullan\u0131lmas\u0131na ve onar\u0131lmas\u0131na olanak tan\u0131r.\u00a0Kad\u0131k\u00f6y Dolap Kapak Mente\u015fe Tamir Servisi, mente\u015feleri, \u00e7ekmece raflar\u0131, \u00e7ekmece kutular\u0131 Mente\u015felerinizin&#8230; <a class=\"di-continue-reading\" href=\"https:\/\/www.onlinemarangoz.com.tr\/Kadikoy\/kadikoy-dolap-kapak-mentese-tamiri\/\"> Continue Reading&#8230;<\/a><\/p>\n","protected":false},"author":1,"featured_media":0,"parent":0,"menu_order":700,"comment_status":"closed","ping_status":"open","template":"","meta":{"_sitemap_exclude":false,"_sitemap_priority":"","_sitemap_frequency":"","footnotes":""},"categories":[1],"tags":[2269,2266,2267,2265,2264,2268],"class_list":["post-1488","page","type-page","status-publish","hentry","category-kadikoy-mobilya-tamir-montaj-servisi","tag-kadikoy-asinmis-kirilmis-dolap-kapak-mentese-tamiri","tag-kadikoy-dolap-kapak-kirik-mentese-tamiri","tag-kadikoy-dolap-kapak-mentese-tamir-servisi","tag-kadikoy-dolap-kapak-mentese-tamir-ustasi","tag-kadikoy-dolap-kapak-mentese-tamiri","tag-kadikoy-dolap-kapi-mentesesi-onarimi"],"_links":{"self":[{"href":"https:\/\/www.onlinemarangoz.com.tr\/Kadikoy\/wp-json\/wp\/v2\/pages\/1488","targetHints":{"allow":["GET"]}}],"collection":[{"href":"https:\/\/www.onlinemarangoz.com.tr\/Kadikoy\/wp-json\/wp\/v2\/pages"}],"about":[{"href":"https:\/\/www.onlinemarangoz.com.tr\/Kadikoy\/wp-json\/wp\/v2\/types\/page"}],"author":[{"embeddable":true,"href":"https:\/\/www.onlinemarangoz.com.tr\/Kadikoy\/wp-json\/wp\/v2\/users\/1"}],"replies":[{"embeddable":true,"href":"https:\/\/www.onlinemarangoz.com.tr\/Kadikoy\/wp-json\/wp\/v2\/comments?post=1488"}],"version-history":[{"count":0,"href":"https:\/\/www.onlinemarangoz.com.tr\/Kadikoy\/wp-json\/wp\/v2\/pages\/1488\/revisions"}],"wp:attachment":[{"href":"https:\/\/www.onlinemarangoz.com.tr\/Kadikoy\/wp-json\/wp\/v2\/media?parent=1488"}],"wp:term":[{"taxonomy":"category","embeddable":true,"href":"https:\/\/www.onlinemarangoz.com.tr\/Kadikoy\/wp-json\/wp\/v2\/categories?post=1488"},{"taxonomy":"post_tag","embeddable":true,"href":"https:\/\/www.onlinemarangoz.com.tr\/Kadikoy\/wp-json\/wp\/v2\/tags?post=1488"}],"curies":[{"name":"wp","href":"https:\/\/api.w.org\/{rel}","templated":true}]}}