{"id":244,"date":"2023-11-27T21:15:30","date_gmt":"2023-11-27T21:15:30","guid":{"rendered":"https:\/\/www.onlinemarangoz.com.tr\/Kadikoy\/?page_id=244"},"modified":"2024-11-28T18:46:24","modified_gmt":"2024-11-28T15:46:24","slug":"kadikoy-mobilya-kapi-tamiri","status":"publish","type":"page","link":"https:\/\/www.onlinemarangoz.com.tr\/Kadikoy\/kadikoy-mobilya-kapi-tamiri\/","title":{"rendered":"Kad\u0131k\u00f6y Mobilya Kap\u0131 Tamiri"},"content":{"rendered":"<p>Kad\u0131k\u00f6y Mobilya Kap\u0131 Tamiri | Mobilya Kap\u0131 Tamircisi Telefon 0554 858 1312&#8242; \u0130stanbul Anadolu Yakas\u0131 Kad\u0131k\u00f6y Mobilya Kap\u0131 Tamiri&#8221; oda kap\u0131n\u0131z art\u0131k olmas\u0131 gerekti\u011fi gibi a\u00e7\u0131l\u0131p kapanm\u0131yorsa mobilya kap\u0131n\u0131z mente\u015fe veya kilit ar\u0131za varsa bizi aray\u0131n veya sorununuzu 7\/24 \u00e7evrimi\u00e7i olarak bildirin, gerisini biz halledelim. T\u00fcm b\u00fcy\u00fck markalar\u0131n mobilya kap\u0131lar\u0131n\u0131 onar\u0131yor, k\u0131r\u0131k oda kap\u0131 kilit mente\u015felerini, de\u011fi\u015ftiriyor ve yeniliyoruz.<\/p>\n<h2><b>Kad\u0131k\u00f6y Mobilya Kap\u0131 Tamiri,?<\/b><\/h2>\n<p align=\"CENTER\"><img fetchpriority=\"high\" decoding=\"async\" class=\"alignright wp-image-245 size-full\" title=\"Kad\u0131k\u00f6y Mobilya Kap\u0131 Tamiri\" src=\"https:\/\/www.onlinemarangoz.com.tr\/Kadikoy\/wp-content\/uploads\/Kadikoy-Mobilya-Kapi-Tamir.jpg\" alt=\"Kad\u0131k\u00f6y Mobilya Kap\u0131 Tamiri\" width=\"500\" height=\"250\" srcset=\"https:\/\/www.onlinemarangoz.com.tr\/Kadikoy\/wp-content\/uploads\/Kadikoy-Mobilya-Kapi-Tamir.jpg 500w, https:\/\/www.onlinemarangoz.com.tr\/Kadikoy\/wp-content\/uploads\/Kadikoy-Mobilya-Kapi-Tamir-300x150.jpg 300w\" sizes=\"(max-width: 500px) 100vw, 500px\" \/>\u00a0Kad\u0131k\u00f6y Mobilya Kap\u0131 Tamiri,? ah\u015fap kap\u0131 probleminiz varsa ve tamire ihtiya\u00e7 duyuyorsan\u0131z, ihtiyac\u0131n\u0131z olan tamirleri k\u0131sa s\u00fcrede ve uygun fiyatlarla ger\u00e7ekle\u015ftirmek i\u00e7in hizmetinizdeyiz. Kad\u0131k\u00f6y Mobilya Kap\u0131 Tamiri,? Masif ah\u015fapta dahil ihtiya\u00e7lar\u0131n\u0131za uygun tamir edilmesi gereken bir kap\u0131n\u0131z varsa, d\u00fczg\u00fcn a\u00e7\u0131lm\u0131yorsa veya hasarl\u0131ysa Kad\u0131k\u00f6y Kap\u0131 Kilit Tamiri, servisimiz ile g\u00fcvenle ileti\u015fime ge\u00e7in. Kap\u0131lar, evimizin i\u00e7indeki odalar\u0131 ay\u0131rmak ve mahremiyet sa\u011flamak i\u00e7in temel unsurlard\u0131r. Ancak zaman ge\u00e7tik\u00e7e \u00f6zellikle yeterli periyodik bak\u0131m yap\u0131lmad\u0131\u011f\u0131nda ah\u015fap kap\u0131lar \u00e7e\u015fitli sorunlarla kar\u015f\u0131la\u015fabilmektedir. Neyse ki endi\u015felenecek bir \u015fey yok. Asl\u0131nda her zaman profesyonel hizmetimize ba\u015fvurabilirsiniz. \u0130\u00e7 ah\u015fap oda kap\u0131lar\u0131n\u0131zla ilgili her t\u00fcrl\u00fc sorunu sizin i\u00e7in \u00e7\u00f6zece\u011fiz. Kad\u0131k\u00f6y Mobilya Kap\u0131 Tamiri,? servisi her zaman hizmetinizdedir: bizi aray\u0131n.<\/p>\n<p align=\"CENTER\">Kad\u0131k\u00f6y Mobilya Kap\u0131 Tamiri,? Acil bir m\u00fcdahaleye ihtiyac\u0131n\u0131z varsa veya bunun yerine servis veya tamir i\u00e7in randevu alman\u0131z gerekiyorsa, Kad\u0131k\u00f6y Mobilya Kap\u0131 Tamiri telefon.? numaram\u0131z\u0131 0554 858 1312 Numaral\u0131 Telefondan aray\u0131n aray\u0131n kaliteli bir hizmet sunarak, i\u00e7 oda kap\u0131n\u0131z yeniymi\u015f gibi onar\u0131lmas\u0131n\u0131 garanti ediyoruz.<\/p>\n<table style=\"border-collapse: collapse; width: 100%; height: 411px;\">\n<tbody>\n<tr style=\"height: 411px;\">\n<td style=\"width: 33.3333%; height: 411px;\">\n<h4><img decoding=\"async\" class=\"size-full wp-image-47 aligncenter\" style=\"font-size: 16px; font-weight: 400; letter-spacing: 0.5px;\" src=\"https:\/\/www.onlinemarangoz.com.tr\/Kadikoy\/wp-content\/uploads\/Kadikoy-Mobilya-Kapi-Tamircisi.jpg\" alt=\"\" width=\"300\" height=\"300\" srcset=\"https:\/\/www.onlinemarangoz.com.tr\/Kadikoy\/wp-content\/uploads\/Kadikoy-Mobilya-Kapi-Tamircisi.jpg 300w, https:\/\/www.onlinemarangoz.com.tr\/Kadikoy\/wp-content\/uploads\/Kadikoy-Mobilya-Kapi-Tamircisi-150x150.jpg 150w, https:\/\/www.onlinemarangoz.com.tr\/Kadikoy\/wp-content\/uploads\/Kadikoy-Mobilya-Kapi-Tamircisi-90x90.jpg 90w\" sizes=\"(max-width: 300px) 100vw, 300px\" \/><\/h4>\n<h4 style=\"text-align: center;\"><span style=\"letter-spacing: 0.5px; word-spacing: 0.5px;\">Kad\u0131k\u00f6y K\u0131r\u0131k Mobilya Kap\u0131 Tamiri<\/span><\/h4>\n<\/td>\n<td style=\"width: 33.3333%; height: 411px;\">\n<h5 style=\"text-align: center;\"><span style=\"letter-spacing: 0.5px; word-spacing: 0.5px;\">Kad\u0131k\u00f6y K\u0131r\u0131k Kap\u0131 Mente\u015fe Tamiri<\/span><\/h5>\n<p><img decoding=\"async\" class=\"size-full wp-image-46 aligncenter\" src=\"https:\/\/www.onlinemarangoz.com.tr\/Kadikoy\/wp-content\/uploads\/Kadikoy-Mobilya-Kapi-Mentese-Tamiri.jpg\" alt=\"\" width=\"350\" height=\"350\" srcset=\"https:\/\/www.onlinemarangoz.com.tr\/Kadikoy\/wp-content\/uploads\/Kadikoy-Mobilya-Kapi-Mentese-Tamiri.jpg 350w, https:\/\/www.onlinemarangoz.com.tr\/Kadikoy\/wp-content\/uploads\/Kadikoy-Mobilya-Kapi-Mentese-Tamiri-300x300.jpg 300w, https:\/\/www.onlinemarangoz.com.tr\/Kadikoy\/wp-content\/uploads\/Kadikoy-Mobilya-Kapi-Mentese-Tamiri-150x150.jpg 150w, https:\/\/www.onlinemarangoz.com.tr\/Kadikoy\/wp-content\/uploads\/Kadikoy-Mobilya-Kapi-Mentese-Tamiri-90x90.jpg 90w\" sizes=\"(max-width: 350px) 100vw, 350px\" \/><\/td>\n<td style=\"width: 33.3333%; height: 411px;\">\n<h6><img loading=\"lazy\" decoding=\"async\" class=\"size-full wp-image-45 aligncenter\" style=\"font-size: 16px; font-weight: 400; letter-spacing: 0.5px;\" src=\"https:\/\/www.onlinemarangoz.com.tr\/Kadikoy\/wp-content\/uploads\/Kadikoy-Mobilya-Kapi-Kilit-Tamiri.jpg\" alt=\"\" width=\"300\" height=\"300\" srcset=\"https:\/\/www.onlinemarangoz.com.tr\/Kadikoy\/wp-content\/uploads\/Kadikoy-Mobilya-Kapi-Kilit-Tamiri.jpg 300w, https:\/\/www.onlinemarangoz.com.tr\/Kadikoy\/wp-content\/uploads\/Kadikoy-Mobilya-Kapi-Kilit-Tamiri-150x150.jpg 150w, https:\/\/www.onlinemarangoz.com.tr\/Kadikoy\/wp-content\/uploads\/Kadikoy-Mobilya-Kapi-Kilit-Tamiri-90x90.jpg 90w\" sizes=\"(max-width: 300px) 100vw, 300px\" \/><\/h6>\n<h6 style=\"text-align: center;\"><span style=\"letter-spacing: 0.5px; word-spacing: 0.5px;\">Kad\u0131k\u00f6y Kap\u0131 Kilit Tamiri<\/span><\/h6>\n<\/td>\n<\/tr>\n<\/tbody>\n<\/table>\n<h3 align=\"CENTER\">Kad\u0131k\u00f6y K\u0131r\u0131k Kap\u0131 Tamiri<\/h3>\n<p>Kad\u0131k\u00f6y K\u0131r\u0131k Kap\u0131 Tamiri, T\u00fcm onar\u0131m s\u00fcreciyle ilgilenen ah\u015fap i\u015fleme ustalar\u0131m\u0131z\u0131n becerisi ve m\u00fckemmelli\u011fi sayesinde y\u00fcksek kaliteli bir hizmet sunarak, i\u00e7 oda kap\u0131n\u0131n yeniymi\u015f gibi onar\u0131lmas\u0131n\u0131 garanti ediyoruz. Kad\u0131k\u00f6y K\u0131r\u0131k Kap\u0131 Tamiri&#8217; Evinizdeki bir kap\u0131n\u0131n veya birden fazla kap\u0131n\u0131n tamiri konusunda h\u0131zl\u0131 bir \u015fekilde, h\u0131zl\u0131 bir m\u00fcdahale ile, tek bir g\u00fcnde veya her hal\u00fckarda belirli saatlerde sorunun \u00e7\u00f6z\u00fcm\u00fc i\u00e7in size yard\u0131mc\u0131 olacak birine ihtiyac\u0131n\u0131z varsa bize rahatl\u0131kla g\u00fcvenebilirsiniz.<\/p>\n<p>Kad\u0131k\u00f6y K\u0131r\u0131k Kap\u0131 Tamiri,? Acil servis bizim uzmanl\u0131k alan\u0131m\u0131zd\u0131r ve y\u0131llar\u0131n verdi\u011fi tecr\u00fcbe ile kap\u0131 ve kilit sorunlar\u0131n\u0131za h\u0131zl\u0131 servis garantisi vermekteyiz.? \u00dccretsiz fiyat teklifi almak veya h\u0131zl\u0131 m\u00fcdahale i\u00e7in Kad\u0131k\u00f6y K\u0131r\u0131k Kap\u0131 Tamircisi Telefon, numaras\u0131 0554 858 1312&#8217;i aray\u0131n bizimle ileti\u015fime ge\u00e7menizi \u015fiddetle tavsiye ederiz: size ger\u00e7ekten avantajl\u0131 bir maliyetle h\u0131zl\u0131 ve kusursuz bir hizmet sunaca\u011f\u0131z.<\/p>\n<table style=\"border-collapse: collapse; width: 100%;\">\n<tbody>\n<tr>\n<td>\n<h4 align=\"CENTER\">Kad\u0131k\u00f6y Panel Kap\u0131 Tamiri<\/h4>\n<p align=\"CENTER\">Kad\u0131k\u00f6y Panel Kap\u0131 Tamiri, zamanla ve kullan\u0131ma ba\u011fl\u0131 olarak y\u0131pranan her e\u015fya gibi mobilya kap\u0131lar\u0131n da onar\u0131lmas\u0131 gerekebilir. Ama korkmaya gerek yok, her sorunun bir \u00e7\u00f6z\u00fcm\u00fc vard\u0131r; bu nedenle tecr\u00fcbemize g\u00f6n\u00fcl rahatl\u0131\u011f\u0131yla g\u00fcvenin ve mobilya kap\u0131lar\u0131n\u0131z i\u00e7in tamir, bak\u0131m onar\u0131m teklifi almak i\u00e7in bizimle ileti\u015fime ge\u00e7mekten \u00e7ekinmeyin.<\/p>\n<p align=\"CENTER\"><a href=\"https:\/\/wa.me\/+905548581312\" target=\"_blank\" rel=\"noopener\"><img loading=\"lazy\" decoding=\"async\" class=\"aligncenter wp-image-138 size-full\" title=\"Tezcan Usta Whatsapp Hemen T\u0131kla Mesaj At\" src=\"https:\/\/www.onlinemarangoz.com.tr\/Kadikoy\/wp-content\/uploads\/Tezcan-Usta-Telefon-Hemen-Mesaj-At.jpg\" alt=\"Tezcan Usta Whatsapp Hemen T\u0131kla Mesaj At\" width=\"500\" height=\"115\" srcset=\"https:\/\/www.onlinemarangoz.com.tr\/Kadikoy\/wp-content\/uploads\/Tezcan-Usta-Telefon-Hemen-Mesaj-At.jpg 500w, https:\/\/www.onlinemarangoz.com.tr\/Kadikoy\/wp-content\/uploads\/Tezcan-Usta-Telefon-Hemen-Mesaj-At-300x69.jpg 300w\" sizes=\"(max-width: 500px) 100vw, 500px\" \/><\/a><\/p>\n<\/td>\n<td style=\"width: 50%;\">\n<h5 align=\"CENTER\">Kad\u0131k\u00f6y Amerikan Panel Kap\u0131 Tamiri<\/h5>\n<p align=\"CENTER\">Kad\u0131k\u00f6y Amerikan Panel Kap\u0131 Tamiri,? Acil m\u00fcdahale i\u00e7in &#8216;Kap\u0131 Tamiri&#8217; ihtiyac\u0131n\u0131z var ve kiminle ileti\u015fime ge\u00e7ece\u011finizi bilmiyor musunuz acil durum &#8216;Kad\u0131k\u00f6y Mobilya Kap\u0131 Tamircisi Telefon, numaras\u0131n\u0131 hemen 0554 858 1312&#8221; numaral\u0131 telefondan aray\u0131n; Oda Kap\u0131 Tamiri&#8221; i\u00e7in g\u00fcn\u00fcn her saati, haftan\u0131n her g\u00fcn\u00fc, ya\u015fad\u0131\u011f\u0131n\u0131z her t\u00fcrl\u00fc sorunu \u00e7\u00f6zmeye haz\u0131r\u0131z!?<\/p>\n<p align=\"CENTER\"><a href=\"tel:\/\/+905548581312\" target=\"_blank\" rel=\"noopener\"><img loading=\"lazy\" decoding=\"async\" class=\"aligncenter wp-image-140 size-full\" title=\"Tezcan Usta Telefon Hemen T\u0131kla Ara\" src=\"https:\/\/www.onlinemarangoz.com.tr\/Kadikoy\/wp-content\/uploads\/Tezcan-Usta-Telefon-Hemen-Ara.jpg\" alt=\"Tezcan Usta Telefon Hemen T\u0131kla Ara\" width=\"500\" height=\"115\" srcset=\"https:\/\/www.onlinemarangoz.com.tr\/Kadikoy\/wp-content\/uploads\/Tezcan-Usta-Telefon-Hemen-Ara.jpg 500w, https:\/\/www.onlinemarangoz.com.tr\/Kadikoy\/wp-content\/uploads\/Tezcan-Usta-Telefon-Hemen-Ara-300x69.jpg 300w\" sizes=\"(max-width: 500px) 100vw, 500px\" \/><\/a><\/p>\n<\/td>\n<\/tr>\n<\/tbody>\n<\/table>\n<h4 align=\"CENTER\">Kad\u0131k\u00f6y K\u0131r\u0131k Kap\u0131 Tamircisi<\/h4>\n<p align=\"CENTER\">Kad\u0131k\u00f6y K\u0131r\u0131k Kap\u0131 Tamircisi&#8217; olarak \u00fccretsiz fiyat teklifi talep etmek veya, kap\u0131 bak\u0131m ve onar\u0131m hizmeti, almak i\u00e7in &#8221;Kad\u0131k\u00f6y K\u0131r\u0131k Kap\u0131 Tamircisi&#8217;? ekibine Pazartesi&#8217;den Cumartesi&#8217;ye 09.00-Ak\u015fam 20.00 saatleri aras\u0131nda +0554 858 1312 numaral\u0131 telefondan yoluyla ula\u015f\u0131labilirsiniz Kad\u0131k\u00f6y t\u00fcm her yerinde faaliyet g\u00f6stermekteyiz.<\/p>\n<table style=\"border-collapse: collapse; width: 100%;\">\n<tbody>\n<tr>\n<td style=\"width: 33.3333%;\">\n<h4><b>Y\u0131llar\u0131n Deneyimi<\/b><\/h4>\n<\/td>\n<td style=\"width: 33.3333%;\">\n<h5 class=\"western\" align=\"CENTER\"><b>Rekabet\u00e7i fiyatlar<\/b><\/h5>\n<\/td>\n<td style=\"width: 33.3333%;\">\n<h6 class=\"western\" align=\"CENTER\"><b>Kaliteli hizmetler<\/b><\/h6>\n<\/td>\n<\/tr>\n<\/tbody>\n<\/table>\n<h6 align=\"CENTER\">\u0130stanbul Anadolu Yakas\u0131 Kad\u0131k\u00f6y Mobilya Kap\u0131 Tamir Servisi<\/h6>\n\n\n<div class=\"kk-star-ratings kksr-auto kksr-align-left kksr-valign-bottom\"\n    data-payload='{&quot;align&quot;:&quot;left&quot;,&quot;id&quot;:&quot;244&quot;,&quot;slug&quot;:&quot;default&quot;,&quot;valign&quot;:&quot;bottom&quot;,&quot;ignore&quot;:&quot;&quot;,&quot;reference&quot;:&quot;auto&quot;,&quot;class&quot;:&quot;&quot;,&quot;count&quot;:&quot;1&quot;,&quot;legendonly&quot;:&quot;&quot;,&quot;readonly&quot;:&quot;&quot;,&quot;score&quot;:&quot;5&quot;,&quot;starsonly&quot;:&quot;&quot;,&quot;best&quot;:&quot;5&quot;,&quot;gap&quot;:&quot;5&quot;,&quot;greet&quot;:&quot;Kad\u0131k\u00f6y Marangoz \u2705&quot;,&quot;legend&quot;:&quot;Kad\u0131k\u00f6y Marangoz Ustas\u0131 \u2b50 1 \u2b50&quot;,&quot;size&quot;:&quot;24&quot;,&quot;title&quot;:&quot;Kad\u0131k\u00f6y Mobilya Kap\u0131 Tamiri&quot;,&quot;width&quot;:&quot;142.5&quot;,&quot;_legend&quot;:&quot;Kad\u0131k\u00f6y Marangoz Ustas\u0131 \u2b50 {count} \u2b50&quot;,&quot;font_factor&quot;:&quot;1.25&quot;}'>\n            \n<div class=\"kksr-stars\">\n    \n<div class=\"kksr-stars-inactive\">\n            <div class=\"kksr-star\" data-star=\"1\" style=\"padding-right: 5px\">\n            \n\n<div class=\"kksr-icon\" style=\"width: 24px; height: 24px;\"><\/div>\n        <\/div>\n            <div class=\"kksr-star\" data-star=\"2\" style=\"padding-right: 5px\">\n            \n\n<div class=\"kksr-icon\" style=\"width: 24px; height: 24px;\"><\/div>\n        <\/div>\n            <div class=\"kksr-star\" data-star=\"3\" style=\"padding-right: 5px\">\n            \n\n<div class=\"kksr-icon\" style=\"width: 24px; height: 24px;\"><\/div>\n        <\/div>\n            <div class=\"kksr-star\" data-star=\"4\" style=\"padding-right: 5px\">\n            \n\n<div class=\"kksr-icon\" style=\"width: 24px; height: 24px;\"><\/div>\n        <\/div>\n            <div class=\"kksr-star\" data-star=\"5\" style=\"padding-right: 5px\">\n            \n\n<div class=\"kksr-icon\" style=\"width: 24px; height: 24px;\"><\/div>\n        <\/div>\n    <\/div>\n    \n<div class=\"kksr-stars-active\" style=\"width: 142.5px;\">\n            <div class=\"kksr-star\" style=\"padding-right: 5px\">\n            \n\n<div class=\"kksr-icon\" style=\"width: 24px; height: 24px;\"><\/div>\n        <\/div>\n            <div class=\"kksr-star\" style=\"padding-right: 5px\">\n            \n\n<div class=\"kksr-icon\" style=\"width: 24px; height: 24px;\"><\/div>\n        <\/div>\n            <div class=\"kksr-star\" style=\"padding-right: 5px\">\n            \n\n<div class=\"kksr-icon\" style=\"width: 24px; height: 24px;\"><\/div>\n        <\/div>\n            <div class=\"kksr-star\" style=\"padding-right: 5px\">\n            \n\n<div class=\"kksr-icon\" style=\"width: 24px; height: 24px;\"><\/div>\n        <\/div>\n            <div class=\"kksr-star\" style=\"padding-right: 5px\">\n            \n\n<div class=\"kksr-icon\" style=\"width: 24px; height: 24px;\"><\/div>\n        <\/div>\n    <\/div>\n<\/div>\n                \n\n<div class=\"kksr-legend\" style=\"font-size: 19.2px;\">\n            Kad\u0131k\u00f6y Marangoz Ustas\u0131 \u2b50 1 \u2b50    <\/div>\n    <\/div>\n","protected":false},"excerpt":{"rendered":"<p>Kad\u0131k\u00f6y Mobilya Kap\u0131 Tamiri | Mobilya Kap\u0131 Tamircisi Telefon 0554 858 1312&#8242; \u0130stanbul Anadolu Yakas\u0131 Kad\u0131k\u00f6y Mobilya Kap\u0131 Tamiri&#8221; oda kap\u0131n\u0131z art\u0131k olmas\u0131 gerekti\u011fi gibi a\u00e7\u0131l\u0131p kapanm\u0131yorsa mobilya kap\u0131n\u0131z mente\u015fe veya kilit ar\u0131za varsa bizi aray\u0131n veya sorununuzu 7\/24 \u00e7evrimi\u00e7i olarak bildirin, gerisini biz halledelim. T\u00fcm b\u00fcy\u00fck markalar\u0131n mobilya kap\u0131lar\u0131n\u0131 onar\u0131yor, k\u0131r\u0131k oda kap\u0131 kilit mente\u015felerini, de\u011fi\u015ftiriyor ve yeniliyoruz. Kad\u0131k\u00f6y Mobilya Kap\u0131 Tamiri,? \u00a0Kad\u0131k\u00f6y Mobilya Kap\u0131 Tamiri,? ah\u015fap kap\u0131 probleminiz varsa ve tamire ihtiya\u00e7 duyuyorsan\u0131z, ihtiyac\u0131n\u0131z olan tamirleri k\u0131sa s\u00fcrede ve uygun fiyatlarla ger\u00e7ekle\u015ftirmek i\u00e7in hizmetinizdeyiz. Kad\u0131k\u00f6y Mobilya Kap\u0131 Tamiri,? Masif ah\u015fapta dahil ihtiya\u00e7lar\u0131n\u0131za uygun tamir edilmesi gereken bir kap\u0131n\u0131z varsa, d\u00fczg\u00fcn a\u00e7\u0131lm\u0131yorsa veya hasarl\u0131ysa Kad\u0131k\u00f6y Kap\u0131 Kilit Tamiri, servisimiz ile g\u00fcvenle ileti\u015fime ge\u00e7in. Kap\u0131lar, evimizin i\u00e7indeki odalar\u0131 ay\u0131rmak ve mahremiyet sa\u011flamak i\u00e7in temel unsurlard\u0131r. Ancak zaman ge\u00e7tik\u00e7e \u00f6zellikle yeterli periyodik bak\u0131m yap\u0131lmad\u0131\u011f\u0131nda ah\u015fap kap\u0131lar \u00e7e\u015fitli sorunlarla kar\u015f\u0131la\u015fabilmektedir. Neyse ki endi\u015felenecek bir \u015fey yok. Asl\u0131nda her zaman profesyonel hizmetimize ba\u015fvurabilirsiniz. \u0130\u00e7 ah\u015fap oda kap\u0131lar\u0131n\u0131zla ilgili her t\u00fcrl\u00fc sorunu sizin i\u00e7in&#8230; <a class=\"di-continue-reading\" href=\"https:\/\/www.onlinemarangoz.com.tr\/Kadikoy\/kadikoy-mobilya-kapi-tamiri\/\"> Continue Reading&#8230;<\/a><\/p>\n","protected":false},"author":1,"featured_media":0,"parent":0,"menu_order":901,"comment_status":"closed","ping_status":"open","template":"","meta":{"_sitemap_exclude":false,"_sitemap_priority":"","_sitemap_frequency":"","footnotes":""},"categories":[1],"tags":[217,218,215,214,212,216,211,213],"class_list":["post-244","page","type-page","status-publish","hentry","category-kadikoy-mobilya-tamir-montaj-servisi","tag-kadikoy-amerikan-panel-kapi-tamiri","tag-kadikoy-kapi-kilit-tamiri","tag-kadikoy-kirik-kapi-mentese-tamiri","tag-kadikoy-kirik-kapi-tamircisi","tag-kadikoy-kirik-kapi-tamiri","tag-kadikoy-kirik-mobilya-kapi-tamiri","tag-kadikoy-mobilya-kapi-tamiri","tag-kadikoy-panel-kapi-tamiri"],"_links":{"self":[{"href":"https:\/\/www.onlinemarangoz.com.tr\/Kadikoy\/wp-json\/wp\/v2\/pages\/244","targetHints":{"allow":["GET"]}}],"collection":[{"href":"https:\/\/www.onlinemarangoz.com.tr\/Kadikoy\/wp-json\/wp\/v2\/pages"}],"about":[{"href":"https:\/\/www.onlinemarangoz.com.tr\/Kadikoy\/wp-json\/wp\/v2\/types\/page"}],"author":[{"embeddable":true,"href":"https:\/\/www.onlinemarangoz.com.tr\/Kadikoy\/wp-json\/wp\/v2\/users\/1"}],"replies":[{"embeddable":true,"href":"https:\/\/www.onlinemarangoz.com.tr\/Kadikoy\/wp-json\/wp\/v2\/comments?post=244"}],"version-history":[{"count":0,"href":"https:\/\/www.onlinemarangoz.com.tr\/Kadikoy\/wp-json\/wp\/v2\/pages\/244\/revisions"}],"wp:attachment":[{"href":"https:\/\/www.onlinemarangoz.com.tr\/Kadikoy\/wp-json\/wp\/v2\/media?parent=244"}],"wp:term":[{"taxonomy":"category","embeddable":true,"href":"https:\/\/www.onlinemarangoz.com.tr\/Kadikoy\/wp-json\/wp\/v2\/categories?post=244"},{"taxonomy":"post_tag","embeddable":true,"href":"https:\/\/www.onlinemarangoz.com.tr\/Kadikoy\/wp-json\/wp\/v2\/tags?post=244"}],"curies":[{"name":"wp","href":"https:\/\/api.w.org\/{rel}","templated":true}]}}