{"id":263,"date":"2023-11-27T22:51:54","date_gmt":"2023-11-27T22:51:54","guid":{"rendered":"https:\/\/www.onlinemarangoz.com.tr\/Kadikoy\/?page_id=263"},"modified":"2023-11-27T23:36:57","modified_gmt":"2023-11-27T23:36:57","slug":"iletisim","status":"publish","type":"page","link":"https:\/\/www.onlinemarangoz.com.tr\/Kadikoy\/iletisim\/","title":{"rendered":"\u0130leti\u015fim"},"content":{"rendered":"\t\t<div data-elementor-type=\"wp-page\" data-elementor-id=\"263\" class=\"elementor elementor-263\">\n\t\t\t\t<div class=\"elementor-element elementor-element-5f43886 e-flex e-con-boxed e-con e-parent\" data-id=\"5f43886\" data-element_type=\"container\" data-e-type=\"container\">\n\t\t\t\t\t<div class=\"e-con-inner\">\n\t\t\t\t<div class=\"elementor-element elementor-element-baef03a elementor-widget elementor-widget-text-editor\" data-id=\"baef03a\" data-element_type=\"widget\" data-e-type=\"widget\" data-widget_type=\"text-editor.default\">\n\t\t\t\t<div class=\"elementor-widget-container\">\n\t\t\t\t\t\t\t\t\t<p>\u0130leti\u015fim&#8221; mobilya tamiri&#8221; h\u0131zl\u0131 ve garantili yedek par\u00e7alarla mobilya tamir onar\u0131m\u0131 yap\u0131yoruz, ar\u0131zal\u0131 mekanizmalar k\u0131r\u0131k mente\u015feler, d\u00fc\u015fen dolap \u00e7ekmeceleri, s\u00fcrg\u00fc ray dolaplar, tekrar %100 \u00e7al\u0131\u015f\u0131r duruma gelmesini sa\u011fl\u0131yoruz. Her t\u00fcrl\u00fc mobilya tamiri, ile ilgileniyoruz, k\u00fc\u00e7\u00fck ve b\u00fcy\u00fck mobilya tamiri, mobilya montaj\u0131, ger\u00e7ekle\u015ftiriyoruz. Marangoz Ustas\u0131 \u0130leti\u015fim&#8221; mobilya tamiri&#8221; onar\u0131m\u0131n\u0131 yaln\u0131zca yedek par\u00e7a ve onar\u0131m garantisi ile h\u0131zl\u0131 bir \u015fekilde ger\u00e7ekle\u015ftiriyoruz. ve daha bir\u00e7ok mobilya markan\u0131n piyasadaki t\u00fcm markalar\u0131n\u0131 konusunda destek veriyoruz. Mobilya Tamircisi \u0130leti\u015fim&#8217; hizmetimiz i\u00e7in randevuyla evde verilen mobilya tamir, hizmetimiz, bizi istanbul anadolu yakas\u0131 Kad\u0131k\u00f6y en pop\u00fcler mobilya tamir, mobilya onar\u0131m, merkezlerinden biri haline getiriyor. Mobilya Tamir, Mobilya Montaj, edilmesi gereken mobilyan\u0131z hakk\u0131nda bilgi veya fiyat teklifi almak i\u00e7in bizi 0554 858 1312 numaral\u0131 telefondan aray\u0131n.<\/p>\t\t\t\t\t\t\t\t<\/div>\n\t\t\t\t<\/div>\n\t\t\t\t\t<\/div>\n\t\t\t\t<\/div>\n\t\t<div class=\"elementor-element elementor-element-71a5706 e-flex e-con-boxed e-con e-parent\" data-id=\"71a5706\" data-element_type=\"container\" data-e-type=\"container\">\n\t\t\t\t\t<div class=\"e-con-inner\">\n\t\t<div class=\"elementor-element elementor-element-82c7bc1 e-con-full e-flex e-con e-child\" data-id=\"82c7bc1\" data-element_type=\"container\" data-e-type=\"container\">\n\t\t\t\t<div class=\"elementor-element elementor-element-ea6a518 elementor-widget__width-inherit elementor-invisible elementor-widget elementor-widget-text-editor\" data-id=\"ea6a518\" data-element_type=\"widget\" data-e-type=\"widget\" data-settings=\"{&quot;_animation&quot;:&quot;rotateInUpLeft&quot;}\" data-widget_type=\"text-editor.default\">\n\t\t\t\t<div class=\"elementor-widget-container\">\n\t\t\t\t\t\t\t\t\t<p style=\"text-align: center;\">\u0130stanbul Anadolu Yakas\u0131 Kad\u0131k\u00f6y Mobilya Tamir Bak\u0131m Montraj Servisi<\/p><p>Pazartesi&#8217;den \u00c7umartesi&#8217; ne&#8217; Mobilya Tamir hizmetimiz, resmi tatiller hari\u00e7 hafta i\u00e7i 09:00 &#8211; 20:00 saatleri aras\u0131nda mevcuttur. Bizi &#8221;0554 858 1312&#8221; numaral\u0131 telefonla &#8221;Mobilya Tamir Servisi&#8221; destek ekibimizle ileti\u015fime ge\u00e7ebilirsiniz.<\/p>\t\t\t\t\t\t\t\t<\/div>\n\t\t\t\t<\/div>\n\t\t\t\t<\/div>\n\t\t<div class=\"elementor-element elementor-element-4b220b7 e-con-full e-flex e-con e-child\" data-id=\"4b220b7\" data-element_type=\"container\" data-e-type=\"container\">\n\t\t<div class=\"elementor-element elementor-element-b36cd8f e-flex e-con-boxed e-con e-child\" data-id=\"b36cd8f\" data-element_type=\"container\" data-e-type=\"container\">\n\t\t\t\t\t<div class=\"e-con-inner\">\n\t\t\t\t<div class=\"elementor-element elementor-element-f6d0d4d elementor-widget elementor-widget-e_image_hover_effects\" data-id=\"f6d0d4d\" data-element_type=\"widget\" data-e-type=\"widget\" data-widget_type=\"e_image_hover_effects.default\">\n\t\t\t\t<div class=\"elementor-widget-container\">\n\t\t\t\t\t\t\t\t<a href=\"https:\/\/wa.me\/+905548581312\">\n\t\t\t\t\t<div class=\"eihe-box eihe-shutter-out-horiz eihe_center\">\n\t\t\t\t<img fetchpriority=\"high\" decoding=\"async\" width=\"500\" height=\"250\" src=\"https:\/\/www.onlinemarangoz.com.tr\/Kadikoy\/wp-content\/uploads\/Marangoz-Whatsapp-Tikla-Mesaj-At.jpg\" class=\"attachment-full size-full wp-image-147\" alt=\"\" srcset=\"https:\/\/www.onlinemarangoz.com.tr\/Kadikoy\/wp-content\/uploads\/Marangoz-Whatsapp-Tikla-Mesaj-At.jpg 500w, https:\/\/www.onlinemarangoz.com.tr\/Kadikoy\/wp-content\/uploads\/Marangoz-Whatsapp-Tikla-Mesaj-At-300x150.jpg 300w\" sizes=\"(max-width: 500px) 100vw, 500px\" \/>\t\t\t\t<div class=\"eihe-caption\">\n\t\t\t\t\t<div class=\"eihe-title-cover\">\n\t\t\t\t\t\t\t\t\t\t\t\t<h2 class=\"eihe-title\">Tezcan Usta Whatsapp Hemen T\u0131kla Mesaj At<\/h2>\n\t\t\t\t\t\t\t\t\t\t\t<\/div>\n\t\t\t\t\t<p>Tezcan Usta Whatsapp Hemen T\u0131kla Mesaj At<\/p>\n\t\t\t\t<\/div>\n\t\t\t<\/div>\n\t\t\t\t\t<\/a>\n\t\t\t\t\t\t<\/div>\n\t\t\t\t<\/div>\n\t\t\t\t\t<\/div>\n\t\t\t\t<\/div>\n\t\t<div class=\"elementor-element elementor-element-842962f e-flex e-con-boxed e-con e-child\" data-id=\"842962f\" data-element_type=\"container\" data-e-type=\"container\">\n\t\t\t\t\t<div class=\"e-con-inner\">\n\t\t\t\t<div class=\"elementor-element elementor-element-5e0adb1 elementor-widget elementor-widget-e_image_hover_effects\" data-id=\"5e0adb1\" data-element_type=\"widget\" data-e-type=\"widget\" data-widget_type=\"e_image_hover_effects.default\">\n\t\t\t\t<div class=\"elementor-widget-container\">\n\t\t\t\t\t\t\t\t<a href=\"tel:\/\/+905548581312\" target=\"_blank\">\n\t\t\t\t\t<div class=\"eihe-box eihe-shutter-out-horiz eihe_center\">\n\t\t\t\t<img decoding=\"async\" width=\"500\" height=\"250\" src=\"https:\/\/www.onlinemarangoz.com.tr\/Kadikoy\/wp-content\/uploads\/Kadikoy-Marangoz-Ustasi-Telefon.jpg\" class=\"attachment-full size-full wp-image-148\" alt=\"\" srcset=\"https:\/\/www.onlinemarangoz.com.tr\/Kadikoy\/wp-content\/uploads\/Kadikoy-Marangoz-Ustasi-Telefon.jpg 500w, https:\/\/www.onlinemarangoz.com.tr\/Kadikoy\/wp-content\/uploads\/Kadikoy-Marangoz-Ustasi-Telefon-300x150.jpg 300w\" sizes=\"(max-width: 500px) 100vw, 500px\" \/>\t\t\t\t<div class=\"eihe-caption\">\n\t\t\t\t\t<div class=\"eihe-title-cover\">\n\t\t\t\t\t\t\t\t\t\t\t\t<h3 class=\"eihe-title\">Tezcan Usta Telefon Hemen T\u0131kla Ara<\/h3>\n\t\t\t\t\t\t\t\t\t\t\t<\/div>\n\t\t\t\t\t<p>Tezcan Usta Telefon Hemen T\u0131kla Ara<\/p>\n\t\t\t\t<\/div>\n\t\t\t<\/div>\n\t\t\t\t\t<\/a>\n\t\t\t\t\t\t<\/div>\n\t\t\t\t<\/div>\n\t\t\t\t\t<\/div>\n\t\t\t\t<\/div>\n\t\t\t\t<\/div>\n\t\t\t\t\t<\/div>\n\t\t\t\t<\/div>\n\t\t<div class=\"elementor-element elementor-element-f7f6ba6 e-flex e-con-boxed e-con e-parent\" data-id=\"f7f6ba6\" data-element_type=\"container\" data-e-type=\"container\">\n\t\t\t\t\t<div class=\"e-con-inner\">\n\t\t\t\t<div class=\"elementor-element elementor-element-fc701f2 elementor-widget elementor-widget-google_maps\" data-id=\"fc701f2\" data-element_type=\"widget\" data-e-type=\"widget\" data-widget_type=\"google_maps.default\">\n\t\t\t\t<div class=\"elementor-widget-container\">\n\t\t\t\t\t\t\t<div class=\"elementor-custom-embed\">\n\t\t\t<iframe loading=\"lazy\"\n\t\t\t\t\tsrc=\"https:\/\/maps.google.com\/maps?q=Ata%C5%9Fehir%20Kay%C4%B1%C5%9Fda%C4%9F%C4%B1%20Mahallesi%20Ceylan%20Sokak%20No%20%2086&#038;t=m&#038;z=10&#038;output=embed&#038;iwloc=near\"\n\t\t\t\t\ttitle=\"Ata\u015fehir Kay\u0131\u015fda\u011f\u0131 Mahallesi Ceylan Sokak No  86\"\n\t\t\t\t\taria-label=\"Ata\u015fehir Kay\u0131\u015fda\u011f\u0131 Mahallesi Ceylan Sokak No  86\"\n\t\t\t><\/iframe>\n\t\t<\/div>\n\t\t\t\t\t\t<\/div>\n\t\t\t\t<\/div>\n\t\t\t\t\t<\/div>\n\t\t\t\t<\/div>\n\t\t\t\t<\/div>\n\t\t\n\n<div class=\"kk-star-ratings kksr-auto kksr-align-left kksr-valign-bottom\"\n    data-payload='{&quot;align&quot;:&quot;left&quot;,&quot;id&quot;:&quot;263&quot;,&quot;slug&quot;:&quot;default&quot;,&quot;valign&quot;:&quot;bottom&quot;,&quot;ignore&quot;:&quot;&quot;,&quot;reference&quot;:&quot;auto&quot;,&quot;class&quot;:&quot;&quot;,&quot;count&quot;:&quot;4&quot;,&quot;legendonly&quot;:&quot;&quot;,&quot;readonly&quot;:&quot;&quot;,&quot;score&quot;:&quot;5&quot;,&quot;starsonly&quot;:&quot;&quot;,&quot;best&quot;:&quot;5&quot;,&quot;gap&quot;:&quot;5&quot;,&quot;greet&quot;:&quot;Kad\u0131k\u00f6y Marangoz \u2705&quot;,&quot;legend&quot;:&quot;Kad\u0131k\u00f6y Marangoz Ustas\u0131 \u2b50 4 \u2b50&quot;,&quot;size&quot;:&quot;24&quot;,&quot;title&quot;:&quot;\u0130leti\u015fim&quot;,&quot;width&quot;:&quot;142.5&quot;,&quot;_legend&quot;:&quot;Kad\u0131k\u00f6y Marangoz Ustas\u0131 \u2b50 {count} \u2b50&quot;,&quot;font_factor&quot;:&quot;1.25&quot;}'>\n            \n<div class=\"kksr-stars\">\n    \n<div class=\"kksr-stars-inactive\">\n            <div class=\"kksr-star\" data-star=\"1\" style=\"padding-right: 5px\">\n            \n\n<div class=\"kksr-icon\" style=\"width: 24px; height: 24px;\"><\/div>\n        <\/div>\n            <div class=\"kksr-star\" data-star=\"2\" style=\"padding-right: 5px\">\n            \n\n<div class=\"kksr-icon\" style=\"width: 24px; height: 24px;\"><\/div>\n        <\/div>\n            <div class=\"kksr-star\" data-star=\"3\" style=\"padding-right: 5px\">\n            \n\n<div class=\"kksr-icon\" style=\"width: 24px; height: 24px;\"><\/div>\n        <\/div>\n            <div class=\"kksr-star\" data-star=\"4\" style=\"padding-right: 5px\">\n            \n\n<div class=\"kksr-icon\" style=\"width: 24px; height: 24px;\"><\/div>\n        <\/div>\n            <div class=\"kksr-star\" data-star=\"5\" style=\"padding-right: 5px\">\n            \n\n<div class=\"kksr-icon\" style=\"width: 24px; height: 24px;\"><\/div>\n        <\/div>\n    <\/div>\n    \n<div class=\"kksr-stars-active\" style=\"width: 142.5px;\">\n            <div class=\"kksr-star\" style=\"padding-right: 5px\">\n            \n\n<div class=\"kksr-icon\" style=\"width: 24px; height: 24px;\"><\/div>\n        <\/div>\n            <div class=\"kksr-star\" style=\"padding-right: 5px\">\n            \n\n<div class=\"kksr-icon\" style=\"width: 24px; height: 24px;\"><\/div>\n        <\/div>\n            <div class=\"kksr-star\" style=\"padding-right: 5px\">\n            \n\n<div class=\"kksr-icon\" style=\"width: 24px; height: 24px;\"><\/div>\n        <\/div>\n            <div class=\"kksr-star\" style=\"padding-right: 5px\">\n            \n\n<div class=\"kksr-icon\" style=\"width: 24px; height: 24px;\"><\/div>\n        <\/div>\n            <div class=\"kksr-star\" style=\"padding-right: 5px\">\n            \n\n<div class=\"kksr-icon\" style=\"width: 24px; height: 24px;\"><\/div>\n        <\/div>\n    <\/div>\n<\/div>\n                \n\n<div class=\"kksr-legend\" style=\"font-size: 19.2px;\">\n            Kad\u0131k\u00f6y Marangoz Ustas\u0131 \u2b50 4 \u2b50    <\/div>\n    <\/div>\n","protected":false},"excerpt":{"rendered":"<p>\u0130leti\u015fim&#8221; mobilya tamiri&#8221; h\u0131zl\u0131 ve garantili yedek par\u00e7alarla mobilya tamir onar\u0131m\u0131 yap\u0131yoruz, ar\u0131zal\u0131 mekanizmalar k\u0131r\u0131k mente\u015feler, d\u00fc\u015fen dolap \u00e7ekmeceleri, s\u00fcrg\u00fc ray dolaplar, tekrar %100 \u00e7al\u0131\u015f\u0131r duruma gelmesini sa\u011fl\u0131yoruz. Her t\u00fcrl\u00fc mobilya tamiri, ile ilgileniyoruz, k\u00fc\u00e7\u00fck ve b\u00fcy\u00fck mobilya tamiri, mobilya montaj\u0131, ger\u00e7ekle\u015ftiriyoruz. Marangoz Ustas\u0131 \u0130leti\u015fim&#8221; mobilya tamiri&#8221; onar\u0131m\u0131n\u0131 yaln\u0131zca yedek par\u00e7a ve onar\u0131m garantisi ile h\u0131zl\u0131 bir \u015fekilde ger\u00e7ekle\u015ftiriyoruz. ve daha bir\u00e7ok mobilya markan\u0131n piyasadaki t\u00fcm markalar\u0131n\u0131 konusunda destek veriyoruz. Mobilya Tamircisi \u0130leti\u015fim&#8217; hizmetimiz i\u00e7in randevuyla evde verilen mobilya tamir, hizmetimiz, bizi istanbul anadolu yakas\u0131 Kad\u0131k\u00f6y en pop\u00fcler mobilya tamir, mobilya onar\u0131m, merkezlerinden biri haline getiriyor. Mobilya Tamir, Mobilya Montaj, edilmesi gereken mobilyan\u0131z hakk\u0131nda bilgi veya fiyat teklifi almak i\u00e7in bizi 0554 858 1312 numaral\u0131 telefondan aray\u0131n. \u0130stanbul Anadolu Yakas\u0131 Kad\u0131k\u00f6y Mobilya Tamir Bak\u0131m Montraj Servisi Pazartesi&#8217;den \u00c7umartesi&#8217; ne&#8217; Mobilya Tamir hizmetimiz, resmi tatiller hari\u00e7 hafta i\u00e7i 09:00 &#8211; 20:00 saatleri aras\u0131nda mevcuttur. Bizi &#8221;0554 858 1312&#8221; numaral\u0131 telefonla &#8221;Mobilya Tamir Servisi&#8221; destek ekibimizle ileti\u015fime ge\u00e7ebilirsiniz. Tezcan Usta Whatsapp Hemen&#8230; <a class=\"di-continue-reading\" href=\"https:\/\/www.onlinemarangoz.com.tr\/Kadikoy\/iletisim\/\"> Continue Reading&#8230;<\/a><\/p>\n","protected":false},"author":1,"featured_media":0,"parent":0,"menu_order":9,"comment_status":"closed","ping_status":"closed","template":"","meta":{"_sitemap_exclude":false,"_sitemap_priority":"","_sitemap_frequency":"","footnotes":""},"categories":[235],"tags":[236,238,237,240,243,241,242,239],"class_list":["post-263","page","type-page","status-publish","hentry","category-iletisim-mobilya-tamir-montaj-servisi","tag-iletisim","tag-iletisim-mobilya-tamiri","tag-iletisim-telefon","tag-kadikoy-marangoz-iletisim","tag-kadikoy-mobilya-tamircisi-iletisim","tag-marangoz-ustasi-iletisim","tag-mobilya-montaj-ustasi-iletisim","tag-mobilya-tamircisi-iletisim"],"_links":{"self":[{"href":"https:\/\/www.onlinemarangoz.com.tr\/Kadikoy\/wp-json\/wp\/v2\/pages\/263","targetHints":{"allow":["GET"]}}],"collection":[{"href":"https:\/\/www.onlinemarangoz.com.tr\/Kadikoy\/wp-json\/wp\/v2\/pages"}],"about":[{"href":"https:\/\/www.onlinemarangoz.com.tr\/Kadikoy\/wp-json\/wp\/v2\/types\/page"}],"author":[{"embeddable":true,"href":"https:\/\/www.onlinemarangoz.com.tr\/Kadikoy\/wp-json\/wp\/v2\/users\/1"}],"replies":[{"embeddable":true,"href":"https:\/\/www.onlinemarangoz.com.tr\/Kadikoy\/wp-json\/wp\/v2\/comments?post=263"}],"version-history":[{"count":0,"href":"https:\/\/www.onlinemarangoz.com.tr\/Kadikoy\/wp-json\/wp\/v2\/pages\/263\/revisions"}],"wp:attachment":[{"href":"https:\/\/www.onlinemarangoz.com.tr\/Kadikoy\/wp-json\/wp\/v2\/media?parent=263"}],"wp:term":[{"taxonomy":"category","embeddable":true,"href":"https:\/\/www.onlinemarangoz.com.tr\/Kadikoy\/wp-json\/wp\/v2\/categories?post=263"},{"taxonomy":"post_tag","embeddable":true,"href":"https:\/\/www.onlinemarangoz.com.tr\/Kadikoy\/wp-json\/wp\/v2\/tags?post=263"}],"curies":[{"name":"wp","href":"https:\/\/api.w.org\/{rel}","templated":true}]}}