{"id":401,"date":"2023-12-29T21:10:50","date_gmt":"2023-12-29T21:10:50","guid":{"rendered":"https:\/\/www.onlinemarangoz.com.tr\/Kadikoy\/?page_id=401"},"modified":"2023-12-29T21:47:46","modified_gmt":"2023-12-29T21:47:46","slug":"kadikoy-ray-dolap-tamiri","status":"publish","type":"page","link":"https:\/\/www.onlinemarangoz.com.tr\/Kadikoy\/kadikoy-ray-dolap-tamiri\/","title":{"rendered":"Kad\u0131k\u00f6y Ray Dolap Tamiri"},"content":{"rendered":"<p style=\"text-align: center;\">Kad\u0131k\u00f6y Ray Dolap Tamiri |!| Ray Dolap Tamiri Telefon :0554 858 1312&#8221; \u0130stanbul Anadolu Yakas\u0131 Kad\u0131k\u00f6y Ray Dolap Tamiri&#8221; Gard\u0131robunuzdan her e\u015fyan\u0131z\u0131 \u00e7\u0131karmak istedi\u011finizde s\u00fcrg\u00fcl\u00fc ray dolap gard\u0131rop size sorun mu \u00e7\u0131kar\u0131yor? E\u011fer ciddi olarak bu sorunu \u00e7\u00f6zmeyi d\u00fc\u015f\u00fcn\u00fcyorsan\u0131z, size uygun fiyatlarla do\u011fru \u00e7\u00f6z\u00fcmler hizmetler sunuyoruz. S\u00fcrg\u00fcl\u00fc ra dolap gard\u0131rop kap\u0131lar\u0131 tamir ettirmek istiyorsan\u0131z bunu minimum s\u00fcrede ve uygun fiyatla yapabilecek uzmanl\u0131\u011fa ve bilgi birikimine sahibiz. Ray dolap kap\u0131lar\u0131 konusunda ihtiya\u00e7lar\u0131n\u0131za uygun \u00f6zel \u00e7\u00f6z\u00fcmler de sunuyoruz. Kim gard\u0131roplar\u0131 i\u00e7in d\u00fczg\u00fcn bir s\u00fcrg\u00fcl\u00fc kap\u0131 istemez ki? G\u00f6ze \u00e7arpmayan raylara yerle\u015ftirilen kaliteli tekerlekler yard\u0131m\u0131yla sorunsuz \u00e7al\u0131\u015fmas\u0131n\u0131 sa\u011fl\u0131yoruz.<img fetchpriority=\"high\" decoding=\"async\" class=\"size-full wp-image-402 alignleft\" src=\"https:\/\/www.onlinemarangoz.com.tr\/Kadikoy\/wp-content\/uploads\/Kadikoy-Ray-Dolap-Tamir-Ustasi.jpg\" alt=\"\" width=\"500\" height=\"250\" srcset=\"https:\/\/www.onlinemarangoz.com.tr\/Kadikoy\/wp-content\/uploads\/Kadikoy-Ray-Dolap-Tamir-Ustasi.jpg 500w, https:\/\/www.onlinemarangoz.com.tr\/Kadikoy\/wp-content\/uploads\/Kadikoy-Ray-Dolap-Tamir-Ustasi-300x150.jpg 300w\" sizes=\"(max-width: 500px) 100vw, 500px\" \/><\/p>\n<h2>Kad\u0131k\u00f6y Ray Dolap Tamiri<\/h2>\n<p style=\"text-align: center;\">Kad\u0131k\u00f6y Ray Dolap Tamiri&#8221; Kadik\u00f6y ve t\u00fcm semtlerine profesyonel ve her zaman ray dolap tamir hizmetiyle var\u0131z. Ray Dolap Kapa\u011f\u0131 Sorunlar\u0131 | Ray Dolap \u00dcst Tekerle\u011fi Tamiri | Yatak Odas\u0131 Ray Dolap Tamiri | Yatak Odas\u0131 Ray Dolap Tamiri | Ray Dolap Tamir Ustas\u0131 | Ray Dolap Kapak Tekerle\u011fi Tamiri | Ray Dolap Yava\u015flat\u0131c\u0131 Tamiri &#8221;<span style=\"color: #ff0000;\"><strong><a style=\"color: #ff0000;\" href=\"https:\/\/www.onlinemarangoz.com.tr\/Kadikoy\/kadikoy-ray-dolap-tamiri\/\" target=\"_blank\" rel=\"noopener\">Kad\u0131k\u00f6y Ray Dolap Tamiri<\/a><\/strong><\/span>&#8221; Pazartesi&#8217;den Cumartesi&#8217;ye 09:00 &#8211; 20:00 saatleri aras\u0131nda ( 0554 858 1312 ) araman\u0131z yeterli, Deneyimli teknik kadromuz sayesinde Kad\u0131k\u00f6y de kaliteli, ray dolap tamir onar\u0131m\u0131 uzun \u00f6m\u00fcrl\u00fc olmas\u0131n\u0131 sa\u011flamak i\u00e7in yaln\u0131zca en kaliteli par\u00e7alar\u0131 kullan\u0131yoruz.<img decoding=\"async\" class=\"alignright wp-image-40\" src=\"https:\/\/www.onlinemarangoz.com.tr\/Kadikoy\/wp-content\/uploads\/Kadikoy-Ray-Dolap-Tamiri.jpg\" alt=\"\" width=\"250\" height=\"250\" srcset=\"https:\/\/www.onlinemarangoz.com.tr\/Kadikoy\/wp-content\/uploads\/Kadikoy-Ray-Dolap-Tamiri.jpg 300w, https:\/\/www.onlinemarangoz.com.tr\/Kadikoy\/wp-content\/uploads\/Kadikoy-Ray-Dolap-Tamiri-150x150.jpg 150w, https:\/\/www.onlinemarangoz.com.tr\/Kadikoy\/wp-content\/uploads\/Kadikoy-Ray-Dolap-Tamiri-90x90.jpg 90w\" sizes=\"(max-width: 250px) 100vw, 250px\" \/><\/p>\n<h3>Kad\u0131k\u00f6y Ray Dolap Tamircisi<\/h3>\n<p style=\"text-align: center;\">Kad\u0131k\u00f6y Ray Dolap Tamircisi&#8221; vakalar\u0131n %99 \u0131ndan fazlas\u0131nda sorunu kal\u0131c\u0131 bir \u015fekilde \u00e7\u00f6zm\u00fc\u015f\u00fczd\u00fcr. Asl\u0131nda y\u0131llard\u0131r Kad\u0131k\u00f6y ve b\u00f6lgesindeki Ray Dolap s\u00fcrg\u00fc kap\u0131l\u0131 gard\u0131roplar\u0131n tamir bak\u0131m ve onar\u0131m\u0131 yapmaktay\u0131z. Kad\u0131k\u00f6y&#8217;\u00fcn t\u00fcm semtlerine profesyonel &#8221;Ray Dolap Tamircisi&#8221; hizmetiyle var\u0131z. Ray Dolap Sistemleri Tamircisi ! Ray Dolap \u00dcst Tekerle\u011fi Tamircisi ! Yatak Odas\u0131 Ray Dolap Tamircisi ! Ray Dolap Kapak Tekerle\u011fi Tamircisi ! Ray Dolap Yava\u015flat\u0131c\u0131 Tamircisi &#8221;Pazartesi&#8217;den Cumartesi&#8217;ye 09:00 &#8211; 20:00 saatleri aras\u0131nda ( 0554 858 1312 ) araman\u0131z yeterli, Fiyatlar\u0131m\u0131z\u0131n \u015feffaf oldu\u011fundan ve gizli \u00fccretler olmad\u0131\u011f\u0131ndan emin olabilirsiniz.<img decoding=\"async\" class=\"alignleft wp-image-39\" src=\"https:\/\/www.onlinemarangoz.com.tr\/Kadikoy\/wp-content\/uploads\/Kadikoy-Ray-Dolap-Kapak-Tamiri.jpg\" alt=\"\" width=\"250\" height=\"250\" srcset=\"https:\/\/www.onlinemarangoz.com.tr\/Kadikoy\/wp-content\/uploads\/Kadikoy-Ray-Dolap-Kapak-Tamiri.jpg 300w, https:\/\/www.onlinemarangoz.com.tr\/Kadikoy\/wp-content\/uploads\/Kadikoy-Ray-Dolap-Kapak-Tamiri-150x150.jpg 150w, https:\/\/www.onlinemarangoz.com.tr\/Kadikoy\/wp-content\/uploads\/Kadikoy-Ray-Dolap-Kapak-Tamiri-90x90.jpg 90w\" sizes=\"(max-width: 250px) 100vw, 250px\" \/><\/p>\n<h5>Kad\u0131k\u00f6y Ray Dolap Tamir Servisi<\/h5>\n<p style=\"text-align: center;\">Herhangi bir \u015f\u00fcpheniz varsa veya deste\u011fe &#8221;Kad\u0131k\u00f6y Ray Dolap Tamir Servisi&#8221; | ihtiyac\u0131n\u0131z varsa, &#8221;Ray Dolap Tamir Servisi&#8221; ray dolap kapaklar\u0131n\u0131z\u0131n duzgun ac\u0131l\u0131p kapanmas\u0131 veya bak\u0131m\u0131yla ilgili sorunlar olmas\u0131 durumunda size yard\u0131mc\u0131 olmak i\u00e7in hizmetinizdeyiz. Kad\u0131k\u00f6y&#8217;\u00fcn t\u00fcm semtlerine profesyonel ve her zaman ray dolap tamir Servisi hizmetiyle var\u0131z. Ray Dolap \u00dcst Tekerle\u011fi Sistemleri Tamir Servisi | Ray Dolap \u00dcst Tekerle\u011fi Mekanizma Tamir Servisi | Yatak Odas\u0131 Ray Dolap Tamir Servisi | Ray Dolap Tamir Usta Servisi | Ray Dolap Kapak Tekerle\u011fi Tamir Servisi | Ray Dolap Yava\u015flat\u0131c\u0131 Tamir Servisi &#8221;<strong><span style=\"color: #3366ff;\"><a style=\"color: #3366ff;\" href=\"https:\/\/www.onlinemarangoz.com.tr\/ray-dolap-tamiri\/\" target=\"_blank\" rel=\"noopener\">Kad\u0131k\u00f6y Ray Dolap Tamir Servisi<\/a><\/span><\/strong>&#8221; Pazartesi&#8217;den Cumartesi&#8217;ye 09:00 &#8211; 20:00 saatleri aras\u0131nda ( 0554 858 1312 ) araman\u0131z yeterli, T\u00fcm sorular\u0131n\u0131z\u0131 yan\u0131tlamaya ve ihtiya\u00e7lar\u0131n\u0131z i\u00e7in size m\u00fcmk\u00fcn olan en iyi \u00e7\u00f6z\u00fcm\u00fc sunmaya haz\u0131r\u0131z.<img loading=\"lazy\" decoding=\"async\" class=\"size-full wp-image-38 alignright\" src=\"https:\/\/www.onlinemarangoz.com.tr\/Kadikoy\/wp-content\/uploads\/Kadikoy-Ray-Dolap-Kapak-Sistemleri-Tamiri.jpg\" alt=\"\" width=\"300\" height=\"300\" srcset=\"https:\/\/www.onlinemarangoz.com.tr\/Kadikoy\/wp-content\/uploads\/Kadikoy-Ray-Dolap-Kapak-Sistemleri-Tamiri.jpg 300w, https:\/\/www.onlinemarangoz.com.tr\/Kadikoy\/wp-content\/uploads\/Kadikoy-Ray-Dolap-Kapak-Sistemleri-Tamiri-150x150.jpg 150w, https:\/\/www.onlinemarangoz.com.tr\/Kadikoy\/wp-content\/uploads\/Kadikoy-Ray-Dolap-Kapak-Sistemleri-Tamiri-90x90.jpg 90w\" sizes=\"(max-width: 300px) 100vw, 300px\" \/><\/p>\n<h5>Kad\u0131k\u00f6y Ray Dolap Kapak Sistemleri Tamiri<\/h5>\n<p style=\"text-align: center;\">Herhangi bir \u015f\u00fcpheniz varsa veya deste\u011fe &#8221;Kad\u0131k\u00f6y Ray Dolap Kapak Sistemleri Tamiri&#8221; | ihtiyac\u0131n\u0131z varsa, &#8221;Kad\u0131k\u00f6y Ray Dolap Kapak Sistemleri Tamiri&#8221; \u00e7al\u0131\u015ft\u0131r\u0131lmas\u0131 veya bak\u0131m\u0131yla ilgili sorunlar olmas\u0131 durumunda size yard\u0131mc\u0131 olmak i\u00e7in hizmetinizdeyiz. Kad\u0131k\u00f6y&#8217;\u00fcn t\u00fcm semtlerine profesyonel ve her zaman g\u00fcncel ray dolap Kapak Sistemleri tamiri hizmetiyle var\u0131z. Her model ray dolap kapak sistemleri yedek par\u00e7a ve ihtiyac\u0131n\u0131z\u0131 orijinal yedek par\u00e7alarla eksiksiz olarak kar\u015f\u0131layabiliyoruz. Ray Dolap Kapak Sistemleri Sorunlar\u0131 | Ray Dolap \u00dcst Tekerle\u011fi Sistemleri Tamiri | Yatak Odas\u0131 Ray Dolap Sistemleri Tamiri | Ray Dolap Sistemleri Tamir Ustas\u0131 | Ray Dolap Kapak Tekerle\u011fi Tamir | Kad\u0131k\u00f6y Ray Dolap Kapak Sistemleri Tamiri&#8221; Pazartesi&#8217;den Cumartesi&#8217;ye 09:00 &#8211; 20:00 saatleri aras\u0131nda ( 0554 858 1312 ) araman\u0131z yeterli, Hasarl\u0131 k\u0131r\u0131k veya ar\u0131zal\u0131 Ray Dolap Kapak Sistemleri onar\u0131m\u0131 orijinal yedek par\u00e7alar\u0131yla de\u011fi\u015ftiriyoruz.<img loading=\"lazy\" decoding=\"async\" class=\"size-full wp-image-404 alignleft\" src=\"https:\/\/www.onlinemarangoz.com.tr\/Kadikoy\/wp-content\/uploads\/Kadikoy-Ray-Dolap-Kapak-Sistemleri-Tamir.jpg\" alt=\"\" width=\"300\" height=\"300\" srcset=\"https:\/\/www.onlinemarangoz.com.tr\/Kadikoy\/wp-content\/uploads\/Kadikoy-Ray-Dolap-Kapak-Sistemleri-Tamir.jpg 300w, https:\/\/www.onlinemarangoz.com.tr\/Kadikoy\/wp-content\/uploads\/Kadikoy-Ray-Dolap-Kapak-Sistemleri-Tamir-150x150.jpg 150w, https:\/\/www.onlinemarangoz.com.tr\/Kadikoy\/wp-content\/uploads\/Kadikoy-Ray-Dolap-Kapak-Sistemleri-Tamir-90x90.jpg 90w\" sizes=\"(max-width: 300px) 100vw, 300px\" \/><\/p>\n<h6>Kad\u0131k\u00f6y Ray Dolap Kapak Mekanizma Tamiri<\/h6>\n<p style=\"text-align: center;\">Kad\u0131k\u00f6y Ray Dolap Kapak Mekanizma Tamir&#8221; Herhangi bir \u015f\u00fcpheniz varsa veya deste\u011fe &#8221;Kad\u0131k\u00f6y Ray Dolap Kapak Mekanizma Tamiri&#8221; | ihtiyac\u0131n\u0131z varsa, &#8221;Ray Dolap Kapak Mekanizma Tamiri&#8221; \u00e7al\u0131\u015ft\u0131r\u0131lmas\u0131 veya bak\u0131m\u0131yla ilgili sorunlar olmas\u0131 durumunda size yard\u0131mc\u0131 olmak i\u00e7in hizmetinizdeyiz. Kad\u0131k\u00f6y&#8217;\u00fcn t\u00fcm semtlerine profesyonel ve her zaman &#8221;Ray Dolap Kapak Mekanizma Tamiri&#8221; hizmetiyle var\u0131z. Her model ray dolap kapak Mekanizma yedek par\u00e7a ve ihtiyac\u0131n\u0131z\u0131 orijinal yedek par\u00e7alarla eksiksiz olarak kar\u015f\u0131layabiliyoruz. Ray Dolap Kapak Mekanizma Sorunlar\u0131 | Ray Dolap \u00dcst Tekerle\u011fi Mekanizma Tamiri | Yatak Odas\u0131 Ray Dolap Mekanizma Tamiri | Ray Dolap Mekanizma Tamir Ustas\u0131 |Ray Dolap Kapak Tekerle\u011fi Mekanizma Tamiri | Ray Dolap Yava\u015flat\u0131c\u0131 Mekanizma Tamiri &#8221;Kad\u0131k\u00f6y Ray Dolap Kapak Mekanizma Tamiri&#8221; Pazartesi&#8217;den Cumartesi&#8217;ye 09:00 &#8211; 20:00 saatleri aras\u0131nda ( 0554 858 1312 ) araman\u0131z yeterli, Hasarl\u0131 k\u0131r\u0131k veya ar\u0131zal\u0131 ray dolap kapak mekanizma onar\u0131m\u0131 orijinal yedek par\u00e7alar\u0131yla de\u011fi\u015ftiriyoruz.<img loading=\"lazy\" decoding=\"async\" class=\"size-full wp-image-405 alignright\" src=\"https:\/\/www.onlinemarangoz.com.tr\/Kadikoy\/wp-content\/uploads\/Kadikoy-Ray-Dolap-Kapak-Fren-Sistemleri-Tamir.jpg\" alt=\"\" width=\"300\" height=\"300\" srcset=\"https:\/\/www.onlinemarangoz.com.tr\/Kadikoy\/wp-content\/uploads\/Kadikoy-Ray-Dolap-Kapak-Fren-Sistemleri-Tamir.jpg 300w, https:\/\/www.onlinemarangoz.com.tr\/Kadikoy\/wp-content\/uploads\/Kadikoy-Ray-Dolap-Kapak-Fren-Sistemleri-Tamir-150x150.jpg 150w, https:\/\/www.onlinemarangoz.com.tr\/Kadikoy\/wp-content\/uploads\/Kadikoy-Ray-Dolap-Kapak-Fren-Sistemleri-Tamir-90x90.jpg 90w\" sizes=\"(max-width: 300px) 100vw, 300px\" \/><\/p>\n<h6>Kad\u0131k\u00f6y Ray Dolap Kapak Fren Sistemleri Tamiri<\/h6>\n<p style=\"text-align: center;\">Herhangi bir \u015f\u00fcpheniz varsa veya deste\u011fe &#8221;Kad\u0131k\u00f6y Ray Dolap Kapak Fren Sistemleri Tamiri&#8221; | ihtiyac\u0131n\u0131z varsa, &#8221;Ray Dolap Kapak Fren Sistemleri&#8221; \u00e7al\u0131\u015ft\u0131r\u0131lmas\u0131 veya bak\u0131m\u0131yla ilgili sorunlar olmas\u0131 durumunda size yard\u0131mc\u0131 olmak i\u00e7in hizmetinizdeyiz. Kad\u0131k\u00f6y&#8217;\u00fcn t\u00fcm semtlerine profesyonel ve her zaman &#8221;Ray Dolap Kapak Fren Sistemleri Tamiri&#8217; hizmetiyle var\u0131z. her model ray dolap kapak Fren Sistemleri yedek par\u00e7a ve ihtiyac\u0131n\u0131z\u0131 orijinal yedek par\u00e7alarla eksiksiz olarak kar\u015f\u0131layabiliyoruz. Ray Dolap Kapak Fren Sistemleri Sorunlar\u0131 | Yatak Odas\u0131 Ray Dolap Fren Mekanizma Tamiri | Ray Dolap ren Mekanizma Tamir Ustas\u0131 | Ray Dolap Kapak Sistemleri Tekerle\u011fi Tamiri | Ray Dolap Yava\u015flat\u0131c\u0131 Sistemleri Tamiri &#8221;Kad\u0131k\u00f6y Ray Dolap Kapak Fren Sistemleri Tamiri&#8221; Pazartesi&#8217;den Cumartesi&#8217;ye 09:00 &#8211; 20:00 saatleri aras\u0131nda ( 0554 858 1312 ) araman\u0131z yeterli, Hasarl\u0131 k\u0131r\u0131k veya ar\u0131zal\u0131 Ray Dolap Kapak Fren Sistemleri onar\u0131m\u0131 orijinal yedek par\u00e7alar\u0131yla de\u011fi\u015ftiriyoruz.<\/p>\n<table style=\"border-collapse: collapse; width: 100%;\">\n<tbody>\n<tr>\n<td>\n<h5 style=\"text-align: center;\">Kad\u0131k\u00f6y Ray Dolap Tamiri \u0130leti\u015fim<\/h5>\n<p style=\"text-align: center;\">Kad\u0131k\u00f6y Ray Dolap Tamiri \u0130leti\u015fim&#8221;\u00a0Yatak Odas\u0131 Ray Dolap Tamiri \u0130leti\u015fim | Ray Dolap Tamir Ustas\u0131 \u0130leti\u015fim | Ray Dolap Kapak Tekerle\u011fi Tamiri \u0130leti\u015fim | Ray Dolap Yava\u015flat\u0131c\u0131 Tamircisi \u0130leti\u015fim &#8221;<span style=\"color: #0000ff;\"><strong><a style=\"color: #0000ff;\" href=\"https:\/\/www.raydolaptamiri.com.tr\/kadikoy-ray-dolap-tamiri\/\" target=\"_blank\" rel=\"noopener\">Kad\u0131k\u00f6y Ray Dolap Tamiri \u0130leti\u015fim<\/a><\/strong><\/span>&#8221;| Pazartesi&#8217;den Cumartesi&#8217;ye 09:00 &#8211; 20:00 saatleri aras\u0131nda ( 0554 858 1312 ) araman\u0131z yeterli, Amac\u0131m\u0131z ihtiya\u00e7lar\u0131n\u0131z\u0131 kar\u015f\u0131layan ve beklentilerinizi a\u015fan \u00fcst\u00fcn hizmet sunmakt\u0131r.<\/p>\n<\/td>\n<td style=\"width: 50%;\">\n<p><figure id=\"attachment_147\" aria-describedby=\"caption-attachment-147\" style=\"width: 500px\" class=\"wp-caption aligncenter\"><a href=\"https:\/\/wa.me\/+905548581312\" target=\"_blank\" rel=\"noopener\"><img loading=\"lazy\" decoding=\"async\" class=\"wp-image-147 size-full\" title=\"Tezcan Usta Whatsapp Hemen T\u0131kla Mesaj At\" src=\"https:\/\/www.onlinemarangoz.com.tr\/Kadikoy\/wp-content\/uploads\/Marangoz-Whatsapp-Tikla-Mesaj-At.jpg\" alt=\"Tezcan Usta Whatsapp Hemen T\u0131kla Mesaj At\" width=\"500\" height=\"250\" srcset=\"https:\/\/www.onlinemarangoz.com.tr\/Kadikoy\/wp-content\/uploads\/Marangoz-Whatsapp-Tikla-Mesaj-At.jpg 500w, https:\/\/www.onlinemarangoz.com.tr\/Kadikoy\/wp-content\/uploads\/Marangoz-Whatsapp-Tikla-Mesaj-At-300x150.jpg 300w\" sizes=\"(max-width: 500px) 100vw, 500px\" \/><\/a><figcaption id=\"caption-attachment-147\" class=\"wp-caption-text\">Tezcan Usta Whatsapp Hemen T\u0131kla Mesaj At<\/figcaption><\/figure><\/td>\n<\/tr>\n<tr>\n<td style=\"width: 50%;\">\n<p><figure id=\"attachment_148\" aria-describedby=\"caption-attachment-148\" style=\"width: 500px\" class=\"wp-caption aligncenter\"><a href=\"tel:\/\/+905548581312\" target=\"_blank\" rel=\"noopener\"><img loading=\"lazy\" decoding=\"async\" class=\"wp-image-148 size-full\" title=\"Tezcan Usta Telefon Hemen T\u0131kla Ara\" src=\"https:\/\/www.onlinemarangoz.com.tr\/Kadikoy\/wp-content\/uploads\/Kadikoy-Marangoz-Ustasi-Telefon.jpg\" alt=\"Ray Dolap Tamiri Telefon\" width=\"500\" height=\"250\" srcset=\"https:\/\/www.onlinemarangoz.com.tr\/Kadikoy\/wp-content\/uploads\/Kadikoy-Marangoz-Ustasi-Telefon.jpg 500w, https:\/\/www.onlinemarangoz.com.tr\/Kadikoy\/wp-content\/uploads\/Kadikoy-Marangoz-Ustasi-Telefon-300x150.jpg 300w\" sizes=\"(max-width: 500px) 100vw, 500px\" \/><\/a><figcaption id=\"caption-attachment-148\" class=\"wp-caption-text\">Ray Dolap Tamiri Telefon<\/figcaption><\/figure><\/td>\n<td style=\"width: 50%;\">\n<h6 style=\"text-align: center;\">Kad\u0131k\u00f6y Ray Dolap Tamiri Telefon<\/h6>\n<p style=\"text-align: center;\">Kad\u0131k\u00f6y Ray Dolap Tamiri Telefon&#8221;\u00a0Yatak Odas\u0131 Ray Dolap Tamiri Telefon | Ray Dolap Tamir Ustas\u0131 Telefon | Ray Dolap Kapak Tekerle\u011fi Tamiri Telefon | Ray Dolap Yava\u015flat\u0131c\u0131 Tamircisi Telefon | Kad\u0131k\u00f6y Ray Dolap Tamiri Telefon&#8221; Pazartesi&#8217;den Cumartesi&#8217;ye 09:00 &#8211; 20:00 saatleri aras\u0131nda ( 0554 858 1312 ) araman\u0131z yeterli t\u00fcm ihtiya\u00e7lar\u0131n\u0131z\u0131 kar\u015f\u0131layabilecek uzman mobilyac\u0131 ustalar taraf\u0131ndan ger\u00e7ekle\u015ftirilecektir.<\/p>\n<\/td>\n<\/tr>\n<\/tbody>\n<\/table>\n\n\n<div class=\"kk-star-ratings kksr-auto kksr-align-left kksr-valign-bottom\"\n    data-payload='{&quot;align&quot;:&quot;left&quot;,&quot;id&quot;:&quot;401&quot;,&quot;slug&quot;:&quot;default&quot;,&quot;valign&quot;:&quot;bottom&quot;,&quot;ignore&quot;:&quot;&quot;,&quot;reference&quot;:&quot;auto&quot;,&quot;class&quot;:&quot;&quot;,&quot;count&quot;:&quot;3&quot;,&quot;legendonly&quot;:&quot;&quot;,&quot;readonly&quot;:&quot;&quot;,&quot;score&quot;:&quot;5&quot;,&quot;starsonly&quot;:&quot;&quot;,&quot;best&quot;:&quot;5&quot;,&quot;gap&quot;:&quot;5&quot;,&quot;greet&quot;:&quot;Kad\u0131k\u00f6y Marangoz \u2705&quot;,&quot;legend&quot;:&quot;Kad\u0131k\u00f6y Marangoz Ustas\u0131 \u2b50 3 \u2b50&quot;,&quot;size&quot;:&quot;24&quot;,&quot;title&quot;:&quot;Kad\u0131k\u00f6y Ray Dolap Tamiri&quot;,&quot;width&quot;:&quot;142.5&quot;,&quot;_legend&quot;:&quot;Kad\u0131k\u00f6y Marangoz Ustas\u0131 \u2b50 {count} \u2b50&quot;,&quot;font_factor&quot;:&quot;1.25&quot;}'>\n            \n<div class=\"kksr-stars\">\n    \n<div class=\"kksr-stars-inactive\">\n            <div class=\"kksr-star\" data-star=\"1\" style=\"padding-right: 5px\">\n            \n\n<div class=\"kksr-icon\" style=\"width: 24px; height: 24px;\"><\/div>\n        <\/div>\n            <div class=\"kksr-star\" data-star=\"2\" style=\"padding-right: 5px\">\n            \n\n<div class=\"kksr-icon\" style=\"width: 24px; height: 24px;\"><\/div>\n        <\/div>\n            <div class=\"kksr-star\" data-star=\"3\" style=\"padding-right: 5px\">\n            \n\n<div class=\"kksr-icon\" style=\"width: 24px; height: 24px;\"><\/div>\n        <\/div>\n            <div class=\"kksr-star\" data-star=\"4\" style=\"padding-right: 5px\">\n            \n\n<div class=\"kksr-icon\" style=\"width: 24px; height: 24px;\"><\/div>\n        <\/div>\n            <div class=\"kksr-star\" data-star=\"5\" style=\"padding-right: 5px\">\n            \n\n<div class=\"kksr-icon\" style=\"width: 24px; height: 24px;\"><\/div>\n        <\/div>\n    <\/div>\n    \n<div class=\"kksr-stars-active\" style=\"width: 142.5px;\">\n            <div class=\"kksr-star\" style=\"padding-right: 5px\">\n            \n\n<div class=\"kksr-icon\" style=\"width: 24px; height: 24px;\"><\/div>\n        <\/div>\n            <div class=\"kksr-star\" style=\"padding-right: 5px\">\n            \n\n<div class=\"kksr-icon\" style=\"width: 24px; height: 24px;\"><\/div>\n        <\/div>\n            <div class=\"kksr-star\" style=\"padding-right: 5px\">\n            \n\n<div class=\"kksr-icon\" style=\"width: 24px; height: 24px;\"><\/div>\n        <\/div>\n            <div class=\"kksr-star\" style=\"padding-right: 5px\">\n            \n\n<div class=\"kksr-icon\" style=\"width: 24px; height: 24px;\"><\/div>\n        <\/div>\n            <div class=\"kksr-star\" style=\"padding-right: 5px\">\n            \n\n<div class=\"kksr-icon\" style=\"width: 24px; height: 24px;\"><\/div>\n        <\/div>\n    <\/div>\n<\/div>\n                \n\n<div class=\"kksr-legend\" style=\"font-size: 19.2px;\">\n            Kad\u0131k\u00f6y Marangoz Ustas\u0131 \u2b50 3 \u2b50    <\/div>\n    <\/div>\n","protected":false},"excerpt":{"rendered":"<p>Kad\u0131k\u00f6y Ray Dolap Tamiri |!| Ray Dolap Tamiri Telefon :0554 858 1312&#8221; \u0130stanbul Anadolu Yakas\u0131 Kad\u0131k\u00f6y Ray Dolap Tamiri&#8221; Gard\u0131robunuzdan her e\u015fyan\u0131z\u0131 \u00e7\u0131karmak istedi\u011finizde s\u00fcrg\u00fcl\u00fc ray dolap gard\u0131rop size sorun mu \u00e7\u0131kar\u0131yor? E\u011fer ciddi olarak bu sorunu \u00e7\u00f6zmeyi d\u00fc\u015f\u00fcn\u00fcyorsan\u0131z, size uygun fiyatlarla do\u011fru \u00e7\u00f6z\u00fcmler hizmetler sunuyoruz. S\u00fcrg\u00fcl\u00fc ra dolap gard\u0131rop kap\u0131lar\u0131 tamir ettirmek istiyorsan\u0131z bunu minimum s\u00fcrede ve uygun fiyatla yapabilecek uzmanl\u0131\u011fa ve bilgi birikimine sahibiz. Ray dolap kap\u0131lar\u0131 konusunda ihtiya\u00e7lar\u0131n\u0131za uygun \u00f6zel \u00e7\u00f6z\u00fcmler de sunuyoruz. Kim gard\u0131roplar\u0131 i\u00e7in d\u00fczg\u00fcn bir s\u00fcrg\u00fcl\u00fc kap\u0131 istemez ki? G\u00f6ze \u00e7arpmayan raylara yerle\u015ftirilen kaliteli tekerlekler yard\u0131m\u0131yla sorunsuz \u00e7al\u0131\u015fmas\u0131n\u0131 sa\u011fl\u0131yoruz. Kad\u0131k\u00f6y Ray Dolap Tamiri Kad\u0131k\u00f6y Ray Dolap Tamiri&#8221; Kadik\u00f6y ve t\u00fcm semtlerine profesyonel ve her zaman ray dolap tamir hizmetiyle var\u0131z. Ray Dolap Kapa\u011f\u0131 Sorunlar\u0131 | Ray Dolap \u00dcst Tekerle\u011fi Tamiri | Yatak Odas\u0131 Ray Dolap Tamiri | Yatak Odas\u0131 Ray Dolap Tamiri | Ray Dolap Tamir Ustas\u0131 | Ray Dolap Kapak Tekerle\u011fi Tamiri | Ray Dolap Yava\u015flat\u0131c\u0131 Tamiri &#8221;Kad\u0131k\u00f6y Ray Dolap Tamiri&#8221; Pazartesi&#8217;den Cumartesi&#8217;ye&#8230; <a class=\"di-continue-reading\" href=\"https:\/\/www.onlinemarangoz.com.tr\/Kadikoy\/kadikoy-ray-dolap-tamiri\/\"> Continue Reading&#8230;<\/a><\/p>\n","protected":false},"author":1,"featured_media":0,"parent":0,"menu_order":3000,"comment_status":"closed","ping_status":"closed","template":"","meta":{"_sitemap_exclude":false,"_sitemap_priority":"","_sitemap_frequency":"","footnotes":""},"categories":[1],"tags":[525,524,523,522,519,518,521,520],"class_list":["post-401","page","type-page","status-publish","hentry","category-kadikoy-mobilya-tamir-montaj-servisi","tag-kadikoy-ray-dolap-kapak-fren-sistemleri-tamiri","tag-kadikoy-ray-dolap-kapak-mekanizma-tamiri","tag-kadikoy-ray-dolap-kapak-sistemleri-tamiri","tag-kadikoy-ray-dolap-tamir-servisi","tag-kadikoy-ray-dolap-tamircisi","tag-kadikoy-ray-dolap-tamiri","tag-kadikoy-ray-dolap-tamiri-iletisim","tag-kadikoy-ray-dolap-tamiri-telefon"],"_links":{"self":[{"href":"https:\/\/www.onlinemarangoz.com.tr\/Kadikoy\/wp-json\/wp\/v2\/pages\/401","targetHints":{"allow":["GET"]}}],"collection":[{"href":"https:\/\/www.onlinemarangoz.com.tr\/Kadikoy\/wp-json\/wp\/v2\/pages"}],"about":[{"href":"https:\/\/www.onlinemarangoz.com.tr\/Kadikoy\/wp-json\/wp\/v2\/types\/page"}],"author":[{"embeddable":true,"href":"https:\/\/www.onlinemarangoz.com.tr\/Kadikoy\/wp-json\/wp\/v2\/users\/1"}],"replies":[{"embeddable":true,"href":"https:\/\/www.onlinemarangoz.com.tr\/Kadikoy\/wp-json\/wp\/v2\/comments?post=401"}],"version-history":[{"count":0,"href":"https:\/\/www.onlinemarangoz.com.tr\/Kadikoy\/wp-json\/wp\/v2\/pages\/401\/revisions"}],"wp:attachment":[{"href":"https:\/\/www.onlinemarangoz.com.tr\/Kadikoy\/wp-json\/wp\/v2\/media?parent=401"}],"wp:term":[{"taxonomy":"category","embeddable":true,"href":"https:\/\/www.onlinemarangoz.com.tr\/Kadikoy\/wp-json\/wp\/v2\/categories?post=401"},{"taxonomy":"post_tag","embeddable":true,"href":"https:\/\/www.onlinemarangoz.com.tr\/Kadikoy\/wp-json\/wp\/v2\/tags?post=401"}],"curies":[{"name":"wp","href":"https:\/\/api.w.org\/{rel}","templated":true}]}}