{"id":623,"date":"2024-02-02T23:17:17","date_gmt":"2024-02-02T23:17:17","guid":{"rendered":"https:\/\/www.onlinemarangoz.com.tr\/Kadikoy\/?page_id=623"},"modified":"2024-02-02T23:31:52","modified_gmt":"2024-02-02T23:31:52","slug":"goztepe-mobilya-montaj","status":"publish","type":"page","link":"https:\/\/www.onlinemarangoz.com.tr\/Kadikoy\/goztepe-mobilya-montaj\/","title":{"rendered":"G\u00f6ztepe Mobilya Montaj"},"content":{"rendered":"<p>G\u00f6ztepe Mobilya Montaj &#8211; Mobilya Montaj Telefon 0554 858 1312&#8221; \u0130stanbul Anadolu Yakas\u0131 Kad\u0131k\u00f6y G\u00f6ztepe Mahallesi Mobilya Dolap Montaj\u0131&#8221; alan\u0131nda deneyimli ve yetkin, tecr\u00fcbeli ve kalifiye bir ekibi m\u00fc\u015fterilerimizin hizmetine sunmay\u0131 se\u00e7tik yaln\u0131zca montaj kabiliyeti a\u00e7\u0131s\u0131ndan de\u011fil, ayn\u0131 zamanda her m\u00fc\u015fteriye garanti edilen tasar\u0131m ve montaj hizmeti a\u00e7\u0131s\u0131ndan da her m\u00fc\u015fteri i\u00e7in \u00f6l\u00e7\u00fcye g\u00f6re \u00fcretilen mobilyalar\u0131n montaj hizmetini de sunmaktay\u0131z Baz\u0131 durumlarda dikkatsiz montaj, kurulumun tamamlanmas\u0131n\u0131 imkans\u0131z hale getirirken , di\u011fer durumlarda en k\u00f6t\u00fc hasar genellikle bir s\u00fcre sonra fark edilir ve daha h\u0131zl\u0131 a\u015f\u0131nmaya, raflar\u0131n e\u011frilmesine neden olabilir hatta duvar \u00fcnitelerinin ayr\u0131lmas\u0131na a\u00e7\u0131kt\u0131r ki, mobilya montaj\u0131n\u0131n kalitesi esast\u0131r ve dikkat ve profesyonellik gerektirir.<\/p>\n<figure id=\"attachment_624\" aria-describedby=\"caption-attachment-624\" style=\"width: 500px\" class=\"wp-caption alignright\"><img fetchpriority=\"high\" decoding=\"async\" class=\"wp-image-624 size-full\" title=\"G\u00f6ztepe Mobilya Montaj\" src=\"https:\/\/www.onlinemarangoz.com.tr\/Kadikoy\/wp-content\/uploads\/Kadikoy-Goztepe-Mahallesi-Mobilya-Montaj-Servisi.jpg\" alt=\"G\u00f6ztepe Mobilya Montaj\" width=\"500\" height=\"250\" srcset=\"https:\/\/www.onlinemarangoz.com.tr\/Kadikoy\/wp-content\/uploads\/Kadikoy-Goztepe-Mahallesi-Mobilya-Montaj-Servisi.jpg 500w, https:\/\/www.onlinemarangoz.com.tr\/Kadikoy\/wp-content\/uploads\/Kadikoy-Goztepe-Mahallesi-Mobilya-Montaj-Servisi-300x150.jpg 300w\" sizes=\"(max-width: 500px) 100vw, 500px\" \/><figcaption id=\"caption-attachment-624\" class=\"wp-caption-text\">G\u00f6ztepe Mobilya Montaj<\/figcaption><\/figure>\n<h2>G\u00f6ztepe Mobilya Montaj<\/h2>\n<p>G\u00f6ztepe Mobilya Dolap Montaj\u0131&#8221; Kaliteli mobilya montaj\u0131 ayn\u0131 zamanda estetikle ilgili sorunlardan ka\u00e7\u0131nman\u0131za da olanak tan\u0131r : dikkati da\u011f\u0131lm\u0131\u015f bir montajc\u0131, birle\u015ftirilecek \u00e7e\u015fitli par\u00e7alar\u0131 \u00e7izebilir veya ezebilir ve bu asla iyi bir ba\u015flang\u0131\u00e7 noktas\u0131 olmad\u0131\u011f\u0131 gibi, kalite ve m\u00fc\u015fteri memnuniyeti bizim i\u00e7in \u00e7ok \u00f6nemlidir.<\/p>\n<ul>\n<li>Ranza Montaj\u0131&#8221; \u00c7al\u0131\u015fma Masas\u0131 Montaj\u0131&#8221; Gen\u00e7 Odas\u0131 Dolap Montaj\u0131.<\/li>\n<li>Divan Montaj\u0131&#8221; Karyola Montaj\u0131&#8221; \u015eifonyer Montaj\u0131&#8221; Kitapl\u0131k Montaj\u0131.<\/li>\n<li>Ray Dolap Montaj&#8221; S\u00fcrg\u00fcl\u00fc Dolap Montaj&#8221; S\u00fcrg\u00fcl\u00fc Gard\u0131rop Montaj.<\/li>\n<li>Mutfak Dolap Montaj\u0131&#8221; Kiler Ray\u0131 Montaj\u0131&#8221; Laminant Tezgah Montaj\u0131.<\/li>\n<li>Yemek Masas\u0131 Montaj\u0131&#8221; Portmanto Dolap Montaj\u0131&#8221; Bebek Karyolas\u0131 Montaj\u0131.<\/li>\n<li>Mobilya Montaj&#8221; Gard\u0131rop Montaj\u0131&#8221; Yatak Odas\u0131 Dolap Montaj\u0131&#8221; Tv \u00dcnitesi Montaj\u0131.<\/li>\n<li>Mod\u00fcler Mobilya Montaj&#8221; Mod\u00fcler Gard\u0131rop Montaj\u0131&#8221; Mod\u00fcler Yatak Odas\u0131 Dolap Montaj\u0131.<\/li>\n<li>Demonte Mobilya Montaj&#8221; Demonte Gard\u0131rop Montaj\u0131&#8221; Demonte Yatak Odas\u0131 Dolap Montaj\u0131.<\/li>\n<\/ul>\n<p><img decoding=\"async\" class=\"alignleft wp-image-40 size-full\" src=\"https:\/\/www.onlinemarangoz.com.tr\/Kadikoy\/wp-content\/uploads\/Kadikoy-Ray-Dolap-Tamiri.jpg\" alt=\"\" width=\"300\" height=\"300\" srcset=\"https:\/\/www.onlinemarangoz.com.tr\/Kadikoy\/wp-content\/uploads\/Kadikoy-Ray-Dolap-Tamiri.jpg 300w, https:\/\/www.onlinemarangoz.com.tr\/Kadikoy\/wp-content\/uploads\/Kadikoy-Ray-Dolap-Tamiri-150x150.jpg 150w, https:\/\/www.onlinemarangoz.com.tr\/Kadikoy\/wp-content\/uploads\/Kadikoy-Ray-Dolap-Tamiri-90x90.jpg 90w\" sizes=\"(max-width: 300px) 100vw, 300px\" \/><\/p>\n<p><span style=\"color: #ff0000;\"><strong><a style=\"color: #ff0000;\" href=\"https:\/\/www.onlinemarangoz.com.tr\/Kadikoy\/kadikoy-mobilya-montaj\/\" target=\"_blank\" rel=\"noopener\">G\u00f6ztepe Mobilya Montaj<\/a><\/strong><\/span>\u00a0: Her t\u00fcrl\u00fc Mobilya Montaj, i\u00e7in Pazartesi&#8217;den Cumartesi&#8217;ye Sabah 9.00 \u2013 Ak\u015fam 20.00 saatleri aras\u0131nda Mobilya montaj hizmeti sunuyoruz. G\u00f6ztepe Mobilya Montaj&#8221; ihtiya\u00e7lar\u0131n\u0131z i\u00e7in m\u00fcsait oldu\u011funuzda bizimle &#8221;G\u00f6ztepe Mobilya Montaj Telefon&#8221; 0554 858 1312&#8242; numaral\u0131 telefondan ileti\u015fime ge\u00e7ebilirsiniz.<\/p>\n<h3 align=\"CENTER\">G\u00f6ztepe Mobilya Gardrop Montaj<\/h3>\n<p>G\u00f6ztepe Mobilya Gardrop Montaj&#8221; a\u015famas\u0131nda \u00e7al\u0131\u015fma \u015feklimizi ay\u0131ran noktalar \u015funlard\u0131r:<\/p>\n<p>ilk a\u015famada, \u00e7al\u0131\u015fmam\u0131z gereken ortama \u00e7ok dikkat ediyoruz (\u00f6nceden kurulmu\u015f mobilyalar\u0131, zeminleri ve parkeleri, duvarlar\u0131, kap\u0131lar\u0131, tavanlar\u0131 vb. bozmamak i\u00e7in) her mobilyan\u0131n montaj sistemini detayl\u0131 olarak biliyoruz.<\/p>\n<ul>\n<li>i\u015fte titizlik ve hassasiyet.<\/li>\n<li>yaln\u0131zca profesyonel ekipmanlar kullan\u0131yoruz.<\/li>\n<li>Montaj sonunda da\u011f\u0131n\u0131kl\u0131k b\u0131rakm\u0131yor ve kalan kal\u0131nt\u0131lar\u0131 temizliyoruz.<\/li>\n<li>Ayr\u0131ca, her zaman ula\u015f\u0131labilir durumday\u0131z ve m\u00fc\u015fterinin sorular\u0131n\u0131 yan\u0131tlamaya haz\u0131r\u0131z:<\/li>\n<li>Montaj\u0131n sonunda, kurulan mobilyalar\u0131n do\u011fru kullan\u0131m\u0131 ve bak\u0131m\u0131 i\u00e7in gerekli t\u00fcm a\u00e7\u0131klamalar\u0131 sa\u011fl\u0131yoruz.<\/li>\n<\/ul>\n<p>Ekibimiz son derece dikkatli ve profesyonel bir \u015fekilde \u00e7al\u0131\u015fmaktad\u0131r: Bu \u015fekilde \u00e7al\u0131\u015fan bir ekibe sahip olmak felsefemizin bir par\u00e7as\u0131d\u0131r, \u00e7\u00fcnk\u00fc mobilya montaj\u0131n\u0131n kalitesi asla k\u00fc\u00e7\u00fcmsenmemelidir.<\/p>\n<h5>G\u00f6ztepe Mobilya Gardrop Montaj&#8221; Hizmetlerimiz.<\/h5>\n<table style=\"border-collapse: collapse; width: 100%;\">\n<tbody>\n<tr>\n<td>\n<ul>\n<li>Gard\u0131rop Montaj\u0131.<\/li>\n<li>Tv \u00dcnitesi Montaj\u0131.<\/li>\n<li>Yemek Masas\u0131 Montaj\u0131.<\/li>\n<li>Mobilya Gardrop Montaj.<\/li>\n<li>Portmanto Dolap Montaj\u0131.<\/li>\n<li>Yatak Odas\u0131\u00a0Gardrop\u00a0Montaj\u0131.<\/li>\n<\/ul>\n<\/td>\n<td>\n<ul>\n<li>Mod\u00fcler Gard\u0131rop Montaj\u0131.<\/li>\n<li>Mod\u00fcler\u00a0Ray Dolap Montaj.<\/li>\n<li>Mod\u00fcler S\u00fcrg\u00fcl\u00fc Gard\u0131rop Montaj.<\/li>\n<li>Mod\u00fcler Mobilya\u00a0Gardrop\u00a0Montaj.<\/li>\n<li>Mod\u00fcler Yatak Odas\u0131\u00a0Gardrop\u00a0Montaj\u0131.<\/li>\n<\/ul>\n<\/td>\n<td style=\"width: 33.3333%;\">\n<ul>\n<li>Demonte\u00a0Ranza Montaj\u0131.<\/li>\n<li>Demonte Gard\u0131rop Montaj\u0131.<\/li>\n<li>Demonte Mobilya Gardrop\u00a0Montaj.<\/li>\n<li>Demonte\u00a0\u00c7al\u0131\u015fma Masas\u0131 Montaj\u0131.<\/li>\n<li>Demonte Gen\u00e7 Odas\u0131 Dolap Montaj\u0131.<\/li>\n<li>Demonte Yatak Odas\u0131\u00a0Gardrop\u00a0Montaj\u0131.<\/li>\n<\/ul>\n<\/td>\n<\/tr>\n<\/tbody>\n<\/table>\n<p>G\u00f6ztepe Mobilya Gardrop Montaj&#8221; i\u00e7in Pazartesi&#8217;den Cumartesi&#8217;ye Sabah 9.00 \u2013 Ak\u015fam 20.00 saatleri aras\u0131nda &#8221;Mobilya Gardrop Montaj&#8221; hizmeti sunuyoruz. G\u00f6ztepe Mobilya Gardrop Montaj&#8221; ihtiya\u00e7lar\u0131n\u0131z i\u00e7in m\u00fcsait oldu\u011funuzda bizimle &#8221;G\u00f6ztepe Mobilya Montaj Telefon&#8221; 0554 858 1312&#8242; numaral\u0131 telefondan bildirin elimden gelen her \u015fekilde yard\u0131mc\u0131 olmaktan her zaman memnuniyet duyar\u0131m.<\/p>\n<figure id=\"attachment_586\" aria-describedby=\"caption-attachment-586\" style=\"width: 300px\" class=\"wp-caption alignright\"><img decoding=\"async\" class=\"size-full wp-image-586\" src=\"https:\/\/www.onlinemarangoz.com.tr\/Kadikoy\/wp-content\/uploads\/Mobilya-Dolap-Montaj.jpg\" alt=\"Mobilya Dolap Montaj\" width=\"300\" height=\"250\" \/><figcaption id=\"caption-attachment-586\" class=\"wp-caption-text\">Mobilya Dolap Montaj<\/figcaption><\/figure>\n<h4 align=\"CENTER\">G\u00f6ztepe Mobilya Dolap Montaj\u0131<\/h4>\n<p>G\u00f6ztepe Mobilya Dolap Montaj\u0131&#8221; s\u00f6k\u00fcm hizmeti bir ta\u015f\u0131nman\u0131n en \u00f6nemli a\u015famalar\u0131ndan biridir, bu nedenle ciddi, i\u015finin ehli ve profesyonel bir usta ile ileti\u015fime ge\u00e7mek en do\u011frusudur. ister el yap\u0131m\u0131 mobilyalar olsun, ister prestijli mobilya markalar\u0131 taraf\u0131ndan yarat\u0131lm\u0131\u015f olsun, ba\u011fl\u0131l\u0131\u011f\u0131m\u0131z ve enerjimiz her zaman m\u00fc\u015fterinin hizmetindedir. Kendinizi emin ellerde hissetmek istiyorsan\u0131z ve son derece rekabet\u00e7i maliyetlerle ki\u015fiselle\u015ftirilmi\u015f, ki\u015fiye \u00f6zel bir hizmet ar\u0131yorsan\u0131z, buras\u0131 sizin i\u00e7in do\u011fru adres!\u00a0G\u00f6ztepe Mobilya Dolap Montaj\u0131&#8221; i\u00e7in Pazartesi&#8217;den Cumartesi&#8217;ye Sabah 9.00 \u2013 Ak\u015fam 20.00 saatleri aras\u0131nda &#8221;Mobilya Dolap Montaj\u0131&#8221; hizmeti sunuyoruz. G\u00f6ztepe Mobilya Dolap Montaj\u0131&#8221; ihtiya\u00e7lar\u0131n\u0131z i\u00e7in m\u00fcsait oldu\u011funuzda bizimle &#8221;G\u00f6ztepe Mobilya Montaj Telefon&#8221; 0554 858 1312&#8242; numaral\u0131 telefondan bildirin\u00a0hizmetlerimiz hakk\u0131nda her zaman en \u00fcst d\u00fczeyde ve \u00e7ok rekabet\u00e7i fiyatlarla, mobilya montaj, ve demontaj hizmeti sunuyoruz.<\/p>\n<table style=\"border-collapse: collapse; width: 100%;\">\n<tbody>\n<tr>\n<td>\n<h3>Rekabet\u00e7i fiyatlar<\/h3>\n<p align=\"CENTER\">Etkin mobilya montaj lar\u0131m\u0131z sayesinde, piyasadaki t\u00fcm mobilya markalar\u0131, rekabet\u00e7i fiyatlarla y\u00fcksek kaliteli \u00e7\u00f6z\u00fcmleri sunuyoruz.<\/p>\n<\/td>\n<td style=\"width: 33.3333%;\">\n<h3>M\u00fckemmellik ve Kalite<\/h3>\n<p align=\"CENTER\">m\u00fckemmellik daha montaj a\u015famas\u0131nda ba\u015flar. T\u00fcm mobilyalar\u0131n\u0131n kusursuz montaj\u0131 i\u00e7in her ayr\u0131nt\u0131ya dikkat edilerek her projede y\u00fcksek standartlar sa\u011flanmaktad\u0131r.<\/p>\n<\/td>\n<td style=\"width: 33.3333%;\">\n<h3>Verimlilik ve H\u0131z<\/h3>\n<p align=\"CENTER\">Her m\u00fc\u015fterinin \u00f6zel ihtiya\u00e7lar\u0131n\u0131 anl\u0131yoruz ve i\u015finizin aksamas\u0131n\u0131 en aza indirerek h\u0131zl\u0131, zaman\u0131nda montaj yapmaya kararl\u0131y\u0131z.<\/p>\n<\/td>\n<\/tr>\n<\/tbody>\n<\/table>\n<p style=\"text-align: center;\"><span style=\"text-align: center;\">Mobilya S\u00f6kme Ve Takma Hizmetimiz Son Derece \u00d6zelle\u015ftirilebilir : Kad\u0131k\u00f6y\u00a0B\u00f6lgesi Genelinde Mutfaklar\u0131, Gard\u0131roplar\u0131, Duvar \u00dcnitelerini, Banyolar\u0131, Yatak Odalar\u0131n\u0131 Ve \u00c7ok Daha Fazlas\u0131n\u0131 S\u00f6k\u00fcyor Ve monte ediyoruz.<\/span><\/p>\n<table style=\"border-collapse: collapse; width: 100%;\">\n<tbody>\n<tr>\n<td style=\"width: 50%;\"><a href=\"https:\/\/wa.me\/+905548581312\" target=\"_blank\" rel=\"noopener\"><img loading=\"lazy\" decoding=\"async\" class=\"aligncenter wp-image-582\" src=\"https:\/\/www.onlinemarangoz.com.tr\/Kadikoy\/wp-content\/uploads\/Tezcan-Usta-150x150.png\" alt=\"\" width=\"100\" height=\"100\" srcset=\"https:\/\/www.onlinemarangoz.com.tr\/Kadikoy\/wp-content\/uploads\/Tezcan-Usta-150x150.png 150w, https:\/\/www.onlinemarangoz.com.tr\/Kadikoy\/wp-content\/uploads\/Tezcan-Usta-300x300.png 300w, https:\/\/www.onlinemarangoz.com.tr\/Kadikoy\/wp-content\/uploads\/Tezcan-Usta-90x90.png 90w, https:\/\/www.onlinemarangoz.com.tr\/Kadikoy\/wp-content\/uploads\/Tezcan-Usta.png 512w\" sizes=\"(max-width: 100px) 100vw, 100px\" \/><\/a><\/p>\n<p style=\"text-align: center;\"><span style=\"color: #99cc00;\"><a style=\"color: #99cc00;\" href=\"https:\/\/wa.me\/+905548581312\" target=\"_blank\" rel=\"noopener\"><strong><span style=\"font-size: 16pt;\">G\u00f6ztepe Mobilya Montaj \u0130leti\u015fim<\/span><\/strong><\/a><\/span><\/p>\n<p style=\"text-align: center;\"><span style=\"color: #99cc00;\"><a style=\"color: #99cc00;\" href=\"https:\/\/wa.me\/+905548581312\" target=\"_blank\" rel=\"noopener\"><strong><span style=\"font-size: 16pt;\">Whatsapp T\u0131kla Mesaj At<\/span><\/strong><\/a><\/span><\/p>\n<p style=\"text-align: center;\"><span style=\"color: #99cc00;\"><a style=\"color: #99cc00;\" href=\"https:\/\/wa.me\/+905548581312\" target=\"_blank\" rel=\"noopener\"><strong><span style=\"font-size: 16pt;\">0554 858 13 12<\/span><\/strong><\/a><\/span><\/p>\n<\/td>\n<td style=\"width: 50%;\"><a href=\"tel:\/\/+905548581312\" target=\"_blank\" rel=\"noopener\"><img loading=\"lazy\" decoding=\"async\" class=\"size-full wp-image-599 aligncenter\" src=\"https:\/\/www.onlinemarangoz.com.tr\/Kadikoy\/wp-content\/uploads\/Tezcan-Usta-Mobilya-Montaj-Telefon-Hemen-Ara.jpg\" alt=\"\" width=\"100\" height=\"100\" srcset=\"https:\/\/www.onlinemarangoz.com.tr\/Kadikoy\/wp-content\/uploads\/Tezcan-Usta-Mobilya-Montaj-Telefon-Hemen-Ara.jpg 100w, https:\/\/www.onlinemarangoz.com.tr\/Kadikoy\/wp-content\/uploads\/Tezcan-Usta-Mobilya-Montaj-Telefon-Hemen-Ara-90x90.jpg 90w\" sizes=\"(max-width: 100px) 100vw, 100px\" \/><\/a><\/p>\n<p style=\"text-align: center;\"><span style=\"font-family: arial, helvetica, sans-serif;\"><a href=\"tel:\/\/+905548581312\" target=\"_blank\" rel=\"noopener\"><strong><span style=\"font-size: 16pt;\">G\u00f6ztepe Mobilya Montaj Telefon<\/span><\/strong><\/a><\/span><\/p>\n<p style=\"text-align: center;\"><span style=\"font-family: arial, helvetica, sans-serif;\"><a href=\"tel:\/\/+905548581312\" target=\"_blank\" rel=\"noopener\"><strong><span style=\"font-size: 16pt;\">Hemen T\u0131kla Ara<\/span><\/strong><\/a><\/span><\/p>\n<p style=\"text-align: center;\"><span style=\"font-family: arial, helvetica, sans-serif;\"><a href=\"tel:\/\/+905548581312\" target=\"_blank\" rel=\"noopener\"><strong><span style=\"font-size: 16pt;\">0554 858 13 12<\/span><\/strong><\/a><\/span><\/p>\n<\/td>\n<\/tr>\n<\/tbody>\n<\/table>\n<p style=\"text-align: center;\"><em>G\u00f6ztepe Mobilya Montaj. G\u00f6ztepe Mobilya Dolap Montaj. G\u00f6ztepe Mobilya Gardrop Montaj. G\u00f6ztepe Yatak Odas\u0131 Mobilya Dolap Montaj.<\/em><\/p>\n\n\n<div class=\"kk-star-ratings kksr-auto kksr-align-left kksr-valign-bottom\"\n    data-payload='{&quot;align&quot;:&quot;left&quot;,&quot;id&quot;:&quot;623&quot;,&quot;slug&quot;:&quot;default&quot;,&quot;valign&quot;:&quot;bottom&quot;,&quot;ignore&quot;:&quot;&quot;,&quot;reference&quot;:&quot;auto&quot;,&quot;class&quot;:&quot;&quot;,&quot;count&quot;:&quot;16&quot;,&quot;legendonly&quot;:&quot;&quot;,&quot;readonly&quot;:&quot;&quot;,&quot;score&quot;:&quot;5&quot;,&quot;starsonly&quot;:&quot;&quot;,&quot;best&quot;:&quot;5&quot;,&quot;gap&quot;:&quot;5&quot;,&quot;greet&quot;:&quot;Kad\u0131k\u00f6y Marangoz \u2705&quot;,&quot;legend&quot;:&quot;Kad\u0131k\u00f6y Marangoz Ustas\u0131 \u2b50 16 \u2b50&quot;,&quot;size&quot;:&quot;24&quot;,&quot;title&quot;:&quot;G\u00f6ztepe Mobilya Montaj&quot;,&quot;width&quot;:&quot;142.5&quot;,&quot;_legend&quot;:&quot;Kad\u0131k\u00f6y Marangoz Ustas\u0131 \u2b50 {count} \u2b50&quot;,&quot;font_factor&quot;:&quot;1.25&quot;}'>\n            \n<div class=\"kksr-stars\">\n    \n<div class=\"kksr-stars-inactive\">\n            <div class=\"kksr-star\" data-star=\"1\" style=\"padding-right: 5px\">\n            \n\n<div class=\"kksr-icon\" style=\"width: 24px; height: 24px;\"><\/div>\n        <\/div>\n            <div class=\"kksr-star\" data-star=\"2\" style=\"padding-right: 5px\">\n            \n\n<div class=\"kksr-icon\" style=\"width: 24px; height: 24px;\"><\/div>\n        <\/div>\n            <div class=\"kksr-star\" data-star=\"3\" style=\"padding-right: 5px\">\n            \n\n<div class=\"kksr-icon\" style=\"width: 24px; height: 24px;\"><\/div>\n        <\/div>\n            <div class=\"kksr-star\" data-star=\"4\" style=\"padding-right: 5px\">\n            \n\n<div class=\"kksr-icon\" style=\"width: 24px; height: 24px;\"><\/div>\n        <\/div>\n            <div class=\"kksr-star\" data-star=\"5\" style=\"padding-right: 5px\">\n            \n\n<div class=\"kksr-icon\" style=\"width: 24px; height: 24px;\"><\/div>\n        <\/div>\n    <\/div>\n    \n<div class=\"kksr-stars-active\" style=\"width: 142.5px;\">\n            <div class=\"kksr-star\" style=\"padding-right: 5px\">\n            \n\n<div class=\"kksr-icon\" style=\"width: 24px; height: 24px;\"><\/div>\n        <\/div>\n            <div class=\"kksr-star\" style=\"padding-right: 5px\">\n            \n\n<div class=\"kksr-icon\" style=\"width: 24px; height: 24px;\"><\/div>\n        <\/div>\n            <div class=\"kksr-star\" style=\"padding-right: 5px\">\n            \n\n<div class=\"kksr-icon\" style=\"width: 24px; height: 24px;\"><\/div>\n        <\/div>\n            <div class=\"kksr-star\" style=\"padding-right: 5px\">\n            \n\n<div class=\"kksr-icon\" style=\"width: 24px; height: 24px;\"><\/div>\n        <\/div>\n            <div class=\"kksr-star\" style=\"padding-right: 5px\">\n            \n\n<div class=\"kksr-icon\" style=\"width: 24px; height: 24px;\"><\/div>\n        <\/div>\n    <\/div>\n<\/div>\n                \n\n<div class=\"kksr-legend\" style=\"font-size: 19.2px;\">\n            Kad\u0131k\u00f6y Marangoz Ustas\u0131 \u2b50 16 \u2b50    <\/div>\n    <\/div>\n","protected":false},"excerpt":{"rendered":"<p>G\u00f6ztepe Mobilya Montaj &#8211; Mobilya Montaj Telefon 0554 858 1312&#8221; \u0130stanbul Anadolu Yakas\u0131 Kad\u0131k\u00f6y G\u00f6ztepe Mahallesi Mobilya Dolap Montaj\u0131&#8221; alan\u0131nda deneyimli ve yetkin, tecr\u00fcbeli ve kalifiye bir ekibi m\u00fc\u015fterilerimizin hizmetine sunmay\u0131 se\u00e7tik yaln\u0131zca montaj kabiliyeti a\u00e7\u0131s\u0131ndan de\u011fil, ayn\u0131 zamanda her m\u00fc\u015fteriye garanti edilen tasar\u0131m ve montaj hizmeti a\u00e7\u0131s\u0131ndan da her m\u00fc\u015fteri i\u00e7in \u00f6l\u00e7\u00fcye g\u00f6re \u00fcretilen mobilyalar\u0131n montaj hizmetini de sunmaktay\u0131z Baz\u0131 durumlarda dikkatsiz montaj, kurulumun tamamlanmas\u0131n\u0131 imkans\u0131z hale getirirken , di\u011fer durumlarda en k\u00f6t\u00fc hasar genellikle bir s\u00fcre sonra fark edilir ve daha h\u0131zl\u0131 a\u015f\u0131nmaya, raflar\u0131n e\u011frilmesine neden olabilir hatta duvar \u00fcnitelerinin ayr\u0131lmas\u0131na a\u00e7\u0131kt\u0131r ki, mobilya montaj\u0131n\u0131n kalitesi esast\u0131r ve dikkat ve profesyonellik gerektirir. G\u00f6ztepe Mobilya Montaj G\u00f6ztepe Mobilya Dolap Montaj\u0131&#8221; Kaliteli mobilya montaj\u0131 ayn\u0131 zamanda estetikle ilgili sorunlardan ka\u00e7\u0131nman\u0131za da olanak tan\u0131r : dikkati da\u011f\u0131lm\u0131\u015f bir montajc\u0131, birle\u015ftirilecek \u00e7e\u015fitli par\u00e7alar\u0131 \u00e7izebilir veya ezebilir ve bu asla iyi bir ba\u015flang\u0131\u00e7 noktas\u0131 olmad\u0131\u011f\u0131 gibi, kalite ve m\u00fc\u015fteri memnuniyeti bizim i\u00e7in \u00e7ok \u00f6nemlidir. Ranza Montaj\u0131&#8221; \u00c7al\u0131\u015fma Masas\u0131 Montaj\u0131&#8221; Gen\u00e7 Odas\u0131 Dolap Montaj\u0131.&#8230; <a class=\"di-continue-reading\" href=\"https:\/\/www.onlinemarangoz.com.tr\/Kadikoy\/goztepe-mobilya-montaj\/\"> Continue Reading&#8230;<\/a><\/p>\n","protected":false},"author":1,"featured_media":0,"parent":0,"menu_order":4007,"comment_status":"closed","ping_status":"open","template":"","meta":{"_sitemap_exclude":false,"_sitemap_priority":"","_sitemap_frequency":"","footnotes":""},"categories":[38],"tags":[818,819,817,821,820,822],"class_list":["post-623","page","type-page","status-publish","hentry","category-goztepe-mahallesi-mobilya-tamir-montaj-servisi","tag-goztepe-mobilya-dolap-montaj","tag-goztepe-mobilya-gardirop-montaj","tag-goztepe-mobilya-montaj","tag-goztepe-mobilya-montaj-iletisim","tag-goztepe-mobilya-montaj-telefon","tag-goztepe-yatak-odasi-mobilya-dolap-montaj"],"_links":{"self":[{"href":"https:\/\/www.onlinemarangoz.com.tr\/Kadikoy\/wp-json\/wp\/v2\/pages\/623","targetHints":{"allow":["GET"]}}],"collection":[{"href":"https:\/\/www.onlinemarangoz.com.tr\/Kadikoy\/wp-json\/wp\/v2\/pages"}],"about":[{"href":"https:\/\/www.onlinemarangoz.com.tr\/Kadikoy\/wp-json\/wp\/v2\/types\/page"}],"author":[{"embeddable":true,"href":"https:\/\/www.onlinemarangoz.com.tr\/Kadikoy\/wp-json\/wp\/v2\/users\/1"}],"replies":[{"embeddable":true,"href":"https:\/\/www.onlinemarangoz.com.tr\/Kadikoy\/wp-json\/wp\/v2\/comments?post=623"}],"version-history":[{"count":0,"href":"https:\/\/www.onlinemarangoz.com.tr\/Kadikoy\/wp-json\/wp\/v2\/pages\/623\/revisions"}],"wp:attachment":[{"href":"https:\/\/www.onlinemarangoz.com.tr\/Kadikoy\/wp-json\/wp\/v2\/media?parent=623"}],"wp:term":[{"taxonomy":"category","embeddable":true,"href":"https:\/\/www.onlinemarangoz.com.tr\/Kadikoy\/wp-json\/wp\/v2\/categories?post=623"},{"taxonomy":"post_tag","embeddable":true,"href":"https:\/\/www.onlinemarangoz.com.tr\/Kadikoy\/wp-json\/wp\/v2\/tags?post=623"}],"curies":[{"name":"wp","href":"https:\/\/api.w.org\/{rel}","templated":true}]}}