{"id":65,"date":"2023-11-25T19:03:42","date_gmt":"2023-11-25T19:03:42","guid":{"rendered":"https:\/\/www.onlinemarangoz.com.tr\/Kadikoy\/?page_id=65"},"modified":"2023-11-25T20:55:23","modified_gmt":"2023-11-25T20:55:23","slug":"fikirtepe-marangoz","status":"publish","type":"page","link":"https:\/\/www.onlinemarangoz.com.tr\/Kadikoy\/fikirtepe-marangoz\/","title":{"rendered":"Fikirtepe Marangoz"},"content":{"rendered":"<p>Fikirtepe Marangoz&#8221; Marangoz Telefon&#8221; 0554 858 13 12&#8221; \u0130stanbul Anadolu Yakas\u0131 Kad\u0131k\u00f6y Fikirtepe Mahallesi yard\u0131m\u0131na m\u0131 ihtiyac\u0131n\u0131z var? Mobilya Tamiri, Mobilya Montaj, Sorununuzu \u00e7\u00f6zebilecek profesyonelleri buldunuz!<br \/>\nFikirtepe Marangoz&#8221; Ekibimiz size yard\u0131mc\u0131 olmas\u0131na izin verin<br \/>\nHer zaman \u201cDaha \u0130yi Ya\u015fam, Daha \u0130yi Fiyat\u201d anlay\u0131\u015f\u0131n\u0131 uyguluyoruz. M\u00fckemmel m\u00fc\u015fteri hizmeti 1 numaral\u0131 hedefimizdir. \u0130htiyac\u0131n\u0131z olmas\u0131 halinde Mobilya Tamir \u2013 Mobilya Montaj \u2013 Mobilya Onar\u0131m, hizmetimiz i\u00e7in &#8221;0554 858 1312&#8221; numaral\u0131 telefonu arayarak ula\u015fabilirsiniz.<\/p>\n<h2>Fikirtepe Marangoz<\/h2>\n<p><img fetchpriority=\"high\" decoding=\"async\" class=\"alignright wp-image-85 size-full\" title=\"Fikirtepe Marangoz\" src=\"https:\/\/www.onlinemarangoz.com.tr\/Kadikoy\/wp-content\/uploads\/Kadikoy-Fikirtepe-Mahallesi-Marangoz-Ustasi.jpg\" alt=\"Fikirtepe Marangoz\" width=\"500\" height=\"250\" srcset=\"https:\/\/www.onlinemarangoz.com.tr\/Kadikoy\/wp-content\/uploads\/Kadikoy-Fikirtepe-Mahallesi-Marangoz-Ustasi.jpg 500w, https:\/\/www.onlinemarangoz.com.tr\/Kadikoy\/wp-content\/uploads\/Kadikoy-Fikirtepe-Mahallesi-Marangoz-Ustasi-300x150.jpg 300w\" sizes=\"(max-width: 500px) 100vw, 500px\" \/>Fikirtepe Marangoz&#8221; Mobilya Tamiri&#8221; Mobilya Montaj\u0131&#8221; randevu ile eksiksiz ve h\u0131zl\u0131 mobilya tamir, mobilya montaj, mobilya onar\u0131m hizmeti, sunmaktay\u0131z. Ara\u00e7lar\u0131m\u0131zla m\u00fc\u015fterinin evine veya i\u015fyerine h\u0131zl\u0131 bir \u015fekilde ula\u015f\u0131p mobilya tamiri, mobilya montaj\u0131, mobilya onar\u0131m\u0131n\u0131 ger\u00e7ekle\u015ftiriyoruz. Fikirtepe Mobilya Tamiri&#8221; hizmettimizde m\u00fc\u015fterilerin ihtiya\u00e7lar\u0131n\u0131 ve kullanm\u0131\u015f olduklar\u0131 mobilyalar\u0131n i\u00e7in ne kadar vazge\u00e7ilmez oldu\u011funu \u00e7ok iyi bilerek, evdeki t\u00fcm k\u0131r\u0131k ar\u0131zal\u0131 mobilyalar\u0131 tamir ihtiya\u00e7lar\u0131 kar\u015f\u0131lamak amac\u0131yla Kad\u0131k\u00f6y b\u00f6lgesinde en iyi kalitede mobilya tamir, mobilya montaj, mobilya onar\u0131m, rekabet\u00e7i fiyatlarla yap\u0131yoruz<\/p>\n<p><strong>Fikirtepe Marangoz<\/strong>&#8221; Mobilya Tamir \u2013 Mobilya Montaj \u2013 Mobilya Onar\u0131m, Marangoz&#8221; ihtiyac\u0131n\u0131z olursa bize bu &#8221;0554 858 1312&#8221; numaradan ula\u015fabilirsiniz.<\/p>\n<table style=\"border-collapse: collapse; width: 100%;\">\n<tbody>\n<tr>\n<td>\n<h4 style=\"text-align: center;\">Fikirtepe Marangoz Tamirci Ustas\u0131<\/h4>\n<\/td>\n<td>\n<h5 style=\"text-align: center;\">Fikirtepe Marangoz Mobilya Ustas\u0131<\/h5>\n<\/td>\n<td style=\"width: 33.3333%;\">\n<h6 style=\"text-align: center;\">Fikirtepe Marangoz Ustas\u0131 Arayanlar<\/h6>\n<\/td>\n<\/tr>\n<tr>\n<td style=\"width: 33.3333%;\"><img decoding=\"async\" class=\"aligncenter wp-image-28 size-full\" style=\"letter-spacing: 0.5px; word-spacing: 0.5px;\" src=\"https:\/\/www.onlinemarangoz.com.tr\/Kadikoy\/wp-content\/uploads\/Kadikoy-Mobilya-Tamirci-Usta-Servisi.jpg\" alt=\"\" width=\"300\" height=\"300\" srcset=\"https:\/\/www.onlinemarangoz.com.tr\/Kadikoy\/wp-content\/uploads\/Kadikoy-Mobilya-Tamirci-Usta-Servisi.jpg 300w, https:\/\/www.onlinemarangoz.com.tr\/Kadikoy\/wp-content\/uploads\/Kadikoy-Mobilya-Tamirci-Usta-Servisi-150x150.jpg 150w, https:\/\/www.onlinemarangoz.com.tr\/Kadikoy\/wp-content\/uploads\/Kadikoy-Mobilya-Tamirci-Usta-Servisi-90x90.jpg 90w\" sizes=\"(max-width: 300px) 100vw, 300px\" \/><\/td>\n<td style=\"width: 33.3333%;\"><img decoding=\"async\" class=\"alignnone size-full wp-image-30\" style=\"letter-spacing: 0.5px; word-spacing: 0.5px;\" src=\"https:\/\/www.onlinemarangoz.com.tr\/Kadikoy\/wp-content\/uploads\/Kadikoy-Marangoz-Mobilya-Tamirci-Usta-Servisi.jpg\" alt=\"\" width=\"300\" height=\"300\" srcset=\"https:\/\/www.onlinemarangoz.com.tr\/Kadikoy\/wp-content\/uploads\/Kadikoy-Marangoz-Mobilya-Tamirci-Usta-Servisi.jpg 300w, https:\/\/www.onlinemarangoz.com.tr\/Kadikoy\/wp-content\/uploads\/Kadikoy-Marangoz-Mobilya-Tamirci-Usta-Servisi-150x150.jpg 150w, https:\/\/www.onlinemarangoz.com.tr\/Kadikoy\/wp-content\/uploads\/Kadikoy-Marangoz-Mobilya-Tamirci-Usta-Servisi-90x90.jpg 90w\" sizes=\"(max-width: 300px) 100vw, 300px\" \/><\/td>\n<td style=\"width: 33.3333%;\"><img loading=\"lazy\" decoding=\"async\" class=\"aligncenter wp-image-27 size-full\" style=\"letter-spacing: 0.5px; word-spacing: 0.5px;\" src=\"https:\/\/www.onlinemarangoz.com.tr\/Kadikoy\/wp-content\/uploads\/Kadikoy-Mobilya-Tamir-Usta-Servisi.jpg\" alt=\"\" width=\"300\" height=\"300\" srcset=\"https:\/\/www.onlinemarangoz.com.tr\/Kadikoy\/wp-content\/uploads\/Kadikoy-Mobilya-Tamir-Usta-Servisi.jpg 300w, https:\/\/www.onlinemarangoz.com.tr\/Kadikoy\/wp-content\/uploads\/Kadikoy-Mobilya-Tamir-Usta-Servisi-150x150.jpg 150w, https:\/\/www.onlinemarangoz.com.tr\/Kadikoy\/wp-content\/uploads\/Kadikoy-Mobilya-Tamir-Usta-Servisi-90x90.jpg 90w\" sizes=\"(max-width: 300px) 100vw, 300px\" \/><\/td>\n<\/tr>\n<\/tbody>\n<\/table>\n<h3 align=\"CENTER\">Fikirtepe Marangoz Servisi<\/h3>\n<p>Fikirtepe Marangoz Servisi&#8221; Mobilya Tamiri&#8221; Garanti kapsam\u0131 d\u0131\u015f\u0131nda kalan ar\u0131zal\u0131 k\u0131r\u0131k mobilyalar\u0131nz i\u00e7in mobilya tamir, mobilya montaj servisi, mi ar\u0131yorsunuz en iyi mobilya markalar\u0131n\u0131 orijinal yedek par\u00e7alar\u0131yla her t\u00fcrl\u00fc mobilya tamiri, mobilya onar\u0131m\u0131n\u0131, ger\u00e7ekle\u015ftiriyoruz. Mobilya Tamiri&#8221; Hizmetlerimizden yararlanmak veya kapsaml\u0131 \u00e7\u00f6z\u00fcmlerimiz hakk\u0131nda daha fazla bilgi edinmek i\u00e7in l\u00fctfen &#8221;<strong><a href=\"https:\/\/www.onlinemarangoz.com.tr\/Kadikoy\/\" target=\"_blank\" rel=\"noopener\">Fikirtepe Marangoz Servisi<\/a><\/strong>&#8221; Dolap Kapak Mente\u015fe Tamiri, Dolap \u00c7ekmece Ray Tamiri, Sandalye Tamiri, Ray Dolap Tamiri, K\u0131r\u0131k Mobilya Kap\u0131 Tamiri, S\u00fcrg\u00fc Kap\u0131 Tamiri, Mobilya Tamir \u2013 Mobilya Montaj \u2013 Mobilya Onar\u0131m, hizmetimiz i\u00e7in &#8221;0554 858 1312&#8221; numaral\u0131 telefonu arayarak \u0130sterseniz bizimle ileti\u015fime ge\u00e7ebilirsiniz.<\/p>\n<table style=\"border-collapse: collapse; width: 100%;\">\n<tbody>\n<tr>\n<td>\n<h4 style=\"text-align: center;\" align=\"CENTER\">Fikirtepe Marangoz Hizmeti<\/h4>\n<p style=\"text-align: center;\">Fikirtepe Marangoz Hizmeti&#8221; Mobilya Tamiri&#8221; Garanti kapsam\u0131 d\u0131\u015f\u0131nda kalan ar\u0131zal\u0131 k\u0131r\u0131k mobilyalar\u0131nz i\u00e7in mobilya tamir, mobilya montaj servisi mi ar\u0131yorsunuz kad\u0131k\u00f6y&#8217; de faaliyet g\u00f6steriyoruz ve en iyi mobilya markalar\u0131n\u0131 orijinal yedek par\u00e7alar\u0131yla her t\u00fcrl\u00fc mobilya tamiri, mobilya onar\u0131m\u0131n\u0131, ger\u00e7ekle\u015ftiriyoruz.<\/p>\n<\/td>\n<td style=\"width: 50%;\">\n<h5 style=\"text-align: center;\">Fikirtepe Marangoz At\u00f6lyesi<\/h5>\n<p style=\"text-align: center;\">Fikirtepe Marangoz At\u00f6lyesi&#8221; Hizmetlerimizden yararlanmak veya kapsaml\u0131 \u00e7\u00f6z\u00fcmlerimiz hakk\u0131nda daha fazla bilgi edinmek i\u00e7in l\u00fctfen bizi 0554 858 1312&#8221; numaral\u0131 telefondan aray\u0131n. Tekliflerimizden yararlan\u0131n ve \u00fcst\u00fcn, mobilya tamiri, mobilya montaj, hizmetini deneyimleyin Size hizmet etmek i\u00e7in sab\u0131rs\u0131zlan\u0131yoruz!<\/p>\n<\/td>\n<\/tr>\n<\/tbody>\n<\/table>\n<p align=\"CENTER\">Fikirtepe Marangoz Hizmeti&#8221; Mobilya Tamir hizmetimiz, resmi tatiller hari\u00e7 hafta i\u00e7i 09:00 &#8211; 20:00 saatleri aras\u0131nda mevcuttur. Bizi &#8221;0554 858 1312&#8221; numaral\u0131 telefonla &#8221;<span style=\"color: #ff0000;\"><a style=\"color: #ff0000;\" href=\"https:\/\/www.mobilyatamirci.com\/kadikoy-marangoz\/\" target=\"_blank\" rel=\"noopener\"><strong>Fikirtepe Marangoz Hizmeti<\/strong><\/a><\/span>&#8221; destek ekibimizle ileti\u015fime ge\u00e7ebilirsiniz.<\/p>\n<p><marquee direction=\"Left\" scrollamount=\"5\" width:\"30\" height=\"30\" onMouseOver=\"this.stop()\" onMouseOut=\"this.start()\">MARANGOZ | <strong><a href=\"https:\/\/www.onlinemarangoz.com.tr\/Kadikoy\/tag\/fikirtepe-marangoz\/\" target=\"_blank\" rel=\"noopener\">Fikirtepe Marangoz<\/a><\/strong> | Mobilya Tamiri | <span style=\"color: #ff0000;\"><strong><a style=\"color: #ff0000;\" href=\"https:\/\/www.onlinemarangoz.com.tr\/Kadikoy\/tag\/marangoz-fikirtepe\/\" target=\"_blank\" rel=\"noopener\">Fikirtepe Marangoz<\/a><\/strong><\/span> | Mobilya Tamircisi | <strong><a href=\"https:\/\/www.onlinemarangoz.com.tr\/Kadikoy\/tag\/fikirtepe-marangoz-servisi\/\" target=\"_blank\" rel=\"noopener\">Fikirtepe Marangoz Servisi<\/a><\/strong> | Mobilyac\u0131 | <span style=\"color: #ff0000;\"><strong><a style=\"color: #ff0000;\" href=\"https:\/\/www.onlinemarangoz.com.tr\/Kadikoy\/tag\/fikirtepe-marangoz-hizmeti\/\" target=\"_blank\" rel=\"noopener\">Fikirtepe Marangoz Hizmeti<\/a><\/strong><\/span> | Mobilya Ustas\u0131 | <span style=\"color: #0000ff;\"><strong><a style=\"color: #0000ff;\" href=\"https:\/\/www.onlinemarangoz.com.tr\/Kadikoy\/tag\/fikirtepe-marangoz-atolyesi\/\" target=\"_blank\" rel=\"noopener\">Fikirtepe Marangoz At\u00f6lyesi<\/a><\/strong><\/span> | Mobilya Tamir Ustas\u0131 | <span style=\"color: #ff0000;\"><strong><a style=\"color: #ff0000;\" href=\"https:\/\/www.onlinemarangoz.com.tr\/Kadikoy\/tag\/fikirtepe-marangoz-mobilya-ustasi\/\" target=\"_blank\" rel=\"noopener\">Fikirtepe Marangoz Mobilya Ustas\u0131<\/a> <\/strong><\/span>| Mobilya Montaj Ustas\u0131 | <span style=\"color: #3366ff;\"><strong><a style=\"color: #3366ff;\" href=\"https:\/\/www.onlinemarangoz.com.tr\/Kadikoy\/tag\/fikirtepe-marangoz-ustasi-arayanlar\/\" target=\"_blank\" rel=\"noopener\">Fikirtepe Marangoz Ustas\u0131 Arayanlar<\/a><\/strong><\/span> | K\u0131r\u0131k Kap\u0131 Tamiri | Tezcan Usta 0554 858 1312 | <\/marquee><\/p>\n\n\n<div class=\"kk-star-ratings kksr-auto kksr-align-left kksr-valign-bottom\"\n    data-payload='{&quot;align&quot;:&quot;left&quot;,&quot;id&quot;:&quot;65&quot;,&quot;slug&quot;:&quot;default&quot;,&quot;valign&quot;:&quot;bottom&quot;,&quot;ignore&quot;:&quot;&quot;,&quot;reference&quot;:&quot;auto&quot;,&quot;class&quot;:&quot;&quot;,&quot;count&quot;:&quot;6&quot;,&quot;legendonly&quot;:&quot;&quot;,&quot;readonly&quot;:&quot;&quot;,&quot;score&quot;:&quot;5&quot;,&quot;starsonly&quot;:&quot;&quot;,&quot;best&quot;:&quot;5&quot;,&quot;gap&quot;:&quot;5&quot;,&quot;greet&quot;:&quot;Kad\u0131k\u00f6y Marangoz \u2705&quot;,&quot;legend&quot;:&quot;Kad\u0131k\u00f6y Marangoz Ustas\u0131 \u2b50 6 \u2b50&quot;,&quot;size&quot;:&quot;24&quot;,&quot;title&quot;:&quot;Fikirtepe Marangoz&quot;,&quot;width&quot;:&quot;142.5&quot;,&quot;_legend&quot;:&quot;Kad\u0131k\u00f6y Marangoz Ustas\u0131 \u2b50 {count} \u2b50&quot;,&quot;font_factor&quot;:&quot;1.25&quot;}'>\n            \n<div class=\"kksr-stars\">\n    \n<div class=\"kksr-stars-inactive\">\n            <div class=\"kksr-star\" data-star=\"1\" style=\"padding-right: 5px\">\n            \n\n<div class=\"kksr-icon\" style=\"width: 24px; height: 24px;\"><\/div>\n        <\/div>\n            <div class=\"kksr-star\" data-star=\"2\" style=\"padding-right: 5px\">\n            \n\n<div class=\"kksr-icon\" style=\"width: 24px; height: 24px;\"><\/div>\n        <\/div>\n            <div class=\"kksr-star\" data-star=\"3\" style=\"padding-right: 5px\">\n            \n\n<div class=\"kksr-icon\" style=\"width: 24px; height: 24px;\"><\/div>\n        <\/div>\n            <div class=\"kksr-star\" data-star=\"4\" style=\"padding-right: 5px\">\n            \n\n<div class=\"kksr-icon\" style=\"width: 24px; height: 24px;\"><\/div>\n        <\/div>\n            <div class=\"kksr-star\" data-star=\"5\" style=\"padding-right: 5px\">\n            \n\n<div class=\"kksr-icon\" style=\"width: 24px; height: 24px;\"><\/div>\n        <\/div>\n    <\/div>\n    \n<div class=\"kksr-stars-active\" style=\"width: 142.5px;\">\n            <div class=\"kksr-star\" style=\"padding-right: 5px\">\n            \n\n<div class=\"kksr-icon\" style=\"width: 24px; height: 24px;\"><\/div>\n        <\/div>\n            <div class=\"kksr-star\" style=\"padding-right: 5px\">\n            \n\n<div class=\"kksr-icon\" style=\"width: 24px; height: 24px;\"><\/div>\n        <\/div>\n            <div class=\"kksr-star\" style=\"padding-right: 5px\">\n            \n\n<div class=\"kksr-icon\" style=\"width: 24px; height: 24px;\"><\/div>\n        <\/div>\n            <div class=\"kksr-star\" style=\"padding-right: 5px\">\n            \n\n<div class=\"kksr-icon\" style=\"width: 24px; height: 24px;\"><\/div>\n        <\/div>\n            <div class=\"kksr-star\" style=\"padding-right: 5px\">\n            \n\n<div class=\"kksr-icon\" style=\"width: 24px; height: 24px;\"><\/div>\n        <\/div>\n    <\/div>\n<\/div>\n                \n\n<div class=\"kksr-legend\" style=\"font-size: 19.2px;\">\n            Kad\u0131k\u00f6y Marangoz Ustas\u0131 \u2b50 6 \u2b50    <\/div>\n    <\/div>\n","protected":false},"excerpt":{"rendered":"<p>Fikirtepe Marangoz&#8221; Marangoz Telefon&#8221; 0554 858 13 12&#8221; \u0130stanbul Anadolu Yakas\u0131 Kad\u0131k\u00f6y Fikirtepe Mahallesi yard\u0131m\u0131na m\u0131 ihtiyac\u0131n\u0131z var? Mobilya Tamiri, Mobilya Montaj, Sorununuzu \u00e7\u00f6zebilecek profesyonelleri buldunuz! Fikirtepe Marangoz&#8221; Ekibimiz size yard\u0131mc\u0131 olmas\u0131na izin verin Her zaman \u201cDaha \u0130yi Ya\u015fam, Daha \u0130yi Fiyat\u201d anlay\u0131\u015f\u0131n\u0131 uyguluyoruz. M\u00fckemmel m\u00fc\u015fteri hizmeti 1 numaral\u0131 hedefimizdir. \u0130htiyac\u0131n\u0131z olmas\u0131 halinde Mobilya Tamir \u2013 Mobilya Montaj \u2013 Mobilya Onar\u0131m, hizmetimiz i\u00e7in &#8221;0554 858 1312&#8221; numaral\u0131 telefonu arayarak ula\u015fabilirsiniz. Fikirtepe Marangoz Fikirtepe Marangoz&#8221; Mobilya Tamiri&#8221; Mobilya Montaj\u0131&#8221; randevu ile eksiksiz ve h\u0131zl\u0131 mobilya tamir, mobilya montaj, mobilya onar\u0131m hizmeti, sunmaktay\u0131z. Ara\u00e7lar\u0131m\u0131zla m\u00fc\u015fterinin evine veya i\u015fyerine h\u0131zl\u0131 bir \u015fekilde ula\u015f\u0131p mobilya tamiri, mobilya montaj\u0131, mobilya onar\u0131m\u0131n\u0131 ger\u00e7ekle\u015ftiriyoruz. Fikirtepe Mobilya Tamiri&#8221; hizmettimizde m\u00fc\u015fterilerin ihtiya\u00e7lar\u0131n\u0131 ve kullanm\u0131\u015f olduklar\u0131 mobilyalar\u0131n i\u00e7in ne kadar vazge\u00e7ilmez oldu\u011funu \u00e7ok iyi bilerek, evdeki t\u00fcm k\u0131r\u0131k ar\u0131zal\u0131 mobilyalar\u0131 tamir ihtiya\u00e7lar\u0131 kar\u015f\u0131lamak amac\u0131yla Kad\u0131k\u00f6y b\u00f6lgesinde en iyi kalitede mobilya tamir, mobilya montaj, mobilya onar\u0131m, rekabet\u00e7i fiyatlarla yap\u0131yoruz Fikirtepe Marangoz&#8221; Mobilya Tamir \u2013 Mobilya Montaj \u2013 Mobilya Onar\u0131m, Marangoz&#8221; ihtiyac\u0131n\u0131z&#8230; <a class=\"di-continue-reading\" href=\"https:\/\/www.onlinemarangoz.com.tr\/Kadikoy\/fikirtepe-marangoz\/\"> Continue Reading&#8230;<\/a><\/p>\n","protected":false},"author":1,"featured_media":0,"parent":0,"menu_order":105,"comment_status":"closed","ping_status":"closed","template":"","meta":{"_sitemap_exclude":false,"_sitemap_priority":"","_sitemap_frequency":"","footnotes":""},"categories":[47],"tags":[48,51,50,49,52,54,118],"class_list":["post-65","page","type-page","status-publish","hentry","category-fikirtepe-mahallesi-mobilya-tamir-montaj-servisi","tag-fikirtepe-marangoz","tag-fikirtepe-marangoz-atolyesi","tag-fikirtepe-marangoz-hizmeti","tag-fikirtepe-marangoz-servisi","tag-fikirtepe-marangoz-tamirci-ustasi","tag-fikirtepe-marangoz-ustasi-arayanlar","tag-marangoz-fikirtepe"],"_links":{"self":[{"href":"https:\/\/www.onlinemarangoz.com.tr\/Kadikoy\/wp-json\/wp\/v2\/pages\/65","targetHints":{"allow":["GET"]}}],"collection":[{"href":"https:\/\/www.onlinemarangoz.com.tr\/Kadikoy\/wp-json\/wp\/v2\/pages"}],"about":[{"href":"https:\/\/www.onlinemarangoz.com.tr\/Kadikoy\/wp-json\/wp\/v2\/types\/page"}],"author":[{"embeddable":true,"href":"https:\/\/www.onlinemarangoz.com.tr\/Kadikoy\/wp-json\/wp\/v2\/users\/1"}],"replies":[{"embeddable":true,"href":"https:\/\/www.onlinemarangoz.com.tr\/Kadikoy\/wp-json\/wp\/v2\/comments?post=65"}],"version-history":[{"count":0,"href":"https:\/\/www.onlinemarangoz.com.tr\/Kadikoy\/wp-json\/wp\/v2\/pages\/65\/revisions"}],"wp:attachment":[{"href":"https:\/\/www.onlinemarangoz.com.tr\/Kadikoy\/wp-json\/wp\/v2\/media?parent=65"}],"wp:term":[{"taxonomy":"category","embeddable":true,"href":"https:\/\/www.onlinemarangoz.com.tr\/Kadikoy\/wp-json\/wp\/v2\/categories?post=65"},{"taxonomy":"post_tag","embeddable":true,"href":"https:\/\/www.onlinemarangoz.com.tr\/Kadikoy\/wp-json\/wp\/v2\/tags?post=65"}],"curies":[{"name":"wp","href":"https:\/\/api.w.org\/{rel}","templated":true}]}}