{"id":684,"date":"2024-02-10T20:15:30","date_gmt":"2024-02-10T20:15:30","guid":{"rendered":"https:\/\/www.onlinemarangoz.com.tr\/Kadikoy\/?page_id=684"},"modified":"2024-02-10T20:15:30","modified_gmt":"2024-02-10T20:15:30","slug":"kozyatagi-mobilya-montaj-ustasi-telefon","status":"publish","type":"page","link":"https:\/\/www.onlinemarangoz.com.tr\/Kadikoy\/kozyatagi-mobilya-montaj-ustasi-telefon\/","title":{"rendered":"Kozyatag\u0131 Mobilya Montaj Ustas\u0131 Telefon"},"content":{"rendered":"<p>Kozyatag\u0131 Mobilya Montaj Ustas\u0131 Telefon&#8221; Amac\u0131m\u0131z, mobilyan\u0131z\u0131 veya di\u011fer de\u011ferli e\u015fyalar\u0131n\u0131z\u0131 Mobilya Montaj, yard\u0131mc\u0131 olman\u0131n bir par\u00e7as\u0131 olmak. hizmet ihtiyac\u0131n\u0131z\u0131 ele alal\u0131m veya Mobilya Montaj servisimizle sizinle ilgilenelim. S\u00f6ylememek gerekirse, Mobilya Montaj Ustas\u0131, bir se\u00e7im oldu\u011funu bilerek kendinizi iyi hissedebilirsiniz. Mobilya Montaj Ustas\u0131, olarak, t\u00fcm Mobilya Montaj ihtiya\u00e7lar\u0131n\u0131z\u0131 dikkate al\u0131yoruz. Kozyatag\u0131 Mobilya Montaj Ustas\u0131 Telefon&#8221; bizi arayarak yard\u0131m isteyebilirsiniz. Mobilya Montaj Ustas\u0131, ihtiya\u00e7lar\u0131n\u0131zda hi\u00e7bir yer olmad\u0131\u011f\u0131 i\u00e7in kendinizi huzursuz hissetti\u011finiz g\u00fcnler geride kald\u0131. Dolap gibi b\u00fcy\u00fck e\u015fyalar\u0131n\u0131z\u0131 kolay montaj\u0131 i\u00e7in s\u00f6kmeniz gerekti\u011finde Kozyatag\u0131 Mobilya Montaj Ustas\u0131&#8221; her i\u015flemi sizin i\u00e7in kolayla\u015ft\u0131rmak i\u00e7in yan\u0131n\u0131zda. Mobilyan\u0131z\u0131n Montaj, edilmesini istedi\u011finiz gard\u0131rop tipi ne olursa olsun size hizmet vermekten ve t\u00fcm ihtiya\u00e7lar\u0131n\u0131z\u0131 kar\u015f\u0131lamaktan mutluluk duyuyoruz ve neden giderek daha fazla insan\u0131n Mobilya Montaj Ustas\u0131 gard\u0131rop s\u00f6kme hizmetlerimize g\u00fcvendi\u011fini size g\u00f6stermekten mutluluk duyuyoruz.<\/p>\n<figure id=\"attachment_642\" aria-describedby=\"caption-attachment-642\" style=\"width: 500px\" class=\"wp-caption alignright\"><img fetchpriority=\"high\" decoding=\"async\" class=\"size-full wp-image-642\" src=\"https:\/\/www.onlinemarangoz.com.tr\/Kadikoy\/wp-content\/uploads\/Kadikoy-Kozyatagi-Mahallesi-Mobilya-Montaj-Servisi.jpg\" alt=\"Kozyatag\u0131 Mobilya Montaj\" width=\"500\" height=\"250\" srcset=\"https:\/\/www.onlinemarangoz.com.tr\/Kadikoy\/wp-content\/uploads\/Kadikoy-Kozyatagi-Mahallesi-Mobilya-Montaj-Servisi.jpg 500w, https:\/\/www.onlinemarangoz.com.tr\/Kadikoy\/wp-content\/uploads\/Kadikoy-Kozyatagi-Mahallesi-Mobilya-Montaj-Servisi-300x150.jpg 300w\" sizes=\"(max-width: 500px) 100vw, 500px\" \/><figcaption id=\"caption-attachment-642\" class=\"wp-caption-text\">Kozyatag\u0131 Mobilya Montaj<\/figcaption><\/figure>\n<h2>Kozyatag\u0131 Mobilya Montaj Ustas\u0131 Telefon<\/h2>\n<p>Pazartesi&#8217;den \u00c7umartesi&#8217; ne&#8217; Sabah 09: 00 \u2013 Ak\u015fam 20: 00 ve Cumartesi sabah 09:0 0 \u2013 19: 00 saatleri aras\u0131nda &#8221;Mobilya Montaj Ustas\u0131&#8221; Tv \u00dcnitesi Montaj&#8221; Mobilya Dolap Montaj&#8221; Mobilya Gardolap Montaj&#8221; Yatak Odas\u0131 Dolap Montaj&#8221;\u00a0<span style=\"color: #ff0000;\"><a style=\"color: #ff0000;\" href=\"https:\/\/www.onlinemarangoz.com.tr\/Kadikoy\/kadikoy-mobilya-montaj-ustasi-telefon\/\" target=\"_blank\" rel=\"noopener\"><strong>Kozyatag\u0131 Mobilya Montaj Ustas\u0131 Telefon<\/strong><\/a><\/span>\u00a0&#8221;0554 858 1312&#8221; numaral\u0131 telefondan bize ula\u015fabilir WhatsApp arac\u0131l\u0131\u011f\u0131yla do\u011frudan mesaj g\u00f6nderebilirsiniz. size zaman\u0131nda ve dakik bir, Mobilya Montaj Ustas\u0131, hizmeti sunabiliriz.<\/p>\n<table style=\"border-collapse: collapse; width: 100%;\">\n<tbody>\n<tr>\n<td style=\"width: 33.3333%;\">\n<h4 style=\"text-align: center;\">Kozyatag\u0131 Mobilya Dolap Montaj Ustas\u0131 Telefon<\/h4>\n<\/td>\n<td style=\"width: 33.3333%;\">\n<h5 style=\"text-align: center;\"><span style=\"font-size: 15px; letter-spacing: 0.5px; word-spacing: 0.5px;\">Kozyatag\u0131 Mobilya Gardolap Montaj Ustas\u0131 Telefon<\/span><\/h5>\n<\/td>\n<td style=\"width: 33.3333%;\">\n<h6 style=\"text-align: center;\"><span style=\"font-size: 15px; letter-spacing: 0.5px; word-spacing: 0.5px;\">Kozyatag\u0131 Yatak Odas\u0131 Dolap Montaj Ustas\u0131 Telefon<\/span><\/h6>\n<\/td>\n<\/tr>\n<\/tbody>\n<\/table>\n<p style=\"text-align: center;\">DAHA FAZLA DESTE\u011eE M\u0130 \u0130HT\u0130YACINIZ VAR? B\u0130ZE ULA\u015eIN<br \/>\nSorununuzu \u00e7\u00f6zemediyseniz l\u00fctfen bizimle &#8221;Kozyatag\u0131 Mobilya Montaj Ustas\u0131 Telefon&#8221; ileti\u015fime ge\u00e7in. size yard\u0131mc\u0131 olmaktan mutluluk duyar\u0131z.<\/p>\n<table style=\"border-collapse: collapse; width: 100%;\">\n<tbody>\n<tr>\n<td style=\"width: 33.3333%;\">\n<ul>\n<li><em style=\"font-size: 15px; letter-spacing: 0.5px; text-align: center; word-spacing: 0.5px;\"><strong>Mod\u00fcler Mobilya Montaj.<\/strong><\/em><\/li>\n<li><em style=\"font-size: 15px; letter-spacing: 0.5px; text-align: center; word-spacing: 0.5px;\"><strong>Kozyatag\u0131\u00a0Mobilya Montaj Ustas\u0131 Telefon.<\/strong><\/em><\/li>\n<li><em style=\"font-size: 15px; letter-spacing: 0.5px; text-align: center; word-spacing: 0.5px;\"><strong>Demonte Gard\u0131rop Montaj\u0131. Mobilya Dolap Montaj\u0131.<\/strong><\/em><\/li>\n<li><em style=\"text-align: center;\"><strong>Kozyatag\u0131\u00a0Mobilya Gardolap Montaj Ustas\u0131 Telefon.<\/strong><\/em><\/li>\n<\/ul>\n<\/td>\n<td style=\"width: 33.3333%;\">\n<ul>\n<li><em style=\"font-size: 15px; letter-spacing: 0.5px; text-align: center; word-spacing: 0.5px;\"><strong>Demonte Rayl\u0131 Gardrop Montaj\u0131.<\/strong><\/em><\/li>\n<li><em style=\"font-size: 15px; letter-spacing: 0.5px; text-align: center; word-spacing: 0.5px;\"><strong>Kozyatag\u0131 Tv \u00dcnitesi Montaj Ustas\u0131 Telefon.<\/strong><\/em><\/li>\n<li><em style=\"font-size: 15px; letter-spacing: 0.5px; text-align: center; word-spacing: 0.5px;\"><strong>Kozyatag\u0131 Yatak Odas\u0131 Dolap Montaj Ustas\u0131 Telefon.<\/strong><\/em><\/li>\n<\/ul>\n<\/td>\n<td style=\"width: 33.3333%;\">\n<ul>\n<li><em style=\"text-align: center;\"><strong>Mod\u00fcler Gard\u0131rop Montaj Ustas\u0131.<\/strong><\/em><\/li>\n<li><em style=\"font-size: 15px; letter-spacing: 0.5px; text-align: center; word-spacing: 0.5px;\"><strong>Demonte Rayl\u0131 Gardrop Montaj Ustas\u0131.<\/strong><\/em><\/li>\n<li><em style=\"font-size: 15px; letter-spacing: 0.5px; text-align: center; word-spacing: 0.5px;\"><strong>Kozyatag\u0131\u00a0Mobilya Dolap Montaj Ustas\u0131 Telefon.<\/strong><\/em><\/li>\n<\/ul>\n<\/td>\n<\/tr>\n<\/tbody>\n<\/table>\n\n\n<div class=\"kk-star-ratings kksr-auto kksr-align-left kksr-valign-bottom\"\n    data-payload='{&quot;align&quot;:&quot;left&quot;,&quot;id&quot;:&quot;684&quot;,&quot;slug&quot;:&quot;default&quot;,&quot;valign&quot;:&quot;bottom&quot;,&quot;ignore&quot;:&quot;&quot;,&quot;reference&quot;:&quot;auto&quot;,&quot;class&quot;:&quot;&quot;,&quot;count&quot;:&quot;4&quot;,&quot;legendonly&quot;:&quot;&quot;,&quot;readonly&quot;:&quot;&quot;,&quot;score&quot;:&quot;5&quot;,&quot;starsonly&quot;:&quot;&quot;,&quot;best&quot;:&quot;5&quot;,&quot;gap&quot;:&quot;5&quot;,&quot;greet&quot;:&quot;Kad\u0131k\u00f6y Marangoz \u2705&quot;,&quot;legend&quot;:&quot;Kad\u0131k\u00f6y Marangoz Ustas\u0131 \u2b50 4 \u2b50&quot;,&quot;size&quot;:&quot;24&quot;,&quot;title&quot;:&quot;Kozyatag\u0131 Mobilya Montaj Ustas\u0131 Telefon&quot;,&quot;width&quot;:&quot;142.5&quot;,&quot;_legend&quot;:&quot;Kad\u0131k\u00f6y Marangoz Ustas\u0131 \u2b50 {count} \u2b50&quot;,&quot;font_factor&quot;:&quot;1.25&quot;}'>\n            \n<div class=\"kksr-stars\">\n    \n<div class=\"kksr-stars-inactive\">\n            <div class=\"kksr-star\" data-star=\"1\" style=\"padding-right: 5px\">\n            \n\n<div class=\"kksr-icon\" style=\"width: 24px; height: 24px;\"><\/div>\n        <\/div>\n            <div class=\"kksr-star\" data-star=\"2\" style=\"padding-right: 5px\">\n            \n\n<div class=\"kksr-icon\" style=\"width: 24px; height: 24px;\"><\/div>\n        <\/div>\n            <div class=\"kksr-star\" data-star=\"3\" style=\"padding-right: 5px\">\n            \n\n<div class=\"kksr-icon\" style=\"width: 24px; height: 24px;\"><\/div>\n        <\/div>\n            <div class=\"kksr-star\" data-star=\"4\" style=\"padding-right: 5px\">\n            \n\n<div class=\"kksr-icon\" style=\"width: 24px; height: 24px;\"><\/div>\n        <\/div>\n            <div class=\"kksr-star\" data-star=\"5\" style=\"padding-right: 5px\">\n            \n\n<div class=\"kksr-icon\" style=\"width: 24px; height: 24px;\"><\/div>\n        <\/div>\n    <\/div>\n    \n<div class=\"kksr-stars-active\" style=\"width: 142.5px;\">\n            <div class=\"kksr-star\" style=\"padding-right: 5px\">\n            \n\n<div class=\"kksr-icon\" style=\"width: 24px; height: 24px;\"><\/div>\n        <\/div>\n            <div class=\"kksr-star\" style=\"padding-right: 5px\">\n            \n\n<div class=\"kksr-icon\" style=\"width: 24px; height: 24px;\"><\/div>\n        <\/div>\n            <div class=\"kksr-star\" style=\"padding-right: 5px\">\n            \n\n<div class=\"kksr-icon\" style=\"width: 24px; height: 24px;\"><\/div>\n        <\/div>\n            <div class=\"kksr-star\" style=\"padding-right: 5px\">\n            \n\n<div class=\"kksr-icon\" style=\"width: 24px; height: 24px;\"><\/div>\n        <\/div>\n            <div class=\"kksr-star\" style=\"padding-right: 5px\">\n            \n\n<div class=\"kksr-icon\" style=\"width: 24px; height: 24px;\"><\/div>\n        <\/div>\n    <\/div>\n<\/div>\n                \n\n<div class=\"kksr-legend\" style=\"font-size: 19.2px;\">\n            Kad\u0131k\u00f6y Marangoz Ustas\u0131 \u2b50 4 \u2b50    <\/div>\n    <\/div>\n","protected":false},"excerpt":{"rendered":"<p>Kozyatag\u0131 Mobilya Montaj Ustas\u0131 Telefon&#8221; Amac\u0131m\u0131z, mobilyan\u0131z\u0131 veya di\u011fer de\u011ferli e\u015fyalar\u0131n\u0131z\u0131 Mobilya Montaj, yard\u0131mc\u0131 olman\u0131n bir par\u00e7as\u0131 olmak. hizmet ihtiyac\u0131n\u0131z\u0131 ele alal\u0131m veya Mobilya Montaj servisimizle sizinle ilgilenelim. S\u00f6ylememek gerekirse, Mobilya Montaj Ustas\u0131, bir se\u00e7im oldu\u011funu bilerek kendinizi iyi hissedebilirsiniz. Mobilya Montaj Ustas\u0131, olarak, t\u00fcm Mobilya Montaj ihtiya\u00e7lar\u0131n\u0131z\u0131 dikkate al\u0131yoruz. Kozyatag\u0131 Mobilya Montaj Ustas\u0131 Telefon&#8221; bizi arayarak yard\u0131m isteyebilirsiniz. Mobilya Montaj Ustas\u0131, ihtiya\u00e7lar\u0131n\u0131zda hi\u00e7bir yer olmad\u0131\u011f\u0131 i\u00e7in kendinizi huzursuz hissetti\u011finiz g\u00fcnler geride kald\u0131. Dolap gibi b\u00fcy\u00fck e\u015fyalar\u0131n\u0131z\u0131 kolay montaj\u0131 i\u00e7in s\u00f6kmeniz gerekti\u011finde Kozyatag\u0131 Mobilya Montaj Ustas\u0131&#8221; her i\u015flemi sizin i\u00e7in kolayla\u015ft\u0131rmak i\u00e7in yan\u0131n\u0131zda. Mobilyan\u0131z\u0131n Montaj, edilmesini istedi\u011finiz gard\u0131rop tipi ne olursa olsun size hizmet vermekten ve t\u00fcm ihtiya\u00e7lar\u0131n\u0131z\u0131 kar\u015f\u0131lamaktan mutluluk duyuyoruz ve neden giderek daha fazla insan\u0131n Mobilya Montaj Ustas\u0131 gard\u0131rop s\u00f6kme hizmetlerimize g\u00fcvendi\u011fini size g\u00f6stermekten mutluluk duyuyoruz. Kozyatag\u0131 Mobilya Montaj Ustas\u0131 Telefon Pazartesi&#8217;den \u00c7umartesi&#8217; ne&#8217; Sabah 09: 00 \u2013 Ak\u015fam 20: 00 ve Cumartesi sabah 09:0 0 \u2013 19: 00 saatleri aras\u0131nda &#8221;Mobilya Montaj Ustas\u0131&#8221; Tv \u00dcnitesi Montaj&#8221; Mobilya&#8230; <a class=\"di-continue-reading\" href=\"https:\/\/www.onlinemarangoz.com.tr\/Kadikoy\/kozyatagi-mobilya-montaj-ustasi-telefon\/\"> Continue Reading&#8230;<\/a><\/p>\n","protected":false},"author":1,"featured_media":0,"parent":0,"menu_order":4042,"comment_status":"closed","ping_status":"open","template":"","meta":{"_sitemap_exclude":false,"_sitemap_priority":"","_sitemap_frequency":"","footnotes":""},"categories":[90],"tags":[934,935,932,933,936],"class_list":["post-684","page","type-page","status-publish","hentry","category-kozyatagi-mahallesi-mobilya-tamir-montaj-servisi","tag-kozyatagi-mobilya-dolap-montaj-ustasi-telefon","tag-kozyatagi-mobilya-gardolap-montaj-ustasi-telefon","tag-kozyatagi-mobilya-montaj-ustasi-telefon","tag-kozyatagi-tv-unitesi-montaj-ustasi-telefon","tag-kozyatagi-yatak-odasi-dolap-montaj-ustasi-telefon"],"_links":{"self":[{"href":"https:\/\/www.onlinemarangoz.com.tr\/Kadikoy\/wp-json\/wp\/v2\/pages\/684","targetHints":{"allow":["GET"]}}],"collection":[{"href":"https:\/\/www.onlinemarangoz.com.tr\/Kadikoy\/wp-json\/wp\/v2\/pages"}],"about":[{"href":"https:\/\/www.onlinemarangoz.com.tr\/Kadikoy\/wp-json\/wp\/v2\/types\/page"}],"author":[{"embeddable":true,"href":"https:\/\/www.onlinemarangoz.com.tr\/Kadikoy\/wp-json\/wp\/v2\/users\/1"}],"replies":[{"embeddable":true,"href":"https:\/\/www.onlinemarangoz.com.tr\/Kadikoy\/wp-json\/wp\/v2\/comments?post=684"}],"version-history":[{"count":0,"href":"https:\/\/www.onlinemarangoz.com.tr\/Kadikoy\/wp-json\/wp\/v2\/pages\/684\/revisions"}],"wp:attachment":[{"href":"https:\/\/www.onlinemarangoz.com.tr\/Kadikoy\/wp-json\/wp\/v2\/media?parent=684"}],"wp:term":[{"taxonomy":"category","embeddable":true,"href":"https:\/\/www.onlinemarangoz.com.tr\/Kadikoy\/wp-json\/wp\/v2\/categories?post=684"},{"taxonomy":"post_tag","embeddable":true,"href":"https:\/\/www.onlinemarangoz.com.tr\/Kadikoy\/wp-json\/wp\/v2\/tags?post=684"}],"curies":[{"name":"wp","href":"https:\/\/api.w.org\/{rel}","templated":true}]}}