{"id":781,"date":"2024-04-06T20:33:01","date_gmt":"2024-04-06T20:33:01","guid":{"rendered":"https:\/\/www.onlinemarangoz.com.tr\/Kadikoy\/?page_id=781"},"modified":"2024-04-06T22:21:02","modified_gmt":"2024-04-06T22:21:02","slug":"kadikoy-sandalye-tamiri","status":"publish","type":"page","link":"https:\/\/www.onlinemarangoz.com.tr\/Kadikoy\/kadikoy-sandalye-tamiri\/","title":{"rendered":"Kad\u0131k\u00f6y Sandalye Tamiri"},"content":{"rendered":"<p>Kad\u0131k\u00f6y Sandalye Tamiri&#8221; Sandalye Tamircisi Telefon 0554 858 1312 \u0130stanbul Anadolu Yakas\u0131 Kad\u0131k\u00f6y Sandalye Tamiri&#8221; hizmetimiz m\u00fcmk\u00fcn olan en iyi m\u00fc\u015fteri hizmetini sunmak amac\u0131yla yap\u0131yoruz. Sorunlar\u0131n \u00e7\u00f6z\u00fcm\u00fcne ve sorular\u0131n yan\u0131tlanmas\u0131na yard\u0131mc\u0131 olmak i\u00e7in elimizden geleni yapmaya \u00e7al\u0131\u015f\u0131yoruz. Kad\u0131k\u00f6y Sandalye Tamir Servisi&#8221; Kaliteli m\u00fc\u015fteri hizmeti, verimli, h\u0131zl\u0131 ve g\u00fcler y\u00fczl\u00fc hizmet sunmay\u0131, m\u00fc\u015fterilerle g\u00fc\u00e7l\u00fc ili\u015fkiler kurmay\u0131, \u015fikayetleri h\u0131zl\u0131 bir \u015fekilde ele almay\u0131 ve m\u00fc\u015fterilerin sorunlar\u0131na zaman\u0131nda yan\u0131t vermeyi, Kaliteli m\u00fc\u015fteri hizmetleri, m\u00fc\u015fterilerin geri gelmesini sa\u011flaman\u0131n ve b\u00f6ylece uzun vadeli ba\u015far\u0131y\u0131 garantilemenin en iyi yoludur. K\u0131r\u0131k Sandalye Tamiri&#8221; Ah\u015fap Sandalye Tamiri&#8221; G\u0131c\u0131rdayan Sandalye Tamiri&#8221; K\u0131r\u0131lan Ah\u015fap Sandalye Ayag\u0131 Tamiri&#8221; Sandalye Baca\u011f\u0131 Tamiri&#8221; Kad\u0131k\u00f6y Sandalye Tamir Servisi&#8221; Tatil g\u00fcnleri hari\u00e7 Pazartesi&#8217;den Cumartesi&#8217;ye 09 : 00 \u2013 20 :00 saatleri aras\u0131nda yard\u0131ma ihtiyac\u0131n\u0131z olursa herhangi bir sorunuz varsa<span lang=\"en\"> ek bilgiye veya daha fazla a\u00e7\u0131klamaya ihtiya\u00e7 duyarsan\u0131z l\u00fctfen bize<\/span> Whatsapp 0554 858 1312 arac\u0131l\u0131\u011f\u0131yla veya 0554 858 1312 numaral\u0131 telefondan bizi aray\u0131n.<\/p>\n<h2 style=\"text-align: center;\">Kad\u0131k\u00f6y Sandalye Tamiri<\/h2>\n<p style=\"text-align: center;\">Kad\u0131k\u00f6y K\u0131r\u0131k Sandalye Aya\u011f\u0131 Tamiri, Kad\u0131k\u00f6y K\u0131r\u0131k Sandalye Tamir Edilir, Kad\u0131k\u00f6y Ah\u015fap Sandalye Tamiri Yap\u0131l\u0131r, Kad\u0131k\u00f6y G\u0131c\u0131rdayan Sandalye Tamiri, ile ilgili yard\u0131ma ihtiyac\u0131n\u0131z oldu\u011funda nereye ba\u015fvuraca\u011f\u0131n\u0131z\u0131 bilmek zor olabilir. Neyse ki, hizmetlerimiz sorular\u0131n\u0131z veya sorunlar\u0131n\u0131z konusunda size yard\u0131mc\u0131 olmak i\u00e7in hizmetinizdedir.<\/p>\n<figure id=\"attachment_782\" aria-describedby=\"caption-attachment-782\" style=\"width: 500px\" class=\"wp-caption alignright\"><img fetchpriority=\"high\" decoding=\"async\" class=\"size-full wp-image-782\" src=\"https:\/\/www.onlinemarangoz.com.tr\/Kadikoy\/wp-content\/uploads\/Kadikoy-Sandalye-Tamir.jpg\" alt=\"Kad\u0131k\u00f6y Sandalye Tamiri\" width=\"500\" height=\"250\" srcset=\"https:\/\/www.onlinemarangoz.com.tr\/Kadikoy\/wp-content\/uploads\/Kadikoy-Sandalye-Tamir.jpg 500w, https:\/\/www.onlinemarangoz.com.tr\/Kadikoy\/wp-content\/uploads\/Kadikoy-Sandalye-Tamir-300x150.jpg 300w\" sizes=\"(max-width: 500px) 100vw, 500px\" \/><figcaption id=\"caption-attachment-782\" class=\"wp-caption-text\">Kad\u0131k\u00f6y Sandalye Tamiri<\/figcaption><\/figure>\n<h3>Kad\u0131k\u00f6y Sandalye Tamir Servisi<\/h3>\n<p>Kad\u0131k\u00f6y Sandalye Tamir Servisi, M\u00fc\u015fterinizin ihtiya\u00e7lar\u0131na ki\u015fiselle\u015ftirilmi\u015f ilgi sa\u011flayan hizmetleri, temel de\u011ferlerini g\u00fc\u00e7lendirirken sadakat yarat\u0131r. Anadolu Yakas\u0131nda m\u00fc\u015fterilerimiz, mobilyac\u0131 ustalardan olu\u015fan ekibimiz taraf\u0131ndan hizmet vermekteyiz. K\u0131r\u0131k Sandalye Tamiri&#8221; Ah\u015fap Sandalye Tamiri&#8221; G\u0131c\u0131rdayan Sandalye Tamiri&#8221; K\u0131r\u0131lan Ah\u015fap Sandalye Ayag\u0131 Tamiri&#8221; Sandalye Baca\u011f\u0131 Tamiri&#8221; <span style=\"color: #339966;\"><a style=\"color: #339966;\" href=\"https:\/\/www.onlinemarangoz.com.tr\/sandalye-tamiri\/\" target=\"_blank\" rel=\"noopener\"><strong>Kad\u0131k\u00f6y Sandalye Tamir Servisi<\/strong><\/a><\/span>&#8221; Tatil g\u00fcnleri hari\u00e7 Pazartesi&#8217;den Cumartesi&#8217;ye 09 : 00 \u2013 20 :00 saatleri aras\u0131nda yard\u0131ma ihtiyac\u0131n\u0131z olursa herhangi bir sorunuz varsa<span lang=\"en\"> ek bilgiye veya daha fazla a\u00e7\u0131klamaya ihtiya\u00e7 duyarsan\u0131z l\u00fctfen bize<\/span> Whatsapp <span style=\"color: #ff0000;\"><strong><span style=\"font-size: 12pt;\"><a style=\"color: #ff0000;\" href=\"https:\/\/wa.me\/+905548581312\" target=\"_blank\" rel=\"noopener\">0554 858 1312<\/a><\/span><\/strong><\/span> arac\u0131l\u0131\u011f\u0131yla veya <span style=\"color: #0000ff;\"><strong><a style=\"color: #0000ff;\" href=\"tel:\/\/+905548581312\" target=\"_blank\" rel=\"noopener\">0554 858 1312<\/a><\/strong><\/span> numaral\u0131 telefondan bizi aray\u0131n.<\/p>\n<h3>Kad\u0131k\u00f6y G\u0131c\u0131rdayan Sandalye Tamiri<\/h3>\n<p>Kad\u0131k\u00f6y G\u0131c\u0131rdayan Sandalye Tamiri, Masan\u0131zda oturuyorsan\u0131z ve birdenbire sinir bozucu bir g\u0131c\u0131rt\u0131 duymaya ba\u015flarsan\u0131z, b\u00fcy\u00fck ihtimalle bu ses sandalyenizin par\u00e7alar\u0131ndan birinden geliyordur. Kad\u0131k\u00f6y G\u0131c\u0131rdayan Ah\u015fap Sandalye, ger\u00e7ek bir ba\u015f belas\u0131 olabilir. G\u00fcr\u00fclt\u00fc sadece rahats\u0131z edici olmakla kalmaz, ayn\u0131 zamanda \u00e7al\u0131\u015fman\u0131z\u0131 veya konsantrasyonunuzu da bozabilir. G\u0131c\u0131rdayan Sallanan Sandalye&#8217; yle kar\u015f\u0131 kar\u015f\u0131yaysan\u0131z endi\u015felenmenize gerek yok. \u00c7o\u011fu durumda sorunun \u00e7\u00f6z\u00fcm\u00fc kolayd\u0131r. G\u0131c\u0131rdayan Sandalye Tamiri. size g\u0131c\u0131rdayan bir sandalyenin nas\u0131l tamir edilece\u011fini g\u00f6sterece\u011fiz. Gelecekte g\u0131c\u0131rt\u0131lar\u0131n olu\u015fmas\u0131n\u0131 nas\u0131l \u00f6nleyece\u011finize dair baz\u0131 ipu\u00e7lar\u0131 da verece\u011fiz.<\/p>\n<table style=\"border-collapse: collapse; width: 100%;\">\n<tbody>\n<tr>\n<td>\n<p align=\"CENTER\"><img decoding=\"async\" class=\"size-full wp-image-49 aligncenter\" src=\"https:\/\/www.onlinemarangoz.com.tr\/Kadikoy\/wp-content\/uploads\/Kadikoy-Kirik-Sandalye-Tamircisi.jpg\" alt=\"\" width=\"300\" height=\"300\" srcset=\"https:\/\/www.onlinemarangoz.com.tr\/Kadikoy\/wp-content\/uploads\/Kadikoy-Kirik-Sandalye-Tamircisi.jpg 300w, https:\/\/www.onlinemarangoz.com.tr\/Kadikoy\/wp-content\/uploads\/Kadikoy-Kirik-Sandalye-Tamircisi-150x150.jpg 150w, https:\/\/www.onlinemarangoz.com.tr\/Kadikoy\/wp-content\/uploads\/Kadikoy-Kirik-Sandalye-Tamircisi-90x90.jpg 90w\" sizes=\"(max-width: 300px) 100vw, 300px\" \/><\/p>\n<h4 align=\"CENTER\">&#8221;Kad\u0131k\u00f6y K\u0131r\u0131k Sandalye Tamir Edilir&#8221;<\/h4>\n<p align=\"CENTER\">Panik yapmay\u0131n, size maksimum yard\u0131m\u0131 sunuyoruz, bizi +<strong><a href=\"tel:\/\/+905548581312\" target=\"_blank\" rel=\"noopener\">0554 858 1312<\/a><\/strong> numaradan aray\u0131n.<\/p>\n<\/td>\n<td>\n<h5 align=\"CENTER\">&#8221;Kad\u0131k\u00f6y Ah\u015fap Sandalye Tamiri Yap\u0131l\u0131r&#8221;<\/h5>\n<p align=\"CENTER\">Ah\u015fap Sandalye Tamir, servisine ihtiyac\u0131n\u0131z varsa gecikmeden bizi aray\u0131n, talebinizi memnuniyetle kar\u015f\u0131lamaya ve m\u00fcmk\u00fcn olan en k\u0131sa s\u00fcrede tamirini yapmaya haz\u0131r\u0131z.<\/p>\n<p align=\"CENTER\"><img decoding=\"async\" class=\"aligncenter wp-image-784\" src=\"https:\/\/www.onlinemarangoz.com.tr\/Kadikoy\/wp-content\/uploads\/Kirik-Sandalye-Tamir.jpg\" alt=\"\" width=\"250\" height=\"250\" srcset=\"https:\/\/www.onlinemarangoz.com.tr\/Kadikoy\/wp-content\/uploads\/Kirik-Sandalye-Tamir.jpg 300w, https:\/\/www.onlinemarangoz.com.tr\/Kadikoy\/wp-content\/uploads\/Kirik-Sandalye-Tamir-150x150.jpg 150w, https:\/\/www.onlinemarangoz.com.tr\/Kadikoy\/wp-content\/uploads\/Kirik-Sandalye-Tamir-90x90.jpg 90w\" sizes=\"(max-width: 250px) 100vw, 250px\" \/><\/p>\n<\/td>\n<td>\n<p align=\"CENTER\"><img loading=\"lazy\" decoding=\"async\" class=\"size-full wp-image-51 aligncenter\" src=\"https:\/\/www.onlinemarangoz.com.tr\/Kadikoy\/wp-content\/uploads\/Kadikoy-Sandalye-Tamircisi.jpg\" alt=\"\" width=\"300\" height=\"300\" srcset=\"https:\/\/www.onlinemarangoz.com.tr\/Kadikoy\/wp-content\/uploads\/Kadikoy-Sandalye-Tamircisi.jpg 300w, https:\/\/www.onlinemarangoz.com.tr\/Kadikoy\/wp-content\/uploads\/Kadikoy-Sandalye-Tamircisi-150x150.jpg 150w, https:\/\/www.onlinemarangoz.com.tr\/Kadikoy\/wp-content\/uploads\/Kadikoy-Sandalye-Tamircisi-90x90.jpg 90w\" sizes=\"(max-width: 300px) 100vw, 300px\" \/><\/p>\n<h6 align=\"CENTER\">&#8221;Kad\u0131k\u00f6y K\u0131r\u0131k Sandalye Aya\u011f\u0131 Tamiri&#8221;<\/h6>\n<p align=\"CENTER\">Kaliteli \u00e7al\u0131\u015fma ve m\u00fckemmel m\u00fc\u015fteri hizmetleriyle beklentilerinizi a\u015fmay\u0131 hedefliyoruz.<\/p>\n<\/td>\n<\/tr>\n<\/tbody>\n<\/table>\n<h3 style=\"text-align: center;\">Kad\u0131k\u00f6y Ah\u015fap Sandalye Tamiri Yap\u0131l\u0131r<\/h3>\n<p style=\"text-align: center;\">sadece bir t\u0131k uzakta<\/p>\n<p style=\"text-align: center;\"><strong><a href=\"https:\/\/www.onlinemarangoz.com.tr\/Kadikoy\/\" target=\"_blank\" rel=\"noopener\">Kad\u0131k\u00f6y Ah\u015fap Sandalye Tamiri Yap\u0131l\u0131r<\/a> <\/strong>&#8221;\u00a0Deneyimli ve profesyonel kadromuz her marka ve model Ah\u015fap Sandalye Tamiri&#8217; nde size yard\u0131mc\u0131 olabiliriz.<\/p>\n<table style=\"border-collapse: collapse; width: 100%;\">\n<tbody>\n<tr>\n<td>\n<h5 style=\"text-align: center;\"><a href=\"https:\/\/wa.me\/+905548581312\" target=\"_blank\" rel=\"noopener\">Kad\u0131k\u00f6y Sandalye Tamiri Whatsapp<\/a><\/h5>\n<p align=\"CENTER\"><a href=\"https:\/\/wa.me\/+905548581312\" target=\"_blank\" rel=\"noopener\"><img loading=\"lazy\" decoding=\"async\" class=\"alignleft wp-image-582\" src=\"https:\/\/www.onlinemarangoz.com.tr\/Kadikoy\/wp-content\/uploads\/Tezcan-Usta.png\" alt=\"\" width=\"100\" height=\"100\" srcset=\"https:\/\/www.onlinemarangoz.com.tr\/Kadikoy\/wp-content\/uploads\/Tezcan-Usta.png 512w, https:\/\/www.onlinemarangoz.com.tr\/Kadikoy\/wp-content\/uploads\/Tezcan-Usta-300x300.png 300w, https:\/\/www.onlinemarangoz.com.tr\/Kadikoy\/wp-content\/uploads\/Tezcan-Usta-150x150.png 150w, https:\/\/www.onlinemarangoz.com.tr\/Kadikoy\/wp-content\/uploads\/Tezcan-Usta-90x90.png 90w\" sizes=\"(max-width: 100px) 100vw, 100px\" \/><\/a>\u00a0Kad\u0131k\u00f6y Sandalye Tamiri Whatsapp&#8221; Tatil g\u00fcnleri hari\u00e7 Pazartesi&#8217;den Cumartesi&#8217;ye 09 : 00 &#8211; 20 : 00 saatleri aras\u0131nda Yard\u0131ma ihtiyac\u0131n\u0131z olursa herhangi bir sorunuz varsa bize Whatsapp <span style=\"color: #0000ff;\"><strong><span style=\"font-size: 12pt;\"><a style=\"color: #0000ff;\" href=\"https:\/\/wa.me\/+905548581312\" target=\"_blank\" rel=\"noopener\">0554 858 1312<\/a><\/span><\/strong><\/span> arac\u0131l\u0131\u011f\u0131yla size her konuda yard\u0131mc\u0131 olabiliriz.<\/p>\n<p style=\"text-align: center;\" align=\"CENTER\"><em><span style=\"color: #339966;\"><strong><span style=\"font-size: 24pt;\"><a style=\"color: #339966;\" href=\"https:\/\/wa.me\/+905548581312\" target=\"_blank\" rel=\"noopener\">0554 858 1312<\/a><\/span><\/strong><\/span><\/em><\/p>\n<p style=\"text-align: center;\" align=\"CENTER\"><em><span style=\"color: #339966;\"><strong><span style=\"font-size: 24pt;\">Hemen T\u0131kla Mesaj At<\/span><\/strong><\/span><\/em><\/p>\n<\/td>\n<td style=\"width: 50%;\">\n<h6 style=\"text-align: center;\"><a href=\"tel:\/\/+905548581312\" target=\"_blank\" rel=\"noopener\">Kad\u0131k\u00f6y Sandalye Tamiri Telefon<\/a><\/h6>\n<p style=\"text-align: center;\" align=\"CENTER\"><a href=\"tel:\/\/+905548581312\" target=\"_blank\" rel=\"noopener\"><img loading=\"lazy\" decoding=\"async\" class=\"alignright wp-image-599 size-full\" title=\"Tezcan Usta Telefon Hemen T\u0131kla Ara\" src=\"https:\/\/www.onlinemarangoz.com.tr\/Kadikoy\/wp-content\/uploads\/Tezcan-Usta-Mobilya-Montaj-Telefon-Hemen-Ara.jpg\" alt=\"Tezcan Usta Telefon Hemen T\u0131kla Ara\" width=\"100\" height=\"100\" srcset=\"https:\/\/www.onlinemarangoz.com.tr\/Kadikoy\/wp-content\/uploads\/Tezcan-Usta-Mobilya-Montaj-Telefon-Hemen-Ara.jpg 100w, https:\/\/www.onlinemarangoz.com.tr\/Kadikoy\/wp-content\/uploads\/Tezcan-Usta-Mobilya-Montaj-Telefon-Hemen-Ara-90x90.jpg 90w\" sizes=\"(max-width: 100px) 100vw, 100px\" \/><\/a>\u00a0Kad\u0131k\u00f6y Sandalye Tamiri Telefon&#8221; Tatil g\u00fcnleri hari\u00e7 Pazartesi&#8217;den Cumartesi&#8217;ye 09 : 00 &#8211; 20 : 00 saatleri aras\u0131nda Yard\u0131ma ihtiyac\u0131n\u0131z olursa herhangi bir sorunuz varsa bize &#8221;<span style=\"color: #ff0000;\"><strong><a style=\"color: #ff0000;\" href=\"tel:\/\/+905548581312\" target=\"_blank\" rel=\"noopener\">0554 858 1312<\/a><\/strong><\/span> numaral\u0131 telefondan size her konuda yard\u0131mc\u0131 olabiliriz.<\/p>\n<p style=\"text-align: center;\" align=\"CENTER\"><em><span style=\"color: #ff0000;\"><strong><span style=\"font-size: 24pt;\"><a style=\"color: #ff0000;\" href=\"tel:\/\/+905548581312\" target=\"_blank\" rel=\"noopener\">0554 858 1312<\/a><\/span><\/strong><\/span><\/em><\/p>\n<p style=\"text-align: center;\" align=\"CENTER\"><em><span style=\"color: #ff0000;\"><strong><span style=\"font-size: 24pt;\">Hemen T\u0131kla Ara<\/span><\/strong><\/span><\/em><\/p>\n<\/td>\n<\/tr>\n<\/tbody>\n<\/table>\n<h4 style=\"text-align: center;\">\u0130stanbul Anadolu Yakas\u0131 Kad\u0131k\u00f6y Sandalye Tamir Bak\u0131m Montaj Servisi<\/h4>\n<p><marquee onmouseover=\"this.stop()\" onmouseout=\"this.start()\"width=\"1000\" height=\"50\" direction=\"horizontal\" scrollamount=\"3\"scrolldelay=\"60\" loop=\"99999\">\u25c4 Tezcan Usta Kad\u0131k\u00f6y Sandalye Tamircisi 0554 858 1312 \u25b7 Kad\u0131k\u00f6y Sandalye Tamiri \u25b7 Kad\u0131k\u00f6y Sandalye Tamir Servisi \u25b7 Kad\u0131k\u00f6y G\u0131c\u0131rdayan Sandalye Tamiri \u25b7 Kad\u0131k\u00f6y K\u0131r\u0131k Sandalye Tamir Edilir \u25b7 Kad\u0131k\u00f6y K\u0131r\u0131k Sandalye Aya\u011f\u0131 Tamiri \u25b7 Kad\u0131k\u00f6y Ah\u015fap Sandalye Tamiri Yap\u0131l\u0131r \u25b7 Kad\u0131k\u00f6y Sandalye Tamiri \u25b7 K\u0131r\u0131k Sandalye Tamiri \u25b7 Ah\u015fap Sandalye Tamiri \u25b7 Tahta Sandalye Tamiri \u25b7 Sandalye Tamir Servisi \u25b7 K\u0131r\u0131k Sandalye Ayag\u0131 Tamiri \u25b7 Sandalye Tamircisi \u25b7 Sallanan Sandalye Tamiri \u25b7 Sallanan K\u0131r\u0131k Sandalye Tamiri <\/marquee><\/p>\n\n\n<div class=\"kk-star-ratings kksr-auto kksr-align-left kksr-valign-bottom\"\n    data-payload='{&quot;align&quot;:&quot;left&quot;,&quot;id&quot;:&quot;781&quot;,&quot;slug&quot;:&quot;default&quot;,&quot;valign&quot;:&quot;bottom&quot;,&quot;ignore&quot;:&quot;&quot;,&quot;reference&quot;:&quot;auto&quot;,&quot;class&quot;:&quot;&quot;,&quot;count&quot;:&quot;11&quot;,&quot;legendonly&quot;:&quot;&quot;,&quot;readonly&quot;:&quot;&quot;,&quot;score&quot;:&quot;5&quot;,&quot;starsonly&quot;:&quot;&quot;,&quot;best&quot;:&quot;5&quot;,&quot;gap&quot;:&quot;5&quot;,&quot;greet&quot;:&quot;Kad\u0131k\u00f6y Marangoz \u2705&quot;,&quot;legend&quot;:&quot;Kad\u0131k\u00f6y Marangoz Ustas\u0131 \u2b50 11 \u2b50&quot;,&quot;size&quot;:&quot;24&quot;,&quot;title&quot;:&quot;Kad\u0131k\u00f6y Sandalye Tamiri&quot;,&quot;width&quot;:&quot;142.5&quot;,&quot;_legend&quot;:&quot;Kad\u0131k\u00f6y Marangoz Ustas\u0131 \u2b50 {count} \u2b50&quot;,&quot;font_factor&quot;:&quot;1.25&quot;}'>\n            \n<div class=\"kksr-stars\">\n    \n<div class=\"kksr-stars-inactive\">\n            <div class=\"kksr-star\" data-star=\"1\" style=\"padding-right: 5px\">\n            \n\n<div class=\"kksr-icon\" style=\"width: 24px; height: 24px;\"><\/div>\n        <\/div>\n            <div class=\"kksr-star\" data-star=\"2\" style=\"padding-right: 5px\">\n            \n\n<div class=\"kksr-icon\" style=\"width: 24px; height: 24px;\"><\/div>\n        <\/div>\n            <div class=\"kksr-star\" data-star=\"3\" style=\"padding-right: 5px\">\n            \n\n<div class=\"kksr-icon\" style=\"width: 24px; height: 24px;\"><\/div>\n        <\/div>\n            <div class=\"kksr-star\" data-star=\"4\" style=\"padding-right: 5px\">\n            \n\n<div class=\"kksr-icon\" style=\"width: 24px; height: 24px;\"><\/div>\n        <\/div>\n            <div class=\"kksr-star\" data-star=\"5\" style=\"padding-right: 5px\">\n            \n\n<div class=\"kksr-icon\" style=\"width: 24px; height: 24px;\"><\/div>\n        <\/div>\n    <\/div>\n    \n<div class=\"kksr-stars-active\" style=\"width: 142.5px;\">\n            <div class=\"kksr-star\" style=\"padding-right: 5px\">\n            \n\n<div class=\"kksr-icon\" style=\"width: 24px; height: 24px;\"><\/div>\n        <\/div>\n            <div class=\"kksr-star\" style=\"padding-right: 5px\">\n            \n\n<div class=\"kksr-icon\" style=\"width: 24px; height: 24px;\"><\/div>\n        <\/div>\n            <div class=\"kksr-star\" style=\"padding-right: 5px\">\n            \n\n<div class=\"kksr-icon\" style=\"width: 24px; height: 24px;\"><\/div>\n        <\/div>\n            <div class=\"kksr-star\" style=\"padding-right: 5px\">\n            \n\n<div class=\"kksr-icon\" style=\"width: 24px; height: 24px;\"><\/div>\n        <\/div>\n            <div class=\"kksr-star\" style=\"padding-right: 5px\">\n            \n\n<div class=\"kksr-icon\" style=\"width: 24px; height: 24px;\"><\/div>\n        <\/div>\n    <\/div>\n<\/div>\n                \n\n<div class=\"kksr-legend\" style=\"font-size: 19.2px;\">\n            Kad\u0131k\u00f6y Marangoz Ustas\u0131 \u2b50 11 \u2b50    <\/div>\n    <\/div>\n","protected":false},"excerpt":{"rendered":"<p>Kad\u0131k\u00f6y Sandalye Tamiri&#8221; Sandalye Tamircisi Telefon 0554 858 1312 \u0130stanbul Anadolu Yakas\u0131 Kad\u0131k\u00f6y Sandalye Tamiri&#8221; hizmetimiz m\u00fcmk\u00fcn olan en iyi m\u00fc\u015fteri hizmetini sunmak amac\u0131yla yap\u0131yoruz. Sorunlar\u0131n \u00e7\u00f6z\u00fcm\u00fcne ve sorular\u0131n yan\u0131tlanmas\u0131na yard\u0131mc\u0131 olmak i\u00e7in elimizden geleni yapmaya \u00e7al\u0131\u015f\u0131yoruz. Kad\u0131k\u00f6y Sandalye Tamir Servisi&#8221; Kaliteli m\u00fc\u015fteri hizmeti, verimli, h\u0131zl\u0131 ve g\u00fcler y\u00fczl\u00fc hizmet sunmay\u0131, m\u00fc\u015fterilerle g\u00fc\u00e7l\u00fc ili\u015fkiler kurmay\u0131, \u015fikayetleri h\u0131zl\u0131 bir \u015fekilde ele almay\u0131 ve m\u00fc\u015fterilerin sorunlar\u0131na zaman\u0131nda yan\u0131t vermeyi, Kaliteli m\u00fc\u015fteri hizmetleri, m\u00fc\u015fterilerin geri gelmesini sa\u011flaman\u0131n ve b\u00f6ylece uzun vadeli ba\u015far\u0131y\u0131 garantilemenin en iyi yoludur. K\u0131r\u0131k Sandalye Tamiri&#8221; Ah\u015fap Sandalye Tamiri&#8221; G\u0131c\u0131rdayan Sandalye Tamiri&#8221; K\u0131r\u0131lan Ah\u015fap Sandalye Ayag\u0131 Tamiri&#8221; Sandalye Baca\u011f\u0131 Tamiri&#8221; Kad\u0131k\u00f6y Sandalye Tamir Servisi&#8221; Tatil g\u00fcnleri hari\u00e7 Pazartesi&#8217;den Cumartesi&#8217;ye 09 : 00 \u2013 20 :00 saatleri aras\u0131nda yard\u0131ma ihtiyac\u0131n\u0131z olursa herhangi bir sorunuz varsa ek bilgiye veya daha fazla a\u00e7\u0131klamaya ihtiya\u00e7 duyarsan\u0131z l\u00fctfen bize Whatsapp 0554 858 1312 arac\u0131l\u0131\u011f\u0131yla veya 0554 858 1312 numaral\u0131 telefondan bizi aray\u0131n. Kad\u0131k\u00f6y Sandalye Tamiri Kad\u0131k\u00f6y K\u0131r\u0131k Sandalye Aya\u011f\u0131 Tamiri, Kad\u0131k\u00f6y K\u0131r\u0131k Sandalye Tamir Edilir,&#8230; <a class=\"di-continue-reading\" href=\"https:\/\/www.onlinemarangoz.com.tr\/Kadikoy\/kadikoy-sandalye-tamiri\/\"> Continue Reading&#8230;<\/a><\/p>\n","protected":false},"author":1,"featured_media":0,"parent":0,"menu_order":5000,"comment_status":"closed","ping_status":"open","template":"","meta":{"_sitemap_exclude":false,"_sitemap_priority":"","_sitemap_frequency":"","footnotes":""},"categories":[1],"tags":[1068,1065,1067,1066,1064,1063],"class_list":["post-781","page","type-page","status-publish","hentry","category-kadikoy-mobilya-tamir-montaj-servisi","tag-kadikoy-ahsap-sandalye-tamiri-yapilir","tag-kadikoy-gicirdayan-sandalye-tamiri","tag-kadikoy-kirik-sandalye-ayagi-tamiri","tag-kadikoy-kirik-sandalye-tamir-edilir","tag-kadikoy-sandalye-tamir-servisi","tag-kadikoy-sandalye-tamiri"],"_links":{"self":[{"href":"https:\/\/www.onlinemarangoz.com.tr\/Kadikoy\/wp-json\/wp\/v2\/pages\/781","targetHints":{"allow":["GET"]}}],"collection":[{"href":"https:\/\/www.onlinemarangoz.com.tr\/Kadikoy\/wp-json\/wp\/v2\/pages"}],"about":[{"href":"https:\/\/www.onlinemarangoz.com.tr\/Kadikoy\/wp-json\/wp\/v2\/types\/page"}],"author":[{"embeddable":true,"href":"https:\/\/www.onlinemarangoz.com.tr\/Kadikoy\/wp-json\/wp\/v2\/users\/1"}],"replies":[{"embeddable":true,"href":"https:\/\/www.onlinemarangoz.com.tr\/Kadikoy\/wp-json\/wp\/v2\/comments?post=781"}],"version-history":[{"count":0,"href":"https:\/\/www.onlinemarangoz.com.tr\/Kadikoy\/wp-json\/wp\/v2\/pages\/781\/revisions"}],"wp:attachment":[{"href":"https:\/\/www.onlinemarangoz.com.tr\/Kadikoy\/wp-json\/wp\/v2\/media?parent=781"}],"wp:term":[{"taxonomy":"category","embeddable":true,"href":"https:\/\/www.onlinemarangoz.com.tr\/Kadikoy\/wp-json\/wp\/v2\/categories?post=781"},{"taxonomy":"post_tag","embeddable":true,"href":"https:\/\/www.onlinemarangoz.com.tr\/Kadikoy\/wp-json\/wp\/v2\/tags?post=781"}],"curies":[{"name":"wp","href":"https:\/\/api.w.org\/{rel}","templated":true}]}}