{"id":202,"date":"2024-01-07T22:32:41","date_gmt":"2024-01-07T19:32:41","guid":{"rendered":"https:\/\/www.onlinemarangoz.com.tr\/Kartal\/?page_id=202"},"modified":"2024-01-07T22:32:41","modified_gmt":"2024-01-07T19:32:41","slug":"kartal-mobilya-tamir-hizmetlerimiz","status":"publish","type":"page","link":"https:\/\/www.onlinemarangoz.com.tr\/Kartal\/kartal-mobilya-tamir-hizmetlerimiz\/","title":{"rendered":"Kartal Mobilya Tamir Hizmetlerimiz"},"content":{"rendered":"<p>Kartal Mobilya Tamir Hizmetlerimiz * Marangoz Telefon !! 0554 858 1312 \u0130stanbul Anadolu Yakas\u0131 Kartal Mobilya Tamir Hizmetlerimiz .|. Servisi, hizmetimizde t\u00fcm mobilya tak\u0131mlar\u0131n\u0131, \u00f6zellikle de ah\u015fap mobilyay\u0131 de\u011fi\u015ftirmek \u00e7ok pahal\u0131 olabilir ancak profesyonel bir mobilya tamir uzman\u0131, eski ve ah\u015fap mobilyalar\u0131n\u0131z\u0131, g\u00fcc\u00fcn\u00fc eski haline getirmek ve \u00f6mr\u00fcn\u00fc uzatmak i\u00e7in onarabiliriz <img fetchpriority=\"high\" decoding=\"async\" class=\"size-full wp-image-71 alignright\" src=\"https:\/\/www.onlinemarangoz.com.tr\/Kartal\/wp-content\/uploads\/Kartal-Marangoz-usta-Servisi.jpg\" alt=\"Kartal Marangoz\" width=\"500\" height=\"250\" srcset=\"https:\/\/www.onlinemarangoz.com.tr\/Kartal\/wp-content\/uploads\/Kartal-Marangoz-usta-Servisi.jpg 500w, https:\/\/www.onlinemarangoz.com.tr\/Kartal\/wp-content\/uploads\/Kartal-Marangoz-usta-Servisi-300x150.jpg 300w\" sizes=\"(max-width: 500px) 100vw, 500px\" \/>.<\/p>\n<p>Zamanla, sandalyeler, masalar, ve \u015fifonyerler gibi yo\u011fun kullan\u0131lan mobilyalar k\u0131r\u0131labilir veya hasar g\u00f6rebilir ve g\u00fcvenilir mobilya tamir teknisyenleri, k\u0131r\u0131lan, \u00e7izilen, oyulan, yanan veya suyun bir k\u0131sm\u0131na zarar veren mobilyalar\u0131 tamir edebilir. de\u011fi\u015ftirme maliyeti. Ayr\u0131ca mobilyalar\u0131n\u0131zdaki k\u0131r\u0131k veya eksik par\u00e7alar\u0131 de\u011fi\u015ftirebilir veya yeniden olu\u015fturabilirler. Genellikle, sorunu \u00e7\u00f6zmek i\u00e7in neyin dahil oldu\u011fu hakk\u0131nda daha iyi bir fikir edinmek i\u00e7in bize hasar\u0131n foto\u011fraflar\u0131n\u0131 g\u00f6nderebilirsiniz. Masalar, Gard\u0131roplar, Yemek Masalar\u0131, Yemek Sandalyeleri, B\u00fcfeler, \u00c7ekmeceler, Antika Mobilya, Masalar, Maun, Me\u015fe, G\u00fcl a\u011fac\u0131, \u00c7am, Yemek Sandalyeleri, Antika Mobilya, Sallanan Sandalyeler, Gev\u015fek Kapaklar, Tamamen G\u00f6mme Dolap Kapaklar\u0131, Mobilya Restorasyonu, Yemek Sandalyesi \/ Yeniden D\u00fcbelleme \/ Yeniden Tutkal Onar\u0131mlar\u0131, kadar t\u00fcm mobilya tamir ihtiya\u00e7lar\u0131n\u0131z i\u00e7in size yard\u0131mc\u0131 olabiliriz.<\/p>\n<h2>Kartal Mobilya Tamir Hizmetlerimiz<\/h2>\n<p style=\"text-align: center;\"><strong>Kartal Mobilya Tamir Hizmetlerimiz<\/strong>\u00a0:! Marangoz Ustas\u0131, Marangoz Usta Servisi, Marangoz Usta Hizmeti Marangoz Mobilya Tamir Ustas\u0131, Marangoz Mobilya Tamir Ustas\u0131, Marangoz Mobilya Ustas\u0131, &#8221;<span style=\"color: #0000ff;\"><strong><a style=\"color: #0000ff;\" href=\"http:\/\/www.istanbulmobilyatamiri.com\/kartal-marangoz\/\" target=\"_blank\" rel=\"noopener\">Kartal Mobilya Tamir Hizmetlerimiz<\/a><\/strong><\/span>&#8221; Marangoz Usta Servis Hizmeti, Bu konuyla ilgili ba\u015fka sorular\u0131n\u0131z varsa l\u00fctfen\u00a0<span lang=\"en\">pazartesi&#8217;den Cumartesi&#8217;ye 9.00 &#8211; 20.00 saatleri aras\u0131nda\u00a0<\/span>bize &#8221;<span lang=\"en\">0554 858 1312&#8242; numaral\u0131 telefondan\u00a0<\/span>bildirin.<\/p>\n<table style=\"border-collapse: collapse; width: 100%; height: 184px;\">\n<tbody>\n<tr style=\"height: 184px;\">\n<td style=\"width: 33.3333%; height: 184px;\">\n<h4 style=\"text-align: center;\">Marangoz<\/h4>\n<p><img decoding=\"async\" class=\"size-full wp-image-53 aligncenter\" src=\"https:\/\/www.onlinemarangoz.com.tr\/Kartal\/wp-content\/uploads\/Kartal-Marangoz-Tezcan-Usta.jpg\" alt=\"\" width=\"300\" height=\"200\" \/><\/td>\n<td style=\"width: 33.3333%; height: 184px;\">\n<h5 style=\"text-align: center;\">Marangoz Ustas\u0131<\/h5>\n<p><img decoding=\"async\" class=\"aligncenter wp-image-51 size-full\" src=\"https:\/\/www.onlinemarangoz.com.tr\/Kartal\/wp-content\/uploads\/Kartal-Marangoz-Usta-Servis.jpg\" alt=\"\" width=\"300\" height=\"200\" \/><\/td>\n<td style=\"width: 33.3333%; height: 184px;\">\n<h6 style=\"text-align: center;\">Marangoz Servisi<\/h6>\n<p><img loading=\"lazy\" decoding=\"async\" class=\"aligncenter wp-image-55 size-full\" src=\"https:\/\/www.onlinemarangoz.com.tr\/Kartal\/wp-content\/uploads\/Kartal-Online-Marangoz-Tamirci-Tezcan-Usta.jpg\" alt=\"\" width=\"300\" height=\"200\" \/><\/td>\n<\/tr>\n<\/tbody>\n<\/table>\n<h3>Kartal Mobilya Tamir Servisi<\/h3>\n<table style=\"border-collapse: collapse; width: 100%;\">\n<tbody>\n<tr>\n<td style=\"width: 33.3333%;\">\n<h4>Ray Dolap Tamiri<\/h4>\n<p><img loading=\"lazy\" decoding=\"async\" class=\"size-full wp-image-49 aligncenter\" src=\"https:\/\/www.onlinemarangoz.com.tr\/Kartal\/wp-content\/uploads\/Kartal-Ray-Dolap-Tamiri.jpg\" alt=\"\" width=\"300\" height=\"300\" srcset=\"https:\/\/www.onlinemarangoz.com.tr\/Kartal\/wp-content\/uploads\/Kartal-Ray-Dolap-Tamiri.jpg 300w, https:\/\/www.onlinemarangoz.com.tr\/Kartal\/wp-content\/uploads\/Kartal-Ray-Dolap-Tamiri-150x150.jpg 150w, https:\/\/www.onlinemarangoz.com.tr\/Kartal\/wp-content\/uploads\/Kartal-Ray-Dolap-Tamiri-90x90.jpg 90w\" sizes=\"(max-width: 300px) 100vw, 300px\" \/><\/td>\n<td style=\"width: 33.3333%;\">\n<h5>Ray Dolap Kapak Mekanizma Tamiri<\/h5>\n<p><img loading=\"lazy\" decoding=\"async\" class=\"size-full wp-image-47 aligncenter\" src=\"https:\/\/www.onlinemarangoz.com.tr\/Kartal\/wp-content\/uploads\/Kartal-Ray-Dolap-Kapak-Sistemleri-Tamiri.jpg\" alt=\"\" width=\"300\" height=\"300\" srcset=\"https:\/\/www.onlinemarangoz.com.tr\/Kartal\/wp-content\/uploads\/Kartal-Ray-Dolap-Kapak-Sistemleri-Tamiri.jpg 300w, https:\/\/www.onlinemarangoz.com.tr\/Kartal\/wp-content\/uploads\/Kartal-Ray-Dolap-Kapak-Sistemleri-Tamiri-150x150.jpg 150w, https:\/\/www.onlinemarangoz.com.tr\/Kartal\/wp-content\/uploads\/Kartal-Ray-Dolap-Kapak-Sistemleri-Tamiri-90x90.jpg 90w\" sizes=\"(max-width: 300px) 100vw, 300px\" \/><\/td>\n<td style=\"width: 33.3333%;\">\n<h6>Ray Dolap Kapak Fren Sistemleri Tamiri<\/h6>\n<p><img loading=\"lazy\" decoding=\"async\" class=\"size-full wp-image-48 aligncenter\" src=\"https:\/\/www.onlinemarangoz.com.tr\/Kartal\/wp-content\/uploads\/Kartal-Ray-Dolap-Kapak-Tamiri.jpg\" alt=\"\" width=\"300\" height=\"300\" srcset=\"https:\/\/www.onlinemarangoz.com.tr\/Kartal\/wp-content\/uploads\/Kartal-Ray-Dolap-Kapak-Tamiri.jpg 300w, https:\/\/www.onlinemarangoz.com.tr\/Kartal\/wp-content\/uploads\/Kartal-Ray-Dolap-Kapak-Tamiri-150x150.jpg 150w, https:\/\/www.onlinemarangoz.com.tr\/Kartal\/wp-content\/uploads\/Kartal-Ray-Dolap-Kapak-Tamiri-90x90.jpg 90w\" sizes=\"(max-width: 300px) 100vw, 300px\" \/><\/td>\n<\/tr>\n<\/tbody>\n<\/table>\n<h3>Kartal Mobilya Tamir Hizmetlerimiz<\/h3>\n<table style=\"border-collapse: collapse; width: 100%;\">\n<tbody>\n<tr>\n<td style=\"width: 33.3333%;\">\n<h4>Mutfak Dolap Tamiri<\/h4>\n<p><img loading=\"lazy\" decoding=\"async\" class=\"size-full wp-image-46 aligncenter\" src=\"https:\/\/www.onlinemarangoz.com.tr\/Kartal\/wp-content\/uploads\/Kartal-Mutfak-Dolap-Tamircisi.jpg\" alt=\"\" width=\"300\" height=\"300\" srcset=\"https:\/\/www.onlinemarangoz.com.tr\/Kartal\/wp-content\/uploads\/Kartal-Mutfak-Dolap-Tamircisi.jpg 300w, https:\/\/www.onlinemarangoz.com.tr\/Kartal\/wp-content\/uploads\/Kartal-Mutfak-Dolap-Tamircisi-150x150.jpg 150w, https:\/\/www.onlinemarangoz.com.tr\/Kartal\/wp-content\/uploads\/Kartal-Mutfak-Dolap-Tamircisi-90x90.jpg 90w\" sizes=\"(max-width: 300px) 100vw, 300px\" \/><\/td>\n<td style=\"width: 33.3333%;\">\n<h5>Mutfak Dolap Laminant Tezgah Montaj\u0131<\/h5>\n<p><img loading=\"lazy\" decoding=\"async\" class=\"size-full wp-image-44 aligncenter\" src=\"https:\/\/www.onlinemarangoz.com.tr\/Kartal\/wp-content\/uploads\/Kartal-Laminanat-Tezgah-Montaj.jpg\" alt=\"\" width=\"300\" height=\"300\" srcset=\"https:\/\/www.onlinemarangoz.com.tr\/Kartal\/wp-content\/uploads\/Kartal-Laminanat-Tezgah-Montaj.jpg 300w, https:\/\/www.onlinemarangoz.com.tr\/Kartal\/wp-content\/uploads\/Kartal-Laminanat-Tezgah-Montaj-150x150.jpg 150w, https:\/\/www.onlinemarangoz.com.tr\/Kartal\/wp-content\/uploads\/Kartal-Laminanat-Tezgah-Montaj-90x90.jpg 90w\" sizes=\"(max-width: 300px) 100vw, 300px\" \/><\/td>\n<td style=\"width: 33.3333%;\">\n<h6>Mutfak Dolap Kiler Ray\u0131 Tamiri<\/h6>\n<p><img loading=\"lazy\" decoding=\"async\" class=\"size-full wp-image-45 aligncenter\" src=\"https:\/\/www.onlinemarangoz.com.tr\/Kartal\/wp-content\/uploads\/Kartal-Mutfak-Dolap-Kiler-Rayi-Tamiri.jpg\" alt=\"\" width=\"300\" height=\"300\" srcset=\"https:\/\/www.onlinemarangoz.com.tr\/Kartal\/wp-content\/uploads\/Kartal-Mutfak-Dolap-Kiler-Rayi-Tamiri.jpg 300w, https:\/\/www.onlinemarangoz.com.tr\/Kartal\/wp-content\/uploads\/Kartal-Mutfak-Dolap-Kiler-Rayi-Tamiri-150x150.jpg 150w, https:\/\/www.onlinemarangoz.com.tr\/Kartal\/wp-content\/uploads\/Kartal-Mutfak-Dolap-Kiler-Rayi-Tamiri-90x90.jpg 90w\" sizes=\"(max-width: 300px) 100vw, 300px\" \/><\/td>\n<\/tr>\n<\/tbody>\n<\/table>\n<h3>Kartal Mobilya Tamir At\u00f6lyesi<\/h3>\n<table style=\"border-collapse: collapse; width: 100%;\">\n<tbody>\n<tr>\n<td style=\"width: 33.3333%;\">\n<h4>Mobilya Kap\u0131 Tamiri<\/h4>\n<p><img loading=\"lazy\" decoding=\"async\" class=\"size-full wp-image-43 aligncenter\" src=\"https:\/\/www.onlinemarangoz.com.tr\/Kartal\/wp-content\/uploads\/Kartal-Mobilya-Kapi-Tamircisi.jpg\" alt=\"\" width=\"300\" height=\"300\" srcset=\"https:\/\/www.onlinemarangoz.com.tr\/Kartal\/wp-content\/uploads\/Kartal-Mobilya-Kapi-Tamircisi.jpg 300w, https:\/\/www.onlinemarangoz.com.tr\/Kartal\/wp-content\/uploads\/Kartal-Mobilya-Kapi-Tamircisi-150x150.jpg 150w, https:\/\/www.onlinemarangoz.com.tr\/Kartal\/wp-content\/uploads\/Kartal-Mobilya-Kapi-Tamircisi-90x90.jpg 90w\" sizes=\"(max-width: 300px) 100vw, 300px\" \/><\/td>\n<td style=\"width: 33.3333%;\">\n<h5>Oda Kap\u0131 Tamiri<\/h5>\n<p><img loading=\"lazy\" decoding=\"async\" class=\"size-full wp-image-41 aligncenter\" src=\"https:\/\/www.onlinemarangoz.com.tr\/Kartal\/wp-content\/uploads\/Kartal-Mobilya-Kapi-Kilit-Tamiri.jpg\" alt=\"\" width=\"300\" height=\"300\" srcset=\"https:\/\/www.onlinemarangoz.com.tr\/Kartal\/wp-content\/uploads\/Kartal-Mobilya-Kapi-Kilit-Tamiri.jpg 300w, https:\/\/www.onlinemarangoz.com.tr\/Kartal\/wp-content\/uploads\/Kartal-Mobilya-Kapi-Kilit-Tamiri-150x150.jpg 150w, https:\/\/www.onlinemarangoz.com.tr\/Kartal\/wp-content\/uploads\/Kartal-Mobilya-Kapi-Kilit-Tamiri-90x90.jpg 90w\" sizes=\"(max-width: 300px) 100vw, 300px\" \/><\/td>\n<td style=\"width: 33.3333%;\">\n<h6>Oda Kap\u0131 Mente\u015fe Tamiri<\/h6>\n<p><img loading=\"lazy\" decoding=\"async\" class=\"size-full wp-image-42 aligncenter\" src=\"https:\/\/www.onlinemarangoz.com.tr\/Kartal\/wp-content\/uploads\/Kartal-Mobilya-Kapi-Mentese-Tamiri.jpg\" alt=\"\" width=\"350\" height=\"350\" srcset=\"https:\/\/www.onlinemarangoz.com.tr\/Kartal\/wp-content\/uploads\/Kartal-Mobilya-Kapi-Mentese-Tamiri.jpg 350w, https:\/\/www.onlinemarangoz.com.tr\/Kartal\/wp-content\/uploads\/Kartal-Mobilya-Kapi-Mentese-Tamiri-300x300.jpg 300w, https:\/\/www.onlinemarangoz.com.tr\/Kartal\/wp-content\/uploads\/Kartal-Mobilya-Kapi-Mentese-Tamiri-150x150.jpg 150w, https:\/\/www.onlinemarangoz.com.tr\/Kartal\/wp-content\/uploads\/Kartal-Mobilya-Kapi-Mentese-Tamiri-90x90.jpg 90w\" sizes=\"(max-width: 350px) 100vw, 350px\" \/><\/td>\n<\/tr>\n<\/tbody>\n<\/table>\n<h3>Kartal Mobilya Tamir Mobilya Tamirci<\/h3>\n<table style=\"border-collapse: collapse; width: 100%;\">\n<tbody>\n<tr>\n<td style=\"width: 33.3333%;\">\n<h4>Sandalye Tamiri<\/h4>\n<p><img loading=\"lazy\" decoding=\"async\" class=\"aligncenter wp-image-40 size-full\" src=\"https:\/\/www.onlinemarangoz.com.tr\/Kartal\/wp-content\/uploads\/Kartal-Sandalye-Tamircisi.jpg\" alt=\"\" width=\"300\" height=\"300\" srcset=\"https:\/\/www.onlinemarangoz.com.tr\/Kartal\/wp-content\/uploads\/Kartal-Sandalye-Tamircisi.jpg 300w, https:\/\/www.onlinemarangoz.com.tr\/Kartal\/wp-content\/uploads\/Kartal-Sandalye-Tamircisi-150x150.jpg 150w, https:\/\/www.onlinemarangoz.com.tr\/Kartal\/wp-content\/uploads\/Kartal-Sandalye-Tamircisi-90x90.jpg 90w\" sizes=\"(max-width: 300px) 100vw, 300px\" \/><\/td>\n<td style=\"width: 33.3333%;\">\n<h5>K\u0131r\u0131k Sandalye Tamiri<\/h5>\n<p><img loading=\"lazy\" decoding=\"async\" class=\"size-full wp-image-38 aligncenter\" src=\"https:\/\/www.onlinemarangoz.com.tr\/Kartal\/wp-content\/uploads\/Kartal-Kirik-Sandalye-Tamircisi.jpg\" alt=\"\" width=\"300\" height=\"300\" srcset=\"https:\/\/www.onlinemarangoz.com.tr\/Kartal\/wp-content\/uploads\/Kartal-Kirik-Sandalye-Tamircisi.jpg 300w, https:\/\/www.onlinemarangoz.com.tr\/Kartal\/wp-content\/uploads\/Kartal-Kirik-Sandalye-Tamircisi-150x150.jpg 150w, https:\/\/www.onlinemarangoz.com.tr\/Kartal\/wp-content\/uploads\/Kartal-Kirik-Sandalye-Tamircisi-90x90.jpg 90w\" sizes=\"(max-width: 300px) 100vw, 300px\" \/><\/td>\n<td style=\"width: 33.3333%;\">\n<h6>Sallanan Sandalye Tamiri<\/h6>\n<p><img loading=\"lazy\" decoding=\"async\" class=\"size-full wp-image-39 aligncenter\" src=\"https:\/\/www.onlinemarangoz.com.tr\/Kartal\/wp-content\/uploads\/Kartal-Sallanan-Sandalye-Tamircisi.jpg\" alt=\"\" width=\"300\" height=\"300\" srcset=\"https:\/\/www.onlinemarangoz.com.tr\/Kartal\/wp-content\/uploads\/Kartal-Sallanan-Sandalye-Tamircisi.jpg 300w, https:\/\/www.onlinemarangoz.com.tr\/Kartal\/wp-content\/uploads\/Kartal-Sallanan-Sandalye-Tamircisi-150x150.jpg 150w, https:\/\/www.onlinemarangoz.com.tr\/Kartal\/wp-content\/uploads\/Kartal-Sallanan-Sandalye-Tamircisi-90x90.jpg 90w\" sizes=\"(max-width: 300px) 100vw, 300px\" \/><\/td>\n<\/tr>\n<\/tbody>\n<\/table>\n<table style=\"border-collapse: collapse; width: 100%;\">\n<tbody>\n<tr>\n<td style=\"width: 33.3333%;\">\n<h4>Dolap \u00c7ekmece Ray Tamiri<\/h4>\n<p><img loading=\"lazy\" decoding=\"async\" class=\"size-full wp-image-37 aligncenter\" src=\"https:\/\/www.onlinemarangoz.com.tr\/Kartal\/wp-content\/uploads\/Kartal-Dolap-Cekmeceleri-Ray-Tamiri.jpg\" alt=\"\" width=\"300\" height=\"300\" srcset=\"https:\/\/www.onlinemarangoz.com.tr\/Kartal\/wp-content\/uploads\/Kartal-Dolap-Cekmeceleri-Ray-Tamiri.jpg 300w, https:\/\/www.onlinemarangoz.com.tr\/Kartal\/wp-content\/uploads\/Kartal-Dolap-Cekmeceleri-Ray-Tamiri-150x150.jpg 150w, https:\/\/www.onlinemarangoz.com.tr\/Kartal\/wp-content\/uploads\/Kartal-Dolap-Cekmeceleri-Ray-Tamiri-90x90.jpg 90w\" sizes=\"(max-width: 300px) 100vw, 300px\" \/><\/td>\n<td style=\"width: 33.3333%;\">\n<h5>\u00c7ekmece Ray Tamiri<\/h5>\n<p><img loading=\"lazy\" decoding=\"async\" class=\"size-full wp-image-35 aligncenter\" src=\"https:\/\/www.onlinemarangoz.com.tr\/Kartal\/wp-content\/uploads\/Kartal-Dolap-Cekmece-Ray-Tamir-Hizmeti.jpg\" alt=\"\" width=\"300\" height=\"300\" srcset=\"https:\/\/www.onlinemarangoz.com.tr\/Kartal\/wp-content\/uploads\/Kartal-Dolap-Cekmece-Ray-Tamir-Hizmeti.jpg 300w, https:\/\/www.onlinemarangoz.com.tr\/Kartal\/wp-content\/uploads\/Kartal-Dolap-Cekmece-Ray-Tamir-Hizmeti-150x150.jpg 150w, https:\/\/www.onlinemarangoz.com.tr\/Kartal\/wp-content\/uploads\/Kartal-Dolap-Cekmece-Ray-Tamir-Hizmeti-90x90.jpg 90w\" sizes=\"(max-width: 300px) 100vw, 300px\" \/><\/td>\n<td style=\"width: 33.3333%;\">\n<h6>Frenli \u00c7ekmece Ray Tamiri<\/h6>\n<p><img loading=\"lazy\" decoding=\"async\" class=\"size-full wp-image-36 aligncenter\" src=\"https:\/\/www.onlinemarangoz.com.tr\/Kartal\/wp-content\/uploads\/Kartal-Dolap-Cekmece-Ray-Tamircisi.jpg\" alt=\"\" width=\"300\" height=\"300\" srcset=\"https:\/\/www.onlinemarangoz.com.tr\/Kartal\/wp-content\/uploads\/Kartal-Dolap-Cekmece-Ray-Tamircisi.jpg 300w, https:\/\/www.onlinemarangoz.com.tr\/Kartal\/wp-content\/uploads\/Kartal-Dolap-Cekmece-Ray-Tamircisi-150x150.jpg 150w, https:\/\/www.onlinemarangoz.com.tr\/Kartal\/wp-content\/uploads\/Kartal-Dolap-Cekmece-Ray-Tamircisi-90x90.jpg 90w\" sizes=\"(max-width: 300px) 100vw, 300px\" \/><\/td>\n<\/tr>\n<\/tbody>\n<\/table>\n<table style=\"border-collapse: collapse; width: 100%;\">\n<tbody>\n<tr>\n<td style=\"width: 33.3333%;\">\n<h4>Dolap Kapak Mente\u015fe Tamiri<\/h4>\n<p><img loading=\"lazy\" decoding=\"async\" class=\"aligncenter wp-image-32 size-full\" src=\"https:\/\/www.onlinemarangoz.com.tr\/Kartal\/wp-content\/uploads\/Kartal-Dolap-Kapak-Mentese-Tamir-Hizmeti.jpg\" alt=\"\" width=\"300\" height=\"300\" srcset=\"https:\/\/www.onlinemarangoz.com.tr\/Kartal\/wp-content\/uploads\/Kartal-Dolap-Kapak-Mentese-Tamir-Hizmeti.jpg 300w, https:\/\/www.onlinemarangoz.com.tr\/Kartal\/wp-content\/uploads\/Kartal-Dolap-Kapak-Mentese-Tamir-Hizmeti-150x150.jpg 150w, https:\/\/www.onlinemarangoz.com.tr\/Kartal\/wp-content\/uploads\/Kartal-Dolap-Kapak-Mentese-Tamir-Hizmeti-90x90.jpg 90w\" sizes=\"(max-width: 300px) 100vw, 300px\" \/><\/td>\n<td style=\"width: 33.3333%;\">\n<h5>Kapak Mente\u015fe Tamiri<\/h5>\n<p><img loading=\"lazy\" decoding=\"async\" class=\"size-full wp-image-33 aligncenter\" src=\"https:\/\/www.onlinemarangoz.com.tr\/Kartal\/wp-content\/uploads\/Kartal-Dolap-Kapak-Mentese-Tamircisi.jpg\" alt=\"\" width=\"300\" height=\"300\" srcset=\"https:\/\/www.onlinemarangoz.com.tr\/Kartal\/wp-content\/uploads\/Kartal-Dolap-Kapak-Mentese-Tamircisi.jpg 300w, https:\/\/www.onlinemarangoz.com.tr\/Kartal\/wp-content\/uploads\/Kartal-Dolap-Kapak-Mentese-Tamircisi-150x150.jpg 150w, https:\/\/www.onlinemarangoz.com.tr\/Kartal\/wp-content\/uploads\/Kartal-Dolap-Kapak-Mentese-Tamircisi-90x90.jpg 90w\" sizes=\"(max-width: 300px) 100vw, 300px\" \/><\/td>\n<td style=\"width: 33.3333%;\">Dolap Kapak Amortis\u00f6r\u00fc Tamiri<\/p>\n<p><img loading=\"lazy\" decoding=\"async\" class=\"size-full wp-image-34 aligncenter\" src=\"https:\/\/www.onlinemarangoz.com.tr\/Kartal\/wp-content\/uploads\/Kartal-Mutfak-Dolap-Kapak-Amortisoru-Tamir.jpg\" alt=\"\" width=\"300\" height=\"300\" srcset=\"https:\/\/www.onlinemarangoz.com.tr\/Kartal\/wp-content\/uploads\/Kartal-Mutfak-Dolap-Kapak-Amortisoru-Tamir.jpg 300w, https:\/\/www.onlinemarangoz.com.tr\/Kartal\/wp-content\/uploads\/Kartal-Mutfak-Dolap-Kapak-Amortisoru-Tamir-150x150.jpg 150w, https:\/\/www.onlinemarangoz.com.tr\/Kartal\/wp-content\/uploads\/Kartal-Mutfak-Dolap-Kapak-Amortisoru-Tamir-90x90.jpg 90w\" sizes=\"(max-width: 300px) 100vw, 300px\" \/><\/td>\n<\/tr>\n<\/tbody>\n<\/table>\n<table style=\"border-collapse: collapse; width: 100%;\">\n<tbody>\n<tr>\n<td style=\"width: 50%;\">\n<p><figure id=\"attachment_59\" aria-describedby=\"caption-attachment-59\" style=\"width: 500px\" class=\"wp-caption aligncenter\"><a href=\"https:\/\/wa.me\/+905548581312\" target=\"_blank\" rel=\"noopener\"><img loading=\"lazy\" decoding=\"async\" class=\"wp-image-59 size-full\" title=\"Tezcan Usta Whatsapp Hemen T\u0131kla Mesaj At\" src=\"https:\/\/www.onlinemarangoz.com.tr\/Kartal\/wp-content\/uploads\/Kartal-Marangoz-Whatsapp-Tikla-Mesaj-At.jpg\" alt=\"Tezcan Usta Whatsapp Hemen T\u0131kla Mesaj At\" width=\"500\" height=\"250\" srcset=\"https:\/\/www.onlinemarangoz.com.tr\/Kartal\/wp-content\/uploads\/Kartal-Marangoz-Whatsapp-Tikla-Mesaj-At.jpg 500w, https:\/\/www.onlinemarangoz.com.tr\/Kartal\/wp-content\/uploads\/Kartal-Marangoz-Whatsapp-Tikla-Mesaj-At-300x150.jpg 300w\" sizes=\"(max-width: 500px) 100vw, 500px\" \/><\/a><figcaption id=\"caption-attachment-59\" class=\"wp-caption-text\">Tezcan Usta Whatsapp Hemen T\u0131kla Mesaj At<\/figcaption><\/figure><\/td>\n<td style=\"width: 50%;\">\n<h6>Kartal Mobilya Tamir Hizmetlerimiz Telefon<\/h6>\n<p style=\"text-align: center;\"><em><strong>Kartal Mobilya Tamir Hizmetlerimiz Telefon<\/strong>\u00a0:!<span lang=\"en\">\u00a0Marangoz Ustas\u0131, Marangoz Usta Servisi, Marangoz Usta Hizmeti Marangoz Mobilya Tamir Ustas\u0131, Marangoz Mobilya Tamir Ustas\u0131, Marangoz Mobilya Ustas\u0131, Marangoz Usta Servis i\u00e7in Pazartesi&#8217;den Cumartesi&#8217;ye 9.00 &#8211; 20.00 saatleri aras\u0131nda\u00a0<\/span><span lang=\"en\">0554 858 1312&#8242; numaral\u0131 telefondan\u00a0<\/span><span lang=\"en\">ula\u015fman\u0131z yeterli..<\/span><\/em><\/p>\n<\/td>\n<\/tr>\n<tr>\n<td style=\"width: 50%;\">\n<h5><span style=\"font-size: 15px; letter-spacing: 0.5px; word-spacing: 0.5px;\">Kartal Mobilya Tamir Hizmetlerimiz \u0130leti\u015fim<\/span><\/h5>\n<p style=\"text-align: center;\"><em><strong>Kartal Mobilya Tamir Hizmetlerimiz \u0130leti\u015fim<\/strong>\u00a0:!\u00a0<strong><a href=\"https:\/\/www.onlinemarangoz.com.tr\/\" target=\"_blank\" rel=\"noopener\"><span style=\"color: #0000ff;\">Marangoz<\/span><\/a><\/strong>, Marangoz Ustas\u0131, Marangoz Usta Servisi, Marangoz Usta Hizmeti Marangoz Mobilya Tamir Ustas\u0131, Marangoz Mobilya Tamir Ustas\u0131, Marangoz Mobilya Ustas\u0131, Marangoz Usta Servis Hizmeti,\u00a0<span lang=\"en\">Yard\u0131m etmek i\u00e7in yapabilece\u011fim bir \u015fey varsa l\u00fctfen\u00a0<\/span><span lang=\"en\">pazartesi&#8217;den Cumartesi&#8217;ye 9.00 &#8211; 20.00 saatleri aras\u0131nda Kartal Mobilya Tamir Hizmetlerimiz \u0130leti\u015fim\u00a0<\/span><span lang=\"en\">0554 858 1312&#8242; numaral\u0131 telefondan bize bildirin.<\/span><\/em><\/p>\n<\/td>\n<td style=\"width: 50%;\">\n<p><figure id=\"attachment_58\" aria-describedby=\"caption-attachment-58\" style=\"width: 500px\" class=\"wp-caption aligncenter\"><a href=\"tel:\/\/+905548581312\" target=\"_blank\" rel=\"noopener\"><img loading=\"lazy\" decoding=\"async\" class=\"wp-image-58 size-full\" title=\"Tezcan Usta Telefon Hemen T\u0131kla Ara\" src=\"https:\/\/www.onlinemarangoz.com.tr\/Kartal\/wp-content\/uploads\/Kartal-Marangoz-Telefon.jpg\" alt=\"Tezcan Usta Telefon Hemen T\u0131kla Ara\" width=\"500\" height=\"250\" srcset=\"https:\/\/www.onlinemarangoz.com.tr\/Kartal\/wp-content\/uploads\/Kartal-Marangoz-Telefon.jpg 500w, https:\/\/www.onlinemarangoz.com.tr\/Kartal\/wp-content\/uploads\/Kartal-Marangoz-Telefon-300x150.jpg 300w\" sizes=\"(max-width: 500px) 100vw, 500px\" \/><\/a><figcaption id=\"caption-attachment-58\" class=\"wp-caption-text\">Tezcan Usta Telefon Hemen T\u0131kla Ara<\/figcaption><\/figure><\/td>\n<\/tr>\n<\/tbody>\n<\/table>\n\n\n<div class=\"kk-star-ratings kksr-auto kksr-align-left kksr-valign-bottom\"\n    data-payload='{&quot;align&quot;:&quot;left&quot;,&quot;id&quot;:&quot;202&quot;,&quot;slug&quot;:&quot;default&quot;,&quot;valign&quot;:&quot;bottom&quot;,&quot;ignore&quot;:&quot;&quot;,&quot;reference&quot;:&quot;auto&quot;,&quot;class&quot;:&quot;&quot;,&quot;count&quot;:&quot;1&quot;,&quot;legendonly&quot;:&quot;&quot;,&quot;readonly&quot;:&quot;&quot;,&quot;score&quot;:&quot;5&quot;,&quot;starsonly&quot;:&quot;&quot;,&quot;best&quot;:&quot;5&quot;,&quot;gap&quot;:&quot;5&quot;,&quot;greet&quot;:&quot;Kartal Marangoz\u00a0\u2692\ufe0f\u00a0&quot;,&quot;legend&quot;:&quot;Kartal Marangoz \u2692\ufe0f\u00a01&quot;,&quot;size&quot;:&quot;24&quot;,&quot;title&quot;:&quot;Kartal Mobilya Tamir Hizmetlerimiz&quot;,&quot;width&quot;:&quot;142.5&quot;,&quot;_legend&quot;:&quot;Kartal Marangoz \u2692\ufe0f\u00a0{count}&quot;,&quot;font_factor&quot;:&quot;1.25&quot;}'>\n            \n<div class=\"kksr-stars\">\n    \n<div class=\"kksr-stars-inactive\">\n            <div class=\"kksr-star\" data-star=\"1\" style=\"padding-right: 5px\">\n            \n\n<div class=\"kksr-icon\" style=\"width: 24px; height: 24px;\"><\/div>\n        <\/div>\n            <div class=\"kksr-star\" data-star=\"2\" style=\"padding-right: 5px\">\n            \n\n<div class=\"kksr-icon\" style=\"width: 24px; height: 24px;\"><\/div>\n        <\/div>\n            <div class=\"kksr-star\" data-star=\"3\" style=\"padding-right: 5px\">\n            \n\n<div class=\"kksr-icon\" style=\"width: 24px; height: 24px;\"><\/div>\n        <\/div>\n            <div class=\"kksr-star\" data-star=\"4\" style=\"padding-right: 5px\">\n            \n\n<div class=\"kksr-icon\" style=\"width: 24px; height: 24px;\"><\/div>\n        <\/div>\n            <div class=\"kksr-star\" data-star=\"5\" style=\"padding-right: 5px\">\n            \n\n<div class=\"kksr-icon\" style=\"width: 24px; height: 24px;\"><\/div>\n        <\/div>\n    <\/div>\n    \n<div class=\"kksr-stars-active\" style=\"width: 142.5px;\">\n            <div class=\"kksr-star\" style=\"padding-right: 5px\">\n            \n\n<div class=\"kksr-icon\" style=\"width: 24px; height: 24px;\"><\/div>\n        <\/div>\n            <div class=\"kksr-star\" style=\"padding-right: 5px\">\n            \n\n<div class=\"kksr-icon\" style=\"width: 24px; height: 24px;\"><\/div>\n        <\/div>\n            <div class=\"kksr-star\" style=\"padding-right: 5px\">\n            \n\n<div class=\"kksr-icon\" style=\"width: 24px; height: 24px;\"><\/div>\n        <\/div>\n            <div class=\"kksr-star\" style=\"padding-right: 5px\">\n            \n\n<div class=\"kksr-icon\" style=\"width: 24px; height: 24px;\"><\/div>\n        <\/div>\n            <div class=\"kksr-star\" style=\"padding-right: 5px\">\n            \n\n<div class=\"kksr-icon\" style=\"width: 24px; height: 24px;\"><\/div>\n        <\/div>\n    <\/div>\n<\/div>\n                \n\n<div class=\"kksr-legend\" style=\"font-size: 19.2px;\">\n            Kartal Marangoz \u2692\ufe0f\u00a01    <\/div>\n    <\/div>\n","protected":false},"excerpt":{"rendered":"<p>Kartal Mobilya Tamir Hizmetlerimiz * Marangoz Telefon !! 0554 858 1312 \u0130stanbul Anadolu Yakas\u0131 Kartal Mobilya Tamir Hizmetlerimiz .|. Servisi, hizmetimizde t\u00fcm mobilya tak\u0131mlar\u0131n\u0131, \u00f6zellikle de ah\u015fap mobilyay\u0131 de\u011fi\u015ftirmek \u00e7ok pahal\u0131 olabilir ancak profesyonel bir mobilya tamir uzman\u0131, eski ve&#8230; <a class=\"di-continue-reading\" href=\"https:\/\/www.onlinemarangoz.com.tr\/Kartal\/kartal-mobilya-tamir-hizmetlerimiz\/\"> Continue Reading&#8230;<\/a><\/p>\n","protected":false},"author":1,"featured_media":0,"parent":0,"menu_order":9,"comment_status":"closed","ping_status":"closed","template":"","meta":{"footnotes":""},"categories":[1],"tags":[222,224,226,220,221,223,225],"class_list":["post-202","page","type-page","status-publish","hentry","category-kartal-mobilya-tamir-montaj-servisi","tag-hizmetlerimiz-mobilya-tamiri","tag-kartal-marangoz-hizmetlerimiz","tag-kartal-mobilya-montaj-ustasi-hizmetlerimiz","tag-kartal-mobilya-tamir-hizmetlerimiz","tag-kartal-mobilya-tamir-hizmetlerimiz-telefon","tag-kartal-mobilya-tamircisi-hizmetlerimiz","tag-marangoz-ustasi-hizmetlerimiz"],"_links":{"self":[{"href":"https:\/\/www.onlinemarangoz.com.tr\/Kartal\/wp-json\/wp\/v2\/pages\/202","targetHints":{"allow":["GET"]}}],"collection":[{"href":"https:\/\/www.onlinemarangoz.com.tr\/Kartal\/wp-json\/wp\/v2\/pages"}],"about":[{"href":"https:\/\/www.onlinemarangoz.com.tr\/Kartal\/wp-json\/wp\/v2\/types\/page"}],"author":[{"embeddable":true,"href":"https:\/\/www.onlinemarangoz.com.tr\/Kartal\/wp-json\/wp\/v2\/users\/1"}],"replies":[{"embeddable":true,"href":"https:\/\/www.onlinemarangoz.com.tr\/Kartal\/wp-json\/wp\/v2\/comments?post=202"}],"version-history":[{"count":0,"href":"https:\/\/www.onlinemarangoz.com.tr\/Kartal\/wp-json\/wp\/v2\/pages\/202\/revisions"}],"wp:attachment":[{"href":"https:\/\/www.onlinemarangoz.com.tr\/Kartal\/wp-json\/wp\/v2\/media?parent=202"}],"wp:term":[{"taxonomy":"category","embeddable":true,"href":"https:\/\/www.onlinemarangoz.com.tr\/Kartal\/wp-json\/wp\/v2\/categories?post=202"},{"taxonomy":"post_tag","embeddable":true,"href":"https:\/\/www.onlinemarangoz.com.tr\/Kartal\/wp-json\/wp\/v2\/tags?post=202"}],"curies":[{"name":"wp","href":"https:\/\/api.w.org\/{rel}","templated":true}]}}