{"id":205,"date":"2024-01-07T22:40:28","date_gmt":"2024-01-07T19:40:28","guid":{"rendered":"https:\/\/www.onlinemarangoz.com.tr\/Kartal\/?page_id=205"},"modified":"2024-01-08T09:46:47","modified_gmt":"2024-01-08T06:46:47","slug":"hakkimizda","status":"publish","type":"page","link":"https:\/\/www.onlinemarangoz.com.tr\/Kartal\/hakkimizda\/","title":{"rendered":"Hakk\u0131m\u0131zda"},"content":{"rendered":"<p>Hakk\u0131m\u0131zda<\/p>\n<p align=\"CENTER\">Bug\u00fcn m\u00fc\u015fterilerimize her zaman en y\u00fcksek kalite standartlar\u0131n\u0131 kar\u015f\u0131layan eksiksiz bir \u00fcr\u00fcn yelpazesi sunabiliyoruz. Amac\u0131m\u0131z m\u00fc\u015fterilerimize mobilya tamir montaja kadar s\u00fcrecin her a\u015famas\u0131nda kaliteli hizmet ve yard\u0131m sunmakt\u0131r. Mobilya Tamir Montaj Hizmeti etmekten ve b\u00f6lgemiz i\u00e7in bir referans noktas\u0131 olarak g\u00f6r\u00fclmekten gurur duyuyoruz.<\/p>\n<p align=\"CENTER\">Tecr\u00fcbemiz hizmetinizde<\/p>\n<p align=\"CENTER\">Mobilya Tamiri&#8221; Mobilya Montaj&#8221; ihtiya\u00e7lar\u0131n\u0131z i\u00e7in ah\u015fap mobilya tamiri hizmeti, hasarl\u0131 veya y\u0131pranm\u0131\u015f mobilyalar\u0131n\u0131 onarmak i\u00e7in profesyonel ve g\u00fcvenilir bir \u00e7\u00f6z\u00fcm arayanlar i\u00e7in ideal bir se\u00e7imdir. Tecr\u00fcbemiz ve el i\u015f\u00e7ili\u011fine olan tutkum sayesinde, ah\u015fap mobilyalarda, k\u0131r\u0131lmadan eksik par\u00e7alar\u0131n de\u011fi\u015ftirilmesine kadar her t\u00fcrl\u00fc hasar\u0131 onarabiliyorum.<br \/>\nAh\u015fap mobilyalar\u0131n \u00e7o\u011fu zaman b\u00fcy\u00fck duygusal ve mirassal de\u011fere sahip nesneler oldu\u011funun fark\u0131nday\u0131m ve bu nedenle \u00f6zenli ve hassas bir onar\u0131m hizmeti sunmaya kendimi adad\u0131m.<\/p>\n<p align=\"CENTER\">Nihai sonucun en y\u00fcksek kalitesini sa\u011flamak i\u00e7in yaln\u0131zca en iyi malzemeleri ve ara\u00e7lar\u0131 kullan\u0131yorum.<\/p>\n<p align=\"CENTER\">Hasar tespitinden onar\u0131lan mobilyalar\u0131n teslimine kadar onar\u0131m s\u00fcrecinin her a\u015famas\u0131nda destek sunabiliyorum.<\/p>\n<p align=\"CENTER\">\u0130stanbul anadolu yakas\u0131nda faaliyet g\u00f6steriyor ve ah\u015fap mobilyalar\u0131n\u0131 onarmak i\u00e7in profesyonel ve g\u00fcvenilir bir \u00e7\u00f6z\u00fcm arayan herkese hizmetlerimi sunabildi\u011fim i\u00e7in mutluyum.<br \/>\nAh\u015fap bir mobilyay\u0131 tamir ettirmeniz gerekiyorsa ki\u015fisel tavsiye almak i\u00e7in benimle ileti\u015fime ge\u00e7mekten \u00e7ekinmeyin. Ah\u015fap mobilyalar\u0131n\u0131z\u0131n g\u00fczelli\u011fini ve i\u015flevselli\u011fini geri kazanman\u0131za yard\u0131mc\u0131 olmaya her zaman haz\u0131r\u0131m.<\/p>\n<table style=\"border-collapse: collapse; width: 100%;\">\n<tbody>\n<tr>\n<td>\n<h5 align=\"CENTER\">REKABET\u00c7\u0130 F\u0130YATLAR<\/h5>\n<\/td>\n<td>\n<h5 align=\"CENTER\">Y\u00dcKSEK KAL\u0130TE STANDARTLARI<\/h5>\n<\/td>\n<td>\n<h6>MEMNUN M\u00dc\u015eTER\u0130LER<\/h6>\n<\/td>\n<\/tr>\n<\/tbody>\n<\/table>\n\n\n<div class=\"kk-star-ratings kksr-auto kksr-align-left kksr-valign-bottom\"\n    data-payload='{&quot;align&quot;:&quot;left&quot;,&quot;id&quot;:&quot;205&quot;,&quot;slug&quot;:&quot;default&quot;,&quot;valign&quot;:&quot;bottom&quot;,&quot;ignore&quot;:&quot;&quot;,&quot;reference&quot;:&quot;auto&quot;,&quot;class&quot;:&quot;&quot;,&quot;count&quot;:&quot;1&quot;,&quot;legendonly&quot;:&quot;&quot;,&quot;readonly&quot;:&quot;&quot;,&quot;score&quot;:&quot;5&quot;,&quot;starsonly&quot;:&quot;&quot;,&quot;best&quot;:&quot;5&quot;,&quot;gap&quot;:&quot;5&quot;,&quot;greet&quot;:&quot;Kartal Marangoz\u00a0\u2692\ufe0f\u00a0&quot;,&quot;legend&quot;:&quot;Kartal Marangoz \u2692\ufe0f\u00a01&quot;,&quot;size&quot;:&quot;24&quot;,&quot;title&quot;:&quot;Hakk\u0131m\u0131zda&quot;,&quot;width&quot;:&quot;142.5&quot;,&quot;_legend&quot;:&quot;Kartal Marangoz \u2692\ufe0f\u00a0{count}&quot;,&quot;font_factor&quot;:&quot;1.25&quot;}'>\n            \n<div class=\"kksr-stars\">\n    \n<div class=\"kksr-stars-inactive\">\n            <div class=\"kksr-star\" data-star=\"1\" style=\"padding-right: 5px\">\n            \n\n<div class=\"kksr-icon\" style=\"width: 24px; height: 24px;\"><\/div>\n        <\/div>\n            <div class=\"kksr-star\" data-star=\"2\" style=\"padding-right: 5px\">\n            \n\n<div class=\"kksr-icon\" style=\"width: 24px; height: 24px;\"><\/div>\n        <\/div>\n            <div class=\"kksr-star\" data-star=\"3\" style=\"padding-right: 5px\">\n            \n\n<div class=\"kksr-icon\" style=\"width: 24px; height: 24px;\"><\/div>\n        <\/div>\n            <div class=\"kksr-star\" data-star=\"4\" style=\"padding-right: 5px\">\n            \n\n<div class=\"kksr-icon\" style=\"width: 24px; height: 24px;\"><\/div>\n        <\/div>\n            <div class=\"kksr-star\" data-star=\"5\" style=\"padding-right: 5px\">\n            \n\n<div class=\"kksr-icon\" style=\"width: 24px; height: 24px;\"><\/div>\n        <\/div>\n    <\/div>\n    \n<div class=\"kksr-stars-active\" style=\"width: 142.5px;\">\n            <div class=\"kksr-star\" style=\"padding-right: 5px\">\n            \n\n<div class=\"kksr-icon\" style=\"width: 24px; height: 24px;\"><\/div>\n        <\/div>\n            <div class=\"kksr-star\" style=\"padding-right: 5px\">\n            \n\n<div class=\"kksr-icon\" style=\"width: 24px; height: 24px;\"><\/div>\n        <\/div>\n            <div class=\"kksr-star\" style=\"padding-right: 5px\">\n            \n\n<div class=\"kksr-icon\" style=\"width: 24px; height: 24px;\"><\/div>\n        <\/div>\n            <div class=\"kksr-star\" style=\"padding-right: 5px\">\n            \n\n<div class=\"kksr-icon\" style=\"width: 24px; height: 24px;\"><\/div>\n        <\/div>\n            <div class=\"kksr-star\" style=\"padding-right: 5px\">\n            \n\n<div class=\"kksr-icon\" style=\"width: 24px; height: 24px;\"><\/div>\n        <\/div>\n    <\/div>\n<\/div>\n                \n\n<div class=\"kksr-legend\" style=\"font-size: 19.2px;\">\n            Kartal Marangoz \u2692\ufe0f\u00a01    <\/div>\n    <\/div>\n","protected":false},"excerpt":{"rendered":"<p>Hakk\u0131m\u0131zda Bug\u00fcn m\u00fc\u015fterilerimize her zaman en y\u00fcksek kalite standartlar\u0131n\u0131 kar\u015f\u0131layan eksiksiz bir \u00fcr\u00fcn yelpazesi sunabiliyoruz. Amac\u0131m\u0131z m\u00fc\u015fterilerimize mobilya tamir montaja kadar s\u00fcrecin her a\u015famas\u0131nda kaliteli hizmet ve yard\u0131m sunmakt\u0131r. Mobilya Tamir Montaj Hizmeti etmekten ve b\u00f6lgemiz i\u00e7in bir referans noktas\u0131&#8230; <a class=\"di-continue-reading\" href=\"https:\/\/www.onlinemarangoz.com.tr\/Kartal\/hakkimizda\/\"> Continue Reading&#8230;<\/a><\/p>\n","protected":false},"author":1,"featured_media":0,"parent":0,"menu_order":9,"comment_status":"closed","ping_status":"closed","template":"","meta":{"footnotes":""},"categories":[1],"tags":[227,229,228,232,233,230,231,234],"class_list":["post-205","page","type-page","status-publish","hentry","category-kartal-mobilya-tamir-montaj-servisi","tag-hakkimizda","tag-hakkimizda-mobilya-tamiri","tag-hakkimizda-telefon","tag-marangoz-ustasi-hakkimizda","tag-mobilya-montaj-ustasi-hakkimizda","tag-mobilya-tamircisi-hakkimizda","tag-umraniye-marangoz-hakkimizda","tag-umraniye-mobilya-tamircisi-hakkimizda"],"_links":{"self":[{"href":"https:\/\/www.onlinemarangoz.com.tr\/Kartal\/wp-json\/wp\/v2\/pages\/205","targetHints":{"allow":["GET"]}}],"collection":[{"href":"https:\/\/www.onlinemarangoz.com.tr\/Kartal\/wp-json\/wp\/v2\/pages"}],"about":[{"href":"https:\/\/www.onlinemarangoz.com.tr\/Kartal\/wp-json\/wp\/v2\/types\/page"}],"author":[{"embeddable":true,"href":"https:\/\/www.onlinemarangoz.com.tr\/Kartal\/wp-json\/wp\/v2\/users\/1"}],"replies":[{"embeddable":true,"href":"https:\/\/www.onlinemarangoz.com.tr\/Kartal\/wp-json\/wp\/v2\/comments?post=205"}],"version-history":[{"count":0,"href":"https:\/\/www.onlinemarangoz.com.tr\/Kartal\/wp-json\/wp\/v2\/pages\/205\/revisions"}],"wp:attachment":[{"href":"https:\/\/www.onlinemarangoz.com.tr\/Kartal\/wp-json\/wp\/v2\/media?parent=205"}],"wp:term":[{"taxonomy":"category","embeddable":true,"href":"https:\/\/www.onlinemarangoz.com.tr\/Kartal\/wp-json\/wp\/v2\/categories?post=205"},{"taxonomy":"post_tag","embeddable":true,"href":"https:\/\/www.onlinemarangoz.com.tr\/Kartal\/wp-json\/wp\/v2\/tags?post=205"}],"curies":[{"name":"wp","href":"https:\/\/api.w.org\/{rel}","templated":true}]}}