{"id":393,"date":"2024-02-11T18:05:34","date_gmt":"2024-02-11T15:05:34","guid":{"rendered":"https:\/\/www.onlinemarangoz.com.tr\/Kartal\/?page_id=393"},"modified":"2024-03-15T00:56:19","modified_gmt":"2024-03-14T21:56:19","slug":"kartal-mobilya-montaj","status":"publish","type":"page","link":"https:\/\/www.onlinemarangoz.com.tr\/Kartal\/kartal-mobilya-montaj\/","title":{"rendered":"Kartal Mobilya Montaj"},"content":{"rendered":"<p>Kartal Mobilya Montaj &#8216;!&#8217; Mobilya Montaj Telefon &#8221;0554 858 1312 \u0130stanbul Anadolu Yakas\u0131 Kartal Mobilya Montaj&#8221; Deneyimli ve dinamik bir usta ile \u00e7al\u0131\u015fmak ister misiniz? Do\u011fru ustay\u0131 do\u011fru zamanda bulmak zor olabilir. Bu nedenle bizimle i\u015fbirli\u011finin basit ve sorunsuz oldu\u011fundan ba\u015flang\u0131\u00e7 olarak, sonu\u00e7lar\u0131m\u0131z\u0131, becerilerimizi ve sundu\u011fumuz hizmet yelpazesi hakk\u0131nda daha fazlas\u0131n\u0131 web sitemizde bulabilirsiniz. Ard\u0131ndan, Mobilya Montaj ihtiya\u00e7lar\u0131n\u0131z\u0131 tart\u0131\u015fmaya haz\u0131r oldu\u011funuzda veya sadece k\u00fc\u00e7\u00fck bir tavsiyeye ve y\u00f6nlendirmeye ihtiya\u00e7 duydu\u011funuzda ekiple ileti\u015fime ge\u00e7in, biz de sizin i\u00e7in do\u011fru \u00e7\u00f6z\u00fcm\u00fc bulal\u0131m. Kartal Mobilya Dolap Montaj&#8221; ne kadar zamana duyarl\u0131 oldu\u011fumuzu \u015f\u00fcphesiz anlayacaks\u0131n\u0131z. Demonte, Mod\u00fcler mobilyalar\u0131n h\u0131zl\u0131 bir \u015fekilde monte edilmesine ihtiya\u00e7 duydu\u011funuzda, ekibimizin beklentilerinizi yaln\u0131zca kar\u015f\u0131lamakla kalmay\u0131p a\u015faca\u011f\u0131na da g\u00fcvenebilirsiniz. Profesyonel, \u00e7al\u0131\u015fkan ve vas\u0131fl\u0131 i\u015f g\u00fcc\u00fcm\u00fcz, Kartal Mobilya Gardolap Montaj&#8221; m\u00fcmk\u00fcn olan en k\u0131sa s\u00fcrede ekibimiz her zaman a\u00e7\u0131k ve \u015feffaft\u0131r. Amac\u0131m\u0131z \u015fehirdeki en rekabet\u00e7i d\u00fcz paket mobilya kurulum hizmeti olmakt\u0131r. Kartal Mobilya Montaj&#8221; l\u00fctfen bize bildirin elimizden gelenin en iyisini yapaca\u011f\u0131z. Marka veya model olursa olsun, mobilya montaj, i\u00e7in ihtiyac\u0131n\u0131z olan \u00e7\u00f6z\u00fcmleri sa\u011flayacak uzmanl\u0131\u011fa sahibiz.<\/p>\n<figure id=\"attachment_395\" aria-describedby=\"caption-attachment-395\" style=\"width: 500px\" class=\"wp-caption alignright\"><img fetchpriority=\"high\" decoding=\"async\" class=\"size-full wp-image-395\" src=\"https:\/\/www.onlinemarangoz.com.tr\/Kartal\/wp-content\/uploads\/Kartal-Mobilya-Montaj-Servis.jpg\" alt=\"Kartal Mobilya Montaj\" width=\"500\" height=\"250\" srcset=\"https:\/\/www.onlinemarangoz.com.tr\/Kartal\/wp-content\/uploads\/Kartal-Mobilya-Montaj-Servis.jpg 500w, https:\/\/www.onlinemarangoz.com.tr\/Kartal\/wp-content\/uploads\/Kartal-Mobilya-Montaj-Servis-300x150.jpg 300w\" sizes=\"(max-width: 500px) 100vw, 500px\" \/><figcaption id=\"caption-attachment-395\" class=\"wp-caption-text\">Kartal Mobilya Montaj<\/figcaption><\/figure>\n<h2 style=\"text-align: center;\">Kartal Mobilya Montaj<\/h2>\n<p style=\"text-align: center;\">Kartal Mobilya Montaj&#8221; \u0130htiya\u00e7lar\u0131n\u0131zda Nas\u0131l yard\u0131mc\u0131 olabiliriz?<\/p>\n<p style=\"text-align: center;\">Kartal Mobilya Montaj&#8221; servis ihtiya\u00e7lar\u0131n\u0131za do\u011fru yan\u0131tlar\u0131 alman\u0131z\u0131 sa\u011fl\u0131yoruz. Bize sorunlar\u0131n\u0131z\u0131 anlat\u0131n, sorunlar\u0131n\u0131za do\u011fru \u00e7\u00f6z\u00fcm\u00fc bulal\u0131m. Mobilya Montaj, Tv \u00dcnitesi Montaj, Mobilya Dolap Montaj, Mobilya Gardolap Montaj, Yatak Odas\u0131 Dolap Montaj&#8221; 0554 858 1312 numaray\u0131 kullanarak bize whatsapp mesaj g\u00f6nderin veya bize 0554 858 1312 nolu telefondan ileti\u015fime ge\u00e7in. &#8221;<strong>Kartal Mobilya Dolap Montaj<\/strong>&#8221; \u0130htiyac\u0131n\u0131z olan \u00e7\u00f6z\u00fcmleri bulman\u0131za yard\u0131mc\u0131 olal\u0131m.<\/p>\n<table style=\"border-collapse: collapse; width: 100%;\">\n<tbody>\n<tr>\n<td style=\"width: 25%; text-align: center;\">\n<h3><i style=\"font-size: 15px; letter-spacing: 0.5px; word-spacing: 0.5px;\"><b>Kartal Mobilya Dolap Montaj<\/b><\/i><\/h3>\n<\/td>\n<td style=\"width: 25%; text-align: center;\">\n<h4><i style=\"font-size: 15px; letter-spacing: 0.5px; word-spacing: 0.5px;\"><b>Kartal Tv \u00dcnitesi Montaj<\/b><\/i><\/h4>\n<\/td>\n<td style=\"width: 25%; text-align: center;\">\n<h5><i style=\"font-size: 15px; letter-spacing: 0.5px; word-spacing: 0.5px;\"><b>Kartal Mobilya Gardolap Montaj<\/b><\/i><\/h5>\n<\/td>\n<td style=\"width: 25%; text-align: center;\">\n<h6><i style=\"font-size: 15px; letter-spacing: 0.5px; word-spacing: 0.5px;\"><b>Kartal Yatak Odas\u0131 Dolap Montaj<\/b><\/i><\/h6>\n<\/td>\n<\/tr>\n<\/tbody>\n<\/table>\n<h6 style=\"text-align: center;\" align=\"CENTER\">Kartal Mobilya Dolap Montaj<\/h6>\n<p>Kartal Mobilya Dolap Montaj&#8221; ve demontaj\u0131 konusunda \u00e7ok y\u00f6nl\u00fc bir usta ar\u0131yorsan\u0131z bize ba\u015fvurabilirsiniz. Kartal Mobilya Gardolap Montaj&#8221; yap\u0131labilecek her \u015fey hizmetinizdedir. \u0130\u015fin k\u0131sa s\u00fcrede ve son derece profesyonelce yap\u0131lmas\u0131 m\u00fcmk\u00fcn olacakt\u0131r. Y\u0131llard\u0131r m\u00fc\u015fterilerimize son derece rekabet\u00e7i fiyatlarla sunuyoruz. Kartal Mobilya Dolap Montaj&#8221; \u0130htiya\u00e7 duydu\u011funuz her an hizmetimizi kullanmay\u0131 se\u00e7ebilirsiniz. \u00c7ok y\u00f6nl\u00fc uzman\u0131m\u0131z, yaln\u0131zca ev mobilyalar\u0131n\u0131n montaj\u0131 veya demontaj\u0131 i\u00e7in, ayn\u0131 zamanda &#8221;Kartal Yatak Odas\u0131 Dolap Montaj&#8221; vb. gibi di\u011fer bir\u00e7ok i\u015f i\u00e7in de \u00e7\u00f6z\u00fcm olarak marangoz hizmetleri, tamirci hizmetleri, ve daha fazlas\u0131n\u0131 sa\u011flayabiliriz.<\/p>\n<p><img decoding=\"async\" class=\"alignleft wp-image-192\" style=\"font-size: 15px; letter-spacing: 0.5px; word-spacing: 0.5px;\" src=\"https:\/\/www.onlinemarangoz.com.tr\/Kartal\/wp-content\/uploads\/Kartal-Rayli-Dolap-Tamiri.jpg\" alt=\"\" width=\"250\" height=\"250\" srcset=\"https:\/\/www.onlinemarangoz.com.tr\/Kartal\/wp-content\/uploads\/Kartal-Rayli-Dolap-Tamiri.jpg 300w, https:\/\/www.onlinemarangoz.com.tr\/Kartal\/wp-content\/uploads\/Kartal-Rayli-Dolap-Tamiri-150x150.jpg 150w, https:\/\/www.onlinemarangoz.com.tr\/Kartal\/wp-content\/uploads\/Kartal-Rayli-Dolap-Tamiri-90x90.jpg 90w\" sizes=\"(max-width: 250px) 100vw, 250px\" \/>Eksiksiz bir Kartal Mobilya Gardolap Montaj&#8221; \u00e7\u00f6z\u00fcm\u00fcne ihtiyac\u0131n\u0131z varsa veya k\u00fc\u00e7\u00fck ama zaman alan baz\u0131 &#8221;Mobilya Gardolap Montaj&#8221; halledilmesi gerekiyorsa, dost canl\u0131s\u0131 ve deneyimli profesyonellerden olu\u015fan ekibimiz hayat\u0131n\u0131z\u0131 sizin i\u00e7in kolayla\u015ft\u0131rmak i\u00e7in buraday\u0131z <span lang=\"en\">\u00c7o\u011fu durumda, mobilyalar\u0131n\u0131n montaj\u0131n\u0131 yetenekli bir profesyonel Kartal Mobilya Dolap Montaj&#8221; servisi taraf\u0131ndan yapt\u0131ran ki\u015filer, mobilyalar\u0131n\u0131 hi\u00e7bir zaman bak\u0131ma ihtiya\u00e7 duymazlar.<\/span><\/p>\n<p><span lang=\"en\"><img decoding=\"async\" class=\"alignright wp-image-400\" src=\"https:\/\/www.onlinemarangoz.com.tr\/Kartal\/wp-content\/uploads\/Kartal-Mobilya-DolP-Montaj-Ustasi.jpg\" alt=\"\" width=\"250\" height=\"250\" srcset=\"https:\/\/www.onlinemarangoz.com.tr\/Kartal\/wp-content\/uploads\/Kartal-Mobilya-DolP-Montaj-Ustasi.jpg 300w, https:\/\/www.onlinemarangoz.com.tr\/Kartal\/wp-content\/uploads\/Kartal-Mobilya-DolP-Montaj-Ustasi-150x150.jpg 150w, https:\/\/www.onlinemarangoz.com.tr\/Kartal\/wp-content\/uploads\/Kartal-Mobilya-DolP-Montaj-Ustasi-90x90.jpg 90w\" sizes=\"(max-width: 250px) 100vw, 250px\" \/><\/span><\/p>\n<p><strong>Kartal Mobilya Gardolap Montaj<\/strong>&#8221; Yapt\u0131\u011f\u0131m\u0131z i\u015ften memnun kalaca\u011f\u0131n\u0131za eminiz. Uzman ustalar, marangozlardan olu\u015fan ekibimiz son derece deneyimli ve tam e\u011fitimlidir. Yapt\u0131\u011f\u0131m\u0131z i\u015fler, ustalar\u0131m\u0131z i\u015flerinin arkas\u0131ndad\u0131rlar.<\/p>\n<p><strong>Kartal Mobilya Dolap Montaj<\/strong>&#8221; Ayr\u0131ca her hizmet i\u00e7in \u00fcretilen i\u015fin standard\u0131n\u0131 dikkatle izliyor, siz m\u00fc\u015fterilerimizi her t\u00fcrl\u00fc geri bildirimi (iyi veya k\u00f6t\u00fc) bizimle payla\u015fmaya te\u015fvik ediyoruz, Pazartesi&#8217;den \u00c7umartesi&#8217; ne&#8217; Sabah 09:00 \u2013 Ak\u015fam 20 : 00 ve Cumartesi sabah 09 : 00 \u2013 19 : 00 saatleri aras\u0131nda&#8221; (&#8216; Kartal Mobilya Montaj, Kartal Tv \u00dcnitesi Montaj, Kartal Mobilya Dolap Montaj, Kartal Mobilya Gardolap Montaj, Kartal Yatak Odas\u0131 Dolap Montaj &#8216;) &#8221; 0554 858 1312&#8221; numaral\u0131 telefondan bize Mobilya Montaj i\u00e7in ula\u015fabilir WhatsApp arac\u0131l\u0131\u011f\u0131yla do\u011frudan Mobilya Montaj Kurulum i\u00e7in mesaj g\u00f6nderebilirsiniz.<\/p>\n<table style=\"border-collapse: collapse; width: 100%;\">\n<tbody>\n<tr>\n<td>\n<ul>\n<li><em>Mobilya Montaj.?<\/em><\/li>\n<li><em>Ranza Montaj\u0131.?<\/em><\/li>\n<li><em>Gard\u0131rop Montaj\u0131.?<\/em><\/li>\n<li><em>\u00c7al\u0131\u015fma Masas\u0131 Montaj\u0131.?<\/em><\/li>\n<li><em>Yatak Odas\u0131 Dolap Montaj\u0131.?<\/em><\/li>\n<li><em>Demonte Mobilya Montaj.?<\/em><\/li>\n<li><em>Gen\u00e7 Odas\u0131 Dolap Montaj\u0131.?<\/em><\/li>\n<li><em>Demonte Gard\u0131rop Montaj\u0131.?<\/em><\/li>\n<li><em>Demonte Yatak Odas\u0131 Dolap Montaj\u0131.?<\/em><\/li>\n<\/ul>\n<\/td>\n<td style=\"width: 33.3333%;\">\n<ul>\n<li><em>Divan Montaj\u0131. ?<\/em><\/li>\n<li><em>Kitapl\u0131k Montaj\u0131. ?<\/em><\/li>\n<li><em>Karyola Montaj\u0131. ?<\/em><\/li>\n<li><em>\u015eifonyer Montaj\u0131. ?<\/em><\/li>\n<li><em>Tv \u00dcnitesi Montaj\u0131. ?<\/em><\/li>\n<li><em>Yemek Masas\u0131 Montaj\u0131. ?<\/em><\/li>\n<li><em>Bebek Karyolas\u0131 Montaj\u0131. ?<\/em><\/li>\n<li><em>Portmanto Dolap Montaj\u0131. ?<\/em><\/li>\n<\/ul>\n<\/td>\n<td style=\"width: 33.3333%;\">\n<ul>\n<li><em>Kiler Ray\u0131 Montaj\u0131.<\/em><\/li>\n<li><em>Ray Dolap Montaj.<\/em><\/li>\n<li><em>S\u00fcrg\u00fcl\u00fc Dolap Montaj.<\/em><\/li>\n<li><em>Mutfak Dolap Montaj\u0131.<\/em><\/li>\n<li><em>S\u00fcrg\u00fcl\u00fc Gard\u0131rop Montaj.<\/em><\/li>\n<li><em>Laminant Tezgah Montaj\u0131..<\/em><\/li>\n<li><em>Mod\u00fcler Mobilya Montaj.<\/em><\/li>\n<li><em>Mod\u00fcler Gard\u0131rop Montaj\u0131.<\/em><\/li>\n<li><em>Mod\u00fcler Yatak Odas\u0131 Dolap Montaj\u0131.<\/em><\/li>\n<\/ul>\n<\/td>\n<\/tr>\n<\/tbody>\n<\/table>\n<p align=\"CENTER\">Kartal Mobilya Montaj&#8221; Servisi M\u00fckemmel M\u00fc\u015fteri Hizmetleri<\/p>\n<p align=\"CENTER\">Kartal Mobilya Dolap Montaj&#8221; M\u00fc\u015fterilerimize m\u00fckemmel m\u00fc\u015fteri hizmetlerimizi, deneyimli ekibimizin yard\u0131m\u0131yla sevimli bir \u015fekilde sunmaktan mutluluk duyuyoruz.<\/p>\n<table style=\"border-collapse: collapse; width: 100%;\">\n<tbody>\n<tr>\n<td style=\"width: 20.7055%;\"><a href=\"https:\/\/wa.me\/+905548581312\" target=\"_blank\" rel=\"noopener\"><img loading=\"lazy\" decoding=\"async\" class=\"aligncenter wp-image-411 size-thumbnail\" title=\"WhatsApp Hemen T\u0131kla Mesaj At\" src=\"https:\/\/www.onlinemarangoz.com.tr\/Kartal\/wp-content\/uploads\/Kartal-Mobilya-Montaj-Servis-WhatsApp-150x150.jpg\" alt=\"WhatsApp Hemen T\u0131kla Mesaj At\" width=\"150\" height=\"150\" srcset=\"https:\/\/www.onlinemarangoz.com.tr\/Kartal\/wp-content\/uploads\/Kartal-Mobilya-Montaj-Servis-WhatsApp-150x150.jpg 150w, https:\/\/www.onlinemarangoz.com.tr\/Kartal\/wp-content\/uploads\/Kartal-Mobilya-Montaj-Servis-WhatsApp-90x90.jpg 90w, https:\/\/www.onlinemarangoz.com.tr\/Kartal\/wp-content\/uploads\/Kartal-Mobilya-Montaj-Servis-WhatsApp.jpg 200w\" sizes=\"(max-width: 150px) 100vw, 150px\" \/><\/a><\/td>\n<td style=\"width: 29.2945%;\">\n<p style=\"text-align: center;\"><a href=\"https:\/\/wa.me\/+905548581312\" target=\"_blank\" rel=\"noopener\"><strong><span style=\"font-size: 18pt;\">\u00a00554 858 1312<\/span><\/strong><\/a><\/p>\n<p style=\"text-align: center;\"><a href=\"https:\/\/wa.me\/+905548581312\" target=\"_blank\" rel=\"noopener\"><strong><span style=\"font-size: 18pt;\">WhatsApp Hemen T\u0131kla Mesaj At<\/span><\/strong><\/a><\/p>\n<\/td>\n<td style=\"width: 25%;\">\n<p style=\"text-align: center;\"><a href=\"tel:\/\/+905548581312\" target=\"_blank\" rel=\"noopener\"><span style=\"font-size: 18pt;\"><strong>0554 858 1312<\/strong><\/span><\/a><\/p>\n<p style=\"text-align: center;\"><a href=\"tel:\/\/+905548581312\" target=\"_blank\" rel=\"noopener\"><span style=\"font-size: 18pt;\"><strong>Telefon Hemen T\u0131kla Ara<\/strong><\/span><\/a><\/p>\n<\/td>\n<td style=\"width: 25%;\"><strong style=\"font-size: 24px; letter-spacing: 0.5px; text-align: center; word-spacing: 0.5px;\"><a href=\"tel:\/\/+905548581312\" target=\"_blank\" rel=\"noopener\"><img loading=\"lazy\" decoding=\"async\" class=\"aligncenter wp-image-413 size-thumbnail\" title=\"Tezcan Usta Telefon Hemen T\u0131kla Ara\" src=\"https:\/\/www.onlinemarangoz.com.tr\/Kartal\/wp-content\/uploads\/Kartal-Mobilya-Montaj-Servisi-Tezcan-Usta-Telefon-150x150.jpg\" alt=\"Tezcan Usta Telefon Hemen T\u0131kla Ara\" width=\"150\" height=\"150\" srcset=\"https:\/\/www.onlinemarangoz.com.tr\/Kartal\/wp-content\/uploads\/Kartal-Mobilya-Montaj-Servisi-Tezcan-Usta-Telefon-150x150.jpg 150w, https:\/\/www.onlinemarangoz.com.tr\/Kartal\/wp-content\/uploads\/Kartal-Mobilya-Montaj-Servisi-Tezcan-Usta-Telefon-90x90.jpg 90w, https:\/\/www.onlinemarangoz.com.tr\/Kartal\/wp-content\/uploads\/Kartal-Mobilya-Montaj-Servisi-Tezcan-Usta-Telefon.jpg 200w\" sizes=\"(max-width: 150px) 100vw, 150px\" \/><\/a><\/strong><\/td>\n<\/tr>\n<\/tbody>\n<\/table>\n\n\n<div class=\"kk-star-ratings kksr-auto kksr-align-left kksr-valign-bottom\"\n    data-payload='{&quot;align&quot;:&quot;left&quot;,&quot;id&quot;:&quot;393&quot;,&quot;slug&quot;:&quot;default&quot;,&quot;valign&quot;:&quot;bottom&quot;,&quot;ignore&quot;:&quot;&quot;,&quot;reference&quot;:&quot;auto&quot;,&quot;class&quot;:&quot;&quot;,&quot;count&quot;:&quot;1&quot;,&quot;legendonly&quot;:&quot;&quot;,&quot;readonly&quot;:&quot;&quot;,&quot;score&quot;:&quot;5&quot;,&quot;starsonly&quot;:&quot;&quot;,&quot;best&quot;:&quot;5&quot;,&quot;gap&quot;:&quot;5&quot;,&quot;greet&quot;:&quot;Kartal Marangoz\u00a0\u2692\ufe0f\u00a0&quot;,&quot;legend&quot;:&quot;Kartal Marangoz \u2692\ufe0f\u00a01&quot;,&quot;size&quot;:&quot;24&quot;,&quot;title&quot;:&quot;Kartal Mobilya Montaj&quot;,&quot;width&quot;:&quot;142.5&quot;,&quot;_legend&quot;:&quot;Kartal Marangoz \u2692\ufe0f\u00a0{count}&quot;,&quot;font_factor&quot;:&quot;1.25&quot;}'>\n            \n<div class=\"kksr-stars\">\n    \n<div class=\"kksr-stars-inactive\">\n            <div class=\"kksr-star\" data-star=\"1\" style=\"padding-right: 5px\">\n            \n\n<div class=\"kksr-icon\" style=\"width: 24px; height: 24px;\"><\/div>\n        <\/div>\n            <div class=\"kksr-star\" data-star=\"2\" style=\"padding-right: 5px\">\n            \n\n<div class=\"kksr-icon\" style=\"width: 24px; height: 24px;\"><\/div>\n        <\/div>\n            <div class=\"kksr-star\" data-star=\"3\" style=\"padding-right: 5px\">\n            \n\n<div class=\"kksr-icon\" style=\"width: 24px; height: 24px;\"><\/div>\n        <\/div>\n            <div class=\"kksr-star\" data-star=\"4\" style=\"padding-right: 5px\">\n            \n\n<div class=\"kksr-icon\" style=\"width: 24px; height: 24px;\"><\/div>\n        <\/div>\n            <div class=\"kksr-star\" data-star=\"5\" style=\"padding-right: 5px\">\n            \n\n<div class=\"kksr-icon\" style=\"width: 24px; height: 24px;\"><\/div>\n        <\/div>\n    <\/div>\n    \n<div class=\"kksr-stars-active\" style=\"width: 142.5px;\">\n            <div class=\"kksr-star\" style=\"padding-right: 5px\">\n            \n\n<div class=\"kksr-icon\" style=\"width: 24px; height: 24px;\"><\/div>\n        <\/div>\n            <div class=\"kksr-star\" style=\"padding-right: 5px\">\n            \n\n<div class=\"kksr-icon\" style=\"width: 24px; height: 24px;\"><\/div>\n        <\/div>\n            <div class=\"kksr-star\" style=\"padding-right: 5px\">\n            \n\n<div class=\"kksr-icon\" style=\"width: 24px; height: 24px;\"><\/div>\n        <\/div>\n            <div class=\"kksr-star\" style=\"padding-right: 5px\">\n            \n\n<div class=\"kksr-icon\" style=\"width: 24px; height: 24px;\"><\/div>\n        <\/div>\n            <div class=\"kksr-star\" style=\"padding-right: 5px\">\n            \n\n<div class=\"kksr-icon\" style=\"width: 24px; height: 24px;\"><\/div>\n        <\/div>\n    <\/div>\n<\/div>\n                \n\n<div class=\"kksr-legend\" style=\"font-size: 19.2px;\">\n            Kartal Marangoz \u2692\ufe0f\u00a01    <\/div>\n    <\/div>\n","protected":false},"excerpt":{"rendered":"<p>Kartal Mobilya Montaj &#8216;!&#8217; Mobilya Montaj Telefon &#8221;0554 858 1312 \u0130stanbul Anadolu Yakas\u0131 Kartal Mobilya Montaj&#8221; Deneyimli ve dinamik bir usta ile \u00e7al\u0131\u015fmak ister misiniz? Do\u011fru ustay\u0131 do\u011fru zamanda bulmak zor olabilir. Bu nedenle bizimle i\u015fbirli\u011finin basit ve sorunsuz oldu\u011fundan&#8230; <a class=\"di-continue-reading\" href=\"https:\/\/www.onlinemarangoz.com.tr\/Kartal\/kartal-mobilya-montaj\/\"> Continue Reading&#8230;<\/a><\/p>\n","protected":false},"author":1,"featured_media":0,"parent":0,"menu_order":4000,"comment_status":"closed","ping_status":"closed","template":"","meta":{"footnotes":""},"categories":[1],"tags":[570,571,569,573,572,574],"class_list":["post-393","page","type-page","status-publish","hentry","category-kartal-mobilya-tamir-montaj-servisi","tag-kartal-mobilya-dolap-montaj","tag-kartal-mobilya-gardirop-montaj","tag-kartal-mobilya-montaj","tag-kartal-mobilya-montaj-iletisim","tag-kartal-mobilya-montaj-telefon","tag-kartal-yatak-odasi-mobilya-dolap-montaj"],"_links":{"self":[{"href":"https:\/\/www.onlinemarangoz.com.tr\/Kartal\/wp-json\/wp\/v2\/pages\/393","targetHints":{"allow":["GET"]}}],"collection":[{"href":"https:\/\/www.onlinemarangoz.com.tr\/Kartal\/wp-json\/wp\/v2\/pages"}],"about":[{"href":"https:\/\/www.onlinemarangoz.com.tr\/Kartal\/wp-json\/wp\/v2\/types\/page"}],"author":[{"embeddable":true,"href":"https:\/\/www.onlinemarangoz.com.tr\/Kartal\/wp-json\/wp\/v2\/users\/1"}],"replies":[{"embeddable":true,"href":"https:\/\/www.onlinemarangoz.com.tr\/Kartal\/wp-json\/wp\/v2\/comments?post=393"}],"version-history":[{"count":0,"href":"https:\/\/www.onlinemarangoz.com.tr\/Kartal\/wp-json\/wp\/v2\/pages\/393\/revisions"}],"wp:attachment":[{"href":"https:\/\/www.onlinemarangoz.com.tr\/Kartal\/wp-json\/wp\/v2\/media?parent=393"}],"wp:term":[{"taxonomy":"category","embeddable":true,"href":"https:\/\/www.onlinemarangoz.com.tr\/Kartal\/wp-json\/wp\/v2\/categories?post=393"},{"taxonomy":"post_tag","embeddable":true,"href":"https:\/\/www.onlinemarangoz.com.tr\/Kartal\/wp-json\/wp\/v2\/tags?post=393"}],"curies":[{"name":"wp","href":"https:\/\/api.w.org\/{rel}","templated":true}]}}