{"id":693,"date":"2024-05-03T23:41:30","date_gmt":"2024-05-03T20:41:30","guid":{"rendered":"https:\/\/www.onlinemarangoz.com.tr\/Kartal\/?page_id=693"},"modified":"2024-05-03T23:43:16","modified_gmt":"2024-05-03T20:43:16","slug":"topselvi-mahallesi-sandalye-tamircisi-telefon","status":"publish","type":"page","link":"https:\/\/www.onlinemarangoz.com.tr\/Kartal\/topselvi-mahallesi-sandalye-tamircisi-telefon\/","title":{"rendered":"Topselvi Mahallesi Sandalye Tamircisi Telefon"},"content":{"rendered":"<table style=\"border-collapse: collapse; width: 100%;\">\n<tbody>\n<tr>\n<td style=\"width: 50%; text-align: center;\">\n<h2 style=\"text-align: center;\"><span style=\"text-align: -webkit-center;\">Topselvi Mahallesi Sandalye Tamircisi Telefon<\/span><\/h2>\n<p><span style=\"font-size: 15px; letter-spacing: 0.5px; word-spacing: 0.5px;\">Topselvi Mahallesi Sandalye Tamircisi Telefon ||\u00a0<strong><span style=\"font-size: 14pt; color: #ff0000;\"><a style=\"color: #ff0000;\" href=\"tel:\/\/+905548581312\" target=\"_blank\" rel=\"noopener\">0554 858 1312<\/a><\/span><\/strong>&#8221; \u0130stanbul Anadolu Yakas\u0131 Kartal Topselvi Mahallesi Sandalye Tamircisi Telefon&#8221; Gev\u015fek sandalyelerin sabitlenmesi, basit onar\u0131m, Eski veya antika sandalyelere sahip oldu\u011funuzda genellikle mobilya onar\u0131m\u0131na ihtiya\u00e7 duyulur. Sandalyeler ve mobilya tamir uzmanlar\u0131, sandalyeleri yeniden tamir etme ve yap\u0131\u015ft\u0131rma ve k\u00fc\u00e7\u00fck r\u00f6tu\u015flar yapma konusunda yeteneklidir . Sandalye onar\u0131m ihtiya\u00e7lar\u0131n\u0131z hakk\u0131nda ekibimizle konu\u015fmak i\u00e7in, hemen aray\u0131n. Sandalyeniz g\u00fczel ve g\u00fcvenilir duruma d\u00f6nd\u00fcrmenize yard\u0131mc\u0131 olmaktan mutluluk duyar\u0131z.<\/span><\/td>\n<td style=\"width: 50%;\">\n<p><figure id=\"attachment_646\" aria-describedby=\"caption-attachment-646\" style=\"width: 500px\" class=\"wp-caption aligncenter\"><img fetchpriority=\"high\" decoding=\"async\" class=\"size-full wp-image-646\" src=\"https:\/\/www.onlinemarangoz.com.tr\/Kartal\/wp-content\/uploads\/Kartal-Topselvi-Mahallesi-Sandalye-Tamircisi.jpg\" alt=\"Topselvi Mahallesi Sandalye Tamircisi\" width=\"500\" height=\"255\" srcset=\"https:\/\/www.onlinemarangoz.com.tr\/Kartal\/wp-content\/uploads\/Kartal-Topselvi-Mahallesi-Sandalye-Tamircisi.jpg 500w, https:\/\/www.onlinemarangoz.com.tr\/Kartal\/wp-content\/uploads\/Kartal-Topselvi-Mahallesi-Sandalye-Tamircisi-300x153.jpg 300w\" sizes=\"(max-width: 500px) 100vw, 500px\" \/><figcaption id=\"caption-attachment-646\" class=\"wp-caption-text\">Topselvi Mahallesi Sandalye Tamircisi<\/figcaption><\/figure><\/td>\n<\/tr>\n<\/tbody>\n<\/table>\n<table style=\"border-collapse: collapse; width: 100%;\">\n<tbody>\n<tr>\n<td>\n<figure id=\"attachment_196\" aria-describedby=\"caption-attachment-196\" style=\"width: 500px\" class=\"wp-caption aligncenter\"><a href=\"https:\/\/wa.me\/+905548581312\" target=\"_blank\" rel=\"noopener\"><img decoding=\"async\" class=\"wp-image-196 size-full\" title=\"Tezcan Usta Whatsapp Hemen T\u0131kla Mesaj At\" src=\"https:\/\/www.onlinemarangoz.com.tr\/Kartal\/wp-content\/uploads\/Whatsapp-Tikla-Hemen-Ara.jpg\" alt=\"Tezcan Usta Whatsapp Hemen T\u0131kla Mesaj At\" width=\"500\" height=\"120\" srcset=\"https:\/\/www.onlinemarangoz.com.tr\/Kartal\/wp-content\/uploads\/Whatsapp-Tikla-Hemen-Ara.jpg 500w, https:\/\/www.onlinemarangoz.com.tr\/Kartal\/wp-content\/uploads\/Whatsapp-Tikla-Hemen-Ara-300x72.jpg 300w\" sizes=\"(max-width: 500px) 100vw, 500px\" \/><\/a><figcaption id=\"caption-attachment-196\" class=\"wp-caption-text\">Tezcan Usta Whatsapp Hemen T\u0131kla Mesaj At<\/figcaption><\/figure>\n<h3 align=\"CENTER\">Topselvi Mahallesi Sandalye Tamircisi Telefon \u00dczerinden Bize Ula\u015f\u0131n.<\/h3>\n<p align=\"CENTER\">Bizimle Telefon arac\u0131l\u0131\u011f\u0131yla ileti\u015fime ge\u00e7meyi tercih ederseniz a\u015fa\u011f\u0131daki<\/p>\n<p align=\"CENTER\"><span style=\"color: #008000;\"><em><strong><span style=\"font-size: 14pt;\"><a style=\"color: #008000;\" href=\"https:\/\/wa.me\/+905548581312\" target=\"_blank\" rel=\"noopener\">0554 858 1312<\/a><\/span><\/strong><\/em><\/span>\u00a0t\u0131klay\u0131n aray\u0131n.<\/p>\n<\/td>\n<td style=\"width: 50%;\">\n<h4 style=\"text-align: center;\">Topselvi Mahallesi Sandalye Tamircisi WHATSAPP \u00dczerinden Bize Ula\u015f\u0131n.<\/h4>\n<p style=\"text-align: center;\">Bizimle Whatsapp arac\u0131l\u0131\u011f\u0131yla ileti\u015fime ge\u00e7meyi tercih ederseniz a\u015fa\u011f\u0131daki<\/p>\n<p style=\"text-align: center;\"><em><span style=\"color: #ff0000;\"><strong><span style=\"font-size: 14pt;\"><a style=\"color: #ff0000;\" href=\"tel:\/\/+905548581312\" target=\"_blank\" rel=\"noopener\">0554 858 1312<\/a><\/span><\/strong><\/span><\/em>\u00a0t\u0131klay\u0131n.<\/p>\n<p><a href=\"tel:\/\/+905548581312\" target=\"_blank\" rel=\"noopener\"><img decoding=\"async\" class=\"size-full wp-image-195 aligncenter\" src=\"https:\/\/www.onlinemarangoz.com.tr\/Kartal\/wp-content\/uploads\/Telefon-Hemen-Ara.jpg\" alt=\"\" width=\"500\" height=\"120\" srcset=\"https:\/\/www.onlinemarangoz.com.tr\/Kartal\/wp-content\/uploads\/Telefon-Hemen-Ara.jpg 500w, https:\/\/www.onlinemarangoz.com.tr\/Kartal\/wp-content\/uploads\/Telefon-Hemen-Ara-300x72.jpg 300w\" sizes=\"(max-width: 500px) 100vw, 500px\" \/><\/a><\/td>\n<\/tr>\n<\/tbody>\n<\/table>\n<h5 align=\"CENTER\">Topselvi Mahallesi K\u0131r\u0131k Sandalye Aya\u011f\u0131 Tamircisi Telefon<\/h5>\n<p align=\"CENTER\">Topselvi Mahallesi Ah\u015fap Sandalye Tamircisi Telefon&#8221; Pazartesi&#8217;den Cumartesi&#8217;ye 09 : 00 \u2013 20 : 00 saatleri aras\u0131nda Yard\u0131ma ihtiyac\u0131n\u0131z olursa bize<\/p>\n<p align=\"CENTER\">Whatsapp\u00a0<span style=\"color: #008000;\"><em><strong><span style=\"font-size: 14pt;\"><a style=\"color: #008000;\" href=\"https:\/\/wa.me\/+905548581312\" target=\"_blank\" rel=\"noopener\">0554 858 1312<\/a><\/span><\/strong><\/em><\/span>\u00a0arac\u0131l\u0131\u011f\u0131yla veya\u00a0<em><span style=\"color: #ff0000;\"><strong><span style=\"font-size: 14pt;\"><a style=\"color: #ff0000;\" href=\"tel:\/\/+905548581312\" target=\"_blank\" rel=\"noopener\">0554 858 1312<\/a><\/span><\/strong><\/span><\/em>\u00a0numaral\u0131 telefondan {{ Topselvi Mahallesi G\u0131c\u0131rdayan Sandalye Tamircisi Telefon }} size en iyi \u00e7\u00f6z\u00fcm\u00fc sunmaya haz\u0131r\u0131z. Topselvi Mahallesi Yemek Masas\u0131 Sandalye Tamircisi Telefon, numaram\u0131zdan bizi aray\u0131n.<\/p>\n<table style=\"border-collapse: collapse; width: 100%;\">\n<tbody>\n<tr>\n<td style=\"width: 33.3333%;\"><img loading=\"lazy\" decoding=\"async\" class=\"size-full wp-image-38 aligncenter\" src=\"https:\/\/www.onlinemarangoz.com.tr\/Kartal\/wp-content\/uploads\/Kartal-Kirik-Sandalye-Tamircisi.jpg\" alt=\"\" width=\"300\" height=\"300\" srcset=\"https:\/\/www.onlinemarangoz.com.tr\/Kartal\/wp-content\/uploads\/Kartal-Kirik-Sandalye-Tamircisi.jpg 300w, https:\/\/www.onlinemarangoz.com.tr\/Kartal\/wp-content\/uploads\/Kartal-Kirik-Sandalye-Tamircisi-150x150.jpg 150w, https:\/\/www.onlinemarangoz.com.tr\/Kartal\/wp-content\/uploads\/Kartal-Kirik-Sandalye-Tamircisi-90x90.jpg 90w\" sizes=\"(max-width: 300px) 100vw, 300px\" \/><\/td>\n<td style=\"width: 33.3333%;\"><img loading=\"lazy\" decoding=\"async\" class=\"size-full wp-image-40 aligncenter\" src=\"https:\/\/www.onlinemarangoz.com.tr\/Kartal\/wp-content\/uploads\/Kartal-Sandalye-Tamircisi.jpg\" alt=\"\" width=\"300\" height=\"300\" srcset=\"https:\/\/www.onlinemarangoz.com.tr\/Kartal\/wp-content\/uploads\/Kartal-Sandalye-Tamircisi.jpg 300w, https:\/\/www.onlinemarangoz.com.tr\/Kartal\/wp-content\/uploads\/Kartal-Sandalye-Tamircisi-150x150.jpg 150w, https:\/\/www.onlinemarangoz.com.tr\/Kartal\/wp-content\/uploads\/Kartal-Sandalye-Tamircisi-90x90.jpg 90w\" sizes=\"(max-width: 300px) 100vw, 300px\" \/><\/td>\n<td style=\"width: 33.3333%;\"><img loading=\"lazy\" decoding=\"async\" class=\"size-full wp-image-39 aligncenter\" src=\"https:\/\/www.onlinemarangoz.com.tr\/Kartal\/wp-content\/uploads\/Kartal-Sallanan-Sandalye-Tamircisi.jpg\" alt=\"\" width=\"300\" height=\"300\" srcset=\"https:\/\/www.onlinemarangoz.com.tr\/Kartal\/wp-content\/uploads\/Kartal-Sallanan-Sandalye-Tamircisi.jpg 300w, https:\/\/www.onlinemarangoz.com.tr\/Kartal\/wp-content\/uploads\/Kartal-Sallanan-Sandalye-Tamircisi-150x150.jpg 150w, https:\/\/www.onlinemarangoz.com.tr\/Kartal\/wp-content\/uploads\/Kartal-Sallanan-Sandalye-Tamircisi-90x90.jpg 90w\" sizes=\"(max-width: 300px) 100vw, 300px\" \/><\/td>\n<\/tr>\n<\/tbody>\n<\/table>\n<table style=\"border-collapse: collapse; width: 100%;\">\n<tbody>\n<tr>\n<td style=\"width: 25%;\">\n<p style=\"text-align: center;\"><strong><a href=\"https:\/\/www.onlinemarangoz.com.tr\/Kartal\/kartal-sandalye-tamiri\/\" target=\"_blank\" rel=\"noopener\">Topselvi Mahallesi Ah\u015fap Sandalye Tamircisi Telefon<\/a><\/strong><\/p>\n<\/td>\n<td style=\"width: 25%; text-align: center;\"><strong><a href=\"https:\/\/www.onlinemarangoz.com.tr\/Kartal\/kartal-sandalye-tamircisi\/\" target=\"_blank\" rel=\"noopener\"><span style=\"font-size: 15px; letter-spacing: 0.5px; word-spacing: 0.5px;\">Topselvi Mahallesi G\u0131c\u0131rdayan Sandalye Tamircisi Telefon<\/span><\/a><\/strong><\/td>\n<td style=\"width: 25%; text-align: center;\"><strong><a href=\"https:\/\/www.onlinemarangoz.com.tr\/sandalye-tamircisi\/\" target=\"_blank\" rel=\"noopener\"><span style=\"font-size: 15px; letter-spacing: 0.5px; word-spacing: 0.5px;\">Topselvi Mahallesi K\u0131r\u0131k Sandalye Aya\u011f\u0131 Tamircisi Telefon<\/span><\/a><\/strong><\/td>\n<td style=\"width: 25%; text-align: center;\"><strong><a href=\"https:\/\/www.onlinemarangoz.com.tr\/\"><span style=\"font-size: 15px; letter-spacing: 0.5px; word-spacing: 0.5px;\">Topselvi Mahallesi Yemek Masas\u0131 Sandalye Tamircisi Telefon<\/span><\/a><\/strong><\/td>\n<\/tr>\n<\/tbody>\n<\/table>\n<p><em><strong><marquee onmouseover=\"this.stop()\" onmouseout=\"this.start()\"width=\"1000\" height=\"20\" direction=\"horizontal\" scrollamount=\"3\"scrolldelay=\"40\" loop=\"99999\">\u25c4 Tezcan Usta Telefon : 0554 858 1312 \u25ba Topselvi Mahallesi Sandalye Tamircisi Telefon || Topselvi Mahallesi K\u0131r\u0131k Sandalye Tamircisi Telefon || Topselvi Mahallesi Ah\u015fap Sandalye Tamircisi Telefon || Topselvi Mahallesi G\u0131c\u0131rdayan Sandalye Tamircisi Telefon || Topselvi Mahallesi K\u0131r\u0131k Sandalye Aya\u011f\u0131 Tamircisi Telefon || Topselvi Mahallesi Yemek Masas\u0131 Sandalye Tamircisi Telefon || Topselvi Mahallesi Sandalye Tamircisi Telefon || Topselvi Mahallesi K\u0131r\u0131k Sandalye Tamircisi Telefon || Topselvi Mahallesi Ah\u015fap Sandalye Tamircisi Telefon || Topselvi Mahallesi G\u0131c\u0131rdayan Sandalye Tamircisi Telefon || <\/marquee><\/strong><\/em><\/p>\n\n\n<div class=\"kk-star-ratings kksr-auto kksr-align-left kksr-valign-bottom\"\n    data-payload='{&quot;align&quot;:&quot;left&quot;,&quot;id&quot;:&quot;693&quot;,&quot;slug&quot;:&quot;default&quot;,&quot;valign&quot;:&quot;bottom&quot;,&quot;ignore&quot;:&quot;&quot;,&quot;reference&quot;:&quot;auto&quot;,&quot;class&quot;:&quot;&quot;,&quot;count&quot;:&quot;0&quot;,&quot;legendonly&quot;:&quot;&quot;,&quot;readonly&quot;:&quot;&quot;,&quot;score&quot;:&quot;0&quot;,&quot;starsonly&quot;:&quot;&quot;,&quot;best&quot;:&quot;5&quot;,&quot;gap&quot;:&quot;5&quot;,&quot;greet&quot;:&quot;Kartal Marangoz\u00a0\u2692\ufe0f\u00a0&quot;,&quot;legend&quot;:&quot;Kartal Marangoz \u2692\ufe0f\u00a00&quot;,&quot;size&quot;:&quot;24&quot;,&quot;title&quot;:&quot;Topselvi Mahallesi Sandalye Tamircisi Telefon&quot;,&quot;width&quot;:&quot;0&quot;,&quot;_legend&quot;:&quot;Kartal Marangoz \u2692\ufe0f\u00a0{count}&quot;,&quot;font_factor&quot;:&quot;1.25&quot;}'>\n            \n<div class=\"kksr-stars\">\n    \n<div class=\"kksr-stars-inactive\">\n            <div class=\"kksr-star\" data-star=\"1\" style=\"padding-right: 5px\">\n            \n\n<div class=\"kksr-icon\" style=\"width: 24px; height: 24px;\"><\/div>\n        <\/div>\n            <div class=\"kksr-star\" data-star=\"2\" style=\"padding-right: 5px\">\n            \n\n<div class=\"kksr-icon\" style=\"width: 24px; height: 24px;\"><\/div>\n        <\/div>\n            <div class=\"kksr-star\" data-star=\"3\" style=\"padding-right: 5px\">\n            \n\n<div class=\"kksr-icon\" style=\"width: 24px; height: 24px;\"><\/div>\n        <\/div>\n            <div class=\"kksr-star\" data-star=\"4\" style=\"padding-right: 5px\">\n            \n\n<div class=\"kksr-icon\" style=\"width: 24px; height: 24px;\"><\/div>\n        <\/div>\n            <div class=\"kksr-star\" data-star=\"5\" style=\"padding-right: 5px\">\n            \n\n<div class=\"kksr-icon\" style=\"width: 24px; height: 24px;\"><\/div>\n        <\/div>\n    <\/div>\n    \n<div class=\"kksr-stars-active\" style=\"width: 0px;\">\n            <div class=\"kksr-star\" style=\"padding-right: 5px\">\n            \n\n<div class=\"kksr-icon\" style=\"width: 24px; height: 24px;\"><\/div>\n        <\/div>\n            <div class=\"kksr-star\" style=\"padding-right: 5px\">\n            \n\n<div class=\"kksr-icon\" style=\"width: 24px; height: 24px;\"><\/div>\n        <\/div>\n            <div class=\"kksr-star\" style=\"padding-right: 5px\">\n            \n\n<div class=\"kksr-icon\" style=\"width: 24px; height: 24px;\"><\/div>\n        <\/div>\n            <div class=\"kksr-star\" style=\"padding-right: 5px\">\n            \n\n<div class=\"kksr-icon\" style=\"width: 24px; height: 24px;\"><\/div>\n        <\/div>\n            <div class=\"kksr-star\" style=\"padding-right: 5px\">\n            \n\n<div class=\"kksr-icon\" style=\"width: 24px; height: 24px;\"><\/div>\n        <\/div>\n    <\/div>\n<\/div>\n                \n\n<div class=\"kksr-legend\" style=\"font-size: 19.2px;\">\n            <span class=\"kksr-muted\">Kartal Marangoz\u00a0\u2692\ufe0f\u00a0<\/span>\n    <\/div>\n    <\/div>\n","protected":false},"excerpt":{"rendered":"<p>Topselvi Mahallesi Sandalye Tamircisi Telefon Topselvi Mahallesi Sandalye Tamircisi Telefon ||\u00a00554 858 1312&#8221; \u0130stanbul Anadolu Yakas\u0131 Kartal Topselvi Mahallesi Sandalye Tamircisi Telefon&#8221; Gev\u015fek sandalyelerin sabitlenmesi, basit onar\u0131m, Eski veya antika sandalyelere sahip oldu\u011funuzda genellikle mobilya onar\u0131m\u0131na ihtiya\u00e7 duyulur. Sandalyeler ve&#8230; <a class=\"di-continue-reading\" href=\"https:\/\/www.onlinemarangoz.com.tr\/Kartal\/topselvi-mahallesi-sandalye-tamircisi-telefon\/\"> Continue Reading&#8230;<\/a><\/p>\n","protected":false},"author":1,"featured_media":0,"parent":0,"menu_order":5028,"comment_status":"closed","ping_status":"closed","template":"","meta":{"footnotes":""},"categories":[10],"tags":[949,950,951,948,947,952],"class_list":["post-693","page","type-page","status-publish","hentry","category-topselvi-mahallesi","tag-topselvi-mahallesi-ahsap-sandalye-tamircisi-telefon","tag-topselvi-mahallesi-gicirdayan-sandalye-tamircisi-telefon","tag-topselvi-mahallesi-kirik-sandalye-ayagi-tamircisi-telefon","tag-topselvi-mahallesi-kirik-sandalye-tamircisi-telefon","tag-topselvi-mahallesi-sandalye-tamircisi-telefon","tag-topselvi-mahallesi-yemek-masasi-sandalye-tamircisi-telefon"],"_links":{"self":[{"href":"https:\/\/www.onlinemarangoz.com.tr\/Kartal\/wp-json\/wp\/v2\/pages\/693","targetHints":{"allow":["GET"]}}],"collection":[{"href":"https:\/\/www.onlinemarangoz.com.tr\/Kartal\/wp-json\/wp\/v2\/pages"}],"about":[{"href":"https:\/\/www.onlinemarangoz.com.tr\/Kartal\/wp-json\/wp\/v2\/types\/page"}],"author":[{"embeddable":true,"href":"https:\/\/www.onlinemarangoz.com.tr\/Kartal\/wp-json\/wp\/v2\/users\/1"}],"replies":[{"embeddable":true,"href":"https:\/\/www.onlinemarangoz.com.tr\/Kartal\/wp-json\/wp\/v2\/comments?post=693"}],"version-history":[{"count":0,"href":"https:\/\/www.onlinemarangoz.com.tr\/Kartal\/wp-json\/wp\/v2\/pages\/693\/revisions"}],"wp:attachment":[{"href":"https:\/\/www.onlinemarangoz.com.tr\/Kartal\/wp-json\/wp\/v2\/media?parent=693"}],"wp:term":[{"taxonomy":"category","embeddable":true,"href":"https:\/\/www.onlinemarangoz.com.tr\/Kartal\/wp-json\/wp\/v2\/categories?post=693"},{"taxonomy":"post_tag","embeddable":true,"href":"https:\/\/www.onlinemarangoz.com.tr\/Kartal\/wp-json\/wp\/v2\/tags?post=693"}],"curies":[{"name":"wp","href":"https:\/\/api.w.org\/{rel}","templated":true}]}}