{"id":117,"date":"2023-12-09T11:35:16","date_gmt":"2023-12-09T11:35:16","guid":{"rendered":"https:\/\/www.onlinemarangoz.com.tr\/Umraniye\/?page_id=117"},"modified":"2023-12-09T15:45:33","modified_gmt":"2023-12-09T15:45:33","slug":"hakkimizda","status":"publish","type":"page","link":"https:\/\/www.onlinemarangoz.com.tr\/Umraniye\/hakkimizda\/","title":{"rendered":"Hakk\u0131m\u0131zda"},"content":{"rendered":"<h2>Hakk\u0131m\u0131zda<\/h2>\n<p>B\u0130Z\u0130M S\u00d6Z\u00dcM\u00dcZ<\/p>\n<p style=\"text-align: center;\"><strong><img fetchpriority=\"high\" decoding=\"async\" class=\"alignright wp-image-113 size-full\" src=\"http:\/\/www.onlinemarangoz.com.tr\/Umraniye\/wp-content\/uploads\/Umraniye-Marangoz-Mobilya-Usta-Servisi.jpg\" alt=\"\" width=\"500\" height=\"200\" srcset=\"https:\/\/www.onlinemarangoz.com.tr\/Umraniye\/wp-content\/uploads\/Umraniye-Marangoz-Mobilya-Usta-Servisi.jpg 500w, https:\/\/www.onlinemarangoz.com.tr\/Umraniye\/wp-content\/uploads\/Umraniye-Marangoz-Mobilya-Usta-Servisi-300x120.jpg 300w\" sizes=\"(max-width: 500px) 100vw, 500px\" \/>\u00a0Marangoz Ustas\u0131 Hakk\u0131m\u0131zda<\/strong>&#8216; \u00dcstlendi\u011fimiz t\u00fcm onar\u0131m ve servis i\u015fleri en y\u00fcksek standartlarda tamamlanacakt\u0131r. Y\u0131llar ge\u00e7tik\u00e7e \u00fcst\u00fcn kaliteli mobilya montaj, mobilya tamiri onar\u0131mlar\u0131, m\u00fckemmel m\u00fc\u015fteri hizmetleri sa\u011flama konusunda iyi bir itibar kazand\u0131k. Marangoz Ustas\u0131&#8221; olarak amac\u0131m\u0131z, mobilyan\u0131z\u0131 daha uzun s\u00fcre kullanman\u0131za yard\u0131mc\u0131 olacak h\u0131zl\u0131 ve etkili bir hizmet sunmakt\u0131r. Gereksinimlerinizi g\u00f6r\u00fc\u015fmek veya \u00fccretsiz, y\u00fck\u00fcml\u00fcl\u00fck i\u00e7ermeyen bir fiyat teklifi almak i\u00e7in bug\u00fcn bizimle ileti\u015fime ge\u00e7in.<\/p>\n<p style=\"text-align: center;\">T\u00dcM B\u00dcY\u00dcK MOB\u0130LYA MARKALARIN MOB\u0130LYA TAM\u0130R\u0130 ONARIMINI YAPIYORUZ<\/p>\n<p style=\"text-align: center;\" align=\"CENTER\">\u00c7a\u011fr\u0131 merkeziyle de\u011fil marangoz ustas\u0131 ile konu\u015fun<\/p>\n<p style=\"text-align: center;\">Hizmetlerimiz hakk\u0131nda daha fazla bilgi edinmek ve randevu almak i\u00e7in bug\u00fcn 0554 858 1312 numaral\u0131 telefondan bizi arayabilirsiniz.<\/p>\n<table style=\"border-collapse: collapse; width: 100%;\">\n<tbody>\n<tr>\n<td style=\"width: 50%;\">\n<h3 style=\"text-align: center;\">\u00a0Hakk\u0131m\u0131zda Mobilya Tamiri<\/h3>\n<p align=\"CENTER\">Neden Bizi Se\u00e7melisiniz?<\/p>\n<p align=\"CENTER\">Biz, arac\u0131y\u0131 ortadan kald\u0131ran yerel onar\u0131m uzmanlar\u0131n\u0131z\u0131z. H\u0131zl\u0131 ve verimli hizmetle &#8221;Marangoz Ustas\u0131&#8221; do\u011frudan ileti\u015fim kurman\u0131z\u0131 sa\u011fl\u0131yoruz.<\/p>\n<\/td>\n<td style=\"width: 50%;\">\n<h4 style=\"text-align: center;\">\u00a0Marangoz Ustas\u0131 Hakk\u0131m\u0131zda<\/h4>\n<p style=\"text-align: center;\">Neden Bizi Se\u00e7melisiniz?<\/p>\n<p style=\"text-align: center;\">Bunu m\u00fcmk\u00fcn oldu\u011fu kadar i\u015fi kolayla\u015ft\u0131rmak i\u00e7in, genellikle cumartesi g\u00fcnleri de dahil olmak \u00fczere sabah ve \u00f6\u011fleden sonra randevu aral\u0131klar\u0131 sunuyoruz.<\/p>\n<\/td>\n<\/tr>\n<\/tbody>\n<\/table>\n<h5 style=\"text-align: center;\">\u00a0Mobilya Tamircisi Hakk\u0131m\u0131zda<\/h5>\n<p style=\"text-align: center;\"><em>Mobilyan\u0131z ile ilgili herhangi bir sorunuz varsa veya onar\u0131m\u0131n\u0131z\u0131 yetenekli ustalar\u0131m\u0131zdan birine yapt\u0131rman\u0131z gerekiyorsa, l\u00fctfen 0554 858 1312 numaral\u0131 telefondan bizimle ileti\u015fime ge\u00e7in<\/em><\/p>\n<table style=\"border-collapse: collapse; width: 100%;\">\n<tbody>\n<tr>\n<td style=\"width: 50%;\">\n<p><figure id=\"attachment_57\" aria-describedby=\"caption-attachment-57\" style=\"width: 500px\" class=\"wp-caption aligncenter\"><a href=\"https:\/\/wa.me\/+905548581312\" target=\"_blank\" rel=\"noopener\"><img decoding=\"async\" class=\"wp-image-57 size-full\" title=\"Tezcan Usta Whatsapp Hemen T\u0131kla Mesaj At\" src=\"http:\/\/www.onlinemarangoz.com.tr\/Umraniye\/wp-content\/uploads\/Umraniye-Marangoz-Whatsapp.jpg\" alt=\"Tezcan Usta Whatsapp Hemen T\u0131kla Mesaj At\" width=\"500\" height=\"250\" srcset=\"https:\/\/www.onlinemarangoz.com.tr\/Umraniye\/wp-content\/uploads\/Umraniye-Marangoz-Whatsapp.jpg 500w, https:\/\/www.onlinemarangoz.com.tr\/Umraniye\/wp-content\/uploads\/Umraniye-Marangoz-Whatsapp-300x150.jpg 300w\" sizes=\"(max-width: 500px) 100vw, 500px\" \/><\/a><figcaption id=\"caption-attachment-57\" class=\"wp-caption-text\">Tezcan Usta Whatsapp Hemen T\u0131kla Mesaj At<\/figcaption><\/figure><\/td>\n<td style=\"width: 50%;\">\n<p><figure id=\"attachment_58\" aria-describedby=\"caption-attachment-58\" style=\"width: 500px\" class=\"wp-caption aligncenter\"><a href=\"tel:\/\/+905548581312\" target=\"_blank\" rel=\"noopener\"><img decoding=\"async\" class=\"wp-image-58 size-full\" title=\"Tezcan Usta Telefon Hemen T\u0131kla Ara\" src=\"http:\/\/www.onlinemarangoz.com.tr\/Umraniye\/wp-content\/uploads\/Umraniye-Marangoz-Telefon.jpg\" alt=\"Tezcan Usta Telefon Hemen T\u0131kla Ara\" width=\"500\" height=\"250\" srcset=\"https:\/\/www.onlinemarangoz.com.tr\/Umraniye\/wp-content\/uploads\/Umraniye-Marangoz-Telefon.jpg 500w, https:\/\/www.onlinemarangoz.com.tr\/Umraniye\/wp-content\/uploads\/Umraniye-Marangoz-Telefon-300x150.jpg 300w\" sizes=\"(max-width: 500px) 100vw, 500px\" \/><\/a><figcaption id=\"caption-attachment-58\" class=\"wp-caption-text\">Tezcan Usta Telefon Hemen T\u0131kla Ara<\/figcaption><\/figure><\/td>\n<\/tr>\n<\/tbody>\n<\/table>\n\n\n<div class=\"kk-star-ratings kksr-auto kksr-align-left kksr-valign-bottom\"\n    data-payload='{&quot;align&quot;:&quot;left&quot;,&quot;id&quot;:&quot;117&quot;,&quot;slug&quot;:&quot;default&quot;,&quot;valign&quot;:&quot;bottom&quot;,&quot;ignore&quot;:&quot;&quot;,&quot;reference&quot;:&quot;auto&quot;,&quot;class&quot;:&quot;&quot;,&quot;count&quot;:&quot;2&quot;,&quot;legendonly&quot;:&quot;&quot;,&quot;readonly&quot;:&quot;&quot;,&quot;score&quot;:&quot;5&quot;,&quot;starsonly&quot;:&quot;&quot;,&quot;best&quot;:&quot;5&quot;,&quot;gap&quot;:&quot;5&quot;,&quot;greet&quot;:&quot;\u00dcmraniye Marangoz \u2b50&quot;,&quot;legend&quot;:&quot;\u00dcmraniye Marangoz Ustas\u0131 \u2b50 2&quot;,&quot;size&quot;:&quot;24&quot;,&quot;title&quot;:&quot;Hakk\u0131m\u0131zda&quot;,&quot;width&quot;:&quot;142.5&quot;,&quot;_legend&quot;:&quot;\u00dcmraniye Marangoz Ustas\u0131 \u2b50 {count}&quot;,&quot;font_factor&quot;:&quot;1.25&quot;}'>\n            \n<div class=\"kksr-stars\">\n    \n<div class=\"kksr-stars-inactive\">\n            <div class=\"kksr-star\" data-star=\"1\" style=\"padding-right: 5px\">\n            \n\n<div class=\"kksr-icon\" style=\"width: 24px; height: 24px;\"><\/div>\n        <\/div>\n            <div class=\"kksr-star\" data-star=\"2\" style=\"padding-right: 5px\">\n            \n\n<div class=\"kksr-icon\" style=\"width: 24px; height: 24px;\"><\/div>\n        <\/div>\n            <div class=\"kksr-star\" data-star=\"3\" style=\"padding-right: 5px\">\n            \n\n<div class=\"kksr-icon\" style=\"width: 24px; height: 24px;\"><\/div>\n        <\/div>\n            <div class=\"kksr-star\" data-star=\"4\" style=\"padding-right: 5px\">\n            \n\n<div class=\"kksr-icon\" style=\"width: 24px; height: 24px;\"><\/div>\n        <\/div>\n            <div class=\"kksr-star\" data-star=\"5\" style=\"padding-right: 5px\">\n            \n\n<div class=\"kksr-icon\" style=\"width: 24px; height: 24px;\"><\/div>\n        <\/div>\n    <\/div>\n    \n<div class=\"kksr-stars-active\" style=\"width: 142.5px;\">\n            <div class=\"kksr-star\" style=\"padding-right: 5px\">\n            \n\n<div class=\"kksr-icon\" style=\"width: 24px; height: 24px;\"><\/div>\n        <\/div>\n            <div class=\"kksr-star\" style=\"padding-right: 5px\">\n            \n\n<div class=\"kksr-icon\" style=\"width: 24px; height: 24px;\"><\/div>\n        <\/div>\n            <div class=\"kksr-star\" style=\"padding-right: 5px\">\n            \n\n<div class=\"kksr-icon\" style=\"width: 24px; height: 24px;\"><\/div>\n        <\/div>\n            <div class=\"kksr-star\" style=\"padding-right: 5px\">\n            \n\n<div class=\"kksr-icon\" style=\"width: 24px; height: 24px;\"><\/div>\n        <\/div>\n            <div class=\"kksr-star\" style=\"padding-right: 5px\">\n            \n\n<div class=\"kksr-icon\" style=\"width: 24px; height: 24px;\"><\/div>\n        <\/div>\n    <\/div>\n<\/div>\n                \n\n<div class=\"kksr-legend\" style=\"font-size: 19.2px;\">\n            \u00dcmraniye Marangoz Ustas\u0131 \u2b50 2    <\/div>\n    <\/div>\n","protected":false},"excerpt":{"rendered":"<p>Hakk\u0131m\u0131zda B\u0130Z\u0130M S\u00d6Z\u00dcM\u00dcZ \u00a0Marangoz Ustas\u0131 Hakk\u0131m\u0131zda&#8216; \u00dcstlendi\u011fimiz t\u00fcm onar\u0131m ve servis i\u015fleri en y\u00fcksek standartlarda tamamlanacakt\u0131r. Y\u0131llar ge\u00e7tik\u00e7e \u00fcst\u00fcn kaliteli mobilya montaj, mobilya tamiri onar\u0131mlar\u0131, m\u00fckemmel m\u00fc\u015fteri hizmetleri sa\u011flama konusunda iyi bir itibar kazand\u0131k. Marangoz Ustas\u0131&#8221; olarak amac\u0131m\u0131z, mobilyan\u0131z\u0131 daha&#8230; <a class=\"di-continue-reading\" href=\"https:\/\/www.onlinemarangoz.com.tr\/Umraniye\/hakkimizda\/\"> Continue Reading&#8230;<\/a><\/p>\n","protected":false},"author":1,"featured_media":0,"parent":0,"menu_order":9,"comment_status":"closed","ping_status":"open","template":"","meta":{"footnotes":""},"categories":[170],"tags":[137,139,138,142,143,140,141,144],"class_list":["post-117","page","type-page","status-publish","hentry","category-hakkimizda","tag-hakkimizda","tag-hakkimizda-mobilya-tamiri","tag-hakkimizda-telefon","tag-marangoz-ustasi-hakkimizda","tag-mobilya-montaj-ustasi-hakkimizda","tag-mobilya-tamircisi-hakkimizda","tag-umraniye-marangoz-hakkimizda","tag-umraniye-mobilya-tamircisi-hakkimizda"],"_links":{"self":[{"href":"https:\/\/www.onlinemarangoz.com.tr\/Umraniye\/wp-json\/wp\/v2\/pages\/117","targetHints":{"allow":["GET"]}}],"collection":[{"href":"https:\/\/www.onlinemarangoz.com.tr\/Umraniye\/wp-json\/wp\/v2\/pages"}],"about":[{"href":"https:\/\/www.onlinemarangoz.com.tr\/Umraniye\/wp-json\/wp\/v2\/types\/page"}],"author":[{"embeddable":true,"href":"https:\/\/www.onlinemarangoz.com.tr\/Umraniye\/wp-json\/wp\/v2\/users\/1"}],"replies":[{"embeddable":true,"href":"https:\/\/www.onlinemarangoz.com.tr\/Umraniye\/wp-json\/wp\/v2\/comments?post=117"}],"version-history":[{"count":0,"href":"https:\/\/www.onlinemarangoz.com.tr\/Umraniye\/wp-json\/wp\/v2\/pages\/117\/revisions"}],"wp:attachment":[{"href":"https:\/\/www.onlinemarangoz.com.tr\/Umraniye\/wp-json\/wp\/v2\/media?parent=117"}],"wp:term":[{"taxonomy":"category","embeddable":true,"href":"https:\/\/www.onlinemarangoz.com.tr\/Umraniye\/wp-json\/wp\/v2\/categories?post=117"},{"taxonomy":"post_tag","embeddable":true,"href":"https:\/\/www.onlinemarangoz.com.tr\/Umraniye\/wp-json\/wp\/v2\/tags?post=117"}],"curies":[{"name":"wp","href":"https:\/\/api.w.org\/{rel}","templated":true}]}}