{"id":124,"date":"2023-12-09T11:58:07","date_gmt":"2023-12-09T11:58:07","guid":{"rendered":"https:\/\/www.onlinemarangoz.com.tr\/Umraniye\/?page_id=124"},"modified":"2023-12-09T15:44:18","modified_gmt":"2023-12-09T15:44:18","slug":"mobilya-tamiri-iletisim","status":"publish","type":"page","link":"https:\/\/www.onlinemarangoz.com.tr\/Umraniye\/mobilya-tamiri-iletisim\/","title":{"rendered":"Mobilya Tamiri \u0130leti\u015fim"},"content":{"rendered":"<p align=\"CENTER\">Mobilya Tamiri \u0130leti\u015fim ; Bug\u00fcn m\u00fc\u015fterilerimize her zaman en y\u00fcksek kalite standartlar\u0131n\u0131 kar\u015f\u0131layan eksiksiz bir \u00fcr\u00fcn yelpazesi sunabiliyoruz. Amac\u0131m\u0131z m\u00fc\u015fterilerimize mobilya tamir montaja kadar s\u00fcrecin her a\u015famas\u0131nda kaliteli hizmet ve yard\u0131m sunmakt\u0131r. Mobilya Tamir Montaj Hizmeti etmekten ve b\u00f6lgemiz i\u00e7in bir referans noktas\u0131 olarak g\u00f6r\u00fclmekten gurur duyuyoruz.<\/p>\n<p style=\"text-align: center;\">Burada bize nas\u0131l ula\u015faca\u011f\u0131n\u0131zla ilgili t\u00fcm yararl\u0131 bilgileri bulabilirsiniz. Bize Taleplerinizi +0554 858 1312 numaral\u0131 telefondan ula\u015fabilir ve iletebilirsiniz.<\/p>\n<h2 style=\"text-align: center;\">Mobilya Tamiri \u0130leti\u015fim<\/h2>\n<table style=\"border-collapse: collapse; width: 100%;\">\n<tbody>\n<tr>\n<td style=\"width: 50%;\">\n<p><figure id=\"attachment_57\" aria-describedby=\"caption-attachment-57\" style=\"width: 500px\" class=\"wp-caption aligncenter\"><a href=\"https:\/\/wa.me\/+905548581312\" target=\"_blank\" rel=\"noopener\"><img fetchpriority=\"high\" decoding=\"async\" class=\"wp-image-57 size-full\" title=\"Tezcan Usta Whatsapp Hemen T\u0131kla Mesaj At\" src=\"http:\/\/www.onlinemarangoz.com.tr\/Umraniye\/wp-content\/uploads\/Umraniye-Marangoz-Whatsapp.jpg\" alt=\"Tezcan Usta Whatsapp Hemen T\u0131kla Mesaj At\" width=\"500\" height=\"250\" srcset=\"https:\/\/www.onlinemarangoz.com.tr\/Umraniye\/wp-content\/uploads\/Umraniye-Marangoz-Whatsapp.jpg 500w, https:\/\/www.onlinemarangoz.com.tr\/Umraniye\/wp-content\/uploads\/Umraniye-Marangoz-Whatsapp-300x150.jpg 300w\" sizes=\"(max-width: 500px) 100vw, 500px\" \/><\/a><figcaption id=\"caption-attachment-57\" class=\"wp-caption-text\">Tezcan Usta Whatsapp Hemen T\u0131kla Mesaj At<\/figcaption><\/figure><\/td>\n<td style=\"width: 50%;\">\n<h3 style=\"text-align: center;\">\u00a0\u0130leti\u015fim Telefon<\/h3>\n<p style=\"text-align: center;\">\u00dcmraniye il\u00e7esi t\u00fcm semptlerine, Mobilya Tamir, Mobilya Montaj, Mobilya Onar\u0131m, hizmeti vermekteyiz; \u0130ster bir mobilya tamir ustas\u0131na, ister bir mobilya montaj ihtiyac\u0131n\u0131z olsun, Ata\u015fehir Mobilya Tamir Servisi&#8221; ihtiyac\u0131n\u0131z\u0131 kar\u015f\u0131lar. mobilya tamir hizmetlerine ihtiyac\u0131n\u0131z varsa bizi 0554-858 1312&#8221; Numaral\u0131 Telefondan aray\u0131n amac\u0131m\u0131z mobilyan\u0131z\u0131 m\u00fcmk\u00fcn olan en k\u0131sa s\u00fcrede tamir etmektir..<\/p>\n<\/td>\n<\/tr>\n<tr>\n<td style=\"width: 50%;\">\n<div id=\"post_tag\" class=\"tagsdiv\">\n<h5>\u00a0\u00dcmraniye Mobilya Tamircisi \u0130leti\u015fim<\/h5>\n<p align=\"CENTER\">\u00a0\u00dcmraniye Mobilya Tamircisi \u0130leti\u015fim&#8221; olarak \u00fccretsiz fiyat teklifi talep etmek veya, mobilya tamir bak\u0131m ve onar\u0131m hizmeti, almak i\u00e7in &#8221; Pazartesi&#8217;den Cumartesi&#8217;ye 09.00-Ak\u015fam 20.00 saatleri aras\u0131nda +0554 858 1312 numaral\u0131 telefondan yoluyla ula\u015f\u0131labilirsiniz \u00dcmraniye nin her yerinde mobilya tamir, mobilya montaj, mobilya onar\u0131m, servisimiz vard\u0131r.<\/p>\n<\/div>\n<\/td>\n<td style=\"width: 50%;\">\n<p><figure id=\"attachment_58\" aria-describedby=\"caption-attachment-58\" style=\"width: 500px\" class=\"wp-caption aligncenter\"><a href=\"tel:\/\/+905548581312\" target=\"_blank\" rel=\"noopener\"><img decoding=\"async\" class=\"wp-image-58 size-full\" title=\"Tezcan Usta Telefon Hemen T\u0131kla Ara\" src=\"http:\/\/www.onlinemarangoz.com.tr\/Umraniye\/wp-content\/uploads\/Umraniye-Marangoz-Telefon.jpg\" alt=\"Tezcan Usta Telefon Hemen T\u0131kla Ara\" width=\"500\" height=\"250\" srcset=\"https:\/\/www.onlinemarangoz.com.tr\/Umraniye\/wp-content\/uploads\/Umraniye-Marangoz-Telefon.jpg 500w, https:\/\/www.onlinemarangoz.com.tr\/Umraniye\/wp-content\/uploads\/Umraniye-Marangoz-Telefon-300x150.jpg 300w\" sizes=\"(max-width: 500px) 100vw, 500px\" \/><\/a><figcaption id=\"caption-attachment-58\" class=\"wp-caption-text\">Tezcan Usta Telefon Hemen T\u0131kla Ara<\/figcaption><\/figure><\/td>\n<\/tr>\n<\/tbody>\n<\/table>\n<table style=\"border-collapse: collapse; width: 100%;\">\n<tbody>\n<tr>\n<td>\n<p style=\"text-align: center;\">\u00a0Kendi ba\u015f\u0131n\u0131za kolayca de\u011fi\u015ftirebilece\u011finiz yedek par\u00e7alar\u0131 temin etmekteyiz.<\/p>\n<\/td>\n<td>\n<p align=\"CENTER\">Arad\u0131\u011f\u0131n\u0131z \u00e7\u00f6z\u00fcm\u00fc bulamad\u0131n\u0131z m\u0131? Size yard\u0131mc\u0131 olmaktan mutluluk duyar\u0131z.<\/p>\n<\/td>\n<td style=\"width: 33.3333%;\">\n<p align=\"CENTER\">Yaln\u0131zca orijinal yedek par\u00e7alar\u0131 \u00fcr\u00fcn\u00fcn\u00fcze tam olarak monte edilir.<\/p>\n<\/td>\n<\/tr>\n<\/tbody>\n<\/table>\n\n\n<div class=\"kk-star-ratings kksr-auto kksr-align-left kksr-valign-bottom\"\n    data-payload='{&quot;align&quot;:&quot;left&quot;,&quot;id&quot;:&quot;124&quot;,&quot;slug&quot;:&quot;default&quot;,&quot;valign&quot;:&quot;bottom&quot;,&quot;ignore&quot;:&quot;&quot;,&quot;reference&quot;:&quot;auto&quot;,&quot;class&quot;:&quot;&quot;,&quot;count&quot;:&quot;2&quot;,&quot;legendonly&quot;:&quot;&quot;,&quot;readonly&quot;:&quot;&quot;,&quot;score&quot;:&quot;5&quot;,&quot;starsonly&quot;:&quot;&quot;,&quot;best&quot;:&quot;5&quot;,&quot;gap&quot;:&quot;5&quot;,&quot;greet&quot;:&quot;\u00dcmraniye Marangoz \u2b50&quot;,&quot;legend&quot;:&quot;\u00dcmraniye Marangoz Ustas\u0131 \u2b50 2&quot;,&quot;size&quot;:&quot;24&quot;,&quot;title&quot;:&quot;Mobilya Tamiri \u0130leti\u015fim&quot;,&quot;width&quot;:&quot;142.5&quot;,&quot;_legend&quot;:&quot;\u00dcmraniye Marangoz Ustas\u0131 \u2b50 {count}&quot;,&quot;font_factor&quot;:&quot;1.25&quot;}'>\n            \n<div class=\"kksr-stars\">\n    \n<div class=\"kksr-stars-inactive\">\n            <div class=\"kksr-star\" data-star=\"1\" style=\"padding-right: 5px\">\n            \n\n<div class=\"kksr-icon\" style=\"width: 24px; height: 24px;\"><\/div>\n        <\/div>\n            <div class=\"kksr-star\" data-star=\"2\" style=\"padding-right: 5px\">\n            \n\n<div class=\"kksr-icon\" style=\"width: 24px; height: 24px;\"><\/div>\n        <\/div>\n            <div class=\"kksr-star\" data-star=\"3\" style=\"padding-right: 5px\">\n            \n\n<div class=\"kksr-icon\" style=\"width: 24px; height: 24px;\"><\/div>\n        <\/div>\n            <div class=\"kksr-star\" data-star=\"4\" style=\"padding-right: 5px\">\n            \n\n<div class=\"kksr-icon\" style=\"width: 24px; height: 24px;\"><\/div>\n        <\/div>\n            <div class=\"kksr-star\" data-star=\"5\" style=\"padding-right: 5px\">\n            \n\n<div class=\"kksr-icon\" style=\"width: 24px; height: 24px;\"><\/div>\n        <\/div>\n    <\/div>\n    \n<div class=\"kksr-stars-active\" style=\"width: 142.5px;\">\n            <div class=\"kksr-star\" style=\"padding-right: 5px\">\n            \n\n<div class=\"kksr-icon\" style=\"width: 24px; height: 24px;\"><\/div>\n        <\/div>\n            <div class=\"kksr-star\" style=\"padding-right: 5px\">\n            \n\n<div class=\"kksr-icon\" style=\"width: 24px; height: 24px;\"><\/div>\n        <\/div>\n            <div class=\"kksr-star\" style=\"padding-right: 5px\">\n            \n\n<div class=\"kksr-icon\" style=\"width: 24px; height: 24px;\"><\/div>\n        <\/div>\n            <div class=\"kksr-star\" style=\"padding-right: 5px\">\n            \n\n<div class=\"kksr-icon\" style=\"width: 24px; height: 24px;\"><\/div>\n        <\/div>\n            <div class=\"kksr-star\" style=\"padding-right: 5px\">\n            \n\n<div class=\"kksr-icon\" style=\"width: 24px; height: 24px;\"><\/div>\n        <\/div>\n    <\/div>\n<\/div>\n                \n\n<div class=\"kksr-legend\" style=\"font-size: 19.2px;\">\n            \u00dcmraniye Marangoz Ustas\u0131 \u2b50 2    <\/div>\n    <\/div>\n","protected":false},"excerpt":{"rendered":"<p>Mobilya Tamiri \u0130leti\u015fim ; Bug\u00fcn m\u00fc\u015fterilerimize her zaman en y\u00fcksek kalite standartlar\u0131n\u0131 kar\u015f\u0131layan eksiksiz bir \u00fcr\u00fcn yelpazesi sunabiliyoruz. Amac\u0131m\u0131z m\u00fc\u015fterilerimize mobilya tamir montaja kadar s\u00fcrecin her a\u015famas\u0131nda kaliteli hizmet ve yard\u0131m sunmakt\u0131r. Mobilya Tamir Montaj Hizmeti etmekten ve b\u00f6lgemiz i\u00e7in&#8230; <a class=\"di-continue-reading\" href=\"https:\/\/www.onlinemarangoz.com.tr\/Umraniye\/mobilya-tamiri-iletisim\/\"> Continue Reading&#8230;<\/a><\/p>\n","protected":false},"author":1,"featured_media":0,"parent":0,"menu_order":10,"comment_status":"closed","ping_status":"open","template":"","meta":{"footnotes":""},"categories":[145],"tags":[146,148,147,151,152,149,150,153],"class_list":["post-124","page","type-page","status-publish","hentry","category-iletisim","tag-iletisim","tag-iletisim-mobilya-tamiri","tag-iletisim-telefon","tag-marangoz-ustasi-iletisim","tag-mobilya-montaj-ustasi-iletisim","tag-mobilya-tamircisi-iletisim","tag-umraniye-marangoz-iletisim","tag-umraniye-mobilya-tamircisi-iletisim"],"_links":{"self":[{"href":"https:\/\/www.onlinemarangoz.com.tr\/Umraniye\/wp-json\/wp\/v2\/pages\/124","targetHints":{"allow":["GET"]}}],"collection":[{"href":"https:\/\/www.onlinemarangoz.com.tr\/Umraniye\/wp-json\/wp\/v2\/pages"}],"about":[{"href":"https:\/\/www.onlinemarangoz.com.tr\/Umraniye\/wp-json\/wp\/v2\/types\/page"}],"author":[{"embeddable":true,"href":"https:\/\/www.onlinemarangoz.com.tr\/Umraniye\/wp-json\/wp\/v2\/users\/1"}],"replies":[{"embeddable":true,"href":"https:\/\/www.onlinemarangoz.com.tr\/Umraniye\/wp-json\/wp\/v2\/comments?post=124"}],"version-history":[{"count":0,"href":"https:\/\/www.onlinemarangoz.com.tr\/Umraniye\/wp-json\/wp\/v2\/pages\/124\/revisions"}],"wp:attachment":[{"href":"https:\/\/www.onlinemarangoz.com.tr\/Umraniye\/wp-json\/wp\/v2\/media?parent=124"}],"wp:term":[{"taxonomy":"category","embeddable":true,"href":"https:\/\/www.onlinemarangoz.com.tr\/Umraniye\/wp-json\/wp\/v2\/categories?post=124"},{"taxonomy":"post_tag","embeddable":true,"href":"https:\/\/www.onlinemarangoz.com.tr\/Umraniye\/wp-json\/wp\/v2\/tags?post=124"}],"curies":[{"name":"wp","href":"https:\/\/api.w.org\/{rel}","templated":true}]}}