{"id":132,"date":"2023-12-09T12:28:33","date_gmt":"2023-12-09T12:28:33","guid":{"rendered":"https:\/\/www.onlinemarangoz.com.tr\/Umraniye\/?page_id=132"},"modified":"2023-12-09T15:43:39","modified_gmt":"2023-12-09T15:43:39","slug":"mobilya-tamiri-hizmetlerimiz","status":"publish","type":"page","link":"https:\/\/www.onlinemarangoz.com.tr\/Umraniye\/mobilya-tamiri-hizmetlerimiz\/","title":{"rendered":"Mobilya Tamiri Hizmetlerimiz"},"content":{"rendered":"<p>Mobilya Tamiri Hizmetlerimiz ; tecr\u00fcbemizle t\u00fcm mobilya \u00fcr\u00fcn bilgilerine ve yedek par\u00e7alara eri\u015fimimiz var. M\u00fckemmel m\u00fc\u015fteri memnuniyeti sa\u011flayarak y\u00fcksek standartta ve g\u00fcler y\u00fczl\u00fc hizmet sunmay\u0131 hedefliyoruz. Mobilyalar\u0131n\u0131z\u0131 d\u00fc\u015f\u00fck maliyetle onar\u0131yoruz. Hizmetimizi kullanarak yerel i\u015fletmeyi destekleyecek ve uzman\u0131m\u0131zla do\u011frudan ileti\u015fim halinde olacaks\u0131n\u0131z.<\/p>\n<h2 style=\"text-align: center;\">Mobilya Tamiri Hizmetlerimiz<\/h2>\n<table style=\"border-collapse: collapse; width: 100%;\">\n<tbody>\n<tr>\n<td>\n<p style=\"text-align: center;\">Sorular\u0131n\u0131z veya \u00f6nerileriniz mi var? Bize bildirin!<\/p>\n<p style=\"text-align: center;\">Mobilya Tamiri Hizmetlerimiz, i\u00e7in uzman tavsiyesine ihtiyac\u0131n\u0131z olsun, ister sorunlarla ilgili yard\u0131ma ihtiyac\u0131n\u0131z olsun, ister yaln\u0131zca mobilyan\u0131z ve hizmetlerimiz hakk\u0131nda bize geri bildirimde bulunmak isteyin sizin i\u00e7in buraday\u0131z. Mobilyan\u0131z ile ilgili herhangi bir sorunuz varsa veya onar\u0131m\u0131n\u0131z\u0131 yetenekli ustalar\u0131m\u0131zdan birine yapt\u0131rman\u0131z gerekiyorsa, l\u00fctfen 0554 858 1312 numaral\u0131 telefondan bizimle ileti\u015fime ge\u00e7in.<\/p>\n<\/td>\n<td style=\"width: 50%;\">\u00a0Mobilya Tamircisi Hizmetlerimiz<\/p>\n<p style=\"text-align: center;\">M\u00fc\u015fteri memnuniyeti bizim i\u00e7in \u00e7ok \u00f6nemlidir. Siz de\u011ferli m\u00fc\u015fterilerimizin bize iletti\u011fi t\u00fcm geri bildirimleri \u00f6nemsiyor, onlar\u0131n rahatl\u0131\u011f\u0131na uygun, ihtiya\u00e7lar\u0131n\u0131 kar\u015f\u0131layan bir hizmet sunmaya \u00e7al\u0131\u015f\u0131yoruz. Ayr\u0131ca mobilya tamiri, mobilya montaj\u0131, mobilya onar\u0131m\u0131, hizmetine ihtiyac\u0131n\u0131z varsa bize ba\u015fvurabilirsiniz. Garanti kapsam\u0131 di\u015findaki \u00d6nde gelen t\u00fcm mobilya markalar\u0131n mobilya tamir, mobilya montaj, mobilya onar\u0131m, hizmetleri sunabiliyoruz.<\/p>\n<\/td>\n<\/tr>\n<\/tbody>\n<\/table>\n<p style=\"text-align: center;\">Hizmetlerimiz<\/p>\n<h3 style=\"text-align: center;\">\u00dcmraniye Mobilya Tamiri Hizmetlerimiz<\/h3>\n<table style=\"border-collapse: collapse; width: 100%; height: 263px;\">\n<tbody>\n<tr style=\"height: 263px;\">\n<td style=\"width: 33.3333%; height: 263px;\">\n<h4>Mobilya Tamiri<\/h4>\n<p><img fetchpriority=\"high\" decoding=\"async\" class=\"size-full wp-image-49 aligncenter\" src=\"http:\/\/www.onlinemarangoz.com.tr\/Uskudar\/wp-content\/uploads\/2023\/12\/Uskudar-Marangozcu.jpg\" alt=\"\" width=\"300\" height=\"300\" \/><\/td>\n<td style=\"width: 33.3333%; height: 263px;\">\n<h5>Marangoz<\/h5>\n<p><img decoding=\"async\" class=\"size-full wp-image-48 aligncenter\" src=\"http:\/\/www.onlinemarangoz.com.tr\/Uskudar\/wp-content\/uploads\/2023\/12\/Uskudar.jpg\" alt=\"\" width=\"300\" height=\"300\" \/><\/td>\n<td style=\"width: 33.3333%; height: 263px;\">\n<h6>Marangoz Ustas\u0131<img decoding=\"async\" class=\"size-full wp-image-50 aligncenter\" src=\"http:\/\/www.onlinemarangoz.com.tr\/Uskudar\/wp-content\/uploads\/2023\/12\/Uskudar-Marangoz-Servis.jpg\" alt=\"\" width=\"300\" height=\"300\" \/><\/h6>\n<\/td>\n<\/tr>\n<\/tbody>\n<\/table>\n<table style=\"border-collapse: collapse; width: 100%;\">\n<tbody>\n<tr>\n<td style=\"width: 33.3333%;\">\n<h4 style=\"text-align: center;\">Ray Dolap Tamiri<\/h4>\n<p><img loading=\"lazy\" decoding=\"async\" class=\"size-full wp-image-40 aligncenter\" src=\"http:\/\/www.onlinemarangoz.com.tr\/Umraniye\/wp-content\/uploads\/Umraniye-Ray-Dolap-Tamiri.jpg\" alt=\"\" width=\"300\" height=\"300\" srcset=\"https:\/\/www.onlinemarangoz.com.tr\/Umraniye\/wp-content\/uploads\/Umraniye-Ray-Dolap-Tamiri.jpg 300w, https:\/\/www.onlinemarangoz.com.tr\/Umraniye\/wp-content\/uploads\/Umraniye-Ray-Dolap-Tamiri-150x150.jpg 150w, https:\/\/www.onlinemarangoz.com.tr\/Umraniye\/wp-content\/uploads\/Umraniye-Ray-Dolap-Tamiri-90x90.jpg 90w\" sizes=\"(max-width: 300px) 100vw, 300px\" \/><\/td>\n<td style=\"width: 33.3333%;\">\n<h5 style=\"text-align: center;\">Ray Dolap Kapak Sistemleri Tamiri<\/h5>\n<p><img loading=\"lazy\" decoding=\"async\" class=\"size-full wp-image-38 aligncenter\" src=\"http:\/\/www.onlinemarangoz.com.tr\/Umraniye\/wp-content\/uploads\/Umraniye-Ray-Dolap-Kapak-Sistemleri-Tamiri.jpg\" alt=\"\" width=\"300\" height=\"300\" srcset=\"https:\/\/www.onlinemarangoz.com.tr\/Umraniye\/wp-content\/uploads\/Umraniye-Ray-Dolap-Kapak-Sistemleri-Tamiri.jpg 300w, https:\/\/www.onlinemarangoz.com.tr\/Umraniye\/wp-content\/uploads\/Umraniye-Ray-Dolap-Kapak-Sistemleri-Tamiri-150x150.jpg 150w, https:\/\/www.onlinemarangoz.com.tr\/Umraniye\/wp-content\/uploads\/Umraniye-Ray-Dolap-Kapak-Sistemleri-Tamiri-90x90.jpg 90w\" sizes=\"(max-width: 300px) 100vw, 300px\" \/><\/td>\n<td style=\"width: 33.3333%;\">\n<h5 style=\"text-align: center;\">Ray Dolap Kapak Fren Sistemleri Tamiri<\/h5>\n<p><img loading=\"lazy\" decoding=\"async\" class=\"size-full wp-image-39 aligncenter\" src=\"http:\/\/www.onlinemarangoz.com.tr\/Umraniye\/wp-content\/uploads\/Umraniye-Ray-Dolap-Kapak-Tamiri.jpg\" alt=\"\" width=\"300\" height=\"300\" srcset=\"https:\/\/www.onlinemarangoz.com.tr\/Umraniye\/wp-content\/uploads\/Umraniye-Ray-Dolap-Kapak-Tamiri.jpg 300w, https:\/\/www.onlinemarangoz.com.tr\/Umraniye\/wp-content\/uploads\/Umraniye-Ray-Dolap-Kapak-Tamiri-150x150.jpg 150w, https:\/\/www.onlinemarangoz.com.tr\/Umraniye\/wp-content\/uploads\/Umraniye-Ray-Dolap-Kapak-Tamiri-90x90.jpg 90w\" sizes=\"(max-width: 300px) 100vw, 300px\" \/><\/td>\n<\/tr>\n<\/tbody>\n<\/table>\n<table style=\"border-collapse: collapse; width: 100%; height: 24px;\">\n<tbody>\n<tr style=\"height: 24px;\">\n<td style=\"width: 33.3333%; height: 24px;\">\n<h4 style=\"text-align: center;\">Mutfak Dolap Tamiri<\/h4>\n<p><img loading=\"lazy\" decoding=\"async\" class=\"size-full wp-image-44 aligncenter\" src=\"http:\/\/www.onlinemarangoz.com.tr\/Umraniye\/wp-content\/uploads\/Umraniye-Mutfak-Dolap-Tamircisi.jpg\" alt=\"\" width=\"300\" height=\"300\" srcset=\"https:\/\/www.onlinemarangoz.com.tr\/Umraniye\/wp-content\/uploads\/Umraniye-Mutfak-Dolap-Tamircisi.jpg 300w, https:\/\/www.onlinemarangoz.com.tr\/Umraniye\/wp-content\/uploads\/Umraniye-Mutfak-Dolap-Tamircisi-150x150.jpg 150w, https:\/\/www.onlinemarangoz.com.tr\/Umraniye\/wp-content\/uploads\/Umraniye-Mutfak-Dolap-Tamircisi-90x90.jpg 90w\" sizes=\"(max-width: 300px) 100vw, 300px\" \/><\/td>\n<td style=\"width: 33.3333%; height: 24px;\">\n<h5>Laminant Tezgah Montaj\u0131<\/h5>\n<p><img loading=\"lazy\" decoding=\"async\" class=\"size-full wp-image-42 aligncenter\" src=\"http:\/\/www.onlinemarangoz.com.tr\/Umraniye\/wp-content\/uploads\/Umraniye-Laminanat-Tezgah-Montaj.jpg\" alt=\"\" width=\"300\" height=\"300\" srcset=\"https:\/\/www.onlinemarangoz.com.tr\/Umraniye\/wp-content\/uploads\/Umraniye-Laminanat-Tezgah-Montaj.jpg 300w, https:\/\/www.onlinemarangoz.com.tr\/Umraniye\/wp-content\/uploads\/Umraniye-Laminanat-Tezgah-Montaj-150x150.jpg 150w, https:\/\/www.onlinemarangoz.com.tr\/Umraniye\/wp-content\/uploads\/Umraniye-Laminanat-Tezgah-Montaj-90x90.jpg 90w\" sizes=\"(max-width: 300px) 100vw, 300px\" \/><\/td>\n<td style=\"width: 33.3333%; height: 24px;\">\n<h6 style=\"text-align: center;\">Kiler Ray\u0131 Tamiri<\/h6>\n<p><img loading=\"lazy\" decoding=\"async\" class=\"size-full wp-image-43 aligncenter\" src=\"http:\/\/www.onlinemarangoz.com.tr\/Umraniye\/wp-content\/uploads\/Umraniye-Mutfak-Dolap-Tamir-Hizmeti.jpg\" alt=\"\" width=\"300\" height=\"300\" srcset=\"https:\/\/www.onlinemarangoz.com.tr\/Umraniye\/wp-content\/uploads\/Umraniye-Mutfak-Dolap-Tamir-Hizmeti.jpg 300w, https:\/\/www.onlinemarangoz.com.tr\/Umraniye\/wp-content\/uploads\/Umraniye-Mutfak-Dolap-Tamir-Hizmeti-150x150.jpg 150w, https:\/\/www.onlinemarangoz.com.tr\/Umraniye\/wp-content\/uploads\/Umraniye-Mutfak-Dolap-Tamir-Hizmeti-90x90.jpg 90w\" sizes=\"(max-width: 300px) 100vw, 300px\" \/><\/td>\n<\/tr>\n<\/tbody>\n<\/table>\n<table style=\"border-collapse: collapse; width: 100%;\">\n<tbody>\n<tr>\n<td style=\"width: 33.3333%;\">\n<h4 style=\"text-align: center;\">Mobilya Kap\u0131 Tamiri<\/h4>\n<p><img loading=\"lazy\" decoding=\"async\" class=\"size-full wp-image-47 aligncenter\" src=\"http:\/\/www.onlinemarangoz.com.tr\/Umraniye\/wp-content\/uploads\/Umraniye-Mobilya-Kapi-Tamircisi.jpg\" alt=\"\" width=\"300\" height=\"300\" srcset=\"https:\/\/www.onlinemarangoz.com.tr\/Umraniye\/wp-content\/uploads\/Umraniye-Mobilya-Kapi-Tamircisi.jpg 300w, https:\/\/www.onlinemarangoz.com.tr\/Umraniye\/wp-content\/uploads\/Umraniye-Mobilya-Kapi-Tamircisi-150x150.jpg 150w, https:\/\/www.onlinemarangoz.com.tr\/Umraniye\/wp-content\/uploads\/Umraniye-Mobilya-Kapi-Tamircisi-90x90.jpg 90w\" sizes=\"(max-width: 300px) 100vw, 300px\" \/><\/td>\n<td style=\"width: 33.3333%;\">\n<h5 style=\"text-align: center;\">Kap\u0131 Kilit Tamiri<\/h5>\n<p><img loading=\"lazy\" decoding=\"async\" class=\"size-full wp-image-45 aligncenter\" src=\"http:\/\/www.onlinemarangoz.com.tr\/Umraniye\/wp-content\/uploads\/Umraniye-Mobilya-Kapi-Kilit-Tamiri.jpg\" alt=\"\" width=\"300\" height=\"300\" srcset=\"https:\/\/www.onlinemarangoz.com.tr\/Umraniye\/wp-content\/uploads\/Umraniye-Mobilya-Kapi-Kilit-Tamiri.jpg 300w, https:\/\/www.onlinemarangoz.com.tr\/Umraniye\/wp-content\/uploads\/Umraniye-Mobilya-Kapi-Kilit-Tamiri-150x150.jpg 150w, https:\/\/www.onlinemarangoz.com.tr\/Umraniye\/wp-content\/uploads\/Umraniye-Mobilya-Kapi-Kilit-Tamiri-90x90.jpg 90w\" sizes=\"(max-width: 300px) 100vw, 300px\" \/><\/td>\n<td style=\"width: 33.3333%;\">\n<h6 style=\"text-align: center;\">Kap\u0131 Mente\u015fe Tamiri<\/h6>\n<p><img loading=\"lazy\" decoding=\"async\" class=\"size-full wp-image-46 aligncenter\" src=\"http:\/\/www.onlinemarangoz.com.tr\/Umraniye\/wp-content\/uploads\/Umraniye-Mobilya-Kapi-Mentese-Tamiri.jpg\" alt=\"\" width=\"350\" height=\"350\" srcset=\"https:\/\/www.onlinemarangoz.com.tr\/Umraniye\/wp-content\/uploads\/Umraniye-Mobilya-Kapi-Mentese-Tamiri.jpg 350w, https:\/\/www.onlinemarangoz.com.tr\/Umraniye\/wp-content\/uploads\/Umraniye-Mobilya-Kapi-Mentese-Tamiri-300x300.jpg 300w, https:\/\/www.onlinemarangoz.com.tr\/Umraniye\/wp-content\/uploads\/Umraniye-Mobilya-Kapi-Mentese-Tamiri-150x150.jpg 150w, https:\/\/www.onlinemarangoz.com.tr\/Umraniye\/wp-content\/uploads\/Umraniye-Mobilya-Kapi-Mentese-Tamiri-90x90.jpg 90w\" sizes=\"(max-width: 350px) 100vw, 350px\" \/><\/td>\n<\/tr>\n<\/tbody>\n<\/table>\n<table style=\"border-collapse: collapse; width: 100%;\">\n<tbody>\n<tr>\n<td style=\"width: 33.3333%;\">\n<h4 style=\"text-align: center;\">Sandalye Tamiri<\/h4>\n<p><img loading=\"lazy\" decoding=\"async\" class=\"size-full wp-image-50 aligncenter\" src=\"http:\/\/www.onlinemarangoz.com.tr\/Umraniye\/wp-content\/uploads\/Umraniye-Sandalye-Tamircisi.jpg\" alt=\"\" width=\"300\" height=\"300\" srcset=\"https:\/\/www.onlinemarangoz.com.tr\/Umraniye\/wp-content\/uploads\/Umraniye-Sandalye-Tamircisi.jpg 300w, https:\/\/www.onlinemarangoz.com.tr\/Umraniye\/wp-content\/uploads\/Umraniye-Sandalye-Tamircisi-150x150.jpg 150w, https:\/\/www.onlinemarangoz.com.tr\/Umraniye\/wp-content\/uploads\/Umraniye-Sandalye-Tamircisi-90x90.jpg 90w\" sizes=\"(max-width: 300px) 100vw, 300px\" \/><\/td>\n<td style=\"width: 33.3333%;\">\n<h5 style=\"text-align: center;\">K\u0131r\u0131k Sandalye Tamiri<\/h5>\n<p><img loading=\"lazy\" decoding=\"async\" class=\"size-full wp-image-48 aligncenter\" src=\"http:\/\/www.onlinemarangoz.com.tr\/Umraniye\/wp-content\/uploads\/Umraniye-Kirik-Sandalye-Tamircisi.jpg\" alt=\"\" width=\"300\" height=\"300\" srcset=\"https:\/\/www.onlinemarangoz.com.tr\/Umraniye\/wp-content\/uploads\/Umraniye-Kirik-Sandalye-Tamircisi.jpg 300w, https:\/\/www.onlinemarangoz.com.tr\/Umraniye\/wp-content\/uploads\/Umraniye-Kirik-Sandalye-Tamircisi-150x150.jpg 150w, https:\/\/www.onlinemarangoz.com.tr\/Umraniye\/wp-content\/uploads\/Umraniye-Kirik-Sandalye-Tamircisi-90x90.jpg 90w\" sizes=\"(max-width: 300px) 100vw, 300px\" \/><\/td>\n<td style=\"width: 33.3333%;\">\n<h6 style=\"text-align: center;\">Sallanan Sandalye Tamiri<\/h6>\n<p><img loading=\"lazy\" decoding=\"async\" class=\"size-full wp-image-49 aligncenter\" src=\"http:\/\/www.onlinemarangoz.com.tr\/Umraniye\/wp-content\/uploads\/Umraniye-Sallanan-Sandalye-Tamircisi.jpg\" alt=\"\" width=\"300\" height=\"300\" srcset=\"https:\/\/www.onlinemarangoz.com.tr\/Umraniye\/wp-content\/uploads\/Umraniye-Sallanan-Sandalye-Tamircisi.jpg 300w, https:\/\/www.onlinemarangoz.com.tr\/Umraniye\/wp-content\/uploads\/Umraniye-Sallanan-Sandalye-Tamircisi-150x150.jpg 150w, https:\/\/www.onlinemarangoz.com.tr\/Umraniye\/wp-content\/uploads\/Umraniye-Sallanan-Sandalye-Tamircisi-90x90.jpg 90w\" sizes=\"(max-width: 300px) 100vw, 300px\" \/><\/td>\n<\/tr>\n<\/tbody>\n<\/table>\n<table style=\"border-collapse: collapse; width: 100%;\">\n<tbody>\n<tr>\n<td style=\"width: 33.3333%;\">\n<h4 style=\"text-align: center;\">Dolap Kapak Mente\u015fe Tamiri<\/h4>\n<p><img loading=\"lazy\" decoding=\"async\" class=\"size-full wp-image-51 aligncenter\" src=\"http:\/\/www.onlinemarangoz.com.tr\/Umraniye\/wp-content\/uploads\/Umraniye-Dolap-Kapak-Mentese-Tamir-Hizmeti.jpg\" alt=\"\" width=\"300\" height=\"300\" srcset=\"https:\/\/www.onlinemarangoz.com.tr\/Umraniye\/wp-content\/uploads\/Umraniye-Dolap-Kapak-Mentese-Tamir-Hizmeti.jpg 300w, https:\/\/www.onlinemarangoz.com.tr\/Umraniye\/wp-content\/uploads\/Umraniye-Dolap-Kapak-Mentese-Tamir-Hizmeti-150x150.jpg 150w, https:\/\/www.onlinemarangoz.com.tr\/Umraniye\/wp-content\/uploads\/Umraniye-Dolap-Kapak-Mentese-Tamir-Hizmeti-90x90.jpg 90w\" sizes=\"(max-width: 300px) 100vw, 300px\" \/><\/td>\n<td style=\"width: 33.3333%;\"><img loading=\"lazy\" decoding=\"async\" class=\"size-full wp-image-52 aligncenter\" src=\"http:\/\/www.onlinemarangoz.com.tr\/Umraniye\/wp-content\/uploads\/Umraniye-Dolap-Kapak-Mentese-Tamircisi.jpg\" alt=\"\" width=\"300\" height=\"300\" srcset=\"https:\/\/www.onlinemarangoz.com.tr\/Umraniye\/wp-content\/uploads\/Umraniye-Dolap-Kapak-Mentese-Tamircisi.jpg 300w, https:\/\/www.onlinemarangoz.com.tr\/Umraniye\/wp-content\/uploads\/Umraniye-Dolap-Kapak-Mentese-Tamircisi-150x150.jpg 150w, https:\/\/www.onlinemarangoz.com.tr\/Umraniye\/wp-content\/uploads\/Umraniye-Dolap-Kapak-Mentese-Tamircisi-90x90.jpg 90w\" sizes=\"(max-width: 300px) 100vw, 300px\" \/><\/td>\n<td style=\"width: 33.3333%;\">\n<h6 style=\"text-align: center;\">Dolap Kapak Amortis\u00f6r\u00fc Tamiri<\/h6>\n<p><img loading=\"lazy\" decoding=\"async\" class=\"size-full wp-image-53 aligncenter\" src=\"http:\/\/www.onlinemarangoz.com.tr\/Umraniye\/wp-content\/uploads\/Umraniye-Mutfak-Dolap-Kapak-Amortisoru-Tamir.jpg\" alt=\"\" width=\"300\" height=\"300\" srcset=\"https:\/\/www.onlinemarangoz.com.tr\/Umraniye\/wp-content\/uploads\/Umraniye-Mutfak-Dolap-Kapak-Amortisoru-Tamir.jpg 300w, https:\/\/www.onlinemarangoz.com.tr\/Umraniye\/wp-content\/uploads\/Umraniye-Mutfak-Dolap-Kapak-Amortisoru-Tamir-150x150.jpg 150w, https:\/\/www.onlinemarangoz.com.tr\/Umraniye\/wp-content\/uploads\/Umraniye-Mutfak-Dolap-Kapak-Amortisoru-Tamir-90x90.jpg 90w\" sizes=\"(max-width: 300px) 100vw, 300px\" \/><\/td>\n<\/tr>\n<\/tbody>\n<\/table>\n<table style=\"border-collapse: collapse; width: 100%;\">\n<tbody>\n<tr>\n<td style=\"width: 33.3333%;\">\n<h5 style=\"text-align: center;\">Frenli\u00a0\u00c7ekmece Ray Tamiri<\/h5>\n<p><img loading=\"lazy\" decoding=\"async\" class=\"size-full wp-image-54 aligncenter\" src=\"http:\/\/www.onlinemarangoz.com.tr\/Umraniye\/wp-content\/uploads\/Umraniye-Dolap-Cekmece-Ray-Tamir-Hizmeti.jpg\" alt=\"\" width=\"300\" height=\"300\" srcset=\"https:\/\/www.onlinemarangoz.com.tr\/Umraniye\/wp-content\/uploads\/Umraniye-Dolap-Cekmece-Ray-Tamir-Hizmeti.jpg 300w, https:\/\/www.onlinemarangoz.com.tr\/Umraniye\/wp-content\/uploads\/Umraniye-Dolap-Cekmece-Ray-Tamir-Hizmeti-150x150.jpg 150w, https:\/\/www.onlinemarangoz.com.tr\/Umraniye\/wp-content\/uploads\/Umraniye-Dolap-Cekmece-Ray-Tamir-Hizmeti-90x90.jpg 90w\" sizes=\"(max-width: 300px) 100vw, 300px\" \/><\/td>\n<td style=\"width: 33.3333%;\"><img loading=\"lazy\" decoding=\"async\" class=\"size-full wp-image-55 aligncenter\" src=\"http:\/\/www.onlinemarangoz.com.tr\/Umraniye\/wp-content\/uploads\/Umraniye-Dolap-Cekmece-Ray-Tamiri.jpg\" alt=\"\" width=\"300\" height=\"300\" srcset=\"https:\/\/www.onlinemarangoz.com.tr\/Umraniye\/wp-content\/uploads\/Umraniye-Dolap-Cekmece-Ray-Tamiri.jpg 300w, https:\/\/www.onlinemarangoz.com.tr\/Umraniye\/wp-content\/uploads\/Umraniye-Dolap-Cekmece-Ray-Tamiri-150x150.jpg 150w, https:\/\/www.onlinemarangoz.com.tr\/Umraniye\/wp-content\/uploads\/Umraniye-Dolap-Cekmece-Ray-Tamiri-90x90.jpg 90w\" sizes=\"(max-width: 300px) 100vw, 300px\" \/><\/td>\n<td style=\"width: 33.3333%;\">\n<h4 style=\"text-align: center;\">Dolap\u00a0\u00c7ekmece Ray Tamiri<\/h4>\n<p><img loading=\"lazy\" decoding=\"async\" class=\"size-full wp-image-56 aligncenter\" src=\"http:\/\/www.onlinemarangoz.com.tr\/Umraniye\/wp-content\/uploads\/Umraniye-Dolap-Cekmeceleri-Ray-Tamiri.jpg\" alt=\"\" width=\"300\" height=\"300\" srcset=\"https:\/\/www.onlinemarangoz.com.tr\/Umraniye\/wp-content\/uploads\/Umraniye-Dolap-Cekmeceleri-Ray-Tamiri.jpg 300w, https:\/\/www.onlinemarangoz.com.tr\/Umraniye\/wp-content\/uploads\/Umraniye-Dolap-Cekmeceleri-Ray-Tamiri-150x150.jpg 150w, https:\/\/www.onlinemarangoz.com.tr\/Umraniye\/wp-content\/uploads\/Umraniye-Dolap-Cekmeceleri-Ray-Tamiri-90x90.jpg 90w\" sizes=\"(max-width: 300px) 100vw, 300px\" \/><\/td>\n<\/tr>\n<\/tbody>\n<\/table>\n<table style=\"border-collapse: collapse; width: 100%;\">\n<tbody>\n<tr>\n<td style=\"text-align: center;\"><strong>\u00c7\u00d6Z\u00dcMLER<\/strong><\/p>\n<p>T\u00fcm mobilyalar\u0131n\u0131z i\u00e7in uygun \u00e7\u00f6z\u00fcm.<\/td>\n<td style=\"text-align: center;\"><strong>DENEY\u0130M<\/strong><\/p>\n<p>Hizmetinizde uzun ve tatmin edici bir aktivite.<\/td>\n<td style=\"text-align: center;\"><strong>KOLAYLIK<\/strong><\/p>\n<p>Sizin i\u00e7in her zaman en avantajl\u0131 se\u00e7im!<\/td>\n<td style=\"text-align: center;\"><strong>HIZ<\/strong><\/p>\n<p>Acil durumlarda bile do\u011fru zamanda m\u00fcdahale ediyoruz.<\/td>\n<\/tr>\n<\/tbody>\n<\/table>\n<table style=\"border-collapse: collapse; width: 100%;\">\n<tbody>\n<tr>\n<td style=\"width: 50%;\"><a href=\"https:\/\/wa.me\/+905548581312\" target=\"_blank\" rel=\"noopener\"><img loading=\"lazy\" decoding=\"async\" class=\"aligncenter wp-image-57 size-full\" title=\"Tezcan Usta Whatsapp Hemen T\u0131kla Mesaj At\" src=\"http:\/\/www.onlinemarangoz.com.tr\/Umraniye\/wp-content\/uploads\/Umraniye-Marangoz-Whatsapp.jpg\" alt=\"Tezcan Usta Whatsapp Hemen T\u0131kla Mesaj At\" width=\"500\" height=\"250\" srcset=\"https:\/\/www.onlinemarangoz.com.tr\/Umraniye\/wp-content\/uploads\/Umraniye-Marangoz-Whatsapp.jpg 500w, https:\/\/www.onlinemarangoz.com.tr\/Umraniye\/wp-content\/uploads\/Umraniye-Marangoz-Whatsapp-300x150.jpg 300w\" sizes=\"(max-width: 500px) 100vw, 500px\" \/><\/a><\/td>\n<td style=\"width: 50%;\">\n<h3 style=\"text-align: center;\">\u00dcmraniye Marangoz Telefon<\/h3>\n<p style=\"text-align: center;\">\u00dcmraniye Marangoz Telefon; Mobilya onar\u0131m\u0131na ihtiyac\u0131n\u0131z oldu\u011funda sizin i\u00e7in en uygun tarihi ve saati se\u00e7meniz yeterlidir. Elbette, randevu ayarlamak i\u00e7in 0554 858 1312 numaral\u0131 telefondan bizi her zaman arayabilirsiniz<\/p>\n<\/td>\n<\/tr>\n<tr>\n<td style=\"width: 50%;\">\n<h4 style=\"text-align: center;\">\u00dcmraniye Marangoz \u0130leti\u015fim<\/h4>\n<p style=\"text-align: center;\">\u00dcmraniye Marangoz \u0130leti\u015fim; Mobilya Tamir, Mobilya Montaj, ihtiyac\u0131n\u0131z\u0131 kar\u015f\u0131lar. mobilya tamir hizmetlerine ihtiyac\u0131n\u0131z varsa bizi 0554-858 1312&#8221; Numaral\u0131 Telefondan aray\u0131n amac\u0131m\u0131z mobilyan\u0131z\u0131 m\u00fcmk\u00fcn olan en k\u0131sa s\u00fcrede tamir etmektir.<\/p>\n<\/td>\n<td style=\"width: 50%;\"><a href=\"tel:\/\/+905548581312\" target=\"_blank\" rel=\"noopener\"><img loading=\"lazy\" decoding=\"async\" class=\"aligncenter wp-image-58 size-full\" title=\"Tezcan Usta Telefon Hemen T\u0131kla Ara\" src=\"http:\/\/www.onlinemarangoz.com.tr\/Umraniye\/wp-content\/uploads\/Umraniye-Marangoz-Telefon.jpg\" alt=\"Tezcan Usta Telefon Hemen T\u0131kla Ara\" width=\"500\" height=\"250\" srcset=\"https:\/\/www.onlinemarangoz.com.tr\/Umraniye\/wp-content\/uploads\/Umraniye-Marangoz-Telefon.jpg 500w, https:\/\/www.onlinemarangoz.com.tr\/Umraniye\/wp-content\/uploads\/Umraniye-Marangoz-Telefon-300x150.jpg 300w\" sizes=\"(max-width: 500px) 100vw, 500px\" \/><\/a><\/td>\n<\/tr>\n<\/tbody>\n<\/table>\n\n\n<div class=\"kk-star-ratings kksr-auto kksr-align-left kksr-valign-bottom\"\n    data-payload='{&quot;align&quot;:&quot;left&quot;,&quot;id&quot;:&quot;132&quot;,&quot;slug&quot;:&quot;default&quot;,&quot;valign&quot;:&quot;bottom&quot;,&quot;ignore&quot;:&quot;&quot;,&quot;reference&quot;:&quot;auto&quot;,&quot;class&quot;:&quot;&quot;,&quot;count&quot;:&quot;0&quot;,&quot;legendonly&quot;:&quot;&quot;,&quot;readonly&quot;:&quot;&quot;,&quot;score&quot;:&quot;0&quot;,&quot;starsonly&quot;:&quot;&quot;,&quot;best&quot;:&quot;5&quot;,&quot;gap&quot;:&quot;5&quot;,&quot;greet&quot;:&quot;\u00dcmraniye Marangoz \u2b50&quot;,&quot;legend&quot;:&quot;\u00dcmraniye Marangoz Ustas\u0131 \u2b50 0&quot;,&quot;size&quot;:&quot;24&quot;,&quot;title&quot;:&quot;Mobilya Tamiri Hizmetlerimiz&quot;,&quot;width&quot;:&quot;0&quot;,&quot;_legend&quot;:&quot;\u00dcmraniye Marangoz Ustas\u0131 \u2b50 {count}&quot;,&quot;font_factor&quot;:&quot;1.25&quot;}'>\n            \n<div class=\"kksr-stars\">\n    \n<div class=\"kksr-stars-inactive\">\n            <div class=\"kksr-star\" data-star=\"1\" style=\"padding-right: 5px\">\n            \n\n<div class=\"kksr-icon\" style=\"width: 24px; height: 24px;\"><\/div>\n        <\/div>\n            <div class=\"kksr-star\" data-star=\"2\" style=\"padding-right: 5px\">\n            \n\n<div class=\"kksr-icon\" style=\"width: 24px; height: 24px;\"><\/div>\n        <\/div>\n            <div class=\"kksr-star\" data-star=\"3\" style=\"padding-right: 5px\">\n            \n\n<div class=\"kksr-icon\" style=\"width: 24px; height: 24px;\"><\/div>\n        <\/div>\n            <div class=\"kksr-star\" data-star=\"4\" style=\"padding-right: 5px\">\n            \n\n<div class=\"kksr-icon\" style=\"width: 24px; height: 24px;\"><\/div>\n        <\/div>\n            <div class=\"kksr-star\" data-star=\"5\" style=\"padding-right: 5px\">\n            \n\n<div class=\"kksr-icon\" style=\"width: 24px; height: 24px;\"><\/div>\n        <\/div>\n    <\/div>\n    \n<div class=\"kksr-stars-active\" style=\"width: 0px;\">\n            <div class=\"kksr-star\" style=\"padding-right: 5px\">\n            \n\n<div class=\"kksr-icon\" style=\"width: 24px; height: 24px;\"><\/div>\n        <\/div>\n            <div class=\"kksr-star\" style=\"padding-right: 5px\">\n            \n\n<div class=\"kksr-icon\" style=\"width: 24px; height: 24px;\"><\/div>\n        <\/div>\n            <div class=\"kksr-star\" style=\"padding-right: 5px\">\n            \n\n<div class=\"kksr-icon\" style=\"width: 24px; height: 24px;\"><\/div>\n        <\/div>\n            <div class=\"kksr-star\" style=\"padding-right: 5px\">\n            \n\n<div class=\"kksr-icon\" style=\"width: 24px; height: 24px;\"><\/div>\n        <\/div>\n            <div class=\"kksr-star\" style=\"padding-right: 5px\">\n            \n\n<div class=\"kksr-icon\" style=\"width: 24px; height: 24px;\"><\/div>\n        <\/div>\n    <\/div>\n<\/div>\n                \n\n<div class=\"kksr-legend\" style=\"font-size: 19.2px;\">\n            <span class=\"kksr-muted\">\u00dcmraniye Marangoz \u2b50<\/span>\n    <\/div>\n    <\/div>\n","protected":false},"excerpt":{"rendered":"<p>Mobilya Tamiri Hizmetlerimiz ; tecr\u00fcbemizle t\u00fcm mobilya \u00fcr\u00fcn bilgilerine ve yedek par\u00e7alara eri\u015fimimiz var. M\u00fckemmel m\u00fc\u015fteri memnuniyeti sa\u011flayarak y\u00fcksek standartta ve g\u00fcler y\u00fczl\u00fc hizmet sunmay\u0131 hedefliyoruz. Mobilyalar\u0131n\u0131z\u0131 d\u00fc\u015f\u00fck maliyetle onar\u0131yoruz. Hizmetimizi kullanarak yerel i\u015fletmeyi destekleyecek ve uzman\u0131m\u0131zla do\u011frudan ileti\u015fim halinde&#8230; <a class=\"di-continue-reading\" href=\"https:\/\/www.onlinemarangoz.com.tr\/Umraniye\/mobilya-tamiri-hizmetlerimiz\/\"> Continue Reading&#8230;<\/a><\/p>\n","protected":false},"author":1,"featured_media":0,"parent":0,"menu_order":8,"comment_status":"closed","ping_status":"open","template":"","meta":{"footnotes":""},"categories":[1],"tags":[154,156,155,159,160,157,158,161],"class_list":["post-132","page","type-page","status-publish","hentry","category-umraniye-mobilya-tamir-montaj-servisi","tag-hizmetlerimiz","tag-hizmetlerimiz-mobilya-tamiri","tag-hizmetlerimiz-telefon","tag-marangoz-ustasi-hizmetlerimiz","tag-mobilya-montaj-ustasi-hizmetlerimiz","tag-mobilya-tamircisi-hizmetlerimiz","tag-umraniye-marangoz-hizmetlerimiz","tag-umraniye-mobilya-tamircisi-hizmetlerimiz"],"_links":{"self":[{"href":"https:\/\/www.onlinemarangoz.com.tr\/Umraniye\/wp-json\/wp\/v2\/pages\/132","targetHints":{"allow":["GET"]}}],"collection":[{"href":"https:\/\/www.onlinemarangoz.com.tr\/Umraniye\/wp-json\/wp\/v2\/pages"}],"about":[{"href":"https:\/\/www.onlinemarangoz.com.tr\/Umraniye\/wp-json\/wp\/v2\/types\/page"}],"author":[{"embeddable":true,"href":"https:\/\/www.onlinemarangoz.com.tr\/Umraniye\/wp-json\/wp\/v2\/users\/1"}],"replies":[{"embeddable":true,"href":"https:\/\/www.onlinemarangoz.com.tr\/Umraniye\/wp-json\/wp\/v2\/comments?post=132"}],"version-history":[{"count":0,"href":"https:\/\/www.onlinemarangoz.com.tr\/Umraniye\/wp-json\/wp\/v2\/pages\/132\/revisions"}],"wp:attachment":[{"href":"https:\/\/www.onlinemarangoz.com.tr\/Umraniye\/wp-json\/wp\/v2\/media?parent=132"}],"wp:term":[{"taxonomy":"category","embeddable":true,"href":"https:\/\/www.onlinemarangoz.com.tr\/Umraniye\/wp-json\/wp\/v2\/categories?post=132"},{"taxonomy":"post_tag","embeddable":true,"href":"https:\/\/www.onlinemarangoz.com.tr\/Umraniye\/wp-json\/wp\/v2\/tags?post=132"}],"curies":[{"name":"wp","href":"https:\/\/api.w.org\/{rel}","templated":true}]}}