{"id":373,"date":"2024-01-10T04:24:47","date_gmt":"2024-01-10T01:24:47","guid":{"rendered":"https:\/\/www.onlinemarangoz.com.tr\/Umraniye\/?page_id=373"},"modified":"2024-01-10T04:24:47","modified_gmt":"2024-01-10T01:24:47","slug":"umraniye-ray-dolap-tamiri","status":"publish","type":"page","link":"https:\/\/www.onlinemarangoz.com.tr\/Umraniye\/umraniye-ray-dolap-tamiri\/","title":{"rendered":"\u00dcmraniye Ray Dolap Tamiri"},"content":{"rendered":"<p>\u00dcmraniye Ray Dolap Tamiri &#8216;!&#8217; Ray Dolap Tamiri Telefon &#8216;!&#8217;0554 858 1312&#8242;!&#8217; \u0130stanbul Anadolu Yakas\u0131 \u00dcmraniye Ray Dolap Tamiri &#8216;!&#8217; t\u00fcm marka ve tipte ray dolaplar i\u00e7in faaliyet g\u00f6stermekle birlikte, tamir ve servis hizmetlerinde yaln\u0131zca orijinal yedek par\u00e7alar kullan\u0131lmaktad\u0131r. Bu, ray dolap kapak mekanizma sistemleri i\u015flevselli\u011fini etkileyen ve uzun \u00f6m\u00fcrl\u00fc olmas\u0131n\u0131 garanti eden son derece \u00f6nemli bir fakt\u00f6rd\u00fcr. Piyasada bulunan t\u00fcm ray dolap markalar\u0131na, ray dolap tamiri hizmeti vermekteyiz.<\/p>\n<figure id=\"attachment_374\" aria-describedby=\"caption-attachment-374\" style=\"width: 500px\" class=\"wp-caption alignright\"><img fetchpriority=\"high\" decoding=\"async\" class=\"size-full wp-image-374\" src=\"https:\/\/www.onlinemarangoz.com.tr\/Umraniye\/wp-content\/uploads\/Umraniye-Ray-Dolap-Tamir.jpg\" alt=\"\u00dcmraniye Ray Dolap Tamiri\" width=\"500\" height=\"250\" srcset=\"https:\/\/www.onlinemarangoz.com.tr\/Umraniye\/wp-content\/uploads\/Umraniye-Ray-Dolap-Tamir.jpg 500w, https:\/\/www.onlinemarangoz.com.tr\/Umraniye\/wp-content\/uploads\/Umraniye-Ray-Dolap-Tamir-300x150.jpg 300w\" sizes=\"(max-width: 500px) 100vw, 500px\" \/><figcaption id=\"caption-attachment-374\" class=\"wp-caption-text\">\u00dcmraniye Ray Dolap Tamiri<\/figcaption><\/figure>\n<h2>\u00dcmraniye Ray Dolap Tamiri<\/h2>\n<p>\u00dcmraniye bolgesinde yard\u0131m\u0131na m\u0131 ihtiyac\u0131n\u0131z var? Ray Dolap Tamiri, Sorununuzu \u00e7\u00f6zebilecek profesyonelleri buldunuz &#8221;<span style=\"color: #ff0000;\"><strong><a style=\"color: #ff0000;\" href=\"http:\/\/www.raydolaptamiri.com\/umraniye-ray-dolap-tamiri\/\" target=\"_blank\" rel=\"noopener\">\u00dcmraniye Ray Dolap Tamiri<\/a><\/strong><\/span>&#8221; i\u00e7in resmi tatiller hari\u00e7 hafta i\u00e7i Pazartesi&#8217;den Cumartesi&#8217;ye (09:00 &#8211; 20:00 aras\u0131) 0554 858 1312&#8221; numaral\u0131 telefondan arayabilir WhatsApp&#8217;tan mesaj g\u00f6nderebilirsiniz\u00a0<span lang=\"en\">size zaman\u0131nda ve dakik bir yard\u0131m hizmeti sunuyoruz<\/span><\/p>\n<h3>\u00dcmraniye Ray Dolap Tamircisi<\/h3>\n<p>\u00dcmraniye Ray Dolap Tamircisi&#8221; mi ar\u0131yorsunuz ? Ancak bu sayfaya geldiyseniz sorununuzun \u00e7\u00f6z\u00fcm\u00fcn\u00fc buldunuz demektir! \u00dcmraniye Ray Dolap Tamircisi&#8221; Ustalar\u0131ndan olu\u015fan ekibimizle ray dolap mobilyan\u0131z\u0131 en k\u0131sa s\u00fcrede tamir ettirebileceksiniz \u00dcmraniye Ray Dolap Tamircisi&#8221; hemen arayabilir veya dilerseniz ihtiya\u00e7lar\u0131n\u0131za g\u00f6re bir zaman dilimi se\u00e7ebilirsiniz. Alternatif olarak Pazartesi&#8217;den Cumartesi&#8217;ye 9.00 &#8211; 20.00 saatleri aras\u0131nda 0554 858 1312&#8221; numaral\u0131 telefondan bize ula\u015fabilir WhatsApp&#8217;tan mesaj g\u00f6nderebilirsiniz.<img decoding=\"async\" class=\"alignleft wp-image-40\" src=\"https:\/\/www.onlinemarangoz.com.tr\/Umraniye\/wp-content\/uploads\/Umraniye-Ray-Dolap-Tamiri.jpg\" alt=\"\" width=\"250\" height=\"250\" srcset=\"https:\/\/www.onlinemarangoz.com.tr\/Umraniye\/wp-content\/uploads\/Umraniye-Ray-Dolap-Tamiri.jpg 300w, https:\/\/www.onlinemarangoz.com.tr\/Umraniye\/wp-content\/uploads\/Umraniye-Ray-Dolap-Tamiri-150x150.jpg 150w, https:\/\/www.onlinemarangoz.com.tr\/Umraniye\/wp-content\/uploads\/Umraniye-Ray-Dolap-Tamiri-90x90.jpg 90w\" sizes=\"(max-width: 250px) 100vw, 250px\" \/><\/p>\n<h4>\u00dcmraniye Ray Dolap Tamir Servisi<\/h4>\n<p>\u00dcmraniye Ray Dolap Tamir Servisi&#8221;\u00a0<span lang=\"en\">Her t\u00fcrl\u00fc ray dolap mobilya tamir i\u00e7in Pazartesi&#8217;den Cumartesi&#8217;ye Sabah 9.00 \u2013 Ak\u015fam 20.00 saatleri aras\u0131nda &#8221;\u00dcmraniye Ray Dolap Tamir Servisi&#8221; hizmeti sunuyoruz. Yard\u0131m etmek i\u00e7in yapabilece\u011fim bir \u015fey varsa l\u00fctfen \u00dcmraniye Ray Dolap Tamiri Telefon&#8221; 0554 858 1312&#8242; numaral\u0131 telefondan bize bildirin. Memnuniyetiniz bizim \u00f6nceli\u011fimizdir. Her ayr\u0131nt\u0131y\u0131 en \u00fcst d\u00fczeyde hassasiyetle ele alarak, size verimli ve profesyonel bir &#8221;\u00dcmraniye Ray Dolap Tamir Servisi&#8217; hizmet sunmaya kararl\u0131y\u0131z.<img decoding=\"async\" class=\"size-full wp-image-39 alignright\" src=\"https:\/\/www.onlinemarangoz.com.tr\/Umraniye\/wp-content\/uploads\/Umraniye-Ray-Dolap-Kapak-Tamiri.jpg\" alt=\"\" width=\"300\" height=\"300\" srcset=\"https:\/\/www.onlinemarangoz.com.tr\/Umraniye\/wp-content\/uploads\/Umraniye-Ray-Dolap-Kapak-Tamiri.jpg 300w, https:\/\/www.onlinemarangoz.com.tr\/Umraniye\/wp-content\/uploads\/Umraniye-Ray-Dolap-Kapak-Tamiri-150x150.jpg 150w, https:\/\/www.onlinemarangoz.com.tr\/Umraniye\/wp-content\/uploads\/Umraniye-Ray-Dolap-Kapak-Tamiri-90x90.jpg 90w\" sizes=\"(max-width: 300px) 100vw, 300px\" \/><\/span><\/p>\n<h5>\u00dcmraniye Ray Dolap Kapak Sistemleri Tamiri<\/h5>\n<p>\u00dcmraniye Ray Dolap Kapak Sistemleri Tamiri&#8221; Ar\u0131za nedeniyle hi\u00e7 kullan\u0131lmayan gard\u0131rop kapaklar\u0131 tamiri i\u00e7in buraday\u0131z. E\u011fitimli personelimiz size hizmet vermek i\u00e7in haz\u0131rd\u0131r. \u00d6zetle ray dolap kapa\u011f\u0131 tamiri, Ray dolap kapa\u011f\u0131 s\u00f6kme ve ayarlama, s\u00fcrg\u00fcl\u00fc aynal\u0131 ray dolap kapa\u011f\u0131 tamiri, ray dolap kapa\u011f\u0131 raydan \u00e7\u0131kma tamiri, katlan\u0131r dolap kapa\u011f\u0131 tamiri yap\u0131yoruz .Ray dolap gard\u0131rop kapak mente\u015felerinin sabitlenmesi, gard\u0131rop kap\u0131 tekerle\u011finin de\u011fi\u015ftirilmesi ve her t\u00fcrl\u00fc gard\u0131rop kapa\u011f\u0131n\u0131n tamiri. Ray Dolap Tamiri&#8221; Ray Dolap Tamircisi&#8221; Ray Dolap Tamir Servisi&#8221; Gen\u00e7 Odas\u0131 Ray Dolap Tamiri&#8221; Yatak Odas\u0131 Ray Dolap Tamiri&#8221; Yatak Odas\u0131 Ray Dolap Kapak Tamiri&#8221; dolap kapaklar\u0131n\u0131z\u0131n onar\u0131m\u0131 ve bak\u0131m\u0131yla ilgili yard\u0131ma ihtiyac\u0131n\u0131z varsa, yard\u0131mc\u0131 olabiliriz.<\/p>\n<p><img loading=\"lazy\" decoding=\"async\" class=\"size-full wp-image-38 alignleft\" style=\"font-size: 15px; letter-spacing: 0.5px; word-spacing: 0.5px;\" src=\"https:\/\/www.onlinemarangoz.com.tr\/Umraniye\/wp-content\/uploads\/Umraniye-Ray-Dolap-Kapak-Sistemleri-Tamiri.jpg\" alt=\"\" width=\"300\" height=\"300\" srcset=\"https:\/\/www.onlinemarangoz.com.tr\/Umraniye\/wp-content\/uploads\/Umraniye-Ray-Dolap-Kapak-Sistemleri-Tamiri.jpg 300w, https:\/\/www.onlinemarangoz.com.tr\/Umraniye\/wp-content\/uploads\/Umraniye-Ray-Dolap-Kapak-Sistemleri-Tamiri-150x150.jpg 150w, https:\/\/www.onlinemarangoz.com.tr\/Umraniye\/wp-content\/uploads\/Umraniye-Ray-Dolap-Kapak-Sistemleri-Tamiri-90x90.jpg 90w\" sizes=\"(max-width: 300px) 100vw, 300px\" \/><\/p>\n<p>\u00dcmraniye Ray Dolap Kapak Sistemleri Tamiri&#8221; Ray Dolap K\u0131r\u0131k Kapak Sistemleri Tamiri&#8221; Ray Dolap Ar\u0131zal\u0131 Kapak Sistemleri Tamiri&#8221; Ray Dolap Kapak Sistemleri Tamir Hizmeti&#8221; Daima do\u011fru \u00e7al\u0131\u015fmay\u0131 ve zaman i\u00e7inde en iyi performans\u0131 garanti etmek i\u00e7in yaln\u0131zca orijinal ve uyumlu yedek par\u00e7alar kullan\u0131yoruz. \u00dcmraniye Ray Dolap Kapak Sistemleri Tamiri&#8221; i\u00e7in resmi tatiller hari\u00e7 hafta i\u00e7i Pazartesi&#8217;den Cumartesi&#8217;ye (09:00 &#8211; 20:00 aras\u0131) 0554 858 1312&#8221; numaral\u0131 telefondan arayabilir WhatsApp&#8217;tan mesaj g\u00f6nderebilirsiniz Daha fazla bilgi istiyor musunuz? sizinle ileti\u015fime ge\u00e7mekten mutluluk duyar\u0131z .<\/p>\n<h6>\u00dcmraniye Ray Dolap Kapak Mekanizma Tamiri<\/h6>\n<p>\u00dcmraniye Ray Dolap Kapak Mekanizma Tamiri&#8221; onar\u0131mlar i\u00e7in yaln\u0131zca orijinal yedek par\u00e7alar kullanmaktay\u0131z. Y\u0131llard\u0131r bir\u00e7ok farkl\u0131 markan\u0131n dolap kapak mekanizmalar\u0131 ile u\u011fra\u015f\u0131yoruz. Ray Dolap Kapak Mekanizma Tamiri&#8217;, orijinal ve uyumlu yedek par\u00e7a sat\u0131\u015f ve kurulumuna kadar ana markalar\u0131n \u00fcr\u00fcnleri kullan\u0131yoruz. Ray Dolap Kapak Mekanizma Tamiri&#8221; Ray Dolap K\u0131r\u0131k Kapak Mekanizma Tamiri&#8221; Ray Dolap Ar\u0131zal\u0131 Kapak Mekanizma Tamiri&#8221; Ray Dolap Kapak Tekerlegi Mekanizma Tamiri&#8221; Ray Dolap K\u0131r\u0131k Kapak Tekerlegi Mekanizma Tamiri&#8221; Sorular\u0131n\u0131z, yedek par\u00e7a bulunabilirli\u011fi veya yard\u0131m talepleriniz i\u00e7in hemen whatsapp mesaj yaz\u0131n. \u00dcmraniye Ray Dolap Kapak Mekanizma Tamiri&#8221; \u0130htiyac\u0131n\u0131z olan her \u015feyi bulacaks\u0131n\u0131z, ancak di\u011fer sorular\u0131n\u0131z\u0131 yan\u0131tlamaktan memnuniyet duyar\u0131m resmi tatiller hari\u00e7 hafta i\u00e7i Pazartesi&#8217;den Cumartesi&#8217;ye (09:00 &#8211; 20:00 aras\u0131) 0554 858 1312&#8221; numaral\u0131 telefondan arayabilir WhatsApp&#8217;tan mesaj g\u00f6nderebilirsiniz..<\/p>\n<figure id=\"attachment_368\" aria-describedby=\"caption-attachment-368\" style=\"width: 250px\" class=\"wp-caption alignright\"><img loading=\"lazy\" decoding=\"async\" class=\"wp-image-368\" title=\"\u015eerifali Ray Dolap Kapak Fren Sistemleri Tamiri\" src=\"https:\/\/www.onlinemarangoz.com.tr\/Umraniye\/wp-content\/uploads\/Umraniye-Ray-Dolap-Kapak-Fren-Sistemleri-Tamiri.jpg\" alt=\"\u015eerifali Ray Dolap Kapak Fren Sistemleri Tamiri\" width=\"250\" height=\"250\" srcset=\"https:\/\/www.onlinemarangoz.com.tr\/Umraniye\/wp-content\/uploads\/Umraniye-Ray-Dolap-Kapak-Fren-Sistemleri-Tamiri.jpg 300w, https:\/\/www.onlinemarangoz.com.tr\/Umraniye\/wp-content\/uploads\/Umraniye-Ray-Dolap-Kapak-Fren-Sistemleri-Tamiri-150x150.jpg 150w, https:\/\/www.onlinemarangoz.com.tr\/Umraniye\/wp-content\/uploads\/Umraniye-Ray-Dolap-Kapak-Fren-Sistemleri-Tamiri-90x90.jpg 90w\" sizes=\"(max-width: 250px) 100vw, 250px\" \/><figcaption id=\"caption-attachment-368\" class=\"wp-caption-text\">\u00dcmraniye Ray Dolap Kapak Fren Sistemleri Tamiri<\/figcaption><\/figure>\n<h2>\u00dcmraniye Ray Dolap Kapak Fren Sistemleri Tamiri<\/h2>\n<p>\u00dcmraniye Ray Dolap Kapak Fren Sistemleri Tamiri&#8221; zamanla ve kullan\u0131ma ba\u011fl\u0131 olarak y\u0131pranan her e\u015fya gibi Ray Dolap Kapak Fren Sistemleri&#8217; ninde onar\u0131lmas\u0131 gerekebilir. Ama korkmaya gerek yok, her sorunun bir \u00e7\u00f6z\u00fcm\u00fc vard\u0131r; bu nedenle tecr\u00fcbemize g\u00f6n\u00fcl rahatl\u0131\u011f\u0131yla g\u00fcvenin ve &#8221;Ray Dolap Kapak Fren Sistemleri Tamiri&#8221; Ray Dolap K\u0131r\u0131k Kapak Fren Sistemleri Tamiri&#8221; Ray Dolap Ar\u0131zal\u0131 Kapak Fren Sistemleri Tamiri&#8221; herhangi bir sorunuz varsa bizimle \u00dcmraniye Ray Dolap Tamiri Telefon&#8221; 0554 858 1312&#8242; numaral\u0131 telefondan irtibata ge\u00e7mekten \u00e7ekinmeyin &#8221;\u00dcmraniye Ray Dolap Kapak Fren Sistemleri Tamiri&#8221;\u00a0<span lang=\"en\">profesyonel ve m\u00fc\u015fteri odakl\u0131 bir hizmet sunmaya kararl\u0131y\u0131z..<\/span><\/p>\n<h3 style=\"text-align: center;\">\u25c4&#8221; \u0130stanbul Anadolu Yakas\u0131 Ray Dolap Tamir Bak\u0131m Montaj Servisi &#8221;\u25ba<\/h3>\n\n\n<div class=\"kk-star-ratings kksr-auto kksr-align-left kksr-valign-bottom\"\n    data-payload='{&quot;align&quot;:&quot;left&quot;,&quot;id&quot;:&quot;373&quot;,&quot;slug&quot;:&quot;default&quot;,&quot;valign&quot;:&quot;bottom&quot;,&quot;ignore&quot;:&quot;&quot;,&quot;reference&quot;:&quot;auto&quot;,&quot;class&quot;:&quot;&quot;,&quot;count&quot;:&quot;0&quot;,&quot;legendonly&quot;:&quot;&quot;,&quot;readonly&quot;:&quot;&quot;,&quot;score&quot;:&quot;0&quot;,&quot;starsonly&quot;:&quot;&quot;,&quot;best&quot;:&quot;5&quot;,&quot;gap&quot;:&quot;5&quot;,&quot;greet&quot;:&quot;\u00dcmraniye Marangoz \u2b50&quot;,&quot;legend&quot;:&quot;\u00dcmraniye Marangoz Ustas\u0131 \u2b50 0&quot;,&quot;size&quot;:&quot;24&quot;,&quot;title&quot;:&quot;\u00dcmraniye Ray Dolap Tamiri&quot;,&quot;width&quot;:&quot;0&quot;,&quot;_legend&quot;:&quot;\u00dcmraniye Marangoz Ustas\u0131 \u2b50 {count}&quot;,&quot;font_factor&quot;:&quot;1.25&quot;}'>\n            \n<div class=\"kksr-stars\">\n    \n<div class=\"kksr-stars-inactive\">\n            <div class=\"kksr-star\" data-star=\"1\" style=\"padding-right: 5px\">\n            \n\n<div class=\"kksr-icon\" style=\"width: 24px; height: 24px;\"><\/div>\n        <\/div>\n            <div class=\"kksr-star\" data-star=\"2\" style=\"padding-right: 5px\">\n            \n\n<div class=\"kksr-icon\" style=\"width: 24px; height: 24px;\"><\/div>\n        <\/div>\n            <div class=\"kksr-star\" data-star=\"3\" style=\"padding-right: 5px\">\n            \n\n<div class=\"kksr-icon\" style=\"width: 24px; height: 24px;\"><\/div>\n        <\/div>\n            <div class=\"kksr-star\" data-star=\"4\" style=\"padding-right: 5px\">\n            \n\n<div class=\"kksr-icon\" style=\"width: 24px; height: 24px;\"><\/div>\n        <\/div>\n            <div class=\"kksr-star\" data-star=\"5\" style=\"padding-right: 5px\">\n            \n\n<div class=\"kksr-icon\" style=\"width: 24px; height: 24px;\"><\/div>\n        <\/div>\n    <\/div>\n    \n<div class=\"kksr-stars-active\" style=\"width: 0px;\">\n            <div class=\"kksr-star\" style=\"padding-right: 5px\">\n            \n\n<div class=\"kksr-icon\" style=\"width: 24px; height: 24px;\"><\/div>\n        <\/div>\n            <div class=\"kksr-star\" style=\"padding-right: 5px\">\n            \n\n<div class=\"kksr-icon\" style=\"width: 24px; height: 24px;\"><\/div>\n        <\/div>\n            <div class=\"kksr-star\" style=\"padding-right: 5px\">\n            \n\n<div class=\"kksr-icon\" style=\"width: 24px; height: 24px;\"><\/div>\n        <\/div>\n            <div class=\"kksr-star\" style=\"padding-right: 5px\">\n            \n\n<div class=\"kksr-icon\" style=\"width: 24px; height: 24px;\"><\/div>\n        <\/div>\n            <div class=\"kksr-star\" style=\"padding-right: 5px\">\n            \n\n<div class=\"kksr-icon\" style=\"width: 24px; height: 24px;\"><\/div>\n        <\/div>\n    <\/div>\n<\/div>\n                \n\n<div class=\"kksr-legend\" style=\"font-size: 19.2px;\">\n            <span class=\"kksr-muted\">\u00dcmraniye Marangoz \u2b50<\/span>\n    <\/div>\n    <\/div>\n","protected":false},"excerpt":{"rendered":"<p>\u00dcmraniye Ray Dolap Tamiri &#8216;!&#8217; Ray Dolap Tamiri Telefon &#8216;!&#8217;0554 858 1312&#8242;!&#8217; \u0130stanbul Anadolu Yakas\u0131 \u00dcmraniye Ray Dolap Tamiri &#8216;!&#8217; t\u00fcm marka ve tipte ray dolaplar i\u00e7in faaliyet g\u00f6stermekle birlikte, tamir ve servis hizmetlerinde yaln\u0131zca orijinal yedek par\u00e7alar kullan\u0131lmaktad\u0131r. Bu,&#8230; <a class=\"di-continue-reading\" href=\"https:\/\/www.onlinemarangoz.com.tr\/Umraniye\/umraniye-ray-dolap-tamiri\/\"> Continue Reading&#8230;<\/a><\/p>\n","protected":false},"author":1,"featured_media":0,"parent":0,"menu_order":2000,"comment_status":"closed","ping_status":"open","template":"","meta":{"footnotes":""},"categories":[1],"tags":[296,295,294,293,291,290,292],"class_list":["post-373","page","type-page","status-publish","hentry","category-umraniye-mobilya-tamir-montaj-servisi","tag-umraniye-ray-dolap-kapak-fren-sistemleri-tamiri","tag-umraniye-ray-dolap-kapak-mekanizma-tamiri","tag-umraniye-ray-dolap-kapak-sistemleri-tamiri","tag-umraniye-ray-dolap-tamir-servisi","tag-umraniye-ray-dolap-tamircisi","tag-umraniye-ray-dolap-tamiri","tag-umraniye-ray-dolap-tamiri-telefon"],"_links":{"self":[{"href":"https:\/\/www.onlinemarangoz.com.tr\/Umraniye\/wp-json\/wp\/v2\/pages\/373","targetHints":{"allow":["GET"]}}],"collection":[{"href":"https:\/\/www.onlinemarangoz.com.tr\/Umraniye\/wp-json\/wp\/v2\/pages"}],"about":[{"href":"https:\/\/www.onlinemarangoz.com.tr\/Umraniye\/wp-json\/wp\/v2\/types\/page"}],"author":[{"embeddable":true,"href":"https:\/\/www.onlinemarangoz.com.tr\/Umraniye\/wp-json\/wp\/v2\/users\/1"}],"replies":[{"embeddable":true,"href":"https:\/\/www.onlinemarangoz.com.tr\/Umraniye\/wp-json\/wp\/v2\/comments?post=373"}],"version-history":[{"count":0,"href":"https:\/\/www.onlinemarangoz.com.tr\/Umraniye\/wp-json\/wp\/v2\/pages\/373\/revisions"}],"wp:attachment":[{"href":"https:\/\/www.onlinemarangoz.com.tr\/Umraniye\/wp-json\/wp\/v2\/media?parent=373"}],"wp:term":[{"taxonomy":"category","embeddable":true,"href":"https:\/\/www.onlinemarangoz.com.tr\/Umraniye\/wp-json\/wp\/v2\/categories?post=373"},{"taxonomy":"post_tag","embeddable":true,"href":"https:\/\/www.onlinemarangoz.com.tr\/Umraniye\/wp-json\/wp\/v2\/tags?post=373"}],"curies":[{"name":"wp","href":"https:\/\/api.w.org\/{rel}","templated":true}]}}