{"id":492,"date":"2024-01-16T00:08:06","date_gmt":"2024-01-15T21:08:06","guid":{"rendered":"https:\/\/www.onlinemarangoz.com.tr\/Umraniye\/?page_id=492"},"modified":"2024-01-16T01:28:29","modified_gmt":"2024-01-15T22:28:29","slug":"umraniye-mobilya-kapi-tamiri","status":"publish","type":"page","link":"https:\/\/www.onlinemarangoz.com.tr\/Umraniye\/umraniye-mobilya-kapi-tamiri\/","title":{"rendered":"\u00dcmraniye Mobilya Kap\u0131 Tamiri"},"content":{"rendered":"<p>\u00dcmraniye Mobilya Kap\u0131 Tamiri&#8221; Mobilya Kap\u0131 Tamiri Telefon {-0554 858 1312-} &#8221;\u0130stanbul Anadolu Yakas\u0131 \u00dcmraniye Mobilya Kap\u0131 Tamiri&#8221; \u0130\u00e7 oda kap\u0131lar mahremiyet sa\u011flar, g\u00fcvenlik sa\u011flar ve evinizin esteti\u011fini art\u0131r\u0131r. \u00c7ok \u00e7e\u015fitli malzeme ve renklerde mevcut olan bu \u00fcr\u00fcnler, t\u00fcm ya\u015fam ortamlar\u0131 i\u00e7in gereklidir. Bir \u00e7arp\u0131\u015fman\u0131n ard\u0131ndan veya sadece a\u011f\u0131r a\u015f\u0131nma nedeniyle bozulma meydana geldi\u011finde, onar\u0131mlar onlar\u0131 daha pahal\u0131 veya zevklerimize uymayan yeni bir modelle de\u011fi\u015ftirmek zorunda kalmay\u0131 ortadan kald\u0131rabilir. \u00dcmraniye Mobilya Kap\u0131 Tamiri&#8221; Kap\u0131lar evinizin g\u00fcvenli\u011finde ve g\u00f6r\u00fcn\u00fcm\u00fcnde \u00e7ok \u00f6nemli bir rol oynar. D\u00fczg\u00fcn kapanmayan kap\u0131lar\u0131n\u0131z varsa veya \u00e7al\u0131\u015fma sorunlar\u0131 ya\u015f\u0131yorsan\u0131z marangozumuz bunlar\u0131 d\u00fczeltmek i\u00e7in burada. Kap\u0131 onar\u0131mlar\u0131ndaki tecr\u00fcbemiz evinizin g\u00fcvenli ve i\u015flevsel kalmas\u0131n\u0131 sa\u011flar. Hizmetimiz hakk\u0131nda daha fazla bilgi sahibi olman\u0131n sizin i\u00e7in \u00f6nemli oldu\u011funu biliyoruz, bu nedenle a\u015fa\u011f\u0131daki bilgileri sizin i\u00e7in kullan\u0131labilir hale getirdik. A\u015fa\u011f\u0131da en \u00e7ok talep edilen hizmetlerimizi ve her biri hakk\u0131nda biraz bilgi bulacaks\u0131n\u0131z.<img fetchpriority=\"high\" decoding=\"async\" class=\"size-full wp-image-493 alignright\" src=\"https:\/\/www.onlinemarangoz.com.tr\/Umraniye\/wp-content\/uploads\/Umraniye-Mobilya-Kapi-Tamir-Montaj-Servisi.jpg\" alt=\"\" width=\"500\" height=\"250\" srcset=\"https:\/\/www.onlinemarangoz.com.tr\/Umraniye\/wp-content\/uploads\/Umraniye-Mobilya-Kapi-Tamir-Montaj-Servisi.jpg 500w, https:\/\/www.onlinemarangoz.com.tr\/Umraniye\/wp-content\/uploads\/Umraniye-Mobilya-Kapi-Tamir-Montaj-Servisi-300x150.jpg 300w\" sizes=\"(max-width: 500px) 100vw, 500px\" \/><\/p>\n<h2><span style=\"text-align: -webkit-center;\">\u00dcmraniye Mobilya Kap\u0131 Tamiri<\/span><\/h2>\n<p align=\"CENTER\">Mobilya Kap\u0131 Tamiri&#8221; K\u0131r\u0131k Kap\u0131 Tamiri&#8221; Kap\u0131 Tamiri Telefon&#8221; K\u0131r\u0131k Kap\u0131 Tamircisi&#8221; Mobilya Kap\u0131 Mente\u015fe Tamiri&#8221; K\u0131r\u0131k Mobilya Kap\u0131 Tamiri&#8221; Amerikan Panel Kap\u0131 Tamiri&#8221; \u00dcmraniye Mobilya Kap\u0131 Tamiri&#8221; i\u00e7in resmi tatiller hari\u00e7 hafta i\u00e7i Pazartesi&#8217;den Cumartesi&#8217;ye (Sabah 09:00 \u2013 Ak\u015fam 20:00 aras\u0131) {-0554 858 1312-} numaral\u0131 telefondan arayabilir WhatsApp&#8217;tan mesaj g\u00f6nderebilirsiniz <span lang=\"en\">size zaman\u0131nda ve dakik bir yard\u0131m hizmeti sunuyoruz.<\/span><\/p>\n<h3>\u00dcmraniye K\u0131r\u0131k Kap\u0131 Tamiri<\/h3>\n<p>\u00dcmraniye K\u0131r\u0131k Kap\u0131 Tamiri&#8221; kap\u0131n\u0131z\u0131n onar\u0131lmas\u0131na m\u0131 ihtiyac\u0131n\u0131z var? K\u0131rt\u0131k kap\u0131 onar\u0131mlar\u0131, tamirci olarak kar\u015f\u0131la\u015ft\u0131\u011f\u0131m en yayg\u0131n d\u00fczeltmelerden biridir. K\u0131r\u0131k kap\u0131lar zamanla yerle\u015fmeye meyilli olduklar\u0131ndan, her zaman bak\u0131m veya onar\u0131m gerektirirler. \u0130ster i\u00e7 ister oda kap\u0131, wc ve bonya kap\u0131s\u0131, yatak odas\u0131 kap\u0131s\u0131, cep kap\u0131s\u0131, katlan\u0131r kap\u0131 veya s\u00fcrg\u00fcl\u00fc kap\u0131 olsun, kap\u0131n\u0131z\u0131 hemen onarabilirim. \u00dcmraniye K\u0131r\u0131k Kap\u0131 Tamiri&#8221; hizmetimizde \u00e7o\u011fu zaman akl\u0131n\u0131za gelmese de kap\u0131lar, evinizin i\u015flevselli\u011finin ve esteti\u011finin kritik bir bile\u015fenidir. G\u00f6r\u00fcn\u00fcmlerinden memnun de\u011filseniz veya bir \u015fekilde k\u0131r\u0131ld\u0131ysa, ekibimizdeki profesyonel tamircilerden biriyle ileti\u015fime ge\u00e7meniz \u00e7ok \u00f6nemlidir.<img decoding=\"async\" class=\"size-full wp-image-47 alignleft\" src=\"https:\/\/www.onlinemarangoz.com.tr\/Umraniye\/wp-content\/uploads\/Umraniye-Mobilya-Kapi-Tamircisi.jpg\" alt=\"\" width=\"300\" height=\"300\" srcset=\"https:\/\/www.onlinemarangoz.com.tr\/Umraniye\/wp-content\/uploads\/Umraniye-Mobilya-Kapi-Tamircisi.jpg 300w, https:\/\/www.onlinemarangoz.com.tr\/Umraniye\/wp-content\/uploads\/Umraniye-Mobilya-Kapi-Tamircisi-150x150.jpg 150w, https:\/\/www.onlinemarangoz.com.tr\/Umraniye\/wp-content\/uploads\/Umraniye-Mobilya-Kapi-Tamircisi-90x90.jpg 90w\" sizes=\"(max-width: 300px) 100vw, 300px\" \/><\/p>\n<p>\u00dcmraniye K\u0131r\u0131k Kap\u0131 Tamiri&#8217; ihtiya\u00e7lar\u0131n\u0131z\u0131 kar\u015f\u0131layacak en iyi ustay\u0131 ar\u0131yorsan\u0131z, ba\u015fka yere bakmay\u0131n. \u00dcmraniye K\u0131r\u0131k Kap\u0131 Tamiri&#8217; i\u015flerinizin yetenekli ve g\u00fcvenli ellerde oldu\u011funu bilmenin rahatl\u0131\u011f\u0131n\u0131 ya\u015fayabilirsiniz. \u00dcmraniye K\u0131r\u0131k Kap\u0131 Tamiri&#8221; Sorular\u0131n\u0131z veya teklifleriniz i\u00e7in l\u00fctfen tesisat\u00e7\u0131 ekibimizle ileti\u015fime ge\u00e7mekten \u00e7ekinmeyin {-0554 858 1312-} numaral\u0131 telefondan Whatsapp arac\u0131l\u0131\u011f\u0131yla bize mesaj g\u00f6nderin.<\/p>\n<h4>\u00dcmraniye K\u0131r\u0131k Kap\u0131 Tamircisi<\/h4>\n<p>\u00dcmraniye K\u0131r\u0131k Kap\u0131 Tamircisi&#8221; olarak, rakipsiz i\u015f\u00e7ilikle profesyonel hizmetler sunmaktan gurur duyuyoruz. \u00dcmraniye K\u0131r\u0131k Kap\u0131 Tamircisi&#8221; ekibimiz zengin bir deneyime sahiptir ve size m\u00fcmk\u00fcn olan en iyi hizmeti sunar. Bu nedenle uzmanlar\u0131m\u0131z\u0131n sorununuzu k\u0131sa s\u00fcrede \u00e7\u00f6zece\u011finden emin olabilirsiniz.<\/p>\n<p align=\"CENTER\">\u00dcmraniye K\u0131r\u0131k Kap\u0131 Tamircisi&#8221; Randevu almak veya hizmetlerimiz hakk\u0131nda bilgi almak i\u00e7in web sitemizden veya 0554 858 1312 numaral\u0131 telefonu arayarak bize ula\u015fabilirsiniz. G\u00fcler y\u00fczl\u00fc m\u00fc\u015fteri destek ekibimiz, akl\u0131n\u0131za tak\u0131lan her t\u00fcrl\u00fc soruda size yard\u0131mc\u0131 olmaya haz\u0131rd\u0131r. \u00dcmraniye K\u0131r\u0131k Kap\u0131 Tamircisi&#8221; olarak Pazartesi&#8217;den Cumartesi&#8217;ye Sabah 9.00 \u2013 Ak\u015fam 20.00 saatleri aras\u0131nda &#8221;\u00dcmraniye Kap\u0131 Tamiri Telefon&#8221; {-0554 858 1312-} numaral\u0131 telefondan bize ula\u015fabilir WhatsApp&#8217;tan mesaj g\u00f6nderebilirsiniz.<img decoding=\"async\" class=\"alignright wp-image-46 size-medium\" src=\"https:\/\/www.onlinemarangoz.com.tr\/Umraniye\/wp-content\/uploads\/Umraniye-Mobilya-Kapi-Mentese-Tamiri-300x300.jpg\" alt=\"\" width=\"300\" height=\"300\" srcset=\"https:\/\/www.onlinemarangoz.com.tr\/Umraniye\/wp-content\/uploads\/Umraniye-Mobilya-Kapi-Mentese-Tamiri-300x300.jpg 300w, https:\/\/www.onlinemarangoz.com.tr\/Umraniye\/wp-content\/uploads\/Umraniye-Mobilya-Kapi-Mentese-Tamiri-150x150.jpg 150w, https:\/\/www.onlinemarangoz.com.tr\/Umraniye\/wp-content\/uploads\/Umraniye-Mobilya-Kapi-Mentese-Tamiri-90x90.jpg 90w, https:\/\/www.onlinemarangoz.com.tr\/Umraniye\/wp-content\/uploads\/Umraniye-Mobilya-Kapi-Mentese-Tamiri.jpg 350w\" sizes=\"(max-width: 300px) 100vw, 300px\" \/><\/p>\n<h5>\u00dcmraniye Mobilya Kap\u0131 Mente\u015fe Tamiri<\/h5>\n<p>\u00dcmraniye Mobilya Kap\u0131 Mente\u015fe Tamiri&#8221; Kap\u0131n\u0131n a\u011f\u0131rl\u0131\u011f\u0131, mente\u015felerin gev\u015femesine neden olur ve zamanla kap\u0131 zemine s\u00fcrt\u00fcnene kadar al\u00e7al\u0131r. Kap\u0131 \u00f6zellikle baz\u0131 yerlerde sertle\u015fiyor ve a\u00e7\u0131lmas\u0131 zorla\u015f\u0131yor; baz\u0131 durumlarda engellemeyle sonu\u00e7lanabilir.Y\u0131llar ge\u00e7tik\u00e7e, herhangi bir ayar yap\u0131lmazsa, kap\u0131n\u0131n pervazdaki uyumu ve hizas\u0131 da de\u011fi\u015ferek a\u00e7ma ve kapamada sorunlara, ayr\u0131ca hava ak\u0131m\u0131 ve s\u0131z\u0131nt\u0131lara neden olabilir. Kap\u0131 mente\u015fesini ayarlamak, onu en uygun y\u00fcksekli\u011fe ve konuma d\u00f6nd\u00fcrmek ve yeni tak\u0131lan mente\u015fenin konforunu yeniden ke\u015ffetmek anlam\u0131na gelir. Kap\u0131lar\u0131n\u0131z\u0131n mente\u015felerinin ayarlanmas\u0131n\u0131 biz \u00fcstleniyoruz ve bunu size Sorunsuz Garantimizi vererek yap\u0131yoruz.<\/p>\n<p>\u00dcmraniye Mobilya Kap\u0131 Mente\u015fe Tamiri&#8221;&#8217; uzun y\u0131llara dayanan deneyime sahiptir ve kendilerini genel memnuniyetinize adam\u0131\u015ft\u0131r. Siz memnun olana kadar biz i\u015fimizden memnun de\u011filiz her zaman kaliteli hizmet bekleyebilirsiniz. \u00dcmraniye Mobilya Kap\u0131 Mente\u015fe Tamiri&#8221; Mobilya Kap\u0131 K\u0131r\u0131k Mente\u015fe Tamiri&#8221; Kap\u0131 Mente\u015fe Tamiri&#8221; \u00dcmraniye Mobilya Kap\u0131 Mente\u015fe Tamiri&#8217; Pazartesiden cumartesi ye Sabah 9.30 \u2013 Ak\u015fam 20.00 {-0554 858 1312-} numaral\u0131 telefondan bize ula\u015fabilir WhatsApp&#8217;tan mesaj g\u00f6nderebilirsiniz size en kusursuz hizmetleri en uygun fiyatlarla sunmaya olan ba\u011fl\u0131l\u0131\u011f\u0131m\u0131zla hizmet vermekteyiz.<img loading=\"lazy\" decoding=\"async\" class=\"size-full wp-image-45 alignleft\" src=\"https:\/\/www.onlinemarangoz.com.tr\/Umraniye\/wp-content\/uploads\/Umraniye-Mobilya-Kapi-Kilit-Tamiri.jpg\" alt=\"\" width=\"300\" height=\"300\" srcset=\"https:\/\/www.onlinemarangoz.com.tr\/Umraniye\/wp-content\/uploads\/Umraniye-Mobilya-Kapi-Kilit-Tamiri.jpg 300w, https:\/\/www.onlinemarangoz.com.tr\/Umraniye\/wp-content\/uploads\/Umraniye-Mobilya-Kapi-Kilit-Tamiri-150x150.jpg 150w, https:\/\/www.onlinemarangoz.com.tr\/Umraniye\/wp-content\/uploads\/Umraniye-Mobilya-Kapi-Kilit-Tamiri-90x90.jpg 90w\" sizes=\"(max-width: 300px) 100vw, 300px\" \/><\/p>\n<h6>\u00dcmraniye K\u0131r\u0131k Mobilya Kap\u0131 Tamiri<\/h6>\n<p>\u00dcmraniye K\u0131r\u0131k Mobilya Kap\u0131 Tamiri&#8221; hizmetleri sunmaktan b\u00fcy\u00fck gurur duyuyoruz. Sekt\u00f6rde uzun y\u0131llara dayanan tecr\u00fcbeye sahip, y\u00fcksek vas\u0131fl\u0131 ve ustalardan olu\u015fan ekibimiz, t\u00fcm &#8221;\u00dcmraniye K\u0131r\u0131k Mobilya Kap\u0131 Tamiri&#8221; ihtiya\u00e7lar\u0131n\u0131za g\u00fcvenilir ve verimli \u00e7\u00f6z\u00fcmler sunmaya kendini adam\u0131\u015ft\u0131r. \u00dcmraniye K\u0131r\u0131k Mobilya Kap\u0131 Tamiri&#8221; hizmetlerimizden ve \u00e7al\u0131\u015fmalar\u0131m\u0131zdan her zaman memnun kalaca\u011f\u0131n\u0131z\u0131 garanti eder. Sizlere her zaman en kaliteli i\u015f\u00e7ili\u011fi ve hizmeti sunaca\u011f\u0131z.<img loading=\"lazy\" decoding=\"async\" class=\"size-full wp-image-495 alignright\" src=\"https:\/\/www.onlinemarangoz.com.tr\/Umraniye\/wp-content\/uploads\/Panel-Kapi-Tamir-Usta.jpg\" alt=\"\" width=\"300\" height=\"300\" srcset=\"https:\/\/www.onlinemarangoz.com.tr\/Umraniye\/wp-content\/uploads\/Panel-Kapi-Tamir-Usta.jpg 300w, https:\/\/www.onlinemarangoz.com.tr\/Umraniye\/wp-content\/uploads\/Panel-Kapi-Tamir-Usta-150x150.jpg 150w, https:\/\/www.onlinemarangoz.com.tr\/Umraniye\/wp-content\/uploads\/Panel-Kapi-Tamir-Usta-90x90.jpg 90w\" sizes=\"(max-width: 300px) 100vw, 300px\" \/><\/p>\n<p>\u00dcmraniye K\u0131r\u0131k Mobilya Kap\u0131 Tamiri&#8221; en iyi tesisat\u00e7\u0131lara sahip olabilirsiniz. Art\u0131k k\u0131r\u0131lan kap\u0131n\u0131z\u0131 kendiniz tamir etmeye \u00e7al\u0131\u015fman\u0131za gerek yok. K\u0131r\u0131k mobilya kap\u0131 tamiri onar\u0131lmas\u0131 veya herhangi bir par\u00e7an\u0131n de\u011fi\u015ftirilmesi gerekiyorsa size tek elden \u00e7\u00f6z\u00fcm sunuyoruz. K\u0131r\u0131k Mobilya Kap\u0131 Tamiri&#8221; K\u0131r\u0131k Mobilya Panel Kap\u0131 Tamiri&#8221; Mobilya Kap\u0131 Kilit Tamiri&#8221; Mobilya Kap\u0131 Kasa Tamiri&#8221; K\u0131r\u0131k Amerikan Kap\u0131 Kilit Tamiri&#8221; \u00dcmraniye K\u0131r\u0131k Mobilya Kap\u0131 Tamiri&#8221; Hizmetlerimizle ilgili daha fazla ayr\u0131nt\u0131 i\u00e7in Pazartesiden cumartesi ye Sabah 9.30 \u2013 Ak\u015fam 20.00. {-0554 858 1312-} numaral\u0131 telefondan bize ula\u015fabilir WhatsApp&#8217;tan mesaj g\u00f6nderebilirsiniz. M\u00fc\u015fterilerimize en iyi hizmeti en uygun fiyatlara sunuyoruz.<\/p>\n<h3>\u00dcmraniye Amerikan Panel Kap\u0131 Tamiri&#8221;<\/h3>\n<p>Amerikan Panel Kap\u0131 Tamiri&#8221; Amerikan Panel Kap\u0131 Mente\u015fe Tamiri&#8221; Amerikan Panel Kap\u0131 Kilit Tamiri&#8221; K\u0131r\u0131k Amerikan Panel Kap\u0131 Tamiri&#8221; K\u0131r\u0131k Amerikan Panel Kap\u0131 Kasa Tamiri&#8221; K\u0131r\u0131k Amerikan Panel Kap\u0131 Pervaz Tamiri&#8221; \u00dcmraniye Amerikan Panel Kap\u0131 Tamiri&#8221; Pazartesiden cumartesi ye Sabah 09.30 \u2013 Ak\u015fam 20.00. Size en kusursuz hizmetleri en uygun fiyatlarla sunmaya olan ba\u011fl\u0131l\u0131\u011f\u0131m\u0131zla Pazartesiden cumartesi ye Sabah 9.30 \u2013 Ak\u015fam 20.00. {-0554 858 1312-} numaral\u0131 telefondan bize ula\u015fabilir WhatsApp&#8217;tan mesaj g\u00f6nderebilirsiniz.<\/p>\n<table style=\"border-collapse: collapse; width: 100%;\">\n<tbody>\n<tr>\n<td><a href=\"https:\/\/wa.me\/+905548581312\">0554 858 1312<\/a><br \/>\n<a href=\"https:\/\/wa.me\/+905548581312\">Whatsapp Hemen T\u0131kla Ara<\/a><\/td>\n<td style=\"width: 50%;\">\n<p style=\"text-align: center;\"><span style=\"font-size: 18pt;\"><em><strong><a class=\"Tezcan Usta Telefon Hemen T\u0131kla Ara\" href=\"tel:\/\/+905548581312\">0554 858 1312<\/a><\/strong><\/em><\/span><\/p>\n<p style=\"text-align: center;\"><span style=\"font-size: 18pt;\"><em><strong><a class=\"Tezcan Usta Telefon Hemen T\u0131kla Ara\" href=\"tel:\/\/+905548581312\">Telefon Hemen T\u0131kla Ara<\/a><\/strong><\/em><\/span><\/p>\n<\/td>\n<\/tr>\n<\/tbody>\n<\/table>\n\n\n<div class=\"kk-star-ratings kksr-auto kksr-align-left kksr-valign-bottom\"\n    data-payload='{&quot;align&quot;:&quot;left&quot;,&quot;id&quot;:&quot;492&quot;,&quot;slug&quot;:&quot;default&quot;,&quot;valign&quot;:&quot;bottom&quot;,&quot;ignore&quot;:&quot;&quot;,&quot;reference&quot;:&quot;auto&quot;,&quot;class&quot;:&quot;&quot;,&quot;count&quot;:&quot;1&quot;,&quot;legendonly&quot;:&quot;&quot;,&quot;readonly&quot;:&quot;&quot;,&quot;score&quot;:&quot;5&quot;,&quot;starsonly&quot;:&quot;&quot;,&quot;best&quot;:&quot;5&quot;,&quot;gap&quot;:&quot;5&quot;,&quot;greet&quot;:&quot;\u00dcmraniye Marangoz \u2b50&quot;,&quot;legend&quot;:&quot;\u00dcmraniye Marangoz Ustas\u0131 \u2b50 1&quot;,&quot;size&quot;:&quot;24&quot;,&quot;title&quot;:&quot;\u00dcmraniye Mobilya Kap\u0131 Tamiri&quot;,&quot;width&quot;:&quot;142.5&quot;,&quot;_legend&quot;:&quot;\u00dcmraniye Marangoz Ustas\u0131 \u2b50 {count}&quot;,&quot;font_factor&quot;:&quot;1.25&quot;}'>\n            \n<div class=\"kksr-stars\">\n    \n<div class=\"kksr-stars-inactive\">\n            <div class=\"kksr-star\" data-star=\"1\" style=\"padding-right: 5px\">\n            \n\n<div class=\"kksr-icon\" style=\"width: 24px; height: 24px;\"><\/div>\n        <\/div>\n            <div class=\"kksr-star\" data-star=\"2\" style=\"padding-right: 5px\">\n            \n\n<div class=\"kksr-icon\" style=\"width: 24px; height: 24px;\"><\/div>\n        <\/div>\n            <div class=\"kksr-star\" data-star=\"3\" style=\"padding-right: 5px\">\n            \n\n<div class=\"kksr-icon\" style=\"width: 24px; height: 24px;\"><\/div>\n        <\/div>\n            <div class=\"kksr-star\" data-star=\"4\" style=\"padding-right: 5px\">\n            \n\n<div class=\"kksr-icon\" style=\"width: 24px; height: 24px;\"><\/div>\n        <\/div>\n            <div class=\"kksr-star\" data-star=\"5\" style=\"padding-right: 5px\">\n            \n\n<div class=\"kksr-icon\" style=\"width: 24px; height: 24px;\"><\/div>\n        <\/div>\n    <\/div>\n    \n<div class=\"kksr-stars-active\" style=\"width: 142.5px;\">\n            <div class=\"kksr-star\" style=\"padding-right: 5px\">\n            \n\n<div class=\"kksr-icon\" style=\"width: 24px; height: 24px;\"><\/div>\n        <\/div>\n            <div class=\"kksr-star\" style=\"padding-right: 5px\">\n            \n\n<div class=\"kksr-icon\" style=\"width: 24px; height: 24px;\"><\/div>\n        <\/div>\n            <div class=\"kksr-star\" style=\"padding-right: 5px\">\n            \n\n<div class=\"kksr-icon\" style=\"width: 24px; height: 24px;\"><\/div>\n        <\/div>\n            <div class=\"kksr-star\" style=\"padding-right: 5px\">\n            \n\n<div class=\"kksr-icon\" style=\"width: 24px; height: 24px;\"><\/div>\n        <\/div>\n            <div class=\"kksr-star\" style=\"padding-right: 5px\">\n            \n\n<div class=\"kksr-icon\" style=\"width: 24px; height: 24px;\"><\/div>\n        <\/div>\n    <\/div>\n<\/div>\n                \n\n<div class=\"kksr-legend\" style=\"font-size: 19.2px;\">\n            \u00dcmraniye Marangoz Ustas\u0131 \u2b50 1    <\/div>\n    <\/div>\n","protected":false},"excerpt":{"rendered":"<p>\u00dcmraniye Mobilya Kap\u0131 Tamiri&#8221; Mobilya Kap\u0131 Tamiri Telefon {-0554 858 1312-} &#8221;\u0130stanbul Anadolu Yakas\u0131 \u00dcmraniye Mobilya Kap\u0131 Tamiri&#8221; \u0130\u00e7 oda kap\u0131lar mahremiyet sa\u011flar, g\u00fcvenlik sa\u011flar ve evinizin esteti\u011fini art\u0131r\u0131r. \u00c7ok \u00e7e\u015fitli malzeme ve renklerde mevcut olan bu \u00fcr\u00fcnler, t\u00fcm ya\u015fam&#8230; <a class=\"di-continue-reading\" href=\"https:\/\/www.onlinemarangoz.com.tr\/Umraniye\/umraniye-mobilya-kapi-tamiri\/\"> Continue Reading&#8230;<\/a><\/p>\n","protected":false},"author":1,"featured_media":0,"parent":0,"menu_order":3000,"comment_status":"closed","ping_status":"open","template":"","meta":{"footnotes":""},"categories":[1],"tags":[499,495,496,494,498,497,493],"class_list":["post-492","page","type-page","status-publish","hentry","category-umraniye-mobilya-tamir-montaj-servisi","tag-umraniye-amerikan-panel-kapi-tamiri","tag-umraniye-kapi-tamiri-telefon","tag-umraniye-kirik-kapi-tamircisi","tag-umraniye-kirik-kapi-tamiri","tag-umraniye-kirik-mobilya-kapi-tamiri","tag-umraniye-mobilya-kapi-mentese-tamiri","tag-umraniye-mobilya-kapi-tamiri"],"_links":{"self":[{"href":"https:\/\/www.onlinemarangoz.com.tr\/Umraniye\/wp-json\/wp\/v2\/pages\/492","targetHints":{"allow":["GET"]}}],"collection":[{"href":"https:\/\/www.onlinemarangoz.com.tr\/Umraniye\/wp-json\/wp\/v2\/pages"}],"about":[{"href":"https:\/\/www.onlinemarangoz.com.tr\/Umraniye\/wp-json\/wp\/v2\/types\/page"}],"author":[{"embeddable":true,"href":"https:\/\/www.onlinemarangoz.com.tr\/Umraniye\/wp-json\/wp\/v2\/users\/1"}],"replies":[{"embeddable":true,"href":"https:\/\/www.onlinemarangoz.com.tr\/Umraniye\/wp-json\/wp\/v2\/comments?post=492"}],"version-history":[{"count":0,"href":"https:\/\/www.onlinemarangoz.com.tr\/Umraniye\/wp-json\/wp\/v2\/pages\/492\/revisions"}],"wp:attachment":[{"href":"https:\/\/www.onlinemarangoz.com.tr\/Umraniye\/wp-json\/wp\/v2\/media?parent=492"}],"wp:term":[{"taxonomy":"category","embeddable":true,"href":"https:\/\/www.onlinemarangoz.com.tr\/Umraniye\/wp-json\/wp\/v2\/categories?post=492"},{"taxonomy":"post_tag","embeddable":true,"href":"https:\/\/www.onlinemarangoz.com.tr\/Umraniye\/wp-json\/wp\/v2\/tags?post=492"}],"curies":[{"name":"wp","href":"https:\/\/api.w.org\/{rel}","templated":true}]}}