{"id":628,"date":"2024-01-21T02:09:22","date_gmt":"2024-01-20T23:09:22","guid":{"rendered":"https:\/\/www.onlinemarangoz.com.tr\/Umraniye\/?page_id=628"},"modified":"2024-01-21T02:40:00","modified_gmt":"2024-01-20T23:40:00","slug":"kirik-kilit-nedenleri-nelerdir-ve-nasil-duzeltilir","status":"publish","type":"page","link":"https:\/\/www.onlinemarangoz.com.tr\/Umraniye\/kirik-kilit-nedenleri-nelerdir-ve-nasil-duzeltilir\/","title":{"rendered":"K\u0131r\u0131k kilit, nedenleri nelerdir ve nas\u0131l d\u00fczeltilir?"},"content":{"rendered":"<h2>K\u0131r\u0131k kilit, nedenleri nelerdir ve nas\u0131l d\u00fczeltilir?<\/h2>\n<p>Kilit, hi\u00e7 d\u00fc\u015f\u00fcnmeden sahip oldu\u011funuz en \u00e7ok kullan\u0131lan \u015feylerden biridir.\u00a0G\u00fcnl\u00fck olarak kullan\u0131l\u0131r ve zamanla meydana gelen a\u015f\u0131nma ve y\u0131pranma nedeniyle k\u0131r\u0131labilir veya \u00e7arp\u0131labilir.\u00a0Bir kap\u0131\u00a0kilidi\u00a0k\u0131r\u0131ld\u0131\u011f\u0131nda ve evinizden kilitlendi\u011finizde, acil bir onar\u0131ma ihtiyac\u0131n\u0131z olur ve genellikle\u00a0k\u0131r\u0131lan kilidin\u00a0de\u011fi\u015ftirilmesiyle sonu\u00e7lan\u0131r .\u00a0Evinizde\u00a0kap\u0131 kilidinin k\u0131r\u0131lmas\u0131n\u0131\u00a0\u00f6nlemek i\u00e7in , burada k\u0131r\u0131k kap\u0131 kilidinin en yayg\u0131n nedenlerinden baz\u0131lar\u0131n\u0131n bir listesi bulunmaktad\u0131r.<\/p>\n<h3>Boyan\u0131n soyulmas\u0131 sonucu k\u0131r\u0131lan kilit<\/h3>\n<p>Oda kap\u0131n\u0131z\u0131 boyad\u0131ysan\u0131z, bunun kap\u0131 kilidinin ar\u0131zalanmas\u0131n\u0131n en yayg\u0131n nedenlerinden biri oldu\u011funu bilmelisiniz. boyas\u0131n\u0131n a\u015f\u0131nmas\u0131na neden olur ve ortaya \u00e7\u0131kan \u00e7\u00fcr\u00fcme, kap\u0131 kilit mandal\u0131n\u0131n yava\u015f yava\u015f i\u00e7eriden hasar g\u00f6rmesine neden olur. B\u00f6yle bir durumda, kap\u0131 kilidine zarar vermemek i\u00e7in oda kap\u0131\u00a0 Di\u011fer bir alternatif ise kilidi de\u011fi\u015ftirmek ve profesyonel bir usta sizin i\u00e7in en iyi \u00e7\u00f6z\u00fcm\u00fc bulmas\u0131n\u0131 sa\u011flamakt\u0131r.<\/p>\n<h3>Donmu\u015f bir kap\u0131 kilidi<\/h3>\n<p>\u00c7ok so\u011fuk havalarda, d\u0131\u015f kilit \u00e7ok d\u00fc\u015f\u00fck s\u0131cakl\u0131klara maruz kal\u0131r ve kolayca donabilir.\u00a0\u0130\u00e7 kilitler kirlenme e\u011filimindedir ve bunun sonucunda i\u00e7 par\u00e7alar a\u015f\u0131nabilir.\u00a0Bu durumlarda en iyi \u00e7\u00f6z\u00fcm 24 saat hizmet veren bir ustaya ba\u015fvurarak tamamen yeni bir kilit takt\u0131rmak\u00a0olabilir\u00a0.<\/p>\n<h3>\u0130\u015flevsel olmayan bir kilitleme c\u0131vatas\u0131<\/h3>\n<p>Anahtar\u0131 anahtar deli\u011fine soktu\u011funuzda d\u00f6nebiliyor ancak s\u00fcrg\u00fc \u00e7al\u0131\u015fm\u0131yor gibi g\u00f6r\u00fcn\u00fcyorsa, mekanizma muhtemelen ar\u0131zal\u0131d\u0131r.\u00a0Durumun ger\u00e7ekten b\u00f6yle oldu\u011fu ortaya \u00e7\u0131karsa, blo\u011fun de\u011fi\u015ftirilmesi d\u00fc\u015f\u00fcn\u00fclmelidir.\u00a0Her zaman g\u00fcn\u00fcn 24 saati ula\u015f\u0131labilir bir usta varsa, bu b\u00fcy\u00fck bir sorun olmamal\u0131d\u0131r. Bir kap\u0131 kilidi bir\u00e7ok nedenden dolay\u0131 ar\u0131zal\u0131 olabilir ve bunu \u00f6nlemek i\u00e7in, kilidi kontrol etmeli ve sorunlar\u0131 m\u00fcmk\u00fcn olan en k\u0131sa s\u00fcrede \u00e7\u00f6zmelisiniz. olas\u0131.<\/p>\n<h3>Kilit s\u0131k\u0131\u015fm\u0131\u015f gibi g\u00f6r\u00fcn\u00fcyor<\/h3>\n<p>Anahtar\u0131 deli\u011fe soktu\u011funuzda hi\u00e7 hareket etmiyorsa kilit s\u0131k\u0131\u015fm\u0131\u015f olabilir.\u00a0Bunun en yayg\u0131n nedenlerinden biri mekanizma i\u00e7erisinde kir birikmesidir.\u00a0Temizlemeyi ve ard\u0131ndan kilidi silikon spreyle ya\u011flamay\u0131 deneyebilirsiniz.\u00a0Bu durumda, y\u00f6n spreyi olarak da uygulayamayaca\u011f\u0131n\u0131z s\u00fcrece ya\u011f kullan\u0131lmas\u0131 tavsiye edilmez.\u00a0Ya\u011f ayr\u0131ca kilidin ihtiya\u00e7 duyulmayan di\u011fer k\u0131s\u0131mlar\u0131na da girebilir, bu nedenle bu durumda onu kullanmaktan ka\u00e7\u0131nmak en iyisidir.<\/p>\n<h3>Kap\u0131 kilidini kapatma sorunu<\/h3>\n<p>Kap\u0131\u00a0kilit\u00a0mandal\u0131 mekanizmaya tam oturmuyorsa kilit ve kar\u015f\u0131l\u0131k plakas\u0131 do\u011fru s\u0131rada de\u011fil demektir.\u00a0Kilidin geni\u015flemesine veya daralmas\u0131na neden olabilecek s\u0131cakl\u0131k dalgalanmalar\u0131n\u0131n bir sonucu olabilir.\u00a0En iyi \u00e7\u00f6z\u00fcm 24 saat hizmet veren bir \u00e7ilingirden tavsiye almak olacakt\u0131r.<\/p>\n<p>Acil profesyonel ama her \u015feyden \u00f6nce hassas kilit onar\u0131m\u0131 ve de\u011fi\u015ftirme hizmeti sunar \u0130lerleme y\u00f6ntemimiz sayesinde kilidin her a\u00e7\u0131dan do\u011fru \u00e7al\u0131\u015faca\u011f\u0131ndan emin olacaks\u0131n\u0131z. Ancak daha da \u00f6nemlisi hi\u00e7bir sorun ya\u015famadan rahatl\u0131kla kullanabilece\u011finiz bir kilide sahip olacaks\u0131n\u0131z.<\/p>\n\n\n<div class=\"kk-star-ratings kksr-auto kksr-align-left kksr-valign-bottom\"\n    data-payload='{&quot;align&quot;:&quot;left&quot;,&quot;id&quot;:&quot;628&quot;,&quot;slug&quot;:&quot;default&quot;,&quot;valign&quot;:&quot;bottom&quot;,&quot;ignore&quot;:&quot;&quot;,&quot;reference&quot;:&quot;auto&quot;,&quot;class&quot;:&quot;&quot;,&quot;count&quot;:&quot;0&quot;,&quot;legendonly&quot;:&quot;&quot;,&quot;readonly&quot;:&quot;&quot;,&quot;score&quot;:&quot;0&quot;,&quot;starsonly&quot;:&quot;&quot;,&quot;best&quot;:&quot;5&quot;,&quot;gap&quot;:&quot;5&quot;,&quot;greet&quot;:&quot;\u00dcmraniye Marangoz \u2b50&quot;,&quot;legend&quot;:&quot;\u00dcmraniye Marangoz Ustas\u0131 \u2b50 0&quot;,&quot;size&quot;:&quot;24&quot;,&quot;title&quot;:&quot;K\u0131r\u0131k kilit, nedenleri nelerdir ve nas\u0131l d\u00fczeltilir?&quot;,&quot;width&quot;:&quot;0&quot;,&quot;_legend&quot;:&quot;\u00dcmraniye Marangoz Ustas\u0131 \u2b50 {count}&quot;,&quot;font_factor&quot;:&quot;1.25&quot;}'>\n            \n<div class=\"kksr-stars\">\n    \n<div class=\"kksr-stars-inactive\">\n            <div class=\"kksr-star\" data-star=\"1\" style=\"padding-right: 5px\">\n            \n\n<div class=\"kksr-icon\" style=\"width: 24px; height: 24px;\"><\/div>\n        <\/div>\n            <div class=\"kksr-star\" data-star=\"2\" style=\"padding-right: 5px\">\n            \n\n<div class=\"kksr-icon\" style=\"width: 24px; height: 24px;\"><\/div>\n        <\/div>\n            <div class=\"kksr-star\" data-star=\"3\" style=\"padding-right: 5px\">\n            \n\n<div class=\"kksr-icon\" style=\"width: 24px; height: 24px;\"><\/div>\n        <\/div>\n            <div class=\"kksr-star\" data-star=\"4\" style=\"padding-right: 5px\">\n            \n\n<div class=\"kksr-icon\" style=\"width: 24px; height: 24px;\"><\/div>\n        <\/div>\n            <div class=\"kksr-star\" data-star=\"5\" style=\"padding-right: 5px\">\n            \n\n<div class=\"kksr-icon\" style=\"width: 24px; height: 24px;\"><\/div>\n        <\/div>\n    <\/div>\n    \n<div class=\"kksr-stars-active\" style=\"width: 0px;\">\n            <div class=\"kksr-star\" style=\"padding-right: 5px\">\n            \n\n<div class=\"kksr-icon\" style=\"width: 24px; height: 24px;\"><\/div>\n        <\/div>\n            <div class=\"kksr-star\" style=\"padding-right: 5px\">\n            \n\n<div class=\"kksr-icon\" style=\"width: 24px; height: 24px;\"><\/div>\n        <\/div>\n            <div class=\"kksr-star\" style=\"padding-right: 5px\">\n            \n\n<div class=\"kksr-icon\" style=\"width: 24px; height: 24px;\"><\/div>\n        <\/div>\n            <div class=\"kksr-star\" style=\"padding-right: 5px\">\n            \n\n<div class=\"kksr-icon\" style=\"width: 24px; height: 24px;\"><\/div>\n        <\/div>\n            <div class=\"kksr-star\" style=\"padding-right: 5px\">\n            \n\n<div class=\"kksr-icon\" style=\"width: 24px; height: 24px;\"><\/div>\n        <\/div>\n    <\/div>\n<\/div>\n                \n\n<div class=\"kksr-legend\" style=\"font-size: 19.2px;\">\n            <span class=\"kksr-muted\">\u00dcmraniye Marangoz \u2b50<\/span>\n    <\/div>\n    <\/div>\n","protected":false},"excerpt":{"rendered":"<p>K\u0131r\u0131k kilit, nedenleri nelerdir ve nas\u0131l d\u00fczeltilir? Kilit, hi\u00e7 d\u00fc\u015f\u00fcnmeden sahip oldu\u011funuz en \u00e7ok kullan\u0131lan \u015feylerden biridir.\u00a0G\u00fcnl\u00fck olarak kullan\u0131l\u0131r ve zamanla meydana gelen a\u015f\u0131nma ve y\u0131pranma nedeniyle k\u0131r\u0131labilir veya \u00e7arp\u0131labilir.\u00a0Bir kap\u0131\u00a0kilidi\u00a0k\u0131r\u0131ld\u0131\u011f\u0131nda ve evinizden kilitlendi\u011finizde, acil bir onar\u0131ma ihtiyac\u0131n\u0131z olur ve&#8230; <a class=\"di-continue-reading\" href=\"https:\/\/www.onlinemarangoz.com.tr\/Umraniye\/kirik-kilit-nedenleri-nelerdir-ve-nasil-duzeltilir\/\"> Continue Reading&#8230;<\/a><\/p>\n","protected":false},"author":1,"featured_media":0,"parent":0,"menu_order":12,"comment_status":"closed","ping_status":"open","template":"","meta":{"footnotes":""},"categories":[1],"tags":[718,719],"class_list":["post-628","page","type-page","status-publish","hentry","category-umraniye-mobilya-tamir-montaj-servisi","tag-kirik-kilit","tag-nedenleri-nelerdir-ve-nasil-duzeltilir"],"_links":{"self":[{"href":"https:\/\/www.onlinemarangoz.com.tr\/Umraniye\/wp-json\/wp\/v2\/pages\/628","targetHints":{"allow":["GET"]}}],"collection":[{"href":"https:\/\/www.onlinemarangoz.com.tr\/Umraniye\/wp-json\/wp\/v2\/pages"}],"about":[{"href":"https:\/\/www.onlinemarangoz.com.tr\/Umraniye\/wp-json\/wp\/v2\/types\/page"}],"author":[{"embeddable":true,"href":"https:\/\/www.onlinemarangoz.com.tr\/Umraniye\/wp-json\/wp\/v2\/users\/1"}],"replies":[{"embeddable":true,"href":"https:\/\/www.onlinemarangoz.com.tr\/Umraniye\/wp-json\/wp\/v2\/comments?post=628"}],"version-history":[{"count":0,"href":"https:\/\/www.onlinemarangoz.com.tr\/Umraniye\/wp-json\/wp\/v2\/pages\/628\/revisions"}],"wp:attachment":[{"href":"https:\/\/www.onlinemarangoz.com.tr\/Umraniye\/wp-json\/wp\/v2\/media?parent=628"}],"wp:term":[{"taxonomy":"category","embeddable":true,"href":"https:\/\/www.onlinemarangoz.com.tr\/Umraniye\/wp-json\/wp\/v2\/categories?post=628"},{"taxonomy":"post_tag","embeddable":true,"href":"https:\/\/www.onlinemarangoz.com.tr\/Umraniye\/wp-json\/wp\/v2\/tags?post=628"}],"curies":[{"name":"wp","href":"https:\/\/api.w.org\/{rel}","templated":true}]}}