{"id":633,"date":"2024-02-07T21:55:43","date_gmt":"2024-02-07T18:55:43","guid":{"rendered":"https:\/\/www.onlinemarangoz.com.tr\/Umraniye\/?page_id=633"},"modified":"2024-02-08T00:15:37","modified_gmt":"2024-02-07T21:15:37","slug":"umraniye-mobilya-montaj","status":"publish","type":"page","link":"https:\/\/www.onlinemarangoz.com.tr\/Umraniye\/umraniye-mobilya-montaj\/","title":{"rendered":"\u00dcmraniye Mobilya Montaj"},"content":{"rendered":"<p>\u00dcmraniye Mobilya Montaj (( Mobilya Montaj Telefon 0554 858 1312 )) \u0130stanbul Anadolu Yakas\u0131 \u00dcmraniye Mobilya Montaj&#8221; uzmanlar\u0131m\u0131z \u00e7a\u011fr\u0131n\u0131z\u0131 yan\u0131tlamaya haz\u0131r. Ekibimiz, hizmetle ilgili sorular\u0131n\u0131z\u0131 ilgili sorular\u0131n\u0131z\u0131 yan\u0131tlamaktan mutluluk duyacakt\u0131r. Her t\u00fcrl\u00fc ev mobilyalar\u0131n\u0131n uygun demontaj\u0131 ile y\u00fcksek kalitede hizmet vermekteyiz, ayn\u0131 zamanda &#8221;\u00dcmraniye Mobilya Montaj&#8221; hizmetlerinde de uzman\u0131z. Profesyonel ekibimiz i\u015fin sizin i\u00e7in en uygun zamanda yap\u0131lmas\u0131n\u0131 sa\u011flamak i\u00e7in program\u0131n\u0131za g\u00f6re \u00e7al\u0131\u015facakt\u0131r. \u00dcmraniye Mobilya Montaj&#8221; hizmetlerine ihtiyac\u0131n\u0131z varsa bu konuda memnuniyetle hizmet vermekteyiz.<\/p>\n<figure id=\"attachment_634\" aria-describedby=\"caption-attachment-634\" style=\"width: 500px\" class=\"wp-caption alignright\"><img fetchpriority=\"high\" decoding=\"async\" class=\"size-full wp-image-634\" src=\"https:\/\/www.onlinemarangoz.com.tr\/Umraniye\/wp-content\/uploads\/Umraniye-Mobilya-Montaj-Servisi.jpg\" alt=\"\u00dcmraniye Mobilya Montaj\" width=\"500\" height=\"250\" srcset=\"https:\/\/www.onlinemarangoz.com.tr\/Umraniye\/wp-content\/uploads\/Umraniye-Mobilya-Montaj-Servisi.jpg 500w, https:\/\/www.onlinemarangoz.com.tr\/Umraniye\/wp-content\/uploads\/Umraniye-Mobilya-Montaj-Servisi-300x150.jpg 300w\" sizes=\"(max-width: 500px) 100vw, 500px\" \/><figcaption id=\"caption-attachment-634\" class=\"wp-caption-text\">\u00dcmraniye Mobilya Montaj<\/figcaption><\/figure>\n<h2>\u00dcmraniye Mobilya Montaj<\/h2>\n<p>\u00dcmraniye Mobilya Montaj&#8221; Ta\u015f\u0131nma i\u00e7in bir mobilya par\u00e7as\u0131n\u0131 s\u00f6kmeniz mi gerekiyor? Veya daha b\u00fcy\u00fck mobilyalar\u0131n\u0131z\u0131 daha k\u00fc\u00e7\u00fck bir eve s\u0131\u011facak \u015fekilde k\u00fc\u00e7\u00fcltmek mi istiyorsunuz? Ya da belki sadece eski mobilyalar\u0131n\u0131zdan kurtulmakm\u0131 istiyorsunuz? \u00dcmraniye Mobilya Montaj&#8221; t\u00fcm bu projelerde ve daha fazlas\u0131nda size yard\u0131mc\u0131 olmak i\u00e7in burday\u0131z.<\/p>\n<p><em><strong>Masa montaj\u0131<\/strong><\/em><\/p>\n<ul>\n<li>Evden mi \u00e7al\u0131\u015f\u0131yorsunuz ve bir masa kurulumuna m\u0131 ihtiyac\u0131n\u0131z var? Masan\u0131z\u0131 monte etmesi i\u00e7in bir g\u00f6revli kiralay\u0131n.<\/li>\n<\/ul>\n<p><em><strong>\u00c7ekmeceli dolab\u0131n montaj\u0131<\/strong><\/em><\/p>\n<ul>\n<li>\u00c7ekmeceli dolaplar\u0131n montaj\u0131nda uzmanla\u015fm\u0131\u015f g\u00f6revliler var! Hi\u00e7bir \u015fifoniyer, \u00e7al\u0131\u015fanlar\u0131n monte edemeyece\u011fi kadar k\u00fc\u00e7\u00fck veya \u00e7ok b\u00fcy\u00fck de\u011fildir.<\/li>\n<\/ul>\n<p><em><strong>Yata\u011f\u0131n montaj\u0131<\/strong><\/em><\/p>\n<ul>\n<li>Yata\u011f\u0131n\u0131z\u0131n montaj\u0131 i\u00e7in bir g\u00f6revli kiralay\u0131n. Ranzalardan duvara monte yataklara kadar her t\u00fcrl\u00fc kurulumda size yard\u0131mc\u0131 olabiliriz!<\/li>\n<\/ul>\n<p><em><strong>Kitapl\u0131\u011f\u0131n montaj\u0131<\/strong><\/em><\/p>\n<ul>\n<li>Bize izin verin siz dinlenip kitap okurken o sizin i\u00e7in kitapl\u0131k montaj\u0131n\u0131 yapal\u0131m.<\/li>\n<\/ul>\n<p><em><strong>Sandalyenin montaj\u0131<\/strong><\/em><\/p>\n<ul>\n<li>Sandalyenizi d\u00fczg\u00fcn bir \u015fekilde monte edebilir, b\u00f6ylece sonunda dinlenebilirsiniz.<\/li>\n<\/ul>\n<p><em><strong>Dolap montaj\u0131<\/strong><\/em><\/p>\n<ul>\n<li>Bir dolab\u0131n montaj\u0131 zor ve zaman al\u0131c\u0131 olabilir. Tamamen tatmin edici bir sonu\u00e7 i\u00e7in bize izin verin.<\/li>\n<\/ul>\n<p><img decoding=\"async\" class=\"size-full wp-image-40 alignleft\" src=\"https:\/\/www.onlinemarangoz.com.tr\/Umraniye\/wp-content\/uploads\/Umraniye-Ray-Dolap-Tamiri.jpg\" alt=\"\" width=\"300\" height=\"300\" srcset=\"https:\/\/www.onlinemarangoz.com.tr\/Umraniye\/wp-content\/uploads\/Umraniye-Ray-Dolap-Tamiri.jpg 300w, https:\/\/www.onlinemarangoz.com.tr\/Umraniye\/wp-content\/uploads\/Umraniye-Ray-Dolap-Tamiri-150x150.jpg 150w, https:\/\/www.onlinemarangoz.com.tr\/Umraniye\/wp-content\/uploads\/Umraniye-Ray-Dolap-Tamiri-90x90.jpg 90w\" sizes=\"(max-width: 300px) 100vw, 300px\" \/>\u00dcmraniye Mobilya Montaj&#8221; Bir araya getirmeniz gereken yeni bir masan\u0131z veya kitapl\u0131\u011f\u0131n\u0131z m\u0131 var? Talimatlar\u0131 iyi anlam\u0131yor musunuz? \u00dcmraniye Mobilya Montaj&#8221; t\u00fcm mobilyalar\u0131n\u0131z\u0131 h\u0131zl\u0131 ve verimli bir \u015fekilde monte edebiliriz. \u00dcmraniye Mobilya Montaj&#8221; \u00dcmraniye Mobilya Dolap Montaj&#8221; \u00dcmraniye Mobilya Gard\u0131rop Montaj&#8221; \u00dcmraniye Yatak Odas\u0131 Mobilya Dolap Montaj&#8221; Pazartesi&#8217;den \u00c7umartesi&#8217; ne&#8217; Sabah 09:00 \u2013 Ak\u015fam 20:00 ve Cumartesi sabah 09:00 &#8211; 19:00 saatleri aras\u0131nda&#8221; Mobilya Montaj&#8221; Mobilya Dolap Montaj&#8221; Mobilya Gard\u0131rop Montaj&#8221; \u00dcmraniye Mobilya Montaj Telefon&#8221; 0554 858 1312&#8221; numaral\u0131 telefondan bize ula\u015fabilir WhatsApp arac\u0131l\u0131\u011f\u0131yla do\u011frudan mesaj g\u00f6nderebilirsiniz. Temel \u00f6nceli\u011fimiz siz de\u011ferli m\u00fc\u015fterilerimizdir. Ekibimiz g\u00fcler y\u00fczl\u00fc ve ola\u011fan\u00fcst\u00fc m\u00fc\u015fteri hizmetlerimizle gurur duymaktad\u0131r.<\/p>\n<h3>\u00dcmraniye Mobilya Dolap Montaj<\/h3>\n<p>\u00dcmraniye Mobilya Dolap Montaj&#8221; ve s\u00f6k\u00fclmesi, her ev sahibinin \u00f6nce \u00f6\u011frenmesi veya en az\u0131ndan anlamas\u0131 gereken \u00f6nemli bir beceridir. Mobilyalar\u0131 bir yerden ba\u015fka bir yere ta\u015f\u0131rken onlarla u\u011fra\u015fmak hem zorlu bir i\u015f hem de zorlu bir i\u015ftir. Ancak \u00dcmraniye Mobilya Dolap Montaj&#8221; ustas\u0131 gibi profesyoneller ve teknik uzmanlar, herhangi bir acele veya tela\u015fa gerek kalmadan bunu kolay ve rahat bir i\u015f haline getirebilirler. \u00dcmraniye Mobilya Dolap Montaj&#8221; ustas\u0131 a\u011f\u0131rl\u0131\u011f\u0131, boyutu ne olursa olsun her t\u00fcrl\u00fc mobilyayla ilgilenir. hatta bir odadan di\u011ferine ta\u015f\u0131nmak istiyorsan\u0131z bu hizmetten mutlaka yararlanmal\u0131s\u0131n\u0131z. \u00dcmraniye Mobilya Dolap Montaj&#8221; ve demontaj hizmetlerimiz sizi yaln\u0131zca somunlar\u0131 ve c\u0131vatalar\u0131 sa\u011flam tutman\u0131n zorlay\u0131c\u0131 durumundan kurtarmakla kalmaz, ayn\u0131 zamanda herhangi bir sorundan ka\u00e7\u0131nman\u0131za da yard\u0131mc\u0131 olur. Maksimum konforunuzu g\u00f6z \u00f6n\u00fcnde bulunduran \u00dcmraniye Mobilya Dolap Montaj&#8221; servisi mobilyalar\u0131n\u0131z\u0131n onar\u0131m\u0131 ve restorasyonu i\u00e7in de tek adres olarak \u00e7al\u0131\u015f\u0131r.<img decoding=\"async\" class=\"size-full wp-image-637 alignright\" src=\"https:\/\/www.onlinemarangoz.com.tr\/Umraniye\/wp-content\/uploads\/Umraniye-Mobilya-Gardirop-Montaj-Servisi.jpg\" alt=\"\" width=\"300\" height=\"300\" srcset=\"https:\/\/www.onlinemarangoz.com.tr\/Umraniye\/wp-content\/uploads\/Umraniye-Mobilya-Gardirop-Montaj-Servisi.jpg 300w, https:\/\/www.onlinemarangoz.com.tr\/Umraniye\/wp-content\/uploads\/Umraniye-Mobilya-Gardirop-Montaj-Servisi-150x150.jpg 150w, https:\/\/www.onlinemarangoz.com.tr\/Umraniye\/wp-content\/uploads\/Umraniye-Mobilya-Gardirop-Montaj-Servisi-90x90.jpg 90w\" sizes=\"(max-width: 300px) 100vw, 300px\" \/><\/p>\n<p><em><strong>\u00dcmraniye Mobilya Dolap Montaj<\/strong><\/em>&#8221; Kaliteli ve eksiksiz hizmetler sunuyoruz. Hangi par\u00e7an\u0131n nereye s\u0131\u011faca\u011f\u0131n\u0131 d\u00fc\u015f\u00fcnerek saatler harcamak yerine; bir araya getirmenize yard\u0131mc\u0131 olmam\u0131za izin verin. T\u00fcm mobilya montaj ihtiya\u00e7lar\u0131n\u0131zda yard\u0131mc\u0131 olmak i\u00e7in buraday\u0131z. \u00dcmraniye Dolap Montaj\u0131&#8221; \u00dcmraniye Mobilya Dolap Montaj&#8221; \u00dcmraniye Mobilya Dolap Gard\u0131rop Montaj&#8221; \u00dcmraniye Yatak Odas\u0131 Dolap Montaj\u0131&#8221; mobilya montaj hizmeti almak isterseniz Pazartesi&#8217;den \u00c7umartesi&#8217; ne&#8217; Sabah 09:00 \u2013 Ak\u015fam 20:00 ve Cumartesi sabah 09:00 &#8211; 19:00 saatleri aras\u0131nda&#8221; Mobilya Montaj&#8221; Mobilya Dolap Montaj&#8221; Mobilya Gard\u0131rop Montaj&#8221; \u00dcmraniye Mobilya Montaj Telefon&#8221; 0554 858 1312&#8221; numaral\u0131 telefondan bize ula\u015fabilir WhatsApp arac\u0131l\u0131\u011f\u0131yla do\u011frudan mesaj g\u00f6nderebilirsiniz. M\u00fc\u015fterilerimizi nas\u0131l mutlu ve memnun edece\u011fini bilen \u00dcmraniye Mobilya Dolap Montaj&#8221; s\u00f6k\u00fcm hizmet servisi olarak biliniyoruz. \u0130ster gard\u0131robunuz olsun ister yeni bir yere ta\u015f\u0131n\u0131yor olun, her \u015feyin do\u011fru yerde oldu\u011fundan emin olman\u0131z i\u00e7in size eksiksiz hizmetler sunuyoruz.<img loading=\"lazy\" decoding=\"async\" class=\"size-full wp-image-639 alignleft\" src=\"https:\/\/www.onlinemarangoz.com.tr\/Umraniye\/wp-content\/uploads\/Umraniye-Mobilya-Dolaop-Montaji.jpg\" alt=\"\" width=\"400\" height=\"250\" srcset=\"https:\/\/www.onlinemarangoz.com.tr\/Umraniye\/wp-content\/uploads\/Umraniye-Mobilya-Dolaop-Montaji.jpg 400w, https:\/\/www.onlinemarangoz.com.tr\/Umraniye\/wp-content\/uploads\/Umraniye-Mobilya-Dolaop-Montaji-300x188.jpg 300w\" sizes=\"(max-width: 400px) 100vw, 400px\" \/><\/p>\n<h4>\u00dcmraniye Mobilya Gard\u0131rop Montaj<\/h4>\n<p>\u00dcmraniye Mobilya Gard\u0131rop Montaj&#8221; Profesyonel ustalar\u0131m\u0131z mobilya montaj ve demontaj hizmetleri sunmaktad\u0131r. En b\u00fcy\u00fck \u00f6nceli\u011fimiz mobilyalar\u0131n\u0131z\u0131n g\u00fcvenli\u011fidir ve size m\u00fckemmel i\u015f\u00e7ilik garantisi veriyoruz. Mobilyalar\u0131n\u0131z\u0131 hassasiyetle ve \u00f6zenle monte etmek ve s\u00f6kmek i\u00e7in en yeni ara\u00e7 ve teknikleri kullan\u0131yoruz. \u00dcmraniye Mobilya Gard\u0131rop Montaj&#8221; ihtiyac\u0131n\u0131z\u0131 stressiz hale getirmeyi hedefliyoruz ve mobilya montaj hizmetlerimiz ba\u011fl\u0131 oldu\u011fumuz y\u00fcksek standartlar\u0131 kan\u0131tl\u0131yor.<img loading=\"lazy\" decoding=\"async\" class=\"size-full wp-image-180 alignright\" src=\"https:\/\/www.onlinemarangoz.com.tr\/Umraniye\/wp-content\/uploads\/Umraniye-Dusen-Cekmece-Dolap-Tamiri.jpg\" alt=\"\" width=\"110\" height=\"110\" srcset=\"https:\/\/www.onlinemarangoz.com.tr\/Umraniye\/wp-content\/uploads\/Umraniye-Dusen-Cekmece-Dolap-Tamiri.jpg 110w, https:\/\/www.onlinemarangoz.com.tr\/Umraniye\/wp-content\/uploads\/Umraniye-Dusen-Cekmece-Dolap-Tamiri-90x90.jpg 90w\" sizes=\"(max-width: 110px) 100vw, 110px\" \/><\/p>\n<p><em><strong>\u00dcmraniye Mobilya Gard\u0131rop Montaj<\/strong><\/em>&#8221; Mobilyalar\u0131n montaj\u0131, s\u00f6k\u00fclmesi ve kurulumu i\u00e7in eksiksiz bir hizmet yelpazesi sunuyoruz. Evinizdeki mobilyalar\u0131n, hatta a\u011f\u0131r, hantal ve k\u0131r\u0131lgan olanlar\u0131n bile bak\u0131m\u0131n\u0131 yapabiliriz. Ekibimiz her t\u00fcr ve boyuttaki yataklar\u0131, mutfak dolaplar\u0131n\u0131 ve yemek masalar\u0131n\u0131 ustal\u0131kla monte edebilir veya s\u00f6kebiliriz: mobilya montaj hizmeti almak isterseniz Pazartesi&#8217;den \u00c7umartesi&#8217; ne&#8217; Sabah 09:00 \u2013 Ak\u015fam 20:00 ve Cumartesi sabah 09:00 &#8211; 19:00 saatleri aras\u0131nda&#8221; Mobilya Montaj&#8221; Mobilya Dolap Montaj&#8221; Mobilya Gard\u0131rop Montaj&#8221; \u00dcmraniye Mobilya Montaj Telefon&#8221; 0554 858 1312&#8221; numaral\u0131 telefondan bize ula\u015fabilir WhatsApp arac\u0131l\u0131\u011f\u0131yla do\u011frudan mesaj g\u00f6nderebilirsiniz. Size ba\u015fka hi\u00e7bir yerde bulamayaca\u011f\u0131n\u0131z en uygun \u00dcmraniye Mobilya Gard\u0131rop Montaj&#8221; ve demontaj hizmetlerini sunmaya ger\u00e7ekten kendimizi adad\u0131k. M\u00fc\u015fterilerimize yaln\u0131zca yararlanabilecekleri hizmetler sunuyoruz.<\/p>\n<table style=\"border-collapse: collapse; width: 100%;\">\n<tbody>\n<tr>\n<td>\n<ul>\n<li><em>Gard\u0131rop Montaj\u0131<\/em><\/li>\n<li><em>Mutfak Dolaplar\u0131 Montaj\u0131.<\/em><\/li>\n<li><em>Duvar \u00dcnitelerinin Montaj\u0131.<\/em><\/li>\n<li><em>S\u00fcrg\u00fcl\u00fc Dolaplar\u0131n Montaj\u0131.<\/em><\/li>\n<li><em>Gard\u0131rop Mobilyalar\u0131n\u0131n Montaj\u0131<\/em><\/li>\n<li><em>Oturma Odas\u0131 Dolaplar\u0131 Montaj\u0131.<\/em><\/li>\n<li><em>Gard\u0131rop ve Kitapl\u0131klar\u0131n Montaj\u0131.<\/em><\/li>\n<\/ul>\n<\/td>\n<td style=\"width: 50%;\">\n<ul>\n<li><em>Mobilya Dolaplar\u0131n\u0131n Montaj\u0131.<\/em><\/li>\n<li><em>Laminat Dolaplar\u0131n\u0131n Montaj\u0131.<\/em><\/li>\n<li><em>Gard\u0131rop Yataklar\u0131n\u0131n Montaj\u0131.<\/em><\/li>\n<li><em>Gard\u0131rop ve Raflar\u0131n\u0131n Montaj\u0131.<\/em><\/li>\n<li><em>Mente\u015feli Kap\u0131l\u0131 Gard\u0131rop Montaj\u0131.<\/em><\/li>\n<li><em>Yatak Odas\u0131 Gard\u0131roplar\u0131n\u0131n Montaj\u0131<\/em><\/li>\n<li><em>Ah\u015fap Evler i\u00e7in Gard\u0131rop Montaj\u0131.<\/em><\/li>\n<\/ul>\n<\/td>\n<\/tr>\n<\/tbody>\n<\/table>\n\n\n<div class=\"kk-star-ratings kksr-auto kksr-align-left kksr-valign-bottom\"\n    data-payload='{&quot;align&quot;:&quot;left&quot;,&quot;id&quot;:&quot;633&quot;,&quot;slug&quot;:&quot;default&quot;,&quot;valign&quot;:&quot;bottom&quot;,&quot;ignore&quot;:&quot;&quot;,&quot;reference&quot;:&quot;auto&quot;,&quot;class&quot;:&quot;&quot;,&quot;count&quot;:&quot;0&quot;,&quot;legendonly&quot;:&quot;&quot;,&quot;readonly&quot;:&quot;&quot;,&quot;score&quot;:&quot;0&quot;,&quot;starsonly&quot;:&quot;&quot;,&quot;best&quot;:&quot;5&quot;,&quot;gap&quot;:&quot;5&quot;,&quot;greet&quot;:&quot;\u00dcmraniye Marangoz \u2b50&quot;,&quot;legend&quot;:&quot;\u00dcmraniye Marangoz Ustas\u0131 \u2b50 0&quot;,&quot;size&quot;:&quot;24&quot;,&quot;title&quot;:&quot;\u00dcmraniye Mobilya Montaj&quot;,&quot;width&quot;:&quot;0&quot;,&quot;_legend&quot;:&quot;\u00dcmraniye Marangoz Ustas\u0131 \u2b50 {count}&quot;,&quot;font_factor&quot;:&quot;1.25&quot;}'>\n            \n<div class=\"kksr-stars\">\n    \n<div class=\"kksr-stars-inactive\">\n            <div class=\"kksr-star\" data-star=\"1\" style=\"padding-right: 5px\">\n            \n\n<div class=\"kksr-icon\" style=\"width: 24px; height: 24px;\"><\/div>\n        <\/div>\n            <div class=\"kksr-star\" data-star=\"2\" style=\"padding-right: 5px\">\n            \n\n<div class=\"kksr-icon\" style=\"width: 24px; height: 24px;\"><\/div>\n        <\/div>\n            <div class=\"kksr-star\" data-star=\"3\" style=\"padding-right: 5px\">\n            \n\n<div class=\"kksr-icon\" style=\"width: 24px; height: 24px;\"><\/div>\n        <\/div>\n            <div class=\"kksr-star\" data-star=\"4\" style=\"padding-right: 5px\">\n            \n\n<div class=\"kksr-icon\" style=\"width: 24px; height: 24px;\"><\/div>\n        <\/div>\n            <div class=\"kksr-star\" data-star=\"5\" style=\"padding-right: 5px\">\n            \n\n<div class=\"kksr-icon\" style=\"width: 24px; height: 24px;\"><\/div>\n        <\/div>\n    <\/div>\n    \n<div class=\"kksr-stars-active\" style=\"width: 0px;\">\n            <div class=\"kksr-star\" style=\"padding-right: 5px\">\n            \n\n<div class=\"kksr-icon\" style=\"width: 24px; height: 24px;\"><\/div>\n        <\/div>\n            <div class=\"kksr-star\" style=\"padding-right: 5px\">\n            \n\n<div class=\"kksr-icon\" style=\"width: 24px; height: 24px;\"><\/div>\n        <\/div>\n            <div class=\"kksr-star\" style=\"padding-right: 5px\">\n            \n\n<div class=\"kksr-icon\" style=\"width: 24px; height: 24px;\"><\/div>\n        <\/div>\n            <div class=\"kksr-star\" style=\"padding-right: 5px\">\n            \n\n<div class=\"kksr-icon\" style=\"width: 24px; height: 24px;\"><\/div>\n        <\/div>\n            <div class=\"kksr-star\" style=\"padding-right: 5px\">\n            \n\n<div class=\"kksr-icon\" style=\"width: 24px; height: 24px;\"><\/div>\n        <\/div>\n    <\/div>\n<\/div>\n                \n\n<div class=\"kksr-legend\" style=\"font-size: 19.2px;\">\n            <span class=\"kksr-muted\">\u00dcmraniye Marangoz \u2b50<\/span>\n    <\/div>\n    <\/div>\n","protected":false},"excerpt":{"rendered":"<p>\u00dcmraniye Mobilya Montaj (( Mobilya Montaj Telefon 0554 858 1312 )) \u0130stanbul Anadolu Yakas\u0131 \u00dcmraniye Mobilya Montaj&#8221; uzmanlar\u0131m\u0131z \u00e7a\u011fr\u0131n\u0131z\u0131 yan\u0131tlamaya haz\u0131r. Ekibimiz, hizmetle ilgili sorular\u0131n\u0131z\u0131 ilgili sorular\u0131n\u0131z\u0131 yan\u0131tlamaktan mutluluk duyacakt\u0131r. Her t\u00fcrl\u00fc ev mobilyalar\u0131n\u0131n uygun demontaj\u0131 ile y\u00fcksek kalitede hizmet&#8230; <a class=\"di-continue-reading\" href=\"https:\/\/www.onlinemarangoz.com.tr\/Umraniye\/umraniye-mobilya-montaj\/\"> Continue Reading&#8230;<\/a><\/p>\n","protected":false},"author":1,"featured_media":0,"parent":0,"menu_order":4000,"comment_status":"closed","ping_status":"open","template":"","meta":{"footnotes":""},"categories":[1],"tags":[721,722,720,724,723,725],"class_list":["post-633","page","type-page","status-publish","hentry","category-umraniye-mobilya-tamir-montaj-servisi","tag-umraniye-mobilya-dolap-montaj","tag-umraniye-mobilya-gardirop-montaj","tag-umraniye-mobilya-montaj","tag-umraniye-mobilya-montaj-iletisim","tag-umraniye-mobilya-montaj-telefon","tag-umraniye-yatak-odasi-mobilya-dolap-montaj"],"_links":{"self":[{"href":"https:\/\/www.onlinemarangoz.com.tr\/Umraniye\/wp-json\/wp\/v2\/pages\/633","targetHints":{"allow":["GET"]}}],"collection":[{"href":"https:\/\/www.onlinemarangoz.com.tr\/Umraniye\/wp-json\/wp\/v2\/pages"}],"about":[{"href":"https:\/\/www.onlinemarangoz.com.tr\/Umraniye\/wp-json\/wp\/v2\/types\/page"}],"author":[{"embeddable":true,"href":"https:\/\/www.onlinemarangoz.com.tr\/Umraniye\/wp-json\/wp\/v2\/users\/1"}],"replies":[{"embeddable":true,"href":"https:\/\/www.onlinemarangoz.com.tr\/Umraniye\/wp-json\/wp\/v2\/comments?post=633"}],"version-history":[{"count":0,"href":"https:\/\/www.onlinemarangoz.com.tr\/Umraniye\/wp-json\/wp\/v2\/pages\/633\/revisions"}],"wp:attachment":[{"href":"https:\/\/www.onlinemarangoz.com.tr\/Umraniye\/wp-json\/wp\/v2\/media?parent=633"}],"wp:term":[{"taxonomy":"category","embeddable":true,"href":"https:\/\/www.onlinemarangoz.com.tr\/Umraniye\/wp-json\/wp\/v2\/categories?post=633"},{"taxonomy":"post_tag","embeddable":true,"href":"https:\/\/www.onlinemarangoz.com.tr\/Umraniye\/wp-json\/wp\/v2\/tags?post=633"}],"curies":[{"name":"wp","href":"https:\/\/api.w.org\/{rel}","templated":true}]}}