{"id":756,"date":"2024-04-23T00:12:39","date_gmt":"2024-04-22T21:12:39","guid":{"rendered":"https:\/\/www.onlinemarangoz.com.tr\/Umraniye\/?page_id=756"},"modified":"2024-04-23T00:23:42","modified_gmt":"2024-04-22T21:23:42","slug":"umraniye-sandalye-tamiri","status":"publish","type":"page","link":"https:\/\/www.onlinemarangoz.com.tr\/Umraniye\/umraniye-sandalye-tamiri\/","title":{"rendered":"\u00dcmraniye Sandalye Tamiri"},"content":{"rendered":"<p>\u00dcmraniye Sandalye Tamiri ! Sandalye Tamircisi Telefon : 0554 858 1312 \u0130stanbul Anadolu Yakas\u0131 \u00dcmraniye Sandalye Tamiri&#8221; Sandalye zamanla gev\u015fedik\u00e7e, bile\u015fenlerin ba\u011fland\u0131\u011f\u0131 yerlerde a\u015f\u0131r\u0131 gerilimli noktalar olu\u015fur ve bu da k\u0131r\u0131lmalara neden olabilir. Stresli noktalar\u0131n var olmamas\u0131n\u0131 sa\u011flamak i\u00e7in sandalyeyi bir b\u00fct\u00fcn olarak tamamen s\u0131k\u0131 tutmak \u00f6nemlidir. Bir sandalye k\u0131r\u0131ld\u0131\u011f\u0131nda, sandalyeyi kurtarmak i\u00e7in k\u0131r\u0131lan k\u0131sm\u0131 onarabiliriz.<\/p>\n<figure id=\"attachment_757\" aria-describedby=\"caption-attachment-757\" style=\"width: 500px\" class=\"wp-caption alignright\"><img fetchpriority=\"high\" decoding=\"async\" class=\"size-full wp-image-757\" src=\"https:\/\/www.onlinemarangoz.com.tr\/Umraniye\/wp-content\/uploads\/Umraniye-Sandalye-Tamir-Servisi.jpg\" alt=\"\u00dcmraniye Sandalye Tamiri\" width=\"500\" height=\"250\" srcset=\"https:\/\/www.onlinemarangoz.com.tr\/Umraniye\/wp-content\/uploads\/Umraniye-Sandalye-Tamir-Servisi.jpg 500w, https:\/\/www.onlinemarangoz.com.tr\/Umraniye\/wp-content\/uploads\/Umraniye-Sandalye-Tamir-Servisi-300x150.jpg 300w\" sizes=\"(max-width: 500px) 100vw, 500px\" \/><figcaption id=\"caption-attachment-757\" class=\"wp-caption-text\">\u00dcmraniye Sandalye Tamiri<\/figcaption><\/figure>\n<h2>\u00dcmraniye Sandalye Tamiri<\/h2>\n<p>\u00dcmraniye Sandalye Tamiri&#8221; Hasar g\u00f6rm\u00fc\u015f veya y\u0131pranm\u0131\u015f sandalyeleriniz varsa endi\u015felenmeyin! \u00dcmraniye K\u0131r\u0131k Sandalye Aya\u011f\u0131 Tamiri&#8221; onar\u0131m hizmetlerinin yard\u0131m\u0131yla onu kolayca eski ihti\u015fam\u0131na kavu\u015fturabiliriz. Hasar g\u00f6rm\u00fc\u015f sandalyelerin orijinal durumuna geri getirilmesi, birka\u00e7 ad\u0131mdan olu\u015fan titiz bir s\u00fcreci i\u00e7erir. \u00dcmraniye K\u0131r\u0131k Sandalye Tamir&#8221; ustalar\u0131, yap\u0131sal hasarlar\u0131 onarma, kusurlar\u0131 giderme ve sandalyenizin hem g\u00f6rsel olarak \u00e7ekici hem de i\u015flevsel g\u00f6r\u00fcnmesini sa\u011flama konusunda e\u011fitimli ve yeteneklidir. \u00dcmraniye Ah\u015fap Sandalye Tamiri&#8221;Ah\u015fap sandalyenizin ayaklar\u0131 gev\u015fek veya k\u0131r\u0131k olsun, sandalye tamiri ustalar\u0131m\u0131z size yard\u0131mc\u0131 olabilir! \u00dcmraniye Sandalye Tamir Servisi&#8221; onar\u0131mlar i\u00e7in profesyonel yard\u0131m almak, i\u015fin do\u011fru ve verimli bir \u015fekilde yap\u0131lmas\u0131n\u0131 sa\u011flar, de\u011ferli e\u015fyalar\u0131n\u0131z\u0131n uzmanlar\u0131n elinde oldu\u011funun rahatl\u0131\u011f\u0131n\u0131 ya\u015faman\u0131z\u0131 sa\u011flar. Rekabet\u00e7i fiyatlar uygulayarak <span style=\"color: #ff0000;\"><strong><span style=\"font-size: 12pt;\"><a style=\"color: #ff0000;\" href=\"https:\/\/www.onlinemarangoz.com.tr\/sandalye-tamiri\/\" target=\"_blank\" rel=\"noopener\">\u00dcmraniye Sandalye Tamiri<\/a><\/span><\/strong><\/span> onar\u0131m\u0131 konusunda tavsiyelerde bulunarak t\u00fcm m\u00fc\u015fteri ihtiya\u00e7lar\u0131n\u0131 \u015feffaf bir \u015fekilde kar\u015f\u0131l\u0131yoruz. \u00dcmraniye Sandalye Tamiri&#8221; i\u00e7in <span style=\"font-size: 14pt; color: #0000ff;\"><strong><a style=\"color: #0000ff;\" href=\"tel:\/\/+905548581312\" target=\"_blank\" rel=\"noopener\">0554 858 1312<\/a><\/strong><\/span> numaral\u0131 telefon ile bizi arayabilirsiniz. <img decoding=\"async\" class=\"alignleft wp-image-48\" src=\"https:\/\/www.onlinemarangoz.com.tr\/Umraniye\/wp-content\/uploads\/Umraniye-Kirik-Sandalye-Tamircisi.jpg\" alt=\"\" width=\"225\" height=\"225\" srcset=\"https:\/\/www.onlinemarangoz.com.tr\/Umraniye\/wp-content\/uploads\/Umraniye-Kirik-Sandalye-Tamircisi.jpg 300w, https:\/\/www.onlinemarangoz.com.tr\/Umraniye\/wp-content\/uploads\/Umraniye-Kirik-Sandalye-Tamircisi-150x150.jpg 150w, https:\/\/www.onlinemarangoz.com.tr\/Umraniye\/wp-content\/uploads\/Umraniye-Kirik-Sandalye-Tamircisi-90x90.jpg 90w\" sizes=\"(max-width: 225px) 100vw, 225px\" \/><\/p>\n<h3>\u00dcmraniye Sandalye Tamir Servisi<\/h3>\n<p>\u00dcmraniye Sandalye Tamir Servisi, m\u00fc\u015fterilerimizin evlerindeki her t\u00fcrl\u00fc Sandalye Tamiri onar\u0131m\u0131n\u0131 yaln\u0131zca orijinal yedek par\u00e7alarla ger\u00e7ekle\u015ftirmektedir. \u00dcmraniye K\u0131r\u0131k Sandalye Aya\u011f\u0131 Tamiri&#8221; onar\u0131m ve yard\u0131m m\u00fcdahalesinin \u00f6zelliklerini ve avantajlar\u0131n\u0131 ayr\u0131nt\u0131l\u0131 olarak tavsiye ederek ve g\u00f6stererek m\u00fc\u015fterilerin ihtiya\u00e7lar\u0131n\u0131 en iyi \u015fekilde nas\u0131l yorumlayaca\u011f\u0131n\u0131 bilir. \u00dcmraniye genelinde &#8221;\u00dcmraniye G\u0131c\u0131rdayan Sandalye Tamiri, \u00dcmraniye K\u0131r\u0131k Sandalye Tamir Edilir, \u00dcmraniye K\u0131r\u0131k Sandalye Aya\u011f\u0131 Tamiri&#8221; i\u00e7in Pazartesi&#8217;den Cumartesi&#8217;ye 09 : 00 \u2013 20 : 00 saatleri aras\u0131nda Yard\u0131ma ihtiyac\u0131n\u0131z olursa herhangi bir sorunuz varsa bize Whatsapp 0554 858 1312 arac\u0131l\u0131\u011f\u0131yla veya 0554 858 1312 numaral\u0131 telefondan kaliteli hizmetimiz ile yard\u0131mc\u0131 olmak i\u00e7in &#8221;\u00dcmraniye Ah\u015fap Sandalye Tamiri Yap\u0131l\u0131r. Bizi Aray\u0131n. <img decoding=\"async\" class=\"alignright wp-image-50\" src=\"https:\/\/www.onlinemarangoz.com.tr\/Umraniye\/wp-content\/uploads\/Umraniye-Sandalye-Tamircisi.jpg\" alt=\"\" width=\"230\" height=\"230\" srcset=\"https:\/\/www.onlinemarangoz.com.tr\/Umraniye\/wp-content\/uploads\/Umraniye-Sandalye-Tamircisi.jpg 300w, https:\/\/www.onlinemarangoz.com.tr\/Umraniye\/wp-content\/uploads\/Umraniye-Sandalye-Tamircisi-150x150.jpg 150w, https:\/\/www.onlinemarangoz.com.tr\/Umraniye\/wp-content\/uploads\/Umraniye-Sandalye-Tamircisi-90x90.jpg 90w\" sizes=\"(max-width: 230px) 100vw, 230px\" \/><\/p>\n<h4>\u00dcmraniye G\u0131c\u0131rdayan Sandalye Tamiri<\/h4>\n<p>\u00dcmraniye G\u0131c\u0131rdayan Sandalye Tamiri&#8221; G\u0131c\u0131rdayan bir sandalye odaklanmam\u0131z\u0131 engelleyebilir ve odan\u0131n geri kalan\u0131n\u0131 bozabilir; bu, \u00e7o\u011fumuzun evde kar\u015f\u0131la\u015ft\u0131\u011f\u0131 bir sorundur. Bir g\u0131c\u0131rt\u0131 sesinin nedenini ortadan kald\u0131rmak \u00e7o\u011fu zaman bir \u00f6nlem gibi g\u00f6r\u00fcnebilir, ancak bu sinir bozucu sesler birka\u00e7 basit malzemeyle tam olarak belirlenebilir ve kolayca d\u00fczeltilebilir. Pek \u00e7ok ki\u015fi, sandalyelerdeki a\u015f\u0131nma ve y\u0131pranma ya da montaj hatlar\u0131ndan kaynaklanan gev\u015fek ba\u011flant\u0131 noktalar\u0131n\u0131n su\u00e7lu oldu\u011fundan; uygun \u015fekilde s\u0131k\u0131lmayan ba\u011flant\u0131 noktalar\u0131 genellikle \u015f\u00fcphelidir. \u00dcmraniye G\u0131c\u0131rdayan Sandalye Tamiri&#8221; g\u0131c\u0131rt\u0131l\u0131 bir ses olarak ortaya \u00e7\u0131kabilecek a\u015f\u0131r\u0131 s\u00fcrt\u00fcnme yaratma f\u0131rsat\u0131 yarat\u0131r. Gev\u015fek donan\u0131m, c\u0131vata veya somundaki herhangi bir hareketin izlenmesi ve ard\u0131ndan buna g\u00f6re s\u0131k\u0131lmas\u0131yla tespit edilebilecek ba\u015fka bir olas\u0131 kaynakt\u0131r. Ayr\u0131ca arkal\u0131klar\u0131n\u0131n g\u0131c\u0131rdamas\u0131, altlar\u0131na do\u011fru \u015fekilde yuvarlanmayan d\u00fcbellerden kaynaklanabilir; paslanm\u0131\u015fsa bunlar de\u011fi\u015ftirilmelidir. Y\u00fcksek sesli g\u0131c\u0131rt\u0131lar evleri rahats\u0131z etmeye devam ederken, potansiyel kaynaklar\u0131n tespit edilmesi ve ba\u015far\u0131yla tedavi edilmesi nispeten kolay oluyor. <span style=\"font-size: 12pt;\"><strong><span style=\"color: #0000ff;\"><a style=\"color: #0000ff;\" href=\"https:\/\/www.onlinemarangoz.com.tr\/Umraniye\/umraniye-marangoz\/\" target=\"_blank\" rel=\"noopener\">\u00dcmraniye G\u0131c\u0131rdayan Sandalye Tamiri<\/a><\/span><\/strong>&#8216;<\/span>&#8216; Pazartesi&#8217;den Cumartesi&#8217;ye sabah 09 : 00 \u2013 Ak\u015fam 20:00 saatleri aras\u0131nda Yard\u0131ma ihtiyac\u0131n\u0131z olursa \u00dcmraniye G\u0131c\u0131rdayan Sandalye Tamiri&#8221; i\u00e7in bize Whatsapp <span style=\"font-size: 14pt; color: #339966;\"><strong><a style=\"color: #339966;\" href=\"https:\/\/wa.me\/+905548581312\" target=\"_blank\" rel=\"noopener\">0554 858 1312<\/a><\/strong><\/span> arac\u0131l\u0131\u011f\u0131yla veya 0554 858 1312 numaral\u0131 telefondan size m\u00fcmk\u00fcn olan en iyi \u00e7\u00f6z\u00fcm\u00fc sunmaya haz\u0131r\u0131z. \u00dcmraniye K\u0131r\u0131k Sandalye Aya\u011f\u0131 Tamiri&#8217; i\u00e7in bizi aray\u0131n.<\/p>\n<p><img loading=\"lazy\" decoding=\"async\" class=\"alignleft wp-image-49\" src=\"https:\/\/www.onlinemarangoz.com.tr\/Umraniye\/wp-content\/uploads\/Umraniye-Sallanan-Sandalye-Tamircisi.jpg\" alt=\"\" width=\"250\" height=\"250\" srcset=\"https:\/\/www.onlinemarangoz.com.tr\/Umraniye\/wp-content\/uploads\/Umraniye-Sallanan-Sandalye-Tamircisi.jpg 300w, https:\/\/www.onlinemarangoz.com.tr\/Umraniye\/wp-content\/uploads\/Umraniye-Sallanan-Sandalye-Tamircisi-150x150.jpg 150w, https:\/\/www.onlinemarangoz.com.tr\/Umraniye\/wp-content\/uploads\/Umraniye-Sallanan-Sandalye-Tamircisi-90x90.jpg 90w\" sizes=\"(max-width: 250px) 100vw, 250px\" \/><\/p>\n<h5>\u00dcmraniye Ah\u015fap Sandalye Tamiri Yap\u0131l\u0131r<\/h5>\n<p>\u00dcmraniye Ah\u015fap Sandalye Tamiri Yap\u0131l\u0131r : Eksiksiz bir yemek tak\u0131m\u0131 her ev i\u00e7in de\u011ferli bir varl\u0131kt\u0131r. Yemek masas\u0131 sandalyelerinizin tamire ihtiyac\u0131 varsa bizimle ileti\u015fime ge\u00e7mekten \u00e7ekinmeyin. Gev\u015fek \u00e7er\u00e7eveler, k\u0131r\u0131k bacaklar veya hasarl\u0131 k\u0131r\u0131uk ayaklar\u0131 gibi sorunlar\u0131 \u00e7\u00f6zerek sandalyelerinizin deneyiminizin konforlu ve \u015f\u0131k olmas\u0131n\u0131 sa\u011flayabiliriz. \u00dcmraniye K\u0131r\u0131k Sandalye Aya\u011f\u0131 Tamiri&#8221; Uygun Fiyatland\u0131rma ve Kaliteli \u0130\u015f\u00e7ilik m\u00fc\u015fterilerimize adil bir fiyata ola\u011fan\u00fcst\u00fc hizmet sunman\u0131n de\u011ferini anl\u0131yoruz. \u00dcmraniye Sandalye Tamir Servisi&#8221; \u00e7al\u0131\u015farak genel maliyetleri d\u00fc\u015f\u00fck tutuyoruz ve bu tasarruflar\u0131 size aktar\u0131yoruz. Kaliteli i\u015f\u00e7ili\u011fe olan ba\u011fl\u0131l\u0131\u011f\u0131m\u0131z, onar\u0131lan sandalyelerinizin sadece harika g\u00f6r\u00fcnmesini de\u011fil ayn\u0131 zamanda zamana kar\u015f\u0131 dayan\u0131kl\u0131 olmas\u0131n\u0131 da sa\u011flar. \u00dcmraniye Sandalye Tamir Servisi&#8221; Whatsapp 0554 858 1312 arac\u0131l\u0131\u011f\u0131yla veya 0554 858 1312 numaral\u0131 telefondan kaliteli hizmetimiz ile yard\u0131mc\u0131 olmak i\u00e7in &#8221;<span style=\"color: #ff0000;\"><span style=\"font-size: 12pt;\"><a style=\"color: #ff0000;\" href=\"https:\/\/www.onlinemarangoz.com.tr\/Umraniye\/umraniye-sandalye-tamiri\/\" target=\"_blank\" rel=\"noopener\"><strong>\u00dcmraniye Ah\u015fap Sandalye Tamiri Yap\u0131l\u0131r<\/strong><\/a><\/span>.<\/span> Bizi Aray\u0131n.<\/p>\n<table style=\"border-collapse: collapse; width: 100%;\">\n<tbody>\n<tr>\n<td style=\"width: 50%;\">\n<h6 class=\"western\" align=\"CENTER\"><strong><span style=\"font-size: large;\"><b>\u00dcmraniye Sandalye Tamiri<\/b><\/span><\/strong><strong> Hakk\u0131m\u0131zda WHATSAPP \u00dczerinden Bize Ula\u015f\u0131n.<\/strong><\/h6>\n<p align=\"CENTER\">Bizimle Whatsapp arac\u0131l\u0131\u011f\u0131yla ileti\u015fime ge\u00e7meyi tercih ederseniz a\u015fa\u011f\u0131daki <strong><span style=\"font-size: x-large;\"><a href=\"https:\/\/wa.me\/+905548581312\" target=\"_blank\" rel=\"noopener\">0554 858 1312<\/a> <\/span><\/strong>t\u0131klay\u0131n;<\/p>\n<\/td>\n<td style=\"width: 50%;\">\n<h6 class=\"western\" align=\"CENTER\"><strong><span style=\"font-size: large;\"><b>\u00dcmraniye Sandalye Tamiri <\/b><\/span><\/strong><strong>Telefon \u00dczerinden Bize Ula\u015f\u0131n.<\/strong><\/h6>\n<p align=\"CENTER\">Bizimle Telefon arac\u0131l\u0131\u011f\u0131yla ileti\u015fime ge\u00e7meyi tercih ederseniz a\u015fa\u011f\u0131daki <strong><span style=\"font-size: x-large;\"><a href=\"tel:\/\/+905548581312\" target=\"_blank\" rel=\"noopener\">0554 858 1312<\/a> <\/span><\/strong>t\u0131klay\u0131n;<\/p>\n<\/td>\n<\/tr>\n<\/tbody>\n<\/table>\n\n\n<div class=\"kk-star-ratings kksr-auto kksr-align-left kksr-valign-bottom\"\n    data-payload='{&quot;align&quot;:&quot;left&quot;,&quot;id&quot;:&quot;756&quot;,&quot;slug&quot;:&quot;default&quot;,&quot;valign&quot;:&quot;bottom&quot;,&quot;ignore&quot;:&quot;&quot;,&quot;reference&quot;:&quot;auto&quot;,&quot;class&quot;:&quot;&quot;,&quot;count&quot;:&quot;2&quot;,&quot;legendonly&quot;:&quot;&quot;,&quot;readonly&quot;:&quot;&quot;,&quot;score&quot;:&quot;5&quot;,&quot;starsonly&quot;:&quot;&quot;,&quot;best&quot;:&quot;5&quot;,&quot;gap&quot;:&quot;5&quot;,&quot;greet&quot;:&quot;\u00dcmraniye Marangoz \u2b50&quot;,&quot;legend&quot;:&quot;\u00dcmraniye Marangoz Ustas\u0131 \u2b50 2&quot;,&quot;size&quot;:&quot;24&quot;,&quot;title&quot;:&quot;\u00dcmraniye Sandalye Tamiri&quot;,&quot;width&quot;:&quot;142.5&quot;,&quot;_legend&quot;:&quot;\u00dcmraniye Marangoz Ustas\u0131 \u2b50 {count}&quot;,&quot;font_factor&quot;:&quot;1.25&quot;}'>\n            \n<div class=\"kksr-stars\">\n    \n<div class=\"kksr-stars-inactive\">\n            <div class=\"kksr-star\" data-star=\"1\" style=\"padding-right: 5px\">\n            \n\n<div class=\"kksr-icon\" style=\"width: 24px; height: 24px;\"><\/div>\n        <\/div>\n            <div class=\"kksr-star\" data-star=\"2\" style=\"padding-right: 5px\">\n            \n\n<div class=\"kksr-icon\" style=\"width: 24px; height: 24px;\"><\/div>\n        <\/div>\n            <div class=\"kksr-star\" data-star=\"3\" style=\"padding-right: 5px\">\n            \n\n<div class=\"kksr-icon\" style=\"width: 24px; height: 24px;\"><\/div>\n        <\/div>\n            <div class=\"kksr-star\" data-star=\"4\" style=\"padding-right: 5px\">\n            \n\n<div class=\"kksr-icon\" style=\"width: 24px; height: 24px;\"><\/div>\n        <\/div>\n            <div class=\"kksr-star\" data-star=\"5\" style=\"padding-right: 5px\">\n            \n\n<div class=\"kksr-icon\" style=\"width: 24px; height: 24px;\"><\/div>\n        <\/div>\n    <\/div>\n    \n<div class=\"kksr-stars-active\" style=\"width: 142.5px;\">\n            <div class=\"kksr-star\" style=\"padding-right: 5px\">\n            \n\n<div class=\"kksr-icon\" style=\"width: 24px; height: 24px;\"><\/div>\n        <\/div>\n            <div class=\"kksr-star\" style=\"padding-right: 5px\">\n            \n\n<div class=\"kksr-icon\" style=\"width: 24px; height: 24px;\"><\/div>\n        <\/div>\n            <div class=\"kksr-star\" style=\"padding-right: 5px\">\n            \n\n<div class=\"kksr-icon\" style=\"width: 24px; height: 24px;\"><\/div>\n        <\/div>\n            <div class=\"kksr-star\" style=\"padding-right: 5px\">\n            \n\n<div class=\"kksr-icon\" style=\"width: 24px; height: 24px;\"><\/div>\n        <\/div>\n            <div class=\"kksr-star\" style=\"padding-right: 5px\">\n            \n\n<div class=\"kksr-icon\" style=\"width: 24px; height: 24px;\"><\/div>\n        <\/div>\n    <\/div>\n<\/div>\n                \n\n<div class=\"kksr-legend\" style=\"font-size: 19.2px;\">\n            \u00dcmraniye Marangoz Ustas\u0131 \u2b50 2    <\/div>\n    <\/div>\n","protected":false},"excerpt":{"rendered":"<p>\u00dcmraniye Sandalye Tamiri ! Sandalye Tamircisi Telefon : 0554 858 1312 \u0130stanbul Anadolu Yakas\u0131 \u00dcmraniye Sandalye Tamiri&#8221; Sandalye zamanla gev\u015fedik\u00e7e, bile\u015fenlerin ba\u011fland\u0131\u011f\u0131 yerlerde a\u015f\u0131r\u0131 gerilimli noktalar olu\u015fur ve bu da k\u0131r\u0131lmalara neden olabilir. Stresli noktalar\u0131n var olmamas\u0131n\u0131 sa\u011flamak i\u00e7in sandalyeyi&#8230; <a class=\"di-continue-reading\" href=\"https:\/\/www.onlinemarangoz.com.tr\/Umraniye\/umraniye-sandalye-tamiri\/\"> Continue Reading&#8230;<\/a><\/p>\n","protected":false},"author":1,"featured_media":0,"parent":0,"menu_order":5000,"comment_status":"closed","ping_status":"open","template":"","meta":{"footnotes":""},"categories":[1],"tags":[893,890,892,891,889,888],"class_list":["post-756","page","type-page","status-publish","hentry","category-umraniye-mobilya-tamir-montaj-servisi","tag-umraniye-ahsap-sandalye-tamiri-yapilir","tag-umraniye-gicirdayan-sandalye-tamiri","tag-umraniye-kirik-sandalye-ayagi-tamiri","tag-umraniye-kirik-sandalye-tamir-edilir","tag-umraniye-sandalye-tamir-servisi","tag-umraniye-sandalye-tamiri"],"_links":{"self":[{"href":"https:\/\/www.onlinemarangoz.com.tr\/Umraniye\/wp-json\/wp\/v2\/pages\/756","targetHints":{"allow":["GET"]}}],"collection":[{"href":"https:\/\/www.onlinemarangoz.com.tr\/Umraniye\/wp-json\/wp\/v2\/pages"}],"about":[{"href":"https:\/\/www.onlinemarangoz.com.tr\/Umraniye\/wp-json\/wp\/v2\/types\/page"}],"author":[{"embeddable":true,"href":"https:\/\/www.onlinemarangoz.com.tr\/Umraniye\/wp-json\/wp\/v2\/users\/1"}],"replies":[{"embeddable":true,"href":"https:\/\/www.onlinemarangoz.com.tr\/Umraniye\/wp-json\/wp\/v2\/comments?post=756"}],"version-history":[{"count":0,"href":"https:\/\/www.onlinemarangoz.com.tr\/Umraniye\/wp-json\/wp\/v2\/pages\/756\/revisions"}],"wp:attachment":[{"href":"https:\/\/www.onlinemarangoz.com.tr\/Umraniye\/wp-json\/wp\/v2\/media?parent=756"}],"wp:term":[{"taxonomy":"category","embeddable":true,"href":"https:\/\/www.onlinemarangoz.com.tr\/Umraniye\/wp-json\/wp\/v2\/categories?post=756"},{"taxonomy":"post_tag","embeddable":true,"href":"https:\/\/www.onlinemarangoz.com.tr\/Umraniye\/wp-json\/wp\/v2\/tags?post=756"}],"curies":[{"name":"wp","href":"https:\/\/api.w.org\/{rel}","templated":true}]}}