{"id":1007,"date":"2025-01-20T21:22:42","date_gmt":"2025-01-20T18:22:42","guid":{"rendered":"https:\/\/www.onlinemarangoz.com.tr\/Uskudar\/?page_id=1007"},"modified":"2025-01-20T21:25:59","modified_gmt":"2025-01-20T18:25:59","slug":"uskudar-dolap-kapak-mentese-tamiri","status":"publish","type":"page","link":"https:\/\/www.onlinemarangoz.com.tr\/Uskudar\/uskudar-dolap-kapak-mentese-tamiri\/","title":{"rendered":"\u00dcsk\u00fcdar Dolap Kapak Mente\u015fe Tamiri"},"content":{"rendered":"<p>\u00dcsk\u00fcdar Dolap Kapak Mente\u015fe Tamiri, Dolab\u0131n\u0131z daha iyi g\u00fcnler g\u00f6rd\u00fcyse ve bir onar\u0131ma ihtiyac\u0131 varsa, endi\u015felenmeyin! \u00dcsk\u00fcdar Dolap Mente\u015fe Tamir Hizmeti, marangozlar\u0131m\u0131z, dolap mente\u015felerinizin k\u0131sa s\u00fcrede en iyi \u015fekline geri d\u00f6nmesine yard\u0131mc\u0131 olabilir. Sadece mente\u015feleri onararak veya de\u011fi\u015ftirerek dolab\u0131n\u0131z yepyeni gibi olacakt\u0131r. Gard\u0131rop dolap onar\u0131mlar\u0131 ve yan \u00e7ekmece mente\u015felerinin de\u011fi\u015ftirilmesi konusunda uzmanla\u015ft\u0131k.<\/p>\n<p><img fetchpriority=\"high\" decoding=\"async\" class=\"size-full wp-image-1281 alignright\" src=\"https:\/\/www.onlinemarangoz.com.tr\/Uskudar\/wp-content\/uploads\/Dolap-Kapak-Mentese-Tamir-Uskudar.jpg\" alt=\"\u00dcsk\u00fcdar Dolap Kapak Mente\u015fe Tamiri\" width=\"500\" height=\"280\" srcset=\"https:\/\/www.onlinemarangoz.com.tr\/Uskudar\/wp-content\/uploads\/Dolap-Kapak-Mentese-Tamir-Uskudar.jpg 500w, https:\/\/www.onlinemarangoz.com.tr\/Uskudar\/wp-content\/uploads\/Dolap-Kapak-Mentese-Tamir-Uskudar-300x168.jpg 300w\" sizes=\"(max-width: 500px) 100vw, 500px\" \/><\/p>\n<p>\u00dcsk\u00fcdar Dolap Kapak Mente\u015fe Tamiri, Hizmetlerimiz, Mutfak Dolab\u0131 Mente\u015fe Tamiri, Dolap Kap\u0131 Mente\u015fesi De\u011fi\u015fimi, Mutfak Dolab\u0131 Donan\u0131m Onar\u0131m\u0131, Dolap Mente\u015fe Montaj Hizmeti, Dolap Mente\u015fesi Onar\u0131m Uzman\u0131, Dolap Kap\u0131 Pivot Onar\u0131m\u0131, Mutfak Dolab\u0131 Mente\u015fe Restorasyonu, Dolap Kap\u0131 Mente\u015fe Tamiri, Dolap Donan\u0131m Kurulumu, Dolap Mente\u015fe Bak\u0131m Hizmeti, G\u0131c\u0131rdayan mente\u015feler, Genel a\u015f\u0131nma ve y\u0131pranma, Mente\u015feler gerekti\u011fi gibi \u00e7al\u0131\u015fm\u0131yor, Kap\u0131 a\u015fa\u011f\u0131 do\u011fru sarkmaya ba\u015flad\u0131, Kap\u0131 kilidi hizalanm\u0131yor, \u00dcsk\u00fcdar Dolap Kapak Mente\u015fe Tamir Servisi, Dolap mente\u015felerinde s\u0131k\u00e7a g\u00f6rd\u00fc\u011f\u00fcm\u00fcz sorunlar; ah\u015fab\u0131n genle\u015fmesi sonucu gev\u015feme, neme maruz kalma sonucu paslanma ve a\u015f\u0131nma ve y\u0131pranma sonucu yumu\u015fak kapanan hidrolik damperinin bozulmas\u0131d\u0131r. <span style=\"color: #0000ff;\"><strong><a style=\"color: #0000ff;\" href=\"https:\/\/www.onlinemarangoz.com.tr\/dolap-kapak-mentese-tamiri\/\" target=\"_blank\" rel=\"noopener\">\u00dcsk\u00fcdar Dolap Kapak Mente\u015fe Tamiri<\/a><\/strong><\/span>, Ustam\u0131z a\u015f\u0131nm\u0131\u015f ve hasarl\u0131 mente\u015feleri de\u011fi\u015ftirir ve dolap mente\u015fe sorunlar\u0131n\u0131 gidermek i\u00e7in paslanmaz \u00e7elik destek plakalar\u0131 takar. Ayr\u0131ca her \u015feyin yepyeni gibi \u00e7al\u0131\u015fmas\u0131n\u0131 sa\u011flamak i\u00e7in kap\u0131lar\u0131 yeniden hizalar\u0131z.<\/p>\n<h2 class=\"western\">\u00dcsk\u00fcdar Dolap Kapak Mente\u015fe Tamiri.<\/h2>\n<p>\u00dcsk\u00fcdar Profesyonel Dolap Kapak Mente\u015fe Tamir Ustas\u0131, Dolaplar\u0131n de\u011fi\u015ftirilmesinin pahal\u0131 olabilece\u011fini anl\u0131yoruz, bu nedenle \u00e7ok daha uygun fiyatl\u0131 bir onar\u0131m hizmeti sunuyoruz. Ayr\u0131ca t\u00fcm i\u015flerimiz i\u00e7in bir garanti sunuyoruz, b\u00f6ylece onar\u0131m\u0131n\u0131z\u0131n uzun s\u00fcre dayanaca\u011f\u0131ndan emin olabilirsiniz. <span style=\"color: #0000ff;\"><strong><a style=\"color: #0000ff;\" href=\"https:\/\/www.onlinemarangoz.com.tr\/\" target=\"_blank\" rel=\"noopener\">\u00dcsk\u00fcdar Dolap Kapak Mente\u015fe Tamir Ustas\u0131<\/a><\/strong><\/span>, Daha fazla beklemeyin bizi aray\u0131n ve bir g\u00f6r\u00fc\u015fme planlay\u0131n. Son olarak, sorular\u0131n\u0131z\u0131 yan\u0131tlamaktan ve hizmetlerimiz i\u00e7in size \u00fccretsiz bir teklif vermekten mutluluk duyar\u0131z.<\/p>\n<p><img decoding=\"async\" class=\"alignleft wp-image-1282\" style=\"letter-spacing: 0.5px; word-spacing: 0.5px;\" src=\"https:\/\/www.onlinemarangoz.com.tr\/Uskudar\/wp-content\/uploads\/Dolap-Kapak-Mentese-Tamiri.jpg\" alt=\"\u00dcsk\u00fcdar Profesyonel Dolap Kapak Mente\u015fe Tamir Ustas\u0131\" width=\"200\" height=\"200\" srcset=\"https:\/\/www.onlinemarangoz.com.tr\/Uskudar\/wp-content\/uploads\/Dolap-Kapak-Mentese-Tamiri.jpg 250w, https:\/\/www.onlinemarangoz.com.tr\/Uskudar\/wp-content\/uploads\/Dolap-Kapak-Mentese-Tamiri-150x150.jpg 150w, https:\/\/www.onlinemarangoz.com.tr\/Uskudar\/wp-content\/uploads\/Dolap-Kapak-Mentese-Tamiri-90x90.jpg 90w\" sizes=\"(max-width: 200px) 100vw, 200px\" \/><\/p>\n<p>\u00dcsk\u00fcdar Profesyonel Dolap Kapak Mente\u015fe Tamir Ustas\u0131, Pazartesiden cumartesiye, sabah 9:00&#8217;dan ak\u015fam 20:00&#8217;ya kadar \u00dcsk\u00fcdar Dolap Kapak Mente\u015fe Tamir Ustas\u0131 Telefon 0554 858 1312 numaral\u0131 telefondan arayabilirsiniz Ve m\u00fcmk\u00fcn oldu\u011funca ve genellikle \u00e7al\u0131\u015fma saatlerimizin d\u0131\u015f\u0131nda da sorulara yan\u0131t veriyoruz. \u00dcsk\u00fcdar Dolap Kapak Mente\u015fe Tamir Ustas\u0131 \u0130leti\u015fim 0554 858 1312. g\u00fcvenilir ve tutarl\u0131 onar\u0131m, bak\u0131m ve kurulum hizmetleri sa\u011flamak i\u00e7in var\u0131z.<\/p>\n<p>\u00dcsk\u00fcdar Dolap Kapak Mente\u015fe Tamiri, kar\u015f\u0131la\u015ft\u0131\u011f\u0131 t\u00fcm ev bak\u0131m sorunlar\u0131n\u0131 \u00e7\u00f6zmek i\u00e7in size en h\u0131zl\u0131 \u00e7\u00f6z\u00fcm\u00fc sunar. H\u0131zl\u0131 yan\u0131t, h\u0131zl\u0131 d\u00fczenlemeler ve makul ve uygun fiyatlarla kaliteli i\u015f\u00e7ilik. \u00dcsk\u00fcdar Dolap Kapak Mente\u015fe Tamir Servisi, \u00f6nde gelen g\u00fcvenilir bir hizmet sa\u011flay\u0131c\u0131s\u0131 olarak, profesyonel tamirci ekiplerimiz ola\u011fan\u00fcst\u00fc hizmet sunarak hizmet verdik. \u00dcsk\u00fcdar Profesyonel Dolap Kapak Mente\u015fe Tamir Ustas\u0131, Hizmeti, hakk\u0131nda daha fazla bilgi edinmek i\u00e7in ge\u00e7mi\u015f \u00e7al\u0131\u015fmalar\u0131m\u0131za g\u00f6z at\u0131n. Ev onar\u0131m sorunlar\u0131n\u0131za h\u0131zl\u0131 bir \u00e7\u00f6z\u00fcm bulmak i\u00e7in, \u00f6zel ve h\u0131zl\u0131 yan\u0131t veren, <span style=\"color: #ff0000;\"><strong><a style=\"color: #ff0000;\" href=\"https:\/\/www.onlinemarangoz.com.tr\/Uskudar\/uskudar-dolap-kapak-mentese-tamiri\/\" target=\"_blank\" rel=\"noopener\">\u00dcsk\u00fcdar Dolap Mente\u015fe Tamir Hizmeti<\/a><\/strong><\/span>, deste\u011fimizle +0554 858 1312 numaral\u0131 WhatsApp&#8217; tan veya \u00dcsk\u00fcdar Dolap Kapak Mente\u015fe Tamir Ustas\u0131 Telefon +0554 858 1312 numaral\u0131 telefondan bir resim veya k\u0131sa bir mesajla \u00dcsk\u00fcdar Dolap Kapak Mente\u015fe Tamir Ustas\u0131 \u0130leti\u015fim, ge\u00e7in. Bizi Aray\u0131n.<\/p>\n<h3 class=\"western\">\u00dcsk\u00fcdar Dolap Kapak Mente\u015fe Tamir Servisi.<\/h3>\n<p>\u00dcsk\u00fcdar Dolap Kapak Mente\u015fe Tamir Servisi, Eski dolap mente\u015felerinizi yenileriyle de\u011fi\u015ftirmek istiyorsan\u0131z ve \u00dcsk\u00fcdar yak\u0131n\u0131mda \u00dcsk\u00fcdar Profesyonel Dolap Kapak Mente\u015fe Tamir Ustas\u0131, ar\u0131yorsan\u0131z sizin i\u00e7in burada. \u00dcsk\u00fcdar Dolap Mente\u015fe Tamir Hizmeti, dolap kap\u0131 mente\u015fesi de\u011fi\u015fimi ve banyo dolab\u0131 mente\u015fesi tamiri i\u00e7in profesyonel tamirciler sunar. Hi\u00e7bir sorun ya\u015famadan dolab\u0131n\u0131z\u0131 kullanmaya geri d\u00f6nebilirsiniz.<\/p>\n<p><img decoding=\"async\" class=\"wp-image-1283 alignright\" src=\"https:\/\/www.onlinemarangoz.com.tr\/Uskudar\/wp-content\/uploads\/Dolap-Kapak-Mentese-Tamir-Ustasi-Uskudar.jpg\" alt=\"Dolap Kapak Mente\u015fe Tamir Servisi\" width=\"222\" height=\"222\" srcset=\"https:\/\/www.onlinemarangoz.com.tr\/Uskudar\/wp-content\/uploads\/Dolap-Kapak-Mentese-Tamir-Ustasi-Uskudar.jpg 400w, https:\/\/www.onlinemarangoz.com.tr\/Uskudar\/wp-content\/uploads\/Dolap-Kapak-Mentese-Tamir-Ustasi-Uskudar-300x300.jpg 300w, https:\/\/www.onlinemarangoz.com.tr\/Uskudar\/wp-content\/uploads\/Dolap-Kapak-Mentese-Tamir-Ustasi-Uskudar-150x150.jpg 150w, https:\/\/www.onlinemarangoz.com.tr\/Uskudar\/wp-content\/uploads\/Dolap-Kapak-Mentese-Tamir-Ustasi-Uskudar-90x90.jpg 90w\" sizes=\"(max-width: 222px) 100vw, 222px\" \/><\/p>\n<p>\u00dcsk\u00fcdar Dolap Kapak Mente\u015fe Tamir Servisi, K\u0131r\u0131k mutfak dolab\u0131 kap\u0131 mente\u015fenizi tamir edecek birini mi ar\u0131yorsunuz? Ya da t\u00fcm dolap kapaklar\u0131n\u0131 do\u011fru \u015fekilde a\u00e7\u0131lmalar\u0131 ve d\u00fczg\u00fcn g\u00f6r\u00fcnmeleri i\u00e7in yeniden hizalayacak birini mi? Ayr\u0131ca hasarl\u0131 lavabo dolab\u0131 destekleri ve entegre cihaz kapa\u011f\u0131 de\u011fi\u015fimi gibi daha karma\u015f\u0131k onar\u0131mlar\u0131 da kaps\u0131yoruz. O zaman, \u00dcsk\u00fcdar Dolap Kapak Mente\u015fe Tamir Servisi, hizmeti sizin i\u00e7in profesyonel, y\u00fcksek kaliteli bir hizmettir. \u00dcsk\u00fcdar Dolap Kapak Mente\u015fe Tamir Servisi, hizmetlerimiz hakk\u0131nda daha fazla bilgi edinmek i\u00e7in web sitemizdeki farkl\u0131 sayfalara gidebilir veya\u00a0\u00a0ileti\u015fim y\u00f6ntemlerimizden biri arac\u0131l\u0131\u011f\u0131yla bizimle ileti\u015fime ge\u00e7ebilirsiniz, \u00dcsk\u00fcdar Dolap Kapak Mente\u015fe Tamir Ustas\u0131 Telefon, Herhangi bir sorunuz varsa ve size yard\u0131mc\u0131 olabilece\u011fimiz bir konu varsa istedi\u011finiz zaman ekibimize ula\u015fmaktan \u00e7ekinmeyin bizi aray\u0131n.<\/p>\n<p align=\"CENTER\">\u00dcsk\u00fcdar Dolap Kapak Mente\u015fe Tamir Servisi, hizmeti veriyoruz. Hizmetlerimiz haftada 6 g\u00fcn sabah 09:00 \u2013 Ak\u015fam 20:00 saatleri aras\u0131nda mevcuttur ( hafta sonu rezervasyonlar\u0131 i\u00e7in ek \u00fccret al\u0131nmaz) \u00dcsk\u00fcdar Dolap Kapak Mente\u015fe Tamir Servisi, Rakipsiz bir teklif ve harika bir hizmet istiyorsan\u0131z l\u00fctfen sizin i\u00e7in uygun oldu\u011funda WhatsApp&#8217; tan mesaj atmaktan veya bizi \u21d4 0554 858 1312 \u21d4 Telefonla yard\u0131ma ihtiyac\u0131n\u0131z varsa l\u00fctfen bizi aray\u0131n. <span style=\"color: #ff0000;\"><strong><a style=\"color: #ff0000;\" href=\"https:\/\/www.onlinemarangoz.com.tr\/Uskudar\/\" target=\"_blank\" rel=\"noopener\">\u00dcsk\u00fcdar Dolap Kapak Mente\u015fe Tamir Servisi<\/a><\/strong><\/span>, Aray\u0131n amac\u0131m\u0131z size m\u00fcmk\u00fcn olan en iyi hizmeti sunmakt\u0131r.<\/p>\n<h3 class=\"western\">Dolap Kap\u0131 Mente\u015fesi \u00c7e\u015fitleri.<\/h3>\n<ul>\n<li>U\u00e7 Mente\u015feler : Bu geleneksel mente\u015feler dolab\u0131n d\u0131\u015f taraf\u0131nda g\u00f6r\u00fcn\u00fcr ve dayan\u0131kl\u0131l\u0131klar\u0131 ve sa\u011flaml\u0131klar\u0131yla bilinirler.<\/li>\n<li>Tas Mente\u015feler : Genellikle modern dolaplarda kullan\u0131lan bu mente\u015feler, dolap kapa\u011f\u0131n\u0131n i\u00e7ine gizlenerek \u015f\u0131k ve minimaliz bir g\u00f6r\u00fcn\u00fcm yarat\u0131r.<\/li>\n<li>Pivot Mente\u015feler : A\u011f\u0131r dolap kapaklar\u0131 i\u00e7in ideal olan pivot mente\u015feler, kap\u0131n\u0131n tek bir noktada a\u00e7\u0131lmas\u0131n\u0131 sa\u011flayarak benzersiz bir estetik ve i\u015flevsellik sa\u011flar.<\/li>\n<li>Gizli Mente\u015feler : Ad\u0131ndan da anla\u015f\u0131laca\u011f\u0131 gibi, bu mente\u015feler dolap kapa\u011f\u0131 kapal\u0131yken g\u00f6r\u00fcnmez hale gelerek temiz ve kusursuz bir g\u00f6r\u00fcn\u00fcm sunar.<\/li>\n<\/ul>\n<p><img loading=\"lazy\" decoding=\"async\" class=\"size-full wp-image-1288 alignleft\" src=\"https:\/\/www.onlinemarangoz.com.tr\/Uskudar\/wp-content\/uploads\/Kirik-Dolap-Kapak-Mentese-Tamiri.jpg\" alt=\"\" width=\"236\" height=\"214\" \/><\/p>\n<h3 class=\"western\">Yayg\u0131n Mente\u015fe Sorunlar\u0131.<\/h3>\n<ul>\n<li>G\u0131c\u0131rdayan Mente\u015feler : Zamanla, mente\u015fe bile\u015fenlerindeki s\u00fcrt\u00fcnme ve a\u015f\u0131nma nedeniyle rahats\u0131z edici g\u0131c\u0131rt\u0131 sesleri geli\u015febilir.<\/li>\n<li>Gev\u015fek Mente\u015feler : Gev\u015fek mente\u015feler, dolap kapaklar\u0131n\u0131n hizas\u0131 olmas\u0131na ve d\u00fczg\u00fcn bir \u015fekilde kapat\u0131lmas\u0131nda zorlu\u011fa yol a\u00e7abilir.<\/li>\n<li>Yanl\u0131\u015f Hizalanm\u0131\u015f Mente\u015feler : Dolap kapaklar\u0131 do\u011fru \u015fekilde hizalanmad\u0131\u011f\u0131nda, hem g\u00f6rsel olarak ho\u015f g\u00f6r\u00fcnmeyebilir hem de i\u015flevsel olarak hayal k\u0131r\u0131kl\u0131\u011f\u0131 yaratabilir.<\/li>\n<li>K\u0131r\u0131k Mente\u015feler : K\u0131r\u0131k mente\u015feler dolap kapa\u011f\u0131n\u0131 kullan\u0131lamaz hale getirebilir ve acil m\u00fcdahale gerektirebilir.<\/li>\n<\/ul>\n<table style=\"border-collapse: collapse; width: 100%;\">\n<tbody>\n<tr>\n<td style=\"width: 50%;\">\n<h3 class=\"western\" style=\"text-align: center;\">Dolap Kap\u0131 Mente\u015fesi Onar\u0131m Hizmetlerimiz.<\/h3>\n<p style=\"text-align: center;\">Deneyimli profesyonellerden olu\u015fan ekibimiz, dolap mente\u015felerinizi en iyi durumlar\u0131na geri d\u00f6nd\u00fcrmeye adanm\u0131\u015ft\u0131r. \u015eunlar\u0131 i\u00e7eren kapsaml\u0131 bir onar\u0131m hizmeti sunuyoruz:<\/p>\n<\/td>\n<td style=\"width: 50%;\">\n<h4 class=\"western\" style=\"text-align: center;\">Mente\u015fe Sorunlar\u0131n\u0131n \u0130ncelenmesi ve Te\u015fhisi.<\/h4>\n<p style=\"text-align: center;\">Kapsaml\u0131 inceleme, dolap kapa\u011f\u0131 mente\u015felerinizi etkileyen belirli sorunlar\u0131 belirlememize yard\u0131mc\u0131 olur. \u0130ster yanl\u0131\u015f hizalama, ister gev\u015fek bir vida veya k\u0131r\u0131k bir mente\u015fe olsun, sorunu tam olarak belirleriz.<\/p>\n<\/td>\n<\/tr>\n<\/tbody>\n<\/table>\n<table style=\"border-collapse: collapse; width: 100%;\">\n<tbody>\n<tr>\n<td style=\"width: 33.3333%;\">\n<h5 class=\"western\" style=\"text-align: center;\">Mente\u015felerin Onar\u0131m\u0131 veya De\u011fi\u015ftirilmesi.<\/h5>\n<p style=\"text-align: center;\">Mente\u015fe sorunlar\u0131n\u0131n ciddiyetine ba\u011fl\u0131 olarak, mevcut mente\u015feleri onarmay\u0131 veya bunlar\u0131 y\u00fcksek kaliteli yedeklerle de\u011fi\u015ftirmeyi i\u00e7erebilen \u00e7\u00f6z\u00fcmler sunuyoruz. Amac\u0131m\u0131z, dolap kapaklar\u0131n\u0131z\u0131n sorunsuz \u00e7al\u0131\u015fmas\u0131n\u0131 ve harika g\u00f6r\u00fcnmesini sa\u011flamakt\u0131r.<\/p>\n<\/td>\n<td style=\"width: 33.3333%;\">\n<h6 class=\"western\" style=\"text-align: center;\">Dolap Kap\u0131 Mente\u015fesi Onar\u0131m Hizmetlerimizin Faydalar\u0131.<\/h6>\n<p style=\"text-align: center;\">Dolap kapa\u011f\u0131 mente\u015felerinizi onararak veya de\u011fi\u015ftirerek i\u015flevsellikte \u00f6nemli bir iyile\u015fme ya\u015fayacaks\u0131n\u0131z. G\u0131c\u0131rdayan veya hizas\u0131 kapaklarla u\u011fra\u015fman\u0131za gerek kalmayacak. Dolaplar\u0131n\u0131z sorunsuz ve zahmetsizce \u00e7al\u0131\u015facak.<\/p>\n<\/td>\n<td style=\"width: 33.3333%;\">\n<h3 class=\"western\" style=\"text-align: center;\">Geli\u015ftirilmi\u015f Estetik G\u00f6r\u00fcn\u00fcm.<\/h3>\n<p style=\"text-align: center;\">Dolap kapaklar\u0131 mutfa\u011f\u0131n\u0131zda veya ya\u015fam alan\u0131n\u0131zda \u00f6ne \u00e7\u0131kan bir \u00f6zelliktir. Hizalama bozuklu\u011fu veya k\u0131r\u0131k mente\u015feler gibi estetik sorunlar dolaplar\u0131n\u0131z\u0131n genel g\u00fczelli\u011fini bozabilir. Onar\u0131m hizmetlerimiz dolaplar\u0131n\u0131z\u0131n kusursuz ve \u00e7ekici g\u00f6r\u00fcn\u00fcm\u00fcn\u00fc geri kazand\u0131racakt\u0131r.<\/p>\n<\/td>\n<\/tr>\n<\/tbody>\n<\/table>\n<table style=\"border-collapse: collapse; width: 100%;\">\n<tbody>\n<tr>\n<td style=\"width: 50%;\">\n<h4 class=\"western\" style=\"text-align: center;\">Maliyet Tasarrufu.<\/h4>\n<p style=\"text-align: center;\">Tam dolap de\u011fi\u015fimi yerine mente\u015fe onar\u0131m\u0131n\u0131 tercih etmek maliyet a\u00e7\u0131s\u0131ndan etkili bir tercihtir. Mevcut mente\u015felerinizi onarmak, tamamen yeni dolaplar sat\u0131n alman\u0131n maliyetine k\u0131yasla size \u00f6nemli miktarda tasarruf sa\u011flayabilir.<\/p>\n<\/td>\n<td style=\"width: 50%;\">\n<h6 class=\"western\" style=\"text-align: center;\">Daha Fazla Hasar\u0131 \u00d6nlemek.<\/h6>\n<p style=\"text-align: center;\">Mente\u015fe sorunlar\u0131n\u0131 g\u00f6rmezden gelmek zamanla daha kapsaml\u0131 hasarlara yol a\u00e7abilir. Sorunlar\u0131 derhal ele almak gelecekte maliyetli onar\u0131mlar\u0131 veya de\u011fi\u015fimleri \u00f6nlemeye yard\u0131mc\u0131 olur.<\/p>\n<\/td>\n<\/tr>\n<\/tbody>\n<\/table>\n<h3 class=\"western\" style=\"text-align: center;\">Neden Hizmetlerimizi Se\u00e7melisiniz.<\/h3>\n<table border=\"0\" width=\"643\" cellspacing=\"0\" cellpadding=\"2\">\n<tbody>\n<tr>\n<td width=\"217\">\n<p align=\"CENTER\">\u00dcsk\u00fcdar Dolap Kapak Mente\u015fe Tamiri Uzmanl\u0131k: Ekibimiz, dolap mente\u015fesi tamiri konusunda y\u0131llar\u0131n deneyimine sahip, yetenekli profesyonellerden olu\u015fmaktad\u0131r.<\/p>\n<\/td>\n<td width=\"177\">\n<p align=\"CENTER\">\u00dcsk\u00fcdar Dolap Kapak Mente\u015fe Tamiri Kalite: Uzun \u00f6m\u00fcrl\u00fc sonu\u00e7lar sa\u011flamak i\u00e7in y\u00fcksek kaliteli malzemeler ve yedek mente\u015feler kullan\u0131yoruz.<\/p>\n<\/td>\n<td width=\"237\">\n<p align=\"CENTER\">\u00dcsk\u00fcdar Dolap Kapak Mente\u015fe Tamiri M\u00fc\u015fteri Memnuniyeti: Amac\u0131m\u0131z sizin memnuniyetinizdir. Ola\u011fan\u00fcst\u00fc sonu\u00e7lar sunmaktan ve beklentilerinizi a\u015fmaktan gurur duyuyoruz.<\/p>\n<\/td>\n<\/tr>\n<\/tbody>\n<\/table>\n<h6 class=\"western\" style=\"text-align: center;\">Bug\u00fcn Bizimle \u00dcsk\u00fcdar Dolap Kapak Mente\u015fe Tamir Ustas\u0131 \u0130leti\u015fim Ge\u00e7in.<\/h6>\n<p>Ar\u0131zal\u0131 dolap kapa\u011f\u0131 mente\u015felerinin sizi daha fazla rahats\u0131z etmesine izin vermeyin. Profesyonel mente\u015fe onar\u0131m hizmetlerimizle dolaplar\u0131n\u0131z\u0131n i\u015flevselli\u011fini ve g\u00fczelli\u011fini geri kazand\u0131r\u0131n. Bug\u00fcn bizimle ileti\u015fime ge\u00e7erek sorunsuz \u00e7al\u0131\u015fan dolap kapaklar\u0131n\u0131n avantajlar\u0131ndan yararlanmaya haz\u0131r olun.<\/p>\n<p><img loading=\"lazy\" decoding=\"async\" class=\"alignright wp-image-1294\" src=\"https:\/\/www.onlinemarangoz.com.tr\/Uskudar\/wp-content\/uploads\/Profesyonel-Dolap-Kapak-Mentese-Tamir-Ustasi-300x300.jpg\" alt=\"\" width=\"190\" height=\"190\" srcset=\"https:\/\/www.onlinemarangoz.com.tr\/Uskudar\/wp-content\/uploads\/Profesyonel-Dolap-Kapak-Mentese-Tamir-Ustasi-300x300.jpg 300w, https:\/\/www.onlinemarangoz.com.tr\/Uskudar\/wp-content\/uploads\/Profesyonel-Dolap-Kapak-Mentese-Tamir-Ustasi-150x150.jpg 150w, https:\/\/www.onlinemarangoz.com.tr\/Uskudar\/wp-content\/uploads\/Profesyonel-Dolap-Kapak-Mentese-Tamir-Ustasi-90x90.jpg 90w, https:\/\/www.onlinemarangoz.com.tr\/Uskudar\/wp-content\/uploads\/Profesyonel-Dolap-Kapak-Mentese-Tamir-Ustasi.jpg 400w\" sizes=\"(max-width: 190px) 100vw, 190px\" \/><\/p>\n<p>Mutfak Dolab\u0131 Mente\u015fe Tamiri, Dolap Kap\u0131 Mente\u015fesi De\u011fi\u015fimi, Mutfak Dolab\u0131 Donan\u0131m Onar\u0131m\u0131, Dolap Mente\u015fe Montaj Hizmeti, Dolap Mente\u015fesi Onar\u0131m Uzman\u0131, Dolap Kap\u0131 Pivot Onar\u0131m\u0131, Mutfak Dolab\u0131 Mente\u015fe Restorasyonu, Dolap Kap\u0131 Mente\u015fe Tamiri, Dolap Donan\u0131m Kurulumu, Dolap Mente\u015fe Bak\u0131m Hizmeti, G\u0131c\u0131rdayan mente\u015feler, Genel a\u015f\u0131nma ve y\u0131pranma, Mente\u015feler gerekti\u011fi gibi \u00e7al\u0131\u015fm\u0131yor, Kap\u0131 a\u015fa\u011f\u0131 do\u011fru sarkmaya ba\u015flad\u0131, Kap\u0131 hizalanm\u0131yor, \u00dcsk\u00fcdar Dolap Kapak Mente\u015fe Tamiri, hizmet veriyoruz. Hizmetlerimiz haftada 6 g\u00fcn sabah 09:00 \u2013 Ak\u015fam 20:00 saatleri aras\u0131nda mevcuttur ( hafta sonu rezervasyonlar\u0131 i\u00e7in ek \u00fccret al\u0131nmaz) \u00dcsk\u00fcdar Dolap Mente\u015fe Tamir Hizmeti, Rakipsiz bir teklif ve harika bir hizmet istiyorsan\u0131z l\u00fctfen sizin i\u00e7in uygun oldu\u011funda \u00dcsk\u00fcdar Dolap Kapak Mente\u015fe Tamir Ustas\u0131 \u0130leti\u015fim, WhatsApp&#8217;tan\u00a0mesaj atmaktan\u00a0veya bizi \u21d4 \u00dcsk\u00fcdar Dolap Kapak Mente\u015fe Tamir Ustas\u0131 Telefon, 0554 858 1312 \u21d4 Telefonla daha fazla bilgi i\u00e7in bizimle ileti\u015fime ge\u00e7mekten \u00e7ekinmeyin.&#8221;Bizi \u00dcsk\u00fcdar Profesyonel Dolap Kapak Mente\u015fe Tamir Ustas\u0131, olarak se\u00e7ti\u011finiz i\u00e7in te\u015fekk\u00fcr ederiz. herhangi bir sorunuz varsa en k\u0131sa s\u00fcrede ilgilenebilmemiz i\u00e7in\u00a0\u21d4 0554 858 1312 \u21d4 numaral\u0131\u00a0telefon dan\u00a0ile ileti\u015fime ge\u00e7in bizi aray\u0131n.<\/p>\n\n\n<div class=\"kk-star-ratings kksr-auto kksr-align-left kksr-valign-bottom\"\n    data-payload='{&quot;align&quot;:&quot;left&quot;,&quot;id&quot;:&quot;1007&quot;,&quot;slug&quot;:&quot;default&quot;,&quot;valign&quot;:&quot;bottom&quot;,&quot;ignore&quot;:&quot;&quot;,&quot;reference&quot;:&quot;auto&quot;,&quot;class&quot;:&quot;&quot;,&quot;count&quot;:&quot;18&quot;,&quot;legendonly&quot;:&quot;&quot;,&quot;readonly&quot;:&quot;&quot;,&quot;score&quot;:&quot;5&quot;,&quot;starsonly&quot;:&quot;&quot;,&quot;best&quot;:&quot;5&quot;,&quot;gap&quot;:&quot;5&quot;,&quot;greet&quot;:&quot;\u00dcsk\u00fcdar Marangoz \u2705&quot;,&quot;legend&quot;:&quot;\u00dcsk\u00fcdar Marangoz Ustas\u0131 \u2705 18&quot;,&quot;size&quot;:&quot;24&quot;,&quot;title&quot;:&quot;\u00dcsk\u00fcdar Dolap Kapak Mente\u015fe Tamiri&quot;,&quot;width&quot;:&quot;142.5&quot;,&quot;_legend&quot;:&quot;\u00dcsk\u00fcdar Marangoz Ustas\u0131 \u2705 {count}&quot;,&quot;font_factor&quot;:&quot;1.25&quot;}'>\n            \n<div class=\"kksr-stars\">\n    \n<div class=\"kksr-stars-inactive\">\n            <div class=\"kksr-star\" data-star=\"1\" style=\"padding-right: 5px\">\n            \n\n<div class=\"kksr-icon\" style=\"width: 24px; height: 24px;\"><\/div>\n        <\/div>\n            <div class=\"kksr-star\" data-star=\"2\" style=\"padding-right: 5px\">\n            \n\n<div class=\"kksr-icon\" style=\"width: 24px; height: 24px;\"><\/div>\n        <\/div>\n            <div class=\"kksr-star\" data-star=\"3\" style=\"padding-right: 5px\">\n            \n\n<div class=\"kksr-icon\" style=\"width: 24px; height: 24px;\"><\/div>\n        <\/div>\n            <div class=\"kksr-star\" data-star=\"4\" style=\"padding-right: 5px\">\n            \n\n<div class=\"kksr-icon\" style=\"width: 24px; height: 24px;\"><\/div>\n        <\/div>\n            <div class=\"kksr-star\" data-star=\"5\" style=\"padding-right: 5px\">\n            \n\n<div class=\"kksr-icon\" style=\"width: 24px; height: 24px;\"><\/div>\n        <\/div>\n    <\/div>\n    \n<div class=\"kksr-stars-active\" style=\"width: 142.5px;\">\n            <div class=\"kksr-star\" style=\"padding-right: 5px\">\n            \n\n<div class=\"kksr-icon\" style=\"width: 24px; height: 24px;\"><\/div>\n        <\/div>\n            <div class=\"kksr-star\" style=\"padding-right: 5px\">\n            \n\n<div class=\"kksr-icon\" style=\"width: 24px; height: 24px;\"><\/div>\n        <\/div>\n            <div class=\"kksr-star\" style=\"padding-right: 5px\">\n            \n\n<div class=\"kksr-icon\" style=\"width: 24px; height: 24px;\"><\/div>\n        <\/div>\n            <div class=\"kksr-star\" style=\"padding-right: 5px\">\n            \n\n<div class=\"kksr-icon\" style=\"width: 24px; height: 24px;\"><\/div>\n        <\/div>\n            <div class=\"kksr-star\" style=\"padding-right: 5px\">\n            \n\n<div class=\"kksr-icon\" style=\"width: 24px; height: 24px;\"><\/div>\n        <\/div>\n    <\/div>\n<\/div>\n                \n\n<div class=\"kksr-legend\" style=\"font-size: 19.2px;\">\n            \u00dcsk\u00fcdar Marangoz Ustas\u0131 \u2705 18    <\/div>\n    <\/div>\n","protected":false},"excerpt":{"rendered":"<p>\u00dcsk\u00fcdar Dolap Kapak Mente\u015fe Tamiri, Dolab\u0131n\u0131z daha iyi g\u00fcnler g\u00f6rd\u00fcyse ve bir onar\u0131ma ihtiyac\u0131 varsa, endi\u015felenmeyin! \u00dcsk\u00fcdar Dolap Mente\u015fe Tamir Hizmeti, marangozlar\u0131m\u0131z, dolap mente\u015felerinizin k\u0131sa s\u00fcrede en iyi \u015fekline geri d\u00f6nmesine yard\u0131mc\u0131 olabilir. Sadece mente\u015feleri onararak veya de\u011fi\u015ftirerek dolab\u0131n\u0131z yepyeni&#8230; <a class=\"di-continue-reading\" href=\"https:\/\/www.onlinemarangoz.com.tr\/Uskudar\/uskudar-dolap-kapak-mentese-tamiri\/\"> Continue Reading&#8230;<\/a><\/p>\n","protected":false},"author":1,"featured_media":0,"parent":0,"menu_order":6000,"comment_status":"closed","ping_status":"open","template":"","meta":{"footnotes":""},"categories":[1],"tags":[1646],"class_list":["post-1007","page","type-page","status-publish","hentry","category-uskudar-mobilya-tamir-montaj-servisi","tag-uskudar-dolap-kapak-mentese-tamiri"],"_links":{"self":[{"href":"https:\/\/www.onlinemarangoz.com.tr\/Uskudar\/wp-json\/wp\/v2\/pages\/1007","targetHints":{"allow":["GET"]}}],"collection":[{"href":"https:\/\/www.onlinemarangoz.com.tr\/Uskudar\/wp-json\/wp\/v2\/pages"}],"about":[{"href":"https:\/\/www.onlinemarangoz.com.tr\/Uskudar\/wp-json\/wp\/v2\/types\/page"}],"author":[{"embeddable":true,"href":"https:\/\/www.onlinemarangoz.com.tr\/Uskudar\/wp-json\/wp\/v2\/users\/1"}],"replies":[{"embeddable":true,"href":"https:\/\/www.onlinemarangoz.com.tr\/Uskudar\/wp-json\/wp\/v2\/comments?post=1007"}],"version-history":[{"count":0,"href":"https:\/\/www.onlinemarangoz.com.tr\/Uskudar\/wp-json\/wp\/v2\/pages\/1007\/revisions"}],"wp:attachment":[{"href":"https:\/\/www.onlinemarangoz.com.tr\/Uskudar\/wp-json\/wp\/v2\/media?parent=1007"}],"wp:term":[{"taxonomy":"category","embeddable":true,"href":"https:\/\/www.onlinemarangoz.com.tr\/Uskudar\/wp-json\/wp\/v2\/categories?post=1007"},{"taxonomy":"post_tag","embeddable":true,"href":"https:\/\/www.onlinemarangoz.com.tr\/Uskudar\/wp-json\/wp\/v2\/tags?post=1007"}],"curies":[{"name":"wp","href":"https:\/\/api.w.org\/{rel}","templated":true}]}}