{"id":356,"date":"2024-01-14T17:13:39","date_gmt":"2024-01-14T17:13:39","guid":{"rendered":"https:\/\/www.onlinemarangoz.com.tr\/Uskudar\/?page_id=356"},"modified":"2024-01-14T21:37:48","modified_gmt":"2024-01-14T21:37:48","slug":"uskudar-mobilya-kapi-tamiri","status":"publish","type":"page","link":"https:\/\/www.onlinemarangoz.com.tr\/Uskudar\/uskudar-mobilya-kapi-tamiri\/","title":{"rendered":"\u00dcsk\u00fcdar Mobilya Kap\u0131 Tamiri"},"content":{"rendered":"<p>\u00dcsk\u00fcdar Mobilya Kap\u0131 Tamiri \u2705 Mobilya Kap\u0131 Tamiri Telefon 0554 858 1312&#8221; \u0130stanbul anadolu yakas\u0131 \u00dcsk\u00fcdar Mobilya Kap\u0131 Tamiri&#8221; Kap\u0131lar eviniz i\u00e7in \u00e7ok \u00f6nemlidir ve odan\u0131n g\u00f6r\u00fcn\u00fcm\u00fc \u00fczerinde b\u00fcy\u00fck bir etki yaratabilir. G\u00fcvenli\u011fi de ak\u0131lda tutmak \u00f6nemlidir. Ancak kap\u0131larda \u00e7ok \u00e7e\u015fitli ar\u0131zalar meydana gelebilir ve bunlar\u0131n herhangi biri onlar\u0131n sorunsuz a\u00e7\u0131l\u0131p kapanmas\u0131n\u0131 engelleyebilir. Bunlar, a\u011f\u0131r a\u015f\u0131nma ve y\u0131pranma, ya\u015f, \u00f6nceki nem veya y\u0131llar i\u00e7inde olu\u015fan boya katmanlar\u0131ndan kaynaklanabilir. Neyse ki rehberimiz bunlar\u0131n tedavisinin olduk\u00e7a kolay oldu\u011funu a\u00e7\u0131klayacak. Mobilya oda kap\u0131lar\u0131 evin farkl\u0131 odalar\u0131 aras\u0131ndaki ba\u011flant\u0131d\u0131r ve ev tasar\u0131m\u0131n\u0131n ayr\u0131lmaz bir par\u00e7as\u0131d\u0131r. Malzemeleri, stilleri, boyutlar\u0131 ve renkleri eve farkl\u0131 bir iz b\u0131rakarak ona ki\u015filik kazand\u0131racakt\u0131r. Bu nedenle Mobilya Ah\u015fap Kap\u0131lar kayar, a\u00e7\u0131l\u0131r, i\u00e7 oda kap\u0131lar\u0131 olmak \u00fczere farkl\u0131 ah\u015fap kap\u0131lar tamirini yap\u0131yoruz. Mobilya Oda Kap\u0131lar\u0131 tamamen veya k\u0131smen, cam veya metal gibi di\u011fer malzemelerle entegre olmaya uygun bir malzeme olan ah\u015faptan yap\u0131lm\u0131\u015ft\u0131r.<\/p>\n<figure id=\"attachment_357\" aria-describedby=\"caption-attachment-357\" style=\"width: 500px\" class=\"wp-caption alignright\"><img fetchpriority=\"high\" decoding=\"async\" class=\"wp-image-357 size-full\" title=\"\u00dcsk\u00fcdar Mobilya Kap\u0131 Tamiri\" src=\"https:\/\/www.onlinemarangoz.com.tr\/Uskudar\/wp-content\/uploads\/Uskudar-Mobilya-Kapi-Tamir-Montaj-Servisi.jpg\" alt=\"\u00dcsk\u00fcdar Mobilya Kap\u0131 Tamiri\" width=\"500\" height=\"250\" srcset=\"https:\/\/www.onlinemarangoz.com.tr\/Uskudar\/wp-content\/uploads\/Uskudar-Mobilya-Kapi-Tamir-Montaj-Servisi.jpg 500w, https:\/\/www.onlinemarangoz.com.tr\/Uskudar\/wp-content\/uploads\/Uskudar-Mobilya-Kapi-Tamir-Montaj-Servisi-300x150.jpg 300w\" sizes=\"(max-width: 500px) 100vw, 500px\" \/><figcaption id=\"caption-attachment-357\" class=\"wp-caption-text\">\u00dcsk\u00fcdar Mobilya Kap\u0131 Tamiri<\/figcaption><\/figure>\n<h2>\u00dcsk\u00fcdar Mobilya Kap\u0131 Tamiri<\/h2>\n<p>\u00dcsk\u00fcdar Mobilya Kap\u0131 Tamiri&#8221; Kap\u0131 Tamiri Telefon&#8221; K\u0131r\u0131k Kap\u0131 Tamircisi&#8221; Mobilya Kap\u0131 Mente\u015fe Tamiri&#8221; K\u0131r\u0131k Mobilya Kap\u0131 Tamiri&#8221; Amerikan Panel Kap\u0131 Tamiri&#8221; \u00dcsk\u00fcdar Mobilya Kap\u0131 Tamiri&#8221; ihtiya\u00e7lar\u0131n\u0131zda bizi Pazartesi&#8217;den Cumartesi&#8217;ye Sabah &#8211; 09:00 \u2013 Ak\u015fam &#8211; 20:00 saatleri aras\u0131nda 0554 858 1312&#8221; numaral\u0131 telefondan bize ula\u015fabilir WhatsApp arac\u0131l\u0131\u011f\u0131yla do\u011frudan mesaj g\u00f6nderebilirsiniz.<img decoding=\"async\" class=\"alignleft wp-image-76\" src=\"https:\/\/www.onlinemarangoz.com.tr\/Uskudar\/wp-content\/uploads\/2023\/12\/Uskudar-Mobilya-Kapi-Tamircisi.jpg\" alt=\"\" width=\"250\" height=\"250\" srcset=\"https:\/\/www.onlinemarangoz.com.tr\/Uskudar\/wp-content\/uploads\/2023\/12\/Uskudar-Mobilya-Kapi-Tamircisi.jpg 300w, https:\/\/www.onlinemarangoz.com.tr\/Uskudar\/wp-content\/uploads\/2023\/12\/Uskudar-Mobilya-Kapi-Tamircisi-150x150.jpg 150w, https:\/\/www.onlinemarangoz.com.tr\/Uskudar\/wp-content\/uploads\/2023\/12\/Uskudar-Mobilya-Kapi-Tamircisi-90x90.jpg 90w\" sizes=\"(max-width: 250px) 100vw, 250px\" \/><\/p>\n<h3>\u00dcsk\u00fcdar K\u0131r\u0131k Kap\u0131 Tamiri<\/h3>\n<p>\u00dcsk\u00fcdar K\u0131r\u0131k Kap\u0131 Tamiri&#8221; oda kap\u0131n\u0131z k\u0131r\u0131ld\u0131\u011f\u0131 i\u00e7in mobilya tamir ustas\u0131 acil m\u00fcdahalesine mi ihtiyac\u0131n\u0131z var? Bizi aray\u0131n ve acil kap\u0131 onar\u0131mlar\u0131 i\u00e7in uzman ekibimize g\u00fcvenin. Teknik personelimiz, her t\u00fcrl\u00fc oda kap\u0131s\u0131 ile ilgili her t\u00fcrl\u00fc soruna m\u00fcdahale etmek i\u00e7in y\u0131l\u0131n her g\u00fcn\u00fc ve g\u00fcn\u00fcn 12 saati hizmetinizdedir. Evinizi, i\u015f yerinizi veya oda kap\u0131n\u0131z\u0131 tamir edebilmek, gizlili\u011fi, g\u00fcvenli\u011fi, h\u0131zl\u0131 m\u00fcdahaleyi \u00e7ok d\u00fc\u015f\u00fck fiyatlarla sa\u011flayabilmek i\u00e7in belirtti\u011finiz adreste an\u0131nda m\u00fcdahale ederek an\u0131nda edece\u011fiz. \u00dcsk\u00fcdar K\u0131r\u0131k Kap\u0131 Tamiri&#8221; K\u0131r\u0131k Mobilya Kap\u0131 Tamiri, K\u0131r\u0131k Kap\u0131 Kilit Tamiri, K\u0131r\u0131k Kap\u0131 Mente\u015fe Tamiri, K\u0131r\u0131k Kap\u0131 Kasa Tamiri, K\u0131r\u0131k Kap\u0131 Pervaz Tamiri, \u00dcsk\u00fcdar K\u0131r\u0131k Kap\u0131 Tamiri&#8221; ekibine Pazartesi&#8217;den Cumartesi&#8217;ye Sabah 09.00 &#8211; Ak\u015fam 20.00 saatleri aras\u0131nda &#8221;\u00dcsk\u00fcdar Kap\u0131 Tamiri Telefon +0554 858 1312 numaral\u0131 telefondan yoluyla ula\u015f\u0131labilirsiniz. \u00dcsk\u00fcdar t\u00fcm mahallelerinde yerinde faaliyet g\u00f6stermekteyiz.<img decoding=\"async\" class=\"alignright wp-image-74 size-full\" src=\"https:\/\/www.onlinemarangoz.com.tr\/Uskudar\/wp-content\/uploads\/2023\/12\/Uskudar-Mobilya-Kapi-Kilit-Tamiri.jpg\" alt=\"\" width=\"300\" height=\"300\" srcset=\"https:\/\/www.onlinemarangoz.com.tr\/Uskudar\/wp-content\/uploads\/2023\/12\/Uskudar-Mobilya-Kapi-Kilit-Tamiri.jpg 300w, https:\/\/www.onlinemarangoz.com.tr\/Uskudar\/wp-content\/uploads\/2023\/12\/Uskudar-Mobilya-Kapi-Kilit-Tamiri-150x150.jpg 150w, https:\/\/www.onlinemarangoz.com.tr\/Uskudar\/wp-content\/uploads\/2023\/12\/Uskudar-Mobilya-Kapi-Kilit-Tamiri-90x90.jpg 90w\" sizes=\"(max-width: 300px) 100vw, 300px\" \/><\/p>\n<h4>\u00dcsk\u00fcdar K\u0131r\u0131k Kap\u0131 Tamircisi<\/h4>\n<p>\u00dcsk\u00fcdar K\u0131r\u0131k Kap\u0131 Tamircisi&#8221; T\u00fcm onar\u0131m s\u00fcreciyle ilgilenen ustalar\u0131m\u0131z\u0131n becerisi ve m\u00fckemmelli\u011fi sayesinde y\u00fcksek kaliteli bir hizmet sunarak, i\u00e7 oda kap\u0131n\u0131n yeniymi\u015f gibi onar\u0131lmas\u0131n\u0131 garanti ediyoruz. \u00dcsk\u00fcdar K\u0131r\u0131k Kap\u0131 Tamircisi&#8221; Evinizdeki bir kap\u0131n\u0131n veya birden fazla kap\u0131n\u0131n tamiri konusunda h\u0131zl\u0131 bir \u015fekilde, h\u0131zl\u0131 bir m\u00fcdahale ile, tek bir g\u00fcnde veya her hal\u00fckarda belirli saatlerde sorunun \u00e7\u00f6z\u00fcm\u00fc i\u00e7in size yard\u0131mc\u0131 olacak birine ihtiyac\u0131n\u0131z varsa bize &#8221;\u00dcsk\u00fcdar K\u0131r\u0131k Kap\u0131 Tamircisi&#8221; Pazartesi \u2013 Cuma, 09:00 \u2013 20:00, Cumartesi, 09:00 \u2013 18:00 ve Pazar, randevuya g\u00f6redir Herhangi bir sorunuz varsa l\u00fctfen bizimle (( 0554 858 1312 )) Telefonu Ar\u0131yarak ileti\u015fime ge\u00e7mekten \u00e7ekinmeyin ihtiyac\u0131n\u0131z ne olursa olsun sorunlar\u0131 \u00e7\u00f6zebilecek ve g\u00f6n\u00fcl rahatl\u0131\u011f\u0131 sa\u011flayabilecek hizmetler sunuyoruz.<img loading=\"lazy\" decoding=\"async\" class=\"wp-image-75 alignleft\" src=\"https:\/\/www.onlinemarangoz.com.tr\/Uskudar\/wp-content\/uploads\/2023\/12\/Uskudar-Mobilya-Kapi-Mentese-Tamiri.jpg\" alt=\"\" width=\"250\" height=\"250\" srcset=\"https:\/\/www.onlinemarangoz.com.tr\/Uskudar\/wp-content\/uploads\/2023\/12\/Uskudar-Mobilya-Kapi-Mentese-Tamiri.jpg 350w, https:\/\/www.onlinemarangoz.com.tr\/Uskudar\/wp-content\/uploads\/2023\/12\/Uskudar-Mobilya-Kapi-Mentese-Tamiri-300x300.jpg 300w, https:\/\/www.onlinemarangoz.com.tr\/Uskudar\/wp-content\/uploads\/2023\/12\/Uskudar-Mobilya-Kapi-Mentese-Tamiri-150x150.jpg 150w, https:\/\/www.onlinemarangoz.com.tr\/Uskudar\/wp-content\/uploads\/2023\/12\/Uskudar-Mobilya-Kapi-Mentese-Tamiri-90x90.jpg 90w\" sizes=\"(max-width: 250px) 100vw, 250px\" \/><\/p>\n<h5>\u00dcsk\u00fcdar Mobilya Kap\u0131 Mente\u015fe Tamiri<\/h5>\n<p>\u00dcsk\u00fcdar Mobilya Kap\u0131 Mente\u015fe Tamiri&#8221; K\u0131r\u0131k bir oda kap\u0131s\u0131n\u0131n tamiri bir uzman gerektirir. Oda kap\u0131s\u0131 tekrar d\u00fczg\u00fcn \u00e7al\u0131\u015fmas\u0131n\u0131 sa\u011flamak i\u00e7in \u00f6zel bir m\u00fcdahaleye ihtiya\u00e7 duyulacakt\u0131r. bir oda kap\u0131s\u0131n\u0131 k\u0131r\u0131k bir mente\u015fesi, beklendi\u011fi gibi \u00e7al\u0131\u015fmayan bir kilidi, d\u00f6nmeyen veya tak\u0131l\u0131 kalan bir kap\u0131 kolu ve teknik karma\u015f\u0131kl\u0131\u011f\u0131ndan kaynaklanan di\u011fer sorunlar\u0131 olabilir. Bunun nedeni pas, kap\u0131 a\u015f\u0131nmas\u0131, kusurlar ve beklenmedik kritik sorunlar olabilir: K\u0131r\u0131k kap\u0131 kolu ve sarkan kap\u0131 kolu, sizi ev kap\u0131s\u0131n\u0131n tamirini istemenize neden olan iki tipik sorundur. Kolun k\u0131r\u0131lmas\u0131 durumunda kap\u0131 a\u00e7\u0131lmaz, di\u011fer durumlarda ise d\u00fczg\u00fcn kapanmaz. Gev\u015fek bir kol ile kap\u0131 kendili\u011finden a\u00e7\u0131l\u0131r ve \u00f6nemli rahats\u0131zl\u0131klara neden olabilir. Bu nedenle kap\u0131lar\u0131n onar\u0131lmas\u0131 zorunlu hale gelir. K\u0131r\u0131k Kap\u0131 kolu durumunda ar\u0131zal\u0131 kolun de\u011fi\u015ftirilmesi veya onar\u0131lmas\u0131 m\u00fcmk\u00fcnd\u00fcr. M\u00fcdahale olduk\u00e7a basittir ve h\u0131zl\u0131 bir \u015fekilde kap\u0131n\u0131z\u0131 tekrar kullanman\u0131z\u0131 sa\u011flayacakt\u0131r. Oda Kap\u0131 Mente\u015fe Tamiri&#8221; Mobilya Oda Kap\u0131 K\u0131r\u0131k Mente\u015fe Tamiri || Mobilya Oda Kap\u0131 Ar\u0131zal\u0131 Mente\u015fe Tamiri || \u00dcsk\u00fcdar Mobilya Kap\u0131 Mente\u015fe Tamiri&#8221; hakk\u0131nda ba\u015fka sorular\u0131n\u0131z varsa veya genel yard\u0131ma ihtiyac\u0131n\u0131z varsa l\u00fctfen bizimle (( 0554 858 1312 )) Telefonu Ar\u0131yarak ileti\u015fime ge\u00e7mekten \u00e7ekinmeyin gerekirse ek bilgi vermekten memnuniyet duyar\u0131m.<\/p>\n<table style=\"border-collapse: collapse; width: 100%;\">\n<tbody>\n<tr>\n<td>\n<p align=\"CENTER\">\u00dcsk\u00fcdar Amerikan Panel Kap\u0131 Tamiri<\/p>\n<p align=\"CENTER\">NEDEN H\u0130ZMETLER\u0130M\u0130Z\u0130 SE\u00c7MEL\u0130S\u0130N\u0130Z?<\/p>\n<p align=\"CENTER\">\u00dcsk\u00fcdar Amerikan Panel Kap\u0131 Tamiri&#8221; yard\u0131m merkezimizin hizmetlerini se\u00e7erek, profesyonellik ve m\u00fcdahale h\u0131z\u0131n\u0131 se\u00e7mi\u015f oluyorsunuz, ancak her \u015feyden \u00f6nce, teknisyenlerimizin y\u0131llar boyunca edindi\u011fi deneyim sayesinde sonu\u00e7lardan b\u00fcy\u00fck memnuniyet duyuyorsunuz. en kaliteli hizmetler.<\/p>\n<\/td>\n<td style=\"width: 50%;\">\n<p align=\"CENTER\">\u00dcsk\u00fcdar K\u0131r\u0131k Mobilya Kap\u0131 Tamiri<\/p>\n<p align=\"CENTER\">PROFESYONEL VE KAL\u0130TEL\u0130 H\u0130ZMETLER<\/p>\n<p align=\"CENTER\">\u00dcsk\u00fcdar K\u0131r\u0131k Mobilya Kap\u0131 Tamiri&#8221; H\u0131zl\u0131 hizmeti garanti ediyoruz ve yaln\u0131zca m\u00fcmk\u00fcn olan en y\u00fcksek kalitede i\u015fi sunmaya kararl\u0131y\u0131z. Bug\u00fcn bizimle ileti\u015fime ge\u00e7in, ve size K\u0131r\u0131k Mobilya Kap\u0131 Tamiri onar\u0131m\u0131yla ilgili t\u00fcm ayr\u0131nt\u0131lar\u0131 sunacakt\u0131r.<\/p>\n<\/td>\n<\/tr>\n<\/tbody>\n<\/table>\n<table style=\"border-collapse: collapse; width: 100%;\">\n<tbody>\n<tr>\n<td>\n<p align=\"CENTER\"><em><strong>Y\u0131llar\u0131n Deneyimi<\/strong><\/em><\/p>\n<\/td>\n<td>\n<p align=\"CENTER\"><em><strong>Rekabet\u00e7i fiyatlar<\/strong><\/em><\/p>\n<\/td>\n<td>\n<p align=\"CENTER\"><em><strong>Kaliteli hizmetler<\/strong><\/em><\/p>\n<\/td>\n<\/tr>\n<\/tbody>\n<\/table>\n\n\n<div class=\"kk-star-ratings kksr-auto kksr-align-left kksr-valign-bottom\"\n    data-payload='{&quot;align&quot;:&quot;left&quot;,&quot;id&quot;:&quot;356&quot;,&quot;slug&quot;:&quot;default&quot;,&quot;valign&quot;:&quot;bottom&quot;,&quot;ignore&quot;:&quot;&quot;,&quot;reference&quot;:&quot;auto&quot;,&quot;class&quot;:&quot;&quot;,&quot;count&quot;:&quot;6&quot;,&quot;legendonly&quot;:&quot;&quot;,&quot;readonly&quot;:&quot;&quot;,&quot;score&quot;:&quot;5&quot;,&quot;starsonly&quot;:&quot;&quot;,&quot;best&quot;:&quot;5&quot;,&quot;gap&quot;:&quot;5&quot;,&quot;greet&quot;:&quot;\u00dcsk\u00fcdar Marangoz \u2705&quot;,&quot;legend&quot;:&quot;\u00dcsk\u00fcdar Marangoz Ustas\u0131 \u2705 6&quot;,&quot;size&quot;:&quot;24&quot;,&quot;title&quot;:&quot;\u00dcsk\u00fcdar Mobilya Kap\u0131 Tamiri&quot;,&quot;width&quot;:&quot;142.5&quot;,&quot;_legend&quot;:&quot;\u00dcsk\u00fcdar Marangoz Ustas\u0131 \u2705 {count}&quot;,&quot;font_factor&quot;:&quot;1.25&quot;}'>\n            \n<div class=\"kksr-stars\">\n    \n<div class=\"kksr-stars-inactive\">\n            <div class=\"kksr-star\" data-star=\"1\" style=\"padding-right: 5px\">\n            \n\n<div class=\"kksr-icon\" style=\"width: 24px; height: 24px;\"><\/div>\n        <\/div>\n            <div class=\"kksr-star\" data-star=\"2\" style=\"padding-right: 5px\">\n            \n\n<div class=\"kksr-icon\" style=\"width: 24px; height: 24px;\"><\/div>\n        <\/div>\n            <div class=\"kksr-star\" data-star=\"3\" style=\"padding-right: 5px\">\n            \n\n<div class=\"kksr-icon\" style=\"width: 24px; height: 24px;\"><\/div>\n        <\/div>\n            <div class=\"kksr-star\" data-star=\"4\" style=\"padding-right: 5px\">\n            \n\n<div class=\"kksr-icon\" style=\"width: 24px; height: 24px;\"><\/div>\n        <\/div>\n            <div class=\"kksr-star\" data-star=\"5\" style=\"padding-right: 5px\">\n            \n\n<div class=\"kksr-icon\" style=\"width: 24px; height: 24px;\"><\/div>\n        <\/div>\n    <\/div>\n    \n<div class=\"kksr-stars-active\" style=\"width: 142.5px;\">\n            <div class=\"kksr-star\" style=\"padding-right: 5px\">\n            \n\n<div class=\"kksr-icon\" style=\"width: 24px; height: 24px;\"><\/div>\n        <\/div>\n            <div class=\"kksr-star\" style=\"padding-right: 5px\">\n            \n\n<div class=\"kksr-icon\" style=\"width: 24px; height: 24px;\"><\/div>\n        <\/div>\n            <div class=\"kksr-star\" style=\"padding-right: 5px\">\n            \n\n<div class=\"kksr-icon\" style=\"width: 24px; height: 24px;\"><\/div>\n        <\/div>\n            <div class=\"kksr-star\" style=\"padding-right: 5px\">\n            \n\n<div class=\"kksr-icon\" style=\"width: 24px; height: 24px;\"><\/div>\n        <\/div>\n            <div class=\"kksr-star\" style=\"padding-right: 5px\">\n            \n\n<div class=\"kksr-icon\" style=\"width: 24px; height: 24px;\"><\/div>\n        <\/div>\n    <\/div>\n<\/div>\n                \n\n<div class=\"kksr-legend\" style=\"font-size: 19.2px;\">\n            \u00dcsk\u00fcdar Marangoz Ustas\u0131 \u2705 6    <\/div>\n    <\/div>\n","protected":false},"excerpt":{"rendered":"<p>\u00dcsk\u00fcdar Mobilya Kap\u0131 Tamiri \u2705 Mobilya Kap\u0131 Tamiri Telefon 0554 858 1312&#8221; \u0130stanbul anadolu yakas\u0131 \u00dcsk\u00fcdar Mobilya Kap\u0131 Tamiri&#8221; Kap\u0131lar eviniz i\u00e7in \u00e7ok \u00f6nemlidir ve odan\u0131n g\u00f6r\u00fcn\u00fcm\u00fc \u00fczerinde b\u00fcy\u00fck bir etki yaratabilir. G\u00fcvenli\u011fi de ak\u0131lda tutmak \u00f6nemlidir. Ancak kap\u0131larda \u00e7ok&#8230; <a class=\"di-continue-reading\" href=\"https:\/\/www.onlinemarangoz.com.tr\/Uskudar\/uskudar-mobilya-kapi-tamiri\/\"> Continue Reading&#8230;<\/a><\/p>\n","protected":false},"author":1,"featured_media":0,"parent":0,"menu_order":3000,"comment_status":"closed","ping_status":"closed","template":"","meta":{"footnotes":""},"categories":[1],"tags":[417,413,414,412,416,415,411],"class_list":["post-356","page","type-page","status-publish","hentry","category-uskudar-mobilya-tamir-montaj-servisi","tag-uskudar-amerikan-panel-kapi-tamiri","tag-uskudar-kapi-tamiri-telefon","tag-uskudar-kirik-kapi-tamircisi","tag-uskudar-kirik-kapi-tamiri","tag-uskudar-kirik-mobilya-kapi-tamiri","tag-uskudar-mobilya-kapi-mentese-tamiri","tag-uskudar-mobilya-kapi-tamiri"],"_links":{"self":[{"href":"https:\/\/www.onlinemarangoz.com.tr\/Uskudar\/wp-json\/wp\/v2\/pages\/356","targetHints":{"allow":["GET"]}}],"collection":[{"href":"https:\/\/www.onlinemarangoz.com.tr\/Uskudar\/wp-json\/wp\/v2\/pages"}],"about":[{"href":"https:\/\/www.onlinemarangoz.com.tr\/Uskudar\/wp-json\/wp\/v2\/types\/page"}],"author":[{"embeddable":true,"href":"https:\/\/www.onlinemarangoz.com.tr\/Uskudar\/wp-json\/wp\/v2\/users\/1"}],"replies":[{"embeddable":true,"href":"https:\/\/www.onlinemarangoz.com.tr\/Uskudar\/wp-json\/wp\/v2\/comments?post=356"}],"version-history":[{"count":0,"href":"https:\/\/www.onlinemarangoz.com.tr\/Uskudar\/wp-json\/wp\/v2\/pages\/356\/revisions"}],"wp:attachment":[{"href":"https:\/\/www.onlinemarangoz.com.tr\/Uskudar\/wp-json\/wp\/v2\/media?parent=356"}],"wp:term":[{"taxonomy":"category","embeddable":true,"href":"https:\/\/www.onlinemarangoz.com.tr\/Uskudar\/wp-json\/wp\/v2\/categories?post=356"},{"taxonomy":"post_tag","embeddable":true,"href":"https:\/\/www.onlinemarangoz.com.tr\/Uskudar\/wp-json\/wp\/v2\/tags?post=356"}],"curies":[{"name":"wp","href":"https:\/\/api.w.org\/{rel}","templated":true}]}}