{"id":537,"date":"2024-02-04T20:11:07","date_gmt":"2024-02-04T20:11:07","guid":{"rendered":"https:\/\/www.onlinemarangoz.com.tr\/Uskudar\/?page_id=537"},"modified":"2025-01-14T23:24:40","modified_gmt":"2025-01-14T20:24:40","slug":"uskudar-mobilya-montaj","status":"publish","type":"page","link":"https:\/\/www.onlinemarangoz.com.tr\/Uskudar\/uskudar-mobilya-montaj\/","title":{"rendered":"\u00dcsk\u00fcdar Mobilya Montaj"},"content":{"rendered":"<p>\u00dcsk\u00fcdar Mobilya Montaj (( Mobilya Montaj Telefon 0554 858 1312 )) \u0130stanbul Anadolu Yakas\u0131 \u00dcsk\u00fcdar Mobilya Montaj&#8221; Esnek ve uygun fiyatl\u0131y\u0131z; m\u00fc\u015fteri odakl\u0131 yakla\u015f\u0131m\u0131m\u0131z, telefonla an\u0131nda ihtiyac\u0131n\u0131z oldu\u011funda mobilyalar\u0131n\u0131z\u0131 haz\u0131r hale getirmek i\u00e7in program\u0131n\u0131za g\u00f6re \u00e7al\u0131\u015faca\u011f\u0131z. Yetenekli ustalar\u0131m\u0131z tamamen i\u015f\u00e7ili\u011fimizin kalitesine %100 g\u00fcvenebilece\u011finiz anlam\u0131na gelir. \u00dcsk\u00fcdar Mobilya Montaj, yaparak, binlerce ev i\u00e7i i\u015fi ola\u011fan\u00fcst\u00fc bir standartta tamamlad\u0131k. Yapt\u0131\u011f\u0131m\u0131z i\u015flerin \u00e7o\u011fu talep \u00fczerine hizmetlerimize ili\u015fkin referanslar ve \u00f6rnekler bile sunabiliriz. \u00dcsk\u00fcdar Mobilya Montaj&#8221; Ekibimiz \u00e7o\u011fu durumda mobilya montaj\u0131n\u0131n yan\u0131 s\u0131ra eski, istenmeyen par\u00e7alar\u0131n\u0131z i\u00e7in s\u00f6kme hizmeti de sunuyoruz.<\/p>\n<figure id=\"attachment_538\" aria-describedby=\"caption-attachment-538\" style=\"width: 500px\" class=\"wp-caption alignright\"><img fetchpriority=\"high\" decoding=\"async\" class=\"size-full wp-image-538\" src=\"https:\/\/www.onlinemarangoz.com.tr\/Uskudar\/wp-content\/uploads\/Uskudar-Mobilya-Montaj-Servisi.jpg\" alt=\"\u00dcsk\u00fcdar Mobilya Montaj\" width=\"500\" height=\"250\" srcset=\"https:\/\/www.onlinemarangoz.com.tr\/Uskudar\/wp-content\/uploads\/Uskudar-Mobilya-Montaj-Servisi.jpg 500w, https:\/\/www.onlinemarangoz.com.tr\/Uskudar\/wp-content\/uploads\/Uskudar-Mobilya-Montaj-Servisi-300x150.jpg 300w\" sizes=\"(max-width: 500px) 100vw, 500px\" \/><figcaption id=\"caption-attachment-538\" class=\"wp-caption-text\">\u00dcsk\u00fcdar Mobilya Montaj<\/figcaption><\/figure>\n<h2>\u00dcsk\u00fcdar Mobilya Montaj<\/h2>\n<p>\u00dcsk\u00fcdar Mobilya Montaj&#8221; Ekibimiz y\u0131llar i\u00e7inde binlerce montaj i\u015fini tamamlad\u0131 ve a\u015fa\u011f\u0131daki senaryolarla ba\u015fa \u00e7\u0131kabiliyoruz.<\/p>\n<p>Yatak odas\u0131 mobilyalar\u0131 montaj\u0131 : \u0130yi monte edilmemi\u015f bir yata\u011f\u0131n daha fazla huzursuz olman\u0131za neden olabilece\u011fini biliyor muydunuz? Profesyonel bir mobilya montajc\u0131s\u0131n\u0131n i\u015f ba\u015f\u0131nda olmas\u0131 sayesinde daha rahat ve dinlendirici bir uyku uyuyabilirsiniz.<\/p>\n<p>Mutfak mobilyalar\u0131 montaj : Kahvalt\u0131 barlar\u0131ndan taburelere ve masalara kadar mutfa\u011f\u0131n\u0131z\u0131n k\u0131sa s\u00fcrede kullan\u0131ma ve keyif almaya haz\u0131r olmas\u0131n\u0131 sa\u011flayaca\u011f\u0131z.<\/p>\n<p>Yemek odas\u0131 mobilyalar\u0131 montaj : \u0130yi monte edilmi\u015f bir yemek masas\u0131 ve sandalyeler olmadan hi\u00e7bir oturma odas\u0131 tamamlanm\u0131\u015f say\u0131lmaz; arkada\u015flar\u0131n\u0131z ve ailenizin keyifle kullanaca\u011f\u0131 harika mobilyalara sahip oldu\u011funuzdan emin olmak i\u00e7in bunlar\u0131n do\u011fru bir \u015fekilde bir araya getirilmesi \u00f6nemlidir. \u00c7al\u0131\u015fma masalar\u0131n\u0131z\u0131, raflar\u0131n\u0131z\u0131, masalar\u0131n\u0131z\u0131 ve dolaplar\u0131n\u0131z\u0131 monte ederek d\u00f6n\u00fc\u015f\u00fcm\u00fc h\u0131zland\u0131ral\u0131m, i\u015finize \u00e7ok daha \u00e7abuk odaklanman\u0131z\u0131 sa\u011flayal\u0131m. Stresinizi \u00fczerinizden almam\u0131za izin verin.<img decoding=\"async\" class=\"alignleft wp-image-70 size-full\" src=\"https:\/\/www.onlinemarangoz.com.tr\/Uskudar\/wp-content\/uploads\/2023\/12\/Uskudar-Ray-Dolap-Tamiri.jpg\" alt=\"\" width=\"300\" height=\"300\" srcset=\"https:\/\/www.onlinemarangoz.com.tr\/Uskudar\/wp-content\/uploads\/2023\/12\/Uskudar-Ray-Dolap-Tamiri.jpg 300w, https:\/\/www.onlinemarangoz.com.tr\/Uskudar\/wp-content\/uploads\/2023\/12\/Uskudar-Ray-Dolap-Tamiri-150x150.jpg 150w, https:\/\/www.onlinemarangoz.com.tr\/Uskudar\/wp-content\/uploads\/2023\/12\/Uskudar-Ray-Dolap-Tamiri-90x90.jpg 90w\" sizes=\"(max-width: 300px) 100vw, 300px\" \/><\/p>\n<p>\u00dcsk\u00fcdar Mobilya Montaj&#8221; \u00dcsk\u00fcdar Mobilya Dolap Montaj&#8221; \u00dcsk\u00fcdar Mobilya Gard\u0131rop Montaj&#8221; \u00dcsk\u00fcdar Yatak Odas\u0131 Mobilya Dolap Montaj&#8221; Pazartesi&#8217;den Cumartesi&#8217; ne&#8217; Sabah 09:00 \u2013 Ak\u015fam 20:00 ve Cumartesi sabah 09:00 &#8211; 19:00 saatleri aras\u0131nda&#8221; Mobilya Montaj&#8221; Mobilya Dolap Montaj&#8221; Mobilya Gard\u0131rop Montaj&#8221; \u00dcsk\u00fcdar Mobilya Montaj Telefon&#8221; 0554 858 1312&#8221; numaral\u0131 telefondan bize ula\u015fabilir WhatsApp arac\u0131l\u0131\u011f\u0131yla do\u011frudan mesaj g\u00f6nderebilirsiniz. Yeni mobilyalar\u0131n\u0131z\u0131 montaj etmek i\u00e7in gelmeden \u00f6nce ihtiya\u00e7 duydu\u011funuz bu hizmetlerden herhangi birini ayr\u0131nt\u0131lar\u0131yla anlatarak bizimle ileti\u015fime ge\u00e7menizi rica ediyoruz;<\/p>\n<h3>\u00dcsk\u00fcdar Mobilya Dolap Montaj<\/h3>\n<p>\u00dcsk\u00fcdar Mobilya Dolap Montaj&#8221; Montaja haz\u0131r mobilyalar, ekonomikli\u011fi ve \u00e7ok y\u00f6nl\u00fcl\u00fc\u011f\u00fc nedeniyle evde inan\u0131lmaz derecede pop\u00fclerdir. Yeni mobilya sat\u0131n almak \u00e7o\u011fu ki\u015fi i\u00e7in kolay bir i\u015f olsa da, teslim edildikten sonra bunlar\u0131 bir araya getirmek, en deneyimli Kendin Yap merakl\u0131lar\u0131 i\u00e7in bile g\u00f6z korkutucu bir i\u015f olabilir. Bu, baz\u0131 insanlar\u0131 bir ikilemle kar\u015f\u0131 kar\u015f\u0131ya b\u0131rak\u0131yor: Yepyeni mobilyalar\u0131n\u0131 k\u00f6t\u00fc bir \u015fekilde monte etme veya hatta par\u00e7alar\u0131 kendileri birle\u015ftirmeye \u00e7al\u0131\u015farak onlara zarar verme riskiyle kar\u015f\u0131 kar\u015f\u0131ya kal\u0131yorlar, \u00dcsk\u00fcdar Mobilya Dolap Montaj&#8221; Ustas\u0131 basit bir se\u00e7im profesyonel ve deneyimli &#8221;\u00dcsk\u00fcdar Mobilya Dolap Montaj&#8221; ustalar\u0131ndan olu\u015fan bir ekibi tercih etmek, yeni mobilyan\u0131z\u0131n g\u00fcvenli, dayan\u0131kl\u0131 olmas\u0131n\u0131 ve amac\u0131na uygun g\u00f6r\u00fcnmesini sa\u011flar. Ekibimiz y\u0131llar i\u00e7inde binlerce montaj i\u015fini tamamlad\u0131 ve a\u015fa\u011f\u0131daki senaryolarla ba\u015fa \u00e7\u0131kabiliyoruz: \u00dcsk\u00fcdar Mobilya Dolap Montaj&#8221; Merak etmeyin mobilya montaj hizmeti sayesinde art\u0131k bu sorunlar\u0131 ya\u015famazs\u0131n\u0131z. \u00c7o\u011fu zaman yeni bir mobilya veya ald\u0131\u011f\u0131m\u0131zda sorunu hafife al\u0131r\u0131z ve montaj\u0131n\u0131 kendimiz yapmaya \u00e7al\u0131\u015f\u0131r\u0131z.<img decoding=\"async\" class=\"wp-image-543 size-full alignright\" src=\"https:\/\/www.onlinemarangoz.com.tr\/Uskudar\/wp-content\/uploads\/Uskudar-Mobilya-Dolap-Montaji.jpg\" alt=\"\" width=\"500\" height=\"300\" srcset=\"https:\/\/www.onlinemarangoz.com.tr\/Uskudar\/wp-content\/uploads\/Uskudar-Mobilya-Dolap-Montaji.jpg 500w, https:\/\/www.onlinemarangoz.com.tr\/Uskudar\/wp-content\/uploads\/Uskudar-Mobilya-Dolap-Montaji-300x180.jpg 300w\" sizes=\"(max-width: 500px) 100vw, 500px\" \/> Do\u011fru mobilya montaj\u0131 neden \u00f6nemlidir?<\/p>\n<p>Yanl\u0131\u015f monte edilen mobilyalar sizin ve \u00e7evrenizdekiler i\u00e7in tehlikeli olabilir. T\u00fcm bunlar\u0131n olmas\u0131n\u0131 \u00f6nleyin. Bug\u00fcnden itibaren \u00dcsk\u00fcdar Mobilya Dolap Montaj&#8221; profesyonel montaj\u0131 hizmeti eksiksiz bir \u015fekilde hizmetinize sunuyoruz. \u00dcsk\u00fcdar Dolap Montaj\u0131&#8221; \u00dcsk\u00fcdar Mobilya Dolap Montaj&#8221; \u00dcsk\u00fcdar Mobilya Dolap Gard\u0131rop Montaj&#8221; \u00dcsk\u00fcdar Yatak Odas\u0131 Dolap Montaj\u0131&#8221; Pazartesi&#8217;den Cumartesi&#8217; ne&#8217; Sabah 09:00 \u2013 Ak\u015fam 20:00 ve Cumartesi sabah 09:00 &#8211; 19:00 saatleri aras\u0131nda&#8221; Mobilya Montaj&#8221; Mobilya Dolap Montaj&#8221; Mobilya Gard\u0131rop Montaj&#8221; \u00dcsk\u00fcdar Mobilya Montaj Telefon&#8221; 0554 858 1312&#8221; numaral\u0131 telefondan bize ula\u015fabilir WhatsApp arac\u0131l\u0131\u011f\u0131yla do\u011frudan mesaj g\u00f6nderebilirsiniz. M\u00fc\u015fterilerimize m\u00fcmk\u00fcn olan en iyi hizmeti sunmay\u0131 seviyoruz. Bu nedenle kalite, verimlilik ve uygun fiyatlar\u0131n yan\u0131 s\u0131ra ihtiyac\u0131 olanlara &#8221;\u00dcsk\u00fcdar Mobilya Dolap Montaj&#8221; hizmeti sunuyoruz.<\/p>\n<h4>\u00dcsk\u00fcdar Mobilya Gard\u0131rop Montaj<\/h4>\n<p>\u00dcsk\u00fcdar Mobilya Gard\u0131rop Montaj&#8221; Profesyonel bir ekibin bu i\u015fi sizin i\u00e7in yapmas\u0131n\u0131 h\u0131zl\u0131 ve kolay bir \u015fekilde ayarlayabilecekken neden mobilya montaj\u0131yla u\u011fra\u015fas\u0131n\u0131z ki? \u0130ster kiral\u0131k m\u00fclk\u00fcn\u00fcz\u00fc veya ofis alan\u0131n\u0131z\u0131 yeni bir kirac\u0131 i\u00e7in zaman\u0131nda \u015fekillendirmek isteyen \u00f6zel bir ev sahibi veya m\u00fclk olsun, \u00dcsk\u00fcdar Mobilya Gard\u0131rop Montaj&#8221; sadece u\u011fra\u015fmak istemeyen \u00f6zel bir ev sahibi olun. Zor olan kendi kendine montaj talimatlar\u0131na ra\u011fmen, size mobilya montaj hizmetimiz, d\u00fcz paket masalar\u0131n\u0131zdan, dolaplar\u0131n\u0131zdan, yataklar\u0131n\u0131zdan, sandalyelerinizden ve daha fazlas\u0131ndan m\u00fcmk\u00fcn olan en iyi sonu\u00e7lar\u0131 alman\u0131z\u0131 sa\u011flayacakt\u0131r.<img loading=\"lazy\" decoding=\"async\" class=\"size-full wp-image-546 alignleft\" src=\"https:\/\/www.onlinemarangoz.com.tr\/Uskudar\/wp-content\/uploads\/Uskudar-Mobilya-Gardirop-Montaji.jpg\" alt=\"\" width=\"300\" height=\"300\" srcset=\"https:\/\/www.onlinemarangoz.com.tr\/Uskudar\/wp-content\/uploads\/Uskudar-Mobilya-Gardirop-Montaji.jpg 300w, https:\/\/www.onlinemarangoz.com.tr\/Uskudar\/wp-content\/uploads\/Uskudar-Mobilya-Gardirop-Montaji-150x150.jpg 150w, https:\/\/www.onlinemarangoz.com.tr\/Uskudar\/wp-content\/uploads\/Uskudar-Mobilya-Gardirop-Montaji-90x90.jpg 90w\" sizes=\"(max-width: 300px) 100vw, 300px\" \/><\/p>\n<p>\u00dcsk\u00fcdar Mobilya Gard\u0131rop Montaj&#8221; bir mobilya sat\u0131n ald\u0131ysan\u0131z ve bunlar\u0131 sizin i\u00e7in monte edecek birine ihtiyac\u0131n\u0131z varsa, \u00dcsk\u00fcdar Mobilya Gard\u0131rop Montaj&#8221; ustas\u0131 ile ileti\u015fime ge\u00e7ebilirsiniz. Belki vaktiniz yok, ya da bu t\u00fcr manuel i\u015flerde k\u00f6t\u00fcs\u00fcn\u00fcz, ya da ihtiyac\u0131n\u0131z olan aletlere sahip de\u011filsiniz. Hemen bizi aray\u0131n profesyonel montajc\u0131lar\u0131m\u0131z ta\u015f\u0131nma sonras\u0131nda mobilyalar\u0131n\u0131z\u0131n montaj\u0131n\u0131 yapmaya, mutfak, oturma odas\u0131, yatak odas\u0131 ve \u00e7ok daha fazlas\u0131 i\u00e7in mobilyalar\u0131n\u0131z\u0131n montaj\u0131n\u0131 yapmaya haz\u0131r\u0131z. Pazartesi&#8217;den \u00c7umartesi&#8217; ne&#8217; Sabah 09:00 \u2013 Ak\u015fam 20:00 ve Cumartesi sabah 09:00 &#8211; 19:00 saatleri aras\u0131nda&#8221; Mobilya Montaj&#8221; Mobilya Dolap Montaj&#8221; Mobilya Gard\u0131rop Montaj&#8221; \u00dcsk\u00fcdar Mobilya Montaj Telefon&#8221; 0554 858 1312&#8221; numaral\u0131 telefondan bize ula\u015fabilir WhatsApp arac\u0131l\u0131\u011f\u0131yla do\u011frudan mesaj g\u00f6nderebilirsiniz. Asl\u0131nda ihtiya\u00e7lar\u0131n\u0131z do\u011frultusunda her \u015feyle ilgileniyoruz: Dilerseniz mobilya montaj\u0131 hizmetini sunuyoruz.<\/p>\n<table style=\"border-collapse: collapse; width: 100%;\">\n<tbody>\n<tr>\n<td>\n<ul>\n<li><em>Gard\u0131rop Montaj\u0131<\/em><\/li>\n<li><em>Mutfak Dolaplar\u0131 Montaj\u0131.<\/em><\/li>\n<li><em>Duvar \u00dcnitelerinin Montaj\u0131.<\/em><\/li>\n<li><em>S\u00fcrg\u00fcl\u00fc Dolaplar\u0131n Montaj\u0131.<\/em><\/li>\n<li><em>Gard\u0131rop Mobilyalar\u0131n\u0131n Montaj\u0131<\/em><\/li>\n<li><em>Oturma Odas\u0131 Dolaplar\u0131 Montaj\u0131.<\/em><\/li>\n<li><em>Gard\u0131rop ve Kitapl\u0131klar\u0131n Montaj\u0131.<\/em><\/li>\n<\/ul>\n<\/td>\n<td>\n<ul>\n<li><em>Mobilya Dolaplar\u0131n\u0131n Montaj\u0131.<\/em><\/li>\n<li><em>Laminat Dolaplar\u0131n\u0131n Montaj\u0131.<\/em><\/li>\n<li><em>Gard\u0131rop Yataklar\u0131n\u0131n Montaj\u0131.<\/em><\/li>\n<li><em>Gard\u0131rop ve Raflar\u0131n\u0131n Montaj\u0131.<\/em><\/li>\n<li><em>Mente\u015feli Kap\u0131l\u0131 Gard\u0131rop Montaj\u0131.<\/em><\/li>\n<li><em>Yatak Odas\u0131 Gard\u0131roplar\u0131n\u0131n Montaj\u0131<\/em><\/li>\n<li><em>Ah\u015fap Evler i\u00e7in Gard\u0131rop Montaj\u0131.<\/em><\/li>\n<\/ul>\n<\/td>\n<\/tr>\n<\/tbody>\n<\/table>\n<table style=\"border-collapse: collapse; width: 100%; height: 325px;\">\n<tbody>\n<tr style=\"height: 325px;\">\n<td style=\"width: 50%; height: 325px;\"><img loading=\"lazy\" decoding=\"async\" class=\"aligncenter wp-image-422\" src=\"https:\/\/www.onlinemarangoz.com.tr\/Uskudar\/wp-content\/uploads\/Tezcan-Usta-150x150.png\" alt=\"\" width=\"100\" height=\"100\" srcset=\"https:\/\/www.onlinemarangoz.com.tr\/Uskudar\/wp-content\/uploads\/Tezcan-Usta-150x150.png 150w, https:\/\/www.onlinemarangoz.com.tr\/Uskudar\/wp-content\/uploads\/Tezcan-Usta-300x300.png 300w, https:\/\/www.onlinemarangoz.com.tr\/Uskudar\/wp-content\/uploads\/Tezcan-Usta-90x90.png 90w, https:\/\/www.onlinemarangoz.com.tr\/Uskudar\/wp-content\/uploads\/Tezcan-Usta.png 512w\" sizes=\"(max-width: 100px) 100vw, 100px\" \/><\/p>\n<p style=\"text-align: center;\"><a title=\"Tezcan Usta Whatsapp Hemen T\u0131kla Mesaj At\" href=\"https:\/\/wa.me\/+905548581312\" target=\"_blank\" rel=\"noopener\"><span style=\"color: #ff0000;\"><strong><span style=\"font-size: 28px;\">\u00dcsk\u00fcdar Mobilya Montaj \u0130leti\u015fim<\/span><\/strong><\/span><\/a><\/p>\n<p style=\"text-align: center;\"><a title=\"Tezcan Usta Whatsapp Hemen T\u0131kla Mesaj At\" href=\"https:\/\/wa.me\/+905548581312\" target=\"_blank\" rel=\"noopener\"><span style=\"color: #ff0000;\"><strong><span style=\"letter-spacing: normal; word-spacing: 0px; font-size: 28px;\">0554 858 1312<\/span><\/strong><\/span><\/a><\/p>\n<p style=\"text-align: center;\"><span style=\"font-size: 20px;\"><a title=\"Maltepe Mobilya Montaj Whatsapp\" href=\"https:\/\/wa.me\/+905548581312\" target=\"_blank\" rel=\"noopener\"><span style=\"color: #ff0000;\"><strong>\u00dcsk\u00fcdar Mobilya Montaj Whatsapp<\/strong><\/span><\/a><\/span><\/p>\n<p style=\"text-align: center;\"><a title=\"Tezcan Usta Whatsapp Hemen T\u0131kla Mesaj At\" href=\"https:\/\/wa.me\/+905548581312\" target=\"_blank\" rel=\"noopener\"><span style=\"color: #ff0000; font-size: 20px;\"><strong>T\u0131kla Mesaj At<\/strong><\/span><\/a><\/p>\n<\/td>\n<td style=\"width: 50%; height: 325px;\"><img loading=\"lazy\" decoding=\"async\" class=\"size-full wp-image-540 aligncenter\" src=\"https:\/\/www.onlinemarangoz.com.tr\/Uskudar\/wp-content\/uploads\/Uskudar-Mobilya-Montaj-Telefon.jpg\" alt=\"\" width=\"120\" height=\"120\" srcset=\"https:\/\/www.onlinemarangoz.com.tr\/Uskudar\/wp-content\/uploads\/Uskudar-Mobilya-Montaj-Telefon.jpg 120w, https:\/\/www.onlinemarangoz.com.tr\/Uskudar\/wp-content\/uploads\/Uskudar-Mobilya-Montaj-Telefon-90x90.jpg 90w\" sizes=\"(max-width: 120px) 100vw, 120px\" \/><\/p>\n<p style=\"text-align: center;\"><a title=\"Maltepe Mobilya Montaj Telefon\" href=\"tel:\/\/+905548581312\" target=\"_blank\" rel=\"noopener\"><span style=\"font-size: 28px; color: #3366ff;\"><strong>\u00dcsk\u00fcdar Mobilya Montaj Telefon<\/strong><\/span><\/a><\/p>\n<p style=\"text-align: center;\"><a title=\"Maltepe Mobilkya Montaj Telefon\" href=\"tel:\/\/+905548581312\" target=\"_blank\" rel=\"noopener\"><span style=\"font-size: 28px; color: #3366ff;\"><strong><span style=\"letter-spacing: normal; word-spacing: 0px;\">0554 858 1312<\/span><\/strong><\/span><\/a><\/p>\n<p style=\"text-align: center;\"><span style=\"font-size: 20px;\"><a title=\"Maltepe Mobilya Montaj\" href=\"tel:\/\/+905548581312\" target=\"_blank\" rel=\"noopener\"><span style=\"color: #3366ff;\"><strong>\u00dcsk\u00fcdar Mobilya Montaj <\/strong><\/span><\/a><a title=\"Maltepe Mobilya Montaj Telefon\" href=\"tel:\/\/+905548581312\" target=\"_blank\" rel=\"noopener\"><span style=\"color: #3366ff;\"><strong>Telefon<\/strong><\/span><\/a><\/span><\/p>\n<p style=\"text-align: center;\"><span style=\"font-size: 20px;\"><a title=\"Maltepe Mobilya Montaj Telefon\" href=\"tel:\/\/+905548581312\" target=\"_blank\" rel=\"noopener\"><span style=\"color: #3366ff;\"><strong>Hemen Ara<\/strong><\/span><\/a><\/span><\/p>\n<\/td>\n<\/tr>\n<\/tbody>\n<\/table>\n<h5 style=\"text-align: center;\">(( \u0130stanbul Anadolu Yakas\u0131 \u00dcsk\u00fcdar Mobilya Montaj Servisi ))<\/h5>\n\n\n<div class=\"kk-star-ratings kksr-auto kksr-align-left kksr-valign-bottom\"\n    data-payload='{&quot;align&quot;:&quot;left&quot;,&quot;id&quot;:&quot;537&quot;,&quot;slug&quot;:&quot;default&quot;,&quot;valign&quot;:&quot;bottom&quot;,&quot;ignore&quot;:&quot;&quot;,&quot;reference&quot;:&quot;auto&quot;,&quot;class&quot;:&quot;&quot;,&quot;count&quot;:&quot;8&quot;,&quot;legendonly&quot;:&quot;&quot;,&quot;readonly&quot;:&quot;&quot;,&quot;score&quot;:&quot;5&quot;,&quot;starsonly&quot;:&quot;&quot;,&quot;best&quot;:&quot;5&quot;,&quot;gap&quot;:&quot;5&quot;,&quot;greet&quot;:&quot;\u00dcsk\u00fcdar Marangoz \u2705&quot;,&quot;legend&quot;:&quot;\u00dcsk\u00fcdar Marangoz Ustas\u0131 \u2705 8&quot;,&quot;size&quot;:&quot;24&quot;,&quot;title&quot;:&quot;\u00dcsk\u00fcdar Mobilya Montaj&quot;,&quot;width&quot;:&quot;142.5&quot;,&quot;_legend&quot;:&quot;\u00dcsk\u00fcdar Marangoz Ustas\u0131 \u2705 {count}&quot;,&quot;font_factor&quot;:&quot;1.25&quot;}'>\n            \n<div class=\"kksr-stars\">\n    \n<div class=\"kksr-stars-inactive\">\n            <div class=\"kksr-star\" data-star=\"1\" style=\"padding-right: 5px\">\n            \n\n<div class=\"kksr-icon\" style=\"width: 24px; height: 24px;\"><\/div>\n        <\/div>\n            <div class=\"kksr-star\" data-star=\"2\" style=\"padding-right: 5px\">\n            \n\n<div class=\"kksr-icon\" style=\"width: 24px; height: 24px;\"><\/div>\n        <\/div>\n            <div class=\"kksr-star\" data-star=\"3\" style=\"padding-right: 5px\">\n            \n\n<div class=\"kksr-icon\" style=\"width: 24px; height: 24px;\"><\/div>\n        <\/div>\n            <div class=\"kksr-star\" data-star=\"4\" style=\"padding-right: 5px\">\n            \n\n<div class=\"kksr-icon\" style=\"width: 24px; height: 24px;\"><\/div>\n        <\/div>\n            <div class=\"kksr-star\" data-star=\"5\" style=\"padding-right: 5px\">\n            \n\n<div class=\"kksr-icon\" style=\"width: 24px; height: 24px;\"><\/div>\n        <\/div>\n    <\/div>\n    \n<div class=\"kksr-stars-active\" style=\"width: 142.5px;\">\n            <div class=\"kksr-star\" style=\"padding-right: 5px\">\n            \n\n<div class=\"kksr-icon\" style=\"width: 24px; height: 24px;\"><\/div>\n        <\/div>\n            <div class=\"kksr-star\" style=\"padding-right: 5px\">\n            \n\n<div class=\"kksr-icon\" style=\"width: 24px; height: 24px;\"><\/div>\n        <\/div>\n            <div class=\"kksr-star\" style=\"padding-right: 5px\">\n            \n\n<div class=\"kksr-icon\" style=\"width: 24px; height: 24px;\"><\/div>\n        <\/div>\n            <div class=\"kksr-star\" style=\"padding-right: 5px\">\n            \n\n<div class=\"kksr-icon\" style=\"width: 24px; height: 24px;\"><\/div>\n        <\/div>\n            <div class=\"kksr-star\" style=\"padding-right: 5px\">\n            \n\n<div class=\"kksr-icon\" style=\"width: 24px; height: 24px;\"><\/div>\n        <\/div>\n    <\/div>\n<\/div>\n                \n\n<div class=\"kksr-legend\" style=\"font-size: 19.2px;\">\n            \u00dcsk\u00fcdar Marangoz Ustas\u0131 \u2705 8    <\/div>\n    <\/div>\n","protected":false},"excerpt":{"rendered":"<p>\u00dcsk\u00fcdar Mobilya Montaj (( Mobilya Montaj Telefon 0554 858 1312 )) \u0130stanbul Anadolu Yakas\u0131 \u00dcsk\u00fcdar Mobilya Montaj&#8221; Esnek ve uygun fiyatl\u0131y\u0131z; m\u00fc\u015fteri odakl\u0131 yakla\u015f\u0131m\u0131m\u0131z, telefonla an\u0131nda ihtiyac\u0131n\u0131z oldu\u011funda mobilyalar\u0131n\u0131z\u0131 haz\u0131r hale getirmek i\u00e7in program\u0131n\u0131za g\u00f6re \u00e7al\u0131\u015faca\u011f\u0131z. Yetenekli ustalar\u0131m\u0131z tamamen i\u015f\u00e7ili\u011fimizin&#8230; <a class=\"di-continue-reading\" href=\"https:\/\/www.onlinemarangoz.com.tr\/Uskudar\/uskudar-mobilya-montaj\/\"> Continue Reading&#8230;<\/a><\/p>\n","protected":false},"author":1,"featured_media":0,"parent":0,"menu_order":4000,"comment_status":"closed","ping_status":"open","template":"","meta":{"footnotes":""},"categories":[1],"tags":[801],"class_list":["post-537","page","type-page","status-publish","hentry","category-uskudar-mobilya-tamir-montaj-servisi","tag-uskudar-mobilya-montaj"],"_links":{"self":[{"href":"https:\/\/www.onlinemarangoz.com.tr\/Uskudar\/wp-json\/wp\/v2\/pages\/537","targetHints":{"allow":["GET"]}}],"collection":[{"href":"https:\/\/www.onlinemarangoz.com.tr\/Uskudar\/wp-json\/wp\/v2\/pages"}],"about":[{"href":"https:\/\/www.onlinemarangoz.com.tr\/Uskudar\/wp-json\/wp\/v2\/types\/page"}],"author":[{"embeddable":true,"href":"https:\/\/www.onlinemarangoz.com.tr\/Uskudar\/wp-json\/wp\/v2\/users\/1"}],"replies":[{"embeddable":true,"href":"https:\/\/www.onlinemarangoz.com.tr\/Uskudar\/wp-json\/wp\/v2\/comments?post=537"}],"version-history":[{"count":0,"href":"https:\/\/www.onlinemarangoz.com.tr\/Uskudar\/wp-json\/wp\/v2\/pages\/537\/revisions"}],"wp:attachment":[{"href":"https:\/\/www.onlinemarangoz.com.tr\/Uskudar\/wp-json\/wp\/v2\/media?parent=537"}],"wp:term":[{"taxonomy":"category","embeddable":true,"href":"https:\/\/www.onlinemarangoz.com.tr\/Uskudar\/wp-json\/wp\/v2\/categories?post=537"},{"taxonomy":"post_tag","embeddable":true,"href":"https:\/\/www.onlinemarangoz.com.tr\/Uskudar\/wp-json\/wp\/v2\/tags?post=537"}],"curies":[{"name":"wp","href":"https:\/\/api.w.org\/{rel}","templated":true}]}}