{"id":692,"date":"2024-04-17T19:04:57","date_gmt":"2024-04-17T19:04:57","guid":{"rendered":"https:\/\/www.onlinemarangoz.com.tr\/Uskudar\/?page_id=692"},"modified":"2024-04-17T19:20:10","modified_gmt":"2024-04-17T19:20:10","slug":"uskudar-sandalye-tamiri","status":"publish","type":"page","link":"https:\/\/www.onlinemarangoz.com.tr\/Uskudar\/uskudar-sandalye-tamiri\/","title":{"rendered":"\u00dcsk\u00fcdar Sandalye Tamiri"},"content":{"rendered":"<p>\u00dcsk\u00fcdar Sandalye Tamiri&#8221; Sandalye Tamircisi Telefon&#8221; 0554 858 1312&#8221; \u0130stanbul Anadolu Yakas\u0131 \u00dcsk\u00fcdar Sandalye Tamiri&#8221; \u00dcsk\u00fcdar G\u0131c\u0131rdayan Sandalye Tamiri&#8221; \u00dcsk\u00fcdar K\u0131r\u0131k Sandalye Tamir Edilir&#8221; \u00dcsk\u00fcdar K\u0131r\u0131k Sandalye Aya\u011f\u0131 Tamiri&#8221; \u00dcsk\u00fcdar Ah\u015fap Sandalye Tamiri Yap\u0131l\u0131r&#8221; \u00dcsk\u00fcdar Sandalye Tamir Servisi&#8221; olarak bu sorunu her g\u00fcn \u00e7\u00f6z\u00fcyoruz. Ah\u015fap sandalyeyi onarmak yeni bir hayat vermenin harika bir yoludur. Gev\u015fek, \u00e7atlam\u0131\u015f veya ba\u015fka bir \u015fekilde hasar g\u00f6rm\u00fc\u015f mutfak ve yemek odas\u0131 sandalyeleri, eski tutkal kal\u0131nt\u0131lar\u0131n\u0131 par\u00e7alamak i\u00e7in elde buhar tabancas\u0131yla dikkatlice s\u00f6k\u00fclerek, ek yerleri temizlenerek, yeniden yap\u0131\u015ft\u0131r\u0131larak ve vidalanarak ve yenisinden daha iyi olacak \u015fekilde yeniden bir araya getirilerek yeni hale getirilir. <img fetchpriority=\"high\" decoding=\"async\" class=\"size-full wp-image-693 alignright\" src=\"https:\/\/www.onlinemarangoz.com.tr\/Uskudar\/wp-content\/uploads\/Uskudar-Sandalye-Tamiri.jpg\" alt=\"\" width=\"500\" height=\"250\" srcset=\"https:\/\/www.onlinemarangoz.com.tr\/Uskudar\/wp-content\/uploads\/Uskudar-Sandalye-Tamiri.jpg 500w, https:\/\/www.onlinemarangoz.com.tr\/Uskudar\/wp-content\/uploads\/Uskudar-Sandalye-Tamiri-300x150.jpg 300w\" sizes=\"(max-width: 500px) 100vw, 500px\" \/><\/p>\n<p>\u00dcsk\u00fcdar Sandalye Tamir Servisi&#8221; mizde yeni bir sandalye sat\u0131n almaktan daha d\u00fc\u015f\u00fck bir fiyata mutfa\u011f\u0131n\u0131z\u0131 veya yemek odan\u0131z\u0131 g\u00fczelle\u015ftirmek i\u00e7in Sadece benzersiz tarz\u0131n\u0131za uygun yeterli ve sadece sandalyeyi tamir etmekle kalmay\u0131p ayn\u0131 zamanda kurtarabiliriz.<\/p>\n<p>Sandalye Tamiri, i\u015fleminin tamamlanmas\u0131 yaln\u0131zca 3 ila 6 g\u00fcn s\u00fcrer size kolayl\u0131k sa\u011flamak i\u00e7in \u00e7al\u0131\u015fma program\u0131n\u0131z dahilinde \u00dcsk\u00fcdar Sandalye Tamiri&#8217; onar\u0131m hizmetlerimizin k\u0131r\u0131k sandalyelerinizi nas\u0131l yeniden canland\u0131rabilece\u011fini ve eski ihti\u015famlar\u0131na nas\u0131l geri getirebilece\u011fini ke\u015ffetmek i\u00e7in &#8221;<span style=\"color: #0000ff;\"><em><strong><a style=\"color: #0000ff;\" href=\"https:\/\/www.onlinemarangoz.com.tr\/sandalye-tamiri\/\" target=\"_blank\" rel=\"noopener\">\u00dcsk\u00fcdar Sandalye Tamiri&#8217;<\/a><\/strong><\/em><\/span>&#8216; onar\u0131m hizmetlerimiz hakk\u0131nda daha fazla bilgi i\u00e7in <span style=\"color: #ff0000; font-size: 16px;\"><strong><a style=\"color: #ff0000;\" href=\"tel:\/\/+905548581312\" target=\"_blank\" rel=\"noopener\">0554-858-13-12<\/a><\/strong><\/span> numaral\u0131 telefondan bizi aray\u0131n.<\/p>\n<h2 style=\"text-align: center;\">\u00dcsk\u00fcdar Sandalye Tamiri<\/h2>\n<p>Sandalyeyi De\u011fi\u015ftirmek veya Onarmak \u2013 i\u015fte b\u00fct\u00fcn mesele bu<\/p>\n<p>Birisinin \u201csallanan sandalyeye\u201d d\u00fc\u015f\u00fcp kendine zarar vermesinden endi\u015fe etti\u011finiz i\u00e7in ailenizle ge\u00e7irece\u011finiz tatiller ve bulu\u015fmalar y\u0131llar ge\u00e7tik\u00e7e k\u00fc\u00e7\u00fcld\u00fc m\u00fc? K\u0131r\u0131k Ah\u015fap sandalyeleri atmak tamamen yeni bir sandalye sat\u0131n almak aras\u0131nda m\u0131 kald\u0131n\u0131z? Birka\u00e7 gev\u015fek sandalye y\u00fcz\u00fcnden mevcut mobilyalar\u0131n\u0131za uyacak do\u011fru stili bulamad\u0131\u011f\u0131n\u0131zda yeni bir ah\u015fap sandalye tak\u0131m\u0131 i\u00e7in al\u0131\u015fveri\u015f yapmak sinir bozucu oldu mu?<img decoding=\"async\" class=\"alignleft wp-image-77\" src=\"https:\/\/www.onlinemarangoz.com.tr\/Uskudar\/wp-content\/uploads\/2023\/12\/Uskudar-Kirik-Sandalye-Tamircisi.jpg\" alt=\"\" width=\"202\" height=\"202\" srcset=\"https:\/\/www.onlinemarangoz.com.tr\/Uskudar\/wp-content\/uploads\/2023\/12\/Uskudar-Kirik-Sandalye-Tamircisi.jpg 300w, https:\/\/www.onlinemarangoz.com.tr\/Uskudar\/wp-content\/uploads\/2023\/12\/Uskudar-Kirik-Sandalye-Tamircisi-150x150.jpg 150w, https:\/\/www.onlinemarangoz.com.tr\/Uskudar\/wp-content\/uploads\/2023\/12\/Uskudar-Kirik-Sandalye-Tamircisi-90x90.jpg 90w\" sizes=\"(max-width: 202px) 100vw, 202px\" \/><\/p>\n<h3>\u00dcsk\u00fcdar Ah\u015fap Sandalye Tamiri Yap\u0131l\u0131r<\/h3>\n<p>\u00dcsk\u00fcdar Ah\u015fap Sandalye Tamiri Yap\u0131l\u0131r&#8221; Uzman zanaatkarlar\u0131m\u0131z\u0131n sandalyelerinize nas\u0131l bak\u0131m yapt\u0131\u011f\u0131n\u0131 ve onlar\u0131n i\u00e7indeki en iyiyi ortaya \u00e7\u0131karmak i\u00e7in sihirlerini nas\u0131l kulland\u0131klar\u0131n\u0131 g\u00f6r\u00fcnce heyecanlanacaks\u0131n\u0131z. Amac\u0131m\u0131z Ah\u015fap Sandalye Tamiri onar\u0131m ihtiya\u00e7lar\u0131n\u0131z\u0131 a\u015fan ve sonu\u00e7tan kesinlikle memnun kalman\u0131z\u0131 sa\u011flayan birinci s\u0131n\u0131f sonu\u00e7lar sunmakt\u0131r. Sandalye onar\u0131m hizmetlerimizin de\u011ferli demirba\u015flar\u0131n\u0131z\u0131 nas\u0131l yeniden canland\u0131rabilece\u011fini ve eski ihti\u015famlar\u0131na nas\u0131l geri getirebilece\u011fini ke\u015ffetmek i\u00e7in, Ah\u015fap K\u0131r\u0131k Sandalye Tamiri&#8221; K\u0131r\u0131k Sandalye Ayag\u0131 Tamiri&#8221; K\u0131r\u0131k Sandalye Bacag\u0131 Tamiri&#8221; K\u0131r\u0131k Sandalye Tamircisi&#8221; \u00dcsk\u00fcdar K\u0131r\u0131k Sandalye Tamiri&#8221; Tatil g\u00fcnleri hari\u00e7 Pazartesi&#8217;den Cumartesi&#8217;ye 09:00 &#8211; 20:00 saatleri aras\u0131nda Yard\u0131ma ihtiyac\u0131n\u0131z olursa herhangi bir sorunuz varsa bize Whatsapp <span style=\"font-size: 16px; color: #339966;\"><strong><a style=\"color: #339966;\" href=\"https:\/\/wa.me\/+905548581312\" target=\"_blank\" rel=\"noopener\">0554 858 1312<\/a><\/strong> <\/span>arac\u0131l\u0131\u011f\u0131yla veya<a href=\"tel:\/\/+905548581312\" target=\"_blank\" rel=\"noopener\"><span style=\"font-size: 16px;\"> <strong><span style=\"color: #ff0000;\">0554 858 1312<\/span><\/strong><\/span><\/a> numaral\u0131 telefondan t\u00fcm sorular\u0131n\u0131z\u0131 yan\u0131tlamaya ve ihtiya\u00e7lar\u0131n\u0131z i\u00e7in size m\u00fcmk\u00fcn olan en iyi \u00e7\u00f6z\u00fcm\u00fc sunmaya haz\u0131r\u0131z. \u00dcsk\u00fcdar Ah\u015fap Sandalye Tamiri, i\u00e7in bizi aray\u0131n..<img decoding=\"async\" class=\"alignright wp-image-696 size-full\" src=\"https:\/\/www.onlinemarangoz.com.tr\/Uskudar\/wp-content\/uploads\/Uskudar-Sandalye-Tamir-Servisi.jpg\" alt=\"\" width=\"201\" height=\"251\" \/><\/p>\n<h4 align=\"CENTER\">\u00dcsk\u00fcdar K\u0131r\u0131k Sandalye Aya\u011f\u0131 Tamiri<\/h4>\n<p style=\"text-align: center;\">\u00dcsk\u00fcdar K\u0131r\u0131k Sandalye Aya\u011f\u0131 Tamiri&#8221; onar\u0131m\u0131 yeni durumuna d\u00f6nd\u00fcrmek i\u00e7in yard\u0131m hizmeti, evdeki onar\u0131mlar i\u00e7in 12 saat hizmetinizdedir. Minib\u00fcs\u00fcm\u00fczde s\u0131kl\u0131kla yedek par\u00e7a bulunur. \u00dcsk\u00fcdar K\u0131r\u0131k Sandalye Aya\u011f\u0131 Tamiri&#8221; \u00dcsk\u00fcdar ve \u00e7evre b\u00f6lgelerde ayn\u0131 g\u00fcn veya ertesi g\u00fcn tamir ve bak\u0131m hizmetleri vermekteyiz. <span style=\"color: #0000ff;\"><strong><em><span style=\"font-size: 14px;\"><a style=\"color: #0000ff;\" href=\"https:\/\/www.onlinemarangoz.com.tr\/Uskudar\/uskudar-sandalye-tamiri\/\" target=\"_blank\" rel=\"noopener\">\u00dcsk\u00fcdar Sandalye Tamir Servisi<\/a><\/span><\/em><\/strong>&#8216;<\/span>&#8216; Deneyimli ve profesyonel kadromuz her marka ve model Sandalye tamirinde size yard\u0131mc\u0131 olmaya her zaman haz\u0131r\u0131z.<\/p>\n<h5>\u00dcsk\u00fcdar G\u0131c\u0131rdayan Sandalye Tamiri<\/h5>\n<p style=\"text-align: center;\">\u00dcsk\u00fcdar G\u0131c\u0131rdayan Sandalye Tamiri &#8216;nde a\u00e7\u0131k ileti\u015fime de\u011fer veriyoruz ve s\u00fcreci m\u00fc\u015fterilerimiz i\u00e7in m\u00fcmk\u00fcn oldu\u011funca kusursuz hale getirmeyi hedefliyoruz. \u0130ster bir sorunuz olsun, ister fiyat teklifi isteyin, ister olas\u0131 bir G\u0131c\u0131rdayan sandalye Sandalye Tamiri onar\u0131m, tart\u0131\u015fmak isteyin, a\u00e7\u0131k ve h\u0131zl\u0131 ileti\u015fim sa\u011flamaya kendimizi adad\u0131k.\u00a0\u00dcsk\u00fcdar G\u0131c\u0131rdayan Sandalye Tamiri&#8217; Tatil g\u00fcnleri hari\u00e7 Pazartesi&#8217;den Cumartesi&#8217;ye 09:00 &#8211; 20:00 saatleri aras\u0131nda Yard\u0131ma ihtiyac\u0131n\u0131z olursa herhangi bir sorunuz varsa bize Whatsapp 0554 858 1312 arac\u0131l\u0131\u011f\u0131yla veya 0554 858 1312 numaral\u0131 telefondan size m\u00fcmk\u00fcn olan en iyi \u00e7\u00f6z\u00fcm\u00fc sunmaya haz\u0131r\u0131z. <span style=\"color: #ff0000;\"><em><strong><a style=\"color: #ff0000;\" href=\"https:\/\/www.onlinemarangoz.com.tr\/Uskudar\/\" target=\"_blank\" rel=\"noopener\">\u00dcsk\u00fcdar G\u0131c\u0131rdayan Sandalye Tamiri<\/a><\/strong><\/em><\/span>, i\u00e7in bizi aray\u0131n.<\/p>\n<table style=\"border-collapse: collapse; width: 100%;\">\n<tbody>\n<tr>\n<td>\n<h5 style=\"text-align: center;\">\u00dcsk\u00fcdar Sandalye Tamiri Whatsapp<\/h5>\n<p style=\"text-align: center;\" align=\"CENTER\"><a href=\"https:\/\/wa.me\/+905548581312\" target=\"_blank\" rel=\"noopener\"><img loading=\"lazy\" decoding=\"async\" class=\"alignleft wp-image-422\" title=\"Sandalye Tamiri WhatSapp Hemen T\u0131kla Ara\" src=\"https:\/\/www.onlinemarangoz.com.tr\/Uskudar\/wp-content\/uploads\/Tezcan-Usta.png\" alt=\"Sandalye Tamiri WhatSapp Hemen T\u0131kla Ara\" width=\"100\" height=\"100\" srcset=\"https:\/\/www.onlinemarangoz.com.tr\/Uskudar\/wp-content\/uploads\/Tezcan-Usta.png 512w, https:\/\/www.onlinemarangoz.com.tr\/Uskudar\/wp-content\/uploads\/Tezcan-Usta-300x300.png 300w, https:\/\/www.onlinemarangoz.com.tr\/Uskudar\/wp-content\/uploads\/Tezcan-Usta-150x150.png 150w, https:\/\/www.onlinemarangoz.com.tr\/Uskudar\/wp-content\/uploads\/Tezcan-Usta-90x90.png 90w\" sizes=\"(max-width: 100px) 100vw, 100px\" \/><\/a>\u00dcsk\u00fcdar Sandalye Tamiri Whatsapp&#8221; Tatil g\u00fcnleri hari\u00e7 Pazartesi&#8217;den Cumartesi&#8217;ye 09:00 &#8211; 20:00 saatleri aras\u0131nda Yard\u0131ma ihtiyac\u0131n\u0131z olursa herhangi bir sorunuz varsa bize Whatsapp <span style=\"color: #339966;\"><strong><a style=\"color: #339966;\" href=\"https:\/\/wa.me\/+905548581312\" target=\"_blank\" rel=\"noopener\">0554 858 1312<\/a><\/strong><\/span> arac\u0131l\u0131\u011f\u0131yla size her konuda yard\u0131mc\u0131 olabiliriz.<\/p>\n<p style=\"text-align: center;\" align=\"CENTER\"><span style=\"font-size: 24px;\"><strong><a href=\"https:\/\/wa.me\/+905548581312\" target=\"_blank\" rel=\"noopener\">0554 858 1312<\/a><\/strong><\/span><\/p>\n<p style=\"text-align: center;\" align=\"CENTER\"><strong><span style=\"color: #99cc00;\"><span style=\"font-size: 24px;\"><a style=\"color: #99cc00;\" href=\"https:\/\/wa.me\/+905548581312\" target=\"_blank\" rel=\"noopener\">Whatsapp T\u0131kla Ara<\/a><\/span><\/span><\/strong><\/p>\n<\/td>\n<td style=\"width: 50%;\">\n<h6 style=\"text-align: center;\">\u00dcsk\u00fcdar Sandalye Tamiri Telefon<\/h6>\n<p style=\"text-align: center;\" align=\"CENTER\"><a href=\"tel:\/\/+905548581312\" target=\"_blank\" rel=\"noopener\"><img loading=\"lazy\" decoding=\"async\" class=\"alignright wp-image-540 size-full\" src=\"https:\/\/www.onlinemarangoz.com.tr\/Uskudar\/wp-content\/uploads\/Uskudar-Mobilya-Montaj-Telefon.jpg\" alt=\"\" width=\"120\" height=\"120\" srcset=\"https:\/\/www.onlinemarangoz.com.tr\/Uskudar\/wp-content\/uploads\/Uskudar-Mobilya-Montaj-Telefon.jpg 120w, https:\/\/www.onlinemarangoz.com.tr\/Uskudar\/wp-content\/uploads\/Uskudar-Mobilya-Montaj-Telefon-90x90.jpg 90w\" sizes=\"(max-width: 120px) 100vw, 120px\" \/><\/a>\u00a0\u00dcsk\u00fcdar Sandalye Tamiri Telefon&#8221; Tatil g\u00fcnleri hari\u00e7 Pazartesi&#8217;den Cumartesi&#8217;ye 09:00 &#8211; 20:00 saatleri aras\u0131nda Yard\u0131ma ihtiyac\u0131n\u0131z olursa herhangi bir sorunuz varsa bize &#8221;<a href=\"tel:\/\/+905548581312\" target=\"_blank\" rel=\"noopener\"><strong>0554 858 1312<\/strong><\/a> numaral\u0131 telefondan size her konuda yard\u0131mc\u0131 olabiliriz.<\/p>\n<p style=\"text-align: center;\" align=\"CENTER\"><strong><span style=\"font-size: 24px;\"><a href=\"tel:\/\/+905548581312\" target=\"_blank\" rel=\"noopener\">0554 858 1312<\/a><\/span><\/strong><\/p>\n<p style=\"text-align: center;\" align=\"CENTER\"><span style=\"color: #ff0000;\"><strong><span style=\"font-size: 24px;\"><a style=\"color: #ff0000;\" href=\"tel:\/\/+905548581312\" target=\"_blank\" rel=\"noopener\">Telefon T\u0131kla Ara<\/a><\/span><\/strong><\/span><\/p>\n<\/td>\n<\/tr>\n<\/tbody>\n<\/table>\n<h3 style=\"text-align: center;\">\u00dcsk\u00fcdar Sandalye Tamir Servisi<\/h3>\n<p align=\"CENTER\">Her t\u00fcr ah\u015fap sandalyenin kendine \u00f6zg\u00fc yap\u0131sal sorunlar\u0131 vard\u0131r. Gev\u015femi\u015f ve k\u0131r\u0131lm\u0131\u015f sandalye par\u00e7alar\u0131n\u0131 tamir ediyoruz.<\/p>\n<p><marquee onmouseover=\"this.stop()\" onmouseout=\"this.start()\"width=\"1000\" height=\"50\" direction=\"horizontal\" scrollamount=\"3\"scrolldelay=\"60\" loop=\"99999\">\u25c4 Tezcan Usta \u00dcsk\u00fcdar Sandalye Tamircisi 0554 858 1312 \u25b7 \u00dcsk\u00fcdar Sandalye Tamiri \u25b7 \u00dcsk\u00fcdar Sandalye Tamir Servisi \u25b7 \u00dcsk\u00fcdar G\u0131c\u0131rdayan Sandalye Tamiri \u25b7 \u00dcsk\u00fcdar K\u0131r\u0131k Sandalye Tamir Edilir \u25b7 \u00dcsk\u00fcdar K\u0131r\u0131k Sandalye Aya\u011f\u0131 Tamiri \u25b7 \u00dcsk\u00fcdar Ah\u015fap Sandalye Tamiri Yap\u0131l\u0131r \u25b7 \u00dcsk\u00fcdar Sandalye Tamiri \u25b7 \u00dcsk\u00fcdar K\u0131r\u0131k Sandalye Tamiri \u25b7 \u00dcsk\u00fcdar Ah\u015fap Sandalye Tamiri \u25b7 \u00dcsk\u00fcdar Tahta Sandalye Tamiri \u25b7 \u00dcsk\u00fcdar Sandalye Tamir Servisi \u25b7 \u00dcsk\u00fcdar K\u0131r\u0131k Sandalye Ayag\u0131 Tamiri \u25b7 \u00dcsk\u00fcdar Sandalye Tamircisi \u25b7 \u00dcsk\u00fcdar Sallanan Sandalye Tamiri \u25b7 \u00dcsk\u00fcdar Sallanan K\u0131r\u0131k Sandalye Tamiri <\/marquee><\/p>\n\n\n<div class=\"kk-star-ratings kksr-auto kksr-align-left kksr-valign-bottom\"\n    data-payload='{&quot;align&quot;:&quot;left&quot;,&quot;id&quot;:&quot;692&quot;,&quot;slug&quot;:&quot;default&quot;,&quot;valign&quot;:&quot;bottom&quot;,&quot;ignore&quot;:&quot;&quot;,&quot;reference&quot;:&quot;auto&quot;,&quot;class&quot;:&quot;&quot;,&quot;count&quot;:&quot;10&quot;,&quot;legendonly&quot;:&quot;&quot;,&quot;readonly&quot;:&quot;&quot;,&quot;score&quot;:&quot;5&quot;,&quot;starsonly&quot;:&quot;&quot;,&quot;best&quot;:&quot;5&quot;,&quot;gap&quot;:&quot;5&quot;,&quot;greet&quot;:&quot;\u00dcsk\u00fcdar Marangoz \u2705&quot;,&quot;legend&quot;:&quot;\u00dcsk\u00fcdar Marangoz Ustas\u0131 \u2705 10&quot;,&quot;size&quot;:&quot;24&quot;,&quot;title&quot;:&quot;\u00dcsk\u00fcdar Sandalye Tamiri&quot;,&quot;width&quot;:&quot;142.5&quot;,&quot;_legend&quot;:&quot;\u00dcsk\u00fcdar Marangoz Ustas\u0131 \u2705 {count}&quot;,&quot;font_factor&quot;:&quot;1.25&quot;}'>\n            \n<div class=\"kksr-stars\">\n    \n<div class=\"kksr-stars-inactive\">\n            <div class=\"kksr-star\" data-star=\"1\" style=\"padding-right: 5px\">\n            \n\n<div class=\"kksr-icon\" style=\"width: 24px; height: 24px;\"><\/div>\n        <\/div>\n            <div class=\"kksr-star\" data-star=\"2\" style=\"padding-right: 5px\">\n            \n\n<div class=\"kksr-icon\" style=\"width: 24px; height: 24px;\"><\/div>\n        <\/div>\n            <div class=\"kksr-star\" data-star=\"3\" style=\"padding-right: 5px\">\n            \n\n<div class=\"kksr-icon\" style=\"width: 24px; height: 24px;\"><\/div>\n        <\/div>\n            <div class=\"kksr-star\" data-star=\"4\" style=\"padding-right: 5px\">\n            \n\n<div class=\"kksr-icon\" style=\"width: 24px; height: 24px;\"><\/div>\n        <\/div>\n            <div class=\"kksr-star\" data-star=\"5\" style=\"padding-right: 5px\">\n            \n\n<div class=\"kksr-icon\" style=\"width: 24px; height: 24px;\"><\/div>\n        <\/div>\n    <\/div>\n    \n<div class=\"kksr-stars-active\" style=\"width: 142.5px;\">\n            <div class=\"kksr-star\" style=\"padding-right: 5px\">\n            \n\n<div class=\"kksr-icon\" style=\"width: 24px; height: 24px;\"><\/div>\n        <\/div>\n            <div class=\"kksr-star\" style=\"padding-right: 5px\">\n            \n\n<div class=\"kksr-icon\" style=\"width: 24px; height: 24px;\"><\/div>\n        <\/div>\n            <div class=\"kksr-star\" style=\"padding-right: 5px\">\n            \n\n<div class=\"kksr-icon\" style=\"width: 24px; height: 24px;\"><\/div>\n        <\/div>\n            <div class=\"kksr-star\" style=\"padding-right: 5px\">\n            \n\n<div class=\"kksr-icon\" style=\"width: 24px; height: 24px;\"><\/div>\n        <\/div>\n            <div class=\"kksr-star\" style=\"padding-right: 5px\">\n            \n\n<div class=\"kksr-icon\" style=\"width: 24px; height: 24px;\"><\/div>\n        <\/div>\n    <\/div>\n<\/div>\n                \n\n<div class=\"kksr-legend\" style=\"font-size: 19.2px;\">\n            \u00dcsk\u00fcdar Marangoz Ustas\u0131 \u2705 10    <\/div>\n    <\/div>\n","protected":false},"excerpt":{"rendered":"<p>\u00dcsk\u00fcdar Sandalye Tamiri&#8221; Sandalye Tamircisi Telefon&#8221; 0554 858 1312&#8221; \u0130stanbul Anadolu Yakas\u0131 \u00dcsk\u00fcdar Sandalye Tamiri&#8221; \u00dcsk\u00fcdar G\u0131c\u0131rdayan Sandalye Tamiri&#8221; \u00dcsk\u00fcdar K\u0131r\u0131k Sandalye Tamir Edilir&#8221; \u00dcsk\u00fcdar K\u0131r\u0131k Sandalye Aya\u011f\u0131 Tamiri&#8221; \u00dcsk\u00fcdar Ah\u015fap Sandalye Tamiri Yap\u0131l\u0131r&#8221; \u00dcsk\u00fcdar Sandalye Tamir Servisi&#8221; olarak bu&#8230; <a class=\"di-continue-reading\" href=\"https:\/\/www.onlinemarangoz.com.tr\/Uskudar\/uskudar-sandalye-tamiri\/\"> Continue Reading&#8230;<\/a><\/p>\n","protected":false},"author":1,"featured_media":0,"parent":0,"menu_order":5000,"comment_status":"closed","ping_status":"closed","template":"","meta":{"footnotes":""},"categories":[1],"tags":[1021,1018,1020,1019,1017,1016],"class_list":["post-692","page","type-page","status-publish","hentry","category-uskudar-mobilya-tamir-montaj-servisi","tag-uskudar-ahsap-sandalye-tamiri-yapilir","tag-uskudar-gicirdayan-sandalye-tamiri","tag-uskudar-kirik-sandalye-ayagi-tamiri","tag-uskudar-kirik-sandalye-tamir-edilir","tag-uskudar-sandalye-tamir-servisi","tag-uskudar-sandalye-tamiri"],"_links":{"self":[{"href":"https:\/\/www.onlinemarangoz.com.tr\/Uskudar\/wp-json\/wp\/v2\/pages\/692","targetHints":{"allow":["GET"]}}],"collection":[{"href":"https:\/\/www.onlinemarangoz.com.tr\/Uskudar\/wp-json\/wp\/v2\/pages"}],"about":[{"href":"https:\/\/www.onlinemarangoz.com.tr\/Uskudar\/wp-json\/wp\/v2\/types\/page"}],"author":[{"embeddable":true,"href":"https:\/\/www.onlinemarangoz.com.tr\/Uskudar\/wp-json\/wp\/v2\/users\/1"}],"replies":[{"embeddable":true,"href":"https:\/\/www.onlinemarangoz.com.tr\/Uskudar\/wp-json\/wp\/v2\/comments?post=692"}],"version-history":[{"count":0,"href":"https:\/\/www.onlinemarangoz.com.tr\/Uskudar\/wp-json\/wp\/v2\/pages\/692\/revisions"}],"wp:attachment":[{"href":"https:\/\/www.onlinemarangoz.com.tr\/Uskudar\/wp-json\/wp\/v2\/media?parent=692"}],"wp:term":[{"taxonomy":"category","embeddable":true,"href":"https:\/\/www.onlinemarangoz.com.tr\/Uskudar\/wp-json\/wp\/v2\/categories?post=692"},{"taxonomy":"post_tag","embeddable":true,"href":"https:\/\/www.onlinemarangoz.com.tr\/Uskudar\/wp-json\/wp\/v2\/tags?post=692"}],"curies":[{"name":"wp","href":"https:\/\/api.w.org\/{rel}","templated":true}]}}